{"id":810,"date":"2024-10-13T10:00:39","date_gmt":"2024-10-13T10:00:39","guid":{"rendered":"https:\/\/frcs-research.com\/?post_type=product&#038;p=810"},"modified":"2026-04-15T12:13:17","modified_gmt":"2026-04-15T12:13:17","slug":"acheter-cloud-9-liquide-k2","status":"publish","type":"product","link":"https:\/\/frcs-research.com\/fr\/product\/acheter-cloud-9-liquide-k2\/","title":{"rendered":"Spray liquide K2 Cloud 9"},"content":{"rendered":"<h1><strong>Achetez le spray liquide K2 Cloud 9 en ligne \u2013 Spray aux \u00e9pices K2 de qualit\u00e9 sup\u00e9rieure en vente chez FRCSResearch<\/strong><\/h1>\n<p>Vous recherchez une exp\u00e9rience K2 fluide et puissante ? <strong>Spray liquide K2 Cloud 9<\/strong> est l&#039;un des meilleurs choix parmi les utilisateurs de K2, offrant un high puissant et alt\u00e9rant l&#039;esprit que vous ne trouverez nulle part ailleurs. <strong>FRCSRecherche<\/strong>, tu peux <strong>acheter le spray liquide K2 de Cloud 9<\/strong> en ligne en toute confiance, sachant que vous obtenez la meilleure qualit\u00e9 <strong>Spray aux \u00e9pices K2<\/strong> disponible. Que vous soyez un utilisateur exp\u00e9riment\u00e9 ou nouveau dans le monde de <strong>Produits K2<\/strong>Cloud 9 offre un effet euphorisant et durable, \u00e0 la fois agr\u00e9able et relaxant.<\/p>\n<hr \/>\n<h3>Pourquoi acheter le spray liquide K2 de Cloud 9\u00a0?<\/h3>\n<p><strong>Spray liquide K2 Cloud 9<\/strong> se distingue comme l&#039;un des plus populaires <strong>Sprays aux \u00e9pices K2<\/strong> pour sa puissance \u00e9lev\u00e9e et son exp\u00e9rience \u00e9quilibr\u00e9e. Ce produit offre un m\u00e9lange unique d&#039;effets, ce qui en fait un favori parmi ceux qui cherchent \u00e0 atteindre un \u00e9tat calme mais euphorique. Lorsque vous <strong>acheter le spray Cloud 9 K2 en ligne<\/strong>, vous obtenez un produit qui offre :<\/p>\n<ul>\n<li><strong>Potentiel \u00e9quilibr\u00e9<\/strong>:Assez fort pour offrir un high profond et immersif, mais suffisamment doux pour une exp\u00e9rience plus d\u00e9tendue.<\/li>\n<li><strong>Effets durables<\/strong>:Les effets de <strong>Spray K2 Cloud 9<\/strong> durent des heures, vous assurant de tirer le meilleur parti de chaque utilisation.<\/li>\n<li><strong>Utilisation polyvalente<\/strong>:Parfait pour une utilisation sur <strong>Papier K2<\/strong> ou en compl\u00e9ment de vos favoris <a href=\"https:\/\/frcs-research.com\/fr\/product-category\/cannabinoides-synthetiques\/epices-et-k2\/\"><strong>encens aux herbes<\/strong><\/a>.<\/li>\n<li><strong>Qualit\u00e9 sup\u00e9rieure<\/strong>:Nous nous approvisionnons uniquement en produits de la plus haute qualit\u00e9 <strong>\u00c9pice K2<\/strong> produits, vous assurant d&#039;obtenir le meilleur <strong>Spray K2<\/strong> sur le march\u00e9.<\/li>\n<\/ul>\n<hr \/>\n<h3>Spray liquide K2 Cloud 9 \u00e0 vendre \u2013 Un produit de confiance<\/h3>\n<p>Quand il s&#039;agit de <strong>acheter du spray aux \u00e9pices K2 en ligne<\/strong>, <strong>Spray liquide K2 Cloud 9<\/strong> est l&#039;un des produits les plus fiables disponibles. Connu pour sa puissance constante et ses effets doux, il est parfait \u00e0 la fois pour la relaxation et pour un high \u00e9lev\u00e9. Ce produit polyvalent peut \u00eatre vaporis\u00e9 sur <strong>encens aux herbes<\/strong>, <strong>Papier K2<\/strong>, ou utilis\u00e9 seul pour une exp\u00e9rience puissante.<\/p>\n<p><strong>Caract\u00e9ristiques du spray liquide K2 Cloud 9<\/strong>:<\/p>\n<ul>\n<li>L&#039;un des <strong>les sprays K2 les plus populaires<\/strong> \u00e0 vendre<\/li>\n<li>Facile \u00e0 utiliser sur <strong>Papier infus\u00e9 K2<\/strong> ou <strong>encens aux herbes<\/strong><\/li>\n<li>Procure un high calme et euphorique<\/li>\n<li>Test\u00e9 en laboratoire pour la s\u00e9curit\u00e9 et la puissance<\/li>\n<\/ul>\n<hr \/>\n<h3>Pourquoi acheter chez FRCSResearch ?<\/h3>\n<p>\u00c0 <strong>FRCSRecherche<\/strong>, nous nous engageons \u00e0 fournir la meilleure qualit\u00e9 <strong>Sprays aux \u00e9pices K2<\/strong> \u00e0 vendre, y compris <strong>Spray liquide K2 Cloud 9<\/strong>. Quand tu <strong>acheter du spray K2 en ligne<\/strong> de notre part, vous pouvez vous attendre \u00e0 :<\/p>\n<ul>\n<li><strong>Produits de qualit\u00e9 sup\u00e9rieure<\/strong>:Nos produits K2, y compris <strong>Spray Cloud 9<\/strong>, sont test\u00e9s pour leur puret\u00e9 et leur puissance afin de vous garantir la meilleure exp\u00e9rience.<\/li>\n<li><strong>Exp\u00e9dition discr\u00e8te et rapide<\/strong>:Votre vie priv\u00e9e est notre priorit\u00e9. Nous offrons une exp\u00e9dition s\u00e9curis\u00e9e et discr\u00e8te sur toutes les commandes.<\/li>\n<li><strong>Des prix abordables<\/strong>: Vous recherchez les meilleures offres ? Nous vous proposons <strong>Spray K2 Cloud 9<\/strong> \u00e0 des prix comp\u00e9titifs sans compromis sur la qualit\u00e9.<\/li>\n<\/ul>\n<hr \/>\n<h3>Comment utiliser le spray liquide K2 de Cloud 9<\/h3>\n<p>En utilisant <strong>Spray liquide K2 Cloud 9<\/strong> est simple et pratique. Que vous l&#039;appliquiez \u00e0 <strong>Papier K2<\/strong> ou en l&#039;ajoutant \u00e0 <strong>encens aux herbes<\/strong>, une petite quantit\u00e9 suffit \u00e0 produire les effets d\u00e9sir\u00e9s. Cela en fait une option tr\u00e8s efficace et rentable pour ceux qui recherchent un high fort et fiable.<\/p>\n<hr \/>\n<h3>O\u00f9 acheter le spray liquide K2 Cloud 9 en ligne ?<\/h3>\n<p>Si vous cherchez o\u00f9 <strong>acheter Cloud 9 Liquid K2 Spray<\/strong>, ne cherchez pas plus loin que <strong>FRCSRecherche<\/strong>Nous facilitons l&#039;achat de ce produit populaire <strong>Spray aux \u00e9pices K2<\/strong> en ligne, offrant une livraison rapide et des options de paiement s\u00e9curis\u00e9es. De plus, tous nos produits sont test\u00e9s pour garantir qu&#039;ils r\u00e9pondent aux normes de qualit\u00e9 les plus \u00e9lev\u00e9es.<\/p>\n<hr \/>\n<h3>Achetez le spray liquide K2 Cloud 9 d\u00e8s aujourd&#039;hui\u00a0!<\/h3>\n<p>Pr\u00eat \u00e0 am\u00e9liorer votre exp\u00e9rience K2 ? <strong>Achetez le spray liquide K2 de Cloud 9<\/strong> depuis <strong>FRCSRecherche<\/strong> aujourd&#039;hui et profitez de l&#039;un des meilleurs <strong>Sprays aux \u00e9pices K2<\/strong> disponible. Que vous soyez un utilisateur fr\u00e9quent ou que vous d\u00e9butiez, vous adorerez les effets doux et euphorisants qui <strong>Nuage 9<\/strong> Commandez maintenant pour une livraison rapide et discr\u00e8te et des prix imbattables !<\/p>\n<hr \/>\n<p><strong>Mots cl\u00e9s int\u00e9gr\u00e9s<\/strong>:<\/p>\n<ul>\n<li>Achetez le spray Cloud 9 Liquid K2 en ligne,<\/li>\n<li>Spray Cloud 9 K2 \u00e0 vendre,<\/li>\n<li>Le spray aux \u00e9pices K2 le plus puissant,<\/li>\n<li>O\u00f9 acheter le spray Cloud 9 K2,<\/li>\n<li>Spray liquide K2 Cloud 9,<\/li>\n<li>Spray aux \u00e9pices K2 en ligne,<\/li>\n<li>Spray K2 sur papier,<\/li>\n<li>Encens aux herbes K2,<\/li>\n<\/ul>","protected":false},"excerpt":{"rendered":"<p>Buy Cloud 9 Liquid K2 Spray Online \u2013 Premium K2 Spice Spray for Sale at FRCSResearch Looking for a smooth and powerful K2 experience? Cloud 9 Liquid K2 Spray is&hellip;<\/p>\n<p class=\"product woocommerce add_to_cart_inline\" style=\"border:4px solid #ccc; padding: 12px;\"><del aria-hidden=\"true\"><span class=\"woocommerce-Price-amount amount\"><bdi><span class=\"woocommerce-Price-currencySymbol\">&euro;<\/span>270.00<\/bdi><\/span><\/del> <span class=\"screen-reader-text\" data-no-translation=\"\" data-trp-gettext=\"\">Le prix d&#039;origine \u00e9tait : &euro;270.00.<\/span><ins aria-hidden=\"true\"><span class=\"woocommerce-Price-amount amount\"><bdi><span class=\"woocommerce-Price-currencySymbol\">&euro;<\/span>250.00<\/bdi><\/span><\/ins><span class=\"screen-reader-text\" data-no-translation=\"\" data-trp-gettext=\"\">Le prix actuel est : &euro;250.00.<\/span><a href=\"\/fr\/wp-json\/wp\/v2\/product\/810?add-to-cart=810\" aria-describedby=\"woocommerce_loop_add_to_cart_link_describedby_810\" data-quantity=\"1\" class=\"button product_type_simple add_to_cart_button ajax_add_to_cart\" data-product_id=\"810\" data-product_sku=\"\" aria-label=\"Ajouter au panier\u00a0: \u201cCloud 9 Liquid K2 Spray\u201d\" rel=\"nofollow\" data-success_message=\"\u00ab\u00a0Cloud 9 Liquid K2 Spray\u00a0\u00bb a \u00e9t\u00e9 ajout\u00e9 \u00e0 votre panier\" data-no-translation=\"\" data-trp-gettext=\"\" data-no-translation-aria-label=\"\" data-no-translation-data-success_message=\"\">Ajouter au panier<\/a>\t<span id=\"woocommerce_loop_add_to_cart_link_describedby_810\" class=\"screen-reader-text\"><br \/>\n\t\t\t<\/span><\/p>","protected":false},"featured_media":811,"comment_status":"open","ping_status":"closed","template":"","meta":{"_uag_custom_page_level_css":""},"product_brand":[],"product_cat":[124],"product_tag":[125,126,129,132,130,131,127,128],"class_list":{"0":"post-810","1":"product","2":"type-product","3":"status-publish","4":"has-post-thumbnail","6":"product_cat-spice-and-k2","7":"product_tag-buy-cloud-9-liquid-k2-spray-online","8":"product_tag-cloud-9-k2-spray-for-sale","9":"product_tag-cloud-9-liquid-k2-spray","10":"product_tag-k2-herbal-incense","11":"product_tag-k2-spice-spray-online","12":"product_tag-k2-spray-on-paper","13":"product_tag-strongest-k2-spice-spray","14":"product_tag-where-to-buy-cloud-9-k2-spray","16":"first","17":"instock","18":"sale","19":"shipping-taxable","20":"purchasable","21":"product-type-simple"},"yoast_head":"<!-- This site is optimized with the Yoast SEO plugin v27.1.1 - https:\/\/yoast.com\/product\/yoast-seo-wordpress\/ -->\n<title>Buy Cloud 9 Liquid K2 Spray for sale Online \u2013 Buy K2 Spice Spray<\/title>\n<meta name=\"description\" content=\"Purchase Cloud 9 Liquid K2 Spray online at FRCSResearch. Experience the smooth, potent effects of this top-rated K2 spice spray.\" \/>\n<meta name=\"robots\" content=\"index, follow, max-snippet:-1, max-image-preview:large, max-video-preview:-1\" \/>\n<link rel=\"canonical\" href=\"https:\/\/frcs-research.com\/fr\/product\/acheter-cloud-9-liquide-k2\/\" \/>\n<meta property=\"og:locale\" content=\"fr_FR\" \/>\n<meta property=\"og:type\" content=\"article\" \/>\n<meta property=\"og:title\" content=\"Buy Cloud 9 Liquid K2 Spray for sale Online \u2013 Buy K2 Spice Spray\" \/>\n<meta property=\"og:description\" content=\"Purchase Cloud 9 Liquid K2 Spray online at FRCSResearch. Experience the smooth, potent effects of this top-rated K2 spice spray.\" \/>\n<meta property=\"og:url\" content=\"https:\/\/frcs-research.com\/fr\/product\/acheter-cloud-9-liquide-k2\/\" \/>\n<meta property=\"og:site_name\" content=\"wholesale supplier of research chemicals, 4mmc, 3mmc, MDPHP, Alpha PVP and more\" \/>\n<meta property=\"article:modified_time\" content=\"2026-04-15T12:13:17+00:00\" \/>\n<meta property=\"og:image\" content=\"https:\/\/frcs-research.com\/wp-content\/uploads\/2024\/10\/Magical-quick-dry-200ml-potion-gallery_2_1.webp\" \/>\n\t<meta property=\"og:image:width\" content=\"900\" \/>\n\t<meta property=\"og:image:height\" content=\"1000\" \/>\n\t<meta property=\"og:image:type\" content=\"image\/webp\" \/>\n<meta name=\"twitter:card\" content=\"summary_large_image\" \/>\n<meta name=\"twitter:label1\" content=\"Prix\" \/>\n\t<meta name=\"twitter:data1\" content=\"&euro;250.00\" \/>\n\t<meta name=\"twitter:label2\" content=\"Disponibilit\u00e9\" \/>\n\t<meta name=\"twitter:data2\" content=\"En stock\" \/>\n<script type=\"application\/ld+json\" class=\"yoast-schema-graph\">{\"@context\":\"https:\/\/schema.org\",\"@graph\":[{\"@type\":[\"WebPage\",\"ItemPage\"],\"@id\":\"https:\/\/frcs-research.com\/product\/buy-cloud-9-liquid-k2\/\",\"url\":\"https:\/\/frcs-research.com\/product\/buy-cloud-9-liquid-k2\/\",\"name\":\"Buy Cloud 9 Liquid K2 Spray for sale Online \u2013 Buy K2 Spice Spray\",\"isPartOf\":{\"@id\":\"https:\/\/frcs-research.com\/#website\"},\"primaryImageOfPage\":{\"@id\":\"https:\/\/frcs-research.com\/product\/buy-cloud-9-liquid-k2\/#primaryimage\"},\"image\":{\"@id\":\"https:\/\/frcs-research.com\/product\/buy-cloud-9-liquid-k2\/#primaryimage\"},\"thumbnailUrl\":\"https:\/\/frcs-research.com\/wp-content\/uploads\/2024\/10\/Magical-quick-dry-200ml-potion-gallery_2_1.webp\",\"datePublished\":\"2024-10-13T10:00:39+00:00\",\"dateModified\":\"2026-04-15T12:13:17+00:00\",\"description\":\"Purchase Cloud 9 Liquid K2 Spray online at FRCSResearch. Experience the smooth, potent effects of this top-rated K2 spice spray.\",\"breadcrumb\":{\"@id\":\"https:\/\/frcs-research.com\/product\/buy-cloud-9-liquid-k2\/#breadcrumb\"},\"inLanguage\":\"fr-FR\",\"potentialAction\":[{\"@type\":\"ReadAction\",\"target\":[\"https:\/\/frcs-research.com\/product\/buy-cloud-9-liquid-k2\/\"]}]},{\"@type\":\"ImageObject\",\"inLanguage\":\"fr-FR\",\"@id\":\"https:\/\/frcs-research.com\/product\/buy-cloud-9-liquid-k2\/#primaryimage\",\"url\":\"https:\/\/frcs-research.com\/wp-content\/uploads\/2024\/10\/Magical-quick-dry-200ml-potion-gallery_2_1.webp\",\"contentUrl\":\"https:\/\/frcs-research.com\/wp-content\/uploads\/2024\/10\/Magical-quick-dry-200ml-potion-gallery_2_1.webp\",\"width\":900,\"height\":1000,\"caption\":\"Cloud 9 Liquid K2 Spray\"},{\"@type\":\"BreadcrumbList\",\"@id\":\"https:\/\/frcs-research.com\/product\/buy-cloud-9-liquid-k2\/#breadcrumb\",\"itemListElement\":[{\"@type\":\"ListItem\",\"position\":1,\"name\":\"Home\",\"item\":\"https:\/\/frcs-research.com\/\"},{\"@type\":\"ListItem\",\"position\":2,\"name\":\"Shop\",\"item\":\"https:\/\/frcs-research.com\/shop\/\"},{\"@type\":\"ListItem\",\"position\":3,\"name\":\"Cloud 9 Liquid K2 Spray\"}]},{\"@type\":\"WebSite\",\"@id\":\"https:\/\/frcs-research.com\/#website\",\"url\":\"https:\/\/frcs-research.com\/\",\"name\":\"wholesale supplier of research chemicals, 4mmc, 3mmc, MDPHP, Alpha PVP and more\",\"description\":\"Wholesale research chemicals\",\"potentialAction\":[{\"@type\":\"SearchAction\",\"target\":{\"@type\":\"EntryPoint\",\"urlTemplate\":\"https:\/\/frcs-research.com\/?s={search_term_string}\"},\"query-input\":{\"@type\":\"PropertyValueSpecification\",\"valueRequired\":true,\"valueName\":\"search_term_string\"}}],\"inLanguage\":\"fr-FR\"}]}<\/script>\n<meta property=\"product:price:amount\" content=\"250.00\" \/>\n<meta property=\"product:price:currency\" content=\"EUR\" \/>\n<meta property=\"og:availability\" content=\"instock\" \/>\n<meta property=\"product:availability\" content=\"instock\" \/>\n<meta property=\"product:condition\" content=\"new\" \/>\n<!-- \/ Yoast SEO plugin. -->","yoast_head_json":{"title":"Achetez le spray liquide K2 Cloud 9 en vente en ligne \u2013 Achetez le spray aux \u00e9pices K2","description":"Achetez le spray liquide K2 Cloud 9 en ligne sur FRCSResearch. D\u00e9couvrez les effets doux et puissants de ce spray \u00e9pic\u00e9 K2 de premier ordre.","robots":{"index":"index","follow":"follow","max-snippet":"max-snippet:-1","max-image-preview":"max-image-preview:large","max-video-preview":"max-video-preview:-1"},"canonical":"https:\/\/frcs-research.com\/fr\/product\/acheter-cloud-9-liquide-k2\/","og_locale":"fr_FR","og_type":"article","og_title":"Buy Cloud 9 Liquid K2 Spray for sale Online \u2013 Buy K2 Spice Spray","og_description":"Purchase Cloud 9 Liquid K2 Spray online at FRCSResearch. Experience the smooth, potent effects of this top-rated K2 spice spray.","og_url":"https:\/\/frcs-research.com\/fr\/product\/acheter-cloud-9-liquide-k2\/","og_site_name":"wholesale supplier of research chemicals, 4mmc, 3mmc, MDPHP, Alpha PVP and more","article_modified_time":"2026-04-15T12:13:17+00:00","og_image":[{"width":900,"height":1000,"url":"https:\/\/frcs-research.com\/wp-content\/uploads\/2024\/10\/Magical-quick-dry-200ml-potion-gallery_2_1.webp","type":"image\/webp"}],"twitter_card":"summary_large_image","twitter_misc":{"Prix":"&euro;250.00","Disponibilit\u00e9":"En stock"},"schema":{"@context":"https:\/\/schema.org","@graph":[{"@type":["WebPage","ItemPage"],"@id":"https:\/\/frcs-research.com\/product\/buy-cloud-9-liquid-k2\/","url":"https:\/\/frcs-research.com\/product\/buy-cloud-9-liquid-k2\/","name":"Achetez le spray liquide K2 Cloud 9 en vente en ligne \u2013 Achetez le spray aux \u00e9pices K2","isPartOf":{"@id":"https:\/\/frcs-research.com\/#website"},"primaryImageOfPage":{"@id":"https:\/\/frcs-research.com\/product\/buy-cloud-9-liquid-k2\/#primaryimage"},"image":{"@id":"https:\/\/frcs-research.com\/product\/buy-cloud-9-liquid-k2\/#primaryimage"},"thumbnailUrl":"https:\/\/frcs-research.com\/wp-content\/uploads\/2024\/10\/Magical-quick-dry-200ml-potion-gallery_2_1.webp","datePublished":"2024-10-13T10:00:39+00:00","dateModified":"2026-04-15T12:13:17+00:00","description":"Achetez le spray liquide K2 Cloud 9 en ligne sur FRCSResearch. D\u00e9couvrez les effets doux et puissants de ce spray \u00e9pic\u00e9 K2 de premier ordre.","breadcrumb":{"@id":"https:\/\/frcs-research.com\/product\/buy-cloud-9-liquid-k2\/#breadcrumb"},"inLanguage":"fr-FR","potentialAction":[{"@type":"ReadAction","target":["https:\/\/frcs-research.com\/product\/buy-cloud-9-liquid-k2\/"]}]},{"@type":"ImageObject","inLanguage":"fr-FR","@id":"https:\/\/frcs-research.com\/product\/buy-cloud-9-liquid-k2\/#primaryimage","url":"https:\/\/frcs-research.com\/wp-content\/uploads\/2024\/10\/Magical-quick-dry-200ml-potion-gallery_2_1.webp","contentUrl":"https:\/\/frcs-research.com\/wp-content\/uploads\/2024\/10\/Magical-quick-dry-200ml-potion-gallery_2_1.webp","width":900,"height":1000,"caption":"Cloud 9 Liquid K2 Spray"},{"@type":"BreadcrumbList","@id":"https:\/\/frcs-research.com\/product\/buy-cloud-9-liquid-k2\/#breadcrumb","itemListElement":[{"@type":"ListItem","position":1,"name":"Home","item":"https:\/\/frcs-research.com\/"},{"@type":"ListItem","position":2,"name":"Shop","item":"https:\/\/frcs-research.com\/shop\/"},{"@type":"ListItem","position":3,"name":"Cloud 9 Liquid K2 Spray"}]},{"@type":"WebSite","@id":"https:\/\/frcs-research.com\/#website","url":"https:\/\/frcs-research.com\/","name":"fournisseur en gros de produits chimiques de recherche, 4mmc, 3mmc, MDPHP, Alpha PVP et plus","description":"Vente en gros de produits chimiques de recherche","potentialAction":[{"@type":"SearchAction","target":{"@type":"EntryPoint","urlTemplate":"https:\/\/frcs-research.com\/?s={search_term_string}"},"query-input":{"@type":"PropertyValueSpecification","valueRequired":true,"valueName":"search_term_string"}}],"inLanguage":"fr-FR"}]},"product_price_amount":"250.00","product_price_currency":"EUR","og_availability":"instock","product_availability":"instock","product_condition":"new"},"uagb_featured_image_src":{"full":["https:\/\/frcs-research.com\/wp-content\/uploads\/2024\/10\/Magical-quick-dry-200ml-potion-gallery_2_1.webp",900,1000,false],"thumbnail":["https:\/\/frcs-research.com\/wp-content\/uploads\/2024\/10\/Magical-quick-dry-200ml-potion-gallery_2_1-150x150.webp",150,150,true],"medium":["https:\/\/frcs-research.com\/wp-content\/uploads\/2024\/10\/Magical-quick-dry-200ml-potion-gallery_2_1-270x300.webp",270,300,true],"medium_large":["https:\/\/frcs-research.com\/wp-content\/uploads\/2024\/10\/Magical-quick-dry-200ml-potion-gallery_2_1-768x853.webp",768,853,true],"large":["https:\/\/frcs-research.com\/wp-content\/uploads\/2024\/10\/Magical-quick-dry-200ml-potion-gallery_2_1.webp",900,1000,false],"1536x1536":["https:\/\/frcs-research.com\/wp-content\/uploads\/2024\/10\/Magical-quick-dry-200ml-potion-gallery_2_1.webp",900,1000,false],"2048x2048":["https:\/\/frcs-research.com\/wp-content\/uploads\/2024\/10\/Magical-quick-dry-200ml-potion-gallery_2_1.webp",900,1000,false],"trp-custom-language-flag":["https:\/\/frcs-research.com\/wp-content\/uploads\/2024\/10\/Magical-quick-dry-200ml-potion-gallery_2_1.webp",11,12,false],"post-thumbnail":["https:\/\/frcs-research.com\/wp-content\/uploads\/2024\/10\/Magical-quick-dry-200ml-potion-gallery_2_1.webp",558,620,false],"elite-commerce-slider":["https:\/\/frcs-research.com\/wp-content\/uploads\/2024\/10\/Magical-quick-dry-200ml-potion-gallery_2_1.webp",900,1000,false],"elite-commerce-hero":["https:\/\/frcs-research.com\/wp-content\/uploads\/2024\/10\/Magical-quick-dry-200ml-potion-gallery_2_1.webp",585,650,false],"elite-commerce-portfolio":["https:\/\/frcs-research.com\/wp-content\/uploads\/2024\/10\/Magical-quick-dry-200ml-potion-gallery_2_1.webp",400,444,false],"woocommerce_thumbnail":["https:\/\/frcs-research.com\/wp-content\/uploads\/2024\/10\/Magical-quick-dry-200ml-potion-gallery_2_1-300x300.webp",300,300,true],"woocommerce_single":["https:\/\/frcs-research.com\/wp-content\/uploads\/2024\/10\/Magical-quick-dry-200ml-potion-gallery_2_1-600x667.webp",600,667,true],"woocommerce_gallery_thumbnail":["https:\/\/frcs-research.com\/wp-content\/uploads\/2024\/10\/Magical-quick-dry-200ml-potion-gallery_2_1-100x100.webp",100,100,true]},"uagb_author_info":{"display_name":"Richard Wood","author_link":"https:\/\/frcs-research.com\/fr\/author\/"},"uagb_comment_info":742,"uagb_excerpt":"Buy Cloud 9 Liquid K2 Spray Online \u2013 Premium K2 Spice Spray for Sale at FRCSResearch Looking for a smooth and powerful K2 experience? Cloud 9 Liquid K2 Spray is&hellip;&euro;270.00 Le prix d&#039;origine \u00e9tait : &euro;270.00.&euro;250.00Le prix actuel est : &euro;250.00.Ajouter au panier","_links":{"self":[{"href":"https:\/\/frcs-research.com\/fr\/wp-json\/wp\/v2\/product\/810","targetHints":{"allow":["GET"]}}],"collection":[{"href":"https:\/\/frcs-research.com\/fr\/wp-json\/wp\/v2\/product"}],"about":[{"href":"https:\/\/frcs-research.com\/fr\/wp-json\/wp\/v2\/types\/product"}],"replies":[{"embeddable":true,"href":"https:\/\/frcs-research.com\/fr\/wp-json\/wp\/v2\/comments?post=810"}],"wp:featuredmedia":[{"embeddable":true,"href":"https:\/\/frcs-research.com\/fr\/wp-json\/wp\/v2\/media\/811"}],"wp:attachment":[{"href":"https:\/\/frcs-research.com\/fr\/wp-json\/wp\/v2\/media?parent=810"}],"wp:term":[{"taxonomy":"product_brand","embeddable":true,"href":"https:\/\/frcs-research.com\/fr\/wp-json\/wp\/v2\/product_brand?post=810"},{"taxonomy":"product_cat","embeddable":true,"href":"https:\/\/frcs-research.com\/fr\/wp-json\/wp\/v2\/product_cat?post=810"},{"taxonomy":"product_tag","embeddable":true,"href":"https:\/\/frcs-research.com\/fr\/wp-json\/wp\/v2\/product_tag?post=810"}],"curies":[{"name":"wp","href":"https:\/\/api.w.org\/{rel}","templated":true}]}}