{"id":812,"date":"2024-10-13T10:07:47","date_gmt":"2024-10-13T10:07:47","guid":{"rendered":"https:\/\/frcs-research.com\/?post_type=product&#038;p=812"},"modified":"2026-04-04T10:42:41","modified_gmt":"2026-04-04T10:42:41","slug":"ak-47-k2-aerosol","status":"publish","type":"product","link":"https:\/\/frcs-research.com\/fr\/product\/ak-47-k2-aerosol\/","title":{"rendered":"AK-47 K2 Spray 20ml"},"content":{"rendered":"<h1><strong>Achetez le spray AK-47 K2 en ligne \u2013 D\u00e9couvrez la puissance du spray aux \u00e9pices K2 le plus puissant chez FRCSResearch<\/strong><\/h1>\n<p>Si vous recherchez une exp\u00e9rience K2 intense et puissante, <strong>A\u00e9rosol AK-47 K2<\/strong> est le produit qu&#039;il vous faut ! Connu pour sa grande puissance et ses effets exceptionnels, l&#039;AK-47 est l&#039;un des produits les plus recherch\u00e9s <strong>Sprays aux \u00e9pices K2<\/strong> sur le march\u00e9. \u00c0 <strong>FRCSRecherche<\/strong>, nous vous offrons la possibilit\u00e9 de <strong>acheter un spray AK-47 K2 en ligne<\/strong>, vous assurant ainsi d&#039;avoir acc\u00e8s \u00e0 des produits de qualit\u00e9 sup\u00e9rieure qui offrent les r\u00e9sultats que vous recherchez.<\/p>\n<hr \/>\n<h3>Pourquoi choisir le spray AK-47 K2 ?<\/h3>\n<p><strong>A\u00e9rosol AK-47 K2<\/strong> est r\u00e9put\u00e9 pour ses effets puissants, ce qui en fait un favori parmi les amateurs de K2. Que vous soyez un utilisateur exp\u00e9riment\u00e9 ou que vous essayiez le K2 pour la premi\u00e8re fois, ce produit garantit une exp\u00e9rience puissante et m\u00e9morable. Voici ce qui fait <strong>A\u00e9rosol AK-47 K2<\/strong> ressortir:<\/p>\n<ul>\n<li><strong>Puissance intense<\/strong>:Connu pour ses niveaux \u00e9lev\u00e9s de puissance, le spray K2 AK-47 offre l&#039;un des effets les plus forts disponibles sur le march\u00e9 du K2.<\/li>\n<li><strong>Effets durables<\/strong>:Profitez d&#039;heures d&#039;euphorie et de d\u00e9tente que procure ce spray K2 de qualit\u00e9 sup\u00e9rieure.<\/li>\n<li><strong>Utilisation polyvalente<\/strong>:Parfait pour pulv\u00e9riser sur <strong>Papier infus\u00e9 K2<\/strong> ou comme produit autonome pour des effets imm\u00e9diats.<\/li>\n<li><strong>Assurance qualit\u00e9<\/strong>:Nos produits K2, y compris l&#039;AK-47, sont test\u00e9s en laboratoire pour garantir qu&#039;ils r\u00e9pondent aux normes de s\u00e9curit\u00e9 et de qualit\u00e9 les plus \u00e9lev\u00e9es.<\/li>\n<\/ul>\n<hr \/>\n<h3>Caract\u00e9ristiques du spray AK-47 K2<\/h3>\n<p>Quand tu <strong>acheter un spray AK-47 K2 en ligne<\/strong>, vous obtenez un produit qui offre :<\/p>\n<ul>\n<li><strong>Application facile<\/strong>:Le format spray permet une application simple sur du papier ou d&#039;autres produits \u00e0 base de plantes.<\/li>\n<li><strong>Exp\u00e9rience puissante<\/strong>:Les utilisateurs rapportent des sentiments intenses d\u2019euphorie et de relaxation, ce qui le rend id\u00e9al pour se d\u00e9tendre apr\u00e8s une longue journ\u00e9e.<\/li>\n<li><strong>Marque de confiance<\/strong>:AK-47 est un nom reconnu dans la communaut\u00e9 K2, connu pour sa coh\u00e9rence et sa qualit\u00e9.<\/li>\n<\/ul>\n<hr \/>\n<h3>O\u00f9 acheter le spray AK-47 K2 en ligne ?<\/h3>\n<p>Vous pouvez facilement <strong>acheter un spray AK-47 K2<\/strong> depuis <strong>FRCSRecherche<\/strong>, votre source en ligne de confiance pour les produits K2 de haute qualit\u00e9. Notre site Web offre une exp\u00e9rience d&#039;achat simple, vous permettant de parcourir notre vaste s\u00e9lection de <a href=\"https:\/\/frcs-research.com\/fr\/product-category\/cannabinoides-synthetiques\/epices-et-k2\/\"><strong>Sprays aux \u00e9pices K2<\/strong><\/a> et effectuez votre achat en toute s\u00e9curit\u00e9.<\/p>\n<p>\u00c0 <strong>FRCSRecherche<\/strong>, nous priorisons la satisfaction client en offrant :<\/p>\n<ul>\n<li><strong>Exp\u00e9dition discr\u00e8te<\/strong>:Votre vie priv\u00e9e est importante pour nous. Toutes les commandes sont exp\u00e9di\u00e9es de mani\u00e8re s\u00e9curis\u00e9e et discr\u00e8te.<\/li>\n<li><strong>Prix comp\u00e9titifs<\/strong>:Nous proposons les meilleurs prix pour les produits K2 de haute qualit\u00e9, vous garantissant ainsi le meilleur rapport qualit\u00e9-prix.<\/li>\n<li><strong>Livraison rapide<\/strong>: B\u00e9n\u00e9ficiez de d\u00e9lais de livraison rapides afin de pouvoir commencer votre exp\u00e9rience K2 le plus rapidement possible.<\/li>\n<\/ul>\n<hr \/>\n<h3>Comment utiliser le spray AK-47 K2<\/h3>\n<p>En utilisant <strong>A\u00e9rosol AK-47 K2<\/strong> est simple. Il suffit de vaporiser une petite quantit\u00e9 sur votre <strong>Papier K2<\/strong> ou le produit \u00e0 base de plantes souhait\u00e9, et attendez quelques instants que les effets se fassent sentir. Une petite quantit\u00e9 suffit, ce qui en fait une option rentable pour ceux qui cherchent \u00e0 explorer l&#039;exp\u00e9rience K2.<\/p>\n<hr \/>\n<h3>Achetez le spray AK-47 K2 aujourd&#039;hui\u00a0!<\/h3>\n<p>Ne manquez pas l\u2019opportunit\u00e9 d\u2019am\u00e9liorer votre exp\u00e9rience K2. <strong>Achetez le spray AK-47 K2 en ligne<\/strong> depuis <strong>FRCSRecherche<\/strong> aujourd&#039;hui et d\u00e9couvrez pourquoi ce produit puissant est un favori parmi les utilisateurs de K2. Avec une exp\u00e9dition rapide et discr\u00e8te et une qualit\u00e9 imbattable, vous pouvez nous faire confiance pour vous offrir le meilleur <strong>Sprays aux \u00e9pices K2<\/strong> disponible.<\/p>\n<p>Commandez maintenant et d\u00e9couvrez les puissants effets de <strong>A\u00e9rosol AK-47 K2<\/strong>!<\/p>\n<hr \/>\n<p><strong>Mots cl\u00e9s int\u00e9gr\u00e9s<\/strong>:<\/p>\n<ul>\n<li>Achetez le spray AK-47 K2 en ligne<\/li>\n<li>A\u00e9rosol AK-47 K2 \u00e0 vendre<\/li>\n<li>Le spray aux \u00e9pices K2 le plus puissant<\/li>\n<li>Spray K2 sur papier<\/li>\n<li>O\u00f9 acheter le spray AK-47 K2<\/li>\n<li>Spray aux \u00e9pices K2 en ligne<\/li>\n<li>Produits K2 de qualit\u00e9 sup\u00e9rieure<\/li>\n<\/ul>","protected":false},"excerpt":{"rendered":"<p>Buy AK-47 K2 Spray Online \u2013 Experience the Potency of the Strongest K2 Spice Spray at FRCSResearch If you\u2019re looking for an intense and powerful K2 experience, AK-47 K2 Spray&hellip;<\/p>\n<p class=\"product woocommerce add_to_cart_inline\" style=\"border:4px solid #ccc; padding: 12px;\"><del aria-hidden=\"true\"><span class=\"woocommerce-Price-amount amount\"><bdi><span class=\"woocommerce-Price-currencySymbol\">&euro;<\/span>90.00<\/bdi><\/span><\/del> <span class=\"screen-reader-text\" data-no-translation=\"\" data-trp-gettext=\"\">Le prix d&#039;origine \u00e9tait : &euro;90.00.<\/span><ins aria-hidden=\"true\"><span class=\"woocommerce-Price-amount amount\"><bdi><span class=\"woocommerce-Price-currencySymbol\">&euro;<\/span>80.00<\/bdi><\/span><\/ins><span class=\"screen-reader-text\" data-no-translation=\"\" data-trp-gettext=\"\">Le prix actuel est : &euro;80.00.<\/span><a href=\"\/fr\/wp-json\/wp\/v2\/product\/812?add-to-cart=812\" aria-describedby=\"woocommerce_loop_add_to_cart_link_describedby_812\" data-quantity=\"1\" class=\"button product_type_simple add_to_cart_button ajax_add_to_cart\" data-product_id=\"812\" data-product_sku=\"\" aria-label=\"Ajouter au panier\u00a0: \u201cAK-47 K2 Spray 20ml\u201d\" rel=\"nofollow\" data-success_message=\"\u00ab\u00a0AK-47 K2 Spray 20ml\u00a0\u00bb a \u00e9t\u00e9 ajout\u00e9 \u00e0 votre panier\" data-no-translation=\"\" data-trp-gettext=\"\" data-no-translation-aria-label=\"\" data-no-translation-data-success_message=\"\">Ajouter au panier<\/a>\t<span id=\"woocommerce_loop_add_to_cart_link_describedby_812\" class=\"screen-reader-text\"><br \/>\n\t\t\t<\/span><\/p>","protected":false},"featured_media":813,"comment_status":"open","ping_status":"closed","template":"","meta":{"_uag_custom_page_level_css":""},"product_brand":[],"product_cat":[124],"product_tag":[],"class_list":{"0":"post-812","1":"product","2":"type-product","3":"status-publish","4":"has-post-thumbnail","6":"product_cat-spice-and-k2","8":"first","9":"instock","10":"sale","11":"shipping-taxable","12":"purchasable","13":"product-type-simple"},"yoast_head":"<!-- This site is optimized with the Yoast SEO plugin v27.1.1 - https:\/\/yoast.com\/product\/yoast-seo-wordpress\/ -->\n<title>Buy AK-47 K2 Spray Online \u2013 Strongest K2 Spice Spray for Sale<\/title>\n<meta name=\"description\" content=\"Buy AK-47 K2 Spray online at FRCSResearch. Experience intense potency and long-lasting effects from this top-rated K2 spice spray.\" \/>\n<meta name=\"robots\" content=\"index, follow, max-snippet:-1, max-image-preview:large, max-video-preview:-1\" \/>\n<link rel=\"canonical\" href=\"https:\/\/frcs-research.com\/fr\/product\/ak-47-k2-aerosol\/\" \/>\n<meta property=\"og:locale\" content=\"fr_FR\" \/>\n<meta property=\"og:type\" content=\"article\" \/>\n<meta property=\"og:title\" content=\"Buy AK-47 K2 Spray Online \u2013 Strongest K2 Spice Spray for Sale\" \/>\n<meta property=\"og:description\" content=\"Buy AK-47 K2 Spray online at FRCSResearch. Experience intense potency and long-lasting effects from this top-rated K2 spice spray.\" \/>\n<meta property=\"og:url\" content=\"https:\/\/frcs-research.com\/fr\/product\/ak-47-k2-aerosol\/\" \/>\n<meta property=\"og:site_name\" content=\"wholesale supplier of research chemicals, 4mmc, 3mmc, MDPHP, Alpha PVP and more\" \/>\n<meta property=\"article:modified_time\" content=\"2026-04-04T10:42:41+00:00\" \/>\n<meta property=\"og:image\" content=\"https:\/\/frcs-research.com\/wp-content\/uploads\/2024\/10\/terpenes-e-liquid-ak-47.jpg\" \/>\n\t<meta property=\"og:image:width\" content=\"250\" \/>\n\t<meta property=\"og:image:height\" content=\"250\" \/>\n\t<meta property=\"og:image:type\" content=\"image\/jpeg\" \/>\n<meta name=\"twitter:card\" content=\"summary_large_image\" \/>\n<meta name=\"twitter:label1\" content=\"Prix\" \/>\n\t<meta name=\"twitter:data1\" content=\"&euro;80.00\" \/>\n\t<meta name=\"twitter:label2\" content=\"Disponibilit\u00e9\" \/>\n\t<meta name=\"twitter:data2\" content=\"En stock\" \/>\n<script type=\"application\/ld+json\" class=\"yoast-schema-graph\">{\"@context\":\"https:\/\/schema.org\",\"@graph\":[{\"@type\":[\"WebPage\",\"ItemPage\"],\"@id\":\"https:\/\/frcs-research.com\/product\/ak-47-k2-spray\/\",\"url\":\"https:\/\/frcs-research.com\/product\/ak-47-k2-spray\/\",\"name\":\"Buy AK-47 K2 Spray Online \u2013 Strongest K2 Spice Spray for Sale\",\"isPartOf\":{\"@id\":\"https:\/\/frcs-research.com\/#website\"},\"primaryImageOfPage\":{\"@id\":\"https:\/\/frcs-research.com\/product\/ak-47-k2-spray\/#primaryimage\"},\"image\":{\"@id\":\"https:\/\/frcs-research.com\/product\/ak-47-k2-spray\/#primaryimage\"},\"thumbnailUrl\":\"https:\/\/frcs-research.com\/wp-content\/uploads\/2024\/10\/terpenes-e-liquid-ak-47.jpg\",\"datePublished\":\"2024-10-13T10:07:47+00:00\",\"dateModified\":\"2026-04-04T10:42:41+00:00\",\"description\":\"Buy AK-47 K2 Spray online at FRCSResearch. Experience intense potency and long-lasting effects from this top-rated K2 spice spray.\",\"breadcrumb\":{\"@id\":\"https:\/\/frcs-research.com\/product\/ak-47-k2-spray\/#breadcrumb\"},\"inLanguage\":\"fr-FR\",\"potentialAction\":[{\"@type\":\"ReadAction\",\"target\":[\"https:\/\/frcs-research.com\/product\/ak-47-k2-spray\/\"]}]},{\"@type\":\"ImageObject\",\"inLanguage\":\"fr-FR\",\"@id\":\"https:\/\/frcs-research.com\/product\/ak-47-k2-spray\/#primaryimage\",\"url\":\"https:\/\/frcs-research.com\/wp-content\/uploads\/2024\/10\/terpenes-e-liquid-ak-47.jpg\",\"contentUrl\":\"https:\/\/frcs-research.com\/wp-content\/uploads\/2024\/10\/terpenes-e-liquid-ak-47.jpg\",\"width\":250,\"height\":250,\"caption\":\"Buy AK-47 K2 Spray Online\"},{\"@type\":\"BreadcrumbList\",\"@id\":\"https:\/\/frcs-research.com\/product\/ak-47-k2-spray\/#breadcrumb\",\"itemListElement\":[{\"@type\":\"ListItem\",\"position\":1,\"name\":\"Home\",\"item\":\"https:\/\/frcs-research.com\/\"},{\"@type\":\"ListItem\",\"position\":2,\"name\":\"Shop\",\"item\":\"https:\/\/frcs-research.com\/shop\/\"},{\"@type\":\"ListItem\",\"position\":3,\"name\":\"AK-47 K2 Spray 20ml\"}]},{\"@type\":\"WebSite\",\"@id\":\"https:\/\/frcs-research.com\/#website\",\"url\":\"https:\/\/frcs-research.com\/\",\"name\":\"wholesale supplier of research chemicals, 4mmc, 3mmc, MDPHP, Alpha PVP and more\",\"description\":\"Wholesale research chemicals\",\"potentialAction\":[{\"@type\":\"SearchAction\",\"target\":{\"@type\":\"EntryPoint\",\"urlTemplate\":\"https:\/\/frcs-research.com\/?s={search_term_string}\"},\"query-input\":{\"@type\":\"PropertyValueSpecification\",\"valueRequired\":true,\"valueName\":\"search_term_string\"}}],\"inLanguage\":\"fr-FR\"}]}<\/script>\n<meta property=\"product:price:amount\" content=\"80.00\" \/>\n<meta property=\"product:price:currency\" content=\"EUR\" \/>\n<meta property=\"og:availability\" content=\"instock\" \/>\n<meta property=\"product:availability\" content=\"instock\" \/>\n<meta property=\"product:condition\" content=\"new\" \/>\n<!-- \/ Yoast SEO plugin. -->","yoast_head_json":{"title":"Achetez le spray AK-47 K2 en ligne \u2013 Le spray aux \u00e9pices K2 le plus puissant en vente","description":"Achetez le spray AK-47 K2 en ligne sur FRCSResearch. D\u00e9couvrez la puissance intense et les effets durables de ce spray aux \u00e9pices K2 de premier ordre.","robots":{"index":"index","follow":"follow","max-snippet":"max-snippet:-1","max-image-preview":"max-image-preview:large","max-video-preview":"max-video-preview:-1"},"canonical":"https:\/\/frcs-research.com\/fr\/product\/ak-47-k2-aerosol\/","og_locale":"fr_FR","og_type":"article","og_title":"Buy AK-47 K2 Spray Online \u2013 Strongest K2 Spice Spray for Sale","og_description":"Buy AK-47 K2 Spray online at FRCSResearch. Experience intense potency and long-lasting effects from this top-rated K2 spice spray.","og_url":"https:\/\/frcs-research.com\/fr\/product\/ak-47-k2-aerosol\/","og_site_name":"wholesale supplier of research chemicals, 4mmc, 3mmc, MDPHP, Alpha PVP and more","article_modified_time":"2026-04-04T10:42:41+00:00","og_image":[{"width":250,"height":250,"url":"https:\/\/frcs-research.com\/wp-content\/uploads\/2024\/10\/terpenes-e-liquid-ak-47.jpg","type":"image\/jpeg"}],"twitter_card":"summary_large_image","twitter_misc":{"Prix":"&euro;80.00","Disponibilit\u00e9":"En stock"},"schema":{"@context":"https:\/\/schema.org","@graph":[{"@type":["WebPage","ItemPage"],"@id":"https:\/\/frcs-research.com\/product\/ak-47-k2-spray\/","url":"https:\/\/frcs-research.com\/product\/ak-47-k2-spray\/","name":"Achetez le spray AK-47 K2 en ligne \u2013 Le spray aux \u00e9pices K2 le plus puissant en vente","isPartOf":{"@id":"https:\/\/frcs-research.com\/#website"},"primaryImageOfPage":{"@id":"https:\/\/frcs-research.com\/product\/ak-47-k2-spray\/#primaryimage"},"image":{"@id":"https:\/\/frcs-research.com\/product\/ak-47-k2-spray\/#primaryimage"},"thumbnailUrl":"https:\/\/frcs-research.com\/wp-content\/uploads\/2024\/10\/terpenes-e-liquid-ak-47.jpg","datePublished":"2024-10-13T10:07:47+00:00","dateModified":"2026-04-04T10:42:41+00:00","description":"Achetez le spray AK-47 K2 en ligne sur FRCSResearch. D\u00e9couvrez la puissance intense et les effets durables de ce spray aux \u00e9pices K2 de premier ordre.","breadcrumb":{"@id":"https:\/\/frcs-research.com\/product\/ak-47-k2-spray\/#breadcrumb"},"inLanguage":"fr-FR","potentialAction":[{"@type":"ReadAction","target":["https:\/\/frcs-research.com\/product\/ak-47-k2-spray\/"]}]},{"@type":"ImageObject","inLanguage":"fr-FR","@id":"https:\/\/frcs-research.com\/product\/ak-47-k2-spray\/#primaryimage","url":"https:\/\/frcs-research.com\/wp-content\/uploads\/2024\/10\/terpenes-e-liquid-ak-47.jpg","contentUrl":"https:\/\/frcs-research.com\/wp-content\/uploads\/2024\/10\/terpenes-e-liquid-ak-47.jpg","width":250,"height":250,"caption":"Buy AK-47 K2 Spray Online"},{"@type":"BreadcrumbList","@id":"https:\/\/frcs-research.com\/product\/ak-47-k2-spray\/#breadcrumb","itemListElement":[{"@type":"ListItem","position":1,"name":"Home","item":"https:\/\/frcs-research.com\/"},{"@type":"ListItem","position":2,"name":"Shop","item":"https:\/\/frcs-research.com\/shop\/"},{"@type":"ListItem","position":3,"name":"AK-47 K2 Spray 20ml"}]},{"@type":"WebSite","@id":"https:\/\/frcs-research.com\/#website","url":"https:\/\/frcs-research.com\/","name":"fournisseur en gros de produits chimiques de recherche, 4mmc, 3mmc, MDPHP, Alpha PVP et plus","description":"Vente en gros de produits chimiques de recherche","potentialAction":[{"@type":"SearchAction","target":{"@type":"EntryPoint","urlTemplate":"https:\/\/frcs-research.com\/?s={search_term_string}"},"query-input":{"@type":"PropertyValueSpecification","valueRequired":true,"valueName":"search_term_string"}}],"inLanguage":"fr-FR"}]},"product_price_amount":"80.00","product_price_currency":"EUR","og_availability":"instock","product_availability":"instock","product_condition":"new"},"uagb_featured_image_src":{"full":["https:\/\/frcs-research.com\/wp-content\/uploads\/2024\/10\/terpenes-e-liquid-ak-47.jpg",250,250,false],"thumbnail":["https:\/\/frcs-research.com\/wp-content\/uploads\/2024\/10\/terpenes-e-liquid-ak-47-150x150.jpg",150,150,true],"medium":["https:\/\/frcs-research.com\/wp-content\/uploads\/2024\/10\/terpenes-e-liquid-ak-47.jpg",250,250,false],"medium_large":["https:\/\/frcs-research.com\/wp-content\/uploads\/2024\/10\/terpenes-e-liquid-ak-47.jpg",250,250,false],"large":["https:\/\/frcs-research.com\/wp-content\/uploads\/2024\/10\/terpenes-e-liquid-ak-47.jpg",250,250,false],"1536x1536":["https:\/\/frcs-research.com\/wp-content\/uploads\/2024\/10\/terpenes-e-liquid-ak-47.jpg",250,250,false],"2048x2048":["https:\/\/frcs-research.com\/wp-content\/uploads\/2024\/10\/terpenes-e-liquid-ak-47.jpg",250,250,false],"trp-custom-language-flag":["https:\/\/frcs-research.com\/wp-content\/uploads\/2024\/10\/terpenes-e-liquid-ak-47.jpg",12,12,false],"post-thumbnail":["https:\/\/frcs-research.com\/wp-content\/uploads\/2024\/10\/terpenes-e-liquid-ak-47.jpg",250,250,false],"elite-commerce-slider":["https:\/\/frcs-research.com\/wp-content\/uploads\/2024\/10\/terpenes-e-liquid-ak-47.jpg",250,250,false],"elite-commerce-hero":["https:\/\/frcs-research.com\/wp-content\/uploads\/2024\/10\/terpenes-e-liquid-ak-47.jpg",250,250,false],"elite-commerce-portfolio":["https:\/\/frcs-research.com\/wp-content\/uploads\/2024\/10\/terpenes-e-liquid-ak-47.jpg",250,250,false],"woocommerce_thumbnail":["https:\/\/frcs-research.com\/wp-content\/uploads\/2024\/10\/terpenes-e-liquid-ak-47.jpg",250,250,false],"woocommerce_single":["https:\/\/frcs-research.com\/wp-content\/uploads\/2024\/10\/terpenes-e-liquid-ak-47.jpg",250,250,false],"woocommerce_gallery_thumbnail":["https:\/\/frcs-research.com\/wp-content\/uploads\/2024\/10\/terpenes-e-liquid-ak-47-100x100.jpg",100,100,true]},"uagb_author_info":{"display_name":"Richard Wood","author_link":"https:\/\/frcs-research.com\/fr\/author\/"},"uagb_comment_info":753,"uagb_excerpt":"Buy AK-47 K2 Spray Online \u2013 Experience the Potency of the Strongest K2 Spice Spray at FRCSResearch If you\u2019re looking for an intense and powerful K2 experience, AK-47 K2 Spray&hellip;&euro;90.00 Le prix d&#039;origine \u00e9tait : &euro;90.00.&euro;80.00Le prix actuel est : &euro;80.00.Ajouter au panier","_links":{"self":[{"href":"https:\/\/frcs-research.com\/fr\/wp-json\/wp\/v2\/product\/812","targetHints":{"allow":["GET"]}}],"collection":[{"href":"https:\/\/frcs-research.com\/fr\/wp-json\/wp\/v2\/product"}],"about":[{"href":"https:\/\/frcs-research.com\/fr\/wp-json\/wp\/v2\/types\/product"}],"replies":[{"embeddable":true,"href":"https:\/\/frcs-research.com\/fr\/wp-json\/wp\/v2\/comments?post=812"}],"wp:featuredmedia":[{"embeddable":true,"href":"https:\/\/frcs-research.com\/fr\/wp-json\/wp\/v2\/media\/813"}],"wp:attachment":[{"href":"https:\/\/frcs-research.com\/fr\/wp-json\/wp\/v2\/media?parent=812"}],"wp:term":[{"taxonomy":"product_brand","embeddable":true,"href":"https:\/\/frcs-research.com\/fr\/wp-json\/wp\/v2\/product_brand?post=812"},{"taxonomy":"product_cat","embeddable":true,"href":"https:\/\/frcs-research.com\/fr\/wp-json\/wp\/v2\/product_cat?post=812"},{"taxonomy":"product_tag","embeddable":true,"href":"https:\/\/frcs-research.com\/fr\/wp-json\/wp\/v2\/product_tag?post=812"}],"curies":[{"name":"wp","href":"https:\/\/api.w.org\/{rel}","templated":true}]}}