{"id":814,"date":"2024-10-13T10:16:09","date_gmt":"2024-10-13T10:16:09","guid":{"rendered":"https:\/\/frcs-research.com\/?post_type=product&#038;p=814"},"modified":"2026-04-04T06:53:05","modified_gmt":"2026-04-04T06:53:05","slug":"acheter-du-papier-k2","status":"publish","type":"product","link":"https:\/\/frcs-research.com\/fr\/product\/acheter-du-papier-k2\/","title":{"rendered":"K2 Paper 1sheet"},"content":{"rendered":"<h1><strong>Bienvenue chez FRCSResearch \u2013 Votre source fiable pour les produits K2 les plus puissants<\/strong><\/h1>\n<p>\u00c0 <strong>FRCSRecherche<\/strong>, nous nous sp\u00e9cialisons dans la fourniture de <strong>le spray K2 le plus puissant sur le papier<\/strong> et d&#039;autres produits K2 de haute qualit\u00e9. Que vous cherchiez \u00e0 am\u00e9liorer votre exp\u00e9rience avec <strong>Papier infus\u00e9 K2<\/strong> ou \u00e0 la recherche de la <strong>le spray K2 le plus puissant \u00e0 vendre<\/strong>, nous avons ce qu&#039;il vous faut. Notre mission est de fournir des produits exceptionnels \u00e0 des prix abordables tout en garantissant les normes de qualit\u00e9 et de s\u00e9curit\u00e9 les plus \u00e9lev\u00e9es.<\/p>\n<hr \/>\n<h3>D\u00e9couvrez le spray K2 le plus puissant en vente<\/h3>\n<p>\u00c0 la recherche de la <strong>le spray K2 le plus puissant \u00e0 vendre<\/strong>? Vous \u00eates au bon endroit ! Notre s\u00e9lection comprend divers produits \u00e0 haute puissance <a href=\"https:\/\/frcs-research.com\/fr\/product-category\/cannabinoides-synthetiques\/epices-et-k2\/\">Sprays K2<\/a> con\u00e7u pour offrir une exp\u00e9rience intense et durable. Voici pourquoi vous devriez choisir <strong>FRCSRecherche<\/strong> pour vos besoins K2 :<\/p>\n<ul>\n<li><strong>Sprays K2 de qualit\u00e9 sup\u00e9rieure<\/strong>:Nos sprays sont formul\u00e9s pour offrir des effets puissants, vous assurant de tirer le meilleur parti de votre achat.<\/li>\n<li><strong>Options polyvalentes<\/strong>:Utilisez nos sprays K2 sur <strong>Papier infus\u00e9 K2<\/strong> pour plus de commodit\u00e9 et d&#039;efficacit\u00e9.<\/li>\n<\/ul>\n<hr \/>\n<h3>D\u00e9couvrez notre papier infus\u00e9 K2 \u00e0 vendre<\/h3>\n<p>Nous offrons une vari\u00e9t\u00e9 de <strong>Vente de papier infus\u00e9 K2<\/strong>, con\u00e7u pour maximiser votre exp\u00e9rience K2. Notre papier est parfait pour ceux qui veulent un moyen discret et facile de profiter du K2. Voici ce \u00e0 quoi vous pouvez vous attendre lorsque vous faites vos achats chez nous\u00a0:<\/p>\n<ul>\n<li><strong>Papier infus\u00e9 K2 pas cher<\/strong>: La qualit\u00e9 ne doit pas forc\u00e9ment co\u00fbter une fortune. Nous proposons des prix comp\u00e9titifs <strong>Papier infus\u00e9 K2<\/strong>, le rendant accessible \u00e0 tous.<\/li>\n<li><strong>Le papier K2 le plus r\u00e9sistant disponible<\/strong>:Notre papier infus\u00e9 au K2 est con\u00e7u pour offrir les effets les plus puissants, vous garantissant une exp\u00e9rience puissante et agr\u00e9able.<\/li>\n<\/ul>\n<hr \/>\n<h3>O\u00f9 acheter du papier K2<\/h3>\n<p>Si vous vous demandez <strong>o\u00f9 acheter du papier K2<\/strong>, ne cherchez plus ! <strong>FRCSRecherche<\/strong> offre une exp\u00e9rience d&#039;achat simple avec une large s\u00e9lection de produits K2 :<\/p>\n<ul>\n<li><strong>Document de prison K2<\/strong>:Nous offrons l&#039;option unique de <strong>acheter du papier de prison K2 en ligne<\/strong>, parfait pour ceux qui recherchent des cas d&#039;utilisation sp\u00e9cifiques. Notre papier de prison est con\u00e7u pour une application facile et une utilisation efficace.<\/li>\n<li><strong>K2 Spice O\u00f9 acheter<\/strong>:Notre site Web est votre guichet unique pour tout ce qui concerne K2. Que vous ayez besoin de sprays, de papier infus\u00e9 ou d&#039;autres produits K2, vous pouvez tous les trouver dans un seul endroit pratique.<\/li>\n<\/ul>\n<hr \/>\n<h3>Pourquoi choisir FRCSResearch?<\/h3>\n<p>\u00c0 <strong>FRCSRecherche<\/strong>, nous nous engageons \u00e0 fournir les meilleurs produits K2 du march\u00e9. Voici pourquoi vous devriez faire vos achats chez nous\u00a0:<\/p>\n<ul>\n<li><strong>Assurance qualit\u00e9<\/strong>:Tous nos produits sont test\u00e9s pour leur s\u00e9curit\u00e9 et leur efficacit\u00e9, vous garantissant ainsi de ne recevoir que le meilleur.<\/li>\n<li><strong>Exp\u00e9dition discr\u00e8te<\/strong>:Nous respectons votre vie priv\u00e9e. Toutes les commandes sont exp\u00e9di\u00e9es discr\u00e8tement, garantissant ainsi la confidentialit\u00e9.<\/li>\n<li><strong>Satisfaction client<\/strong>:Notre priorit\u00e9 absolue est votre satisfaction. Nous nous effor\u00e7ons de vous offrir une exp\u00e9rience de magasinage exceptionnelle.<\/li>\n<\/ul>\n<hr \/>\n<h3>Achetez les produits K2 les plus puissants aujourd&#039;hui\u00a0!<\/h3>\n<p>Pr\u00eat \u00e0 am\u00e9liorer votre exp\u00e9rience ? <strong>Achetez du papier K2 et les sprays K2 les plus puissants<\/strong> depuis <strong>FRCSRecherche<\/strong> aujourd&#039;hui ! Avec notre vaste s\u00e9lection, nos prix comp\u00e9titifs et notre engagement envers la qualit\u00e9, vous trouverez tout ce dont vous avez besoin pour une exp\u00e9rience K2 ultime. N&#039;attendez plus, commandez maintenant et d\u00e9couvrez le meilleur des produits K2 !<\/p>\n<hr \/>\n<p><strong>Mots cl\u00e9s int\u00e9gr\u00e9s<\/strong>:<\/p>\n<ul>\n<li>Le spray K2 le plus puissant sur le papier,<\/li>\n<li>Le spray K2 le plus puissant \u00e0 vendre,<\/li>\n<li>Papier infus\u00e9 K2 \u00e0 vendre,<\/li>\n<li>Papier infus\u00e9 K2 bon march\u00e9,<\/li>\n<li>O\u00f9 acheter du papier K2,<\/li>\n<li>Papier K2 le plus r\u00e9sistant,<\/li>\n<li>Achetez du papier de prison K2 en ligne,<\/li>\n<\/ul>","protected":false},"excerpt":{"rendered":"<p>Welcome to FRCSResearch \u2013 Your Trusted Source for the Strongest K2 Products At FRCSResearch, we specialize in providing the strongest K2 spray on paper and other high-quality K2 products. Whether&hellip;<\/p>\n<p class=\"product woocommerce add_to_cart_inline\" style=\"border:4px solid #ccc; padding: 12px;\"><del aria-hidden=\"true\"><span class=\"woocommerce-Price-amount amount\"><bdi><span class=\"woocommerce-Price-currencySymbol\">&euro;<\/span>130.00<\/bdi><\/span><\/del> <span class=\"screen-reader-text\" data-no-translation=\"\" data-trp-gettext=\"\">Le prix d&#039;origine \u00e9tait : &euro;130.00.<\/span><ins aria-hidden=\"true\"><span class=\"woocommerce-Price-amount amount\"><bdi><span class=\"woocommerce-Price-currencySymbol\">&euro;<\/span>120.00<\/bdi><\/span><\/ins><span class=\"screen-reader-text\" data-no-translation=\"\" data-trp-gettext=\"\">Le prix actuel est : &euro;120.00.<\/span><a href=\"\/fr\/wp-json\/wp\/v2\/product\/814?add-to-cart=814\" aria-describedby=\"woocommerce_loop_add_to_cart_link_describedby_814\" data-quantity=\"1\" class=\"button product_type_simple add_to_cart_button ajax_add_to_cart\" data-product_id=\"814\" data-product_sku=\"\" aria-label=\"Ajouter au panier\u00a0: \u201cK2 Paper 1sheet\u201d\" rel=\"nofollow\" data-success_message=\"\u00ab\u00a0K2 Paper 1sheet\u00a0\u00bb a \u00e9t\u00e9 ajout\u00e9 \u00e0 votre panier\" data-no-translation=\"\" data-trp-gettext=\"\" data-no-translation-aria-label=\"\" data-no-translation-data-success_message=\"\">Ajouter au panier<\/a>\t<span id=\"woocommerce_loop_add_to_cart_link_describedby_814\" class=\"screen-reader-text\"><br \/>\n\t\t\t<\/span><\/p>","protected":false},"featured_media":816,"comment_status":"open","ping_status":"closed","template":"","meta":{"_uag_custom_page_level_css":""},"product_brand":[],"product_cat":[124],"product_tag":[139,136,135,138,134,133,137],"class_list":{"0":"post-814","1":"product","2":"type-product","3":"status-publish","4":"has-post-thumbnail","6":"product_cat-spice-and-k2","7":"product_tag-buy-k2-jail-paper-online","8":"product_tag-cheap-k2-infused-paper","9":"product_tag-k2-infused-paper-for-sale","10":"product_tag-strongest-k2-paper","11":"product_tag-strongest-k2-spray-for-sale","12":"product_tag-strongest-k2-spray-on-paper","13":"product_tag-where-to-buy-k2-paper","15":"first","16":"instock","17":"sale","18":"shipping-taxable","19":"purchasable","20":"product-type-simple"},"yoast_head":"<!-- This site is optimized with the Yoast SEO plugin v27.1.1 - https:\/\/yoast.com\/product\/yoast-seo-wordpress\/ -->\n<title>Where to buy K2 paper, Strongest K2 Spray<\/title>\n<meta name=\"description\" content=\"Buy k2 paper and K2-infused paper for sale at FRCSResearch. Enjoy affordable prices on high-quality K2 products, including cheap K2 infused paper and K2 jail paper.\" \/>\n<meta name=\"robots\" content=\"index, follow, max-snippet:-1, max-image-preview:large, max-video-preview:-1\" \/>\n<link rel=\"canonical\" href=\"https:\/\/frcs-research.com\/fr\/product\/acheter-du-papier-k2\/\" \/>\n<meta property=\"og:locale\" content=\"fr_FR\" \/>\n<meta property=\"og:type\" content=\"article\" \/>\n<meta property=\"og:title\" content=\"Where to buy K2 paper, Strongest K2 Spray\" \/>\n<meta property=\"og:description\" content=\"Buy k2 paper and K2-infused paper for sale at FRCSResearch. Enjoy affordable prices on high-quality K2 products, including cheap K2 infused paper and K2 jail paper.\" \/>\n<meta property=\"og:url\" content=\"https:\/\/frcs-research.com\/fr\/product\/acheter-du-papier-k2\/\" \/>\n<meta property=\"og:site_name\" content=\"wholesale supplier of research chemicals, 4mmc, 3mmc, MDPHP, Alpha PVP and more\" \/>\n<meta property=\"article:modified_time\" content=\"2026-04-04T06:53:05+00:00\" \/>\n<meta property=\"og:image\" content=\"https:\/\/frcs-research.com\/wp-content\/uploads\/2024\/10\/225407533669842a25f6c2922768036.jpg\" \/>\n\t<meta property=\"og:image:width\" content=\"614\" \/>\n\t<meta property=\"og:image:height\" content=\"768\" \/>\n\t<meta property=\"og:image:type\" content=\"image\/jpeg\" \/>\n<meta name=\"twitter:card\" content=\"summary_large_image\" \/>\n<meta name=\"twitter:label1\" content=\"Prix\" \/>\n\t<meta name=\"twitter:data1\" content=\"&euro;120.00\" \/>\n\t<meta name=\"twitter:label2\" content=\"Disponibilit\u00e9\" \/>\n\t<meta name=\"twitter:data2\" content=\"En stock\" \/>\n<script type=\"application\/ld+json\" class=\"yoast-schema-graph\">{\"@context\":\"https:\/\/schema.org\",\"@graph\":[{\"@type\":[\"WebPage\",\"ItemPage\"],\"@id\":\"https:\/\/frcs-research.com\/product\/buy-k2-paper\/\",\"url\":\"https:\/\/frcs-research.com\/product\/buy-k2-paper\/\",\"name\":\"Where to buy K2 paper, Strongest K2 Spray\",\"isPartOf\":{\"@id\":\"https:\/\/frcs-research.com\/#website\"},\"primaryImageOfPage\":{\"@id\":\"https:\/\/frcs-research.com\/product\/buy-k2-paper\/#primaryimage\"},\"image\":{\"@id\":\"https:\/\/frcs-research.com\/product\/buy-k2-paper\/#primaryimage\"},\"thumbnailUrl\":\"https:\/\/frcs-research.com\/wp-content\/uploads\/2024\/10\/225407533669842a25f6c2922768036.jpg\",\"datePublished\":\"2024-10-13T10:16:09+00:00\",\"dateModified\":\"2026-04-04T06:53:05+00:00\",\"description\":\"Buy k2 paper and K2-infused paper for sale at FRCSResearch. Enjoy affordable prices on high-quality K2 products, including cheap K2 infused paper and K2 jail paper.\",\"breadcrumb\":{\"@id\":\"https:\/\/frcs-research.com\/product\/buy-k2-paper\/#breadcrumb\"},\"inLanguage\":\"fr-FR\",\"potentialAction\":[{\"@type\":\"ReadAction\",\"target\":[\"https:\/\/frcs-research.com\/product\/buy-k2-paper\/\"]}]},{\"@type\":\"ImageObject\",\"inLanguage\":\"fr-FR\",\"@id\":\"https:\/\/frcs-research.com\/product\/buy-k2-paper\/#primaryimage\",\"url\":\"https:\/\/frcs-research.com\/wp-content\/uploads\/2024\/10\/225407533669842a25f6c2922768036.jpg\",\"contentUrl\":\"https:\/\/frcs-research.com\/wp-content\/uploads\/2024\/10\/225407533669842a25f6c2922768036.jpg\",\"width\":614,\"height\":768},{\"@type\":\"BreadcrumbList\",\"@id\":\"https:\/\/frcs-research.com\/product\/buy-k2-paper\/#breadcrumb\",\"itemListElement\":[{\"@type\":\"ListItem\",\"position\":1,\"name\":\"Home\",\"item\":\"https:\/\/frcs-research.com\/\"},{\"@type\":\"ListItem\",\"position\":2,\"name\":\"Shop\",\"item\":\"https:\/\/frcs-research.com\/shop\/\"},{\"@type\":\"ListItem\",\"position\":3,\"name\":\"K2 Paper 1sheet\"}]},{\"@type\":\"WebSite\",\"@id\":\"https:\/\/frcs-research.com\/#website\",\"url\":\"https:\/\/frcs-research.com\/\",\"name\":\"wholesale supplier of research chemicals, 4mmc, 3mmc, MDPHP, Alpha PVP and more\",\"description\":\"Wholesale research chemicals\",\"potentialAction\":[{\"@type\":\"SearchAction\",\"target\":{\"@type\":\"EntryPoint\",\"urlTemplate\":\"https:\/\/frcs-research.com\/?s={search_term_string}\"},\"query-input\":{\"@type\":\"PropertyValueSpecification\",\"valueRequired\":true,\"valueName\":\"search_term_string\"}}],\"inLanguage\":\"fr-FR\"}]}<\/script>\n<meta property=\"product:price:amount\" content=\"120.00\" \/>\n<meta property=\"product:price:currency\" content=\"EUR\" \/>\n<meta property=\"og:availability\" content=\"instock\" \/>\n<meta property=\"product:availability\" content=\"instock\" \/>\n<meta property=\"product:condition\" content=\"new\" \/>\n<!-- \/ Yoast SEO plugin. -->","yoast_head_json":{"title":"O\u00f9 acheter du papier K2, le spray K2 le plus puissant","description":"Achetez du papier K2 et du papier infus\u00e9 K2 en vente chez FRCSResearch. Profitez de prix abordables sur des produits K2 de haute qualit\u00e9, notamment du papier infus\u00e9 K2 bon march\u00e9 et du papier de prison K2.","robots":{"index":"index","follow":"follow","max-snippet":"max-snippet:-1","max-image-preview":"max-image-preview:large","max-video-preview":"max-video-preview:-1"},"canonical":"https:\/\/frcs-research.com\/fr\/product\/acheter-du-papier-k2\/","og_locale":"fr_FR","og_type":"article","og_title":"Where to buy K2 paper, Strongest K2 Spray","og_description":"Buy k2 paper and K2-infused paper for sale at FRCSResearch. Enjoy affordable prices on high-quality K2 products, including cheap K2 infused paper and K2 jail paper.","og_url":"https:\/\/frcs-research.com\/fr\/product\/acheter-du-papier-k2\/","og_site_name":"wholesale supplier of research chemicals, 4mmc, 3mmc, MDPHP, Alpha PVP and more","article_modified_time":"2026-04-04T06:53:05+00:00","og_image":[{"width":614,"height":768,"url":"https:\/\/frcs-research.com\/wp-content\/uploads\/2024\/10\/225407533669842a25f6c2922768036.jpg","type":"image\/jpeg"}],"twitter_card":"summary_large_image","twitter_misc":{"Prix":"&euro;120.00","Disponibilit\u00e9":"En stock"},"schema":{"@context":"https:\/\/schema.org","@graph":[{"@type":["WebPage","ItemPage"],"@id":"https:\/\/frcs-research.com\/product\/buy-k2-paper\/","url":"https:\/\/frcs-research.com\/product\/buy-k2-paper\/","name":"O\u00f9 acheter du papier K2, le spray K2 le plus puissant","isPartOf":{"@id":"https:\/\/frcs-research.com\/#website"},"primaryImageOfPage":{"@id":"https:\/\/frcs-research.com\/product\/buy-k2-paper\/#primaryimage"},"image":{"@id":"https:\/\/frcs-research.com\/product\/buy-k2-paper\/#primaryimage"},"thumbnailUrl":"https:\/\/frcs-research.com\/wp-content\/uploads\/2024\/10\/225407533669842a25f6c2922768036.jpg","datePublished":"2024-10-13T10:16:09+00:00","dateModified":"2026-04-04T06:53:05+00:00","description":"Achetez du papier K2 et du papier infus\u00e9 K2 en vente chez FRCSResearch. Profitez de prix abordables sur des produits K2 de haute qualit\u00e9, notamment du papier infus\u00e9 K2 bon march\u00e9 et du papier de prison K2.","breadcrumb":{"@id":"https:\/\/frcs-research.com\/product\/buy-k2-paper\/#breadcrumb"},"inLanguage":"fr-FR","potentialAction":[{"@type":"ReadAction","target":["https:\/\/frcs-research.com\/product\/buy-k2-paper\/"]}]},{"@type":"ImageObject","inLanguage":"fr-FR","@id":"https:\/\/frcs-research.com\/product\/buy-k2-paper\/#primaryimage","url":"https:\/\/frcs-research.com\/wp-content\/uploads\/2024\/10\/225407533669842a25f6c2922768036.jpg","contentUrl":"https:\/\/frcs-research.com\/wp-content\/uploads\/2024\/10\/225407533669842a25f6c2922768036.jpg","width":614,"height":768},{"@type":"BreadcrumbList","@id":"https:\/\/frcs-research.com\/product\/buy-k2-paper\/#breadcrumb","itemListElement":[{"@type":"ListItem","position":1,"name":"Home","item":"https:\/\/frcs-research.com\/"},{"@type":"ListItem","position":2,"name":"Shop","item":"https:\/\/frcs-research.com\/shop\/"},{"@type":"ListItem","position":3,"name":"K2 Paper 1sheet"}]},{"@type":"WebSite","@id":"https:\/\/frcs-research.com\/#website","url":"https:\/\/frcs-research.com\/","name":"fournisseur en gros de produits chimiques de recherche, 4mmc, 3mmc, MDPHP, Alpha PVP et plus","description":"Vente en gros de produits chimiques de recherche","potentialAction":[{"@type":"SearchAction","target":{"@type":"EntryPoint","urlTemplate":"https:\/\/frcs-research.com\/?s={search_term_string}"},"query-input":{"@type":"PropertyValueSpecification","valueRequired":true,"valueName":"search_term_string"}}],"inLanguage":"fr-FR"}]},"product_price_amount":"120.00","product_price_currency":"EUR","og_availability":"instock","product_availability":"instock","product_condition":"new"},"uagb_featured_image_src":{"full":["https:\/\/frcs-research.com\/wp-content\/uploads\/2024\/10\/225407533669842a25f6c2922768036.jpg",614,768,false],"thumbnail":["https:\/\/frcs-research.com\/wp-content\/uploads\/2024\/10\/225407533669842a25f6c2922768036-150x150.jpg",150,150,true],"medium":["https:\/\/frcs-research.com\/wp-content\/uploads\/2024\/10\/225407533669842a25f6c2922768036-240x300.jpg",240,300,true],"medium_large":["https:\/\/frcs-research.com\/wp-content\/uploads\/2024\/10\/225407533669842a25f6c2922768036.jpg",614,768,false],"large":["https:\/\/frcs-research.com\/wp-content\/uploads\/2024\/10\/225407533669842a25f6c2922768036.jpg",614,768,false],"1536x1536":["https:\/\/frcs-research.com\/wp-content\/uploads\/2024\/10\/225407533669842a25f6c2922768036.jpg",614,768,false],"2048x2048":["https:\/\/frcs-research.com\/wp-content\/uploads\/2024\/10\/225407533669842a25f6c2922768036.jpg",614,768,false],"trp-custom-language-flag":["https:\/\/frcs-research.com\/wp-content\/uploads\/2024\/10\/225407533669842a25f6c2922768036.jpg",10,12,false],"post-thumbnail":["https:\/\/frcs-research.com\/wp-content\/uploads\/2024\/10\/225407533669842a25f6c2922768036.jpg",496,620,false],"elite-commerce-slider":["https:\/\/frcs-research.com\/wp-content\/uploads\/2024\/10\/225407533669842a25f6c2922768036.jpg",614,768,false],"elite-commerce-hero":["https:\/\/frcs-research.com\/wp-content\/uploads\/2024\/10\/225407533669842a25f6c2922768036.jpg",520,650,false],"elite-commerce-portfolio":["https:\/\/frcs-research.com\/wp-content\/uploads\/2024\/10\/225407533669842a25f6c2922768036.jpg",360,450,false],"woocommerce_thumbnail":["https:\/\/frcs-research.com\/wp-content\/uploads\/2024\/10\/225407533669842a25f6c2922768036-300x300.jpg",300,300,true],"woocommerce_single":["https:\/\/frcs-research.com\/wp-content\/uploads\/2024\/10\/225407533669842a25f6c2922768036-600x750.jpg",600,750,true],"woocommerce_gallery_thumbnail":["https:\/\/frcs-research.com\/wp-content\/uploads\/2024\/10\/225407533669842a25f6c2922768036-100x100.jpg",100,100,true]},"uagb_author_info":{"display_name":"Richard Wood","author_link":"https:\/\/frcs-research.com\/fr\/author\/"},"uagb_comment_info":773,"uagb_excerpt":"Welcome to FRCSResearch \u2013 Your Trusted Source for the Strongest K2 Products At FRCSResearch, we specialize in providing the strongest K2 spray on paper and other high-quality K2 products. Whether&hellip;&euro;130.00 Le prix d&#039;origine \u00e9tait : &euro;130.00.&euro;120.00Le prix actuel est : &euro;120.00.Ajouter au panier","_links":{"self":[{"href":"https:\/\/frcs-research.com\/fr\/wp-json\/wp\/v2\/product\/814","targetHints":{"allow":["GET"]}}],"collection":[{"href":"https:\/\/frcs-research.com\/fr\/wp-json\/wp\/v2\/product"}],"about":[{"href":"https:\/\/frcs-research.com\/fr\/wp-json\/wp\/v2\/types\/product"}],"replies":[{"embeddable":true,"href":"https:\/\/frcs-research.com\/fr\/wp-json\/wp\/v2\/comments?post=814"}],"wp:featuredmedia":[{"embeddable":true,"href":"https:\/\/frcs-research.com\/fr\/wp-json\/wp\/v2\/media\/816"}],"wp:attachment":[{"href":"https:\/\/frcs-research.com\/fr\/wp-json\/wp\/v2\/media?parent=814"}],"wp:term":[{"taxonomy":"product_brand","embeddable":true,"href":"https:\/\/frcs-research.com\/fr\/wp-json\/wp\/v2\/product_brand?post=814"},{"taxonomy":"product_cat","embeddable":true,"href":"https:\/\/frcs-research.com\/fr\/wp-json\/wp\/v2\/product_cat?post=814"},{"taxonomy":"product_tag","embeddable":true,"href":"https:\/\/frcs-research.com\/fr\/wp-json\/wp\/v2\/product_tag?post=814"}],"curies":[{"name":"wp","href":"https:\/\/api.w.org\/{rel}","templated":true}]}}