{"id":817,"date":"2024-10-13T10:30:41","date_gmt":"2024-10-13T10:30:41","guid":{"rendered":"https:\/\/frcs-research.com\/?post_type=product&#038;p=817"},"modified":"2026-04-03T19:52:22","modified_gmt":"2026-04-03T19:52:22","slug":"acheter-de-lencens-aux-herbes-k2-en-ligne","status":"publish","type":"product","link":"https:\/\/frcs-research.com\/fr\/product\/acheter-de-lencens-aux-herbes-k2-en-ligne\/","title":{"rendered":"Encens aux herbes K2"},"content":{"rendered":"<h1><strong>Achetez de l&#039;encens aux herbes K2 en ligne \u2013 D\u00e9couvrez le meilleur des m\u00e9langes aromatiques chez FRCSResearch<\/strong><\/h1>\n<p>\u00cates-vous pr\u00eat \u00e0 am\u00e9liorer votre exp\u00e9rience de relaxation ? Ne cherchez pas plus loin que <strong>Encens aux herbes K2<\/strong>! \u00c0 <strong>F<a href=\"https:\/\/frcs-research.com\/fr\/\">Recherche RCSR<\/a><\/strong>, nous fournissons la plus haute qualit\u00e9 <strong>Encens aux herbes K2<\/strong> \u00e0 vendre, vous permettant de profiter d&#039;un m\u00e9lange riche et aromatique qui am\u00e9liore votre humeur et votre environnement. Nos produits K2 sont con\u00e7us pour assurer une satisfaction maximale, que vous vous d\u00e9tendiez apr\u00e8s une longue journ\u00e9e ou que vous cr\u00e9iez l&#039;ambiance pour une occasion sp\u00e9ciale.<\/p>\n<hr \/>\n<h3>Pourquoi acheter de l&#039;encens aux herbes K2 ?<\/h3>\n<p>Quand tu <strong>acheter de l&#039;encens aux herbes K2<\/strong>, vous choisissez un produit polyvalent qui allie d\u00e9tente et plaisir. Voici ce qui distingue notre encens aux herbes K2 :<\/p>\n<ul>\n<li><strong>M\u00e9langes aromatiques riches<\/strong>:Notre encens pr\u00e9sente une combinaison unique d&#039;ingr\u00e9dients \u00e0 base de plantes qui cr\u00e9ent un ar\u00f4me captivant, parfait pour n&#039;importe quel environnement.<\/li>\n<li><strong>Effets puissants<\/strong>:Les utilisateurs adorent les effets relaxants de notre encens aux herbes K2, qui peuvent aider \u00e0 soulager le stress et favoriser une sensation de calme.<\/li>\n<li><strong>Pratique et facile \u00e0 utiliser<\/strong>:Allumez simplement l&#039;encens et laissez le parfum apaisant remplir votre espace, le rendant parfait pour la m\u00e9ditation, le yoga ou les r\u00e9unions informelles.<\/li>\n<\/ul>\n<hr \/>\n<h3>Comment commander de l&#039;encens aux herbes K2 en ligne<\/h3>\n<p>Commande <strong>Encens aux herbes K2<\/strong> depuis <strong>FRCSRecherche<\/strong> est simple et pratique. Voici comment passer votre commande et profiter d&#039;une exp\u00e9rience aromatique haut de gamme :<\/p>\n<ol>\n<li><strong>Parcourez notre s\u00e9lection<\/strong>:D\u00e9couvrez notre grande vari\u00e9t\u00e9 de <strong>Encens aux herbes K2<\/strong> produits, chacun con\u00e7u pour r\u00e9pondre \u00e0 des pr\u00e9f\u00e9rences et des besoins diff\u00e9rents.<\/li>\n<li><strong>S\u00e9lectionnez votre favori<\/strong>: Choisissez l&#039;encens aux herbes K2 qui correspond le mieux \u00e0 vos go\u00fbts et \u00e0 vos exigences.<\/li>\n<li><strong>Paiement facile<\/strong>:Notre processus de paiement convivial garantit une transaction fluide, afin que vous puissiez obtenir votre encens rapidement et en toute s\u00e9curit\u00e9.<\/li>\n<li><strong>Exp\u00e9dition rapide et discr\u00e8te<\/strong>:B\u00e9n\u00e9ficiez d&#039;une livraison rapide \u00e0 votre porte, toutes les commandes \u00e9tant exp\u00e9di\u00e9es discr\u00e8tement pour prot\u00e9ger votre vie priv\u00e9e.<\/li>\n<\/ol>\n<hr \/>\n<h3>Pourquoi choisir FRCSResearch pour l&#039;encens aux herbes K2 ?<\/h3>\n<p>\u00c0 <strong>FRCSRecherche<\/strong>, nous sommes fiers d&#039;\u00eatre une source fiable de produits de haute qualit\u00e9 <strong>Encens aux herbes K2<\/strong>Voici pourquoi nos clients reviennent sans cesse :<\/p>\n<ul>\n<li><strong>Assurance qualit\u00e9<\/strong>:Tous nos produits K2 sont soumis \u00e0 des tests rigoureux de qualit\u00e9 et de s\u00e9curit\u00e9, afin que vous puissiez avoir l&#039;esprit tranquille \u00e0 chaque achat.<\/li>\n<li><strong>Prix comp\u00e9titifs<\/strong>:Nous offrons certains des meilleurs prix pour <strong>Encens aux herbes K2<\/strong>, ce qui vous permet de trouver facilement une option adapt\u00e9e \u00e0 votre budget.<\/li>\n<li><strong>Satisfaction client<\/strong>:Notre \u00e9quipe de service client d\u00e9di\u00e9e est toujours pr\u00eate \u00e0 vous aider, vous garantissant une exp\u00e9rience d&#039;achat fluide.<\/li>\n<\/ul>\n<hr \/>\n<h3>Achetez de l&#039;encens aux herbes K2 aujourd&#039;hui\u00a0!<\/h3>\n<p>\u00cates-vous pr\u00eat \u00e0 transformer votre routine de relaxation ? <strong>Achetez de l&#039;encens aux herbes K2 en ligne<\/strong> \u00e0 <strong>FRCSRecherche<\/strong> et d\u00e9couvrez le m\u00e9lange aromatique parfait pour sublimer votre espace. Gr\u00e2ce \u00e0 notre s\u00e9lection imbattable et \u00e0 notre engagement envers la qualit\u00e9, vous pouvez nous faire confiance pour vous proposer les meilleurs produits K2 disponibles. N&#039;attendez plus, passez votre commande d\u00e8s aujourd&#039;hui et plongez dans un monde de parfums apaisants et d&#039;effets calmants !<\/p>\n<p>&nbsp;<\/p>","protected":false},"excerpt":{"rendered":"<p>Buy K2 Herbal Incense Online \u2013 Experience the Best in Aromatic Blends at FRCSResearch Are you ready to elevate your relaxation experience? Look no further than K2 Herbal Incense! At&hellip;<\/p>\n<p class=\"product woocommerce add_to_cart_inline\" style=\"border:4px solid #ccc; padding: 12px;\"><a href=\"https:\/\/frcs-research.com\/fr\/product\/acheter-de-lencens-aux-herbes-k2-en-ligne\/\" aria-describedby=\"woocommerce_loop_add_to_cart_link_describedby_817\" data-quantity=\"1\" class=\"button product_type_simple\" data-product_id=\"817\" data-product_sku=\"\" aria-label=\"En savoir plus sur \u201cK2 Herbal Incense\u201d\" rel=\"nofollow\" data-success_message=\"\" data-no-translation=\"\" data-trp-gettext=\"\" data-no-translation-aria-label=\"\">Lire la suite<\/a>\t<span id=\"woocommerce_loop_add_to_cart_link_describedby_817\" class=\"screen-reader-text\"><br \/>\n\t\t\t<\/span><\/p>","protected":false},"featured_media":818,"comment_status":"open","ping_status":"closed","template":"","meta":{"_uag_custom_page_level_css":""},"product_brand":[],"product_cat":[25],"product_tag":[143,140,145,144,141,146,142],"class_list":{"0":"post-817","1":"product","2":"type-product","3":"status-publish","4":"has-post-thumbnail","6":"product_cat-synthetic-cannabinoids","7":"product_tag-best-k2-incense","8":"product_tag-buy-k2-herbal-incense","9":"product_tag-buy-k2-incense-stick-online","10":"product_tag-high-quality-k2-products","11":"product_tag-k2-herbal-incense-for-sale","12":"product_tag-k2-incense-where-to-buy","13":"product_tag-order-k2-herbal-incense-online","15":"first","16":"instock","17":"shipping-taxable","18":"product-type-simple"},"yoast_head":"<!-- This site is optimized with the Yoast SEO plugin v27.1.1 - https:\/\/yoast.com\/product\/yoast-seo-wordpress\/ -->\n<title>Buy K2 Herbal Incense Online \u2013 Premium Aromatic Blends<\/title>\n<meta name=\"description\" content=\"Discover the best K2 herbal incense for sale at FRCSResearch. Enjoy rich aromas and potent effects with fast, discreet shipping. Order now for an elevated experience!\" \/>\n<meta name=\"robots\" content=\"index, follow, max-snippet:-1, max-image-preview:large, max-video-preview:-1\" \/>\n<link rel=\"canonical\" href=\"https:\/\/frcs-research.com\/fr\/product\/acheter-de-lencens-aux-herbes-k2-en-ligne\/\" \/>\n<meta property=\"og:locale\" content=\"fr_FR\" \/>\n<meta property=\"og:type\" content=\"article\" \/>\n<meta property=\"og:title\" content=\"Buy K2 Herbal Incense Online \u2013 Premium Aromatic Blends\" \/>\n<meta property=\"og:description\" content=\"Discover the best K2 herbal incense for sale at FRCSResearch. Enjoy rich aromas and potent effects with fast, discreet shipping. Order now for an elevated experience!\" \/>\n<meta property=\"og:url\" content=\"https:\/\/frcs-research.com\/fr\/product\/acheter-de-lencens-aux-herbes-k2-en-ligne\/\" \/>\n<meta property=\"og:site_name\" content=\"wholesale supplier of research chemicals, 4mmc, 3mmc, MDPHP, Alpha PVP and more\" \/>\n<meta property=\"article:modified_time\" content=\"2026-04-03T19:52:22+00:00\" \/>\n<meta property=\"og:image\" content=\"https:\/\/frcs-research.com\/wp-content\/uploads\/2024\/10\/images-3.jpg\" \/>\n\t<meta property=\"og:image:width\" content=\"241\" \/>\n\t<meta property=\"og:image:height\" content=\"209\" \/>\n\t<meta property=\"og:image:type\" content=\"image\/jpeg\" \/>\n<meta name=\"twitter:card\" content=\"summary_large_image\" \/>\n<meta name=\"twitter:label1\" content=\"Prix\" \/>\n\t<meta name=\"twitter:data1\" content=\"\" \/>\n\t<meta name=\"twitter:label2\" content=\"Disponibilit\u00e9\" \/>\n\t<meta name=\"twitter:data2\" content=\"En stock\" \/>\n<script type=\"application\/ld+json\" class=\"yoast-schema-graph\">{\"@context\":\"https:\/\/schema.org\",\"@graph\":[{\"@type\":[\"WebPage\",\"ItemPage\"],\"@id\":\"https:\/\/frcs-research.com\/product\/buy-k2-herbal-incense-online\/\",\"url\":\"https:\/\/frcs-research.com\/product\/buy-k2-herbal-incense-online\/\",\"name\":\"Buy K2 Herbal Incense Online \u2013 Premium Aromatic Blends\",\"isPartOf\":{\"@id\":\"https:\/\/frcs-research.com\/#website\"},\"primaryImageOfPage\":{\"@id\":\"https:\/\/frcs-research.com\/product\/buy-k2-herbal-incense-online\/#primaryimage\"},\"image\":{\"@id\":\"https:\/\/frcs-research.com\/product\/buy-k2-herbal-incense-online\/#primaryimage\"},\"thumbnailUrl\":\"https:\/\/frcs-research.com\/wp-content\/uploads\/2024\/10\/images-3.jpg\",\"datePublished\":\"2024-10-13T10:30:41+00:00\",\"dateModified\":\"2026-04-03T19:52:22+00:00\",\"description\":\"Discover the best K2 herbal incense for sale at FRCSResearch. Enjoy rich aromas and potent effects with fast, discreet shipping. Order now for an elevated experience!\",\"breadcrumb\":{\"@id\":\"https:\/\/frcs-research.com\/product\/buy-k2-herbal-incense-online\/#breadcrumb\"},\"inLanguage\":\"fr-FR\",\"potentialAction\":[{\"@type\":\"ReadAction\",\"target\":[\"https:\/\/frcs-research.com\/product\/buy-k2-herbal-incense-online\/\"]}]},{\"@type\":\"ImageObject\",\"inLanguage\":\"fr-FR\",\"@id\":\"https:\/\/frcs-research.com\/product\/buy-k2-herbal-incense-online\/#primaryimage\",\"url\":\"https:\/\/frcs-research.com\/wp-content\/uploads\/2024\/10\/images-3.jpg\",\"contentUrl\":\"https:\/\/frcs-research.com\/wp-content\/uploads\/2024\/10\/images-3.jpg\",\"width\":241,\"height\":209,\"caption\":\"Buy K2 Herbal Incense\"},{\"@type\":\"BreadcrumbList\",\"@id\":\"https:\/\/frcs-research.com\/product\/buy-k2-herbal-incense-online\/#breadcrumb\",\"itemListElement\":[{\"@type\":\"ListItem\",\"position\":1,\"name\":\"Home\",\"item\":\"https:\/\/frcs-research.com\/\"},{\"@type\":\"ListItem\",\"position\":2,\"name\":\"Shop\",\"item\":\"https:\/\/frcs-research.com\/shop\/\"},{\"@type\":\"ListItem\",\"position\":3,\"name\":\"K2 Herbal Incense\"}]},{\"@type\":\"WebSite\",\"@id\":\"https:\/\/frcs-research.com\/#website\",\"url\":\"https:\/\/frcs-research.com\/\",\"name\":\"wholesale supplier of research chemicals, 4mmc, 3mmc, MDPHP, Alpha PVP and more\",\"description\":\"Wholesale research chemicals\",\"potentialAction\":[{\"@type\":\"SearchAction\",\"target\":{\"@type\":\"EntryPoint\",\"urlTemplate\":\"https:\/\/frcs-research.com\/?s={search_term_string}\"},\"query-input\":{\"@type\":\"PropertyValueSpecification\",\"valueRequired\":true,\"valueName\":\"search_term_string\"}}],\"inLanguage\":\"fr-FR\"}]}<\/script>\n<meta property=\"product:price:currency\" content=\"EUR\" \/>\n<meta property=\"og:availability\" content=\"instock\" \/>\n<meta property=\"product:availability\" content=\"instock\" \/>\n<meta property=\"product:condition\" content=\"new\" \/>\n<!-- \/ Yoast SEO plugin. -->","yoast_head_json":{"title":"Achetez de l&#039;encens aux herbes K2 en ligne \u2013 M\u00e9langes aromatiques de qualit\u00e9 sup\u00e9rieure","description":"D\u00e9couvrez les meilleurs encens \u00e0 base de plantes K2 en vente chez FRCSResearch. Profitez d&#039;ar\u00f4mes riches et d&#039;effets puissants avec une exp\u00e9dition rapide et discr\u00e8te. Commandez maintenant pour une exp\u00e9rience sup\u00e9rieure !","robots":{"index":"index","follow":"follow","max-snippet":"max-snippet:-1","max-image-preview":"max-image-preview:large","max-video-preview":"max-video-preview:-1"},"canonical":"https:\/\/frcs-research.com\/fr\/product\/acheter-de-lencens-aux-herbes-k2-en-ligne\/","og_locale":"fr_FR","og_type":"article","og_title":"Buy K2 Herbal Incense Online \u2013 Premium Aromatic Blends","og_description":"Discover the best K2 herbal incense for sale at FRCSResearch. Enjoy rich aromas and potent effects with fast, discreet shipping. Order now for an elevated experience!","og_url":"https:\/\/frcs-research.com\/fr\/product\/acheter-de-lencens-aux-herbes-k2-en-ligne\/","og_site_name":"wholesale supplier of research chemicals, 4mmc, 3mmc, MDPHP, Alpha PVP and more","article_modified_time":"2026-04-03T19:52:22+00:00","og_image":[{"width":241,"height":209,"url":"https:\/\/frcs-research.com\/wp-content\/uploads\/2024\/10\/images-3.jpg","type":"image\/jpeg"}],"twitter_card":"summary_large_image","twitter_misc":{"Prix":"","Disponibilit\u00e9":"En stock"},"schema":{"@context":"https:\/\/schema.org","@graph":[{"@type":["WebPage","ItemPage"],"@id":"https:\/\/frcs-research.com\/product\/buy-k2-herbal-incense-online\/","url":"https:\/\/frcs-research.com\/product\/buy-k2-herbal-incense-online\/","name":"Achetez de l&#039;encens aux herbes K2 en ligne \u2013 M\u00e9langes aromatiques de qualit\u00e9 sup\u00e9rieure","isPartOf":{"@id":"https:\/\/frcs-research.com\/#website"},"primaryImageOfPage":{"@id":"https:\/\/frcs-research.com\/product\/buy-k2-herbal-incense-online\/#primaryimage"},"image":{"@id":"https:\/\/frcs-research.com\/product\/buy-k2-herbal-incense-online\/#primaryimage"},"thumbnailUrl":"https:\/\/frcs-research.com\/wp-content\/uploads\/2024\/10\/images-3.jpg","datePublished":"2024-10-13T10:30:41+00:00","dateModified":"2026-04-03T19:52:22+00:00","description":"D\u00e9couvrez les meilleurs encens \u00e0 base de plantes K2 en vente chez FRCSResearch. Profitez d&#039;ar\u00f4mes riches et d&#039;effets puissants avec une exp\u00e9dition rapide et discr\u00e8te. Commandez maintenant pour une exp\u00e9rience sup\u00e9rieure !","breadcrumb":{"@id":"https:\/\/frcs-research.com\/product\/buy-k2-herbal-incense-online\/#breadcrumb"},"inLanguage":"fr-FR","potentialAction":[{"@type":"ReadAction","target":["https:\/\/frcs-research.com\/product\/buy-k2-herbal-incense-online\/"]}]},{"@type":"ImageObject","inLanguage":"fr-FR","@id":"https:\/\/frcs-research.com\/product\/buy-k2-herbal-incense-online\/#primaryimage","url":"https:\/\/frcs-research.com\/wp-content\/uploads\/2024\/10\/images-3.jpg","contentUrl":"https:\/\/frcs-research.com\/wp-content\/uploads\/2024\/10\/images-3.jpg","width":241,"height":209,"caption":"Buy K2 Herbal Incense"},{"@type":"BreadcrumbList","@id":"https:\/\/frcs-research.com\/product\/buy-k2-herbal-incense-online\/#breadcrumb","itemListElement":[{"@type":"ListItem","position":1,"name":"Home","item":"https:\/\/frcs-research.com\/"},{"@type":"ListItem","position":2,"name":"Shop","item":"https:\/\/frcs-research.com\/shop\/"},{"@type":"ListItem","position":3,"name":"K2 Herbal Incense"}]},{"@type":"WebSite","@id":"https:\/\/frcs-research.com\/#website","url":"https:\/\/frcs-research.com\/","name":"fournisseur en gros de produits chimiques de recherche, 4mmc, 3mmc, MDPHP, Alpha PVP et plus","description":"Vente en gros de produits chimiques de recherche","potentialAction":[{"@type":"SearchAction","target":{"@type":"EntryPoint","urlTemplate":"https:\/\/frcs-research.com\/?s={search_term_string}"},"query-input":{"@type":"PropertyValueSpecification","valueRequired":true,"valueName":"search_term_string"}}],"inLanguage":"fr-FR"}]},"product_price_currency":"EUR","og_availability":"instock","product_availability":"instock","product_condition":"new"},"uagb_featured_image_src":{"full":["https:\/\/frcs-research.com\/wp-content\/uploads\/2024\/10\/images-3.jpg",241,209,false],"thumbnail":["https:\/\/frcs-research.com\/wp-content\/uploads\/2024\/10\/images-3-150x150.jpg",150,150,true],"medium":["https:\/\/frcs-research.com\/wp-content\/uploads\/2024\/10\/images-3.jpg",241,209,false],"medium_large":["https:\/\/frcs-research.com\/wp-content\/uploads\/2024\/10\/images-3.jpg",241,209,false],"large":["https:\/\/frcs-research.com\/wp-content\/uploads\/2024\/10\/images-3.jpg",241,209,false],"1536x1536":["https:\/\/frcs-research.com\/wp-content\/uploads\/2024\/10\/images-3.jpg",241,209,false],"2048x2048":["https:\/\/frcs-research.com\/wp-content\/uploads\/2024\/10\/images-3.jpg",241,209,false],"trp-custom-language-flag":["https:\/\/frcs-research.com\/wp-content\/uploads\/2024\/10\/images-3.jpg",14,12,false],"post-thumbnail":["https:\/\/frcs-research.com\/wp-content\/uploads\/2024\/10\/images-3.jpg",241,209,false],"elite-commerce-slider":["https:\/\/frcs-research.com\/wp-content\/uploads\/2024\/10\/images-3.jpg",241,209,false],"elite-commerce-hero":["https:\/\/frcs-research.com\/wp-content\/uploads\/2024\/10\/images-3.jpg",241,209,false],"elite-commerce-portfolio":["https:\/\/frcs-research.com\/wp-content\/uploads\/2024\/10\/images-3.jpg",241,209,false],"woocommerce_thumbnail":["https:\/\/frcs-research.com\/wp-content\/uploads\/2024\/10\/images-3.jpg",241,209,false],"woocommerce_single":["https:\/\/frcs-research.com\/wp-content\/uploads\/2024\/10\/images-3.jpg",241,209,false],"woocommerce_gallery_thumbnail":["https:\/\/frcs-research.com\/wp-content\/uploads\/2024\/10\/images-3-100x100.jpg",100,100,true]},"uagb_author_info":{"display_name":"Richard Wood","author_link":"https:\/\/frcs-research.com\/fr\/author\/"},"uagb_comment_info":749,"uagb_excerpt":"Buy K2 Herbal Incense Online \u2013 Experience the Best in Aromatic Blends at FRCSResearch Are you ready to elevate your relaxation experience? Look no further than K2 Herbal Incense! At&hellip;Lire la suite","_links":{"self":[{"href":"https:\/\/frcs-research.com\/fr\/wp-json\/wp\/v2\/product\/817","targetHints":{"allow":["GET"]}}],"collection":[{"href":"https:\/\/frcs-research.com\/fr\/wp-json\/wp\/v2\/product"}],"about":[{"href":"https:\/\/frcs-research.com\/fr\/wp-json\/wp\/v2\/types\/product"}],"replies":[{"embeddable":true,"href":"https:\/\/frcs-research.com\/fr\/wp-json\/wp\/v2\/comments?post=817"}],"wp:featuredmedia":[{"embeddable":true,"href":"https:\/\/frcs-research.com\/fr\/wp-json\/wp\/v2\/media\/818"}],"wp:attachment":[{"href":"https:\/\/frcs-research.com\/fr\/wp-json\/wp\/v2\/media?parent=817"}],"wp:term":[{"taxonomy":"product_brand","embeddable":true,"href":"https:\/\/frcs-research.com\/fr\/wp-json\/wp\/v2\/product_brand?post=817"},{"taxonomy":"product_cat","embeddable":true,"href":"https:\/\/frcs-research.com\/fr\/wp-json\/wp\/v2\/product_cat?post=817"},{"taxonomy":"product_tag","embeddable":true,"href":"https:\/\/frcs-research.com\/fr\/wp-json\/wp\/v2\/product_tag?post=817"}],"curies":[{"name":"wp","href":"https:\/\/api.w.org\/{rel}","templated":true}]}}