{"id":884,"date":"2024-10-18T10:47:54","date_gmt":"2024-10-18T10:47:54","guid":{"rendered":"https:\/\/frcs-research.com\/?post_type=product&#038;p=884"},"modified":"2026-04-05T13:52:42","modified_gmt":"2026-04-05T13:52:42","slug":"acheter-de-la-cocaine-pure-en-ligne","status":"publish","type":"product","link":"https:\/\/frcs-research.com\/fr\/product\/acheter-de-la-cocaine-pure-en-ligne\/","title":{"rendered":"Cocaine 1g"},"content":{"rendered":"<h1>Comprendre la coca\u00efne : ce que vous devez savoir<\/h1>\n<p>La coca\u00efne est un puissant stimulant d\u00e9riv\u00e9 des feuilles de la plante de coca, que l&#039;on trouve principalement en Am\u00e9rique du Sud. Connue pour ses effets euphorisants et son potentiel d&#039;abus, la coca\u00efne a attir\u00e9 l&#039;attention \u00e0 la fois pour son utilisation r\u00e9cr\u00e9ative et pour les risques importants qu&#039;elle comporte pour la sant\u00e9. Dans cet article de blog, nous d\u00e9couvrirons o\u00f9 acheter de la coca\u00efne, ses effets et les dangers associ\u00e9s \u00e0 sa consommation.<\/p>\n<h2>Qu&#039;est-ce que la coca\u00efne ?<\/h2>\n<p>La coca\u00efne est un stimulant du syst\u00e8me nerveux central qui augmente l&#039;\u00e9nergie et la vigilance. On la trouve g\u00e9n\u00e9ralement sous deux formes : le chlorhydrate de coca\u00efne (une poudre blanche) et la coca\u00efne freebase ou crack (une forme solide). De nombreuses personnes se demandent o\u00f9 la trouver. <a href=\"https:\/\/frcs-research.com\/fr\/product\/acheter-de-la-cocaine-pure-en-ligne\/\"><strong>acheter de la coca\u00efne en ligne<\/strong><\/a>, les conduisant vers divers fournisseurs. Cependant, la d\u00e9cision de consommer de la coca\u00efne doit \u00eatre prise en tenant compte des risques potentiels encourus.<\/p>\n<h2>\u00c0 la recherche de la coca\u00efne<\/h2>\n<p>Lorsqu\u2019ils recherchent des substances comme la coca\u00efne, de nombreux utilisateurs recherchent souvent des options pour <a href=\"https:\/\/frcs-research.com\/fr\/product\/acheter-de-la-cocaine-pure-en-ligne\/\"><strong>acheter de la coca\u00efne pure<\/strong><\/a>. L&#039;essor des march\u00e9s en ligne a permis aux particuliers de rechercher plus facilement ces substances. Des mots-cl\u00e9s tels que <a href=\"https:\/\/frcs-research.com\/fr\/product-tag\/cocaine-a-vendre\/\"><strong>coca\u00efne \u00e0 vendre<\/strong><\/a> et <a href=\"https:\/\/frcs-research.com\/fr\/product-tag\/commander-de-la-cocaine-en-ligne\/\"><strong>commander de la coca\u00efne en ligne<\/strong><\/a> sont fr\u00e9quemment utilis\u00e9s par ceux qui explorent leurs options.<\/p>\n<h3>Vendeurs et fournisseurs de coca\u00efne<\/h3>\n<p>Il existe plusieurs <a href=\"https:\/\/frcs-research.com\/fr\/product-tag\/fournisseur-de-cocaine-de-confiance\/\"><strong>vendeurs de coca\u00efne<\/strong><\/a> et des plateformes en ligne o\u00f9 des individus pr\u00e9tendent vendre de la coca\u00efne. Beaucoup de gens pourraient se demander : \u00ab Quel est le <a href=\"https:\/\/frcs-research.com\/fr\/product-tag\/meilleur-endroit-pour-acheter-de-la-cocaine\/\"><strong>meilleur endroit pour acheter de la coca\u00efne<\/strong><\/a>?&quot; La r\u00e9alit\u00e9 est que ces transactions comportent souvent des risques juridiques et sanitaires importants. Les utilisateurs peuvent trouver <a href=\"https:\/\/frcs-research.com\/fr\/product-tag\/cocaine-bon-marche-a-vendre\/\"><strong>coca\u00efne bon march\u00e9 \u00e0 vendre<\/strong><\/a>, mais la qualit\u00e9 et la puret\u00e9 de ces produits peuvent \u00eatre discutables.<\/p>\n<p>Pour ceux qui cherchent \u00e0 <a href=\"https:\/\/frcs-research.com\/fr\/product-tag\/acheter-de-la-poudre-de-cocaine\/\"><strong>acheter de la poudre de coca\u00efne<\/strong><\/a>, il est essentiel d&#039;\u00eatre conscient des dangers potentiels li\u00e9s \u00e0 ces achats. S&#039;engager avec un <strong>revendeur de coca\u00efne en ligne<\/strong> peut conduire \u00e0 des sources et des produits peu fiables qui peuvent pr\u00e9senter de graves menaces pour la sant\u00e9.<\/p>\n<h2>Risques et cons\u00e9quences<\/h2>\n<p>Bien que de nombreuses personnes recherchent la coca\u00efne pour ses effets stimulants, il est essentiel de comprendre les risques. La consommation de coca\u00efne peut entra\u00eener de graves probl\u00e8mes de sant\u00e9, notamment des probl\u00e8mes cardiaques, des probl\u00e8mes respiratoires et des effets psychologiques graves. De plus, la d\u00e9pendance est une pr\u00e9occupation majeure, de nombreux consommateurs d\u00e9veloppant une d\u00e9pendance \u00e0 la drogue au fil du temps. Il est essentiel de comprendre les dangers de la coca\u00efne pour faire des choix \u00e9clair\u00e9s.<\/p>\n<h3>Cons\u00e9quences juridiques<\/h3>\n<p>Dans de nombreux pays, y compris aux \u00c9tats-Unis, la coca\u00efne est class\u00e9e comme drogue de l&#039;annexe II, ce qui signifie qu&#039;elle pr\u00e9sente un potentiel \u00e9lev\u00e9 d&#039;abus et qu&#039;il est ill\u00e9gal de la poss\u00e9der sans ordonnance. <a href=\"https:\/\/frcs-research.com\/fr\/product-tag\/acheter-de-la-cocaine-legalement\/\"><strong>acheter de la coca\u00efne l\u00e9galement<\/strong><\/a> peuvent se retrouver confront\u00e9s \u00e0 de graves cons\u00e9quences juridiques. Il est essentiel de prendre en compte les implications juridiques avant de tenter d&#039;acheter de la coca\u00efne par quelque moyen que ce soit.<\/p>\n<p>De nombreux utilisateurs recherchent <a href=\"https:\/\/frcs-research.com\/fr\/product-tag\/service-de-livraison-de-cocaine\/\"><strong>options d&#039;exp\u00e9dition de coca\u00efne<\/strong><\/a> doivent \u00eatre conscients que les risques juridiques peuvent s\u2019\u00e9tendre \u00e0 l\u2019exp\u00e9dition et \u00e0 la manutention, ce qui peut entra\u00eener des poursuites p\u00e9nales.<\/p>\n<h2>Conclusion<\/h2>\n<p>En conclusion, bien que de nombreuses personnes puissent \u00eatre tent\u00e9es d\u2019explorer des options pour <a href=\"https:\/\/frcs-research.com\/fr\/product-tag\/meilleur-endroit-pour-acheter-de-la-cocaine\/\"><strong>acheter de la coca\u00efne en ligne<\/strong><\/a>, il est essentiel de donner la priorit\u00e9 \u00e0 la s\u00e9curit\u00e9 et \u00e0 la sensibilisation. La qu\u00eate de <a href=\"https:\/\/frcs-research.com\/fr\/product-tag\/service-de-livraison-de-cocaine\/\"><strong>services de livraison de coca\u00efne<\/strong><\/a> ou <a href=\"https:\/\/frcs-research.com\/fr\/product-tag\/magasin-de-cocaine-en-ligne\/\"><strong>magasins de coca\u00efne en ligne<\/strong><\/a> conduit souvent \u00e0 des situations dangereuses et \u00e0 des produits non r\u00e9glement\u00e9s. Il est essentiel de comprendre les risques, les implications juridiques et les effets potentiels sur la sant\u00e9 associ\u00e9s \u00e0 la consommation de coca\u00efne. Donnez toujours la priorit\u00e9 \u00e0 votre bien-\u00eatre et prenez des d\u00e9cisions \u00e9clair\u00e9es.<\/p>\n<p>Si vous souhaitez approfondir ce sujet, pensez \u00e0 lire sur les dangers de <a href=\"https:\/\/frcs-research.com\/fr\/product-tag\/prix-de-la-cocaine-en-ligne\/\"><strong>prix de la coca\u00efne en ligne<\/strong><\/a> ou comment faire <a href=\"https:\/\/frcs-research.com\/fr\/product-tag\/acheter-de-la-cocaine-discretement\/\"><strong>acheter de la coca\u00efne discr\u00e8tement<\/strong>.<\/a><\/p>","protected":false},"excerpt":{"rendered":"<p>Understanding Cocaine: What You Need to Know Cocaine is a powerful stimulant derived from the leaves of the coca plant, primarily found in South America. Known for its euphoric effects&hellip;<\/p>\n<p class=\"product woocommerce add_to_cart_inline\" style=\"border:4px solid #ccc; padding: 12px;\"><del aria-hidden=\"true\"><span class=\"woocommerce-Price-amount amount\"><bdi><span class=\"woocommerce-Price-currencySymbol\">&euro;<\/span>70.00<\/bdi><\/span><\/del> <span class=\"screen-reader-text\" data-no-translation=\"\" data-trp-gettext=\"\">Le prix d&#039;origine \u00e9tait : &euro;70.00.<\/span><ins aria-hidden=\"true\"><span class=\"woocommerce-Price-amount amount\"><bdi><span class=\"woocommerce-Price-currencySymbol\">&euro;<\/span>55.00<\/bdi><\/span><\/ins><span class=\"screen-reader-text\" data-no-translation=\"\" data-trp-gettext=\"\">Le prix actuel est : &euro;55.00.<\/span><a href=\"\/fr\/wp-json\/wp\/v2\/product\/884?add-to-cart=884\" aria-describedby=\"woocommerce_loop_add_to_cart_link_describedby_884\" data-quantity=\"1\" class=\"button product_type_simple add_to_cart_button ajax_add_to_cart\" data-product_id=\"884\" data-product_sku=\"\" aria-label=\"Ajouter au panier\u00a0: \u201cCocaine 1g\u201d\" rel=\"nofollow\" data-success_message=\"\u00ab\u00a0Cocaine 1g\u00a0\u00bb a \u00e9t\u00e9 ajout\u00e9 \u00e0 votre panier\" data-no-translation=\"\" data-trp-gettext=\"\" data-no-translation-aria-label=\"\" data-no-translation-data-success_message=\"\">Ajouter au panier<\/a>\t<span id=\"woocommerce_loop_add_to_cart_link_describedby_884\" class=\"screen-reader-text\"><br \/>\n\t\t\t<\/span><\/p>","protected":false},"featured_media":886,"comment_status":"open","ping_status":"closed","template":"","meta":{"_uag_custom_page_level_css":""},"product_brand":[],"product_cat":[29],"product_tag":[299,306,297,287,293,290,296,301,294,288,303,305,298,295,292,300,289,302,304,291],"class_list":{"0":"post-884","1":"product","2":"type-product","3":"status-publish","4":"has-post-thumbnail","6":"product_cat-psychedelics","7":"product_tag-best-place-to-buy-cocaine","8":"product_tag-buy-cocaine-discreetly","9":"product_tag-buy-cocaine-legally","10":"product_tag-buy-cocaine-online","11":"product_tag-buy-cocaine-powder","12":"product_tag-buy-pure-cocaine","13":"product_tag-cheap-cocaine-for-sale","14":"product_tag-cocaine-buy-now","15":"product_tag-cocaine-delivery-service","16":"product_tag-cocaine-for-sale","17":"product_tag-cocaine-online-purchase","18":"product_tag-cocaine-price-online","19":"product_tag-cocaine-shipping-options","20":"product_tag-cocaine-shop-online","21":"product_tag-cocaine-vendors","22":"product_tag-online-cocaine-dealer","23":"product_tag-order-cocaine-online","24":"product_tag-order-pure-cocaine","25":"product_tag-trusted-cocaine-supplier","26":"product_tag-where-to-buy-cocaine","28":"first","29":"instock","30":"sale","31":"shipping-taxable","32":"purchasable","33":"product-type-simple"},"yoast_head":"<!-- This site is optimized with the Yoast SEO plugin v27.1.1 - https:\/\/yoast.com\/product\/yoast-seo-wordpress\/ -->\n<title>Buy pure cocaine online 98.8% pure. safe and discreet delivery<\/title>\n<meta name=\"description\" content=\"Looking to buy pure cocaine? Welcome to best shop to order 98.8% pure cocaine from trusted and reliable supplier. We have cheap and high quality cocaine\" \/>\n<meta name=\"robots\" content=\"index, follow, max-snippet:-1, max-image-preview:large, max-video-preview:-1\" \/>\n<link rel=\"canonical\" href=\"https:\/\/frcs-research.com\/fr\/product\/acheter-de-la-cocaine-pure-en-ligne\/\" \/>\n<meta property=\"og:locale\" content=\"fr_FR\" \/>\n<meta property=\"og:type\" content=\"article\" \/>\n<meta property=\"og:title\" content=\"Buy pure cocaine online 98.8% pure. safe and discreet delivery\" \/>\n<meta property=\"og:description\" content=\"Looking to buy pure cocaine? Welcome to best shop to order 98.8% pure cocaine from trusted and reliable supplier. We have cheap and high quality cocaine\" \/>\n<meta property=\"og:url\" content=\"https:\/\/frcs-research.com\/fr\/product\/acheter-de-la-cocaine-pure-en-ligne\/\" \/>\n<meta property=\"og:site_name\" content=\"wholesale supplier of research chemicals, 4mmc, 3mmc, MDPHP, Alpha PVP and more\" \/>\n<meta property=\"article:modified_time\" content=\"2026-04-05T13:52:42+00:00\" \/>\n<meta property=\"og:image\" content=\"https:\/\/frcs-research.com\/wp-content\/uploads\/2024\/10\/photo_2024-09-27_07-19-09-2.jpg\" \/>\n\t<meta property=\"og:image:width\" content=\"960\" \/>\n\t<meta property=\"og:image:height\" content=\"1280\" \/>\n\t<meta property=\"og:image:type\" content=\"image\/jpeg\" \/>\n<meta name=\"twitter:card\" content=\"summary_large_image\" \/>\n<meta name=\"twitter:label1\" content=\"Prix\" \/>\n\t<meta name=\"twitter:data1\" content=\"&euro;55.00\" \/>\n\t<meta name=\"twitter:label2\" content=\"Disponibilit\u00e9\" \/>\n\t<meta name=\"twitter:data2\" content=\"En stock\" \/>\n<script type=\"application\/ld+json\" class=\"yoast-schema-graph\">{\"@context\":\"https:\/\/schema.org\",\"@graph\":[{\"@type\":[\"WebPage\",\"ItemPage\"],\"@id\":\"https:\/\/frcs-research.com\/product\/buy-pure-cocaine-online\/\",\"url\":\"https:\/\/frcs-research.com\/product\/buy-pure-cocaine-online\/\",\"name\":\"Buy pure cocaine online 98.8% pure. safe and discreet delivery\",\"isPartOf\":{\"@id\":\"https:\/\/frcs-research.com\/#website\"},\"primaryImageOfPage\":{\"@id\":\"https:\/\/frcs-research.com\/product\/buy-pure-cocaine-online\/#primaryimage\"},\"image\":{\"@id\":\"https:\/\/frcs-research.com\/product\/buy-pure-cocaine-online\/#primaryimage\"},\"thumbnailUrl\":\"https:\/\/frcs-research.com\/wp-content\/uploads\/2024\/10\/photo_2024-09-27_07-19-09-2.jpg\",\"datePublished\":\"2024-10-18T10:47:54+00:00\",\"dateModified\":\"2026-04-05T13:52:42+00:00\",\"description\":\"Looking to buy pure cocaine? Welcome to best shop to order 98.8% pure cocaine from trusted and reliable supplier. We have cheap and high quality cocaine\",\"breadcrumb\":{\"@id\":\"https:\/\/frcs-research.com\/product\/buy-pure-cocaine-online\/#breadcrumb\"},\"inLanguage\":\"fr-FR\",\"potentialAction\":[{\"@type\":\"ReadAction\",\"target\":[\"https:\/\/frcs-research.com\/product\/buy-pure-cocaine-online\/\"]}]},{\"@type\":\"ImageObject\",\"inLanguage\":\"fr-FR\",\"@id\":\"https:\/\/frcs-research.com\/product\/buy-pure-cocaine-online\/#primaryimage\",\"url\":\"https:\/\/frcs-research.com\/wp-content\/uploads\/2024\/10\/photo_2024-09-27_07-19-09-2.jpg\",\"contentUrl\":\"https:\/\/frcs-research.com\/wp-content\/uploads\/2024\/10\/photo_2024-09-27_07-19-09-2.jpg\",\"width\":960,\"height\":1280,\"caption\":\"Buy pure cocaine online\"},{\"@type\":\"BreadcrumbList\",\"@id\":\"https:\/\/frcs-research.com\/product\/buy-pure-cocaine-online\/#breadcrumb\",\"itemListElement\":[{\"@type\":\"ListItem\",\"position\":1,\"name\":\"Home\",\"item\":\"https:\/\/frcs-research.com\/\"},{\"@type\":\"ListItem\",\"position\":2,\"name\":\"Shop\",\"item\":\"https:\/\/frcs-research.com\/shop\/\"},{\"@type\":\"ListItem\",\"position\":3,\"name\":\"Cocaine 1g\"}]},{\"@type\":\"WebSite\",\"@id\":\"https:\/\/frcs-research.com\/#website\",\"url\":\"https:\/\/frcs-research.com\/\",\"name\":\"wholesale supplier of research chemicals, 4mmc, 3mmc, MDPHP, Alpha PVP and more\",\"description\":\"Wholesale research chemicals\",\"potentialAction\":[{\"@type\":\"SearchAction\",\"target\":{\"@type\":\"EntryPoint\",\"urlTemplate\":\"https:\/\/frcs-research.com\/?s={search_term_string}\"},\"query-input\":{\"@type\":\"PropertyValueSpecification\",\"valueRequired\":true,\"valueName\":\"search_term_string\"}}],\"inLanguage\":\"fr-FR\"}]}<\/script>\n<meta property=\"product:price:amount\" content=\"55.00\" \/>\n<meta property=\"product:price:currency\" content=\"EUR\" \/>\n<meta property=\"og:availability\" content=\"instock\" \/>\n<meta property=\"product:availability\" content=\"instock\" \/>\n<meta property=\"product:condition\" content=\"new\" \/>\n<!-- \/ Yoast SEO plugin. -->","yoast_head_json":{"title":"Achetez de la coca\u00efne pure en ligne 98.8% pure. Livraison s\u00fbre et discr\u00e8te","description":"Vous cherchez \u00e0 acheter de la coca\u00efne pure ? Bienvenue dans la meilleure boutique pour commander de la coca\u00efne pure 98.8% aupr\u00e8s d&#039;un fournisseur fiable et de confiance. Nous avons de la coca\u00efne bon march\u00e9 et de haute qualit\u00e9","robots":{"index":"index","follow":"follow","max-snippet":"max-snippet:-1","max-image-preview":"max-image-preview:large","max-video-preview":"max-video-preview:-1"},"canonical":"https:\/\/frcs-research.com\/fr\/product\/acheter-de-la-cocaine-pure-en-ligne\/","og_locale":"fr_FR","og_type":"article","og_title":"Buy pure cocaine online 98.8% pure. safe and discreet delivery","og_description":"Looking to buy pure cocaine? Welcome to best shop to order 98.8% pure cocaine from trusted and reliable supplier. We have cheap and high quality cocaine","og_url":"https:\/\/frcs-research.com\/fr\/product\/acheter-de-la-cocaine-pure-en-ligne\/","og_site_name":"wholesale supplier of research chemicals, 4mmc, 3mmc, MDPHP, Alpha PVP and more","article_modified_time":"2026-04-05T13:52:42+00:00","og_image":[{"width":960,"height":1280,"url":"https:\/\/frcs-research.com\/wp-content\/uploads\/2024\/10\/photo_2024-09-27_07-19-09-2.jpg","type":"image\/jpeg"}],"twitter_card":"summary_large_image","twitter_misc":{"Prix":"&euro;55.00","Disponibilit\u00e9":"En stock"},"schema":{"@context":"https:\/\/schema.org","@graph":[{"@type":["WebPage","ItemPage"],"@id":"https:\/\/frcs-research.com\/product\/buy-pure-cocaine-online\/","url":"https:\/\/frcs-research.com\/product\/buy-pure-cocaine-online\/","name":"Achetez de la coca\u00efne pure en ligne 98.8% pure. Livraison s\u00fbre et discr\u00e8te","isPartOf":{"@id":"https:\/\/frcs-research.com\/#website"},"primaryImageOfPage":{"@id":"https:\/\/frcs-research.com\/product\/buy-pure-cocaine-online\/#primaryimage"},"image":{"@id":"https:\/\/frcs-research.com\/product\/buy-pure-cocaine-online\/#primaryimage"},"thumbnailUrl":"https:\/\/frcs-research.com\/wp-content\/uploads\/2024\/10\/photo_2024-09-27_07-19-09-2.jpg","datePublished":"2024-10-18T10:47:54+00:00","dateModified":"2026-04-05T13:52:42+00:00","description":"Vous cherchez \u00e0 acheter de la coca\u00efne pure ? Bienvenue dans la meilleure boutique pour commander de la coca\u00efne pure 98.8% aupr\u00e8s d&#039;un fournisseur fiable et de confiance. Nous avons de la coca\u00efne bon march\u00e9 et de haute qualit\u00e9","breadcrumb":{"@id":"https:\/\/frcs-research.com\/product\/buy-pure-cocaine-online\/#breadcrumb"},"inLanguage":"fr-FR","potentialAction":[{"@type":"ReadAction","target":["https:\/\/frcs-research.com\/product\/buy-pure-cocaine-online\/"]}]},{"@type":"ImageObject","inLanguage":"fr-FR","@id":"https:\/\/frcs-research.com\/product\/buy-pure-cocaine-online\/#primaryimage","url":"https:\/\/frcs-research.com\/wp-content\/uploads\/2024\/10\/photo_2024-09-27_07-19-09-2.jpg","contentUrl":"https:\/\/frcs-research.com\/wp-content\/uploads\/2024\/10\/photo_2024-09-27_07-19-09-2.jpg","width":960,"height":1280,"caption":"Buy pure cocaine online"},{"@type":"BreadcrumbList","@id":"https:\/\/frcs-research.com\/product\/buy-pure-cocaine-online\/#breadcrumb","itemListElement":[{"@type":"ListItem","position":1,"name":"Home","item":"https:\/\/frcs-research.com\/"},{"@type":"ListItem","position":2,"name":"Shop","item":"https:\/\/frcs-research.com\/shop\/"},{"@type":"ListItem","position":3,"name":"Cocaine 1g"}]},{"@type":"WebSite","@id":"https:\/\/frcs-research.com\/#website","url":"https:\/\/frcs-research.com\/","name":"fournisseur en gros de produits chimiques de recherche, 4mmc, 3mmc, MDPHP, Alpha PVP et plus","description":"Vente en gros de produits chimiques de recherche","potentialAction":[{"@type":"SearchAction","target":{"@type":"EntryPoint","urlTemplate":"https:\/\/frcs-research.com\/?s={search_term_string}"},"query-input":{"@type":"PropertyValueSpecification","valueRequired":true,"valueName":"search_term_string"}}],"inLanguage":"fr-FR"}]},"product_price_amount":"55.00","product_price_currency":"EUR","og_availability":"instock","product_availability":"instock","product_condition":"new"},"uagb_featured_image_src":{"full":["https:\/\/frcs-research.com\/wp-content\/uploads\/2024\/10\/photo_2024-09-27_07-19-09-2.jpg",960,1280,false],"thumbnail":["https:\/\/frcs-research.com\/wp-content\/uploads\/2024\/10\/photo_2024-09-27_07-19-09-2-150x150.jpg",150,150,true],"medium":["https:\/\/frcs-research.com\/wp-content\/uploads\/2024\/10\/photo_2024-09-27_07-19-09-2-225x300.jpg",225,300,true],"medium_large":["https:\/\/frcs-research.com\/wp-content\/uploads\/2024\/10\/photo_2024-09-27_07-19-09-2-768x1024.jpg",768,1024,true],"large":["https:\/\/frcs-research.com\/wp-content\/uploads\/2024\/10\/photo_2024-09-27_07-19-09-2-768x1024.jpg",768,1024,true],"1536x1536":["https:\/\/frcs-research.com\/wp-content\/uploads\/2024\/10\/photo_2024-09-27_07-19-09-2.jpg",960,1280,false],"2048x2048":["https:\/\/frcs-research.com\/wp-content\/uploads\/2024\/10\/photo_2024-09-27_07-19-09-2.jpg",960,1280,false],"trp-custom-language-flag":["https:\/\/frcs-research.com\/wp-content\/uploads\/2024\/10\/photo_2024-09-27_07-19-09-2.jpg",9,12,false],"post-thumbnail":["https:\/\/frcs-research.com\/wp-content\/uploads\/2024\/10\/photo_2024-09-27_07-19-09-2.jpg",465,620,false],"elite-commerce-slider":["https:\/\/frcs-research.com\/wp-content\/uploads\/2024\/10\/photo_2024-09-27_07-19-09-2.jpg",750,1000,false],"elite-commerce-hero":["https:\/\/frcs-research.com\/wp-content\/uploads\/2024\/10\/photo_2024-09-27_07-19-09-2.jpg",488,650,false],"elite-commerce-portfolio":["https:\/\/frcs-research.com\/wp-content\/uploads\/2024\/10\/photo_2024-09-27_07-19-09-2.jpg",338,450,false],"woocommerce_thumbnail":["https:\/\/frcs-research.com\/wp-content\/uploads\/2024\/10\/photo_2024-09-27_07-19-09-2-300x300.jpg",300,300,true],"woocommerce_single":["https:\/\/frcs-research.com\/wp-content\/uploads\/2024\/10\/photo_2024-09-27_07-19-09-2-600x800.jpg",600,800,true],"woocommerce_gallery_thumbnail":["https:\/\/frcs-research.com\/wp-content\/uploads\/2024\/10\/photo_2024-09-27_07-19-09-2-100x100.jpg",100,100,true]},"uagb_author_info":{"display_name":"cho","author_link":"https:\/\/frcs-research.com\/fr\/author\/"},"uagb_comment_info":797,"uagb_excerpt":"Understanding Cocaine: What You Need to Know Cocaine is a powerful stimulant derived from the leaves of the coca plant, primarily found in South America. Known for its euphoric effects&hellip;&euro;70.00 Le prix d&#039;origine \u00e9tait : &euro;70.00.&euro;55.00Le prix actuel est : &euro;55.00.Ajouter au panier","_links":{"self":[{"href":"https:\/\/frcs-research.com\/fr\/wp-json\/wp\/v2\/product\/884","targetHints":{"allow":["GET"]}}],"collection":[{"href":"https:\/\/frcs-research.com\/fr\/wp-json\/wp\/v2\/product"}],"about":[{"href":"https:\/\/frcs-research.com\/fr\/wp-json\/wp\/v2\/types\/product"}],"replies":[{"embeddable":true,"href":"https:\/\/frcs-research.com\/fr\/wp-json\/wp\/v2\/comments?post=884"}],"wp:featuredmedia":[{"embeddable":true,"href":"https:\/\/frcs-research.com\/fr\/wp-json\/wp\/v2\/media\/886"}],"wp:attachment":[{"href":"https:\/\/frcs-research.com\/fr\/wp-json\/wp\/v2\/media?parent=884"}],"wp:term":[{"taxonomy":"product_brand","embeddable":true,"href":"https:\/\/frcs-research.com\/fr\/wp-json\/wp\/v2\/product_brand?post=884"},{"taxonomy":"product_cat","embeddable":true,"href":"https:\/\/frcs-research.com\/fr\/wp-json\/wp\/v2\/product_cat?post=884"},{"taxonomy":"product_tag","embeddable":true,"href":"https:\/\/frcs-research.com\/fr\/wp-json\/wp\/v2\/product_tag?post=884"}],"curies":[{"name":"wp","href":"https:\/\/api.w.org\/{rel}","templated":true}]}}