{"id":898,"date":"2024-10-18T14:56:42","date_gmt":"2024-10-18T14:56:42","guid":{"rendered":"https:\/\/frcs-research.com\/?post_type=product&#038;p=898"},"modified":"2026-04-05T15:22:19","modified_gmt":"2026-04-05T15:22:19","slug":"mdmb-butinaca-en-gros","status":"publish","type":"product","link":"https:\/\/frcs-research.com\/fr\/product\/mdmb-butinaca-en-gros\/","title":{"rendered":"MDMB-Butinaca 1kg"},"content":{"rendered":"<p><strong>Le guide ultime de la vente en gros de MDMB-Butinaca\u00a0: approvisionnement en vrac, puret\u00e9 et normes industrielles<\/strong><\/p>\n<p>Ces derni\u00e8res ann\u00e9es, les cannabino\u00efdes synth\u00e9tiques ont suscit\u00e9 une attention consid\u00e9rable dans diverses industries, notamment dans la recherche et l&#039;analyse chimique. L&#039;un de ces compos\u00e9s, <strong>MDMB-Butinaca<\/strong>, est devenu un acteur cl\u00e9 en raison de ses propri\u00e9t\u00e9s uniques. Si vous \u00eates \u00e0 la recherche de <strong>Commandes group\u00e9es MDMB-Butinaca<\/strong>, ce guide couvrira tout ce que vous devez savoir, de la recherche d&#039;un fournisseur fiable <strong>MDMB-Fournisseur en gros de Butinaca<\/strong> pour vous assurer de r\u00e9pondre \u00e0 toutes <strong>normes de conformit\u00e9 r\u00e9glementaire<\/strong>.<\/p>\n<h3>Qu&#039;est-ce que MDMB-Butinaca?<\/h3>\n<p><strong>MDMB-Butinaca<\/strong>, \u00e9galement connu sous son <strong>Num\u00e9ro CAS<\/strong>, est un puissant <strong>cannabino\u00efde synth\u00e9tique<\/strong> principalement utilis\u00e9 dans la recherche scientifique. Les chercheurs et les laboratoires du monde entier recherchent <strong>MDMB-Butinaca pour la recherche scientifique<\/strong> en raison de sa capacit\u00e9 \u00e0 imiter les effets des cannabino\u00efdes naturels. Cependant, son utilisation est tr\u00e8s r\u00e9glement\u00e9e, ce qui rend crucial de s&#039;approvisionner aupr\u00e8s d&#039;un <strong>fournisseur certifi\u00e9 MDMB-Butinaca<\/strong>.<\/p>\n<h3>Pourquoi choisir MDMB-Butinaca?<\/h3>\n<p>Le haut <strong>puret\u00e9 du MDMB-Butinaca<\/strong> en fait un produit chimique recherch\u00e9 pour diverses applications, notamment dans l&#039;\u00e9tude des cannabino\u00efdes et de leurs effets sur le corps humain. Lorsqu&#039;il provient d&#039;un <strong><a href=\"https:\/\/www.iso.org\/certification.html\">Certifi\u00e9 ISO<\/a> Fournisseur MDMB-Butinaca<\/strong>, il garantit la fiabilit\u00e9 et la coh\u00e9rence du produit dans les contextes de recherche.<\/p>\n<h3>Comment trouver un fournisseur en gros fiable de MDMB-Butinaca<\/h3>\n<p>Quand il s&#039;agit de <strong>achat de MDMB-Butinaca en gros<\/strong>, il est essentiel de choisir le bon fournisseur. Voici ce que vous devez rechercher\u00a0:<\/p>\n<ol>\n<li><strong>Certification de puret\u00e9 et de s\u00e9curit\u00e9<\/strong>: Assurez-vous que votre fournisseur fournit <strong>Certificats de puret\u00e9 MDMB-Butinaca<\/strong>Cela garantit que le compos\u00e9 r\u00e9pond aux normes de l\u2019industrie et est s\u00fbr \u00e0 des fins de recherche.<\/li>\n<li><strong>Conformit\u00e9 r\u00e9glementaire<\/strong>:Les cannabino\u00efdes synth\u00e9tiques comme le MDMB-Butinaca sont soumis \u00e0 une r\u00e9glementation stricte. <strong>fournisseur MDMB-Butinaca conforme \u00e0 la r\u00e9glementation<\/strong> respectera les normes l\u00e9gales, r\u00e9duisant ainsi le risque de manipuler des produits chimiques non approuv\u00e9s ou dangereux.<\/li>\n<li><strong>Normes de qualit\u00e9 \u00e9lev\u00e9es<\/strong>: Collaborez avec des fournisseurs proposant <strong>cannabino\u00efdes synth\u00e9tiques test\u00e9s en toute s\u00e9curit\u00e9<\/strong>Cela garantit que le produit a pass\u00e9 des contr\u00f4les de s\u00e9curit\u00e9 rigoureux, le rendant ainsi adapt\u00e9 \u00e0 la recherche ou aux applications industrielles.<\/li>\n<li><strong>Certification ISO<\/strong>: <strong>Certifi\u00e9 ISO <a href=\"https:\/\/frcs-research.com\/fr\/product-tag\/mdmb-butinaca-approvisionnement-industriel\/\">Fournisseurs MDMB-Butinaca<\/a><\/strong> suivent des protocoles stricts pour maintenir la qualit\u00e9 et la s\u00e9curit\u00e9 de leurs produits. Recherchez des fournisseurs qui peuvent offrir <strong>fabrication de cannabino\u00efdes synth\u00e9tiques en vrac<\/strong> avec une norme ISO.<\/li>\n<\/ol>\n<h3>Les avantages des commandes en gros MDMB-Butinaca<\/h3>\n<p>Pour les laboratoires de recherche, les institutions universitaires et les applications industrielles, <a href=\"https:\/\/frcs-research.com\/fr\/product-tag\/commande-en-gros-de-mdmb-butinaca\/\"><strong>Commandes group\u00e9es MDMB-Butinaca<\/strong><\/a> peut \u00eatre rentable et faire gagner du temps. <strong>Fournisseurs en gros MDMB-Butinaca<\/strong> proposent souvent des remises pour des quantit\u00e9s plus importantes, ce qui permet aux organisations de mener des recherches approfondies \u00e0 moindre co\u00fbt. <strong>MDMB-Butinaca en vrac<\/strong> garantit le bon d\u00e9roulement de vos projets sans risque de p\u00e9nurie d\u2019approvisionnement.<\/p>\n<h3>MDMB-Butinaca pour la recherche scientifique<\/h3>\n<p>L\u2019int\u00e9r\u00eat croissant pour les cannabino\u00efdes a conduit \u00e0 une demande accrue de <strong>Produits de qualit\u00e9 laboratoire MDMB-Butinaca<\/strong>. De nombreux chercheurs se tournent vers <strong>MDMB-Butinaca pour les normes analytiques<\/strong>, ce qui permet de garantir des r\u00e9sultats coh\u00e9rents dans les \u00e9tudes. <a href=\"https:\/\/frcs-research.com\/fr\/product-tag\/butinaca-mdmb-de-haute-purete\/\"><strong>MDMB-Butinaca de haute puret\u00e9<\/strong><\/a> d&#039;un <strong>fournisseur fiable en vrac<\/strong> est essentielle pour obtenir des r\u00e9sultats pr\u00e9cis dans toute \u00e9tude scientifique.<\/p>\n<h3>MDMB-Fournitures industrielles de Butinaca<\/h3>\n<p>En plus de son r\u00f4le dans la recherche, <a href=\"https:\/\/frcs-research.com\/fr\/product-tag\/approvisionnement-en-vrac-de-poudre-de-butinaca-mdmb\/\"><strong>MDMB-Fourniture industrielle de Butinaca<\/strong><\/a> est essentiel pour les applications \u00e0 grande \u00e9chelle. De nombreuses industries comptent sur <strong>compos\u00e9s cannabino\u00efdes en vrac<\/strong> pour la fabrication et le d\u00e9veloppement de produits. En s&#039;approvisionnant aupr\u00e8s d&#039;un <strong>fabricant de confiance MDMB-Butinaca<\/strong>, les entreprises peuvent s&#039;assurer qu&#039;elles re\u00e7oivent <strong>formulations personnalis\u00e9es de MDMB-Butinaca<\/strong> adapt\u00e9s \u00e0 leurs besoins sp\u00e9cifiques.<\/p>\n<h3>Choisir le bon distributeur en vrac MDMB-Butinaca<\/h3>\n<p>Avec autant de fournisseurs disponibles, il est essentiel de travailler avec un <strong>honorable <a href=\"https:\/\/frcs-research.com\/fr\/product-tag\/distributeur-mdmb-butinaca-en-vrac\/\">Distributeur en vrac MDMB-Butinaca<\/a><\/strong> qui peut r\u00e9pondre \u00e0 vos besoins. Un fournisseur de premier ordre ne vous proposera pas seulement <a href=\"https:\/\/frcs-research.com\/fr\/product-tag\/mdmb-butinaca-approvisionnement-industriel\/\"><strong>MDMB-Approvisionnement en poudre de Butinaca en vrac<\/strong><\/a> mais aussi fournir <strong>formulations personnalis\u00e9es de MDMB-Butinaca<\/strong> si besoin.<\/p>\n<h3>Conclusion<\/h3>\n<p>Alors que la demande de <strong>cannabino\u00efdes synth\u00e9tiques<\/strong> continue de cro\u00eetre, sourcing <strong>MDMB-Butinaca en vrac<\/strong> est devenue cruciale pour les chercheurs et les industries. Que vous recherchiez <strong>Distribution \u00e0 grande \u00e9chelle de MDMB-Butinaca<\/strong> ou besoin d&#039;un <strong>fournisseur certifi\u00e9 MDMB-Butinaca<\/strong> pour votre laboratoire, trouver le bon partenaire grossiste peut faire toute la diff\u00e9rence.<\/p>\n<p>Assurez-vous que votre fournisseur propose <strong>MDMB-Butinaca de haute puret\u00e9<\/strong> avec le n\u00e9cessaire <strong>certificats de puret\u00e9<\/strong> et adh\u00e8re \u00e0 des normes strictes <strong>normes de s\u00e9curit\u00e9 et de r\u00e9glementation<\/strong>En suivant ces conseils, vous pouvez acheter en toute confiance <strong>MDMB-Butinaca en vrac<\/strong> pour toute application.<\/p>","protected":false},"excerpt":{"rendered":"<p>The Ultimate Guide to MDMB-Butinaca Wholesale: Bulk Supply, Purity, and Industry Standards In recent years, synthetic cannabinoids have gained significant attention in various industries, particularly in research and chemical analysis.&hellip;<\/p>\n<p class=\"product woocommerce add_to_cart_inline\" style=\"border:4px solid #ccc; padding: 12px;\"><del aria-hidden=\"true\"><span class=\"woocommerce-Price-amount amount\"><bdi><span class=\"woocommerce-Price-currencySymbol\">&euro;<\/span>550.00<\/bdi><\/span><\/del> <span class=\"screen-reader-text\" data-no-translation=\"\" data-trp-gettext=\"\">Le prix d&#039;origine \u00e9tait : &euro;550.00.<\/span><ins aria-hidden=\"true\"><span class=\"woocommerce-Price-amount amount\"><bdi><span class=\"woocommerce-Price-currencySymbol\">&euro;<\/span>500.00<\/bdi><\/span><\/ins><span class=\"screen-reader-text\" data-no-translation=\"\" data-trp-gettext=\"\">Le prix actuel est : &euro;500.00.<\/span><a href=\"\/fr\/wp-json\/wp\/v2\/product\/898?add-to-cart=898\" aria-describedby=\"woocommerce_loop_add_to_cart_link_describedby_898\" data-quantity=\"1\" class=\"button product_type_simple add_to_cart_button ajax_add_to_cart\" data-product_id=\"898\" data-product_sku=\"\" aria-label=\"Ajouter au panier\u00a0: \u201cMDMB-Butinaca 1kg\u201d\" rel=\"nofollow\" data-success_message=\"\u00ab\u00a0MDMB-Butinaca 1kg\u00a0\u00bb a \u00e9t\u00e9 ajout\u00e9 \u00e0 votre panier\" data-no-translation=\"\" data-trp-gettext=\"\" data-no-translation-aria-label=\"\" data-no-translation-data-success_message=\"\">Ajouter au panier<\/a>\t<span id=\"woocommerce_loop_add_to_cart_link_describedby_898\" class=\"screen-reader-text\"><br \/>\n\t\t\t<\/span><\/p>","protected":false},"featured_media":899,"comment_status":"open","ping_status":"closed","template":"","meta":{"_uag_custom_page_level_css":""},"product_brand":[],"product_cat":[25],"product_tag":[323,326,318,324,325,320,321,328,317,322,319,327],"class_list":{"0":"post-898","1":"product","2":"type-product","3":"status-publish","4":"has-post-thumbnail","6":"product_cat-synthetic-cannabinoids","7":"product_tag-bulk-mdmb-butinaca-distributor","8":"product_tag-high-purity-mdmb-butinaca","9":"product_tag-mdmb-butinaca-bulk-order","10":"product_tag-mdmb-butinaca-cas-number","11":"product_tag-mdmb-butinaca-industrial-supply","12":"product_tag-mdmb-butinaca-large-scale-distribution","13":"product_tag-mdmb-butinaca-manufacturer","14":"product_tag-mdmb-butinaca-powder-bulk-supply","15":"product_tag-mdmb-butinaca-wholesale-supplier","16":"product_tag-research-chemicals-wholesale","17":"product_tag-synthetic-cannabinoids-bulk","18":"product_tag-wholesale-synthetic-cannabinoids","20":"first","21":"instock","22":"sale","23":"shipping-taxable","24":"purchasable","25":"product-type-simple"},"yoast_head":"<!-- This site is optimized with the Yoast SEO plugin v27.1.1 - https:\/\/yoast.com\/product\/yoast-seo-wordpress\/ -->\n<title>MDMB-Butinaca Wholesale: Bulk Supply, High Purity, and Industry<\/title>\n<meta name=\"description\" content=\"Looking for a reliable MDMB-Butinaca wholesale supplier? Learn how to buy high-purity MDMB-Butinaca in bulk with safety certifications and regulatory compliance for research or industrial applications.\" \/>\n<meta name=\"robots\" content=\"index, follow, max-snippet:-1, max-image-preview:large, max-video-preview:-1\" \/>\n<link rel=\"canonical\" href=\"https:\/\/frcs-research.com\/fr\/product\/mdmb-butinaca-en-gros\/\" \/>\n<meta property=\"og:locale\" content=\"fr_FR\" \/>\n<meta property=\"og:type\" content=\"article\" \/>\n<meta property=\"og:title\" content=\"MDMB-Butinaca Wholesale: Bulk Supply, High Purity, and Industry\" \/>\n<meta property=\"og:description\" content=\"Looking for a reliable MDMB-Butinaca wholesale supplier? Learn how to buy high-purity MDMB-Butinaca in bulk with safety certifications and regulatory compliance for research or industrial applications.\" \/>\n<meta property=\"og:url\" content=\"https:\/\/frcs-research.com\/fr\/product\/mdmb-butinaca-en-gros\/\" \/>\n<meta property=\"og:site_name\" content=\"wholesale supplier of research chemicals, 4mmc, 3mmc, MDPHP, Alpha PVP and more\" \/>\n<meta property=\"article:modified_time\" content=\"2026-04-05T15:22:19+00:00\" \/>\n<meta property=\"og:image\" content=\"https:\/\/frcs-research.com\/wp-content\/uploads\/2024\/10\/1711485862-2.jpg\" \/>\n\t<meta property=\"og:image:width\" content=\"768\" \/>\n\t<meta property=\"og:image:height\" content=\"1024\" \/>\n\t<meta property=\"og:image:type\" content=\"image\/jpeg\" \/>\n<meta name=\"twitter:card\" content=\"summary_large_image\" \/>\n<meta name=\"twitter:label1\" content=\"Prix\" \/>\n\t<meta name=\"twitter:data1\" content=\"&euro;500.00\" \/>\n\t<meta name=\"twitter:label2\" content=\"Disponibilit\u00e9\" \/>\n\t<meta name=\"twitter:data2\" content=\"En stock\" \/>\n<script type=\"application\/ld+json\" class=\"yoast-schema-graph\">{\"@context\":\"https:\/\/schema.org\",\"@graph\":[{\"@type\":[\"WebPage\",\"ItemPage\"],\"@id\":\"https:\/\/frcs-research.com\/product\/mdmb-butinaca-wholesale\/\",\"url\":\"https:\/\/frcs-research.com\/product\/mdmb-butinaca-wholesale\/\",\"name\":\"MDMB-Butinaca Wholesale: Bulk Supply, High Purity, and Industry\",\"isPartOf\":{\"@id\":\"https:\/\/frcs-research.com\/#website\"},\"primaryImageOfPage\":{\"@id\":\"https:\/\/frcs-research.com\/product\/mdmb-butinaca-wholesale\/#primaryimage\"},\"image\":{\"@id\":\"https:\/\/frcs-research.com\/product\/mdmb-butinaca-wholesale\/#primaryimage\"},\"thumbnailUrl\":\"https:\/\/frcs-research.com\/wp-content\/uploads\/2024\/10\/1711485862-2.jpg\",\"datePublished\":\"2024-10-18T14:56:42+00:00\",\"dateModified\":\"2026-04-05T15:22:19+00:00\",\"description\":\"Looking for a reliable MDMB-Butinaca wholesale supplier? Learn how to buy high-purity MDMB-Butinaca in bulk with safety certifications and regulatory compliance for research or industrial applications.\",\"breadcrumb\":{\"@id\":\"https:\/\/frcs-research.com\/product\/mdmb-butinaca-wholesale\/#breadcrumb\"},\"inLanguage\":\"fr-FR\",\"potentialAction\":[{\"@type\":\"ReadAction\",\"target\":[\"https:\/\/frcs-research.com\/product\/mdmb-butinaca-wholesale\/\"]}]},{\"@type\":\"ImageObject\",\"inLanguage\":\"fr-FR\",\"@id\":\"https:\/\/frcs-research.com\/product\/mdmb-butinaca-wholesale\/#primaryimage\",\"url\":\"https:\/\/frcs-research.com\/wp-content\/uploads\/2024\/10\/1711485862-2.jpg\",\"contentUrl\":\"https:\/\/frcs-research.com\/wp-content\/uploads\/2024\/10\/1711485862-2.jpg\",\"width\":768,\"height\":1024,\"caption\":\"MDMB-Butinaca Wholesale\"},{\"@type\":\"BreadcrumbList\",\"@id\":\"https:\/\/frcs-research.com\/product\/mdmb-butinaca-wholesale\/#breadcrumb\",\"itemListElement\":[{\"@type\":\"ListItem\",\"position\":1,\"name\":\"Home\",\"item\":\"https:\/\/frcs-research.com\/\"},{\"@type\":\"ListItem\",\"position\":2,\"name\":\"Shop\",\"item\":\"https:\/\/frcs-research.com\/shop\/\"},{\"@type\":\"ListItem\",\"position\":3,\"name\":\"MDMB-Butinaca 1kg\"}]},{\"@type\":\"WebSite\",\"@id\":\"https:\/\/frcs-research.com\/#website\",\"url\":\"https:\/\/frcs-research.com\/\",\"name\":\"wholesale supplier of research chemicals, 4mmc, 3mmc, MDPHP, Alpha PVP and more\",\"description\":\"Wholesale research chemicals\",\"potentialAction\":[{\"@type\":\"SearchAction\",\"target\":{\"@type\":\"EntryPoint\",\"urlTemplate\":\"https:\/\/frcs-research.com\/?s={search_term_string}\"},\"query-input\":{\"@type\":\"PropertyValueSpecification\",\"valueRequired\":true,\"valueName\":\"search_term_string\"}}],\"inLanguage\":\"fr-FR\"}]}<\/script>\n<meta property=\"product:price:amount\" content=\"500.00\" \/>\n<meta property=\"product:price:currency\" content=\"EUR\" \/>\n<meta property=\"og:availability\" content=\"instock\" \/>\n<meta property=\"product:availability\" content=\"instock\" \/>\n<meta property=\"product:condition\" content=\"new\" \/>\n<!-- \/ Yoast SEO plugin. -->","yoast_head_json":{"title":"MDMB-Butinaca Wholesale : approvisionnement en vrac, haute puret\u00e9 et industrie","description":"Vous recherchez un fournisseur fiable de MDMB-Butinaca en gros ? D\u00e9couvrez comment acheter du MDMB-Butinaca de haute puret\u00e9 en vrac avec des certifications de s\u00e9curit\u00e9 et une conformit\u00e9 r\u00e9glementaire pour la recherche ou les applications industrielles.","robots":{"index":"index","follow":"follow","max-snippet":"max-snippet:-1","max-image-preview":"max-image-preview:large","max-video-preview":"max-video-preview:-1"},"canonical":"https:\/\/frcs-research.com\/fr\/product\/mdmb-butinaca-en-gros\/","og_locale":"fr_FR","og_type":"article","og_title":"MDMB-Butinaca Wholesale: Bulk Supply, High Purity, and Industry","og_description":"Looking for a reliable MDMB-Butinaca wholesale supplier? Learn how to buy high-purity MDMB-Butinaca in bulk with safety certifications and regulatory compliance for research or industrial applications.","og_url":"https:\/\/frcs-research.com\/fr\/product\/mdmb-butinaca-en-gros\/","og_site_name":"wholesale supplier of research chemicals, 4mmc, 3mmc, MDPHP, Alpha PVP and more","article_modified_time":"2026-04-05T15:22:19+00:00","og_image":[{"width":768,"height":1024,"url":"https:\/\/frcs-research.com\/wp-content\/uploads\/2024\/10\/1711485862-2.jpg","type":"image\/jpeg"}],"twitter_card":"summary_large_image","twitter_misc":{"Prix":"&euro;500.00","Disponibilit\u00e9":"En stock"},"schema":{"@context":"https:\/\/schema.org","@graph":[{"@type":["WebPage","ItemPage"],"@id":"https:\/\/frcs-research.com\/product\/mdmb-butinaca-wholesale\/","url":"https:\/\/frcs-research.com\/product\/mdmb-butinaca-wholesale\/","name":"MDMB-Butinaca Wholesale : approvisionnement en vrac, haute puret\u00e9 et industrie","isPartOf":{"@id":"https:\/\/frcs-research.com\/#website"},"primaryImageOfPage":{"@id":"https:\/\/frcs-research.com\/product\/mdmb-butinaca-wholesale\/#primaryimage"},"image":{"@id":"https:\/\/frcs-research.com\/product\/mdmb-butinaca-wholesale\/#primaryimage"},"thumbnailUrl":"https:\/\/frcs-research.com\/wp-content\/uploads\/2024\/10\/1711485862-2.jpg","datePublished":"2024-10-18T14:56:42+00:00","dateModified":"2026-04-05T15:22:19+00:00","description":"Vous recherchez un fournisseur fiable de MDMB-Butinaca en gros ? D\u00e9couvrez comment acheter du MDMB-Butinaca de haute puret\u00e9 en vrac avec des certifications de s\u00e9curit\u00e9 et une conformit\u00e9 r\u00e9glementaire pour la recherche ou les applications industrielles.","breadcrumb":{"@id":"https:\/\/frcs-research.com\/product\/mdmb-butinaca-wholesale\/#breadcrumb"},"inLanguage":"fr-FR","potentialAction":[{"@type":"ReadAction","target":["https:\/\/frcs-research.com\/product\/mdmb-butinaca-wholesale\/"]}]},{"@type":"ImageObject","inLanguage":"fr-FR","@id":"https:\/\/frcs-research.com\/product\/mdmb-butinaca-wholesale\/#primaryimage","url":"https:\/\/frcs-research.com\/wp-content\/uploads\/2024\/10\/1711485862-2.jpg","contentUrl":"https:\/\/frcs-research.com\/wp-content\/uploads\/2024\/10\/1711485862-2.jpg","width":768,"height":1024,"caption":"MDMB-Butinaca Wholesale"},{"@type":"BreadcrumbList","@id":"https:\/\/frcs-research.com\/product\/mdmb-butinaca-wholesale\/#breadcrumb","itemListElement":[{"@type":"ListItem","position":1,"name":"Home","item":"https:\/\/frcs-research.com\/"},{"@type":"ListItem","position":2,"name":"Shop","item":"https:\/\/frcs-research.com\/shop\/"},{"@type":"ListItem","position":3,"name":"MDMB-Butinaca 1kg"}]},{"@type":"WebSite","@id":"https:\/\/frcs-research.com\/#website","url":"https:\/\/frcs-research.com\/","name":"fournisseur en gros de produits chimiques de recherche, 4mmc, 3mmc, MDPHP, Alpha PVP et plus","description":"Vente en gros de produits chimiques de recherche","potentialAction":[{"@type":"SearchAction","target":{"@type":"EntryPoint","urlTemplate":"https:\/\/frcs-research.com\/?s={search_term_string}"},"query-input":{"@type":"PropertyValueSpecification","valueRequired":true,"valueName":"search_term_string"}}],"inLanguage":"fr-FR"}]},"product_price_amount":"500.00","product_price_currency":"EUR","og_availability":"instock","product_availability":"instock","product_condition":"new"},"uagb_featured_image_src":{"full":["https:\/\/frcs-research.com\/wp-content\/uploads\/2024\/10\/1711485862-2.jpg",768,1024,false],"thumbnail":["https:\/\/frcs-research.com\/wp-content\/uploads\/2024\/10\/1711485862-2-150x150.jpg",150,150,true],"medium":["https:\/\/frcs-research.com\/wp-content\/uploads\/2024\/10\/1711485862-2-225x300.jpg",225,300,true],"medium_large":["https:\/\/frcs-research.com\/wp-content\/uploads\/2024\/10\/1711485862-2.jpg",768,1024,false],"large":["https:\/\/frcs-research.com\/wp-content\/uploads\/2024\/10\/1711485862-2.jpg",768,1024,false],"1536x1536":["https:\/\/frcs-research.com\/wp-content\/uploads\/2024\/10\/1711485862-2.jpg",768,1024,false],"2048x2048":["https:\/\/frcs-research.com\/wp-content\/uploads\/2024\/10\/1711485862-2.jpg",768,1024,false],"trp-custom-language-flag":["https:\/\/frcs-research.com\/wp-content\/uploads\/2024\/10\/1711485862-2.jpg",9,12,false],"post-thumbnail":["https:\/\/frcs-research.com\/wp-content\/uploads\/2024\/10\/1711485862-2.jpg",465,620,false],"elite-commerce-slider":["https:\/\/frcs-research.com\/wp-content\/uploads\/2024\/10\/1711485862-2.jpg",750,1000,false],"elite-commerce-hero":["https:\/\/frcs-research.com\/wp-content\/uploads\/2024\/10\/1711485862-2.jpg",488,650,false],"elite-commerce-portfolio":["https:\/\/frcs-research.com\/wp-content\/uploads\/2024\/10\/1711485862-2.jpg",338,450,false],"woocommerce_thumbnail":["https:\/\/frcs-research.com\/wp-content\/uploads\/2024\/10\/1711485862-2-300x300.jpg",300,300,true],"woocommerce_single":["https:\/\/frcs-research.com\/wp-content\/uploads\/2024\/10\/1711485862-2-600x800.jpg",600,800,true],"woocommerce_gallery_thumbnail":["https:\/\/frcs-research.com\/wp-content\/uploads\/2024\/10\/1711485862-2-100x100.jpg",100,100,true]},"uagb_author_info":{"display_name":"cho","author_link":"https:\/\/frcs-research.com\/fr\/author\/"},"uagb_comment_info":739,"uagb_excerpt":"The Ultimate Guide to MDMB-Butinaca Wholesale: Bulk Supply, Purity, and Industry Standards In recent years, synthetic cannabinoids have gained significant attention in various industries, particularly in research and chemical analysis.&hellip;&euro;550.00 Le prix d&#039;origine \u00e9tait : &euro;550.00.&euro;500.00Le prix actuel est : &euro;500.00.Ajouter au panier","_links":{"self":[{"href":"https:\/\/frcs-research.com\/fr\/wp-json\/wp\/v2\/product\/898","targetHints":{"allow":["GET"]}}],"collection":[{"href":"https:\/\/frcs-research.com\/fr\/wp-json\/wp\/v2\/product"}],"about":[{"href":"https:\/\/frcs-research.com\/fr\/wp-json\/wp\/v2\/types\/product"}],"replies":[{"embeddable":true,"href":"https:\/\/frcs-research.com\/fr\/wp-json\/wp\/v2\/comments?post=898"}],"wp:featuredmedia":[{"embeddable":true,"href":"https:\/\/frcs-research.com\/fr\/wp-json\/wp\/v2\/media\/899"}],"wp:attachment":[{"href":"https:\/\/frcs-research.com\/fr\/wp-json\/wp\/v2\/media?parent=898"}],"wp:term":[{"taxonomy":"product_brand","embeddable":true,"href":"https:\/\/frcs-research.com\/fr\/wp-json\/wp\/v2\/product_brand?post=898"},{"taxonomy":"product_cat","embeddable":true,"href":"https:\/\/frcs-research.com\/fr\/wp-json\/wp\/v2\/product_cat?post=898"},{"taxonomy":"product_tag","embeddable":true,"href":"https:\/\/frcs-research.com\/fr\/wp-json\/wp\/v2\/product_tag?post=898"}],"curies":[{"name":"wp","href":"https:\/\/api.w.org\/{rel}","templated":true}]}}