{"id":612,"date":"2024-10-08T23:48:06","date_gmt":"2024-10-08T23:48:06","guid":{"rendered":"https:\/\/frcs-research.com\/mdphp-freebase-2\/"},"modified":"2024-10-09T00:42:43","modified_gmt":"2024-10-09T00:42:43","slug":"acquistare-flualprazolam-online","status":"publish","type":"page","link":"https:\/\/frcs-research.com\/it\/acquistare-flualprazolam-online\/","title":{"rendered":"Acquista Flualprazolam online"},"content":{"rendered":"<h1 class=\"wp-block-heading\">Acquista Flualprazolam online \u2013 Flualprazolam di alta qualit\u00e0 per la ricerca presso FRCS Research<\/h1>\n\n\n\n<div class=\"wp-block-uagb-container uagb-block-ddbe5c65 alignfull uagb-is-root-container\"><div class=\"uagb-container-inner-blocks-wrap\">\n<div class=\"wp-block-uagb-advanced-heading uagb-block-fa4e7c56\"><h1 class=\"uagb-heading-text\">Acquista Flualprazolam online \u2013 Flualprazolam di alta qualit\u00e0 per la ricerca presso FRCS Research<\/h1><p class=\"uagb-desc-text\">Stai cercando di <strong>acquistare Flualprazolam online<\/strong> per scopi di ricerca? A <strong>Ricerca FRCS<\/strong>, siamo orgogliosi di offrire qualit\u00e0 premium <strong>Flualprazolam<\/strong>, un potente analogo delle benzodiazepine, per la ricerca scientifica e di laboratorio. Il nostro obiettivo \u00e8 fornire <strong>prodotti chimici di ricerca ad alta purezza<\/strong> che soddisfano i pi\u00f9 elevati standard del settore, garantendo che la tua ricerca produca risultati affidabili e coerenti.<\/p><\/div>\n<\/div><\/div>\n\n\n\n<div class=\"wp-block-uagb-container uagb-block-f4853f72 alignfull uagb-is-root-container\"><div class=\"uagb-container-inner-blocks-wrap\">\n<div class=\"wp-block-uagb-image uagb-block-066e3443 wp-block-uagb-image--layout-default wp-block-uagb-image--effect-static wp-block-uagb-image--align-none\"><figure class=\"wp-block-uagb-image__figure\"><img decoding=\"async\" srcset=\"https:\/\/frcs-research.com\/wp-content\/uploads\/2024\/10\/ket-powder.jpg ,https:\/\/frcs-research.com\/wp-content\/uploads\/2024\/10\/ket-powder.jpg 780w, https:\/\/frcs-research.com\/wp-content\/uploads\/2024\/10\/ket-powder.jpg 360w\" sizes=\"auto, (max-width: 480px) 150px\" src=\"https:\/\/frcs-research.com\/wp-content\/uploads\/2024\/10\/ket-powder.jpg\" alt=\"\" class=\"uag-image-616\" width=\"560\" height=\"440\" title=\"polvere di ket\" loading=\"lazy\" role=\"img\"\/><\/figure><\/div>\n\n\n\n<div class=\"wp-block-uagb-container uagb-block-959de5be\">\n<div class=\"wp-block-uagb-advanced-heading uagb-block-a679106e\"><h2 class=\"uagb-heading-text\">Che cos&#039;\u00e8 il Flualprazolam?<\/h2><p class=\"uagb-desc-text\">Il flualprazolam \u00e8 un potente derivato benzodiazepinico, noto per le sue propriet\u00e0 sedative, ansiolitiche e ipnotiche. \u00c8 strutturalmente correlato all&#039;alprazolam (Xanax), ma \u00e8 considerato ancora pi\u00f9 potente. I ricercatori usano il flualprazolam per studiarne gli effetti sui recettori GABA e le sue potenziali applicazioni nel trattamento di ansia, insonnia e altre condizioni correlate al sistema nervoso centrale. Presso FRCS Research, forniamo il flualprazolam in vendita per aiutare i ricercatori a comprendere meglio il suo profilo farmacologico e i suoi potenziali effetti su comportamento e cognizione.<\/p><\/div>\n<\/div>\n<\/div><\/div>\n\n\n\n<div class=\"wp-block-uagb-container uagb-layout-grid uagb-block-395f69b9 alignfull uagb-is-root-container\"><div class=\"uagb-container-inner-blocks-wrap\">\n<div class=\"wp-block-uagb-advanced-heading uagb-block-992e1d53\"><h3 class=\"uagb-heading-text\">Perch\u00e9 acquistare Flualprazolam da FRCS Research?<\/h3><p class=\"uagb-desc-text\">Quando acquisti <strong>Flualprazolam<\/strong> da <strong>Ricerca FRCS<\/strong>, stai scegliendo un fornitore affidabile e di fiducia. Ecco cosa ci distingue:<br><strong>Alta purezza<\/strong>: Nostro <strong>Flualprazolam<\/strong> proviene con cura da produttori affidabili ed \u00e8 sottoposto a rigorosi test per garantirne la purezza e l&#039;efficacia.<br><strong>Ordinazione sicura e protetta<\/strong>: Forniamo una piattaforma sicura con metodi di pagamento criptati, garantendo la riservatezza e la protezione delle tue transazioni.<br><strong>Spedizione discreta<\/strong>: Offriamo <strong>imballaggio discreto<\/strong> E <strong>spedizione in tutto il mondo<\/strong>, assicurandoti il tuo <strong>Flualprazolam<\/strong> l&#039;ordine arriva in modo sicuro e puntuale.<br><strong>Consegna veloce<\/strong>: Diamo priorit\u00e0 a consegne rapide e affidabili, in modo che tu possa ricevere rapidamente i tuoi prodotti chimici di ricerca, ovunque ti trovi.<\/p><\/div>\n\n\n\n<div class=\"wp-block-uagb-container uagb-block-6d4e5b67\">\n<div class=\"wp-block-uagb-advanced-heading uagb-block-bbe91d67\"><h3 class=\"uagb-heading-text\">Flualprazolam per scopi di ricerca<\/h3><\/div>\n\n\n\n<div class=\"wp-block-uagb-icon-list uagb-block-60b012d5\"><div class=\"uagb-icon-list__wrap\">\n<div class=\"wp-block-uagb-icon-list-child uagb-block-8bcb204e\"><a target=\"_self\" aria-label=\"Flualprazolam \u00e8 un composto popolare tra i ricercatori che studiano gli analoghi delle benzodiazepine. La sua potenza e interazione con i recettori GABA-A lo rendono ideale per studiare gli effetti ansiolitici, sedativi e ipnotici. Se la tua ricerca riguarda l&#039;esame di come le benzodiazepine influenzano l&#039;ansia, i disturbi del sonno o le condizioni neurologiche, Flualprazolam \u00e8 una sostanza chimica essenziale per i tuoi esperimenti. Caratteristiche principali del nostro Flualprazolam: Elevata potenza: un composto potente che offre risultati costanti nelle applicazioni di ricerca. Rigorosamente per uso di ricerca: il nostro Flualprazolam \u00e8 venduto solo per uso di laboratorio e non \u00e8 destinato al consumo umano o all&#039;uso medico. Disponibilit\u00e0 globale: spediamo Flualprazolam in tutto il mondo, garantendo ai ricercatori di tutto il mondo l&#039;accesso ai nostri prodotti di alta qualit\u00e0.\" rel=\"noopener noreferrer\" href=\"#\"> <\/a><span class=\"uagb-icon-list__source-wrap\"><svg xmlns=\"https:\/\/www.w3.org\/2000\/svg\" viewbox=\"0 0 512 512\"><path d=\"M0 256C0 114.6 114.6 0 256 0C397.4 0 512 114.6 512 256C512 397.4 397.4 512 256 512C114.6 512 0 397.4 0 256zM371.8 211.8C382.7 200.9 382.7 183.1 371.8 172.2C360.9 161.3 343.1 161.3 332.2 172.2L224 280.4L179.8 236.2C168.9 225.3 151.1 225.3 140.2 236.2C129.3 247.1 129.3 264.9 140.2 275.8L204.2 339.8C215.1 350.7 232.9 350.7 243.8 339.8L371.8 211.8z\"><\/path><\/svg><\/span><span class=\"uagb-icon-list__label\">Flualprazolam \u00e8 un composto popolare tra i ricercatori che studiano gli analoghi delle benzodiazepine. La sua potenza e interazione con i recettori GABA-A lo rendono ideale per studiare gli effetti ansiolitici, sedativi e ipnotici. Se la tua ricerca riguarda l&#039;esame di come le benzodiazepine influenzano l&#039;ansia, i disturbi del sonno o le condizioni neurologiche, Flualprazolam \u00e8 una sostanza chimica essenziale per i tuoi esperimenti. Caratteristiche principali del nostro Flualprazolam: Elevata potenza: un composto potente che offre risultati costanti nelle applicazioni di ricerca. Rigorosamente per uso di ricerca: il nostro Flualprazolam \u00e8 venduto solo per uso di laboratorio e non \u00e8 destinato al consumo umano o all&#039;uso medico. Disponibilit\u00e0 globale: spediamo Flualprazolam in tutto il mondo, garantendo ai ricercatori di tutto il mondo l&#039;accesso ai nostri prodotti di alta qualit\u00e0.<\/span><\/div>\n<\/div><\/div>\n<\/div>\n<\/div><\/div>\n\n\n\n<div class=\"wp-block-uagb-container uagb-layout-flex uagb-block-cd23d4e7 alignfull uagb-is-root-container\"><div class=\"uagb-container-inner-blocks-wrap\">\n<div class=\"wp-block-uagb-container uagb-block-38ac57af\">\n<div class=\"wp-block-uagb-advanced-heading uagb-block-ab8e889b\"><h2 class=\"uagb-heading-text\">Ordina Flualprazolam online in modo sicuro<\/h2><p class=\"uagb-desc-text\">Quando sei pronto a <strong>acquistare Flualprazolam online<\/strong>, <strong>Ricerca FRCS<\/strong> \u00e8 il tuo fornitore di fiducia per <strong>analoghi delle benzodiazepine ad alta purezza<\/strong>Con un focus su <strong>qualit\u00e0<\/strong>, <strong>sicurezza<\/strong>, E <strong>servizio discreto<\/strong>, forniamo un ambiente sicuro per ordinare prodotti chimici per la ricerca.<br>Ecco perch\u00e9 puoi fidarti <strong>Ricerca FRCS<\/strong>:<br><strong>Transazioni sicure<\/strong>: Utilizziamo metodi di pagamento criptati per garantire la sicurezza e la riservatezza delle tue transazioni.<br><strong>Prezzi competitivi<\/strong>: Offriamo alcuni dei migliori prezzi per <strong>Flualprazolam<\/strong> e altri prodotti chimici di ricerca senza comprometterne la qualit\u00e0.<br><strong>Spedizione veloce e discreta<\/strong>: Spediamo i tuoi ordini con discrezione per proteggere la tua privacy, con consegne rapide per garantire che la tua ricerca non subisca ritardi.<strong>Testato e certificato<\/strong>: Tutti i nostri prodotti chimici, compresi <strong>MDPHP<\/strong>, vengono testati per verificarne la purezza e la coerenza, per garantire risultati affidabili nei tuoi studi.<br><strong>Transazioni sicure<\/strong>: Utilizziamo metodi di pagamento crittografati e procedure di pagamento sicure per garantire la protezione delle tue informazioni.<br><strong>Consegna discreta<\/strong>: Comprendiamo l&#039;importanza della privacy, ecco perch\u00e9 offriamo spedizioni discrete e affidabili in tutto il mondo.<\/p><\/div>\n\n\n\n<div class=\"wp-block-uagb-icon-list uagb-block-e61dcdb2\"><div class=\"uagb-icon-list__wrap\">\n<div class=\"wp-block-uagb-icon-list-child uagb-block-56a9cd56\"><span class=\"uagb-icon-list__source-wrap\"><svg xmlns=\"https:\/\/www.w3.org\/2000\/svg\" viewbox=\"0 0 512 512\"><path d=\"M256 0C114.6 0 0 114.6 0 256c0 141.4 114.6 256 256 256s256-114.6 256-256C512 114.6 397.4 0 256 0zM406.6 278.6l-103.1 103.1c-12.5 12.5-32.75 12.5-45.25 0s-12.5-32.75 0-45.25L306.8 288H128C110.3 288 96 273.7 96 256s14.31-32 32-32h178.8l-49.38-49.38c-12.5-12.5-12.5-32.75 0-45.25s32.75-12.5 45.25 0l103.1 103.1C414.6 241.3 416 251.1 416 256C416 260.9 414.6 270.7 406.6 278.6z\"><\/path><\/svg><\/span><span class=\"uagb-icon-list__label\">Elemento di elenco<\/span><\/div>\n\n\n\n<div class=\"wp-block-uagb-icon-list-child uagb-block-5cb900a0\"><span class=\"uagb-icon-list__source-wrap\"><svg xmlns=\"https:\/\/www.w3.org\/2000\/svg\" viewbox=\"0 0 512 512\"><path d=\"M256 0C114.6 0 0 114.6 0 256c0 141.4 114.6 256 256 256s256-114.6 256-256C512 114.6 397.4 0 256 0zM406.6 278.6l-103.1 103.1c-12.5 12.5-32.75 12.5-45.25 0s-12.5-32.75 0-45.25L306.8 288H128C110.3 288 96 273.7 96 256s14.31-32 32-32h178.8l-49.38-49.38c-12.5-12.5-12.5-32.75 0-45.25s32.75-12.5 45.25 0l103.1 103.1C414.6 241.3 416 251.1 416 256C416 260.9 414.6 270.7 406.6 278.6z\"><\/path><\/svg><\/span><span class=\"uagb-icon-list__label\">Elemento di elenco<\/span><\/div>\n\n\n\n<div class=\"wp-block-uagb-icon-list-child uagb-block-e14a2666\"><span class=\"uagb-icon-list__source-wrap\"><svg xmlns=\"https:\/\/www.w3.org\/2000\/svg\" viewbox=\"0 0 512 512\"><path d=\"M256 0C114.6 0 0 114.6 0 256c0 141.4 114.6 256 256 256s256-114.6 256-256C512 114.6 397.4 0 256 0zM406.6 278.6l-103.1 103.1c-12.5 12.5-32.75 12.5-45.25 0s-12.5-32.75 0-45.25L306.8 288H128C110.3 288 96 273.7 96 256s14.31-32 32-32h178.8l-49.38-49.38c-12.5-12.5-12.5-32.75 0-45.25s32.75-12.5 45.25 0l103.1 103.1C414.6 241.3 416 251.1 416 256C416 260.9 414.6 270.7 406.6 278.6z\"><\/path><\/svg><\/span><span class=\"uagb-icon-list__label\">Elemento di elenco<\/span><\/div>\n<\/div><\/div>\n<\/div>\n\n\n\n<div class=\"wp-block-uagb-image alignright uagb-block-1bba2fd8 wp-block-uagb-image--layout-default wp-block-uagb-image--effect-static wp-block-uagb-image--align-right\"><figure class=\"wp-block-uagb-image__figure\"><img decoding=\"async\" srcset=\"https:\/\/frcs-research.com\/wp-content\/uploads\/2024\/10\/ghvkbjl-768x1024.jpg ,https:\/\/frcs-research.com\/wp-content\/uploads\/2024\/10\/ghvkbjl.jpg 780w, https:\/\/frcs-research.com\/wp-content\/uploads\/2024\/10\/ghvkbjl.jpg 360w\" sizes=\"auto, (max-width: 480px) 150px\" src=\"https:\/\/frcs-research.com\/wp-content\/uploads\/2024\/10\/ghvkbjl-768x1024.jpg\" alt=\"acquista mdphp\" class=\"uag-image-609\" width=\"560\" height=\"448\" title=\"ghvkbjl\" loading=\"lazy\" role=\"img\"\/><\/figure><\/div>\n<\/div><\/div>\n\n\n\n<p><\/p>","protected":false},"excerpt":{"rendered":"<p>Buy Flualprazolam Online \u2013 High-Quality Flualprazolam for Research at FRCS Research Buy Flualprazolam Online \u2013 High-Quality Flualprazolam for Research at FRCS Research Are you looking to buy Flualprazolam online for&hellip;<a href=\"https:\/\/frcs-research.com\/it\/acquistare-flualprazolam-online\/\" class=\"more-link\"><span class=\"more-button\">Continue reading<span class=\"screen-reader-text\">Acquista Flualprazolam online<\/span><\/span><\/a><\/p>","protected":false},"author":1,"featured_media":0,"parent":0,"menu_order":0,"comment_status":"closed","ping_status":"closed","template":"","meta":{"_uag_custom_page_level_css":"","footnotes":""},"class_list":["post-612","page","type-page","status-publish","hentry"],"yoast_head":"<!-- This site is optimized with the Yoast SEO plugin v27.1.1 - https:\/\/yoast.com\/product\/yoast-seo-wordpress\/ -->\n<title>Buy Flualprazolam Online \u2013 Premium Research Chemical<\/title>\n<meta name=\"description\" content=\"Buy high-purity Flualprazolam online at FRCS Research. Trusted supplier offering lab-tested Flualprazolam for research with secure payments and discreet worldwide shipping.\" \/>\n<meta name=\"robots\" content=\"index, follow, max-snippet:-1, max-image-preview:large, max-video-preview:-1\" \/>\n<link rel=\"canonical\" href=\"https:\/\/frcs-research.com\/it\/acquistare-flualprazolam-online\/\" \/>\n<meta property=\"og:locale\" content=\"it_IT\" \/>\n<meta property=\"og:type\" content=\"article\" \/>\n<meta property=\"og:title\" content=\"Buy Flualprazolam Online \u2013 Premium Research Chemical\" \/>\n<meta property=\"og:description\" content=\"Buy high-purity Flualprazolam online at FRCS Research. Trusted supplier offering lab-tested Flualprazolam for research with secure payments and discreet worldwide shipping.\" \/>\n<meta property=\"og:url\" content=\"https:\/\/frcs-research.com\/it\/acquistare-flualprazolam-online\/\" \/>\n<meta property=\"og:site_name\" content=\"wholesale supplier of research chemicals, 4mmc, 3mmc, MDPHP, Alpha PVP and more\" \/>\n<meta property=\"article:modified_time\" content=\"2024-10-09T00:42:43+00:00\" \/>\n<meta property=\"og:image\" content=\"https:\/\/frcs-research.com\/wp-content\/uploads\/2024\/10\/ket-powder.jpg\" \/>\n<meta name=\"twitter:card\" content=\"summary_large_image\" \/>\n<meta name=\"twitter:label1\" content=\"Tempo di lettura stimato\" \/>\n\t<meta name=\"twitter:data1\" content=\"3 minuti\" \/>\n<script type=\"application\/ld+json\" class=\"yoast-schema-graph\">{\"@context\":\"https:\/\/schema.org\",\"@graph\":[{\"@type\":\"WebPage\",\"@id\":\"https:\/\/frcs-research.com\/buy-flualprazolam-online\/\",\"url\":\"https:\/\/frcs-research.com\/buy-flualprazolam-online\/\",\"name\":\"Buy Flualprazolam Online \u2013 Premium Research Chemical\",\"isPartOf\":{\"@id\":\"https:\/\/frcs-research.com\/#website\"},\"primaryImageOfPage\":{\"@id\":\"https:\/\/frcs-research.com\/buy-flualprazolam-online\/#primaryimage\"},\"image\":{\"@id\":\"https:\/\/frcs-research.com\/buy-flualprazolam-online\/#primaryimage\"},\"thumbnailUrl\":\"https:\/\/frcs-research.com\/wp-content\/uploads\/2024\/10\/ket-powder.jpg\",\"datePublished\":\"2024-10-08T23:48:06+00:00\",\"dateModified\":\"2024-10-09T00:42:43+00:00\",\"description\":\"Buy high-purity Flualprazolam online at FRCS Research. Trusted supplier offering lab-tested Flualprazolam for research with secure payments and discreet worldwide shipping.\",\"breadcrumb\":{\"@id\":\"https:\/\/frcs-research.com\/buy-flualprazolam-online\/#breadcrumb\"},\"inLanguage\":\"it-IT\",\"potentialAction\":[{\"@type\":\"ReadAction\",\"target\":[\"https:\/\/frcs-research.com\/buy-flualprazolam-online\/\"]}]},{\"@type\":\"ImageObject\",\"inLanguage\":\"it-IT\",\"@id\":\"https:\/\/frcs-research.com\/buy-flualprazolam-online\/#primaryimage\",\"url\":\"https:\/\/frcs-research.com\/wp-content\/uploads\/2024\/10\/ket-powder.jpg\",\"contentUrl\":\"https:\/\/frcs-research.com\/wp-content\/uploads\/2024\/10\/ket-powder.jpg\"},{\"@type\":\"BreadcrumbList\",\"@id\":\"https:\/\/frcs-research.com\/buy-flualprazolam-online\/#breadcrumb\",\"itemListElement\":[{\"@type\":\"ListItem\",\"position\":1,\"name\":\"Home\",\"item\":\"https:\/\/frcs-research.com\/\"},{\"@type\":\"ListItem\",\"position\":2,\"name\":\"Buy Flualprazolam Online\"}]},{\"@type\":\"WebSite\",\"@id\":\"https:\/\/frcs-research.com\/#website\",\"url\":\"https:\/\/frcs-research.com\/\",\"name\":\"wholesale supplier of research chemicals, 4mmc, 3mmc, MDPHP, Alpha PVP and more\",\"description\":\"Wholesale research chemicals\",\"potentialAction\":[{\"@type\":\"SearchAction\",\"target\":{\"@type\":\"EntryPoint\",\"urlTemplate\":\"https:\/\/frcs-research.com\/?s={search_term_string}\"},\"query-input\":{\"@type\":\"PropertyValueSpecification\",\"valueRequired\":true,\"valueName\":\"search_term_string\"}}],\"inLanguage\":\"it-IT\"}]}<\/script>\n<!-- \/ Yoast SEO plugin. -->","yoast_head_json":{"title":"Acquista Flualprazolam online \u2013 Premium Research Chemical","description":"Acquista Flualprazolam ad alta purezza online su FRCS Research. Fornitore affidabile che offre Flualprazolam testato in laboratorio per la ricerca con pagamenti sicuri e spedizioni discrete in tutto il mondo.","robots":{"index":"index","follow":"follow","max-snippet":"max-snippet:-1","max-image-preview":"max-image-preview:large","max-video-preview":"max-video-preview:-1"},"canonical":"https:\/\/frcs-research.com\/it\/acquistare-flualprazolam-online\/","og_locale":"it_IT","og_type":"article","og_title":"Buy Flualprazolam Online \u2013 Premium Research Chemical","og_description":"Buy high-purity Flualprazolam online at FRCS Research. Trusted supplier offering lab-tested Flualprazolam for research with secure payments and discreet worldwide shipping.","og_url":"https:\/\/frcs-research.com\/it\/acquistare-flualprazolam-online\/","og_site_name":"wholesale supplier of research chemicals, 4mmc, 3mmc, MDPHP, Alpha PVP and more","article_modified_time":"2024-10-09T00:42:43+00:00","og_image":[{"url":"https:\/\/frcs-research.com\/wp-content\/uploads\/2024\/10\/ket-powder.jpg","type":"","width":"","height":""}],"twitter_card":"summary_large_image","twitter_misc":{"Tempo di lettura stimato":"3 minuti"},"schema":{"@context":"https:\/\/schema.org","@graph":[{"@type":"WebPage","@id":"https:\/\/frcs-research.com\/buy-flualprazolam-online\/","url":"https:\/\/frcs-research.com\/buy-flualprazolam-online\/","name":"Acquista Flualprazolam online \u2013 Premium Research Chemical","isPartOf":{"@id":"https:\/\/frcs-research.com\/#website"},"primaryImageOfPage":{"@id":"https:\/\/frcs-research.com\/buy-flualprazolam-online\/#primaryimage"},"image":{"@id":"https:\/\/frcs-research.com\/buy-flualprazolam-online\/#primaryimage"},"thumbnailUrl":"https:\/\/frcs-research.com\/wp-content\/uploads\/2024\/10\/ket-powder.jpg","datePublished":"2024-10-08T23:48:06+00:00","dateModified":"2024-10-09T00:42:43+00:00","description":"Acquista Flualprazolam ad alta purezza online su FRCS Research. Fornitore affidabile che offre Flualprazolam testato in laboratorio per la ricerca con pagamenti sicuri e spedizioni discrete in tutto il mondo.","breadcrumb":{"@id":"https:\/\/frcs-research.com\/buy-flualprazolam-online\/#breadcrumb"},"inLanguage":"it-IT","potentialAction":[{"@type":"ReadAction","target":["https:\/\/frcs-research.com\/buy-flualprazolam-online\/"]}]},{"@type":"ImageObject","inLanguage":"it-IT","@id":"https:\/\/frcs-research.com\/buy-flualprazolam-online\/#primaryimage","url":"https:\/\/frcs-research.com\/wp-content\/uploads\/2024\/10\/ket-powder.jpg","contentUrl":"https:\/\/frcs-research.com\/wp-content\/uploads\/2024\/10\/ket-powder.jpg"},{"@type":"BreadcrumbList","@id":"https:\/\/frcs-research.com\/buy-flualprazolam-online\/#breadcrumb","itemListElement":[{"@type":"ListItem","position":1,"name":"Home","item":"https:\/\/frcs-research.com\/"},{"@type":"ListItem","position":2,"name":"Buy Flualprazolam Online"}]},{"@type":"WebSite","@id":"https:\/\/frcs-research.com\/#website","url":"https:\/\/frcs-research.com\/","name":"fornitore all&#039;ingrosso di prodotti chimici per la ricerca, 4mmc, 3mmc, MDPHP, Alpha PVP e altro","description":"Prodotti chimici di ricerca all&#039;ingrosso","potentialAction":[{"@type":"SearchAction","target":{"@type":"EntryPoint","urlTemplate":"https:\/\/frcs-research.com\/?s={search_term_string}"},"query-input":{"@type":"PropertyValueSpecification","valueRequired":true,"valueName":"search_term_string"}}],"inLanguage":"it-IT"}]}},"uagb_featured_image_src":{"full":false,"thumbnail":false,"medium":false,"medium_large":false,"large":false,"1536x1536":false,"2048x2048":false,"trp-custom-language-flag":false,"post-thumbnail":false,"elite-commerce-slider":false,"elite-commerce-hero":false,"elite-commerce-portfolio":false,"woocommerce_thumbnail":false,"woocommerce_single":false,"woocommerce_gallery_thumbnail":false},"uagb_author_info":{"display_name":"Richard Wood","author_link":"https:\/\/frcs-research.com\/it\/author\/expireddomains1000gmail-com\/"},"uagb_comment_info":0,"uagb_excerpt":"Buy Flualprazolam Online \u2013 High-Quality Flualprazolam for Research at FRCS Research Buy Flualprazolam Online \u2013 High-Quality Flualprazolam for Research at FRCS Research Are you looking to buy Flualprazolam online for&hellip;Continue readingBuy Flualprazolam Online","_links":{"self":[{"href":"https:\/\/frcs-research.com\/it\/wp-json\/wp\/v2\/pages\/612","targetHints":{"allow":["GET"]}}],"collection":[{"href":"https:\/\/frcs-research.com\/it\/wp-json\/wp\/v2\/pages"}],"about":[{"href":"https:\/\/frcs-research.com\/it\/wp-json\/wp\/v2\/types\/page"}],"author":[{"embeddable":true,"href":"https:\/\/frcs-research.com\/it\/wp-json\/wp\/v2\/users\/1"}],"replies":[{"embeddable":true,"href":"https:\/\/frcs-research.com\/it\/wp-json\/wp\/v2\/comments?post=612"}],"version-history":[{"count":6,"href":"https:\/\/frcs-research.com\/it\/wp-json\/wp\/v2\/pages\/612\/revisions"}],"predecessor-version":[{"id":645,"href":"https:\/\/frcs-research.com\/it\/wp-json\/wp\/v2\/pages\/612\/revisions\/645"}],"wp:attachment":[{"href":"https:\/\/frcs-research.com\/it\/wp-json\/wp\/v2\/media?parent=612"}],"curies":[{"name":"wp","href":"https:\/\/api.w.org\/{rel}","templated":true}]}}