{"id":718,"date":"2024-10-12T21:18:27","date_gmt":"2024-10-12T21:18:27","guid":{"rendered":"https:\/\/frcs-research.com\/?post_type=product&#038;p=718"},"modified":"2026-04-18T19:12:31","modified_gmt":"2026-04-18T19:12:31","slug":"acquista-am-2201","status":"publish","type":"product","link":"https:\/\/frcs-research.com\/it\/product\/acquista-am-2201\/","title":{"rendered":"XLR-11"},"content":{"rendered":"<h1>Acquista XLR-11, acquista XLR-11 online, cannabinoidi sintetici come XLR-11<\/h1>\n<p><strong>XLR-11<\/strong> \u00e8 un cannabinoide sintetico frequentemente utilizzato in <strong>ricerca di laboratorio<\/strong> per studiare l&#039;interazione tra cannabinoidi sintetici e recettori dei cannabinoidi. Noto per il suo <strong>effetti potenti<\/strong>, XLR-11 \u00e8 comunemente utilizzato nella ricerca accademica e farmaceutica. A <strong>Ricerca FRCS<\/strong>, forniamo <a href=\"https:\/\/frcs-research.com\/it\/product\/acquista-am-2201\/\"><strong>Polvere XLR-11<\/strong><\/a> nella sua forma pi\u00f9 pura, garantendo risultati affidabili ai ricercatori.<\/p>\n<h4><strong>Perch\u00e9 scegliere FRCS Research per i cannabinoidi sintetici?<\/strong><\/h4>\n<p>&nbsp;<\/p>\n<ol>\n<li><strong>Prodotti di alta qualit\u00e0<\/strong>: Siamo specializzati nel fornire solo il <strong>cannabinoidi sintetici di altissima qualit\u00e0<\/strong>. Ogni prodotto \u00e8 rigorosamente testato per purezza e consistenza, assicurandoti di ricevere prodotti chimici di prima qualit\u00e0 per le tue esigenze di ricerca. Che tu stia cercando <strong>Codice articolo: JWH-018<\/strong>, <strong>5F-ADB<\/strong>o altri cannabinoidi sintetici, puoi essere certo che i nostri prodotti soddisfano gli standard pi\u00f9 elevati.<\/li>\n<li><strong>Spedizione discreta<\/strong>: Rispettiamo la tua privacy e ci assicuriamo che tutti gli ordini siano confezionati in modo discreto, senza alcuna indicazione del contenuto. Il nostro <strong>spedizione discreta<\/strong> garantisce che i tuoi cannabinoidi sintetici arrivino in modo sicuro e protetto, ovunque tu sia. Spediamo in tutto il mondo, tra cui Europa, Stati Uniti e oltre.<\/li>\n<li><strong>Acquisto sicuro online<\/strong>: Ordinare da <a href=\"https:\/\/frcs-research.com\/it\/\"><strong>Ricerca FRCS<\/strong><\/a> \u00e8 veloce, facile e sicuro. Il nostro sito web \u00e8 dotato delle pi\u00f9 recenti misure di sicurezza, assicurando che i tuoi dati personali e le informazioni di pagamento siano sempre protetti.<\/li>\n<li><strong>Ampia selezione di cannabinoidi sintetici<\/strong>: La nostra selezione include <a href=\"https:\/\/frcs-research.com\/it\/product\/acquista-jwh-018-online\/\"><strong>Codice articolo: JWH-018<\/strong><\/a>, <a href=\"https:\/\/frcs-research.com\/it\/product\/5f-adb\/\"><strong>5F-ADB<\/strong><\/a>, <a href=\"https:\/\/frcs-research.com\/it\/product\/dalla-fubinaca\/\"><strong>AB-FUBINACA<\/strong><\/a>, <a href=\"https:\/\/frcs-research.com\/it\/product\/acquista-polvere-am-2201\/\"><strong>AM-2201<\/strong><\/a>, e altro <a href=\"https:\/\/frcs-research.com\/it\/product-category\/cannabinoidi-sintetici\/\"><strong>cannabinoidi sintetici<\/strong><\/a> che sono comunemente usati in <strong>studi di ricerca<\/strong>. Sia che tu stia facendo ricerche <strong>Interazioni con i recettori dei cannabinoidi<\/strong> o per esplorare le propriet\u00e0 psicoattive di questi composti, abbiamo i prodotti che ti servono.<\/li>\n<\/ol>","protected":false},"excerpt":{"rendered":"<p>Buy XLR-11, purchase XLR-11 online, synthetic cannabinoids like XLR-11 XLR-11 is a synthetic cannabinoid frequently used in laboratory research to study the interaction between synthetic cannabinoids and cannabinoid receptors. Known&hellip;<\/p>\n<p class=\"product woocommerce add_to_cart_inline\" style=\"border:4px solid #ccc; padding: 12px;\"><a href=\"https:\/\/frcs-research.com\/it\/product\/acquista-am-2201\/\" aria-describedby=\"woocommerce_loop_add_to_cart_link_describedby_718\" data-quantity=\"1\" class=\"button product_type_simple\" data-product_id=\"718\" data-product_sku=\"\" aria-label=\"Leggi di pi\u00f9 su &quot;XLR-11&quot;\" rel=\"nofollow\" data-success_message=\"\" data-no-translation=\"\" data-trp-gettext=\"\" data-no-translation-aria-label=\"\">Leggi tutto<\/a>\t<span id=\"woocommerce_loop_add_to_cart_link_describedby_718\" class=\"screen-reader-text\"><br \/>\n\t\t\t<\/span><\/p>","protected":false},"featured_media":719,"comment_status":"open","ping_status":"closed","template":"","meta":{"_uag_custom_page_level_css":""},"product_brand":[],"product_cat":[25],"product_tag":[121,123,120,122],"class_list":{"0":"post-718","1":"product","2":"type-product","3":"status-publish","4":"has-post-thumbnail","6":"product_cat-synthetic-cannabinoids","7":"product_tag-1-pentyl-3-1-adamantylindazole","8":"product_tag-jwh-122","9":"product_tag-n-1-adamantyl-1-pentyl-1h-indazole-3-carboxamide","10":"product_tag-xlr-11","12":"first","13":"instock","14":"shipping-taxable","15":"product-type-simple"},"yoast_head":"<!-- This site is optimized with the Yoast SEO plugin v27.1.1 - https:\/\/yoast.com\/product\/yoast-seo-wordpress\/ -->\n<title>Buy XLR-11 - wholesale supplier of research chemicals, 4mmc, 3mmc, MDPHP, Alpha PVP and more<\/title>\n<meta name=\"description\" content=\"Explore XLR-11 synthetic cannabinoids at FRCS Research. Purchase high-quality XLR-11 powder with fast, discreet worldwide shipping. Perfect for laboratory research\" \/>\n<meta name=\"robots\" content=\"index, follow, max-snippet:-1, max-image-preview:large, max-video-preview:-1\" \/>\n<link rel=\"canonical\" href=\"https:\/\/frcs-research.com\/it\/product\/acquista-am-2201\/\" \/>\n<meta property=\"og:locale\" content=\"it_IT\" \/>\n<meta property=\"og:type\" content=\"article\" \/>\n<meta property=\"og:title\" content=\"Buy XLR-11 - wholesale supplier of research chemicals, 4mmc, 3mmc, MDPHP, Alpha PVP and more\" \/>\n<meta property=\"og:description\" content=\"Explore XLR-11 synthetic cannabinoids at FRCS Research. Purchase high-quality XLR-11 powder with fast, discreet worldwide shipping. Perfect for laboratory research\" \/>\n<meta property=\"og:url\" content=\"https:\/\/frcs-research.com\/it\/product\/acquista-am-2201\/\" \/>\n<meta property=\"og:site_name\" content=\"wholesale supplier of research chemicals, 4mmc, 3mmc, MDPHP, Alpha PVP and more\" \/>\n<meta property=\"article:modified_time\" content=\"2026-04-18T19:12:31+00:00\" \/>\n<meta property=\"og:image\" content=\"https:\/\/frcs-research.com\/wp-content\/uploads\/2024\/10\/5f-adb.jpeg\" \/>\n\t<meta property=\"og:image:width\" content=\"600\" \/>\n\t<meta property=\"og:image:height\" content=\"600\" \/>\n\t<meta property=\"og:image:type\" content=\"image\/jpeg\" \/>\n<meta name=\"twitter:card\" content=\"summary_large_image\" \/>\n<meta name=\"twitter:label1\" content=\"Prezzo\" \/>\n\t<meta name=\"twitter:data1\" content=\"\" \/>\n\t<meta name=\"twitter:label2\" content=\"Disponibilit\u00e0\" \/>\n\t<meta name=\"twitter:data2\" content=\"In stock\" \/>\n<script type=\"application\/ld+json\" class=\"yoast-schema-graph\">{\"@context\":\"https:\/\/schema.org\",\"@graph\":[{\"@type\":[\"WebPage\",\"ItemPage\"],\"@id\":\"https:\/\/frcs-research.com\/product\/buy-am-2201\/\",\"url\":\"https:\/\/frcs-research.com\/product\/buy-am-2201\/\",\"name\":\"Buy XLR-11 - wholesale supplier of research chemicals, 4mmc, 3mmc, MDPHP, Alpha PVP and more\",\"isPartOf\":{\"@id\":\"https:\/\/frcs-research.com\/#website\"},\"primaryImageOfPage\":{\"@id\":\"https:\/\/frcs-research.com\/product\/buy-am-2201\/#primaryimage\"},\"image\":{\"@id\":\"https:\/\/frcs-research.com\/product\/buy-am-2201\/#primaryimage\"},\"thumbnailUrl\":\"https:\/\/frcs-research.com\/wp-content\/uploads\/2024\/10\/5f-adb.jpeg\",\"datePublished\":\"2024-10-12T21:18:27+00:00\",\"dateModified\":\"2026-04-18T19:12:31+00:00\",\"description\":\"Explore XLR-11 synthetic cannabinoids at FRCS Research. Purchase high-quality XLR-11 powder with fast, discreet worldwide shipping. Perfect for laboratory research\",\"breadcrumb\":{\"@id\":\"https:\/\/frcs-research.com\/product\/buy-am-2201\/#breadcrumb\"},\"inLanguage\":\"it-IT\",\"potentialAction\":[{\"@type\":\"ReadAction\",\"target\":[\"https:\/\/frcs-research.com\/product\/buy-am-2201\/\"]}]},{\"@type\":\"ImageObject\",\"inLanguage\":\"it-IT\",\"@id\":\"https:\/\/frcs-research.com\/product\/buy-am-2201\/#primaryimage\",\"url\":\"https:\/\/frcs-research.com\/wp-content\/uploads\/2024\/10\/5f-adb.jpeg\",\"contentUrl\":\"https:\/\/frcs-research.com\/wp-content\/uploads\/2024\/10\/5f-adb.jpeg\",\"width\":600,\"height\":600,\"caption\":\"Buy XLR-11\"},{\"@type\":\"BreadcrumbList\",\"@id\":\"https:\/\/frcs-research.com\/product\/buy-am-2201\/#breadcrumb\",\"itemListElement\":[{\"@type\":\"ListItem\",\"position\":1,\"name\":\"Home\",\"item\":\"https:\/\/frcs-research.com\/\"},{\"@type\":\"ListItem\",\"position\":2,\"name\":\"Shop\",\"item\":\"https:\/\/frcs-research.com\/shop\/\"},{\"@type\":\"ListItem\",\"position\":3,\"name\":\"XLR-11\"}]},{\"@type\":\"WebSite\",\"@id\":\"https:\/\/frcs-research.com\/#website\",\"url\":\"https:\/\/frcs-research.com\/\",\"name\":\"wholesale supplier of research chemicals, 4mmc, 3mmc, MDPHP, Alpha PVP and more\",\"description\":\"Wholesale research chemicals\",\"potentialAction\":[{\"@type\":\"SearchAction\",\"target\":{\"@type\":\"EntryPoint\",\"urlTemplate\":\"https:\/\/frcs-research.com\/?s={search_term_string}\"},\"query-input\":{\"@type\":\"PropertyValueSpecification\",\"valueRequired\":true,\"valueName\":\"search_term_string\"}}],\"inLanguage\":\"it-IT\"}]}<\/script>\n<meta property=\"product:price:currency\" content=\"EUR\" \/>\n<meta property=\"og:availability\" content=\"instock\" \/>\n<meta property=\"product:availability\" content=\"instock\" \/>\n<meta property=\"product:condition\" content=\"new\" \/>\n<!-- \/ Yoast SEO plugin. -->","yoast_head_json":{"title":"Acquista XLR-11 - fornitore all&#039;ingrosso di prodotti chimici di ricerca, 4mmc, 3mmc, MDPHP, Alpha PVP e altro ancora","description":"Esplora i cannabinoidi sintetici XLR-11 su FRCS Research. Acquista polvere XLR-11 di alta qualit\u00e0 con spedizione veloce e discreta in tutto il mondo. Perfetta per la ricerca in laboratorio","robots":{"index":"index","follow":"follow","max-snippet":"max-snippet:-1","max-image-preview":"max-image-preview:large","max-video-preview":"max-video-preview:-1"},"canonical":"https:\/\/frcs-research.com\/it\/product\/acquista-am-2201\/","og_locale":"it_IT","og_type":"article","og_title":"Buy XLR-11 - wholesale supplier of research chemicals, 4mmc, 3mmc, MDPHP, Alpha PVP and more","og_description":"Explore XLR-11 synthetic cannabinoids at FRCS Research. Purchase high-quality XLR-11 powder with fast, discreet worldwide shipping. Perfect for laboratory research","og_url":"https:\/\/frcs-research.com\/it\/product\/acquista-am-2201\/","og_site_name":"wholesale supplier of research chemicals, 4mmc, 3mmc, MDPHP, Alpha PVP and more","article_modified_time":"2026-04-18T19:12:31+00:00","og_image":[{"width":600,"height":600,"url":"https:\/\/frcs-research.com\/wp-content\/uploads\/2024\/10\/5f-adb.jpeg","type":"image\/jpeg"}],"twitter_card":"summary_large_image","twitter_misc":{"Prezzo":"","Disponibilit\u00e0":"In stock"},"schema":{"@context":"https:\/\/schema.org","@graph":[{"@type":["WebPage","ItemPage"],"@id":"https:\/\/frcs-research.com\/product\/buy-am-2201\/","url":"https:\/\/frcs-research.com\/product\/buy-am-2201\/","name":"Acquista XLR-11 - fornitore all&#039;ingrosso di prodotti chimici di ricerca, 4mmc, 3mmc, MDPHP, Alpha PVP e altro ancora","isPartOf":{"@id":"https:\/\/frcs-research.com\/#website"},"primaryImageOfPage":{"@id":"https:\/\/frcs-research.com\/product\/buy-am-2201\/#primaryimage"},"image":{"@id":"https:\/\/frcs-research.com\/product\/buy-am-2201\/#primaryimage"},"thumbnailUrl":"https:\/\/frcs-research.com\/wp-content\/uploads\/2024\/10\/5f-adb.jpeg","datePublished":"2024-10-12T21:18:27+00:00","dateModified":"2026-04-18T19:12:31+00:00","description":"Esplora i cannabinoidi sintetici XLR-11 su FRCS Research. Acquista polvere XLR-11 di alta qualit\u00e0 con spedizione veloce e discreta in tutto il mondo. Perfetta per la ricerca in laboratorio","breadcrumb":{"@id":"https:\/\/frcs-research.com\/product\/buy-am-2201\/#breadcrumb"},"inLanguage":"it-IT","potentialAction":[{"@type":"ReadAction","target":["https:\/\/frcs-research.com\/product\/buy-am-2201\/"]}]},{"@type":"ImageObject","inLanguage":"it-IT","@id":"https:\/\/frcs-research.com\/product\/buy-am-2201\/#primaryimage","url":"https:\/\/frcs-research.com\/wp-content\/uploads\/2024\/10\/5f-adb.jpeg","contentUrl":"https:\/\/frcs-research.com\/wp-content\/uploads\/2024\/10\/5f-adb.jpeg","width":600,"height":600,"caption":"Buy XLR-11"},{"@type":"BreadcrumbList","@id":"https:\/\/frcs-research.com\/product\/buy-am-2201\/#breadcrumb","itemListElement":[{"@type":"ListItem","position":1,"name":"Home","item":"https:\/\/frcs-research.com\/"},{"@type":"ListItem","position":2,"name":"Shop","item":"https:\/\/frcs-research.com\/shop\/"},{"@type":"ListItem","position":3,"name":"XLR-11"}]},{"@type":"WebSite","@id":"https:\/\/frcs-research.com\/#website","url":"https:\/\/frcs-research.com\/","name":"fornitore all&#039;ingrosso di prodotti chimici per la ricerca, 4mmc, 3mmc, MDPHP, Alpha PVP e altro","description":"Prodotti chimici di ricerca all&#039;ingrosso","potentialAction":[{"@type":"SearchAction","target":{"@type":"EntryPoint","urlTemplate":"https:\/\/frcs-research.com\/?s={search_term_string}"},"query-input":{"@type":"PropertyValueSpecification","valueRequired":true,"valueName":"search_term_string"}}],"inLanguage":"it-IT"}]},"product_price_currency":"EUR","og_availability":"instock","product_availability":"instock","product_condition":"new"},"uagb_featured_image_src":{"full":["https:\/\/frcs-research.com\/wp-content\/uploads\/2024\/10\/5f-adb.jpeg",600,600,false],"thumbnail":["https:\/\/frcs-research.com\/wp-content\/uploads\/2024\/10\/5f-adb-150x150.jpeg",150,150,true],"medium":["https:\/\/frcs-research.com\/wp-content\/uploads\/2024\/10\/5f-adb-300x300.jpeg",300,300,true],"medium_large":["https:\/\/frcs-research.com\/wp-content\/uploads\/2024\/10\/5f-adb.jpeg",600,600,false],"large":["https:\/\/frcs-research.com\/wp-content\/uploads\/2024\/10\/5f-adb.jpeg",600,600,false],"1536x1536":["https:\/\/frcs-research.com\/wp-content\/uploads\/2024\/10\/5f-adb.jpeg",600,600,false],"2048x2048":["https:\/\/frcs-research.com\/wp-content\/uploads\/2024\/10\/5f-adb.jpeg",600,600,false],"trp-custom-language-flag":["https:\/\/frcs-research.com\/wp-content\/uploads\/2024\/10\/5f-adb.jpeg",12,12,false],"post-thumbnail":["https:\/\/frcs-research.com\/wp-content\/uploads\/2024\/10\/5f-adb.jpeg",600,600,false],"elite-commerce-slider":["https:\/\/frcs-research.com\/wp-content\/uploads\/2024\/10\/5f-adb.jpeg",600,600,false],"elite-commerce-hero":["https:\/\/frcs-research.com\/wp-content\/uploads\/2024\/10\/5f-adb.jpeg",600,600,false],"elite-commerce-portfolio":["https:\/\/frcs-research.com\/wp-content\/uploads\/2024\/10\/5f-adb.jpeg",400,400,false],"woocommerce_thumbnail":["https:\/\/frcs-research.com\/wp-content\/uploads\/2024\/10\/5f-adb-300x300.jpeg",300,300,true],"woocommerce_single":["https:\/\/frcs-research.com\/wp-content\/uploads\/2024\/10\/5f-adb.jpeg",600,600,false],"woocommerce_gallery_thumbnail":["https:\/\/frcs-research.com\/wp-content\/uploads\/2024\/10\/5f-adb-100x100.jpeg",100,100,true]},"uagb_author_info":{"display_name":"Richard Wood","author_link":"https:\/\/frcs-research.com\/it\/author\/"},"uagb_comment_info":812,"uagb_excerpt":"Buy XLR-11, purchase XLR-11 online, synthetic cannabinoids like XLR-11 XLR-11 is a synthetic cannabinoid frequently used in laboratory research to study the interaction between synthetic cannabinoids and cannabinoid receptors. Known&hellip;Leggi tutto","_links":{"self":[{"href":"https:\/\/frcs-research.com\/it\/wp-json\/wp\/v2\/product\/718","targetHints":{"allow":["GET"]}}],"collection":[{"href":"https:\/\/frcs-research.com\/it\/wp-json\/wp\/v2\/product"}],"about":[{"href":"https:\/\/frcs-research.com\/it\/wp-json\/wp\/v2\/types\/product"}],"replies":[{"embeddable":true,"href":"https:\/\/frcs-research.com\/it\/wp-json\/wp\/v2\/comments?post=718"}],"wp:featuredmedia":[{"embeddable":true,"href":"https:\/\/frcs-research.com\/it\/wp-json\/wp\/v2\/media\/719"}],"wp:attachment":[{"href":"https:\/\/frcs-research.com\/it\/wp-json\/wp\/v2\/media?parent=718"}],"wp:term":[{"taxonomy":"product_brand","embeddable":true,"href":"https:\/\/frcs-research.com\/it\/wp-json\/wp\/v2\/product_brand?post=718"},{"taxonomy":"product_cat","embeddable":true,"href":"https:\/\/frcs-research.com\/it\/wp-json\/wp\/v2\/product_cat?post=718"},{"taxonomy":"product_tag","embeddable":true,"href":"https:\/\/frcs-research.com\/it\/wp-json\/wp\/v2\/product_tag?post=718"}],"curies":[{"name":"wp","href":"https:\/\/api.w.org\/{rel}","templated":true}]}}