{"id":807,"date":"2024-10-13T09:49:18","date_gmt":"2024-10-13T09:49:18","guid":{"rendered":"https:\/\/frcs-research.com\/?post_type=product&#038;p=807"},"modified":"2026-04-05T22:22:36","modified_gmt":"2026-04-05T22:22:36","slug":"acquista-diablo-k2-spray","status":"publish","type":"product","link":"https:\/\/frcs-research.com\/it\/product\/acquista-diablo-k2-spray\/","title":{"rendered":"Spray Diablo K2"},"content":{"rendered":"<h1><strong>Acquista Diablo K2 Spray online: lo spray K2 pi\u00f9 forte in vendita su FRCSResearch<\/strong><\/h1>\n<p>Alla ricerca del <strong>spray K2 pi\u00f9 forte<\/strong> sul mercato? <strong>Spray Diablo K2<\/strong> \u00e8 la tua scelta definitiva! A <strong>Ricerca FRCS<\/strong>, offriamo premi <strong>Spray Diablo K2 in vendita<\/strong>, offrendo un&#039;esperienza potente e duratura che non ha eguali. Che tu sia un utente esperto o un novizio nel mondo di <strong>Spray di spezie K2<\/strong>, questo prodotto promette di fornirti l&#039;intensit\u00e0 che stai cercando.<\/p>\n<hr \/>\n<h3>Perch\u00e9 acquistare Diablo K2 Spray?<\/h3>\n<p><strong>Spray Diablo K2<\/strong> \u00e8 rinomato per essere uno dei pi\u00f9 potenti <strong>Spray di spezie K2<\/strong> disponibile. Noto per i suoi effetti ad azione rapida e il potente sballo, \u00e8 perfetto per chi cerca un&#039;esperienza forte e che altera la mente. Ecco perch\u00e9 dovresti <strong>acquista lo spray Diablo K2 online<\/strong> da <strong>Ricerca FRCS<\/strong>:<\/p>\n<ul>\n<li><strong>Estremamente potente<\/strong>: Uno dei <strong>spray di spezie K2 pi\u00f9 forti<\/strong> sul mercato, progettato per utenti esperti.<\/li>\n<li><strong>Effetti duraturi<\/strong>: Godetevi l&#039;euforia duratura e il relax che <strong>Diavolo K2<\/strong> offre un&#039;esperienza senza pari.<\/li>\n<li><strong>Spedizione discreta e sicura<\/strong>: Tutti gli ordini vengono spediti con cura, garantendo la tua privacy.<\/li>\n<li><strong>Testato in laboratorio per la qualit\u00e0<\/strong>: Nostro <a href=\"https:\/\/frcs-research.com\/it\/product-category\/cannabinoidi-sintetici\/spezie-e-k2\/\"><strong>Spray K2<\/strong><\/a> sono testati in laboratorio per garantire i pi\u00f9 elevati standard di qualit\u00e0 e sicurezza.<\/li>\n<\/ul>\n<hr \/>\n<h3>Diablo K2 Spray \u2013 Il meglio dei prodotti K2 Spice<\/h3>\n<p>Se stai cercando il <strong>miglior spray speziato K2<\/strong>, <strong>Diavolo K2<\/strong> dovrebbe essere in cima alla tua lista. Questo prodotto ad alta potenza si \u00e8 guadagnato la reputazione di essere uno dei cannabinoidi sintetici pi\u00f9 intensi sul mercato. Con una piccola quantit\u00e0, puoi provare un effetto che dura per ore.<\/p>\n<p><strong>Caratteristiche principali dello spray Diablo K2<\/strong>:<\/p>\n<ul>\n<li>Uno dei <strong>spray K2 pi\u00f9 potenti in vendita<\/strong><\/li>\n<li>Perfetto per chi cerca un <strong>droga legale<\/strong> ed effetti intensi<\/li>\n<li>Formula ad azione rapida per risultati immediati<\/li>\n<li>Ideale per l&#039;uso su <strong>Carta K2<\/strong> O <strong>incenso alle erbe<\/strong><\/li>\n<\/ul>\n<hr \/>\n<h3>Dove acquistare Diablo K2 Spray online?<\/h3>\n<p>Puoi facilmente <strong>acquista lo spray Diablo K2<\/strong> da <strong>Ricerca FRCS<\/strong>, la tua fonte di fiducia per i prodotti K2 di altissima qualit\u00e0. Con il nostro processo di pagamento semplice e sicuro e le opzioni di spedizione discrete, l&#039;acquisto <strong>Spray Diablo K2<\/strong> non \u00e8 mai stato cos\u00ec facile.<\/p>\n<p>A <strong>Ricerca FRCS<\/strong>, comprendiamo la tua esigenza di una fonte affidabile per <strong>acquista spray speziato K2 online<\/strong>. Garantiamo che ogni bottiglia di <strong>Spray Diablo K2<\/strong> soddisfa rigorosi standard qualitativi, cos\u00ec puoi goderti il meglio <strong>spezie K2<\/strong> esperienza disponibile.<\/p>\n<hr \/>\n<h3>Acquista Diablo K2 Spray su FRCSResearch<\/h3>\n<p><strong>Ricerca FRCS<\/strong> \u00e8 il posto migliore per <strong>acquista lo spray Diablo K2 online<\/strong>Abbiamo in magazzino solo la massima qualit\u00e0 <strong>Spray di spezie K2<\/strong>, offrendoti il meglio <strong>incenso alle erbe<\/strong> E <a href=\"https:\/\/frcs-research.com\/it\/product-category\/cannabinoidi-sintetici\/spezie-e-k2\/\"><strong>Prodotti K2<\/strong><\/a> sul mercato. I nostri prezzi competitivi, la spedizione veloce e l&#039;impegno per la qualit\u00e0 ci rendono la scelta migliore per gli acquirenti K2.<\/p>\n<hr \/>\n<h3>Perch\u00e9 scegliere FRCSResearch?<\/h3>\n<ul>\n<li><strong>Spray K2 pi\u00f9 forte in vendita<\/strong>:Siamo specializzati in prodotti K2 ad alta potenza come <strong>Spray Diablo K2<\/strong>.<\/li>\n<li><strong>Prezzi accessibili<\/strong>: Ottieni spray speziati K2 di qualit\u00e0 premium a prezzi competitivi.<\/li>\n<li><strong>Spedizione discreta<\/strong>: Tutti gli ordini vengono gestiti con riservatezza e consegnati rapidamente.<\/li>\n<li><strong>Fonte affidabile<\/strong>: Siamo un fornitore affidabile per tutti i tipi di <strong>spezie K2<\/strong> prodotti, compresi <strong>Spray K2 su carta<\/strong> E <strong>Incenso K2<\/strong>.<\/li>\n<\/ul>\n<hr \/>\n<h3>Acquista subito Diablo K2 Spray!<\/h3>\n<p>Non aspettare! <strong>Acquista online lo spray Diablo K2<\/strong> adesso a <strong>Ricerca FRCS<\/strong> e sperimenta lo spray di spezie K2 pi\u00f9 forte e affidabile disponibile. Che tu sia un utente abituale o che tu stia solo provando <strong>Spray di spezie K2<\/strong> per la prima volta, amerai gli effetti potenti e duraturi di <strong>Diavolo K2<\/strong>Ordina oggi per una spedizione veloce e discreta ai migliori prezzi sul mercato.<\/p>","protected":false},"excerpt":{"rendered":"<p>Buy Diablo K2 Spray Online \u2013 The Strongest K2 Spray for Sale at FRCSResearch Looking for the strongest K2 spray on the market? Diablo K2 Spray is your ultimate choice!&hellip;<\/p>\n<p class=\"product woocommerce add_to_cart_inline\" style=\"border:4px solid #ccc; padding: 12px;\"><del aria-hidden=\"true\"><span class=\"woocommerce-Price-amount amount\"><bdi><span class=\"woocommerce-Price-currencySymbol\">&euro;<\/span>250.00<\/bdi><\/span><\/del> <span class=\"screen-reader-text\" data-no-translation=\"\" data-trp-gettext=\"\">Il prezzo originale era: &euro;250.00.<\/span><ins aria-hidden=\"true\"><span class=\"woocommerce-Price-amount amount\"><bdi><span class=\"woocommerce-Price-currencySymbol\">&euro;<\/span>245.00<\/bdi><\/span><\/ins><span class=\"screen-reader-text\" data-no-translation=\"\" data-trp-gettext=\"\">Il prezzo attuale \u00e8: &euro;245.00.<\/span><a href=\"\/it\/wp-json\/wp\/v2\/product\/807?add-to-cart=807\" aria-describedby=\"woocommerce_loop_add_to_cart_link_describedby_807\" data-quantity=\"1\" class=\"button product_type_simple add_to_cart_button ajax_add_to_cart\" data-product_id=\"807\" data-product_sku=\"\" aria-label=\"Aggiungi al carrello: &quot;Diablo K2 Spray&quot;\" rel=\"nofollow\" data-success_message=\"&quot;Diablo K2 Spray&quot; \u00e8 stato aggiunto al tuo carrello.\" data-no-translation=\"\" data-trp-gettext=\"\" data-no-translation-aria-label=\"\" data-no-translation-data-success_message=\"\">Aggiungi al carrello<\/a>\t<span id=\"woocommerce_loop_add_to_cart_link_describedby_807\" class=\"screen-reader-text\"><br \/>\n\t\t\t<\/span><\/p>","protected":false},"featured_media":808,"comment_status":"open","ping_status":"closed","template":"","meta":{"_uag_custom_page_level_css":""},"product_brand":[],"product_cat":[124],"product_tag":[],"class_list":{"0":"post-807","1":"product","2":"type-product","3":"status-publish","4":"has-post-thumbnail","6":"product_cat-spice-and-k2","8":"first","9":"instock","10":"sale","11":"shipping-taxable","12":"purchasable","13":"product-type-simple"},"yoast_head":"<!-- This site is optimized with the Yoast SEO plugin v27.1.1 - https:\/\/yoast.com\/product\/yoast-seo-wordpress\/ -->\n<title>Buy Diablo K2 Spray Online \u2013 Strongest K2 Spice Spray for Sale<\/title>\n<meta name=\"description\" content=\"Purchase the strongest Diablo K2 spray online at FRCSResearch. Enjoy potent, long-lasting effects from the best K2 spice spray on the market. Fast, discreet shipping available.\" \/>\n<meta name=\"robots\" content=\"index, follow, max-snippet:-1, max-image-preview:large, max-video-preview:-1\" \/>\n<link rel=\"canonical\" href=\"https:\/\/frcs-research.com\/it\/product\/acquista-diablo-k2-spray\/\" \/>\n<meta property=\"og:locale\" content=\"it_IT\" \/>\n<meta property=\"og:type\" content=\"article\" \/>\n<meta property=\"og:title\" content=\"Buy Diablo K2 Spray Online \u2013 Strongest K2 Spice Spray for Sale\" \/>\n<meta property=\"og:description\" content=\"Purchase the strongest Diablo K2 spray online at FRCSResearch. Enjoy potent, long-lasting effects from the best K2 spice spray on the market. Fast, discreet shipping available.\" \/>\n<meta property=\"og:url\" content=\"https:\/\/frcs-research.com\/it\/product\/acquista-diablo-k2-spray\/\" \/>\n<meta property=\"og:site_name\" content=\"wholesale supplier of research chemicals, 4mmc, 3mmc, MDPHP, Alpha PVP and more\" \/>\n<meta property=\"article:modified_time\" content=\"2026-04-05T22:22:36+00:00\" \/>\n<meta property=\"og:image\" content=\"https:\/\/frcs-research.com\/wp-content\/uploads\/2024\/10\/Diablo-K2-spice-spray-768x687-1.jpeg\" \/>\n\t<meta property=\"og:image:width\" content=\"768\" \/>\n\t<meta property=\"og:image:height\" content=\"687\" \/>\n\t<meta property=\"og:image:type\" content=\"image\/jpeg\" \/>\n<meta name=\"twitter:card\" content=\"summary_large_image\" \/>\n<meta name=\"twitter:label1\" content=\"Prezzo\" \/>\n\t<meta name=\"twitter:data1\" content=\"&euro;245.00\" \/>\n\t<meta name=\"twitter:label2\" content=\"Disponibilit\u00e0\" \/>\n\t<meta name=\"twitter:data2\" content=\"In stock\" \/>\n<script type=\"application\/ld+json\" class=\"yoast-schema-graph\">{\"@context\":\"https:\/\/schema.org\",\"@graph\":[{\"@type\":[\"WebPage\",\"ItemPage\"],\"@id\":\"https:\/\/frcs-research.com\/product\/buy-diablo-k2-spray\/\",\"url\":\"https:\/\/frcs-research.com\/product\/buy-diablo-k2-spray\/\",\"name\":\"Buy Diablo K2 Spray Online \u2013 Strongest K2 Spice Spray for Sale\",\"isPartOf\":{\"@id\":\"https:\/\/frcs-research.com\/#website\"},\"primaryImageOfPage\":{\"@id\":\"https:\/\/frcs-research.com\/product\/buy-diablo-k2-spray\/#primaryimage\"},\"image\":{\"@id\":\"https:\/\/frcs-research.com\/product\/buy-diablo-k2-spray\/#primaryimage\"},\"thumbnailUrl\":\"https:\/\/frcs-research.com\/wp-content\/uploads\/2024\/10\/Diablo-K2-spice-spray-768x687-1.jpeg\",\"datePublished\":\"2024-10-13T09:49:18+00:00\",\"dateModified\":\"2026-04-05T22:22:36+00:00\",\"description\":\"Purchase the strongest Diablo K2 spray online at FRCSResearch. Enjoy potent, long-lasting effects from the best K2 spice spray on the market. Fast, discreet shipping available.\",\"breadcrumb\":{\"@id\":\"https:\/\/frcs-research.com\/product\/buy-diablo-k2-spray\/#breadcrumb\"},\"inLanguage\":\"it-IT\",\"potentialAction\":[{\"@type\":\"ReadAction\",\"target\":[\"https:\/\/frcs-research.com\/product\/buy-diablo-k2-spray\/\"]}]},{\"@type\":\"ImageObject\",\"inLanguage\":\"it-IT\",\"@id\":\"https:\/\/frcs-research.com\/product\/buy-diablo-k2-spray\/#primaryimage\",\"url\":\"https:\/\/frcs-research.com\/wp-content\/uploads\/2024\/10\/Diablo-K2-spice-spray-768x687-1.jpeg\",\"contentUrl\":\"https:\/\/frcs-research.com\/wp-content\/uploads\/2024\/10\/Diablo-K2-spice-spray-768x687-1.jpeg\",\"width\":768,\"height\":687,\"caption\":\"Diablo K2 Spray\"},{\"@type\":\"BreadcrumbList\",\"@id\":\"https:\/\/frcs-research.com\/product\/buy-diablo-k2-spray\/#breadcrumb\",\"itemListElement\":[{\"@type\":\"ListItem\",\"position\":1,\"name\":\"Home\",\"item\":\"https:\/\/frcs-research.com\/\"},{\"@type\":\"ListItem\",\"position\":2,\"name\":\"Shop\",\"item\":\"https:\/\/frcs-research.com\/shop\/\"},{\"@type\":\"ListItem\",\"position\":3,\"name\":\"Diablo K2 Spray\"}]},{\"@type\":\"WebSite\",\"@id\":\"https:\/\/frcs-research.com\/#website\",\"url\":\"https:\/\/frcs-research.com\/\",\"name\":\"wholesale supplier of research chemicals, 4mmc, 3mmc, MDPHP, Alpha PVP and more\",\"description\":\"Wholesale research chemicals\",\"potentialAction\":[{\"@type\":\"SearchAction\",\"target\":{\"@type\":\"EntryPoint\",\"urlTemplate\":\"https:\/\/frcs-research.com\/?s={search_term_string}\"},\"query-input\":{\"@type\":\"PropertyValueSpecification\",\"valueRequired\":true,\"valueName\":\"search_term_string\"}}],\"inLanguage\":\"it-IT\"}]}<\/script>\n<meta property=\"product:price:amount\" content=\"245.00\" \/>\n<meta property=\"product:price:currency\" content=\"EUR\" \/>\n<meta property=\"og:availability\" content=\"instock\" \/>\n<meta property=\"product:availability\" content=\"instock\" \/>\n<meta property=\"product:condition\" content=\"new\" \/>\n<!-- \/ Yoast SEO plugin. -->","yoast_head_json":{"title":"Acquista Diablo K2 Spray online \u2013 Lo spray speziato K2 pi\u00f9 forte in vendita","description":"Acquista lo spray Diablo K2 pi\u00f9 forte online su FRCSResearch. Goditi gli effetti potenti e duraturi del miglior spray di spezie K2 sul mercato. Spedizione veloce e discreta disponibile.","robots":{"index":"index","follow":"follow","max-snippet":"max-snippet:-1","max-image-preview":"max-image-preview:large","max-video-preview":"max-video-preview:-1"},"canonical":"https:\/\/frcs-research.com\/it\/product\/acquista-diablo-k2-spray\/","og_locale":"it_IT","og_type":"article","og_title":"Buy Diablo K2 Spray Online \u2013 Strongest K2 Spice Spray for Sale","og_description":"Purchase the strongest Diablo K2 spray online at FRCSResearch. Enjoy potent, long-lasting effects from the best K2 spice spray on the market. Fast, discreet shipping available.","og_url":"https:\/\/frcs-research.com\/it\/product\/acquista-diablo-k2-spray\/","og_site_name":"wholesale supplier of research chemicals, 4mmc, 3mmc, MDPHP, Alpha PVP and more","article_modified_time":"2026-04-05T22:22:36+00:00","og_image":[{"width":768,"height":687,"url":"https:\/\/frcs-research.com\/wp-content\/uploads\/2024\/10\/Diablo-K2-spice-spray-768x687-1.jpeg","type":"image\/jpeg"}],"twitter_card":"summary_large_image","twitter_misc":{"Prezzo":"&euro;245.00","Disponibilit\u00e0":"In stock"},"schema":{"@context":"https:\/\/schema.org","@graph":[{"@type":["WebPage","ItemPage"],"@id":"https:\/\/frcs-research.com\/product\/buy-diablo-k2-spray\/","url":"https:\/\/frcs-research.com\/product\/buy-diablo-k2-spray\/","name":"Acquista Diablo K2 Spray online \u2013 Lo spray speziato K2 pi\u00f9 forte in vendita","isPartOf":{"@id":"https:\/\/frcs-research.com\/#website"},"primaryImageOfPage":{"@id":"https:\/\/frcs-research.com\/product\/buy-diablo-k2-spray\/#primaryimage"},"image":{"@id":"https:\/\/frcs-research.com\/product\/buy-diablo-k2-spray\/#primaryimage"},"thumbnailUrl":"https:\/\/frcs-research.com\/wp-content\/uploads\/2024\/10\/Diablo-K2-spice-spray-768x687-1.jpeg","datePublished":"2024-10-13T09:49:18+00:00","dateModified":"2026-04-05T22:22:36+00:00","description":"Acquista lo spray Diablo K2 pi\u00f9 forte online su FRCSResearch. Goditi gli effetti potenti e duraturi del miglior spray di spezie K2 sul mercato. Spedizione veloce e discreta disponibile.","breadcrumb":{"@id":"https:\/\/frcs-research.com\/product\/buy-diablo-k2-spray\/#breadcrumb"},"inLanguage":"it-IT","potentialAction":[{"@type":"ReadAction","target":["https:\/\/frcs-research.com\/product\/buy-diablo-k2-spray\/"]}]},{"@type":"ImageObject","inLanguage":"it-IT","@id":"https:\/\/frcs-research.com\/product\/buy-diablo-k2-spray\/#primaryimage","url":"https:\/\/frcs-research.com\/wp-content\/uploads\/2024\/10\/Diablo-K2-spice-spray-768x687-1.jpeg","contentUrl":"https:\/\/frcs-research.com\/wp-content\/uploads\/2024\/10\/Diablo-K2-spice-spray-768x687-1.jpeg","width":768,"height":687,"caption":"Diablo K2 Spray"},{"@type":"BreadcrumbList","@id":"https:\/\/frcs-research.com\/product\/buy-diablo-k2-spray\/#breadcrumb","itemListElement":[{"@type":"ListItem","position":1,"name":"Home","item":"https:\/\/frcs-research.com\/"},{"@type":"ListItem","position":2,"name":"Shop","item":"https:\/\/frcs-research.com\/shop\/"},{"@type":"ListItem","position":3,"name":"Diablo K2 Spray"}]},{"@type":"WebSite","@id":"https:\/\/frcs-research.com\/#website","url":"https:\/\/frcs-research.com\/","name":"fornitore all&#039;ingrosso di prodotti chimici per la ricerca, 4mmc, 3mmc, MDPHP, Alpha PVP e altro","description":"Prodotti chimici di ricerca all&#039;ingrosso","potentialAction":[{"@type":"SearchAction","target":{"@type":"EntryPoint","urlTemplate":"https:\/\/frcs-research.com\/?s={search_term_string}"},"query-input":{"@type":"PropertyValueSpecification","valueRequired":true,"valueName":"search_term_string"}}],"inLanguage":"it-IT"}]},"product_price_amount":"245.00","product_price_currency":"EUR","og_availability":"instock","product_availability":"instock","product_condition":"new"},"uagb_featured_image_src":{"full":["https:\/\/frcs-research.com\/wp-content\/uploads\/2024\/10\/Diablo-K2-spice-spray-768x687-1.jpeg",768,687,false],"thumbnail":["https:\/\/frcs-research.com\/wp-content\/uploads\/2024\/10\/Diablo-K2-spice-spray-768x687-1-150x150.jpeg",150,150,true],"medium":["https:\/\/frcs-research.com\/wp-content\/uploads\/2024\/10\/Diablo-K2-spice-spray-768x687-1-300x268.jpeg",300,268,true],"medium_large":["https:\/\/frcs-research.com\/wp-content\/uploads\/2024\/10\/Diablo-K2-spice-spray-768x687-1.jpeg",768,687,false],"large":["https:\/\/frcs-research.com\/wp-content\/uploads\/2024\/10\/Diablo-K2-spice-spray-768x687-1.jpeg",768,687,false],"1536x1536":["https:\/\/frcs-research.com\/wp-content\/uploads\/2024\/10\/Diablo-K2-spice-spray-768x687-1.jpeg",768,687,false],"2048x2048":["https:\/\/frcs-research.com\/wp-content\/uploads\/2024\/10\/Diablo-K2-spice-spray-768x687-1.jpeg",768,687,false],"trp-custom-language-flag":["https:\/\/frcs-research.com\/wp-content\/uploads\/2024\/10\/Diablo-K2-spice-spray-768x687-1.jpeg",13,12,false],"post-thumbnail":["https:\/\/frcs-research.com\/wp-content\/uploads\/2024\/10\/Diablo-K2-spice-spray-768x687-1.jpeg",693,620,false],"elite-commerce-slider":["https:\/\/frcs-research.com\/wp-content\/uploads\/2024\/10\/Diablo-K2-spice-spray-768x687-1.jpeg",768,687,false],"elite-commerce-hero":["https:\/\/frcs-research.com\/wp-content\/uploads\/2024\/10\/Diablo-K2-spice-spray-768x687-1.jpeg",600,537,false],"elite-commerce-portfolio":["https:\/\/frcs-research.com\/wp-content\/uploads\/2024\/10\/Diablo-K2-spice-spray-768x687-1.jpeg",400,358,false],"woocommerce_thumbnail":["https:\/\/frcs-research.com\/wp-content\/uploads\/2024\/10\/Diablo-K2-spice-spray-768x687-1-300x300.jpeg",300,300,true],"woocommerce_single":["https:\/\/frcs-research.com\/wp-content\/uploads\/2024\/10\/Diablo-K2-spice-spray-768x687-1-600x537.jpeg",600,537,true],"woocommerce_gallery_thumbnail":["https:\/\/frcs-research.com\/wp-content\/uploads\/2024\/10\/Diablo-K2-spice-spray-768x687-1-100x100.jpeg",100,100,true]},"uagb_author_info":{"display_name":"Richard Wood","author_link":"https:\/\/frcs-research.com\/it\/author\/"},"uagb_comment_info":807,"uagb_excerpt":"Buy Diablo K2 Spray Online \u2013 The Strongest K2 Spray for Sale at FRCSResearch Looking for the strongest K2 spray on the market? Diablo K2 Spray is your ultimate choice!&hellip;&euro;250.00 Il prezzo originale era: &euro;250.00.&euro;245.00Il prezzo attuale \u00e8: &euro;245.00.Aggiungi al carrello","_links":{"self":[{"href":"https:\/\/frcs-research.com\/it\/wp-json\/wp\/v2\/product\/807","targetHints":{"allow":["GET"]}}],"collection":[{"href":"https:\/\/frcs-research.com\/it\/wp-json\/wp\/v2\/product"}],"about":[{"href":"https:\/\/frcs-research.com\/it\/wp-json\/wp\/v2\/types\/product"}],"replies":[{"embeddable":true,"href":"https:\/\/frcs-research.com\/it\/wp-json\/wp\/v2\/comments?post=807"}],"wp:featuredmedia":[{"embeddable":true,"href":"https:\/\/frcs-research.com\/it\/wp-json\/wp\/v2\/media\/808"}],"wp:attachment":[{"href":"https:\/\/frcs-research.com\/it\/wp-json\/wp\/v2\/media?parent=807"}],"wp:term":[{"taxonomy":"product_brand","embeddable":true,"href":"https:\/\/frcs-research.com\/it\/wp-json\/wp\/v2\/product_brand?post=807"},{"taxonomy":"product_cat","embeddable":true,"href":"https:\/\/frcs-research.com\/it\/wp-json\/wp\/v2\/product_cat?post=807"},{"taxonomy":"product_tag","embeddable":true,"href":"https:\/\/frcs-research.com\/it\/wp-json\/wp\/v2\/product_tag?post=807"}],"curies":[{"name":"wp","href":"https:\/\/api.w.org\/{rel}","templated":true}]}}