{"id":810,"date":"2024-10-13T10:00:39","date_gmt":"2024-10-13T10:00:39","guid":{"rendered":"https:\/\/frcs-research.com\/?post_type=product&#038;p=810"},"modified":"2026-04-05T09:42:21","modified_gmt":"2026-04-05T09:42:21","slug":"acquista-cloud-9-liquid-k2","status":"publish","type":"product","link":"https:\/\/frcs-research.com\/it\/product\/acquista-cloud-9-liquid-k2\/","title":{"rendered":"Spray liquido K2 Cloud 9"},"content":{"rendered":"<h1><strong>Acquista Cloud 9 Liquid K2 Spray online \u2013 Spray di spezie K2 premium in vendita su FRCSResearch<\/strong><\/h1>\n<p>Cerchi un&#039;esperienza K2 fluida e potente? <strong>Spray liquido K2 Cloud 9<\/strong> \u00e8 una delle scelte migliori tra gli utenti di K2, offrendo un effetto potente e alterante che non troverete da nessun&#039;altra parte. A <strong>Ricerca FRCS<\/strong>, puoi <strong>acquista Cloud 9 Liquid K2 spray<\/strong> online con sicurezza, sapendo che stai ottenendo la massima qualit\u00e0 <strong>Spray di spezie K2<\/strong> disponibile. Che tu sia un utente esperto o nuovo nel mondo di <strong>Prodotti K2<\/strong>Cloud 9 offre un effetto euforico e duraturo, piacevole e rilassante.<\/p>\n<hr \/>\n<h3>Perch\u00e9 acquistare Cloud 9 Liquid K2 Spray?<\/h3>\n<p><strong>Spray liquido K2 Cloud 9<\/strong> si distingue come uno dei pi\u00f9 popolari <strong>Spray di spezie K2<\/strong> per la sua elevata potenza e l&#039;esperienza bilanciata. Questo prodotto offre una miscela unica di effetti, rendendolo il preferito tra coloro che cercano di raggiungere uno stato calmo ma euforico. Quando <strong>acquista lo spray Cloud 9 K2 online<\/strong>, ottieni un prodotto che offre:<\/p>\n<ul>\n<li><strong>Potenza bilanciata<\/strong>: Abbastanza forte da fornire un effetto profondo e coinvolgente, ma abbastanza morbido per un&#039;esperienza pi\u00f9 rilassata.<\/li>\n<li><strong>Effetti duraturi<\/strong>:Gli effetti di <strong>Spray Cloud 9 K2<\/strong> durano per ore, assicurandoti di ottenere il massimo da ogni utilizzo.<\/li>\n<li><strong>Utilizzo versatile<\/strong>: Perfetto per l&#039;uso su <strong>Carta K2<\/strong> o come aggiunta al tuo preferito <a href=\"https:\/\/frcs-research.com\/it\/product-category\/cannabinoidi-sintetici\/spezie-e-k2\/\"><strong>incenso alle erbe<\/strong><\/a>.<\/li>\n<li><strong>Qualit\u00e0 Premium<\/strong>: Ci riforniamo solo della massima qualit\u00e0 <strong>spezie K2<\/strong> prodotti, assicurandoti di ottenere il meglio <strong>spruzzo K2<\/strong> sul mercato.<\/li>\n<\/ul>\n<hr \/>\n<h3>Cloud 9 Liquid K2 Spray in vendita \u2013 Un prodotto affidabile<\/h3>\n<p>Quando si tratta di <strong>acquisto spray speziato K2 online<\/strong>, <strong>Spray liquido K2 Cloud 9<\/strong> \u00e8 uno dei prodotti pi\u00f9 affidabili disponibili. Noto per la sua potenza costante e gli effetti morbidi, \u00e8 perfetto sia per il relax che per un high elevato. Questo prodotto versatile pu\u00f2 essere spruzzato su <strong>incenso alle erbe<\/strong>, <strong>Carta K2<\/strong>o utilizzato da solo per un&#039;esperienza pi\u00f9 intensa.<\/p>\n<p><strong>Caratteristiche di Cloud 9 Liquid K2 Spray<\/strong>:<\/p>\n<ul>\n<li>Uno dei <strong>spray K2 pi\u00f9 popolari<\/strong> in vendita<\/li>\n<li>Facile da usare su <strong>Carta infusa con K2<\/strong> O <strong>incenso alle erbe<\/strong><\/li>\n<li>Fornisce un effetto calmo ed euforico<\/li>\n<li>Testato in laboratorio per sicurezza e potenza<\/li>\n<\/ul>\n<hr \/>\n<h3>Perch\u00e9 acquistare da FRCSResearch?<\/h3>\n<p>A <strong>Ricerca FRCS<\/strong>, ci impegniamo a fornire la migliore qualit\u00e0 <strong>Spray di spezie K2<\/strong> in vendita, compreso <strong>Spray liquido K2 Cloud 9<\/strong>Quando tu <strong>acquista lo spray K2 online<\/strong> da noi puoi aspettarti:<\/p>\n<ul>\n<li><strong>Prodotti di qualit\u00e0 premium<\/strong>: I nostri prodotti K2, inclusi <strong>Spruzzo Cloud 9<\/strong>, vengono testati per verificarne la purezza e la potenza per garantirti la migliore esperienza.<\/li>\n<li><strong>Spedizione discreta e veloce<\/strong>: La tua privacy \u00e8 la nostra priorit\u00e0. Offriamo spedizioni sicure e discrete su tutti gli ordini.<\/li>\n<li><strong>Prezzi accessibili<\/strong>: Cerchi le migliori offerte? Offriamo <strong>Spray Cloud 9 K2<\/strong> a prezzi competitivi senza compromettere la qualit\u00e0.<\/li>\n<\/ul>\n<hr \/>\n<h3>Come usare Cloud 9 Liquid K2 Spray<\/h3>\n<p>Utilizzando <strong>Spray liquido K2 Cloud 9<\/strong> \u00e8 semplice e comodo. Sia che tu lo stia applicando a <strong>Carta K2<\/strong> o aggiungendolo a <strong>incenso alle erbe<\/strong>, ne basta una piccola quantit\u00e0 per ottenere gli effetti desiderati. Ci\u00f2 lo rende un&#039;opzione altamente efficiente e conveniente per coloro che cercano un effetto forte e affidabile.<\/p>\n<hr \/>\n<h3>Dove acquistare online lo spray Cloud 9 Liquid K2?<\/h3>\n<p>Se stai cercando dove <strong>acquista Cloud 9 Liquid K2 Spray<\/strong>, non cercare oltre <strong>Ricerca FRCS<\/strong>. Rendiamo facile l&#039;acquisto di questo popolare <strong>Spray di spezie K2<\/strong> online, offrendo spedizioni rapide e opzioni di pagamento sicure. Inoltre, tutti i nostri prodotti sono testati per garantire che soddisfino i pi\u00f9 elevati standard di qualit\u00e0.<\/p>\n<hr \/>\n<h3>Acquista subito lo spray Cloud 9 Liquid K2!<\/h3>\n<p>Pronti a migliorare la vostra esperienza sul K2? <strong>Acquista Cloud 9 Liquid K2 Spray<\/strong> da <strong>Ricerca FRCS<\/strong> oggi e goditi uno dei migliori <strong>Spray di spezie K2<\/strong> disponibile. Che tu sia un utente abituale o che tu stia appena iniziando, amerai gli effetti fluidi ed euforici che <strong>Nuvola 9<\/strong> fornisce. Ordina ora per una consegna veloce e discreta e prezzi imbattibili!<\/p>\n<hr \/>\n<p><strong>Parole chiave integrate<\/strong>:<\/p>\n<ul>\n<li>Acquista online lo spray Cloud 9 Liquid K2,<\/li>\n<li>Spray Cloud 9 K2 in vendita,<\/li>\n<li>Spray di spezie K2 pi\u00f9 forte,<\/li>\n<li>Dove acquistare lo spray Cloud 9 K2,<\/li>\n<li>Spray liquido K2 Cloud 9,<\/li>\n<li>Spray di spezie K2 online,<\/li>\n<li>Spray K2 su carta,<\/li>\n<li>Incenso alle erbe K2,<\/li>\n<\/ul>","protected":false},"excerpt":{"rendered":"<p>Buy Cloud 9 Liquid K2 Spray Online \u2013 Premium K2 Spice Spray for Sale at FRCSResearch Looking for a smooth and powerful K2 experience? Cloud 9 Liquid K2 Spray is&hellip;<\/p>\n<p class=\"product woocommerce add_to_cart_inline\" style=\"border:4px solid #ccc; padding: 12px;\"><del aria-hidden=\"true\"><span class=\"woocommerce-Price-amount amount\"><bdi><span class=\"woocommerce-Price-currencySymbol\">&euro;<\/span>270.00<\/bdi><\/span><\/del> <span class=\"screen-reader-text\" data-no-translation=\"\" data-trp-gettext=\"\">Il prezzo originale era: &euro;270.00.<\/span><ins aria-hidden=\"true\"><span class=\"woocommerce-Price-amount amount\"><bdi><span class=\"woocommerce-Price-currencySymbol\">&euro;<\/span>250.00<\/bdi><\/span><\/ins><span class=\"screen-reader-text\" data-no-translation=\"\" data-trp-gettext=\"\">Il prezzo attuale \u00e8: &euro;250.00.<\/span><a href=\"\/it\/wp-json\/wp\/v2\/product\/810?add-to-cart=810\" aria-describedby=\"woocommerce_loop_add_to_cart_link_describedby_810\" data-quantity=\"1\" class=\"button product_type_simple add_to_cart_button ajax_add_to_cart\" data-product_id=\"810\" data-product_sku=\"\" aria-label=\"Aggiungi al carrello: &quot;Cloud 9 Liquid K2 Spray&quot;\" rel=\"nofollow\" data-success_message=\"&quot;Cloud 9 Liquid K2 Spray&quot; \u00e8 stato aggiunto al tuo carrello.\" data-no-translation=\"\" data-trp-gettext=\"\" data-no-translation-aria-label=\"\" data-no-translation-data-success_message=\"\">Aggiungi al carrello<\/a>\t<span id=\"woocommerce_loop_add_to_cart_link_describedby_810\" class=\"screen-reader-text\"><br \/>\n\t\t\t<\/span><\/p>","protected":false},"featured_media":811,"comment_status":"open","ping_status":"closed","template":"","meta":{"_uag_custom_page_level_css":""},"product_brand":[],"product_cat":[124],"product_tag":[125,126,129,132,130,131,127,128],"class_list":{"0":"post-810","1":"product","2":"type-product","3":"status-publish","4":"has-post-thumbnail","6":"product_cat-spice-and-k2","7":"product_tag-buy-cloud-9-liquid-k2-spray-online","8":"product_tag-cloud-9-k2-spray-for-sale","9":"product_tag-cloud-9-liquid-k2-spray","10":"product_tag-k2-herbal-incense","11":"product_tag-k2-spice-spray-online","12":"product_tag-k2-spray-on-paper","13":"product_tag-strongest-k2-spice-spray","14":"product_tag-where-to-buy-cloud-9-k2-spray","16":"first","17":"instock","18":"sale","19":"shipping-taxable","20":"purchasable","21":"product-type-simple"},"yoast_head":"<!-- This site is optimized with the Yoast SEO plugin v27.1.1 - https:\/\/yoast.com\/product\/yoast-seo-wordpress\/ -->\n<title>Buy Cloud 9 Liquid K2 Spray for sale Online \u2013 Buy K2 Spice Spray<\/title>\n<meta name=\"description\" content=\"Purchase Cloud 9 Liquid K2 Spray online at FRCSResearch. Experience the smooth, potent effects of this top-rated K2 spice spray.\" \/>\n<meta name=\"robots\" content=\"index, follow, max-snippet:-1, max-image-preview:large, max-video-preview:-1\" \/>\n<link rel=\"canonical\" href=\"https:\/\/frcs-research.com\/it\/product\/acquista-cloud-9-liquid-k2\/\" \/>\n<meta property=\"og:locale\" content=\"it_IT\" \/>\n<meta property=\"og:type\" content=\"article\" \/>\n<meta property=\"og:title\" content=\"Buy Cloud 9 Liquid K2 Spray for sale Online \u2013 Buy K2 Spice Spray\" \/>\n<meta property=\"og:description\" content=\"Purchase Cloud 9 Liquid K2 Spray online at FRCSResearch. Experience the smooth, potent effects of this top-rated K2 spice spray.\" \/>\n<meta property=\"og:url\" content=\"https:\/\/frcs-research.com\/it\/product\/acquista-cloud-9-liquid-k2\/\" \/>\n<meta property=\"og:site_name\" content=\"wholesale supplier of research chemicals, 4mmc, 3mmc, MDPHP, Alpha PVP and more\" \/>\n<meta property=\"article:modified_time\" content=\"2026-04-05T09:42:21+00:00\" \/>\n<meta property=\"og:image\" content=\"https:\/\/frcs-research.com\/wp-content\/uploads\/2024\/10\/Magical-quick-dry-200ml-potion-gallery_2_1.webp\" \/>\n\t<meta property=\"og:image:width\" content=\"900\" \/>\n\t<meta property=\"og:image:height\" content=\"1000\" \/>\n\t<meta property=\"og:image:type\" content=\"image\/webp\" \/>\n<meta name=\"twitter:card\" content=\"summary_large_image\" \/>\n<meta name=\"twitter:label1\" content=\"Prezzo\" \/>\n\t<meta name=\"twitter:data1\" content=\"&euro;250.00\" \/>\n\t<meta name=\"twitter:label2\" content=\"Disponibilit\u00e0\" \/>\n\t<meta name=\"twitter:data2\" content=\"In stock\" \/>\n<script type=\"application\/ld+json\" class=\"yoast-schema-graph\">{\"@context\":\"https:\/\/schema.org\",\"@graph\":[{\"@type\":[\"WebPage\",\"ItemPage\"],\"@id\":\"https:\/\/frcs-research.com\/product\/buy-cloud-9-liquid-k2\/\",\"url\":\"https:\/\/frcs-research.com\/product\/buy-cloud-9-liquid-k2\/\",\"name\":\"Buy Cloud 9 Liquid K2 Spray for sale Online \u2013 Buy K2 Spice Spray\",\"isPartOf\":{\"@id\":\"https:\/\/frcs-research.com\/#website\"},\"primaryImageOfPage\":{\"@id\":\"https:\/\/frcs-research.com\/product\/buy-cloud-9-liquid-k2\/#primaryimage\"},\"image\":{\"@id\":\"https:\/\/frcs-research.com\/product\/buy-cloud-9-liquid-k2\/#primaryimage\"},\"thumbnailUrl\":\"https:\/\/frcs-research.com\/wp-content\/uploads\/2024\/10\/Magical-quick-dry-200ml-potion-gallery_2_1.webp\",\"datePublished\":\"2024-10-13T10:00:39+00:00\",\"dateModified\":\"2026-04-05T09:42:21+00:00\",\"description\":\"Purchase Cloud 9 Liquid K2 Spray online at FRCSResearch. Experience the smooth, potent effects of this top-rated K2 spice spray.\",\"breadcrumb\":{\"@id\":\"https:\/\/frcs-research.com\/product\/buy-cloud-9-liquid-k2\/#breadcrumb\"},\"inLanguage\":\"it-IT\",\"potentialAction\":[{\"@type\":\"ReadAction\",\"target\":[\"https:\/\/frcs-research.com\/product\/buy-cloud-9-liquid-k2\/\"]}]},{\"@type\":\"ImageObject\",\"inLanguage\":\"it-IT\",\"@id\":\"https:\/\/frcs-research.com\/product\/buy-cloud-9-liquid-k2\/#primaryimage\",\"url\":\"https:\/\/frcs-research.com\/wp-content\/uploads\/2024\/10\/Magical-quick-dry-200ml-potion-gallery_2_1.webp\",\"contentUrl\":\"https:\/\/frcs-research.com\/wp-content\/uploads\/2024\/10\/Magical-quick-dry-200ml-potion-gallery_2_1.webp\",\"width\":900,\"height\":1000,\"caption\":\"Cloud 9 Liquid K2 Spray\"},{\"@type\":\"BreadcrumbList\",\"@id\":\"https:\/\/frcs-research.com\/product\/buy-cloud-9-liquid-k2\/#breadcrumb\",\"itemListElement\":[{\"@type\":\"ListItem\",\"position\":1,\"name\":\"Home\",\"item\":\"https:\/\/frcs-research.com\/\"},{\"@type\":\"ListItem\",\"position\":2,\"name\":\"Shop\",\"item\":\"https:\/\/frcs-research.com\/shop\/\"},{\"@type\":\"ListItem\",\"position\":3,\"name\":\"Cloud 9 Liquid K2 Spray\"}]},{\"@type\":\"WebSite\",\"@id\":\"https:\/\/frcs-research.com\/#website\",\"url\":\"https:\/\/frcs-research.com\/\",\"name\":\"wholesale supplier of research chemicals, 4mmc, 3mmc, MDPHP, Alpha PVP and more\",\"description\":\"Wholesale research chemicals\",\"potentialAction\":[{\"@type\":\"SearchAction\",\"target\":{\"@type\":\"EntryPoint\",\"urlTemplate\":\"https:\/\/frcs-research.com\/?s={search_term_string}\"},\"query-input\":{\"@type\":\"PropertyValueSpecification\",\"valueRequired\":true,\"valueName\":\"search_term_string\"}}],\"inLanguage\":\"it-IT\"}]}<\/script>\n<meta property=\"product:price:amount\" content=\"250.00\" \/>\n<meta property=\"product:price:currency\" content=\"EUR\" \/>\n<meta property=\"og:availability\" content=\"instock\" \/>\n<meta property=\"product:availability\" content=\"instock\" \/>\n<meta property=\"product:condition\" content=\"new\" \/>\n<!-- \/ Yoast SEO plugin. -->","yoast_head_json":{"title":"Acquista Cloud 9 Liquid K2 Spray in vendita online \u2013 Acquista K2 Spice Spray","description":"Acquista Cloud 9 Liquid K2 Spray online su FRCSResearch. Prova gli effetti fluidi e potenti di questo spray speziato K2 di prima qualit\u00e0.","robots":{"index":"index","follow":"follow","max-snippet":"max-snippet:-1","max-image-preview":"max-image-preview:large","max-video-preview":"max-video-preview:-1"},"canonical":"https:\/\/frcs-research.com\/it\/product\/acquista-cloud-9-liquid-k2\/","og_locale":"it_IT","og_type":"article","og_title":"Buy Cloud 9 Liquid K2 Spray for sale Online \u2013 Buy K2 Spice Spray","og_description":"Purchase Cloud 9 Liquid K2 Spray online at FRCSResearch. Experience the smooth, potent effects of this top-rated K2 spice spray.","og_url":"https:\/\/frcs-research.com\/it\/product\/acquista-cloud-9-liquid-k2\/","og_site_name":"wholesale supplier of research chemicals, 4mmc, 3mmc, MDPHP, Alpha PVP and more","article_modified_time":"2026-04-05T09:42:21+00:00","og_image":[{"width":900,"height":1000,"url":"https:\/\/frcs-research.com\/wp-content\/uploads\/2024\/10\/Magical-quick-dry-200ml-potion-gallery_2_1.webp","type":"image\/webp"}],"twitter_card":"summary_large_image","twitter_misc":{"Prezzo":"&euro;250.00","Disponibilit\u00e0":"In stock"},"schema":{"@context":"https:\/\/schema.org","@graph":[{"@type":["WebPage","ItemPage"],"@id":"https:\/\/frcs-research.com\/product\/buy-cloud-9-liquid-k2\/","url":"https:\/\/frcs-research.com\/product\/buy-cloud-9-liquid-k2\/","name":"Acquista Cloud 9 Liquid K2 Spray in vendita online \u2013 Acquista K2 Spice Spray","isPartOf":{"@id":"https:\/\/frcs-research.com\/#website"},"primaryImageOfPage":{"@id":"https:\/\/frcs-research.com\/product\/buy-cloud-9-liquid-k2\/#primaryimage"},"image":{"@id":"https:\/\/frcs-research.com\/product\/buy-cloud-9-liquid-k2\/#primaryimage"},"thumbnailUrl":"https:\/\/frcs-research.com\/wp-content\/uploads\/2024\/10\/Magical-quick-dry-200ml-potion-gallery_2_1.webp","datePublished":"2024-10-13T10:00:39+00:00","dateModified":"2026-04-05T09:42:21+00:00","description":"Acquista Cloud 9 Liquid K2 Spray online su FRCSResearch. Prova gli effetti fluidi e potenti di questo spray speziato K2 di prima qualit\u00e0.","breadcrumb":{"@id":"https:\/\/frcs-research.com\/product\/buy-cloud-9-liquid-k2\/#breadcrumb"},"inLanguage":"it-IT","potentialAction":[{"@type":"ReadAction","target":["https:\/\/frcs-research.com\/product\/buy-cloud-9-liquid-k2\/"]}]},{"@type":"ImageObject","inLanguage":"it-IT","@id":"https:\/\/frcs-research.com\/product\/buy-cloud-9-liquid-k2\/#primaryimage","url":"https:\/\/frcs-research.com\/wp-content\/uploads\/2024\/10\/Magical-quick-dry-200ml-potion-gallery_2_1.webp","contentUrl":"https:\/\/frcs-research.com\/wp-content\/uploads\/2024\/10\/Magical-quick-dry-200ml-potion-gallery_2_1.webp","width":900,"height":1000,"caption":"Cloud 9 Liquid K2 Spray"},{"@type":"BreadcrumbList","@id":"https:\/\/frcs-research.com\/product\/buy-cloud-9-liquid-k2\/#breadcrumb","itemListElement":[{"@type":"ListItem","position":1,"name":"Home","item":"https:\/\/frcs-research.com\/"},{"@type":"ListItem","position":2,"name":"Shop","item":"https:\/\/frcs-research.com\/shop\/"},{"@type":"ListItem","position":3,"name":"Cloud 9 Liquid K2 Spray"}]},{"@type":"WebSite","@id":"https:\/\/frcs-research.com\/#website","url":"https:\/\/frcs-research.com\/","name":"fornitore all&#039;ingrosso di prodotti chimici per la ricerca, 4mmc, 3mmc, MDPHP, Alpha PVP e altro","description":"Prodotti chimici di ricerca all&#039;ingrosso","potentialAction":[{"@type":"SearchAction","target":{"@type":"EntryPoint","urlTemplate":"https:\/\/frcs-research.com\/?s={search_term_string}"},"query-input":{"@type":"PropertyValueSpecification","valueRequired":true,"valueName":"search_term_string"}}],"inLanguage":"it-IT"}]},"product_price_amount":"250.00","product_price_currency":"EUR","og_availability":"instock","product_availability":"instock","product_condition":"new"},"uagb_featured_image_src":{"full":["https:\/\/frcs-research.com\/wp-content\/uploads\/2024\/10\/Magical-quick-dry-200ml-potion-gallery_2_1.webp",900,1000,false],"thumbnail":["https:\/\/frcs-research.com\/wp-content\/uploads\/2024\/10\/Magical-quick-dry-200ml-potion-gallery_2_1-150x150.webp",150,150,true],"medium":["https:\/\/frcs-research.com\/wp-content\/uploads\/2024\/10\/Magical-quick-dry-200ml-potion-gallery_2_1-270x300.webp",270,300,true],"medium_large":["https:\/\/frcs-research.com\/wp-content\/uploads\/2024\/10\/Magical-quick-dry-200ml-potion-gallery_2_1-768x853.webp",768,853,true],"large":["https:\/\/frcs-research.com\/wp-content\/uploads\/2024\/10\/Magical-quick-dry-200ml-potion-gallery_2_1.webp",900,1000,false],"1536x1536":["https:\/\/frcs-research.com\/wp-content\/uploads\/2024\/10\/Magical-quick-dry-200ml-potion-gallery_2_1.webp",900,1000,false],"2048x2048":["https:\/\/frcs-research.com\/wp-content\/uploads\/2024\/10\/Magical-quick-dry-200ml-potion-gallery_2_1.webp",900,1000,false],"trp-custom-language-flag":["https:\/\/frcs-research.com\/wp-content\/uploads\/2024\/10\/Magical-quick-dry-200ml-potion-gallery_2_1.webp",11,12,false],"post-thumbnail":["https:\/\/frcs-research.com\/wp-content\/uploads\/2024\/10\/Magical-quick-dry-200ml-potion-gallery_2_1.webp",558,620,false],"elite-commerce-slider":["https:\/\/frcs-research.com\/wp-content\/uploads\/2024\/10\/Magical-quick-dry-200ml-potion-gallery_2_1.webp",900,1000,false],"elite-commerce-hero":["https:\/\/frcs-research.com\/wp-content\/uploads\/2024\/10\/Magical-quick-dry-200ml-potion-gallery_2_1.webp",585,650,false],"elite-commerce-portfolio":["https:\/\/frcs-research.com\/wp-content\/uploads\/2024\/10\/Magical-quick-dry-200ml-potion-gallery_2_1.webp",400,444,false],"woocommerce_thumbnail":["https:\/\/frcs-research.com\/wp-content\/uploads\/2024\/10\/Magical-quick-dry-200ml-potion-gallery_2_1-300x300.webp",300,300,true],"woocommerce_single":["https:\/\/frcs-research.com\/wp-content\/uploads\/2024\/10\/Magical-quick-dry-200ml-potion-gallery_2_1-600x667.webp",600,667,true],"woocommerce_gallery_thumbnail":["https:\/\/frcs-research.com\/wp-content\/uploads\/2024\/10\/Magical-quick-dry-200ml-potion-gallery_2_1-100x100.webp",100,100,true]},"uagb_author_info":{"display_name":"Richard Wood","author_link":"https:\/\/frcs-research.com\/it\/author\/"},"uagb_comment_info":735,"uagb_excerpt":"Buy Cloud 9 Liquid K2 Spray Online \u2013 Premium K2 Spice Spray for Sale at FRCSResearch Looking for a smooth and powerful K2 experience? Cloud 9 Liquid K2 Spray is&hellip;&euro;270.00 Il prezzo originale era: &euro;270.00.&euro;250.00Il prezzo attuale \u00e8: &euro;250.00.Aggiungi al carrello","_links":{"self":[{"href":"https:\/\/frcs-research.com\/it\/wp-json\/wp\/v2\/product\/810","targetHints":{"allow":["GET"]}}],"collection":[{"href":"https:\/\/frcs-research.com\/it\/wp-json\/wp\/v2\/product"}],"about":[{"href":"https:\/\/frcs-research.com\/it\/wp-json\/wp\/v2\/types\/product"}],"replies":[{"embeddable":true,"href":"https:\/\/frcs-research.com\/it\/wp-json\/wp\/v2\/comments?post=810"}],"wp:featuredmedia":[{"embeddable":true,"href":"https:\/\/frcs-research.com\/it\/wp-json\/wp\/v2\/media\/811"}],"wp:attachment":[{"href":"https:\/\/frcs-research.com\/it\/wp-json\/wp\/v2\/media?parent=810"}],"wp:term":[{"taxonomy":"product_brand","embeddable":true,"href":"https:\/\/frcs-research.com\/it\/wp-json\/wp\/v2\/product_brand?post=810"},{"taxonomy":"product_cat","embeddable":true,"href":"https:\/\/frcs-research.com\/it\/wp-json\/wp\/v2\/product_cat?post=810"},{"taxonomy":"product_tag","embeddable":true,"href":"https:\/\/frcs-research.com\/it\/wp-json\/wp\/v2\/product_tag?post=810"}],"curies":[{"name":"wp","href":"https:\/\/api.w.org\/{rel}","templated":true}]}}