{"id":814,"date":"2024-10-13T10:16:09","date_gmt":"2024-10-13T10:16:09","guid":{"rendered":"https:\/\/frcs-research.com\/?post_type=product&#038;p=814"},"modified":"2026-04-21T00:42:43","modified_gmt":"2026-04-21T00:42:43","slug":"acquista-carta-k2","status":"publish","type":"product","link":"https:\/\/frcs-research.com\/it\/product\/acquista-carta-k2\/","title":{"rendered":"K2 Paper 1sheet"},"content":{"rendered":"<h1><strong>Benvenuti a FRCSResearch: la vostra fonte affidabile per i prodotti K2 pi\u00f9 forti<\/strong><\/h1>\n<p>A <strong>Ricerca FRCS<\/strong>, siamo specializzati nel fornire il <strong>spray K2 pi\u00f9 forte sulla carta<\/strong> e altri prodotti K2 di alta qualit\u00e0. Che tu stia cercando di migliorare la tua esperienza con <strong>Carta infusa con K2<\/strong> o cercando il <strong>spray K2 pi\u00f9 forte in vendita<\/strong>, ci pensiamo noi. La nostra missione \u00e8 quella di fornire prodotti eccezionali a prezzi accessibili, garantendo al contempo i pi\u00f9 alti standard di qualit\u00e0 e sicurezza.<\/p>\n<hr \/>\n<h3>Scopri lo spray K2 pi\u00f9 forte in vendita<\/h3>\n<p>Alla ricerca del <strong>spray K2 pi\u00f9 forte in vendita<\/strong>? Sei arrivato nel posto giusto! La nostra selezione include vari prodotti ad alta potenza <a href=\"https:\/\/frcs-research.com\/it\/product-category\/cannabinoidi-sintetici\/spezie-e-k2\/\">Spray K2<\/a> progettato per offrire un&#039;esperienza intensa e duratura. Ecco perch\u00e9 dovresti scegliere <strong>Ricerca FRCS<\/strong> per le tue esigenze K2:<\/p>\n<ul>\n<li><strong>Spray K2 di alta qualit\u00e0<\/strong>: I nostri spray sono formulati per offrire effetti potenti, assicurandoti di ottenere il massimo dal tuo acquisto.<\/li>\n<li><strong>Opzioni versatili<\/strong>: Usa i nostri spray K2 su <strong>Carta infusa con K2<\/strong> per maggiore praticit\u00e0 ed efficacia.<\/li>\n<\/ul>\n<hr \/>\n<h3>Esplora la nostra carta infusa K2 in vendita<\/h3>\n<p>Offriamo una variet\u00e0 di <strong>Carta infusa con K2 in vendita<\/strong>, progettato per massimizzare la tua esperienza K2. La nostra carta \u00e8 perfetta per coloro che desiderano un modo discreto e semplice per godersi K2. Ecco cosa puoi aspettarti quando fai acquisti con noi:<\/p>\n<ul>\n<li><strong>Carta economica infusa con K2<\/strong>: La qualit\u00e0 non deve per forza costare una fortuna. Offriamo prezzi competitivi <strong>Carta infusa con K2<\/strong>, rendendolo accessibile a tutti.<\/li>\n<li><strong>La carta K2 pi\u00f9 resistente disponibile<\/strong>: La nostra carta arricchita con K2 \u00e8 progettata per offrire gli effetti pi\u00f9 forti, assicurandoti un&#039;esperienza intensa e piacevole.<\/li>\n<\/ul>\n<hr \/>\n<h3>Dove acquistare la carta K2<\/h3>\n<p>Se ti stai chiedendo <strong>dove acquistare la carta K2<\/strong>, non cercare oltre! <strong>Ricerca FRCS<\/strong> offre un&#039;esperienza di acquisto semplice con un&#039;ampia selezione di prodotti K2:<\/p>\n<ul>\n<li><strong>Carta della prigione K2<\/strong>: Offriamo l&#039;opzione unica di <strong>acquista online la carta K2 per la prigione<\/strong>, perfetto per chi cerca casi d&#039;uso specifici. La nostra carta da prigione \u00e8 progettata per un&#039;applicazione facile e un uso efficace.<\/li>\n<li><strong>K2 Spice Dove Acquistare<\/strong>: Il nostro sito web \u00e8 il tuo sportello unico per tutto ci\u00f2 che riguarda K2. Che tu abbia bisogno di spray, carta infusa o altri prodotti K2, puoi trovarli tutti in un unico comodo posto.<\/li>\n<\/ul>\n<hr \/>\n<h3>Perch\u00e9 scegliere FRCSResearch?<\/h3>\n<p>A <strong>Ricerca FRCS<\/strong>, ci impegniamo a fornire i migliori prodotti K2 sul mercato. Ecco perch\u00e9 dovresti fare acquisti da noi:<\/p>\n<ul>\n<li><strong>Garanzia di qualit\u00e0<\/strong>: Tutti i nostri prodotti sono testati per verificarne sicurezza ed efficacia, per garantirti solo il meglio.<\/li>\n<li><strong>Spedizione discreta<\/strong>: Diamo valore alla tua privacy. Tutti gli ordini vengono spediti con discrezione, garantendo la riservatezza.<\/li>\n<li><strong>Soddisfazione del cliente<\/strong>: La nostra massima priorit\u00e0 \u00e8 la tua soddisfazione. Ci impegniamo a fornire un&#039;esperienza di acquisto eccezionale.<\/li>\n<\/ul>\n<hr \/>\n<h3>Acquista subito i prodotti K2 pi\u00f9 forti!<\/h3>\n<p>Pronti a migliorare la vostra esperienza? <strong>Acquista la carta K2 e gli spray K2 pi\u00f9 potenti<\/strong> da <strong>Ricerca FRCS<\/strong> oggi! Con la nostra ampia selezione, prezzi competitivi e impegno per la qualit\u00e0, troverai tutto ci\u00f2 di cui hai bisogno per la migliore esperienza K2. Non aspettare: ordina ora e scopri il meglio dei prodotti K2!<\/p>\n<hr \/>\n<p><strong>Parole chiave integrate<\/strong>:<\/p>\n<ul>\n<li>Il pi\u00f9 forte spray K2 sulla carta,<\/li>\n<li>Lo spray K2 pi\u00f9 potente in vendita,<\/li>\n<li>Carta infusa K2 in vendita,<\/li>\n<li>Carta economica infusa con K2,<\/li>\n<li>Dove acquistare la carta K2,<\/li>\n<li>Carta K2 pi\u00f9 resistente,<\/li>\n<li>Acquista online la carta K2 per la prigione,<\/li>\n<\/ul>","protected":false},"excerpt":{"rendered":"<p>Welcome to FRCSResearch \u2013 Your Trusted Source for the Strongest K2 Products At FRCSResearch, we specialize in providing the strongest K2 spray on paper and other high-quality K2 products. Whether&hellip;<\/p>\n<p class=\"product woocommerce add_to_cart_inline\" style=\"border:4px solid #ccc; padding: 12px;\"><del aria-hidden=\"true\"><span class=\"woocommerce-Price-amount amount\"><bdi><span class=\"woocommerce-Price-currencySymbol\">&euro;<\/span>130.00<\/bdi><\/span><\/del> <span class=\"screen-reader-text\" data-no-translation=\"\" data-trp-gettext=\"\">Il prezzo originale era: &euro;130.00.<\/span><ins aria-hidden=\"true\"><span class=\"woocommerce-Price-amount amount\"><bdi><span class=\"woocommerce-Price-currencySymbol\">&euro;<\/span>120.00<\/bdi><\/span><\/ins><span class=\"screen-reader-text\" data-no-translation=\"\" data-trp-gettext=\"\">Il prezzo attuale \u00e8: &euro;120.00.<\/span><a href=\"\/it\/wp-json\/wp\/v2\/product\/814?add-to-cart=814\" aria-describedby=\"woocommerce_loop_add_to_cart_link_describedby_814\" data-quantity=\"1\" class=\"button product_type_simple add_to_cart_button ajax_add_to_cart\" data-product_id=\"814\" data-product_sku=\"\" aria-label=\"Aggiungi al carrello: &quot;K2 Paper 1sheet&quot;\" rel=\"nofollow\" data-success_message=\"&quot;K2 Paper 1sheet&quot; \u00e8 stato aggiunto al tuo carrello.\" data-no-translation=\"\" data-trp-gettext=\"\" data-no-translation-aria-label=\"\" data-no-translation-data-success_message=\"\">Aggiungi al carrello<\/a>\t<span id=\"woocommerce_loop_add_to_cart_link_describedby_814\" class=\"screen-reader-text\"><br \/>\n\t\t\t<\/span><\/p>","protected":false},"featured_media":816,"comment_status":"open","ping_status":"closed","template":"","meta":{"_uag_custom_page_level_css":""},"product_brand":[],"product_cat":[124],"product_tag":[139,136,135,138,134,133,137],"class_list":{"0":"post-814","1":"product","2":"type-product","3":"status-publish","4":"has-post-thumbnail","6":"product_cat-spice-and-k2","7":"product_tag-buy-k2-jail-paper-online","8":"product_tag-cheap-k2-infused-paper","9":"product_tag-k2-infused-paper-for-sale","10":"product_tag-strongest-k2-paper","11":"product_tag-strongest-k2-spray-for-sale","12":"product_tag-strongest-k2-spray-on-paper","13":"product_tag-where-to-buy-k2-paper","15":"first","16":"instock","17":"sale","18":"shipping-taxable","19":"purchasable","20":"product-type-simple"},"yoast_head":"<!-- This site is optimized with the Yoast SEO plugin v27.1.1 - https:\/\/yoast.com\/product\/yoast-seo-wordpress\/ -->\n<title>Where to buy K2 paper, Strongest K2 Spray<\/title>\n<meta name=\"description\" content=\"Buy k2 paper and K2-infused paper for sale at FRCSResearch. Enjoy affordable prices on high-quality K2 products, including cheap K2 infused paper and K2 jail paper.\" \/>\n<meta name=\"robots\" content=\"index, follow, max-snippet:-1, max-image-preview:large, max-video-preview:-1\" \/>\n<link rel=\"canonical\" href=\"https:\/\/frcs-research.com\/it\/product\/acquista-carta-k2\/\" \/>\n<meta property=\"og:locale\" content=\"it_IT\" \/>\n<meta property=\"og:type\" content=\"article\" \/>\n<meta property=\"og:title\" content=\"Where to buy K2 paper, Strongest K2 Spray\" \/>\n<meta property=\"og:description\" content=\"Buy k2 paper and K2-infused paper for sale at FRCSResearch. Enjoy affordable prices on high-quality K2 products, including cheap K2 infused paper and K2 jail paper.\" \/>\n<meta property=\"og:url\" content=\"https:\/\/frcs-research.com\/it\/product\/acquista-carta-k2\/\" \/>\n<meta property=\"og:site_name\" content=\"wholesale supplier of research chemicals, 4mmc, 3mmc, MDPHP, Alpha PVP and more\" \/>\n<meta property=\"article:modified_time\" content=\"2026-04-21T00:42:43+00:00\" \/>\n<meta property=\"og:image\" content=\"https:\/\/frcs-research.com\/wp-content\/uploads\/2024\/10\/225407533669842a25f6c2922768036.jpg\" \/>\n\t<meta property=\"og:image:width\" content=\"614\" \/>\n\t<meta property=\"og:image:height\" content=\"768\" \/>\n\t<meta property=\"og:image:type\" content=\"image\/jpeg\" \/>\n<meta name=\"twitter:card\" content=\"summary_large_image\" \/>\n<meta name=\"twitter:label1\" content=\"Prezzo\" \/>\n\t<meta name=\"twitter:data1\" content=\"&euro;120.00\" \/>\n\t<meta name=\"twitter:label2\" content=\"Disponibilit\u00e0\" \/>\n\t<meta name=\"twitter:data2\" content=\"In stock\" \/>\n<script type=\"application\/ld+json\" class=\"yoast-schema-graph\">{\"@context\":\"https:\/\/schema.org\",\"@graph\":[{\"@type\":[\"WebPage\",\"ItemPage\"],\"@id\":\"https:\/\/frcs-research.com\/product\/buy-k2-paper\/\",\"url\":\"https:\/\/frcs-research.com\/product\/buy-k2-paper\/\",\"name\":\"Where to buy K2 paper, Strongest K2 Spray\",\"isPartOf\":{\"@id\":\"https:\/\/frcs-research.com\/#website\"},\"primaryImageOfPage\":{\"@id\":\"https:\/\/frcs-research.com\/product\/buy-k2-paper\/#primaryimage\"},\"image\":{\"@id\":\"https:\/\/frcs-research.com\/product\/buy-k2-paper\/#primaryimage\"},\"thumbnailUrl\":\"https:\/\/frcs-research.com\/wp-content\/uploads\/2024\/10\/225407533669842a25f6c2922768036.jpg\",\"datePublished\":\"2024-10-13T10:16:09+00:00\",\"dateModified\":\"2026-04-21T00:42:43+00:00\",\"description\":\"Buy k2 paper and K2-infused paper for sale at FRCSResearch. Enjoy affordable prices on high-quality K2 products, including cheap K2 infused paper and K2 jail paper.\",\"breadcrumb\":{\"@id\":\"https:\/\/frcs-research.com\/product\/buy-k2-paper\/#breadcrumb\"},\"inLanguage\":\"it-IT\",\"potentialAction\":[{\"@type\":\"ReadAction\",\"target\":[\"https:\/\/frcs-research.com\/product\/buy-k2-paper\/\"]}]},{\"@type\":\"ImageObject\",\"inLanguage\":\"it-IT\",\"@id\":\"https:\/\/frcs-research.com\/product\/buy-k2-paper\/#primaryimage\",\"url\":\"https:\/\/frcs-research.com\/wp-content\/uploads\/2024\/10\/225407533669842a25f6c2922768036.jpg\",\"contentUrl\":\"https:\/\/frcs-research.com\/wp-content\/uploads\/2024\/10\/225407533669842a25f6c2922768036.jpg\",\"width\":614,\"height\":768},{\"@type\":\"BreadcrumbList\",\"@id\":\"https:\/\/frcs-research.com\/product\/buy-k2-paper\/#breadcrumb\",\"itemListElement\":[{\"@type\":\"ListItem\",\"position\":1,\"name\":\"Home\",\"item\":\"https:\/\/frcs-research.com\/\"},{\"@type\":\"ListItem\",\"position\":2,\"name\":\"Shop\",\"item\":\"https:\/\/frcs-research.com\/shop\/\"},{\"@type\":\"ListItem\",\"position\":3,\"name\":\"K2 Paper 1sheet\"}]},{\"@type\":\"WebSite\",\"@id\":\"https:\/\/frcs-research.com\/#website\",\"url\":\"https:\/\/frcs-research.com\/\",\"name\":\"wholesale supplier of research chemicals, 4mmc, 3mmc, MDPHP, Alpha PVP and more\",\"description\":\"Wholesale research chemicals\",\"potentialAction\":[{\"@type\":\"SearchAction\",\"target\":{\"@type\":\"EntryPoint\",\"urlTemplate\":\"https:\/\/frcs-research.com\/?s={search_term_string}\"},\"query-input\":{\"@type\":\"PropertyValueSpecification\",\"valueRequired\":true,\"valueName\":\"search_term_string\"}}],\"inLanguage\":\"it-IT\"}]}<\/script>\n<meta property=\"product:price:amount\" content=\"120.00\" \/>\n<meta property=\"product:price:currency\" content=\"EUR\" \/>\n<meta property=\"og:availability\" content=\"instock\" \/>\n<meta property=\"product:availability\" content=\"instock\" \/>\n<meta property=\"product:condition\" content=\"new\" \/>\n<!-- \/ Yoast SEO plugin. -->","yoast_head_json":{"title":"Dove acquistare la carta K2, lo spray K2 pi\u00f9 forte","description":"Acquista carta k2 e carta infusa con K2 in vendita su FRCSResearch. Approfitta di prezzi accessibili su prodotti K2 di alta qualit\u00e0, tra cui carta economica infusa con K2 e carta da prigione K2.","robots":{"index":"index","follow":"follow","max-snippet":"max-snippet:-1","max-image-preview":"max-image-preview:large","max-video-preview":"max-video-preview:-1"},"canonical":"https:\/\/frcs-research.com\/it\/product\/acquista-carta-k2\/","og_locale":"it_IT","og_type":"article","og_title":"Where to buy K2 paper, Strongest K2 Spray","og_description":"Buy k2 paper and K2-infused paper for sale at FRCSResearch. Enjoy affordable prices on high-quality K2 products, including cheap K2 infused paper and K2 jail paper.","og_url":"https:\/\/frcs-research.com\/it\/product\/acquista-carta-k2\/","og_site_name":"wholesale supplier of research chemicals, 4mmc, 3mmc, MDPHP, Alpha PVP and more","article_modified_time":"2026-04-21T00:42:43+00:00","og_image":[{"width":614,"height":768,"url":"https:\/\/frcs-research.com\/wp-content\/uploads\/2024\/10\/225407533669842a25f6c2922768036.jpg","type":"image\/jpeg"}],"twitter_card":"summary_large_image","twitter_misc":{"Prezzo":"&euro;120.00","Disponibilit\u00e0":"In stock"},"schema":{"@context":"https:\/\/schema.org","@graph":[{"@type":["WebPage","ItemPage"],"@id":"https:\/\/frcs-research.com\/product\/buy-k2-paper\/","url":"https:\/\/frcs-research.com\/product\/buy-k2-paper\/","name":"Dove acquistare la carta K2, lo spray K2 pi\u00f9 forte","isPartOf":{"@id":"https:\/\/frcs-research.com\/#website"},"primaryImageOfPage":{"@id":"https:\/\/frcs-research.com\/product\/buy-k2-paper\/#primaryimage"},"image":{"@id":"https:\/\/frcs-research.com\/product\/buy-k2-paper\/#primaryimage"},"thumbnailUrl":"https:\/\/frcs-research.com\/wp-content\/uploads\/2024\/10\/225407533669842a25f6c2922768036.jpg","datePublished":"2024-10-13T10:16:09+00:00","dateModified":"2026-04-21T00:42:43+00:00","description":"Acquista carta k2 e carta infusa con K2 in vendita su FRCSResearch. Approfitta di prezzi accessibili su prodotti K2 di alta qualit\u00e0, tra cui carta economica infusa con K2 e carta da prigione K2.","breadcrumb":{"@id":"https:\/\/frcs-research.com\/product\/buy-k2-paper\/#breadcrumb"},"inLanguage":"it-IT","potentialAction":[{"@type":"ReadAction","target":["https:\/\/frcs-research.com\/product\/buy-k2-paper\/"]}]},{"@type":"ImageObject","inLanguage":"it-IT","@id":"https:\/\/frcs-research.com\/product\/buy-k2-paper\/#primaryimage","url":"https:\/\/frcs-research.com\/wp-content\/uploads\/2024\/10\/225407533669842a25f6c2922768036.jpg","contentUrl":"https:\/\/frcs-research.com\/wp-content\/uploads\/2024\/10\/225407533669842a25f6c2922768036.jpg","width":614,"height":768},{"@type":"BreadcrumbList","@id":"https:\/\/frcs-research.com\/product\/buy-k2-paper\/#breadcrumb","itemListElement":[{"@type":"ListItem","position":1,"name":"Home","item":"https:\/\/frcs-research.com\/"},{"@type":"ListItem","position":2,"name":"Shop","item":"https:\/\/frcs-research.com\/shop\/"},{"@type":"ListItem","position":3,"name":"K2 Paper 1sheet"}]},{"@type":"WebSite","@id":"https:\/\/frcs-research.com\/#website","url":"https:\/\/frcs-research.com\/","name":"fornitore all&#039;ingrosso di prodotti chimici per la ricerca, 4mmc, 3mmc, MDPHP, Alpha PVP e altro","description":"Prodotti chimici di ricerca all&#039;ingrosso","potentialAction":[{"@type":"SearchAction","target":{"@type":"EntryPoint","urlTemplate":"https:\/\/frcs-research.com\/?s={search_term_string}"},"query-input":{"@type":"PropertyValueSpecification","valueRequired":true,"valueName":"search_term_string"}}],"inLanguage":"it-IT"}]},"product_price_amount":"120.00","product_price_currency":"EUR","og_availability":"instock","product_availability":"instock","product_condition":"new"},"uagb_featured_image_src":{"full":["https:\/\/frcs-research.com\/wp-content\/uploads\/2024\/10\/225407533669842a25f6c2922768036.jpg",614,768,false],"thumbnail":["https:\/\/frcs-research.com\/wp-content\/uploads\/2024\/10\/225407533669842a25f6c2922768036-150x150.jpg",150,150,true],"medium":["https:\/\/frcs-research.com\/wp-content\/uploads\/2024\/10\/225407533669842a25f6c2922768036-240x300.jpg",240,300,true],"medium_large":["https:\/\/frcs-research.com\/wp-content\/uploads\/2024\/10\/225407533669842a25f6c2922768036.jpg",614,768,false],"large":["https:\/\/frcs-research.com\/wp-content\/uploads\/2024\/10\/225407533669842a25f6c2922768036.jpg",614,768,false],"1536x1536":["https:\/\/frcs-research.com\/wp-content\/uploads\/2024\/10\/225407533669842a25f6c2922768036.jpg",614,768,false],"2048x2048":["https:\/\/frcs-research.com\/wp-content\/uploads\/2024\/10\/225407533669842a25f6c2922768036.jpg",614,768,false],"trp-custom-language-flag":["https:\/\/frcs-research.com\/wp-content\/uploads\/2024\/10\/225407533669842a25f6c2922768036.jpg",10,12,false],"post-thumbnail":["https:\/\/frcs-research.com\/wp-content\/uploads\/2024\/10\/225407533669842a25f6c2922768036.jpg",496,620,false],"elite-commerce-slider":["https:\/\/frcs-research.com\/wp-content\/uploads\/2024\/10\/225407533669842a25f6c2922768036.jpg",614,768,false],"elite-commerce-hero":["https:\/\/frcs-research.com\/wp-content\/uploads\/2024\/10\/225407533669842a25f6c2922768036.jpg",520,650,false],"elite-commerce-portfolio":["https:\/\/frcs-research.com\/wp-content\/uploads\/2024\/10\/225407533669842a25f6c2922768036.jpg",360,450,false],"woocommerce_thumbnail":["https:\/\/frcs-research.com\/wp-content\/uploads\/2024\/10\/225407533669842a25f6c2922768036-300x300.jpg",300,300,true],"woocommerce_single":["https:\/\/frcs-research.com\/wp-content\/uploads\/2024\/10\/225407533669842a25f6c2922768036-600x750.jpg",600,750,true],"woocommerce_gallery_thumbnail":["https:\/\/frcs-research.com\/wp-content\/uploads\/2024\/10\/225407533669842a25f6c2922768036-100x100.jpg",100,100,true]},"uagb_author_info":{"display_name":"Richard Wood","author_link":"https:\/\/frcs-research.com\/it\/author\/"},"uagb_comment_info":788,"uagb_excerpt":"Welcome to FRCSResearch \u2013 Your Trusted Source for the Strongest K2 Products At FRCSResearch, we specialize in providing the strongest K2 spray on paper and other high-quality K2 products. Whether&hellip;&euro;130.00 Il prezzo originale era: &euro;130.00.&euro;120.00Il prezzo attuale \u00e8: &euro;120.00.Aggiungi al carrello","_links":{"self":[{"href":"https:\/\/frcs-research.com\/it\/wp-json\/wp\/v2\/product\/814","targetHints":{"allow":["GET"]}}],"collection":[{"href":"https:\/\/frcs-research.com\/it\/wp-json\/wp\/v2\/product"}],"about":[{"href":"https:\/\/frcs-research.com\/it\/wp-json\/wp\/v2\/types\/product"}],"replies":[{"embeddable":true,"href":"https:\/\/frcs-research.com\/it\/wp-json\/wp\/v2\/comments?post=814"}],"wp:featuredmedia":[{"embeddable":true,"href":"https:\/\/frcs-research.com\/it\/wp-json\/wp\/v2\/media\/816"}],"wp:attachment":[{"href":"https:\/\/frcs-research.com\/it\/wp-json\/wp\/v2\/media?parent=814"}],"wp:term":[{"taxonomy":"product_brand","embeddable":true,"href":"https:\/\/frcs-research.com\/it\/wp-json\/wp\/v2\/product_brand?post=814"},{"taxonomy":"product_cat","embeddable":true,"href":"https:\/\/frcs-research.com\/it\/wp-json\/wp\/v2\/product_cat?post=814"},{"taxonomy":"product_tag","embeddable":true,"href":"https:\/\/frcs-research.com\/it\/wp-json\/wp\/v2\/product_tag?post=814"}],"curies":[{"name":"wp","href":"https:\/\/api.w.org\/{rel}","templated":true}]}}