{"id":889,"date":"2024-10-18T12:48:21","date_gmt":"2024-10-18T12:48:21","guid":{"rendered":"https:\/\/frcs-research.com\/?post_type=product&#038;p=889"},"modified":"2026-04-04T21:52:40","modified_gmt":"2026-04-04T21:52:40","slug":"heroine-online-kopen","status":"publish","type":"product","link":"https:\/\/frcs-research.com\/nl\/product\/heroine-online-kopen\/","title":{"rendered":"Pure Heroin 1g"},"content":{"rendered":"<h1>Online opties verkennen voor het kopen van hero\u00efne<\/h1>\n<p>In de digitale wereld van vandaag wenden veel mensen zich tot het internet voor verschillende behoeften, waaronder de aankoop van middelen. Veelvoorkomende zoekopdrachten zoals <strong>\u201chero\u00efne online kopen,\u201d<\/strong> <strong>\u201cbestel hero\u00efne discreet,\u201d<\/strong> En <strong>\u201chero\u00efnebezorgservice\u201d<\/strong> zijn indicatief voor deze trend. Begrijpen hoe mensen naar deze producten zoeken, kan licht werpen op het online landschap van drugsaankoop.<\/p>\n<h2>De zoektocht naar hero\u00efne online<\/h2>\n<p>Bij het zoeken naar <strong>&quot;waar hero\u00efne kopen&quot;,<\/strong> gebruikers zoeken vaak naar handige en toegankelijke opties. Zinnen als <strong>\u201chero\u00efne te koop\u201d<\/strong> En <strong>\u201canoniem hero\u00efne kopen\u201d<\/strong> worden vaak in zoekmachines getypt. Online platforms kunnen verschillende producten adverteren, met de claim discrete diensten en snelle levering te leveren.<\/p>\n<h2>De juiste verkoper vinden<\/h2>\n<p>Mensen die op zoek zijn naar <strong>\u201chero\u00efne online kopen\u201d<\/strong> geven vaak prioriteit aan verkopers die <strong>\u201chero\u00efne online winkels.\u201d<\/strong> Deze sites kunnen verschillende vormen van hero\u00efne aanbieden, waaronder populaire soorten die in verschillende regio&#039;s bekend zijn. Gebruikers vergelijken verkopers vaak op basis van factoren zoals:<\/p>\n<ul>\n<li><strong>Productbeschikbaarheid<\/strong>:Zorgen dat het gewenste type hero\u00efne op voorraad is.<\/li>\n<li><strong>Prijzen<\/strong>: Op zoek naar <strong>\u201cgoedkope hero\u00efne online\u201d<\/strong> kan ertoe leiden dat gebruikers meerdere bronnen gaan verkennen op zoek naar de beste deals.<\/li>\n<li><strong>Betaalmethoden<\/strong>:Velen zijn nieuwsgierig naar hoe <strong>\u201chero\u00efne kopen met Bitcoin,\u201d<\/strong> op zoek naar anonieme transacties voor hun aankopen.<\/li>\n<\/ul>\n<h2>Deelnemen aan de online markt<\/h2>\n<p>De online marktplaats voor stoffen is divers en individuen zoeken vaak naar manieren om door dit landschap te navigeren. Termen als <strong>\u201cbeste plek om hero\u00efne te kopen\u201d<\/strong> zijn gebruikelijk onder degenen die hun opties verkennen. Gebruikers kunnen ervaringen en aanbevelingen delen in forums, wat nieuwkomers verder begeleidt in hun zoektocht.<\/p>\n<h2>Conclusie<\/h2>\n<p>Terwijl het digitale landschap zich blijft ontwikkelen, blijft de zoektocht naar middelen zoals hero\u00efne online wijdverbreid. Of het nu via zinnen als <strong>\u201chero\u00efne online kopen\u201d<\/strong> of vragen over <strong>\u201chero\u00efnebezorgdiensten,\u201d<\/strong> Door inzicht te krijgen in de trefwoorden die bij dit zoekgedrag horen, krijgt u inzicht in de huidige trends.<\/p>\n<hr \/>","protected":false},"excerpt":{"rendered":"<p>Exploring Online Options for Buying Heroin In today\u2019s digital world, many individuals turn to the internet for various needs, including substance purchases. Common searches such as &#8220;buy heroin online,&#8221; &#8220;order&hellip;<\/p>\n<p class=\"product woocommerce add_to_cart_inline\" style=\"border:4px solid #ccc; padding: 12px;\"><del aria-hidden=\"true\"><span class=\"woocommerce-Price-amount amount\"><bdi><span class=\"woocommerce-Price-currencySymbol\">&euro;<\/span>75.00<\/bdi><\/span><\/del> <span class=\"screen-reader-text\" data-no-translation=\"\" data-trp-gettext=\"\">Oorspronkelijke prijs was: &euro;75.00.<\/span><ins aria-hidden=\"true\"><span class=\"woocommerce-Price-amount amount\"><bdi><span class=\"woocommerce-Price-currencySymbol\">&euro;<\/span>60.00<\/bdi><\/span><\/ins><span class=\"screen-reader-text\" data-no-translation=\"\" data-trp-gettext=\"\">De huidige prijs is: &euro;60.00.<\/span><a href=\"\/nl\/wp-json\/wp\/v2\/product\/889?add-to-cart=889\" aria-describedby=\"woocommerce_loop_add_to_cart_link_describedby_889\" data-quantity=\"1\" class=\"button product_type_simple add_to_cart_button ajax_add_to_cart\" data-product_id=\"889\" data-product_sku=\"\" aria-label=\"Toevoegen aan winkelwagen: \u201cPure Heroin 1g\u201c\" rel=\"nofollow\" data-success_message=\"&#039;Pure Heroin 1g&#039; is toegevoegd aan je winkelmand\" data-no-translation=\"\" data-trp-gettext=\"\" data-no-translation-aria-label=\"\" data-no-translation-data-success_message=\"\">In winkelwagen<\/a>\t<span id=\"woocommerce_loop_add_to_cart_link_describedby_889\" class=\"screen-reader-text\"><br \/>\n\t\t\t<\/span><\/p>","protected":false},"featured_media":890,"comment_status":"open","ping_status":"closed","template":"","meta":{"_uag_custom_page_level_css":""},"product_brand":[],"product_cat":[29],"product_tag":[314,307,316,315,309,311,313,308,312,310],"class_list":{"0":"post-889","1":"product","2":"type-product","3":"status-publish","4":"has-post-thumbnail","6":"product_cat-psychedelics","7":"product_tag-best-place-to-buy-heroin","8":"product_tag-buy-heroin-online","9":"product_tag-buy-heroin-with-bitcoin","10":"product_tag-cheap-heroin-online","11":"product_tag-heroin-delivery-service","12":"product_tag-heroin-for-sale","13":"product_tag-heroin-online-shops","14":"product_tag-order-heroin-discreetly","15":"product_tag-purchase-heroin-anonymously","16":"product_tag-where-to-buy-heroin","18":"first","19":"instock","20":"sale","21":"shipping-taxable","22":"purchasable","23":"product-type-simple"},"yoast_head":"<!-- This site is optimized with the Yoast SEO plugin v27.1.1 - https:\/\/yoast.com\/product\/yoast-seo-wordpress\/ -->\n<title>Buy Heroin Online: Exploring Your Options in the Digital Market<\/title>\n<meta name=\"description\" content=\"Explore the online market for heroin, buy heroin online, heroin delivery service,&quot; and discover how individuals seek convenient options.\" \/>\n<meta name=\"robots\" content=\"index, follow, max-snippet:-1, max-image-preview:large, max-video-preview:-1\" \/>\n<link rel=\"canonical\" href=\"https:\/\/frcs-research.com\/nl\/product\/heroine-online-kopen\/\" \/>\n<meta property=\"og:locale\" content=\"nl_NL\" \/>\n<meta property=\"og:type\" content=\"article\" \/>\n<meta property=\"og:title\" content=\"Buy Heroin Online: Exploring Your Options in the Digital Market\" \/>\n<meta property=\"og:description\" content=\"Explore the online market for heroin, buy heroin online, heroin delivery service,&quot; and discover how individuals seek convenient options.\" \/>\n<meta property=\"og:url\" content=\"https:\/\/frcs-research.com\/nl\/product\/heroine-online-kopen\/\" \/>\n<meta property=\"og:site_name\" content=\"wholesale supplier of research chemicals, 4mmc, 3mmc, MDPHP, Alpha PVP and more\" \/>\n<meta property=\"article:modified_time\" content=\"2026-04-04T21:52:40+00:00\" \/>\n<meta property=\"og:image\" content=\"https:\/\/frcs-research.com\/wp-content\/uploads\/2024\/10\/HEROIN.jpg\" \/>\n\t<meta property=\"og:image:width\" content=\"800\" \/>\n\t<meta property=\"og:image:height\" content=\"906\" \/>\n\t<meta property=\"og:image:type\" content=\"image\/jpeg\" \/>\n<meta name=\"twitter:card\" content=\"summary_large_image\" \/>\n<meta name=\"twitter:label1\" content=\"Prijs\" \/>\n\t<meta name=\"twitter:data1\" content=\"&euro;60.00\" \/>\n\t<meta name=\"twitter:label2\" content=\"Beschikbaarheid\" \/>\n\t<meta name=\"twitter:data2\" content=\"Op voorraad\" \/>\n<script type=\"application\/ld+json\" class=\"yoast-schema-graph\">{\"@context\":\"https:\/\/schema.org\",\"@graph\":[{\"@type\":[\"WebPage\",\"ItemPage\"],\"@id\":\"https:\/\/frcs-research.com\/product\/buy-heroin-online\/\",\"url\":\"https:\/\/frcs-research.com\/product\/buy-heroin-online\/\",\"name\":\"Buy Heroin Online: Exploring Your Options in the Digital Market\",\"isPartOf\":{\"@id\":\"https:\/\/frcs-research.com\/#website\"},\"primaryImageOfPage\":{\"@id\":\"https:\/\/frcs-research.com\/product\/buy-heroin-online\/#primaryimage\"},\"image\":{\"@id\":\"https:\/\/frcs-research.com\/product\/buy-heroin-online\/#primaryimage\"},\"thumbnailUrl\":\"https:\/\/frcs-research.com\/wp-content\/uploads\/2024\/10\/HEROIN.jpg\",\"datePublished\":\"2024-10-18T12:48:21+00:00\",\"dateModified\":\"2026-04-04T21:52:40+00:00\",\"description\":\"Explore the online market for heroin, buy heroin online, heroin delivery service,\\\" and discover how individuals seek convenient options.\",\"breadcrumb\":{\"@id\":\"https:\/\/frcs-research.com\/product\/buy-heroin-online\/#breadcrumb\"},\"inLanguage\":\"nl-NL\",\"potentialAction\":[{\"@type\":\"ReadAction\",\"target\":[\"https:\/\/frcs-research.com\/product\/buy-heroin-online\/\"]}]},{\"@type\":\"ImageObject\",\"inLanguage\":\"nl-NL\",\"@id\":\"https:\/\/frcs-research.com\/product\/buy-heroin-online\/#primaryimage\",\"url\":\"https:\/\/frcs-research.com\/wp-content\/uploads\/2024\/10\/HEROIN.jpg\",\"contentUrl\":\"https:\/\/frcs-research.com\/wp-content\/uploads\/2024\/10\/HEROIN.jpg\",\"width\":800,\"height\":906,\"caption\":\"buy heroin online\"},{\"@type\":\"BreadcrumbList\",\"@id\":\"https:\/\/frcs-research.com\/product\/buy-heroin-online\/#breadcrumb\",\"itemListElement\":[{\"@type\":\"ListItem\",\"position\":1,\"name\":\"Home\",\"item\":\"https:\/\/frcs-research.com\/\"},{\"@type\":\"ListItem\",\"position\":2,\"name\":\"Shop\",\"item\":\"https:\/\/frcs-research.com\/shop\/\"},{\"@type\":\"ListItem\",\"position\":3,\"name\":\"Pure Heroin 1g\"}]},{\"@type\":\"WebSite\",\"@id\":\"https:\/\/frcs-research.com\/#website\",\"url\":\"https:\/\/frcs-research.com\/\",\"name\":\"wholesale supplier of research chemicals, 4mmc, 3mmc, MDPHP, Alpha PVP and more\",\"description\":\"Wholesale research chemicals\",\"potentialAction\":[{\"@type\":\"SearchAction\",\"target\":{\"@type\":\"EntryPoint\",\"urlTemplate\":\"https:\/\/frcs-research.com\/?s={search_term_string}\"},\"query-input\":{\"@type\":\"PropertyValueSpecification\",\"valueRequired\":true,\"valueName\":\"search_term_string\"}}],\"inLanguage\":\"nl-NL\"}]}<\/script>\n<meta property=\"product:price:amount\" content=\"60.00\" \/>\n<meta property=\"product:price:currency\" content=\"EUR\" \/>\n<meta property=\"og:availability\" content=\"instock\" \/>\n<meta property=\"product:availability\" content=\"instock\" \/>\n<meta property=\"product:condition\" content=\"new\" \/>\n<!-- \/ Yoast SEO plugin. -->","yoast_head_json":{"title":"Hero\u00efne online kopen: uw opties op de digitale markt verkennen","description":"Ontdek de online markt voor hero\u00efne, koop hero\u00efne online, bestel hero\u00efne via een bezorgservice en ontdek hoe mensen op zoek gaan naar handige opties.","robots":{"index":"index","follow":"follow","max-snippet":"max-snippet:-1","max-image-preview":"max-image-preview:large","max-video-preview":"max-video-preview:-1"},"canonical":"https:\/\/frcs-research.com\/nl\/product\/heroine-online-kopen\/","og_locale":"nl_NL","og_type":"article","og_title":"Buy Heroin Online: Exploring Your Options in the Digital Market","og_description":"Explore the online market for heroin, buy heroin online, heroin delivery service,\" and discover how individuals seek convenient options.","og_url":"https:\/\/frcs-research.com\/nl\/product\/heroine-online-kopen\/","og_site_name":"wholesale supplier of research chemicals, 4mmc, 3mmc, MDPHP, Alpha PVP and more","article_modified_time":"2026-04-04T21:52:40+00:00","og_image":[{"width":800,"height":906,"url":"https:\/\/frcs-research.com\/wp-content\/uploads\/2024\/10\/HEROIN.jpg","type":"image\/jpeg"}],"twitter_card":"summary_large_image","twitter_misc":{"Prijs":"&euro;60.00","Beschikbaarheid":"Op voorraad"},"schema":{"@context":"https:\/\/schema.org","@graph":[{"@type":["WebPage","ItemPage"],"@id":"https:\/\/frcs-research.com\/product\/buy-heroin-online\/","url":"https:\/\/frcs-research.com\/product\/buy-heroin-online\/","name":"Hero\u00efne online kopen: uw opties op de digitale markt verkennen","isPartOf":{"@id":"https:\/\/frcs-research.com\/#website"},"primaryImageOfPage":{"@id":"https:\/\/frcs-research.com\/product\/buy-heroin-online\/#primaryimage"},"image":{"@id":"https:\/\/frcs-research.com\/product\/buy-heroin-online\/#primaryimage"},"thumbnailUrl":"https:\/\/frcs-research.com\/wp-content\/uploads\/2024\/10\/HEROIN.jpg","datePublished":"2024-10-18T12:48:21+00:00","dateModified":"2026-04-04T21:52:40+00:00","description":"Ontdek de online markt voor hero\u00efne, koop hero\u00efne online, bestel hero\u00efne via een bezorgservice en ontdek hoe mensen op zoek gaan naar handige opties.","breadcrumb":{"@id":"https:\/\/frcs-research.com\/product\/buy-heroin-online\/#breadcrumb"},"inLanguage":"nl-NL","potentialAction":[{"@type":"ReadAction","target":["https:\/\/frcs-research.com\/product\/buy-heroin-online\/"]}]},{"@type":"ImageObject","inLanguage":"nl-NL","@id":"https:\/\/frcs-research.com\/product\/buy-heroin-online\/#primaryimage","url":"https:\/\/frcs-research.com\/wp-content\/uploads\/2024\/10\/HEROIN.jpg","contentUrl":"https:\/\/frcs-research.com\/wp-content\/uploads\/2024\/10\/HEROIN.jpg","width":800,"height":906,"caption":"buy heroin online"},{"@type":"BreadcrumbList","@id":"https:\/\/frcs-research.com\/product\/buy-heroin-online\/#breadcrumb","itemListElement":[{"@type":"ListItem","position":1,"name":"Home","item":"https:\/\/frcs-research.com\/"},{"@type":"ListItem","position":2,"name":"Shop","item":"https:\/\/frcs-research.com\/shop\/"},{"@type":"ListItem","position":3,"name":"Pure Heroin 1g"}]},{"@type":"WebSite","@id":"https:\/\/frcs-research.com\/#website","url":"https:\/\/frcs-research.com\/","name":"groothandel leverancier van research chemicali\u00ebn, 4mmc, 3mmc, MDPHP, Alpha PVP en meer","description":"Groothandel in onderzoekschemicali\u00ebn","potentialAction":[{"@type":"SearchAction","target":{"@type":"EntryPoint","urlTemplate":"https:\/\/frcs-research.com\/?s={search_term_string}"},"query-input":{"@type":"PropertyValueSpecification","valueRequired":true,"valueName":"search_term_string"}}],"inLanguage":"nl-NL"}]},"product_price_amount":"60.00","product_price_currency":"EUR","og_availability":"instock","product_availability":"instock","product_condition":"new"},"uagb_featured_image_src":{"full":["https:\/\/frcs-research.com\/wp-content\/uploads\/2024\/10\/HEROIN.jpg",800,906,false],"thumbnail":["https:\/\/frcs-research.com\/wp-content\/uploads\/2024\/10\/HEROIN-150x150.jpg",150,150,true],"medium":["https:\/\/frcs-research.com\/wp-content\/uploads\/2024\/10\/HEROIN-265x300.jpg",265,300,true],"medium_large":["https:\/\/frcs-research.com\/wp-content\/uploads\/2024\/10\/HEROIN-768x870.jpg",768,870,true],"large":["https:\/\/frcs-research.com\/wp-content\/uploads\/2024\/10\/HEROIN.jpg",800,906,false],"1536x1536":["https:\/\/frcs-research.com\/wp-content\/uploads\/2024\/10\/HEROIN.jpg",800,906,false],"2048x2048":["https:\/\/frcs-research.com\/wp-content\/uploads\/2024\/10\/HEROIN.jpg",800,906,false],"trp-custom-language-flag":["https:\/\/frcs-research.com\/wp-content\/uploads\/2024\/10\/HEROIN.jpg",11,12,false],"post-thumbnail":["https:\/\/frcs-research.com\/wp-content\/uploads\/2024\/10\/HEROIN.jpg",547,620,false],"elite-commerce-slider":["https:\/\/frcs-research.com\/wp-content\/uploads\/2024\/10\/HEROIN.jpg",800,906,false],"elite-commerce-hero":["https:\/\/frcs-research.com\/wp-content\/uploads\/2024\/10\/HEROIN.jpg",574,650,false],"elite-commerce-portfolio":["https:\/\/frcs-research.com\/wp-content\/uploads\/2024\/10\/HEROIN.jpg",397,450,false],"woocommerce_thumbnail":["https:\/\/frcs-research.com\/wp-content\/uploads\/2024\/10\/HEROIN-300x300.jpg",300,300,true],"woocommerce_single":["https:\/\/frcs-research.com\/wp-content\/uploads\/2024\/10\/HEROIN-600x680.jpg",600,680,true],"woocommerce_gallery_thumbnail":["https:\/\/frcs-research.com\/wp-content\/uploads\/2024\/10\/HEROIN-100x100.jpg",100,100,true]},"uagb_author_info":{"display_name":"cho","author_link":"https:\/\/frcs-research.com\/nl\/author\/"},"uagb_comment_info":815,"uagb_excerpt":"Exploring Online Options for Buying Heroin In today\u2019s digital world, many individuals turn to the internet for various needs, including substance purchases. Common searches such as &#8220;buy heroin online,&#8221; &#8220;order&hellip;&euro;75.00 Oorspronkelijke prijs was: &euro;75.00.&euro;60.00De huidige prijs is: &euro;60.00.In winkelwagen","_links":{"self":[{"href":"https:\/\/frcs-research.com\/nl\/wp-json\/wp\/v2\/product\/889","targetHints":{"allow":["GET"]}}],"collection":[{"href":"https:\/\/frcs-research.com\/nl\/wp-json\/wp\/v2\/product"}],"about":[{"href":"https:\/\/frcs-research.com\/nl\/wp-json\/wp\/v2\/types\/product"}],"replies":[{"embeddable":true,"href":"https:\/\/frcs-research.com\/nl\/wp-json\/wp\/v2\/comments?post=889"}],"wp:featuredmedia":[{"embeddable":true,"href":"https:\/\/frcs-research.com\/nl\/wp-json\/wp\/v2\/media\/890"}],"wp:attachment":[{"href":"https:\/\/frcs-research.com\/nl\/wp-json\/wp\/v2\/media?parent=889"}],"wp:term":[{"taxonomy":"product_brand","embeddable":true,"href":"https:\/\/frcs-research.com\/nl\/wp-json\/wp\/v2\/product_brand?post=889"},{"taxonomy":"product_cat","embeddable":true,"href":"https:\/\/frcs-research.com\/nl\/wp-json\/wp\/v2\/product_cat?post=889"},{"taxonomy":"product_tag","embeddable":true,"href":"https:\/\/frcs-research.com\/nl\/wp-json\/wp\/v2\/product_tag?post=889"}],"curies":[{"name":"wp","href":"https:\/\/api.w.org\/{rel}","templated":true}]}}