{"id":10,"date":"2024-10-06T20:27:37","date_gmt":"2024-10-06T20:27:37","guid":{"rendered":"https:\/\/frcs-research.com\/home\/"},"modified":"2026-01-28T18:27:08","modified_gmt":"2026-01-28T18:27:08","slug":"home","status":"publish","type":"page","link":"https:\/\/frcs-research.com\/pl\/","title":{"rendered":"Dom"},"content":{"rendered":"<div class=\"wp-block-uagb-container uagb-layout-grid uagb-block-f2002f91 alignfull uagb-is-root-container\"><div class=\"uagb-container-inner-blocks-wrap\">\n<div class=\"wp-block-uagb-info-box uagb-block-180ac6e6 uagb-infobox__content-wrap  uagb-infobox-icon-above-title uagb-infobox-image-valign-top\"><div class=\"uagb-ifb-content\"><div class=\"uagb-ifb-title-wrap\"><h1 class=\"uagb-ifb-title\">Witamy w FRCS Research: Twoim zaufanym \u017ar\u00f3dle informacji o mefedronach (4-MMC), 3-MMC i syntetycznych katynonach<\/h1><\/div><p class=\"uagb-ifb-desc\">Szukasz? <strong>najwy\u017cszej jako\u015bci chemikalia badawcze<\/strong>? Na <strong>Badania FRCS<\/strong>, specjalizujemy si\u0119 w dostarczaniu najwy\u017cszej jako\u015bci <strong>Mefedron (4-MMC)<\/strong>, <strong>3-MMC<\/strong>i inne najnowocze\u015bniejsze rozwi\u0105zania <strong>syntetyczne katynony<\/strong> aby sprosta\u0107 Twoim potrzebom badawczym i eksperymentalnym.<\/p><div class=\"uagb-ifb-button-wrapper wp-block-button\"><a href=\"\/pl\/sklep\/\" class=\"uagb-infobox-cta-link wp-block-button__link\" target=\"_self\" rel=\"noopener noreferrer\" onclick=\"return true;\"><span class=\"uagb-inline-editing\">SKLEP<\/span><svg xmlns=\"https:\/\/www.w3.org\/2000\/svg\" viewbox=\"0 0 448 512\"><path d=\"M438.6 278.6l-160 160C272.4 444.9 264.2 448 256 448s-16.38-3.125-22.62-9.375c-12.5-12.5-12.5-32.75 0-45.25L338.8 288H32C14.33 288 .0016 273.7 .0016 256S14.33 224 32 224h306.8l-105.4-105.4c-12.5-12.5-12.5-32.75 0-45.25s32.75-12.5 45.25 0l160 160C451.1 245.9 451.1 266.1 438.6 278.6z\"><\/path><\/svg><\/a><\/div><\/div><\/div>\n\n\n\n<div class=\"wp-block-uagb-image alignleft uagb-block-28621110 wp-block-uagb-image--layout-default wp-block-uagb-image--effect-static wp-block-uagb-image--align-left aligncenter\"><figure class=\"wp-block-uagb-image__figure\"><img decoding=\"async\" srcset=\"https:\/\/frcs-research.com\/wp-content\/uploads\/2024\/10\/photo_2024-10-09_01-16-43-559x1024.jpg ,https:\/\/frcs-research.com\/wp-content\/uploads\/2024\/10\/photo_2024-10-09_01-16-43.jpg 780w, https:\/\/frcs-research.com\/wp-content\/uploads\/2024\/10\/photo_2024-10-09_01-16-43.jpg 360w\" sizes=\"auto, (max-width: 480px) 150px\" src=\"https:\/\/frcs-research.com\/wp-content\/uploads\/2024\/10\/photo_2024-10-09_01-16-43-559x1024.jpg\" alt=\"KUP 3 MMC ONLINE\" class=\"uag-image-591\" width=\"559\" height=\"653\" title=\"zdj\u0119cie_2024-10-09_01-16-43\" loading=\"lazy\" role=\"img\"\/><\/figure><\/div>\n<\/div><\/div>\n\n\n\n<div class=\"wp-block-uagb-container uagb-layout-grid uagb-block-c3878d39 alignfull uagb-is-root-container\"><div class=\"uagb-container-inner-blocks-wrap\">\n<div class=\"wp-block-uagb-image alignleft uagb-block-1c92cac7 wp-block-uagb-image--layout-default wp-block-uagb-image--effect-static wp-block-uagb-image--align-left\"><figure class=\"wp-block-uagb-image__figure\"><img decoding=\"async\" srcset=\"https:\/\/frcs-research.com\/wp-content\/uploads\/2024\/10\/photo_2024-09-17_13-36-27.jpg ,https:\/\/frcs-research.com\/wp-content\/uploads\/2024\/10\/photo_2024-09-17_13-36-27.jpg 780w, https:\/\/frcs-research.com\/wp-content\/uploads\/2024\/10\/photo_2024-09-17_13-36-27.jpg 360w\" sizes=\"auto, (max-width: 480px) 150px\" src=\"https:\/\/frcs-research.com\/wp-content\/uploads\/2024\/10\/photo_2024-09-17_13-36-27.jpg\" alt=\"KUP MEFEDRON ONLINE\" class=\"uag-image-593\" width=\"500\" height=\"500\" title=\"zdj\u0119cie_2024-09-17_13-36-27\" loading=\"lazy\" role=\"img\"\/><\/figure><\/div>\n\n\n\n<div class=\"wp-block-uagb-info-box uagb-block-cc48bcab uagb-infobox__content-wrap  uagb-infobox-icon-above-title uagb-infobox-image-valign-top\"><div class=\"uagb-ifb-content\"><div class=\"uagb-ifb-title-wrap\"><h5 class=\"uagb-ifb-title-prefix\">Dlaczego warto wybra\u0107 FRCS Research?<\/h5><h2 class=\"uagb-ifb-title\"><strong>Chemikalia o wysokiej czysto\u015bci<\/strong>\u200b<\/h2><\/div><p class=\"uagb-ifb-desc\">Dbamy o to, aby wszystkie nasze produkty, w tym: <strong><a href=\"https:\/\/frcs-research.com\/pl\/product\/sprzedam-proch-4-mmc\/\">4-MMC<\/a><\/strong> I <strong><a href=\"https:\/\/frcs-research.com\/pl\/product\/kup-3-mmc\/\">3-MMC<\/a><\/strong>, przechodz\u0105 rygorystyczne testy jako\u015bci i czysto\u015bci.<br><strong>Bezpieczne i pewne transakcje<\/strong>: Cenimy Twoj\u0105 prywatno\u015b\u0107. Dlatego zapewniamy <strong>dyskretna wysy\u0142ka<\/strong> I <strong>bezpieczne opcje p\u0142atno\u015bci<\/strong>, dzi\u0119ki czemu Twoje zakupy b\u0119d\u0105 bezproblemowe.<br><strong>Szybka wysy\u0142ka na ca\u0142y \u015bwiat<\/strong>: Niezale\u017cnie od tego, czy chcesz <strong>kup 4-MMC online<\/strong> lub inne syntetyczne katynony, oferujemy <strong>szybka i niezawodna wysy\u0142ka<\/strong> aby Twoje zam\u00f3wienie dotar\u0142o do Ciebie bezpiecznie i na czas.<\/p><div class=\"uagb-ifb-button-wrapper wp-block-button\"><a href=\"\/pl\/sklep\/\" class=\"uagb-infobox-cta-link wp-block-button__link\" target=\"_self\" rel=\"noopener noreferrer\" onclick=\"return true;\"><span class=\"uagb-inline-editing\">SKLEP<\/span><svg xmlns=\"https:\/\/www.w3.org\/2000\/svg\" viewbox=\"0 0 448 512\"><path d=\"M438.6 278.6l-160 160C272.4 444.9 264.2 448 256 448s-16.38-3.125-22.62-9.375c-12.5-12.5-12.5-32.75 0-45.25L338.8 288H32C14.33 288 .0016 273.7 .0016 256S14.33 224 32 224h306.8l-105.4-105.4c-12.5-12.5-12.5-32.75 0-45.25s32.75-12.5 45.25 0l160 160C451.1 245.9 451.1 266.1 438.6 278.6z\"><\/path><\/svg><\/a><\/div><\/div><\/div>\n<\/div><\/div>\n\n\n\n<div class=\"wp-block-uagb-container uagb-block-aee62949 alignfull uagb-is-root-container\"><div class=\"uagb-container-inner-blocks-wrap\">\n<div class=\"wp-block-uagb-advanced-heading uagb-block-5d255cf4\"><h2 class=\"uagb-heading-text\">Czym jest mefedron (4-MMC)?<\/h2><\/div>\n\n\n\n<p class=\"has-text-align-center\"><strong>Mefedron<\/strong>, powszechnie znany jako <strong>4-MMC<\/strong>, jest popularny <strong><a href=\"https:\/\/frcs-research.com\/pl\/product-category\/syntetyczne-katynony\/\">syntetyczny katynon<\/a><\/strong> szeroko stosowany w badaniach naukowych i eksperymentalnych. Znany ze swoich w\u0142a\u015bciwo\u015bci pobudzaj\u0105cych i empatogennych, <strong><a href=\"https:\/\/de.wikipedia.org\/wiki\/Mephedron\">4-MMC<\/a><\/strong> jest strukturalnie podobny do zwi\u0105zk\u00f3w katynonu wyst\u0119puj\u0105cych w ro\u015blinie khat. Naukowcy cz\u0119sto badaj\u0105 jego wp\u0142yw na zachowanie, uk\u0142ad nerwowy i psychostymulacj\u0119.<\/p>\n\n\n\n<p class=\"has-text-align-center\">Na <strong>Badania FRCS<\/strong>, oferujemy <strong>4-MMC na sprzeda\u017c<\/strong> w najczystszej postaci. Niezale\u017cnie od tego, czy prowadzisz badania behawioralne, czy analiz\u0119 chemiczn\u0105, nasze <strong>mefedron o wysokiej czysto\u015bci<\/strong> gwarantuje niezawodne wyniki.<\/p>\n\n\n\n<div class=\"wp-block-uagb-container uagb-block-32b54f47\">\n<div class=\"wp-block-uagb-info-box uagb-block-dacf7df8 uagb-infobox__content-wrap  uagb-infobox-icon-above-title uagb-infobox-image-valign-top\"><div class=\"uagb-ifb-content\"><div class=\"uagb-ifb-image-content\"><img decoding=\"async\" src=\"https:\/\/frcs-research.com\/wp-content\/uploads\/2024\/10\/photo_2024-10-09_01-18-30.jpg\" alt=\"KUP 4 MMC ONLINE\" width=\"960\" height=\"1280\" loading=\"lazy\"\/><\/div><div class=\"uagb-ifb-title-wrap\"><h4 class=\"uagb-ifb-title\">Kup 3-MMC \u2013 Alternatyw\u0119 dla Mefedronu<\/h4><\/div><p class=\"uagb-ifb-desc\"><strong>3-MMC<\/strong> (3-metylometakatynon) to kolejny silny <strong>syntetyczny katynon<\/strong> kt\u00f3ry zyska\u0142 popularno\u015b\u0107 jako <strong>chemikalia badawcze<\/strong> ze wzgl\u0119du na jego dzia\u0142anie pobudzaj\u0105ce i empatogenne, podobne do 4-MMC. Jest cz\u0119sto poszukiwany przez badaczy badaj\u0105cych wp\u0142yw nowych substancji psychoaktywnych (NPS) na m\u00f3zg i zachowanie.<br>Je\u015bli szukasz <strong><a href=\"https:\/\/frcs-research.com\/pl\/product\/kup-3-mmc\/\">3-MMC na sprzeda\u017c<\/a> w celach badawczych<\/strong>, <strong>Badania FRCS<\/strong> jest Twoim zaufanym dostawc\u0105. Zapewniamy <strong>czysty, laboratoryjnie testowany 3-MMC<\/strong> dla wszystkich Twoich potrzeb eksperymentalnych.<\/p><\/div><\/div>\n\n\n\n<div class=\"wp-block-uagb-info-box uagb-block-bc51b5c7 uagb-infobox__content-wrap  uagb-infobox-icon-above-title uagb-infobox-image-valign-top\"><div class=\"uagb-ifb-content\"><div class=\"uagb-ifb-image-content\"><img decoding=\"async\" src=\"https:\/\/frcs-research.com\/wp-content\/uploads\/2024\/10\/photo_2024-10-09_01-16-43.jpg\" alt=\"KUP 3 MMC ONLINE\" width=\"699\" height=\"1280\" loading=\"lazy\"\/><\/div><div class=\"uagb-ifb-title-wrap\"><h4 class=\"uagb-ifb-title\">Inne popularne substancje chemiczne do bada\u0144<\/h4><\/div><p class=\"uagb-ifb-desc\">Opr\u00f3cz <strong>Mefedron (4-MMC)<\/strong> I <strong>3-MMC<\/strong>oferujemy szerok\u0105 gam\u0119 syntetycznych katynon\u00f3w i substancji chemicznych do bada\u0144, w tym:<br><strong><a href=\"https:\/\/frcs-research.com\/pl\/product\/kup-alfa-pvp\/\">Alfa-PVP<\/a> (\u03b1-Pyrolidinopentiofenon)<\/strong><br><strong>MDPHP (3\u2032,4\u2032-metylenodioksy-\u03b1-pirolidynoheksiofenon)<\/strong><br><strong><a href=\"https:\/\/frcs-research.com\/pl\/product\/n-etyloheksedron\/\">NEP (N-etylopentylon)<\/a><\/strong><br>Ka\u017cdy z naszych produkt\u00f3w pochodzi od renomowanych producent\u00f3w i jest testowany, aby spe\u0142nia\u0107 najwy\u017csze standardy bran\u017cowe.<\/p><\/div><\/div>\n\n\n\n<div class=\"wp-block-uagb-info-box uagb-block-273c6546 uagb-infobox__content-wrap  uagb-infobox-icon-above-title uagb-infobox-image-valign-top\"><div class=\"uagb-ifb-content\"><div class=\"uagb-ifb-image-content\"><img decoding=\"async\" src=\"https:\/\/frcs-research.com\/wp-content\/uploads\/2024\/10\/photo_2024-09-17_13-36-27.jpg\" alt=\"\" width=\"450\" height=\"800\" loading=\"lazy\"\/><\/div><div class=\"uagb-ifb-title-wrap\"><h4 class=\"uagb-ifb-title\">Kupuj bezpiecznie i pewnie swoje odczynniki badawcze<\/h4><\/div><p class=\"uagb-ifb-desc\">Je\u015bli chodzi o zakup <strong><a href=\"https:\/\/frcs-research.com\/pl\/jwh018\/\">badania chemiczne online<\/a><\/strong>, zaufanie <strong>Badania FRCS<\/strong> dla bezpiecze\u0144stwa, niezawodno\u015bci i zadowolenia klienta. Oto, co nas wyr\u00f3\u017cnia:<br><strong>Dyskretne opakowanie<\/strong>:Wszystkie zam\u00f3wienia pakowane s\u0105 starannie, aby zapewni\u0107 ca\u0142kowit\u0105 dyskrecj\u0119 i bezpiecze\u0144stwo podczas dostawy.<br><strong>Konkurencyjne ceny<\/strong>Oferujemy konkurencyjne ceny, nie rezygnuj\u0105c przy tym z jako\u015bci naszych produkt\u00f3w.<br><strong>Niezawodna obs\u0142uga klienta<\/strong>:Masz pytania dotycz\u0105ce <strong><a href=\"https:\/\/frcs-research.com\/pl\/product\/sprzedam-proch-4-mmc\/\">kupno 4-MMC<\/a><\/strong> lub kt\u00f3rykolwiek z naszych innych \u015brodk\u00f3w chemicznych? Nasz do\u015bwiadczony zesp\u00f3\u0142 jest gotowy pom\u00f3c Ci na ka\u017cdym etapie.<\/p><\/div><\/div>\n<\/div>\n<\/div><\/div>\n\n\n\n<div class=\"wp-block-uagb-container uagb-block-6bb01f93 alignfull uagb-is-root-container\"><div class=\"uagb-container-inner-blocks-wrap\">\n<div class=\"wp-block-uagb-container uagb-block-2628b513\">\n<div class=\"wp-block-uagb-info-box uagb-block-cbe4f093 uagb-infobox__content-wrap  uagb-infobox-icon-above-title uagb-infobox-image-valign-top\"><div class=\"uagb-ifb-content\"><div class=\"uagb-ifb-title-wrap\"><h2 class=\"uagb-ifb-title\"><strong>Mefedron o wysokiej czysto\u015bci<\/strong><\/h2><\/div><p class=\"uagb-ifb-desc\"><strong>Kup Mefedron online<\/strong>, <strong>4-MMC na sprzeda\u017c<\/strong>, <strong>kup 3-MMC<\/strong>, <strong>badania chemiczne online<\/strong>, <strong>syntetyczne katynony<\/strong>, <strong>bezpieczny dostawca chemikali\u00f3w badawczych<\/strong>, <strong>kupuj bezpiecznie chemikalia badawcze<\/strong>, <strong>Dostawca mefedronu<\/strong>, <strong>3-MMC kup online<\/strong>, <strong>zam\u00f3w syntetyczne katynony<\/strong>, <a href=\"https:\/\/frcs-research.com\/pl\/kup-alfa-pvp-online\/\">kupi\u0107 <strong>Alfa-PVP<\/strong><\/a>,<a href=\"https:\/\/frcs-research.com\/pl\/mdphp-wolna-baza\/\"> <strong>kup MDPHP online<\/strong><\/a>, <strong>najlepszy dostawca syntetycznego katynonu<\/strong>, <strong>dyskretna wysy\u0142ka chemikali\u00f3w badawczych<\/strong>, <a href=\"https:\/\/frcs-research.com\/pl\/kup-etizolam\/\"><strong>legalne chemikalia badawcze na sprzeda\u017c<\/strong>.<\/a><\/p><div class=\"uagb-ifb-button-wrapper wp-block-button\"><a href=\"#\" class=\"uagb-infobox-cta-link wp-block-button__link\" target=\"_self\" rel=\"noopener noreferrer\" onclick=\"return false;\"><svg xmlns=\"https:\/\/www.w3.org\/2000\/svg\" viewbox=\"0 0 640 512\"><path d=\"M0 155.2C0 147.9 2.153 140.8 6.188 134.7L81.75 21.37C90.65 8.021 105.6 0 121.7 0H518.3C534.4 0 549.3 8.021 558.2 21.37L633.8 134.7C637.8 140.8 640 147.9 640 155.2C640 175.5 623.5 192 603.2 192H36.84C16.5 192 .0003 175.5 .0003 155.2H0zM64 224H128V384H320V224H384V464C384 490.5 362.5 512 336 512H112C85.49 512 64 490.5 64 464V224zM512 224H576V480C576 497.7 561.7 512 544 512C526.3 512 512 497.7 512 480V224z\"><\/path><\/svg><span class=\"uagb-inline-editing\">SKLEP<\/span><\/a><\/div><\/div><\/div>\n<\/div>\n\n\n\n<div class=\"wp-block-uagb-image alignleft uagb-block-bfb8266b wp-block-uagb-image--layout-default wp-block-uagb-image--effect-static wp-block-uagb-image--align-left\"><figure class=\"wp-block-uagb-image__figure\"><img decoding=\"async\" srcset=\"https:\/\/frcs-research.com\/wp-content\/uploads\/2024\/10\/1_RpLx7mJH84OMoNkXThkJqQ.jpeg ,https:\/\/frcs-research.com\/wp-content\/uploads\/2024\/10\/1_RpLx7mJH84OMoNkXThkJqQ.jpeg 780w, https:\/\/frcs-research.com\/wp-content\/uploads\/2024\/10\/1_RpLx7mJH84OMoNkXThkJqQ.jpeg 360w\" sizes=\"auto, (max-width: 480px) 150px\" src=\"https:\/\/frcs-research.com\/wp-content\/uploads\/2024\/10\/1_RpLx7mJH84OMoNkXThkJqQ.jpeg\" alt=\"KUP 4 MMC\" class=\"uag-image-598\" width=\"600\" height=\"429\" title=\"1_RpLx7mJH84OMoNkXThkJqQ\" loading=\"lazy\" role=\"img\"\/><\/figure><\/div>\n<\/div><\/div>\n\n\n\n<p><\/p>","protected":false},"excerpt":{"rendered":"<p>What is Mephedrone (4-MMC)? Mephedrone, commonly known as 4-MMC, is a popular synthetic cathinone widely used in scientific and experimental research. Known for its stimulant and empathogenic properties, 4-MMC is&hellip;<a href=\"https:\/\/frcs-research.com\/pl\/\" class=\"more-link\"><span class=\"more-button\">Continue reading<span class=\"screen-reader-text\">Dom<\/span><\/span><\/a><\/p>","protected":false},"author":1,"featured_media":0,"parent":0,"menu_order":0,"comment_status":"closed","ping_status":"closed","template":"","meta":{"_uag_custom_page_level_css":"","footnotes":""},"class_list":["post-10","page","type-page","status-publish","hentry"],"yoast_head":"<!-- This site is optimized with the Yoast SEO plugin v27.1.1 - https:\/\/yoast.com\/product\/yoast-seo-wordpress\/ -->\n<title>Buy 4MMC Safe Online \u2013 High-Quality 4-MMC for Research<\/title>\n<meta name=\"description\" content=\"Buy premium-quality Mephedrone (4-MMC) online at FRCS Research. Trusted supplier of lab-tested Mephedrone for research purposes with secure payments and discreet worldwide shipping.\" \/>\n<meta name=\"robots\" content=\"index, follow, max-snippet:-1, max-image-preview:large, max-video-preview:-1\" \/>\n<link rel=\"canonical\" href=\"https:\/\/frcs-research.com\/pl\/\" \/>\n<meta property=\"og:locale\" content=\"pl_PL\" \/>\n<meta property=\"og:type\" content=\"article\" \/>\n<meta property=\"og:title\" content=\"Buy 4MMC Safe Online \u2013 High-Quality 4-MMC for Research\" \/>\n<meta property=\"og:description\" content=\"Buy premium-quality Mephedrone (4-MMC) online at FRCS Research. Trusted supplier of lab-tested Mephedrone for research purposes with secure payments and discreet worldwide shipping.\" \/>\n<meta property=\"og:url\" content=\"https:\/\/frcs-research.com\/pl\/\" \/>\n<meta property=\"og:site_name\" content=\"wholesale supplier of research chemicals, 4mmc, 3mmc, MDPHP, Alpha PVP and more\" \/>\n<meta property=\"article:modified_time\" content=\"2026-01-28T18:27:08+00:00\" \/>\n<meta property=\"og:image\" content=\"https:\/\/frcs-research.com\/wp-content\/uploads\/2024\/10\/photo_2024-10-09_01-16-43-559x1024.jpg\" \/>\n<meta name=\"twitter:card\" content=\"summary_large_image\" \/>\n<meta name=\"twitter:label1\" content=\"Szacowany czas czytania\" \/>\n\t<meta name=\"twitter:data1\" content=\"4 minuty\" \/>\n<script type=\"application\/ld+json\" class=\"yoast-schema-graph\">{\"@context\":\"https:\/\/schema.org\",\"@graph\":[{\"@type\":\"WebPage\",\"@id\":\"https:\/\/frcs-research.com\/\",\"url\":\"https:\/\/frcs-research.com\/\",\"name\":\"Buy 4MMC Safe Online \u2013 High-Quality 4-MMC for Research\",\"isPartOf\":{\"@id\":\"https:\/\/frcs-research.com\/#website\"},\"primaryImageOfPage\":{\"@id\":\"https:\/\/frcs-research.com\/#primaryimage\"},\"image\":{\"@id\":\"https:\/\/frcs-research.com\/#primaryimage\"},\"thumbnailUrl\":\"https:\/\/frcs-research.com\/wp-content\/uploads\/2024\/10\/photo_2024-10-09_01-16-43-559x1024.jpg\",\"datePublished\":\"2024-10-06T20:27:37+00:00\",\"dateModified\":\"2026-01-28T18:27:08+00:00\",\"description\":\"Buy premium-quality Mephedrone (4-MMC) online at FRCS Research. Trusted supplier of lab-tested Mephedrone for research purposes with secure payments and discreet worldwide shipping.\",\"breadcrumb\":{\"@id\":\"https:\/\/frcs-research.com\/#breadcrumb\"},\"inLanguage\":\"pl-PL\",\"potentialAction\":[{\"@type\":\"ReadAction\",\"target\":[\"https:\/\/frcs-research.com\/\"]}]},{\"@type\":\"ImageObject\",\"inLanguage\":\"pl-PL\",\"@id\":\"https:\/\/frcs-research.com\/#primaryimage\",\"url\":\"https:\/\/frcs-research.com\/wp-content\/uploads\/2024\/10\/photo_2024-10-09_01-16-43-559x1024.jpg\",\"contentUrl\":\"https:\/\/frcs-research.com\/wp-content\/uploads\/2024\/10\/photo_2024-10-09_01-16-43-559x1024.jpg\"},{\"@type\":\"BreadcrumbList\",\"@id\":\"https:\/\/frcs-research.com\/#breadcrumb\",\"itemListElement\":[{\"@type\":\"ListItem\",\"position\":1,\"name\":\"Home\",\"item\":\"https:\/\/frcs-research.com\/\"},{\"@type\":\"ListItem\",\"position\":2,\"name\":\"Home\"}]},{\"@type\":\"WebSite\",\"@id\":\"https:\/\/frcs-research.com\/#website\",\"url\":\"https:\/\/frcs-research.com\/\",\"name\":\"wholesale supplier of research chemicals, 4mmc, 3mmc, MDPHP, Alpha PVP and more\",\"description\":\"Wholesale research chemicals\",\"potentialAction\":[{\"@type\":\"SearchAction\",\"target\":{\"@type\":\"EntryPoint\",\"urlTemplate\":\"https:\/\/frcs-research.com\/?s={search_term_string}\"},\"query-input\":{\"@type\":\"PropertyValueSpecification\",\"valueRequired\":true,\"valueName\":\"search_term_string\"}}],\"inLanguage\":\"pl-PL\"}]}<\/script>\n<!-- \/ Yoast SEO plugin. -->","yoast_head_json":{"title":"Buy 4MMC Safe Online \u2013 High-Quality 4-MMC for Research","description":"Kupuj najwy\u017cszej jako\u015bci Mefedron (4-MMC) online w FRCS Research. Zaufany dostawca laboratoryjnie testowanego Mefedronu do cel\u00f3w badawczych z bezpiecznymi p\u0142atno\u015bciami i dyskretn\u0105 wysy\u0142k\u0105 na ca\u0142y \u015bwiat.","robots":{"index":"index","follow":"follow","max-snippet":"max-snippet:-1","max-image-preview":"max-image-preview:large","max-video-preview":"max-video-preview:-1"},"canonical":"https:\/\/frcs-research.com\/pl\/","og_locale":"pl_PL","og_type":"article","og_title":"Buy 4MMC Safe Online \u2013 High-Quality 4-MMC for Research","og_description":"Buy premium-quality Mephedrone (4-MMC) online at FRCS Research. Trusted supplier of lab-tested Mephedrone for research purposes with secure payments and discreet worldwide shipping.","og_url":"https:\/\/frcs-research.com\/pl\/","og_site_name":"wholesale supplier of research chemicals, 4mmc, 3mmc, MDPHP, Alpha PVP and more","article_modified_time":"2026-01-28T18:27:08+00:00","og_image":[{"url":"https:\/\/frcs-research.com\/wp-content\/uploads\/2024\/10\/photo_2024-10-09_01-16-43-559x1024.jpg","type":"","width":"","height":""}],"twitter_card":"summary_large_image","twitter_misc":{"Szacowany czas czytania":"4 minuty"},"schema":{"@context":"https:\/\/schema.org","@graph":[{"@type":"WebPage","@id":"https:\/\/frcs-research.com\/","url":"https:\/\/frcs-research.com\/","name":"Buy 4MMC Safe Online \u2013 High-Quality 4-MMC for Research","isPartOf":{"@id":"https:\/\/frcs-research.com\/#website"},"primaryImageOfPage":{"@id":"https:\/\/frcs-research.com\/#primaryimage"},"image":{"@id":"https:\/\/frcs-research.com\/#primaryimage"},"thumbnailUrl":"https:\/\/frcs-research.com\/wp-content\/uploads\/2024\/10\/photo_2024-10-09_01-16-43-559x1024.jpg","datePublished":"2024-10-06T20:27:37+00:00","dateModified":"2026-01-28T18:27:08+00:00","description":"Kupuj najwy\u017cszej jako\u015bci Mefedron (4-MMC) online w FRCS Research. Zaufany dostawca laboratoryjnie testowanego Mefedronu do cel\u00f3w badawczych z bezpiecznymi p\u0142atno\u015bciami i dyskretn\u0105 wysy\u0142k\u0105 na ca\u0142y \u015bwiat.","breadcrumb":{"@id":"https:\/\/frcs-research.com\/#breadcrumb"},"inLanguage":"pl-PL","potentialAction":[{"@type":"ReadAction","target":["https:\/\/frcs-research.com\/"]}]},{"@type":"ImageObject","inLanguage":"pl-PL","@id":"https:\/\/frcs-research.com\/#primaryimage","url":"https:\/\/frcs-research.com\/wp-content\/uploads\/2024\/10\/photo_2024-10-09_01-16-43-559x1024.jpg","contentUrl":"https:\/\/frcs-research.com\/wp-content\/uploads\/2024\/10\/photo_2024-10-09_01-16-43-559x1024.jpg"},{"@type":"BreadcrumbList","@id":"https:\/\/frcs-research.com\/#breadcrumb","itemListElement":[{"@type":"ListItem","position":1,"name":"Home","item":"https:\/\/frcs-research.com\/"},{"@type":"ListItem","position":2,"name":"Home"}]},{"@type":"WebSite","@id":"https:\/\/frcs-research.com\/#website","url":"https:\/\/frcs-research.com\/","name":"hurtowy dostawca chemikali\u00f3w badawczych, 4mmc, 3mmc, MDPHP, Alpha PVP i innych","description":"Hurtowa sprzeda\u017c chemikali\u00f3w badawczych","potentialAction":[{"@type":"SearchAction","target":{"@type":"EntryPoint","urlTemplate":"https:\/\/frcs-research.com\/?s={search_term_string}"},"query-input":{"@type":"PropertyValueSpecification","valueRequired":true,"valueName":"search_term_string"}}],"inLanguage":"pl-PL"}]}},"uagb_featured_image_src":{"full":false,"thumbnail":false,"medium":false,"medium_large":false,"large":false,"1536x1536":false,"2048x2048":false,"trp-custom-language-flag":false,"post-thumbnail":false,"elite-commerce-slider":false,"elite-commerce-hero":false,"elite-commerce-portfolio":false,"woocommerce_thumbnail":false,"woocommerce_single":false,"woocommerce_gallery_thumbnail":false},"uagb_author_info":{"display_name":"Richard Wood","author_link":"https:\/\/frcs-research.com\/pl\/author\/expireddomains1000gmail-com\/"},"uagb_comment_info":0,"uagb_excerpt":"What is Mephedrone (4-MMC)? Mephedrone, commonly known as 4-MMC, is a popular synthetic cathinone widely used in scientific and experimental research. Known for its stimulant and empathogenic properties, 4-MMC is&hellip;Continue readingHome","_links":{"self":[{"href":"https:\/\/frcs-research.com\/pl\/wp-json\/wp\/v2\/pages\/10","targetHints":{"allow":["GET"]}}],"collection":[{"href":"https:\/\/frcs-research.com\/pl\/wp-json\/wp\/v2\/pages"}],"about":[{"href":"https:\/\/frcs-research.com\/pl\/wp-json\/wp\/v2\/types\/page"}],"author":[{"embeddable":true,"href":"https:\/\/frcs-research.com\/pl\/wp-json\/wp\/v2\/users\/1"}],"replies":[{"embeddable":true,"href":"https:\/\/frcs-research.com\/pl\/wp-json\/wp\/v2\/comments?post=10"}],"version-history":[{"count":18,"href":"https:\/\/frcs-research.com\/pl\/wp-json\/wp\/v2\/pages\/10\/revisions"}],"predecessor-version":[{"id":1093,"href":"https:\/\/frcs-research.com\/pl\/wp-json\/wp\/v2\/pages\/10\/revisions\/1093"}],"wp:attachment":[{"href":"https:\/\/frcs-research.com\/pl\/wp-json\/wp\/v2\/media?parent=10"}],"curies":[{"name":"wp","href":"https:\/\/api.w.org\/{rel}","templated":true}]}}