{"id":11,"date":"2024-10-06T20:27:37","date_gmt":"2024-10-06T20:27:37","guid":{"rendered":"https:\/\/frcs-research.com\/about\/"},"modified":"2024-10-13T00:30:47","modified_gmt":"2024-10-13T00:30:47","slug":"mdphp-wolna-baza","status":"publish","type":"page","link":"https:\/\/frcs-research.com\/pl\/mdphp-wolna-baza\/","title":{"rendered":"MDPHP BEZP\u0141ATNA PODSTAWA"},"content":{"rendered":"<div class=\"wp-block-uagb-container uagb-block-ddbe5c65 alignfull uagb-is-root-container\"><div class=\"uagb-container-inner-blocks-wrap\">\n<div class=\"wp-block-uagb-advanced-heading uagb-block-fa4e7c56\"><h1 class=\"uagb-heading-text\">Kup MDPHP online \u2013 wysokiej jako\u015bci MDPHP do bada\u0144 w FRCS Research<\/h1><p class=\"uagb-desc-text\">Patrz\u0105c na <strong>kup MDPHP online<\/strong>Witamy w <strong><a href=\"https:\/\/frcs-research.com\/pl\/\">Badania FRCS<\/a><\/strong>, Twoje zaufane \u017ar\u00f3d\u0142o produkt\u00f3w najwy\u017cszej jako\u015bci, testowanych laboratoryjnie <strong>MDPHP (3\u2032,4\u2032-metylenodioksy-\u03b1-pirolidynoheksiofenon)<\/strong>Jako wiod\u0105cy dostawca produkt\u00f3w o wysokiej czysto\u015bci <strong>chemikalia badawcze<\/strong>Oferujemy MDPHP do cel\u00f3w bada\u0144 naukowych i analitycznych, gwarantuj\u0105c bezpiecze\u0144stwo, jako\u015b\u0107 i wiarygodne wyniki ka\u017cdego zam\u00f3wienia.<\/p><\/div>\n<\/div><\/div>\n\n\n\n<div class=\"wp-block-uagb-container uagb-block-f4853f72 alignfull uagb-is-root-container\"><div class=\"uagb-container-inner-blocks-wrap\">\n<div class=\"wp-block-uagb-image uagb-block-066e3443 wp-block-uagb-image--layout-default wp-block-uagb-image--effect-static wp-block-uagb-image--align-none\"><figure class=\"wp-block-uagb-image__figure\"><img decoding=\"async\" srcset=\"https:\/\/frcs-research.com\/wp-content\/uploads\/2024\/10\/photo_2024-10-09_01-29-18-939x1024.jpg ,https:\/\/frcs-research.com\/wp-content\/uploads\/2024\/10\/photo_2024-10-09_01-29-18.jpg 780w, https:\/\/frcs-research.com\/wp-content\/uploads\/2024\/10\/photo_2024-10-09_01-29-18.jpg 360w\" sizes=\"auto, (max-width: 480px) 150px\" src=\"https:\/\/frcs-research.com\/wp-content\/uploads\/2024\/10\/photo_2024-10-09_01-29-18-939x1024.jpg\" alt=\"kup mdphp online\" class=\"uag-image-607\" width=\"560\" height=\"440\" title=\"zdj\u0119cie_2024-10-09_01-29-18\" loading=\"lazy\" role=\"img\"\/><\/figure><\/div>\n\n\n\n<div class=\"wp-block-uagb-container uagb-block-959de5be\">\n<div class=\"wp-block-uagb-advanced-heading uagb-block-a679106e\"><h2 class=\"uagb-heading-text\">Czym jest MDPHP?<\/h2><p class=\"uagb-desc-text\"><strong>MDPHP<\/strong> jest pot\u0119\u017cny <strong><a href=\"http:\/\/encrypted payment methods\">syntetyczny katynon<\/a><\/strong> znany ze swojego <strong>w\u0142a\u015bciwo\u015bci pobudzaj\u0105ce<\/strong>Strukturalnie podobny do innych substancji chemicznych stosowanych w badaniach, takich jak <strong><a href=\"https:\/\/frcs-research.com\/pl\/product\/kup-alfa-pvp\/\">Alfa-PVP<\/a><\/strong> I <strong><a href=\"https:\/\/frcs-research.com\/pl\/product\/mdpv-metylenodioksypirowaleron\/\">MDPV<\/a><\/strong>MDPHP jest szeroko stosowany w badaniach skupiaj\u0105cych si\u0119 na jego wp\u0142ywie na <strong>dopamina i noradrenalina<\/strong> w m\u00f3zgu. Naukowcy i laboratoria badaj\u0105 MDPHP, aby zrozumie\u0107 jego wp\u0142yw na o\u015brodkowy uk\u0142ad nerwowy, co czyni go wa\u017cnym zwi\u0105zkiem chemicznym dla bada\u0144 behawioralnych, neurologicznych i psychostymuluj\u0105cych.<\/p><\/div>\n<\/div>\n<\/div><\/div>\n\n\n\n<div class=\"wp-block-uagb-container uagb-layout-grid uagb-block-395f69b9 alignfull uagb-is-root-container\"><div class=\"uagb-container-inner-blocks-wrap\">\n<div class=\"wp-block-uagb-advanced-heading uagb-block-992e1d53\"><h3 class=\"uagb-heading-text\">Dlaczego warto wybra\u0107 FRCS Research przy zakupie MDPHP?<\/h3><p class=\"uagb-desc-text\">Na <strong>Badania FRCS<\/strong>, stawiamy na jako\u015b\u0107 i czysto\u015b\u0107 naszych chemikali\u00f3w badawczych. Kupuj\u0105c od nas MDPHP, wybierasz:<br><strong>Wysoka czysto\u015b\u0107<\/strong>: Nasz <strong>MDPHP<\/strong> pochodzi od zaufanych producent\u00f3w i jest testowany w laboratoriach, aby mie\u0107 pewno\u015b\u0107, \u017ce spe\u0142nia najwy\u017csze standardy do zastosowa\u0144 badawczych.<br><strong>Bezpieczne i pewne zakupy<\/strong>:Oferujemy <strong>dyskretne opakowanie<\/strong> I <strong>bezpieczne opcje p\u0142atno\u015bci<\/strong> aby chroni\u0107 Twoj\u0105 prywatno\u015b\u0107 i zapewni\u0107 Ci bezproblemowe zakupy.<br><strong>Szybka wysy\u0142ka na ca\u0142y \u015bwiat<\/strong>:Z niezawodnym i <strong>szybka wysy\u0142ka<\/strong>, zapewniamy Twoje <strong>Nakaz MDPHP<\/strong> dotrze bezpiecznie, bez wzgl\u0119du na to gdzie jeste\u015b.<\/p><\/div>\n\n\n\n<div class=\"wp-block-uagb-container uagb-block-6d4e5b67\">\n<div class=\"wp-block-uagb-advanced-heading uagb-block-bbe91d67\"><h3 class=\"uagb-heading-text\">Dlaczego warto kupi\u0107 MDPHP na potrzeby bada\u0144?<\/h3><\/div>\n\n\n\n<div class=\"wp-block-uagb-icon-list uagb-block-60b012d5\"><div class=\"uagb-icon-list__wrap\">\n<div class=\"wp-block-uagb-icon-list-child uagb-block-8bcb204e\"><a target=\"_self\" aria-label=\"MDPHP nale\u017cy do syntetycznej klasy chemikali\u00f3w katynonowych, co czyni go interesuj\u0105cym tematem dla wielu bada\u0144 naukowych. Naukowcy wykorzystuj\u0105 MDPHP do badania:Efekty psychostymuluj\u0105ce: Zrozumienie, w jaki spos\u00f3b MDPHP wp\u0142ywa na uk\u0142ady nagrody i przyjemno\u015bci w m\u00f3zgu.\" rel=\"noopener noreferrer\" href=\"#\"> <\/a><span class=\"uagb-icon-list__source-wrap\"><svg xmlns=\"https:\/\/www.w3.org\/2000\/svg\" viewbox=\"0 0 512 512\"><path d=\"M0 256C0 114.6 114.6 0 256 0C397.4 0 512 114.6 512 256C512 397.4 397.4 512 256 512C114.6 512 0 397.4 0 256zM371.8 211.8C382.7 200.9 382.7 183.1 371.8 172.2C360.9 161.3 343.1 161.3 332.2 172.2L224 280.4L179.8 236.2C168.9 225.3 151.1 225.3 140.2 236.2C129.3 247.1 129.3 264.9 140.2 275.8L204.2 339.8C215.1 350.7 232.9 350.7 243.8 339.8L371.8 211.8z\"><\/path><\/svg><\/span><span class=\"uagb-icon-list__label\"><strong>MDPHP<\/strong> jest cz\u0119\u015bci\u0105 <strong>syntetyczny katynon<\/strong> klasa chemikali\u00f3w, co czyni j\u0105 interesuj\u0105cym tematem dla wielu bada\u0144 naukowych. Naukowcy wykorzystuj\u0105 MDPHP do badania:<br><strong>Efekty psychostymuluj\u0105ce<\/strong>:Zrozumienie jak <strong>MDPHP<\/strong> wp\u0142ywa na uk\u0142ad nagrody i przyjemno\u015bci w m\u00f3zgu.<\/span><\/div>\n\n\n\n<div class=\"wp-block-uagb-icon-list-child uagb-block-d18e95cd\"><a target=\"_self\" aria-label=\"Szlaki neurologiczne: badanie wp\u0142ywu MDPHP na neuroprzeka\u017aniki, takie jak dopamina i noradrenalina. Je\u015bli prowadzisz zaawansowane badania nad pochodnymi katynonu, MDPHP jest cennym zwi\u0105zkiem do badania efekt\u00f3w syntetycznych \u015brodk\u00f3w pobudzaj\u0105cych.\" rel=\"noopener noreferrer\" href=\"#\"> <\/a><span class=\"uagb-icon-list__source-wrap\"><svg xmlns=\"https:\/\/www.w3.org\/2000\/svg\" viewbox=\"0 0 512 512\"><path d=\"M0 256C0 114.6 114.6 0 256 0C397.4 0 512 114.6 512 256C512 397.4 397.4 512 256 512C114.6 512 0 397.4 0 256zM371.8 211.8C382.7 200.9 382.7 183.1 371.8 172.2C360.9 161.3 343.1 161.3 332.2 172.2L224 280.4L179.8 236.2C168.9 225.3 151.1 225.3 140.2 236.2C129.3 247.1 129.3 264.9 140.2 275.8L204.2 339.8C215.1 350.7 232.9 350.7 243.8 339.8L371.8 211.8z\"><\/path><\/svg><\/span><span class=\"uagb-icon-list__label\"><strong>\u015acie\u017cki neurologiczne<\/strong>:Badanie wp\u0142ywu MDPHP na neuroprzeka\u017aniki, takie jak <strong>dopamina<\/strong> I <strong>noradrenalina<\/strong>.<br>Je\u015bli prowadzisz zaawansowane badania na temat <strong>pochodne katynonu<\/strong>, MDPHP jest cennym zwi\u0105zkiem do badania wp\u0142ywu syntetycznych stymulant\u00f3w.<\/span><\/div>\n\n\n\n<div class=\"wp-block-uagb-icon-list-child uagb-block-fe34200d\"><a target=\"_self\" aria-label=\"Wp\u0142yw na zachowanie: badanie wp\u0142ywu zwi\u0105zku na aktywno\u015b\u0107, motywacj\u0119 i koncentracj\u0119.\" rel=\"noopener noreferrer\" href=\"#\"> <\/a><span class=\"uagb-icon-list__source-wrap\"><svg xmlns=\"https:\/\/www.w3.org\/2000\/svg\" viewbox=\"0 0 512 512\"><path d=\"M0 256C0 114.6 114.6 0 256 0C397.4 0 512 114.6 512 256C512 397.4 397.4 512 256 512C114.6 512 0 397.4 0 256zM371.8 211.8C382.7 200.9 382.7 183.1 371.8 172.2C360.9 161.3 343.1 161.3 332.2 172.2L224 280.4L179.8 236.2C168.9 225.3 151.1 225.3 140.2 236.2C129.3 247.1 129.3 264.9 140.2 275.8L204.2 339.8C215.1 350.7 232.9 350.7 243.8 339.8L371.8 211.8z\"><\/path><\/svg><\/span><span class=\"uagb-icon-list__label\"><strong>Wp\u0142yw behawioralny<\/strong>Badanie wp\u0142ywu zwi\u0105zku na aktywno\u015b\u0107, motywacj\u0119 i koncentracj\u0119.<\/span><\/div>\n<\/div><\/div>\n<\/div>\n<\/div><\/div>\n\n\n\n<div class=\"wp-block-uagb-container uagb-layout-flex uagb-block-cd23d4e7 alignfull uagb-is-root-container\"><div class=\"uagb-container-inner-blocks-wrap\">\n<div class=\"wp-block-uagb-container uagb-block-38ac57af\">\n<div class=\"wp-block-uagb-advanced-heading uagb-block-ab8e889b\"><h2 class=\"uagb-heading-text\">Kup MDPHP online \u2013 czego oczekiwa\u0107 od bada\u0144 FRCS<\/h2><p class=\"uagb-desc-text\">Na <strong>Badania FRCS<\/strong>, gwarantujemy jako\u015b\u0107 i bezpiecze\u0144stwo, gdy kupujesz od nas MDPHP. Oto dlaczego mo\u017cesz nam zaufa\u0107 w kwestii swoich potrzeb badawczych:<br><strong>Przetestowane i certyfikowane<\/strong>:Wszystkie nasze chemikalia, w tym <strong>MDPHP<\/strong>, s\u0105 testowane pod k\u0105tem czysto\u015bci i sp\u00f3jno\u015bci, aby zapewni\u0107 Ci wiarygodne wyniki bada\u0144.<br><strong>Bezpieczne transakcje<\/strong>:U\u017cywamy szyfrowanych metod p\u0142atno\u015bci i bezpiecznego procesu realizacji transakcji, aby zapewni\u0107 ochron\u0119 Twoich danych.<br><strong>Dyskretna dostawa<\/strong>Rozumiemy, jak wa\u017cna jest prywatno\u015b\u0107, dlatego oferujemy dyskretn\u0105 i niezawodn\u0105 wysy\u0142k\u0119 na ca\u0142y \u015bwiat.<\/p><\/div>\n\n\n\n<div class=\"wp-block-uagb-icon-list uagb-block-e61dcdb2\"><div class=\"uagb-icon-list__wrap\"><\/div><\/div>\n<\/div>\n\n\n\n<div class=\"wp-block-uagb-image alignright uagb-block-1bba2fd8 wp-block-uagb-image--layout-default wp-block-uagb-image--effect-static wp-block-uagb-image--align-right\"><figure class=\"wp-block-uagb-image__figure\"><img decoding=\"async\" srcset=\"https:\/\/frcs-research.com\/wp-content\/uploads\/2024\/10\/ghvkbjl-768x1024.jpg ,https:\/\/frcs-research.com\/wp-content\/uploads\/2024\/10\/ghvkbjl.jpg 780w, https:\/\/frcs-research.com\/wp-content\/uploads\/2024\/10\/ghvkbjl.jpg 360w\" sizes=\"auto, (max-width: 480px) 150px\" src=\"https:\/\/frcs-research.com\/wp-content\/uploads\/2024\/10\/ghvkbjl-768x1024.jpg\" alt=\"kup mdphp\" class=\"uag-image-609\" width=\"560\" height=\"448\" title=\"ghvkbjl\" loading=\"lazy\" role=\"img\"\/><\/figure><\/div>\n<\/div><\/div>","protected":false},"excerpt":{"rendered":"<p>Buy MDPHP Online \u2013 High-Quality MDPHP for Research at FRCS Research Looking to buy MDPHP online? Welcome to FRCS Research, your trusted source for premium, lab-tested MDPHP (3&#8242;,4&#8242;-Methylenedioxy-\u03b1-pyrrolidinohexiophenone). As a&hellip;<a href=\"https:\/\/frcs-research.com\/pl\/mdphp-wolna-baza\/\" class=\"more-link\"><span class=\"more-button\">Continue reading<span class=\"screen-reader-text\">MDPHP BEZP\u0141ATNA PODSTAWA<\/span><\/span><\/a><\/p>","protected":false},"author":1,"featured_media":0,"parent":0,"menu_order":0,"comment_status":"closed","ping_status":"closed","template":"","meta":{"_uag_custom_page_level_css":"","footnotes":""},"class_list":["post-11","page","type-page","status-publish","hentry"],"yoast_head":"<!-- This site is optimized with the Yoast SEO plugin v27.1.1 - https:\/\/yoast.com\/product\/yoast-seo-wordpress\/ -->\n<title>Buy MDPHP Online \u2013 High-Quality Research Chemical<\/title>\n<meta name=\"description\" content=\"Buy premium MDPHP online at FRCS Research. Trusted source for lab-tested MDPHP for research purposes, offering secure payments and discreet worldwide shipping.\" \/>\n<meta name=\"robots\" content=\"index, follow, max-snippet:-1, max-image-preview:large, max-video-preview:-1\" \/>\n<link rel=\"canonical\" href=\"https:\/\/frcs-research.com\/pl\/mdphp-wolna-baza\/\" \/>\n<meta property=\"og:locale\" content=\"pl_PL\" \/>\n<meta property=\"og:type\" content=\"article\" \/>\n<meta property=\"og:title\" content=\"Buy MDPHP Online \u2013 High-Quality Research Chemical\" \/>\n<meta property=\"og:description\" content=\"Buy premium MDPHP online at FRCS Research. Trusted source for lab-tested MDPHP for research purposes, offering secure payments and discreet worldwide shipping.\" \/>\n<meta property=\"og:url\" content=\"https:\/\/frcs-research.com\/pl\/mdphp-wolna-baza\/\" \/>\n<meta property=\"og:site_name\" content=\"wholesale supplier of research chemicals, 4mmc, 3mmc, MDPHP, Alpha PVP and more\" \/>\n<meta property=\"article:modified_time\" content=\"2024-10-13T00:30:47+00:00\" \/>\n<meta property=\"og:image\" content=\"https:\/\/frcs-research.com\/wp-content\/uploads\/2024\/10\/photo_2024-10-09_01-29-18-939x1024.jpg\" \/>\n<meta name=\"twitter:card\" content=\"summary_large_image\" \/>\n<meta name=\"twitter:label1\" content=\"Szacowany czas czytania\" \/>\n\t<meta name=\"twitter:data1\" content=\"3 minuty\" \/>\n<script type=\"application\/ld+json\" class=\"yoast-schema-graph\">{\"@context\":\"https:\/\/schema.org\",\"@graph\":[{\"@type\":\"WebPage\",\"@id\":\"https:\/\/frcs-research.com\/mdphp-freebase\/\",\"url\":\"https:\/\/frcs-research.com\/mdphp-freebase\/\",\"name\":\"Buy MDPHP Online \u2013 High-Quality Research Chemical\",\"isPartOf\":{\"@id\":\"https:\/\/frcs-research.com\/#website\"},\"primaryImageOfPage\":{\"@id\":\"https:\/\/frcs-research.com\/mdphp-freebase\/#primaryimage\"},\"image\":{\"@id\":\"https:\/\/frcs-research.com\/mdphp-freebase\/#primaryimage\"},\"thumbnailUrl\":\"https:\/\/frcs-research.com\/wp-content\/uploads\/2024\/10\/photo_2024-10-09_01-29-18-939x1024.jpg\",\"datePublished\":\"2024-10-06T20:27:37+00:00\",\"dateModified\":\"2024-10-13T00:30:47+00:00\",\"description\":\"Buy premium MDPHP online at FRCS Research. Trusted source for lab-tested MDPHP for research purposes, offering secure payments and discreet worldwide shipping.\",\"breadcrumb\":{\"@id\":\"https:\/\/frcs-research.com\/mdphp-freebase\/#breadcrumb\"},\"inLanguage\":\"pl-PL\",\"potentialAction\":[{\"@type\":\"ReadAction\",\"target\":[\"https:\/\/frcs-research.com\/mdphp-freebase\/\"]}]},{\"@type\":\"ImageObject\",\"inLanguage\":\"pl-PL\",\"@id\":\"https:\/\/frcs-research.com\/mdphp-freebase\/#primaryimage\",\"url\":\"https:\/\/frcs-research.com\/wp-content\/uploads\/2024\/10\/photo_2024-10-09_01-29-18-939x1024.jpg\",\"contentUrl\":\"https:\/\/frcs-research.com\/wp-content\/uploads\/2024\/10\/photo_2024-10-09_01-29-18-939x1024.jpg\"},{\"@type\":\"BreadcrumbList\",\"@id\":\"https:\/\/frcs-research.com\/mdphp-freebase\/#breadcrumb\",\"itemListElement\":[{\"@type\":\"ListItem\",\"position\":1,\"name\":\"Home\",\"item\":\"https:\/\/frcs-research.com\/\"},{\"@type\":\"ListItem\",\"position\":2,\"name\":\"MDPHP FREEBASE\"}]},{\"@type\":\"WebSite\",\"@id\":\"https:\/\/frcs-research.com\/#website\",\"url\":\"https:\/\/frcs-research.com\/\",\"name\":\"wholesale supplier of research chemicals, 4mmc, 3mmc, MDPHP, Alpha PVP and more\",\"description\":\"Wholesale research chemicals\",\"potentialAction\":[{\"@type\":\"SearchAction\",\"target\":{\"@type\":\"EntryPoint\",\"urlTemplate\":\"https:\/\/frcs-research.com\/?s={search_term_string}\"},\"query-input\":{\"@type\":\"PropertyValueSpecification\",\"valueRequired\":true,\"valueName\":\"search_term_string\"}}],\"inLanguage\":\"pl-PL\"}]}<\/script>\n<!-- \/ Yoast SEO plugin. -->","yoast_head_json":{"title":"Kup MDPHP online \u2013 wysokiej jako\u015bci chemikalia badawcze","description":"Kupuj premium MDPHP online w FRCS Research. Zaufane \u017ar\u00f3d\u0142o laboratoryjnie testowanego MDPHP do cel\u00f3w badawczych, oferuj\u0105ce bezpieczne p\u0142atno\u015bci i dyskretn\u0105 wysy\u0142k\u0119 na ca\u0142y \u015bwiat.","robots":{"index":"index","follow":"follow","max-snippet":"max-snippet:-1","max-image-preview":"max-image-preview:large","max-video-preview":"max-video-preview:-1"},"canonical":"https:\/\/frcs-research.com\/pl\/mdphp-wolna-baza\/","og_locale":"pl_PL","og_type":"article","og_title":"Buy MDPHP Online \u2013 High-Quality Research Chemical","og_description":"Buy premium MDPHP online at FRCS Research. Trusted source for lab-tested MDPHP for research purposes, offering secure payments and discreet worldwide shipping.","og_url":"https:\/\/frcs-research.com\/pl\/mdphp-wolna-baza\/","og_site_name":"wholesale supplier of research chemicals, 4mmc, 3mmc, MDPHP, Alpha PVP and more","article_modified_time":"2024-10-13T00:30:47+00:00","og_image":[{"url":"https:\/\/frcs-research.com\/wp-content\/uploads\/2024\/10\/photo_2024-10-09_01-29-18-939x1024.jpg","type":"","width":"","height":""}],"twitter_card":"summary_large_image","twitter_misc":{"Szacowany czas czytania":"3 minuty"},"schema":{"@context":"https:\/\/schema.org","@graph":[{"@type":"WebPage","@id":"https:\/\/frcs-research.com\/mdphp-freebase\/","url":"https:\/\/frcs-research.com\/mdphp-freebase\/","name":"Kup MDPHP online \u2013 wysokiej jako\u015bci chemikalia badawcze","isPartOf":{"@id":"https:\/\/frcs-research.com\/#website"},"primaryImageOfPage":{"@id":"https:\/\/frcs-research.com\/mdphp-freebase\/#primaryimage"},"image":{"@id":"https:\/\/frcs-research.com\/mdphp-freebase\/#primaryimage"},"thumbnailUrl":"https:\/\/frcs-research.com\/wp-content\/uploads\/2024\/10\/photo_2024-10-09_01-29-18-939x1024.jpg","datePublished":"2024-10-06T20:27:37+00:00","dateModified":"2024-10-13T00:30:47+00:00","description":"Kupuj premium MDPHP online w FRCS Research. Zaufane \u017ar\u00f3d\u0142o laboratoryjnie testowanego MDPHP do cel\u00f3w badawczych, oferuj\u0105ce bezpieczne p\u0142atno\u015bci i dyskretn\u0105 wysy\u0142k\u0119 na ca\u0142y \u015bwiat.","breadcrumb":{"@id":"https:\/\/frcs-research.com\/mdphp-freebase\/#breadcrumb"},"inLanguage":"pl-PL","potentialAction":[{"@type":"ReadAction","target":["https:\/\/frcs-research.com\/mdphp-freebase\/"]}]},{"@type":"ImageObject","inLanguage":"pl-PL","@id":"https:\/\/frcs-research.com\/mdphp-freebase\/#primaryimage","url":"https:\/\/frcs-research.com\/wp-content\/uploads\/2024\/10\/photo_2024-10-09_01-29-18-939x1024.jpg","contentUrl":"https:\/\/frcs-research.com\/wp-content\/uploads\/2024\/10\/photo_2024-10-09_01-29-18-939x1024.jpg"},{"@type":"BreadcrumbList","@id":"https:\/\/frcs-research.com\/mdphp-freebase\/#breadcrumb","itemListElement":[{"@type":"ListItem","position":1,"name":"Home","item":"https:\/\/frcs-research.com\/"},{"@type":"ListItem","position":2,"name":"MDPHP FREEBASE"}]},{"@type":"WebSite","@id":"https:\/\/frcs-research.com\/#website","url":"https:\/\/frcs-research.com\/","name":"hurtowy dostawca chemikali\u00f3w badawczych, 4mmc, 3mmc, MDPHP, Alpha PVP i innych","description":"Hurtowa sprzeda\u017c chemikali\u00f3w badawczych","potentialAction":[{"@type":"SearchAction","target":{"@type":"EntryPoint","urlTemplate":"https:\/\/frcs-research.com\/?s={search_term_string}"},"query-input":{"@type":"PropertyValueSpecification","valueRequired":true,"valueName":"search_term_string"}}],"inLanguage":"pl-PL"}]}},"uagb_featured_image_src":{"full":false,"thumbnail":false,"medium":false,"medium_large":false,"large":false,"1536x1536":false,"2048x2048":false,"trp-custom-language-flag":false,"post-thumbnail":false,"elite-commerce-slider":false,"elite-commerce-hero":false,"elite-commerce-portfolio":false,"woocommerce_thumbnail":false,"woocommerce_single":false,"woocommerce_gallery_thumbnail":false},"uagb_author_info":{"display_name":"Richard Wood","author_link":"https:\/\/frcs-research.com\/pl\/author\/expireddomains1000gmail-com\/"},"uagb_comment_info":0,"uagb_excerpt":"Buy MDPHP Online \u2013 High-Quality MDPHP for Research at FRCS Research Looking to buy MDPHP online? Welcome to FRCS Research, your trusted source for premium, lab-tested MDPHP (3&#8242;,4&#8242;-Methylenedioxy-\u03b1-pyrrolidinohexiophenone). As a&hellip;Continue readingMDPHP FREEBASE","_links":{"self":[{"href":"https:\/\/frcs-research.com\/pl\/wp-json\/wp\/v2\/pages\/11","targetHints":{"allow":["GET"]}}],"collection":[{"href":"https:\/\/frcs-research.com\/pl\/wp-json\/wp\/v2\/pages"}],"about":[{"href":"https:\/\/frcs-research.com\/pl\/wp-json\/wp\/v2\/types\/page"}],"author":[{"embeddable":true,"href":"https:\/\/frcs-research.com\/pl\/wp-json\/wp\/v2\/users\/1"}],"replies":[{"embeddable":true,"href":"https:\/\/frcs-research.com\/pl\/wp-json\/wp\/v2\/comments?post=11"}],"version-history":[{"count":9,"href":"https:\/\/frcs-research.com\/pl\/wp-json\/wp\/v2\/pages\/11\/revisions"}],"predecessor-version":[{"id":780,"href":"https:\/\/frcs-research.com\/pl\/wp-json\/wp\/v2\/pages\/11\/revisions\/780"}],"wp:attachment":[{"href":"https:\/\/frcs-research.com\/pl\/wp-json\/wp\/v2\/media?parent=11"}],"curies":[{"name":"wp","href":"https:\/\/api.w.org\/{rel}","templated":true}]}}