{"id":1122,"date":"2026-01-29T18:52:34","date_gmt":"2026-01-29T18:52:34","guid":{"rendered":"https:\/\/frcs-research.com\/?post_type=product&#038;p=1122"},"modified":"2026-04-20T08:43:01","modified_gmt":"2026-04-20T08:43:01","slug":"cloud9-bath-salts","status":"publish","type":"product","link":"https:\/\/frcs-research.com\/pl\/product\/cloud9-bath-salts\/","title":{"rendered":"Cloud9 Bath Salts"},"content":{"rendered":"<h3 style=\"text-align: center\"><strong>Cloud9 Bath Salts<\/strong><\/h3>\n<p>Cloud9 Bath Salts provides the highest-quality bathing products such as bath salts. bath salts provide you with a smooth, sensual bath that will leave you feeling cleansed. However, our clients are guaranteed of the highest quality available in the market. Nevertheless, we do wholesale and retail other concentrated bath salts available at good prices<a href=\"https:\/\/packmancartsshop.com\/shop\/\">.<\/a><\/p>\n<h4><strong>Our bath salts have a very strong aroma!<\/strong><\/h4>\n<p>Cloud9 is designed to take your bathing experience to the next level of stimulation, energy and euphoria. Just a small amount is necessary for profound effects. However, just add a <a href=\"https:\/\/researchchemicalshop.com\/shop\/\">small<\/a> amount to a hot bath to naturally soften the water which will leave you feeling very energized and euphoric. Nevertheless, it is used to mimic the natural hot springs of the greek sea. ake note. \u00a0Notwithstanding, Used properly, Cloud9 can help you reach summits thought unreachable.<\/p>","protected":false},"excerpt":{"rendered":"<p>Cloud9 Bath Salts Cloud9 Bath Salts provides the highest-quality bathing products such as bath salts. bath salts provide you with a smooth, sensual bath that will leave you feeling cleansed.&hellip;<\/p>\n<p class=\"product woocommerce add_to_cart_inline\" style=\"border:4px solid #ccc; padding: 12px;\"><span class=\"woocommerce-Price-amount amount\" aria-hidden=\"true\"><bdi><span class=\"woocommerce-Price-currencySymbol\">&euro;<\/span>160.00<\/bdi><\/span> <span aria-hidden=\"true\">&ndash;<\/span> <span class=\"woocommerce-Price-amount amount\" aria-hidden=\"true\"><bdi><span class=\"woocommerce-Price-currencySymbol\">&euro;<\/span>710.00<\/bdi><\/span><span class=\"screen-reader-text\" data-no-translation=\"\" data-trp-gettext=\"\">Zakres cen: od &euro;160.00 do &euro;710.00<\/span><a href=\"https:\/\/frcs-research.com\/pl\/product\/cloud9-bath-salts\/\" aria-describedby=\"woocommerce_loop_add_to_cart_link_describedby_1122\" data-quantity=\"1\" class=\"button product_type_variable add_to_cart_button\" data-product_id=\"1122\" data-product_sku=\"\" aria-label=\"Wybierz opcje dla \u201eCloud9 Bath Salts\u201d\" rel=\"nofollow\" data-no-translation=\"\" data-trp-gettext=\"\" data-no-translation-aria-label=\"\">Wybierz opcje<\/a>\t<span id=\"woocommerce_loop_add_to_cart_link_describedby_1122\" class=\"screen-reader-text\"><br \/>\n\t\tTen produkt ma wiele wariant\u00f3w. Opcje mo\u017cna wybra\u0107 na stronie produktu\t<\/span><\/p>","protected":false},"featured_media":1138,"comment_status":"closed","ping_status":"closed","template":"","meta":{"_uag_custom_page_level_css":""},"product_brand":[],"product_cat":[329],"product_tag":[330,331,332,333,334,338,383,339,340,341,342,343,344,345,349,350,351,352,353,354],"class_list":{"0":"post-1122","1":"product","2":"type-product","3":"status-publish","4":"has-post-thumbnail","6":"product_cat-bath-salts","7":"product_tag-bath-salts","8":"product_tag-bath-salts-drug","9":"product_tag-bath-salts-drugs","10":"product_tag-bath-salts-for-bath","11":"product_tag-best-bath-salts","12":"product_tag-cbd-bath-salts","13":"product_tag-cloud9-bath-salts","14":"product_tag-diy-bath-salts","15":"product_tag-how-to-make-bath-salts","16":"product_tag-how-to-use-bath-salts","17":"product_tag-lavender-bath-salts","18":"product_tag-magnesium-bath-salts","19":"product_tag-people-on-bath-salts","20":"product_tag-smoking-bath-salts","21":"product_tag-vicks-bath-salts","22":"product_tag-what-are-bath-salts","23":"product_tag-what-are-bath-salts-drug","24":"product_tag-what-are-bath-salts-used-for","25":"product_tag-what-do-bath-salts-do","26":"product_tag-what-is-bath-salts","28":"first","29":"instock","30":"shipping-taxable","31":"purchasable","32":"product-type-variable"},"yoast_head":"<!-- This site is optimized with the Yoast SEO plugin v27.1.1 - https:\/\/yoast.com\/product\/yoast-seo-wordpress\/ -->\n<title>Cloud9 Bath Salts - wholesale supplier of research chemicals, 4mmc, 3mmc, MDPHP, Alpha PVP and more<\/title>\n<meta name=\"robots\" content=\"index, follow, max-snippet:-1, max-image-preview:large, max-video-preview:-1\" \/>\n<link rel=\"canonical\" href=\"https:\/\/frcs-research.com\/pl\/product\/cloud9-bath-salts\/\" \/>\n<meta property=\"og:locale\" content=\"pl_PL\" \/>\n<meta property=\"og:type\" content=\"article\" \/>\n<meta property=\"og:title\" content=\"Cloud9 Bath Salts - wholesale supplier of research chemicals, 4mmc, 3mmc, MDPHP, Alpha PVP and more\" \/>\n<meta property=\"og:description\" content=\"Cloud9 Bath Salts Cloud9 Bath Salts provides the highest-quality bathing products such as bath salts. bath salts provide you with a smooth, sensual bath that will leave you feeling cleansed.&hellip;&euro;160.00 &ndash; &euro;710.00Zakres cen: od &euro;160.00 do &euro;710.00Wybierz opcje  Ten produkt ma wiele wariant\u00f3w. Opcje mo\u017cna wybra\u0107 na stronie produktu\" \/>\n<meta property=\"og:url\" content=\"https:\/\/frcs-research.com\/pl\/product\/cloud9-bath-salts\/\" \/>\n<meta property=\"og:site_name\" content=\"wholesale supplier of research chemicals, 4mmc, 3mmc, MDPHP, Alpha PVP and more\" \/>\n<meta property=\"article:modified_time\" content=\"2026-04-20T08:43:01+00:00\" \/>\n<meta name=\"twitter:card\" content=\"summary_large_image\" \/>\n<meta name=\"twitter:label1\" content=\"Dost\u0119pno\u015b\u0107\" \/>\n\t<meta name=\"twitter:data1\" content=\"Dost\u0119pny\" \/>\n<script type=\"application\/ld+json\" class=\"yoast-schema-graph\">{\"@context\":\"https:\/\/schema.org\",\"@graph\":[{\"@type\":[\"WebPage\",\"ItemPage\"],\"@id\":\"https:\/\/frcs-research.com\/product\/cloud9-bath-salts\/\",\"url\":\"https:\/\/frcs-research.com\/product\/cloud9-bath-salts\/\",\"name\":\"Cloud9 Bath Salts - wholesale supplier of research chemicals, 4mmc, 3mmc, MDPHP, Alpha PVP and more\",\"isPartOf\":{\"@id\":\"https:\/\/frcs-research.com\/#website\"},\"primaryImageOfPage\":{\"@id\":\"https:\/\/frcs-research.com\/product\/cloud9-bath-salts\/#primaryimage\"},\"image\":{\"@id\":\"https:\/\/frcs-research.com\/product\/cloud9-bath-salts\/#primaryimage\"},\"thumbnailUrl\":\"https:\/\/frcs-research.com\/wp-content\/uploads\/2026\/01\/Cloud9-Bath-Salts.jpg\",\"datePublished\":\"2026-01-29T18:52:34+00:00\",\"dateModified\":\"2026-04-20T08:43:01+00:00\",\"breadcrumb\":{\"@id\":\"https:\/\/frcs-research.com\/product\/cloud9-bath-salts\/#breadcrumb\"},\"inLanguage\":\"pl-PL\",\"potentialAction\":[{\"@type\":\"ReadAction\",\"target\":[\"https:\/\/frcs-research.com\/product\/cloud9-bath-salts\/\"]}]},{\"@type\":\"ImageObject\",\"inLanguage\":\"pl-PL\",\"@id\":\"https:\/\/frcs-research.com\/product\/cloud9-bath-salts\/#primaryimage\",\"url\":\"https:\/\/frcs-research.com\/wp-content\/uploads\/2026\/01\/Cloud9-Bath-Salts.jpg\",\"contentUrl\":\"https:\/\/frcs-research.com\/wp-content\/uploads\/2026\/01\/Cloud9-Bath-Salts.jpg\",\"width\":500,\"height\":654},{\"@type\":\"BreadcrumbList\",\"@id\":\"https:\/\/frcs-research.com\/product\/cloud9-bath-salts\/#breadcrumb\",\"itemListElement\":[{\"@type\":\"ListItem\",\"position\":1,\"name\":\"Home\",\"item\":\"https:\/\/frcs-research.com\/\"},{\"@type\":\"ListItem\",\"position\":2,\"name\":\"Shop\",\"item\":\"https:\/\/frcs-research.com\/shop\/\"},{\"@type\":\"ListItem\",\"position\":3,\"name\":\"Cloud9 Bath Salts\"}]},{\"@type\":\"WebSite\",\"@id\":\"https:\/\/frcs-research.com\/#website\",\"url\":\"https:\/\/frcs-research.com\/\",\"name\":\"wholesale supplier of research chemicals, 4mmc, 3mmc, MDPHP, Alpha PVP and more\",\"description\":\"Wholesale research chemicals\",\"potentialAction\":[{\"@type\":\"SearchAction\",\"target\":{\"@type\":\"EntryPoint\",\"urlTemplate\":\"https:\/\/frcs-research.com\/?s={search_term_string}\"},\"query-input\":{\"@type\":\"PropertyValueSpecification\",\"valueRequired\":true,\"valueName\":\"search_term_string\"}}],\"inLanguage\":\"pl-PL\"}]}<\/script>\n<meta property=\"og:availability\" content=\"instock\" \/>\n<meta property=\"product:availability\" content=\"instock\" \/>\n<meta property=\"product:condition\" content=\"new\" \/>\n<!-- \/ Yoast SEO plugin. -->","yoast_head_json":{"title":"Cloud9 Bath Salts - wholesale supplier of research chemicals, 4mmc, 3mmc, MDPHP, Alpha PVP and more","robots":{"index":"index","follow":"follow","max-snippet":"max-snippet:-1","max-image-preview":"max-image-preview:large","max-video-preview":"max-video-preview:-1"},"canonical":"https:\/\/frcs-research.com\/pl\/product\/cloud9-bath-salts\/","og_locale":"pl_PL","og_type":"article","og_title":"Cloud9 Bath Salts - wholesale supplier of research chemicals, 4mmc, 3mmc, MDPHP, Alpha PVP and more","og_description":"Cloud9 Bath Salts Cloud9 Bath Salts provides the highest-quality bathing products such as bath salts. bath salts provide you with a smooth, sensual bath that will leave you feeling cleansed.&hellip;&euro;160.00 &ndash; &euro;710.00Zakres cen: od &euro;160.00 do &euro;710.00Wybierz opcje  Ten produkt ma wiele wariant\u00f3w. Opcje mo\u017cna wybra\u0107 na stronie produktu","og_url":"https:\/\/frcs-research.com\/pl\/product\/cloud9-bath-salts\/","og_site_name":"wholesale supplier of research chemicals, 4mmc, 3mmc, MDPHP, Alpha PVP and more","article_modified_time":"2026-04-20T08:43:01+00:00","twitter_card":"summary_large_image","twitter_misc":{"Dost\u0119pno\u015b\u0107":"Dost\u0119pny"},"schema":{"@context":"https:\/\/schema.org","@graph":[{"@type":["WebPage","ItemPage"],"@id":"https:\/\/frcs-research.com\/product\/cloud9-bath-salts\/","url":"https:\/\/frcs-research.com\/product\/cloud9-bath-salts\/","name":"Cloud9 Bath Salts - wholesale supplier of research chemicals, 4mmc, 3mmc, MDPHP, Alpha PVP and more","isPartOf":{"@id":"https:\/\/frcs-research.com\/#website"},"primaryImageOfPage":{"@id":"https:\/\/frcs-research.com\/product\/cloud9-bath-salts\/#primaryimage"},"image":{"@id":"https:\/\/frcs-research.com\/product\/cloud9-bath-salts\/#primaryimage"},"thumbnailUrl":"https:\/\/frcs-research.com\/wp-content\/uploads\/2026\/01\/Cloud9-Bath-Salts.jpg","datePublished":"2026-01-29T18:52:34+00:00","dateModified":"2026-04-20T08:43:01+00:00","breadcrumb":{"@id":"https:\/\/frcs-research.com\/product\/cloud9-bath-salts\/#breadcrumb"},"inLanguage":"pl-PL","potentialAction":[{"@type":"ReadAction","target":["https:\/\/frcs-research.com\/product\/cloud9-bath-salts\/"]}]},{"@type":"ImageObject","inLanguage":"pl-PL","@id":"https:\/\/frcs-research.com\/product\/cloud9-bath-salts\/#primaryimage","url":"https:\/\/frcs-research.com\/wp-content\/uploads\/2026\/01\/Cloud9-Bath-Salts.jpg","contentUrl":"https:\/\/frcs-research.com\/wp-content\/uploads\/2026\/01\/Cloud9-Bath-Salts.jpg","width":500,"height":654},{"@type":"BreadcrumbList","@id":"https:\/\/frcs-research.com\/product\/cloud9-bath-salts\/#breadcrumb","itemListElement":[{"@type":"ListItem","position":1,"name":"Home","item":"https:\/\/frcs-research.com\/"},{"@type":"ListItem","position":2,"name":"Shop","item":"https:\/\/frcs-research.com\/shop\/"},{"@type":"ListItem","position":3,"name":"Cloud9 Bath Salts"}]},{"@type":"WebSite","@id":"https:\/\/frcs-research.com\/#website","url":"https:\/\/frcs-research.com\/","name":"hurtowy dostawca chemikali\u00f3w badawczych, 4mmc, 3mmc, MDPHP, Alpha PVP i innych","description":"Hurtowa sprzeda\u017c chemikali\u00f3w badawczych","potentialAction":[{"@type":"SearchAction","target":{"@type":"EntryPoint","urlTemplate":"https:\/\/frcs-research.com\/?s={search_term_string}"},"query-input":{"@type":"PropertyValueSpecification","valueRequired":true,"valueName":"search_term_string"}}],"inLanguage":"pl-PL"}]},"og_availability":"instock","product_availability":"instock","product_condition":"new"},"uagb_featured_image_src":{"full":["https:\/\/frcs-research.com\/wp-content\/uploads\/2026\/01\/Cloud9-Bath-Salts.jpg",500,654,false],"thumbnail":["https:\/\/frcs-research.com\/wp-content\/uploads\/2026\/01\/Cloud9-Bath-Salts-150x150.jpg",150,150,true],"medium":["https:\/\/frcs-research.com\/wp-content\/uploads\/2026\/01\/Cloud9-Bath-Salts-229x300.jpg",229,300,true],"medium_large":["https:\/\/frcs-research.com\/wp-content\/uploads\/2026\/01\/Cloud9-Bath-Salts.jpg",500,654,false],"large":["https:\/\/frcs-research.com\/wp-content\/uploads\/2026\/01\/Cloud9-Bath-Salts.jpg",500,654,false],"1536x1536":["https:\/\/frcs-research.com\/wp-content\/uploads\/2026\/01\/Cloud9-Bath-Salts.jpg",500,654,false],"2048x2048":["https:\/\/frcs-research.com\/wp-content\/uploads\/2026\/01\/Cloud9-Bath-Salts.jpg",500,654,false],"trp-custom-language-flag":["https:\/\/frcs-research.com\/wp-content\/uploads\/2026\/01\/Cloud9-Bath-Salts-9x12.jpg",9,12,true],"post-thumbnail":["https:\/\/frcs-research.com\/wp-content\/uploads\/2026\/01\/Cloud9-Bath-Salts-474x620.jpg",474,620,true],"elite-commerce-slider":["https:\/\/frcs-research.com\/wp-content\/uploads\/2026\/01\/Cloud9-Bath-Salts.jpg",500,654,false],"elite-commerce-hero":["https:\/\/frcs-research.com\/wp-content\/uploads\/2026\/01\/Cloud9-Bath-Salts-497x650.jpg",497,650,true],"elite-commerce-portfolio":["https:\/\/frcs-research.com\/wp-content\/uploads\/2026\/01\/Cloud9-Bath-Salts-344x450.jpg",344,450,true],"woocommerce_thumbnail":["https:\/\/frcs-research.com\/wp-content\/uploads\/2026\/01\/Cloud9-Bath-Salts-300x300.jpg",300,300,true],"woocommerce_single":["https:\/\/frcs-research.com\/wp-content\/uploads\/2026\/01\/Cloud9-Bath-Salts.jpg",500,654,false],"woocommerce_gallery_thumbnail":["https:\/\/frcs-research.com\/wp-content\/uploads\/2026\/01\/Cloud9-Bath-Salts-100x100.jpg",100,100,true]},"uagb_author_info":{"display_name":"Richard Wood","author_link":"https:\/\/frcs-research.com\/pl\/author\/"},"uagb_comment_info":107,"uagb_excerpt":"Cloud9 Bath Salts Cloud9 Bath Salts provides the highest-quality bathing products such as bath salts. bath salts provide you with a smooth, sensual bath that will leave you feeling cleansed.&hellip;&euro;160.00 &ndash; &euro;710.00Zakres cen: od &euro;160.00 do &euro;710.00Wybierz opcje Ten produkt ma wiele wariant\u00f3w. Opcje mo\u017cna wybra\u0107 na stronie produktu","_links":{"self":[{"href":"https:\/\/frcs-research.com\/pl\/wp-json\/wp\/v2\/product\/1122","targetHints":{"allow":["GET"]}}],"collection":[{"href":"https:\/\/frcs-research.com\/pl\/wp-json\/wp\/v2\/product"}],"about":[{"href":"https:\/\/frcs-research.com\/pl\/wp-json\/wp\/v2\/types\/product"}],"replies":[{"embeddable":true,"href":"https:\/\/frcs-research.com\/pl\/wp-json\/wp\/v2\/comments?post=1122"}],"wp:featuredmedia":[{"embeddable":true,"href":"https:\/\/frcs-research.com\/pl\/wp-json\/wp\/v2\/media\/1138"}],"wp:attachment":[{"href":"https:\/\/frcs-research.com\/pl\/wp-json\/wp\/v2\/media?parent=1122"}],"wp:term":[{"taxonomy":"product_brand","embeddable":true,"href":"https:\/\/frcs-research.com\/pl\/wp-json\/wp\/v2\/product_brand?post=1122"},{"taxonomy":"product_cat","embeddable":true,"href":"https:\/\/frcs-research.com\/pl\/wp-json\/wp\/v2\/product_cat?post=1122"},{"taxonomy":"product_tag","embeddable":true,"href":"https:\/\/frcs-research.com\/pl\/wp-json\/wp\/v2\/product_tag?post=1122"}],"curies":[{"name":"wp","href":"https:\/\/api.w.org\/{rel}","templated":true}]}}