{"id":1213,"date":"2026-01-29T18:53:28","date_gmt":"2026-01-29T18:53:28","guid":{"rendered":"https:\/\/frcs-research.com\/?post_type=product&#038;p=1213"},"modified":"2026-04-19T12:42:22","modified_gmt":"2026-04-19T12:42:22","slug":"nembutal-powder","status":"publish","type":"product","link":"https:\/\/frcs-research.com\/pl\/product\/nembutal-powder\/","title":{"rendered":"Nembutal Powder"},"content":{"rendered":"<div class=\"woocommerce-product-details__short-description\">\n<div class=\"woocommerce-product-details__short-description\">\n<div class=\"woocommerce-product-details__short-description\">\n<div class=\"woocommerce-product-details__short-description\">\n<h3 style=\"text-align: center\"><strong>Nembutal Powder<\/strong><\/h3>\n<p>Nembutal Powder is in a group of drugs called barbiturates (bar-BIT-chur-ates). Pentobarbital slows the activity of your brain and nervous system. It is also used by itself, or in combination with complementary agents such as phenytoin, in commercial animal euthanasia injectable solutions, physician-assisted suicide is to provide 9 grams of pentobarbital sodium along with sugar syrup in a 20% ethanol solution for self-administration by the patient. This may be habit-forming and should be used only by the person it was prescribed for. It should never be shared with another person, especially someone who has a history of drug abuse or addiction<a href=\"https:\/\/wholemeltextractsonline.com\/shop\/\">.<\/a><\/p>\n<\/p><\/div>\n<p>It is also used as an emergency treatment for seizures, and to cause you to fall asleep for surgery. Nembutal Powder may also be used for other purposes not listed in this medication guide, can induce death when used in high <a href=\"https:\/\/researchchemicalshop.com\/shop\/\">doses<\/a>. It is used for euthanasia for humans as well as animals. Keep the medication in a secure place where others cannot get to it. Be careful if you drive or do anything that requires you to be awake and alert. It can cause side effects that may impair your thinking or reactions.<\/p>\n<p>Pentobarbital can make birth control pills less effective. Avoid drinking alcohol. Alcohol can also add to sleepiness caused by pentobarbital. \u00a0Ask your doctor about using a non-hormone method of birth control (such as a condom, diaphragm, spermicide) to prevent while using pentobarbital.<\/p>\n<\/p><\/div>\n<\/p><\/div>\n<\/p><\/div>","protected":false},"excerpt":{"rendered":"<p>Nembutal Powder Nembutal Powder is in a group of drugs called barbiturates (bar-BIT-chur-ates). Pentobarbital slows the activity of your brain and nervous system. It is also used by itself, or&hellip;<\/p>\n<p class=\"product woocommerce add_to_cart_inline\" style=\"border:4px solid #ccc; padding: 12px;\"><span class=\"woocommerce-Price-amount amount\" aria-hidden=\"true\"><bdi><span class=\"woocommerce-Price-currencySymbol\">&euro;<\/span>150.00<\/bdi><\/span> <span aria-hidden=\"true\">&ndash;<\/span> <span class=\"woocommerce-Price-amount amount\" aria-hidden=\"true\"><bdi><span class=\"woocommerce-Price-currencySymbol\">&euro;<\/span>2,500.00<\/bdi><\/span><span class=\"screen-reader-text\" data-no-translation=\"\" data-trp-gettext=\"\">Zakres cen: od &euro;150.00 do &euro;2,500.00<\/span><a href=\"https:\/\/frcs-research.com\/pl\/product\/nembutal-powder\/\" aria-describedby=\"woocommerce_loop_add_to_cart_link_describedby_1213\" data-quantity=\"1\" class=\"button product_type_variable add_to_cart_button\" data-product_id=\"1213\" data-product_sku=\"\" aria-label=\"Wybierz opcje dla \u201eNembutal Powder\u201d\" rel=\"nofollow\" data-no-translation=\"\" data-trp-gettext=\"\" data-no-translation-aria-label=\"\">Wybierz opcje<\/a>\t<span id=\"woocommerce_loop_add_to_cart_link_describedby_1213\" class=\"screen-reader-text\"><br \/>\n\t\tTen produkt ma wiele wariant\u00f3w. Opcje mo\u017cna wybra\u0107 na stronie produktu\t<\/span><\/p>","protected":false},"featured_media":1241,"comment_status":"closed","ping_status":"closed","template":"","meta":{"_uag_custom_page_level_css":""},"product_brand":[],"product_cat":[25],"product_tag":[397,578,579,580,581,582,400,401,402,583,403,404,584,405,406,585,421,586,587,588,589,590,591,592,593,594,595,422,596,597,424,598,599,600,425,426,427,428,429,430,431,432,433,434,435,436,437,438,439,440,441,442,443,444,445,601,446,447,449,450,451,452,453,602,456,603],"class_list":{"0":"post-1213","1":"product","2":"type-product","3":"status-publish","4":"has-post-thumbnail","6":"product_cat-synthetic-cannabinoids","7":"product_tag-2c-research-chemical","8":"product_tag-buy-chinese-nembutal-powder","9":"product_tag-buy-nembutal-powder-25g-online","10":"product_tag-buy-nembutal-powder-online","11":"product_tag-buy-nembutal-powder-online-usa","12":"product_tag-buy-nembutal-powder-uk","13":"product_tag-buy-research-chemical","14":"product_tag-buy-research-chemicals","15":"product_tag-buy-research-chemicals-online","16":"product_tag-buying-nembutal-powder","17":"product_tag-cabergoline-research-chemical","18":"product_tag-canadian-research-chemicals","19":"product_tag-dilaudid","20":"product_tag-domestic-research-chemicals","21":"product_tag-enclomiphene-research-chemical","22":"product_tag-heroine","23":"product_tag-legal-research-chemicals","24":"product_tag-methadone","25":"product_tag-nembutal-powder","26":"product_tag-nembutal-powder-for-sale","27":"product_tag-nembutal-powder-near-me","28":"product_tag-nembutal-powder-online","29":"product_tag-nembutal-powder-online-buy","30":"product_tag-nembutal-powder-price","31":"product_tag-nembutal-powder-shelf-life","32":"product_tag-norco","33":"product_tag-opana","34":"product_tag-opioid-research-chemicals","35":"product_tag-order-nembutal-powder-canada","36":"product_tag-order-nembutal-powder-ireland","37":"product_tag-order-research-chemicals","38":"product_tag-oxycodone-30mg-pill-nembutal-powder-apvp-5-meo-dmt","39":"product_tag-percocet","40":"product_tag-pure-nembutal-powder-online","41":"product_tag-quality-research-chemicals","42":"product_tag-reddit-research-chemicals","43":"product_tag-research-chemical","44":"product_tag-research-chemical-drugs","45":"product_tag-research-chemical-forum","46":"product_tag-research-chemical-opiates","47":"product_tag-research-chemical-reddit","48":"product_tag-research-chemical-shop","49":"product_tag-research-chemical-sources","50":"product_tag-research-chemical-store","51":"product_tag-research-chemical-supply","52":"product_tag-research-chemical-vendor-usa","53":"product_tag-research-chemical-vendors","54":"product_tag-research-chemical-vendors-reddit","55":"product_tag-research-chemicals","56":"product_tag-research-chemicals-for-sale","57":"product_tag-research-chemicals-kopen","58":"product_tag-research-chemicals-online","59":"product_tag-research-chemicals-reddit","60":"product_tag-research-chemicals-sale","61":"product_tag-research-chemicals-store","62":"product_tag-ritalin","63":"product_tag-semaglutide-research-chemical","64":"product_tag-sunnyside-research-chemicals","65":"product_tag-tadalafil-research-chemical","66":"product_tag-tirzepatide-research-chemical","67":"product_tag-tirzepatide-research-chemical-for-sale","68":"product_tag-toronto-research-chemicals","69":"product_tag-what-are-research-chemicals","70":"product_tag-where-to-buy-nembutal-powder","71":"product_tag-where-to-buy-research-chemicals","72":"product_tag-xanax","74":"first","75":"instock","76":"shipping-taxable","77":"purchasable","78":"product-type-variable"},"yoast_head":"<!-- This site is optimized with the Yoast SEO plugin v27.1.1 - https:\/\/yoast.com\/product\/yoast-seo-wordpress\/ -->\n<title>Nembutal Powder - wholesale supplier of research chemicals, 4mmc, 3mmc, MDPHP, Alpha PVP and more<\/title>\n<meta name=\"robots\" content=\"index, follow, max-snippet:-1, max-image-preview:large, max-video-preview:-1\" \/>\n<link rel=\"canonical\" href=\"https:\/\/frcs-research.com\/pl\/product\/nembutal-powder\/\" \/>\n<meta property=\"og:locale\" content=\"pl_PL\" \/>\n<meta property=\"og:type\" content=\"article\" \/>\n<meta property=\"og:title\" content=\"Nembutal Powder - wholesale supplier of research chemicals, 4mmc, 3mmc, MDPHP, Alpha PVP and more\" \/>\n<meta property=\"og:description\" content=\"Nembutal Powder Nembutal Powder is in a group of drugs called barbiturates (bar-BIT-chur-ates). Pentobarbital slows the activity of your brain and nervous system. It is also used by itself, or&hellip;&euro;150.00 &ndash; &euro;2,500.00Zakres cen: od &euro;150.00 do &euro;2,500.00Wybierz opcje  Ten produkt ma wiele wariant\u00f3w. Opcje mo\u017cna wybra\u0107 na stronie produktu\" \/>\n<meta property=\"og:url\" content=\"https:\/\/frcs-research.com\/pl\/product\/nembutal-powder\/\" \/>\n<meta property=\"og:site_name\" content=\"wholesale supplier of research chemicals, 4mmc, 3mmc, MDPHP, Alpha PVP and more\" \/>\n<meta property=\"article:modified_time\" content=\"2026-04-19T12:42:22+00:00\" \/>\n<meta name=\"twitter:card\" content=\"summary_large_image\" \/>\n<meta name=\"twitter:label1\" content=\"Dost\u0119pno\u015b\u0107\" \/>\n\t<meta name=\"twitter:data1\" content=\"Dost\u0119pny\" \/>\n<script type=\"application\/ld+json\" class=\"yoast-schema-graph\">{\"@context\":\"https:\/\/schema.org\",\"@graph\":[{\"@type\":[\"WebPage\",\"ItemPage\"],\"@id\":\"https:\/\/frcs-research.com\/product\/nembutal-powder\/\",\"url\":\"https:\/\/frcs-research.com\/product\/nembutal-powder\/\",\"name\":\"Nembutal Powder - wholesale supplier of research chemicals, 4mmc, 3mmc, MDPHP, Alpha PVP and more\",\"isPartOf\":{\"@id\":\"https:\/\/frcs-research.com\/#website\"},\"primaryImageOfPage\":{\"@id\":\"https:\/\/frcs-research.com\/product\/nembutal-powder\/#primaryimage\"},\"image\":{\"@id\":\"https:\/\/frcs-research.com\/product\/nembutal-powder\/#primaryimage\"},\"thumbnailUrl\":\"https:\/\/frcs-research.com\/wp-content\/uploads\/2026\/01\/Nembutal-Powder.jpg\",\"datePublished\":\"2026-01-29T18:53:28+00:00\",\"dateModified\":\"2026-04-19T12:42:22+00:00\",\"breadcrumb\":{\"@id\":\"https:\/\/frcs-research.com\/product\/nembutal-powder\/#breadcrumb\"},\"inLanguage\":\"pl-PL\",\"potentialAction\":[{\"@type\":\"ReadAction\",\"target\":[\"https:\/\/frcs-research.com\/product\/nembutal-powder\/\"]}]},{\"@type\":\"ImageObject\",\"inLanguage\":\"pl-PL\",\"@id\":\"https:\/\/frcs-research.com\/product\/nembutal-powder\/#primaryimage\",\"url\":\"https:\/\/frcs-research.com\/wp-content\/uploads\/2026\/01\/Nembutal-Powder.jpg\",\"contentUrl\":\"https:\/\/frcs-research.com\/wp-content\/uploads\/2026\/01\/Nembutal-Powder.jpg\",\"width\":600,\"height\":350},{\"@type\":\"BreadcrumbList\",\"@id\":\"https:\/\/frcs-research.com\/product\/nembutal-powder\/#breadcrumb\",\"itemListElement\":[{\"@type\":\"ListItem\",\"position\":1,\"name\":\"Home\",\"item\":\"https:\/\/frcs-research.com\/\"},{\"@type\":\"ListItem\",\"position\":2,\"name\":\"Shop\",\"item\":\"https:\/\/frcs-research.com\/shop\/\"},{\"@type\":\"ListItem\",\"position\":3,\"name\":\"Nembutal Powder\"}]},{\"@type\":\"WebSite\",\"@id\":\"https:\/\/frcs-research.com\/#website\",\"url\":\"https:\/\/frcs-research.com\/\",\"name\":\"wholesale supplier of research chemicals, 4mmc, 3mmc, MDPHP, Alpha PVP and more\",\"description\":\"Wholesale research chemicals\",\"potentialAction\":[{\"@type\":\"SearchAction\",\"target\":{\"@type\":\"EntryPoint\",\"urlTemplate\":\"https:\/\/frcs-research.com\/?s={search_term_string}\"},\"query-input\":{\"@type\":\"PropertyValueSpecification\",\"valueRequired\":true,\"valueName\":\"search_term_string\"}}],\"inLanguage\":\"pl-PL\"}]}<\/script>\n<meta property=\"og:availability\" content=\"instock\" \/>\n<meta property=\"product:availability\" content=\"instock\" \/>\n<meta property=\"product:condition\" content=\"new\" \/>\n<!-- \/ Yoast SEO plugin. -->","yoast_head_json":{"title":"Nembutal Powder - wholesale supplier of research chemicals, 4mmc, 3mmc, MDPHP, Alpha PVP and more","robots":{"index":"index","follow":"follow","max-snippet":"max-snippet:-1","max-image-preview":"max-image-preview:large","max-video-preview":"max-video-preview:-1"},"canonical":"https:\/\/frcs-research.com\/pl\/product\/nembutal-powder\/","og_locale":"pl_PL","og_type":"article","og_title":"Nembutal Powder - wholesale supplier of research chemicals, 4mmc, 3mmc, MDPHP, Alpha PVP and more","og_description":"Nembutal Powder Nembutal Powder is in a group of drugs called barbiturates (bar-BIT-chur-ates). Pentobarbital slows the activity of your brain and nervous system. It is also used by itself, or&hellip;&euro;150.00 &ndash; &euro;2,500.00Zakres cen: od &euro;150.00 do &euro;2,500.00Wybierz opcje  Ten produkt ma wiele wariant\u00f3w. Opcje mo\u017cna wybra\u0107 na stronie produktu","og_url":"https:\/\/frcs-research.com\/pl\/product\/nembutal-powder\/","og_site_name":"wholesale supplier of research chemicals, 4mmc, 3mmc, MDPHP, Alpha PVP and more","article_modified_time":"2026-04-19T12:42:22+00:00","twitter_card":"summary_large_image","twitter_misc":{"Dost\u0119pno\u015b\u0107":"Dost\u0119pny"},"schema":{"@context":"https:\/\/schema.org","@graph":[{"@type":["WebPage","ItemPage"],"@id":"https:\/\/frcs-research.com\/product\/nembutal-powder\/","url":"https:\/\/frcs-research.com\/product\/nembutal-powder\/","name":"Nembutal Powder - wholesale supplier of research chemicals, 4mmc, 3mmc, MDPHP, Alpha PVP and more","isPartOf":{"@id":"https:\/\/frcs-research.com\/#website"},"primaryImageOfPage":{"@id":"https:\/\/frcs-research.com\/product\/nembutal-powder\/#primaryimage"},"image":{"@id":"https:\/\/frcs-research.com\/product\/nembutal-powder\/#primaryimage"},"thumbnailUrl":"https:\/\/frcs-research.com\/wp-content\/uploads\/2026\/01\/Nembutal-Powder.jpg","datePublished":"2026-01-29T18:53:28+00:00","dateModified":"2026-04-19T12:42:22+00:00","breadcrumb":{"@id":"https:\/\/frcs-research.com\/product\/nembutal-powder\/#breadcrumb"},"inLanguage":"pl-PL","potentialAction":[{"@type":"ReadAction","target":["https:\/\/frcs-research.com\/product\/nembutal-powder\/"]}]},{"@type":"ImageObject","inLanguage":"pl-PL","@id":"https:\/\/frcs-research.com\/product\/nembutal-powder\/#primaryimage","url":"https:\/\/frcs-research.com\/wp-content\/uploads\/2026\/01\/Nembutal-Powder.jpg","contentUrl":"https:\/\/frcs-research.com\/wp-content\/uploads\/2026\/01\/Nembutal-Powder.jpg","width":600,"height":350},{"@type":"BreadcrumbList","@id":"https:\/\/frcs-research.com\/product\/nembutal-powder\/#breadcrumb","itemListElement":[{"@type":"ListItem","position":1,"name":"Home","item":"https:\/\/frcs-research.com\/"},{"@type":"ListItem","position":2,"name":"Shop","item":"https:\/\/frcs-research.com\/shop\/"},{"@type":"ListItem","position":3,"name":"Nembutal Powder"}]},{"@type":"WebSite","@id":"https:\/\/frcs-research.com\/#website","url":"https:\/\/frcs-research.com\/","name":"hurtowy dostawca chemikali\u00f3w badawczych, 4mmc, 3mmc, MDPHP, Alpha PVP i innych","description":"Hurtowa sprzeda\u017c chemikali\u00f3w badawczych","potentialAction":[{"@type":"SearchAction","target":{"@type":"EntryPoint","urlTemplate":"https:\/\/frcs-research.com\/?s={search_term_string}"},"query-input":{"@type":"PropertyValueSpecification","valueRequired":true,"valueName":"search_term_string"}}],"inLanguage":"pl-PL"}]},"og_availability":"instock","product_availability":"instock","product_condition":"new"},"uagb_featured_image_src":{"full":["https:\/\/frcs-research.com\/wp-content\/uploads\/2026\/01\/Nembutal-Powder.jpg",600,350,false],"thumbnail":["https:\/\/frcs-research.com\/wp-content\/uploads\/2026\/01\/Nembutal-Powder-150x150.jpg",150,150,true],"medium":["https:\/\/frcs-research.com\/wp-content\/uploads\/2026\/01\/Nembutal-Powder-300x175.jpg",300,175,true],"medium_large":["https:\/\/frcs-research.com\/wp-content\/uploads\/2026\/01\/Nembutal-Powder.jpg",600,350,false],"large":["https:\/\/frcs-research.com\/wp-content\/uploads\/2026\/01\/Nembutal-Powder.jpg",600,350,false],"1536x1536":["https:\/\/frcs-research.com\/wp-content\/uploads\/2026\/01\/Nembutal-Powder.jpg",600,350,false],"2048x2048":["https:\/\/frcs-research.com\/wp-content\/uploads\/2026\/01\/Nembutal-Powder.jpg",600,350,false],"trp-custom-language-flag":["https:\/\/frcs-research.com\/wp-content\/uploads\/2026\/01\/Nembutal-Powder-18x12.jpg",18,12,true],"post-thumbnail":["https:\/\/frcs-research.com\/wp-content\/uploads\/2026\/01\/Nembutal-Powder.jpg",600,350,false],"elite-commerce-slider":["https:\/\/frcs-research.com\/wp-content\/uploads\/2026\/01\/Nembutal-Powder.jpg",600,350,false],"elite-commerce-hero":["https:\/\/frcs-research.com\/wp-content\/uploads\/2026\/01\/Nembutal-Powder.jpg",600,350,false],"elite-commerce-portfolio":["https:\/\/frcs-research.com\/wp-content\/uploads\/2026\/01\/Nembutal-Powder-400x233.jpg",400,233,true],"woocommerce_thumbnail":["https:\/\/frcs-research.com\/wp-content\/uploads\/2026\/01\/Nembutal-Powder-300x300.jpg",300,300,true],"woocommerce_single":["https:\/\/frcs-research.com\/wp-content\/uploads\/2026\/01\/Nembutal-Powder.jpg",600,350,false],"woocommerce_gallery_thumbnail":["https:\/\/frcs-research.com\/wp-content\/uploads\/2026\/01\/Nembutal-Powder-100x100.jpg",100,100,true]},"uagb_author_info":{"display_name":"Richard Wood","author_link":"https:\/\/frcs-research.com\/pl\/author\/"},"uagb_comment_info":103,"uagb_excerpt":"Nembutal Powder Nembutal Powder is in a group of drugs called barbiturates (bar-BIT-chur-ates). Pentobarbital slows the activity of your brain and nervous system. It is also used by itself, or&hellip;&euro;150.00 &ndash; &euro;2,500.00Zakres cen: od &euro;150.00 do &euro;2,500.00Wybierz opcje Ten produkt ma wiele wariant\u00f3w. Opcje mo\u017cna wybra\u0107 na stronie produktu","_links":{"self":[{"href":"https:\/\/frcs-research.com\/pl\/wp-json\/wp\/v2\/product\/1213","targetHints":{"allow":["GET"]}}],"collection":[{"href":"https:\/\/frcs-research.com\/pl\/wp-json\/wp\/v2\/product"}],"about":[{"href":"https:\/\/frcs-research.com\/pl\/wp-json\/wp\/v2\/types\/product"}],"replies":[{"embeddable":true,"href":"https:\/\/frcs-research.com\/pl\/wp-json\/wp\/v2\/comments?post=1213"}],"wp:featuredmedia":[{"embeddable":true,"href":"https:\/\/frcs-research.com\/pl\/wp-json\/wp\/v2\/media\/1241"}],"wp:attachment":[{"href":"https:\/\/frcs-research.com\/pl\/wp-json\/wp\/v2\/media?parent=1213"}],"wp:term":[{"taxonomy":"product_brand","embeddable":true,"href":"https:\/\/frcs-research.com\/pl\/wp-json\/wp\/v2\/product_brand?post=1213"},{"taxonomy":"product_cat","embeddable":true,"href":"https:\/\/frcs-research.com\/pl\/wp-json\/wp\/v2\/product_cat?post=1213"},{"taxonomy":"product_tag","embeddable":true,"href":"https:\/\/frcs-research.com\/pl\/wp-json\/wp\/v2\/product_tag?post=1213"}],"curies":[{"name":"wp","href":"https:\/\/api.w.org\/{rel}","templated":true}]}}