{"id":1506,"date":"2026-01-29T18:55:39","date_gmt":"2026-01-29T18:55:39","guid":{"rendered":"https:\/\/frcs-research.com\/?post_type=product&#038;p=1506"},"modified":"2026-04-04T17:52:29","modified_gmt":"2026-04-04T17:52:29","slug":"25c-nbome","status":"publish","type":"product","link":"https:\/\/frcs-research.com\/pl\/product\/25c-nbome\/","title":{"rendered":"25C-NBOME"},"content":{"rendered":"<h3 style=\"text-align: center\"><strong>25C-NBOME<\/strong><\/h3>\n<p>25C-NBOME belongs to phenethylamine and amphetamine chemical classes and has the molecular formula C18H22ClNO3 \u2022 HCl. The formula weight has the value 372.3 g\/mol . The toxicological and physiological properties of 25C-NBOMe are not known. 2-(4-chloro-2,5-dimethoxyphenyl)-N-(2-methoxybenzyl)ethanamine, monohydrochloride\u00a0and all other designer drugs sold on this website are intended for research and forensic applications<a href=\"https:\/\/420cannabisonline-shop.com\/shop\/\">.<\/a><\/p>\n<h2>How To Buy 25C-NBOME Online?<\/h2>\n<p>We offers you the possibility to get it online without hassles or awkwardness. We work endlessly to make sure you save money every time you order online from our research chemicals <a href=\"https:\/\/researchchemicalshop.com\/shop\/\">sklep<\/a>. Our goal is to make our clients pay less and get more.<\/p>\n<h3>Additional Information<\/h3>\n<table class=\"shop_attributes\">\n<tbody>\n<tr>\n<th>Synonyms<\/th>\n<td>2C-C-NBOMe ; NBOMe-2C-C ; Cimbi-82 ; Pandora ; Dime ; Vortex<\/td>\n<\/tr>\n<tr>\n<th>IUPAC<\/th>\n<td>2-\u200b(4-\u200bchloro-\u200b2,\u200b5-\u200bdimethoxyphenyl)-\u200bN-\u200b(2-\u200bmethoxybenzyl)ethanamine,\u200b monohydrochloride<\/td>\n<\/tr>\n<tr>\n<th>Formula<\/th>\n<td>C18H22ClNO3 \u2022 HCl<\/td>\n<\/tr>\n<tr>\n<th>Molecular weight<\/th>\n<td>372.3<\/td>\n<\/tr>\n<tr>\n<th>CAS<\/th>\n<td>1227608-02-7<\/td>\n<\/tr>\n<tr>\n<th>Wygl\u0105d<\/th>\n<td>white powder<\/td>\n<\/tr>\n<tr>\n<th>Purity<\/th>\n<td>\u226598%<\/td>\n<\/tr>\n<\/tbody>\n<\/table>","protected":false},"excerpt":{"rendered":"<p>25C-NBOME 25C-NBOME belongs to phenethylamine and amphetamine chemical classes and has the molecular formula C18H22ClNO3 \u2022 HCl. The formula weight has the value 372.3 g\/mol . The toxicological and physiological&hellip;<\/p>\n<p class=\"product woocommerce add_to_cart_inline\" style=\"border:4px solid #ccc; padding: 12px;\"><span class=\"woocommerce-Price-amount amount\" aria-hidden=\"true\"><bdi><span class=\"woocommerce-Price-currencySymbol\">&euro;<\/span>160.00<\/bdi><\/span> <span aria-hidden=\"true\">&ndash;<\/span> <span class=\"woocommerce-Price-amount amount\" aria-hidden=\"true\"><bdi><span class=\"woocommerce-Price-currencySymbol\">&euro;<\/span>2,550.00<\/bdi><\/span><span class=\"screen-reader-text\" data-no-translation=\"\" data-trp-gettext=\"\">Zakres cen: od &euro;160.00 do &euro;2,550.00<\/span><a href=\"https:\/\/frcs-research.com\/pl\/product\/25c-nbome\/\" aria-describedby=\"woocommerce_loop_add_to_cart_link_describedby_1506\" data-quantity=\"1\" class=\"button product_type_variable add_to_cart_button\" data-product_id=\"1506\" data-product_sku=\"\" aria-label=\"Wybierz opcje dla \u201e25C-NBOME\u201d\" rel=\"nofollow\" data-no-translation=\"\" data-trp-gettext=\"\" data-no-translation-aria-label=\"\">Wybierz opcje<\/a>\t<span id=\"woocommerce_loop_add_to_cart_link_describedby_1506\" class=\"screen-reader-text\"><br \/>\n\t\tTen produkt ma wiele wariant\u00f3w. Opcje mo\u017cna wybra\u0107 na stronie produktu\t<\/span><\/p>","protected":false},"featured_media":1512,"comment_status":"closed","ping_status":"closed","template":"","meta":{"_uag_custom_page_level_css":""},"product_brand":[],"product_cat":[25],"product_tag":[1167,1168,1169,1170,1171,1172,1173,1174,1175,1176,397,1177,400,401,402,403,404,405,406,421,422,424,425,426,427,428,429,430,431,432,433,434,435,436,437,438,439,440,441,442,443,444,445,446,447,449,450,451,452,453,456],"class_list":{"0":"post-1506","1":"product","2":"type-product","3":"status-publish","4":"has-post-thumbnail","6":"product_cat-synthetic-cannabinoids","7":"product_tag-25c-nbome","8":"product_tag-25c-nbome-buy-online","9":"product_tag-25c-nbome-death","10":"product_tag-25c-nbome-dosage","11":"product_tag-25c-nbome-effects","12":"product_tag-25c-nbome-erowid","13":"product_tag-25c-nbome-legal-status-us","14":"product_tag-25c-nbome-vendor","15":"product_tag-25c-nbome-vs-25i","16":"product_tag-25c-nbome-vs-acid","17":"product_tag-2c-research-chemical","18":"product_tag-buy-25c-nbome","19":"product_tag-buy-research-chemical","20":"product_tag-buy-research-chemicals","21":"product_tag-buy-research-chemicals-online","22":"product_tag-cabergoline-research-chemical","23":"product_tag-canadian-research-chemicals","24":"product_tag-domestic-research-chemicals","25":"product_tag-enclomiphene-research-chemical","26":"product_tag-legal-research-chemicals","27":"product_tag-opioid-research-chemicals","28":"product_tag-order-research-chemicals","29":"product_tag-quality-research-chemicals","30":"product_tag-reddit-research-chemicals","31":"product_tag-research-chemical","32":"product_tag-research-chemical-drugs","33":"product_tag-research-chemical-forum","34":"product_tag-research-chemical-opiates","35":"product_tag-research-chemical-reddit","36":"product_tag-research-chemical-shop","37":"product_tag-research-chemical-sources","38":"product_tag-research-chemical-store","39":"product_tag-research-chemical-supply","40":"product_tag-research-chemical-vendor-usa","41":"product_tag-research-chemical-vendors","42":"product_tag-research-chemical-vendors-reddit","43":"product_tag-research-chemicals","44":"product_tag-research-chemicals-for-sale","45":"product_tag-research-chemicals-kopen","46":"product_tag-research-chemicals-online","47":"product_tag-research-chemicals-reddit","48":"product_tag-research-chemicals-sale","49":"product_tag-research-chemicals-store","50":"product_tag-semaglutide-research-chemical","51":"product_tag-sunnyside-research-chemicals","52":"product_tag-tadalafil-research-chemical","53":"product_tag-tirzepatide-research-chemical","54":"product_tag-tirzepatide-research-chemical-for-sale","55":"product_tag-toronto-research-chemicals","56":"product_tag-what-are-research-chemicals","57":"product_tag-where-to-buy-research-chemicals","59":"first","60":"instock","61":"shipping-taxable","62":"purchasable","63":"product-type-variable"},"yoast_head":"<!-- This site is optimized with the Yoast SEO plugin v27.1.1 - https:\/\/yoast.com\/product\/yoast-seo-wordpress\/ -->\n<title>25C-NBOME - wholesale supplier of research chemicals, 4mmc, 3mmc, MDPHP, Alpha PVP and more<\/title>\n<meta name=\"robots\" content=\"index, follow, max-snippet:-1, max-image-preview:large, max-video-preview:-1\" \/>\n<link rel=\"canonical\" href=\"https:\/\/frcs-research.com\/pl\/product\/25c-nbome\/\" \/>\n<meta property=\"og:locale\" content=\"pl_PL\" \/>\n<meta property=\"og:type\" content=\"article\" \/>\n<meta property=\"og:title\" content=\"25C-NBOME - wholesale supplier of research chemicals, 4mmc, 3mmc, MDPHP, Alpha PVP and more\" \/>\n<meta property=\"og:description\" content=\"25C-NBOME 25C-NBOME belongs to phenethylamine and amphetamine chemical classes and has the molecular formula C18H22ClNO3 \u2022 HCl. The formula weight has the value 372.3 g\/mol . The toxicological and physiological&hellip;&euro;160.00 &ndash; &euro;2,550.00Zakres cen: od &euro;160.00 do &euro;2,550.00Wybierz opcje  Ten produkt ma wiele wariant\u00f3w. Opcje mo\u017cna wybra\u0107 na stronie produktu\" \/>\n<meta property=\"og:url\" content=\"https:\/\/frcs-research.com\/pl\/product\/25c-nbome\/\" \/>\n<meta property=\"og:site_name\" content=\"wholesale supplier of research chemicals, 4mmc, 3mmc, MDPHP, Alpha PVP and more\" \/>\n<meta property=\"article:modified_time\" content=\"2026-04-04T17:52:29+00:00\" \/>\n<meta name=\"twitter:card\" content=\"summary_large_image\" \/>\n<meta name=\"twitter:label1\" content=\"Dost\u0119pno\u015b\u0107\" \/>\n\t<meta name=\"twitter:data1\" content=\"Dost\u0119pny\" \/>\n<script type=\"application\/ld+json\" class=\"yoast-schema-graph\">{\"@context\":\"https:\/\/schema.org\",\"@graph\":[{\"@type\":[\"WebPage\",\"ItemPage\"],\"@id\":\"https:\/\/frcs-research.com\/product\/25c-nbome\/\",\"url\":\"https:\/\/frcs-research.com\/product\/25c-nbome\/\",\"name\":\"25C-NBOME - wholesale supplier of research chemicals, 4mmc, 3mmc, MDPHP, Alpha PVP and more\",\"isPartOf\":{\"@id\":\"https:\/\/frcs-research.com\/#website\"},\"primaryImageOfPage\":{\"@id\":\"https:\/\/frcs-research.com\/product\/25c-nbome\/#primaryimage\"},\"image\":{\"@id\":\"https:\/\/frcs-research.com\/product\/25c-nbome\/#primaryimage\"},\"thumbnailUrl\":\"https:\/\/frcs-research.com\/wp-content\/uploads\/2026\/01\/25C-NBOME.jpg\",\"datePublished\":\"2026-01-29T18:55:39+00:00\",\"dateModified\":\"2026-04-04T17:52:29+00:00\",\"breadcrumb\":{\"@id\":\"https:\/\/frcs-research.com\/product\/25c-nbome\/#breadcrumb\"},\"inLanguage\":\"pl-PL\",\"potentialAction\":[{\"@type\":\"ReadAction\",\"target\":[\"https:\/\/frcs-research.com\/product\/25c-nbome\/\"]}]},{\"@type\":\"ImageObject\",\"inLanguage\":\"pl-PL\",\"@id\":\"https:\/\/frcs-research.com\/product\/25c-nbome\/#primaryimage\",\"url\":\"https:\/\/frcs-research.com\/wp-content\/uploads\/2026\/01\/25C-NBOME.jpg\",\"contentUrl\":\"https:\/\/frcs-research.com\/wp-content\/uploads\/2026\/01\/25C-NBOME.jpg\",\"width\":650,\"height\":650},{\"@type\":\"BreadcrumbList\",\"@id\":\"https:\/\/frcs-research.com\/product\/25c-nbome\/#breadcrumb\",\"itemListElement\":[{\"@type\":\"ListItem\",\"position\":1,\"name\":\"Home\",\"item\":\"https:\/\/frcs-research.com\/\"},{\"@type\":\"ListItem\",\"position\":2,\"name\":\"Shop\",\"item\":\"https:\/\/frcs-research.com\/shop\/\"},{\"@type\":\"ListItem\",\"position\":3,\"name\":\"25C-NBOME\"}]},{\"@type\":\"WebSite\",\"@id\":\"https:\/\/frcs-research.com\/#website\",\"url\":\"https:\/\/frcs-research.com\/\",\"name\":\"wholesale supplier of research chemicals, 4mmc, 3mmc, MDPHP, Alpha PVP and more\",\"description\":\"Wholesale research chemicals\",\"potentialAction\":[{\"@type\":\"SearchAction\",\"target\":{\"@type\":\"EntryPoint\",\"urlTemplate\":\"https:\/\/frcs-research.com\/?s={search_term_string}\"},\"query-input\":{\"@type\":\"PropertyValueSpecification\",\"valueRequired\":true,\"valueName\":\"search_term_string\"}}],\"inLanguage\":\"pl-PL\"}]}<\/script>\n<meta property=\"og:availability\" content=\"instock\" \/>\n<meta property=\"product:availability\" content=\"instock\" \/>\n<meta property=\"product:condition\" content=\"new\" \/>\n<!-- \/ Yoast SEO plugin. -->","yoast_head_json":{"title":"25C-NBOME - wholesale supplier of research chemicals, 4mmc, 3mmc, MDPHP, Alpha PVP and more","robots":{"index":"index","follow":"follow","max-snippet":"max-snippet:-1","max-image-preview":"max-image-preview:large","max-video-preview":"max-video-preview:-1"},"canonical":"https:\/\/frcs-research.com\/pl\/product\/25c-nbome\/","og_locale":"pl_PL","og_type":"article","og_title":"25C-NBOME - wholesale supplier of research chemicals, 4mmc, 3mmc, MDPHP, Alpha PVP and more","og_description":"25C-NBOME 25C-NBOME belongs to phenethylamine and amphetamine chemical classes and has the molecular formula C18H22ClNO3 \u2022 HCl. The formula weight has the value 372.3 g\/mol . The toxicological and physiological&hellip;&euro;160.00 &ndash; &euro;2,550.00Zakres cen: od &euro;160.00 do &euro;2,550.00Wybierz opcje  Ten produkt ma wiele wariant\u00f3w. Opcje mo\u017cna wybra\u0107 na stronie produktu","og_url":"https:\/\/frcs-research.com\/pl\/product\/25c-nbome\/","og_site_name":"wholesale supplier of research chemicals, 4mmc, 3mmc, MDPHP, Alpha PVP and more","article_modified_time":"2026-04-04T17:52:29+00:00","twitter_card":"summary_large_image","twitter_misc":{"Dost\u0119pno\u015b\u0107":"Dost\u0119pny"},"schema":{"@context":"https:\/\/schema.org","@graph":[{"@type":["WebPage","ItemPage"],"@id":"https:\/\/frcs-research.com\/product\/25c-nbome\/","url":"https:\/\/frcs-research.com\/product\/25c-nbome\/","name":"25C-NBOME - wholesale supplier of research chemicals, 4mmc, 3mmc, MDPHP, Alpha PVP and more","isPartOf":{"@id":"https:\/\/frcs-research.com\/#website"},"primaryImageOfPage":{"@id":"https:\/\/frcs-research.com\/product\/25c-nbome\/#primaryimage"},"image":{"@id":"https:\/\/frcs-research.com\/product\/25c-nbome\/#primaryimage"},"thumbnailUrl":"https:\/\/frcs-research.com\/wp-content\/uploads\/2026\/01\/25C-NBOME.jpg","datePublished":"2026-01-29T18:55:39+00:00","dateModified":"2026-04-04T17:52:29+00:00","breadcrumb":{"@id":"https:\/\/frcs-research.com\/product\/25c-nbome\/#breadcrumb"},"inLanguage":"pl-PL","potentialAction":[{"@type":"ReadAction","target":["https:\/\/frcs-research.com\/product\/25c-nbome\/"]}]},{"@type":"ImageObject","inLanguage":"pl-PL","@id":"https:\/\/frcs-research.com\/product\/25c-nbome\/#primaryimage","url":"https:\/\/frcs-research.com\/wp-content\/uploads\/2026\/01\/25C-NBOME.jpg","contentUrl":"https:\/\/frcs-research.com\/wp-content\/uploads\/2026\/01\/25C-NBOME.jpg","width":650,"height":650},{"@type":"BreadcrumbList","@id":"https:\/\/frcs-research.com\/product\/25c-nbome\/#breadcrumb","itemListElement":[{"@type":"ListItem","position":1,"name":"Home","item":"https:\/\/frcs-research.com\/"},{"@type":"ListItem","position":2,"name":"Shop","item":"https:\/\/frcs-research.com\/shop\/"},{"@type":"ListItem","position":3,"name":"25C-NBOME"}]},{"@type":"WebSite","@id":"https:\/\/frcs-research.com\/#website","url":"https:\/\/frcs-research.com\/","name":"hurtowy dostawca chemikali\u00f3w badawczych, 4mmc, 3mmc, MDPHP, Alpha PVP i innych","description":"Hurtowa sprzeda\u017c chemikali\u00f3w badawczych","potentialAction":[{"@type":"SearchAction","target":{"@type":"EntryPoint","urlTemplate":"https:\/\/frcs-research.com\/?s={search_term_string}"},"query-input":{"@type":"PropertyValueSpecification","valueRequired":true,"valueName":"search_term_string"}}],"inLanguage":"pl-PL"}]},"og_availability":"instock","product_availability":"instock","product_condition":"new"},"uagb_featured_image_src":{"full":["https:\/\/frcs-research.com\/wp-content\/uploads\/2026\/01\/25C-NBOME.jpg",650,650,false],"thumbnail":["https:\/\/frcs-research.com\/wp-content\/uploads\/2026\/01\/25C-NBOME-150x150.jpg",150,150,true],"medium":["https:\/\/frcs-research.com\/wp-content\/uploads\/2026\/01\/25C-NBOME-300x300.jpg",300,300,true],"medium_large":["https:\/\/frcs-research.com\/wp-content\/uploads\/2026\/01\/25C-NBOME.jpg",650,650,false],"large":["https:\/\/frcs-research.com\/wp-content\/uploads\/2026\/01\/25C-NBOME.jpg",650,650,false],"1536x1536":["https:\/\/frcs-research.com\/wp-content\/uploads\/2026\/01\/25C-NBOME.jpg",650,650,false],"2048x2048":["https:\/\/frcs-research.com\/wp-content\/uploads\/2026\/01\/25C-NBOME.jpg",650,650,false],"trp-custom-language-flag":["https:\/\/frcs-research.com\/wp-content\/uploads\/2026\/01\/25C-NBOME-12x12.jpg",12,12,true],"post-thumbnail":["https:\/\/frcs-research.com\/wp-content\/uploads\/2026\/01\/25C-NBOME-620x620.jpg",620,620,true],"elite-commerce-slider":["https:\/\/frcs-research.com\/wp-content\/uploads\/2026\/01\/25C-NBOME.jpg",650,650,false],"elite-commerce-hero":["https:\/\/frcs-research.com\/wp-content\/uploads\/2026\/01\/25C-NBOME-600x600.jpg",600,600,true],"elite-commerce-portfolio":["https:\/\/frcs-research.com\/wp-content\/uploads\/2026\/01\/25C-NBOME-400x400.jpg",400,400,true],"woocommerce_thumbnail":["https:\/\/frcs-research.com\/wp-content\/uploads\/2026\/01\/25C-NBOME-300x300.jpg",300,300,true],"woocommerce_single":["https:\/\/frcs-research.com\/wp-content\/uploads\/2026\/01\/25C-NBOME-600x600.jpg",600,600,true],"woocommerce_gallery_thumbnail":["https:\/\/frcs-research.com\/wp-content\/uploads\/2026\/01\/25C-NBOME-100x100.jpg",100,100,true]},"uagb_author_info":{"display_name":"Richard Wood","author_link":"https:\/\/frcs-research.com\/pl\/author\/"},"uagb_comment_info":86,"uagb_excerpt":"25C-NBOME 25C-NBOME belongs to phenethylamine and amphetamine chemical classes and has the molecular formula C18H22ClNO3 \u2022 HCl. The formula weight has the value 372.3 g\/mol . The toxicological and physiological&hellip;&euro;160.00 &ndash; &euro;2,550.00Zakres cen: od &euro;160.00 do &euro;2,550.00Wybierz opcje Ten produkt ma wiele wariant\u00f3w. Opcje mo\u017cna wybra\u0107 na stronie produktu","_links":{"self":[{"href":"https:\/\/frcs-research.com\/pl\/wp-json\/wp\/v2\/product\/1506","targetHints":{"allow":["GET"]}}],"collection":[{"href":"https:\/\/frcs-research.com\/pl\/wp-json\/wp\/v2\/product"}],"about":[{"href":"https:\/\/frcs-research.com\/pl\/wp-json\/wp\/v2\/types\/product"}],"replies":[{"embeddable":true,"href":"https:\/\/frcs-research.com\/pl\/wp-json\/wp\/v2\/comments?post=1506"}],"wp:featuredmedia":[{"embeddable":true,"href":"https:\/\/frcs-research.com\/pl\/wp-json\/wp\/v2\/media\/1512"}],"wp:attachment":[{"href":"https:\/\/frcs-research.com\/pl\/wp-json\/wp\/v2\/media?parent=1506"}],"wp:term":[{"taxonomy":"product_brand","embeddable":true,"href":"https:\/\/frcs-research.com\/pl\/wp-json\/wp\/v2\/product_brand?post=1506"},{"taxonomy":"product_cat","embeddable":true,"href":"https:\/\/frcs-research.com\/pl\/wp-json\/wp\/v2\/product_cat?post=1506"},{"taxonomy":"product_tag","embeddable":true,"href":"https:\/\/frcs-research.com\/pl\/wp-json\/wp\/v2\/product_tag?post=1506"}],"curies":[{"name":"wp","href":"https:\/\/api.w.org\/{rel}","templated":true}]}}