{"id":699,"date":"2024-10-12T20:06:11","date_gmt":"2024-10-12T20:06:11","guid":{"rendered":"https:\/\/frcs-research.com\/?post_type=product&#038;p=699"},"modified":"2026-04-03T16:42:40","modified_gmt":"2026-04-03T16:42:40","slug":"zamow-proszek-diazepamu","status":"publish","type":"product","link":"https:\/\/frcs-research.com\/pl\/product\/zamow-proszek-diazepamu\/","title":{"rendered":"Proszek Diazepamu (Valium)"},"content":{"rendered":"<h1>Zam\u00f3w Diazepam Powder Online \u2013 Niezawodny \u015brodek na l\u0119k i relaks<\/h1>\n<p>Zakup <strong>Proszek diazepamu<\/strong> online, aby skutecznie leczy\u0107 l\u0119k i skurcze mi\u0119\u015bni. Znana jako Valium, ta d\u0142ugo dzia\u0142aj\u0105ca benzodiazepina jest dost\u0119pna w bezpiecznym zakupie. Kup teraz, aby uzyska\u0107 niezawodne uspokojenie i relaks!\u201d<\/p>\n<p>Na <a href=\"https:\/\/frcs-research.com\/pl\/\">FRCSRadania<\/a>, zapewniamy wysok\u0105 jako\u015b\u0107 <strong>Proszek diazepamu<\/strong> dla tych, kt\u00f3rzy szukaj\u0105 skutecznej ulgi od l\u0119ku, skurcz\u00f3w mi\u0119\u015bni i innych dolegliwo\u015bci. Valium to zaufany lek, kt\u00f3ry oferuje d\u0142ugotrwa\u0142e efekty, a nasza forma proszku zapewnia dok\u0142adne dawkowanie dla optymalnych rezultat\u00f3w. Dzi\u0119ki dyskretnemu opakowaniu i szybkiej wysy\u0142ce mo\u017cesz kupi\u0107 proszek Diazepam z ufno\u015bci\u0105. Odkryj zalety Diazepamu ju\u017c dzi\u015b i do\u015bwiadcz spokoju, na jaki zas\u0142ugujesz!<\/p>","protected":false},"excerpt":{"rendered":"<p>Order Diazepam Powder Online &#8211; Reliable Anxiety and Relaxation Purchase Diazepam powder online to effectively treat anxiety and muscle spasms. Known as Valium, this long-acting benzodiazepine is available for safe&hellip;<\/p>\n<p class=\"product woocommerce add_to_cart_inline\" style=\"border:4px solid #ccc; padding: 12px;\"><del aria-hidden=\"true\"><span class=\"woocommerce-Price-amount amount\"><bdi><span class=\"woocommerce-Price-currencySymbol\">&euro;<\/span>1,900.00<\/bdi><\/span><\/del> <span class=\"screen-reader-text\" data-no-translation=\"\" data-trp-gettext=\"\">Oryginalna cena wynosi\u0142a: &euro;1,900.00.<\/span><ins aria-hidden=\"true\"><span class=\"woocommerce-Price-amount amount\"><bdi><span class=\"woocommerce-Price-currencySymbol\">&euro;<\/span>1,700.00<\/bdi><\/span><\/ins><span class=\"screen-reader-text\" data-no-translation=\"\" data-trp-gettext=\"\">Aktualna cena wynosi: &euro;1,700.00.<\/span><a href=\"\/pl\/wp-json\/wp\/v2\/product\/699?add-to-cart=699\" aria-describedby=\"woocommerce_loop_add_to_cart_link_describedby_699\" data-quantity=\"1\" class=\"button product_type_simple add_to_cart_button ajax_add_to_cart\" data-product_id=\"699\" data-product_sku=\"\" aria-label=\"Dodaj do koszyka: \u201eDiazepam (Valium) Powder\u201d\" rel=\"nofollow\" data-success_message=\"\u201cDiazepam (Valium) Powder\u201d zosta\u0142 dodany do twojego koszyka\" data-no-translation=\"\" data-trp-gettext=\"\" data-no-translation-aria-label=\"\" data-no-translation-data-success_message=\"\">Dodaj do koszyka<\/a>\t<span id=\"woocommerce_loop_add_to_cart_link_describedby_699\" class=\"screen-reader-text\"><br \/>\n\t\t\t<\/span><\/p>","protected":false},"featured_media":700,"comment_status":"open","ping_status":"closed","template":"","meta":{"_uag_custom_page_level_css":""},"product_brand":[],"product_cat":[27],"product_tag":[],"class_list":{"0":"post-699","1":"product","2":"type-product","3":"status-publish","4":"has-post-thumbnail","6":"product_cat-benzodiazepine-analogs","8":"first","9":"instock","10":"sale","11":"shipping-taxable","12":"purchasable","13":"product-type-simple"},"yoast_head":"<!-- This site is optimized with the Yoast SEO plugin v27.1.1 - https:\/\/yoast.com\/product\/yoast-seo-wordpress\/ -->\n<title>Order Diazepam Powder Online - Reliable Anxiety and Relaxation<\/title>\n<meta name=\"description\" content=\"Purchase Diazepam powder online to effectively treat anxiety and muscle spasms. Known as Valium, this long-acting benzodiazepine is available for safe purchase\" \/>\n<meta name=\"robots\" content=\"index, follow, max-snippet:-1, max-image-preview:large, max-video-preview:-1\" \/>\n<link rel=\"canonical\" href=\"https:\/\/frcs-research.com\/pl\/product\/zamow-proszek-diazepamu\/\" \/>\n<meta property=\"og:locale\" content=\"pl_PL\" \/>\n<meta property=\"og:type\" content=\"article\" \/>\n<meta property=\"og:title\" content=\"Order Diazepam Powder Online - Reliable Anxiety and Relaxation\" \/>\n<meta property=\"og:description\" content=\"Purchase Diazepam powder online to effectively treat anxiety and muscle spasms. Known as Valium, this long-acting benzodiazepine is available for safe purchase\" \/>\n<meta property=\"og:url\" content=\"https:\/\/frcs-research.com\/pl\/product\/zamow-proszek-diazepamu\/\" \/>\n<meta property=\"og:site_name\" content=\"wholesale supplier of research chemicals, 4mmc, 3mmc, MDPHP, Alpha PVP and more\" \/>\n<meta property=\"article:modified_time\" content=\"2026-04-03T16:42:40+00:00\" \/>\n<meta property=\"og:image\" content=\"https:\/\/frcs-research.com\/wp-content\/uploads\/2024\/10\/img-6933-500x500-1.webp\" \/>\n\t<meta property=\"og:image:width\" content=\"500\" \/>\n\t<meta property=\"og:image:height\" content=\"500\" \/>\n\t<meta property=\"og:image:type\" content=\"image\/webp\" \/>\n<meta name=\"twitter:card\" content=\"summary_large_image\" \/>\n<meta name=\"twitter:label1\" content=\"Cena\" \/>\n\t<meta name=\"twitter:data1\" content=\"&euro;1,700.00\" \/>\n\t<meta name=\"twitter:label2\" content=\"Dost\u0119pno\u015b\u0107\" \/>\n\t<meta name=\"twitter:data2\" content=\"Dost\u0119pny\" \/>\n<script type=\"application\/ld+json\" class=\"yoast-schema-graph\">{\"@context\":\"https:\/\/schema.org\",\"@graph\":[{\"@type\":[\"WebPage\",\"ItemPage\"],\"@id\":\"https:\/\/frcs-research.com\/product\/order-diazepam-powder\/\",\"url\":\"https:\/\/frcs-research.com\/product\/order-diazepam-powder\/\",\"name\":\"Order Diazepam Powder Online - Reliable Anxiety and Relaxation\",\"isPartOf\":{\"@id\":\"https:\/\/frcs-research.com\/#website\"},\"primaryImageOfPage\":{\"@id\":\"https:\/\/frcs-research.com\/product\/order-diazepam-powder\/#primaryimage\"},\"image\":{\"@id\":\"https:\/\/frcs-research.com\/product\/order-diazepam-powder\/#primaryimage\"},\"thumbnailUrl\":\"https:\/\/frcs-research.com\/wp-content\/uploads\/2024\/10\/img-6933-500x500-1.webp\",\"datePublished\":\"2024-10-12T20:06:11+00:00\",\"dateModified\":\"2026-04-03T16:42:40+00:00\",\"description\":\"Purchase Diazepam powder online to effectively treat anxiety and muscle spasms. Known as Valium, this long-acting benzodiazepine is available for safe purchase\",\"breadcrumb\":{\"@id\":\"https:\/\/frcs-research.com\/product\/order-diazepam-powder\/#breadcrumb\"},\"inLanguage\":\"pl-PL\",\"potentialAction\":[{\"@type\":\"ReadAction\",\"target\":[\"https:\/\/frcs-research.com\/product\/order-diazepam-powder\/\"]}]},{\"@type\":\"ImageObject\",\"inLanguage\":\"pl-PL\",\"@id\":\"https:\/\/frcs-research.com\/product\/order-diazepam-powder\/#primaryimage\",\"url\":\"https:\/\/frcs-research.com\/wp-content\/uploads\/2024\/10\/img-6933-500x500-1.webp\",\"contentUrl\":\"https:\/\/frcs-research.com\/wp-content\/uploads\/2024\/10\/img-6933-500x500-1.webp\",\"width\":500,\"height\":500,\"caption\":\"Purchase Diazepam powder\"},{\"@type\":\"BreadcrumbList\",\"@id\":\"https:\/\/frcs-research.com\/product\/order-diazepam-powder\/#breadcrumb\",\"itemListElement\":[{\"@type\":\"ListItem\",\"position\":1,\"name\":\"Home\",\"item\":\"https:\/\/frcs-research.com\/\"},{\"@type\":\"ListItem\",\"position\":2,\"name\":\"Shop\",\"item\":\"https:\/\/frcs-research.com\/shop\/\"},{\"@type\":\"ListItem\",\"position\":3,\"name\":\"Diazepam (Valium) Powder\"}]},{\"@type\":\"WebSite\",\"@id\":\"https:\/\/frcs-research.com\/#website\",\"url\":\"https:\/\/frcs-research.com\/\",\"name\":\"wholesale supplier of research chemicals, 4mmc, 3mmc, MDPHP, Alpha PVP and more\",\"description\":\"Wholesale research chemicals\",\"potentialAction\":[{\"@type\":\"SearchAction\",\"target\":{\"@type\":\"EntryPoint\",\"urlTemplate\":\"https:\/\/frcs-research.com\/?s={search_term_string}\"},\"query-input\":{\"@type\":\"PropertyValueSpecification\",\"valueRequired\":true,\"valueName\":\"search_term_string\"}}],\"inLanguage\":\"pl-PL\"}]}<\/script>\n<meta property=\"product:price:amount\" content=\"1700.00\" \/>\n<meta property=\"product:price:currency\" content=\"EUR\" \/>\n<meta property=\"og:availability\" content=\"instock\" \/>\n<meta property=\"product:availability\" content=\"instock\" \/>\n<meta property=\"product:condition\" content=\"new\" \/>\n<!-- \/ Yoast SEO plugin. -->","yoast_head_json":{"title":"Zam\u00f3w Diazepam Powder Online - Niezawodny \u015brodek na l\u0119k i relaks","description":"Kup proszek Diazepam online, aby skutecznie leczy\u0107 l\u0119k i skurcze mi\u0119\u015bni. Znany jako Valium, ten d\u0142ugo dzia\u0142aj\u0105cy lek benzodiazepinowy jest dost\u0119pny w bezpiecznym zakupie","robots":{"index":"index","follow":"follow","max-snippet":"max-snippet:-1","max-image-preview":"max-image-preview:large","max-video-preview":"max-video-preview:-1"},"canonical":"https:\/\/frcs-research.com\/pl\/product\/zamow-proszek-diazepamu\/","og_locale":"pl_PL","og_type":"article","og_title":"Order Diazepam Powder Online - Reliable Anxiety and Relaxation","og_description":"Purchase Diazepam powder online to effectively treat anxiety and muscle spasms. Known as Valium, this long-acting benzodiazepine is available for safe purchase","og_url":"https:\/\/frcs-research.com\/pl\/product\/zamow-proszek-diazepamu\/","og_site_name":"wholesale supplier of research chemicals, 4mmc, 3mmc, MDPHP, Alpha PVP and more","article_modified_time":"2026-04-03T16:42:40+00:00","og_image":[{"width":500,"height":500,"url":"https:\/\/frcs-research.com\/wp-content\/uploads\/2024\/10\/img-6933-500x500-1.webp","type":"image\/webp"}],"twitter_card":"summary_large_image","twitter_misc":{"Cena":"&euro;1,700.00","Dost\u0119pno\u015b\u0107":"Dost\u0119pny"},"schema":{"@context":"https:\/\/schema.org","@graph":[{"@type":["WebPage","ItemPage"],"@id":"https:\/\/frcs-research.com\/product\/order-diazepam-powder\/","url":"https:\/\/frcs-research.com\/product\/order-diazepam-powder\/","name":"Zam\u00f3w Diazepam Powder Online - Niezawodny \u015brodek na l\u0119k i relaks","isPartOf":{"@id":"https:\/\/frcs-research.com\/#website"},"primaryImageOfPage":{"@id":"https:\/\/frcs-research.com\/product\/order-diazepam-powder\/#primaryimage"},"image":{"@id":"https:\/\/frcs-research.com\/product\/order-diazepam-powder\/#primaryimage"},"thumbnailUrl":"https:\/\/frcs-research.com\/wp-content\/uploads\/2024\/10\/img-6933-500x500-1.webp","datePublished":"2024-10-12T20:06:11+00:00","dateModified":"2026-04-03T16:42:40+00:00","description":"Kup proszek Diazepam online, aby skutecznie leczy\u0107 l\u0119k i skurcze mi\u0119\u015bni. Znany jako Valium, ten d\u0142ugo dzia\u0142aj\u0105cy lek benzodiazepinowy jest dost\u0119pny w bezpiecznym zakupie","breadcrumb":{"@id":"https:\/\/frcs-research.com\/product\/order-diazepam-powder\/#breadcrumb"},"inLanguage":"pl-PL","potentialAction":[{"@type":"ReadAction","target":["https:\/\/frcs-research.com\/product\/order-diazepam-powder\/"]}]},{"@type":"ImageObject","inLanguage":"pl-PL","@id":"https:\/\/frcs-research.com\/product\/order-diazepam-powder\/#primaryimage","url":"https:\/\/frcs-research.com\/wp-content\/uploads\/2024\/10\/img-6933-500x500-1.webp","contentUrl":"https:\/\/frcs-research.com\/wp-content\/uploads\/2024\/10\/img-6933-500x500-1.webp","width":500,"height":500,"caption":"Purchase Diazepam powder"},{"@type":"BreadcrumbList","@id":"https:\/\/frcs-research.com\/product\/order-diazepam-powder\/#breadcrumb","itemListElement":[{"@type":"ListItem","position":1,"name":"Home","item":"https:\/\/frcs-research.com\/"},{"@type":"ListItem","position":2,"name":"Shop","item":"https:\/\/frcs-research.com\/shop\/"},{"@type":"ListItem","position":3,"name":"Diazepam (Valium) Powder"}]},{"@type":"WebSite","@id":"https:\/\/frcs-research.com\/#website","url":"https:\/\/frcs-research.com\/","name":"hurtowy dostawca chemikali\u00f3w badawczych, 4mmc, 3mmc, MDPHP, Alpha PVP i innych","description":"Hurtowa sprzeda\u017c chemikali\u00f3w badawczych","potentialAction":[{"@type":"SearchAction","target":{"@type":"EntryPoint","urlTemplate":"https:\/\/frcs-research.com\/?s={search_term_string}"},"query-input":{"@type":"PropertyValueSpecification","valueRequired":true,"valueName":"search_term_string"}}],"inLanguage":"pl-PL"}]},"product_price_amount":"1700.00","product_price_currency":"EUR","og_availability":"instock","product_availability":"instock","product_condition":"new"},"uagb_featured_image_src":{"full":["https:\/\/frcs-research.com\/wp-content\/uploads\/2024\/10\/img-6933-500x500-1.webp",500,500,false],"thumbnail":["https:\/\/frcs-research.com\/wp-content\/uploads\/2024\/10\/img-6933-500x500-1-150x150.webp",150,150,true],"medium":["https:\/\/frcs-research.com\/wp-content\/uploads\/2024\/10\/img-6933-500x500-1-300x300.webp",300,300,true],"medium_large":["https:\/\/frcs-research.com\/wp-content\/uploads\/2024\/10\/img-6933-500x500-1.webp",500,500,false],"large":["https:\/\/frcs-research.com\/wp-content\/uploads\/2024\/10\/img-6933-500x500-1.webp",500,500,false],"1536x1536":["https:\/\/frcs-research.com\/wp-content\/uploads\/2024\/10\/img-6933-500x500-1.webp",500,500,false],"2048x2048":["https:\/\/frcs-research.com\/wp-content\/uploads\/2024\/10\/img-6933-500x500-1.webp",500,500,false],"trp-custom-language-flag":["https:\/\/frcs-research.com\/wp-content\/uploads\/2024\/10\/img-6933-500x500-1.webp",12,12,false],"post-thumbnail":["https:\/\/frcs-research.com\/wp-content\/uploads\/2024\/10\/img-6933-500x500-1.webp",500,500,false],"elite-commerce-slider":["https:\/\/frcs-research.com\/wp-content\/uploads\/2024\/10\/img-6933-500x500-1.webp",500,500,false],"elite-commerce-hero":["https:\/\/frcs-research.com\/wp-content\/uploads\/2024\/10\/img-6933-500x500-1.webp",500,500,false],"elite-commerce-portfolio":["https:\/\/frcs-research.com\/wp-content\/uploads\/2024\/10\/img-6933-500x500-1.webp",400,400,false],"woocommerce_thumbnail":["https:\/\/frcs-research.com\/wp-content\/uploads\/2024\/10\/img-6933-500x500-1-300x300.webp",300,300,true],"woocommerce_single":["https:\/\/frcs-research.com\/wp-content\/uploads\/2024\/10\/img-6933-500x500-1.webp",500,500,false],"woocommerce_gallery_thumbnail":["https:\/\/frcs-research.com\/wp-content\/uploads\/2024\/10\/img-6933-500x500-1-100x100.webp",100,100,true]},"uagb_author_info":{"display_name":"Richard Wood","author_link":"https:\/\/frcs-research.com\/pl\/author\/"},"uagb_comment_info":794,"uagb_excerpt":"Order Diazepam Powder Online &#8211; Reliable Anxiety and Relaxation Purchase Diazepam powder online to effectively treat anxiety and muscle spasms. Known as Valium, this long-acting benzodiazepine is available for safe&hellip;&euro;1,900.00 Oryginalna cena wynosi\u0142a: &euro;1,900.00.&euro;1,700.00Aktualna cena wynosi: &euro;1,700.00.Dodaj do koszyka","_links":{"self":[{"href":"https:\/\/frcs-research.com\/pl\/wp-json\/wp\/v2\/product\/699","targetHints":{"allow":["GET"]}}],"collection":[{"href":"https:\/\/frcs-research.com\/pl\/wp-json\/wp\/v2\/product"}],"about":[{"href":"https:\/\/frcs-research.com\/pl\/wp-json\/wp\/v2\/types\/product"}],"replies":[{"embeddable":true,"href":"https:\/\/frcs-research.com\/pl\/wp-json\/wp\/v2\/comments?post=699"}],"wp:featuredmedia":[{"embeddable":true,"href":"https:\/\/frcs-research.com\/pl\/wp-json\/wp\/v2\/media\/700"}],"wp:attachment":[{"href":"https:\/\/frcs-research.com\/pl\/wp-json\/wp\/v2\/media?parent=699"}],"wp:term":[{"taxonomy":"product_brand","embeddable":true,"href":"https:\/\/frcs-research.com\/pl\/wp-json\/wp\/v2\/product_brand?post=699"},{"taxonomy":"product_cat","embeddable":true,"href":"https:\/\/frcs-research.com\/pl\/wp-json\/wp\/v2\/product_cat?post=699"},{"taxonomy":"product_tag","embeddable":true,"href":"https:\/\/frcs-research.com\/pl\/wp-json\/wp\/v2\/product_tag?post=699"}],"curies":[{"name":"wp","href":"https:\/\/api.w.org\/{rel}","templated":true}]}}