{"id":708,"date":"2024-10-12T20:36:24","date_gmt":"2024-10-12T20:36:24","guid":{"rendered":"https:\/\/frcs-research.com\/?post_type=product&#038;p=708"},"modified":"2026-04-02T02:02:24","modified_gmt":"2026-04-02T02:02:24","slug":"kup-proszek-zolpidemu","status":"publish","type":"product","link":"https:\/\/frcs-research.com\/pl\/product\/kup-proszek-zolpidemu\/","title":{"rendered":"Zolpidem (Ambien) Proszek"},"content":{"rendered":"<h1>Kup Zolpidem Powder Online \u2013 Skuteczny \u015brodek nasenny<\/h1>\n<p>Zakup <strong>Proszek zolpidemu<\/strong> online na skuteczne leczenie bezsenno\u015bci. Ambien pomaga szybko zasn\u0105\u0107. Kup teraz od zaufanych sprzedawc\u00f3w, aby mie\u0107 spokojne noce!\u201d<\/p>\n<p>Na <a href=\"https:\/\/frcs-research.com\/pl\/\">FRCSRadania<\/a>, zapewniamy wysok\u0105 jako\u015b\u0107 <strong>Proszek zolpidemu<\/strong> dla tych, kt\u00f3rzy zmagaj\u0105 si\u0119 z bezsenno\u015bci\u0105. Znany jako Ambien, ten szybko dzia\u0142aj\u0105cy \u015brodek nasenny zapewnia, \u017ce mo\u017cesz szybko zasn\u0105\u0107 i cieszy\u0107 si\u0119 spokojn\u0105 noc\u0105. Nasz sproszkowany Zolpidem umo\u017cliwia precyzyjne dawkowanie, daj\u0105c Ci kontrol\u0119 nad wzorcami snu. Dzi\u0119ki dyskretnemu opakowaniu i szybkiej wysy\u0142ce zamawianie proszku Zolpidemu u nas jest bezpieczne i bezproblemowe. Nie pozw\u00f3l, aby nieprzespane noce wp\u0142yn\u0119\u0142y na Twoje \u017cycie \u2014 kup proszek Zolpidemu ju\u017c dzi\u015b!<\/p>","protected":false},"excerpt":{"rendered":"<p>Buy Zolpidem Powder Online &#8211; Effective Sleep Aid Purchase Zolpidem powder online for effective insomnia treatment. Ambien helps you fall asleep quickly. Buy now from trusted vendors for restful nights!&#8221;&hellip;<\/p>\n<p class=\"product woocommerce add_to_cart_inline\" style=\"border:4px solid #ccc; padding: 12px;\"><del aria-hidden=\"true\"><span class=\"woocommerce-Price-amount amount\"><bdi><span class=\"woocommerce-Price-currencySymbol\">&euro;<\/span>1,400.00<\/bdi><\/span><\/del> <span class=\"screen-reader-text\" data-no-translation=\"\" data-trp-gettext=\"\">Oryginalna cena wynosi\u0142a: &euro;1,400.00.<\/span><ins aria-hidden=\"true\"><span class=\"woocommerce-Price-amount amount\"><bdi><span class=\"woocommerce-Price-currencySymbol\">&euro;<\/span>1,300.00<\/bdi><\/span><\/ins><span class=\"screen-reader-text\" data-no-translation=\"\" data-trp-gettext=\"\">Aktualna cena wynosi: &euro;1,300.00.<\/span><a href=\"\/pl\/wp-json\/wp\/v2\/product\/708?add-to-cart=708\" aria-describedby=\"woocommerce_loop_add_to_cart_link_describedby_708\" data-quantity=\"1\" class=\"button product_type_simple add_to_cart_button ajax_add_to_cart\" data-product_id=\"708\" data-product_sku=\"\" aria-label=\"Dodaj do koszyka: \u201eZolpidem (Ambien) Powder\u201d\" rel=\"nofollow\" data-success_message=\"\u201cZolpidem (Ambien) Powder\u201d zosta\u0142 dodany do twojego koszyka\" data-no-translation=\"\" data-trp-gettext=\"\" data-no-translation-aria-label=\"\" data-no-translation-data-success_message=\"\">Dodaj do koszyka<\/a>\t<span id=\"woocommerce_loop_add_to_cart_link_describedby_708\" class=\"screen-reader-text\"><br \/>\n\t\t\t<\/span><\/p>","protected":false},"featured_media":709,"comment_status":"open","ping_status":"closed","template":"","meta":{"_uag_custom_page_level_css":""},"product_brand":[],"product_cat":[27],"product_tag":[],"class_list":{"0":"post-708","1":"product","2":"type-product","3":"status-publish","4":"has-post-thumbnail","6":"product_cat-benzodiazepine-analogs","8":"first","9":"instock","10":"sale","11":"shipping-taxable","12":"purchasable","13":"product-type-simple"},"yoast_head":"<!-- This site is optimized with the Yoast SEO plugin v27.1.1 - https:\/\/yoast.com\/product\/yoast-seo-wordpress\/ -->\n<title>Buy Zolpidem Powder Online - Effective Sleep Aid<\/title>\n<meta name=\"description\" content=\"Purchase Zolpidem powder online for effective insomnia treatment. Ambien helps you fall asleep quickly. Buy now from trusted vendors for restful nights\" \/>\n<meta name=\"robots\" content=\"index, follow, max-snippet:-1, max-image-preview:large, max-video-preview:-1\" \/>\n<link rel=\"canonical\" href=\"https:\/\/frcs-research.com\/pl\/product\/kup-proszek-zolpidemu\/\" \/>\n<meta property=\"og:locale\" content=\"pl_PL\" \/>\n<meta property=\"og:type\" content=\"article\" \/>\n<meta property=\"og:title\" content=\"Buy Zolpidem Powder Online - Effective Sleep Aid\" \/>\n<meta property=\"og:description\" content=\"Purchase Zolpidem powder online for effective insomnia treatment. Ambien helps you fall asleep quickly. Buy now from trusted vendors for restful nights\" \/>\n<meta property=\"og:url\" content=\"https:\/\/frcs-research.com\/pl\/product\/kup-proszek-zolpidemu\/\" \/>\n<meta property=\"og:site_name\" content=\"wholesale supplier of research chemicals, 4mmc, 3mmc, MDPHP, Alpha PVP and more\" \/>\n<meta property=\"article:modified_time\" content=\"2026-04-02T02:02:24+00:00\" \/>\n<meta property=\"og:image\" content=\"https:\/\/frcs-research.com\/wp-content\/uploads\/2024\/10\/199343154704198.jpg\" \/>\n\t<meta property=\"og:image:width\" content=\"300\" \/>\n\t<meta property=\"og:image:height\" content=\"300\" \/>\n\t<meta property=\"og:image:type\" content=\"image\/jpeg\" \/>\n<meta name=\"twitter:card\" content=\"summary_large_image\" \/>\n<meta name=\"twitter:label1\" content=\"Cena\" \/>\n\t<meta name=\"twitter:data1\" content=\"&euro;1,300.00\" \/>\n\t<meta name=\"twitter:label2\" content=\"Dost\u0119pno\u015b\u0107\" \/>\n\t<meta name=\"twitter:data2\" content=\"Dost\u0119pny\" \/>\n<script type=\"application\/ld+json\" class=\"yoast-schema-graph\">{\"@context\":\"https:\/\/schema.org\",\"@graph\":[{\"@type\":[\"WebPage\",\"ItemPage\"],\"@id\":\"https:\/\/frcs-research.com\/product\/purchase-zolpidem-powder\/\",\"url\":\"https:\/\/frcs-research.com\/product\/purchase-zolpidem-powder\/\",\"name\":\"Buy Zolpidem Powder Online - Effective Sleep Aid\",\"isPartOf\":{\"@id\":\"https:\/\/frcs-research.com\/#website\"},\"primaryImageOfPage\":{\"@id\":\"https:\/\/frcs-research.com\/product\/purchase-zolpidem-powder\/#primaryimage\"},\"image\":{\"@id\":\"https:\/\/frcs-research.com\/product\/purchase-zolpidem-powder\/#primaryimage\"},\"thumbnailUrl\":\"https:\/\/frcs-research.com\/wp-content\/uploads\/2024\/10\/199343154704198.jpg\",\"datePublished\":\"2024-10-12T20:36:24+00:00\",\"dateModified\":\"2026-04-02T02:02:24+00:00\",\"description\":\"Purchase Zolpidem powder online for effective insomnia treatment. Ambien helps you fall asleep quickly. Buy now from trusted vendors for restful nights\",\"breadcrumb\":{\"@id\":\"https:\/\/frcs-research.com\/product\/purchase-zolpidem-powder\/#breadcrumb\"},\"inLanguage\":\"pl-PL\",\"potentialAction\":[{\"@type\":\"ReadAction\",\"target\":[\"https:\/\/frcs-research.com\/product\/purchase-zolpidem-powder\/\"]}]},{\"@type\":\"ImageObject\",\"inLanguage\":\"pl-PL\",\"@id\":\"https:\/\/frcs-research.com\/product\/purchase-zolpidem-powder\/#primaryimage\",\"url\":\"https:\/\/frcs-research.com\/wp-content\/uploads\/2024\/10\/199343154704198.jpg\",\"contentUrl\":\"https:\/\/frcs-research.com\/wp-content\/uploads\/2024\/10\/199343154704198.jpg\",\"width\":300,\"height\":300,\"caption\":\"Purchase Zolpidem powder\"},{\"@type\":\"BreadcrumbList\",\"@id\":\"https:\/\/frcs-research.com\/product\/purchase-zolpidem-powder\/#breadcrumb\",\"itemListElement\":[{\"@type\":\"ListItem\",\"position\":1,\"name\":\"Home\",\"item\":\"https:\/\/frcs-research.com\/\"},{\"@type\":\"ListItem\",\"position\":2,\"name\":\"Shop\",\"item\":\"https:\/\/frcs-research.com\/shop\/\"},{\"@type\":\"ListItem\",\"position\":3,\"name\":\"Zolpidem (Ambien) Powder\"}]},{\"@type\":\"WebSite\",\"@id\":\"https:\/\/frcs-research.com\/#website\",\"url\":\"https:\/\/frcs-research.com\/\",\"name\":\"wholesale supplier of research chemicals, 4mmc, 3mmc, MDPHP, Alpha PVP and more\",\"description\":\"Wholesale research chemicals\",\"potentialAction\":[{\"@type\":\"SearchAction\",\"target\":{\"@type\":\"EntryPoint\",\"urlTemplate\":\"https:\/\/frcs-research.com\/?s={search_term_string}\"},\"query-input\":{\"@type\":\"PropertyValueSpecification\",\"valueRequired\":true,\"valueName\":\"search_term_string\"}}],\"inLanguage\":\"pl-PL\"}]}<\/script>\n<meta property=\"product:price:amount\" content=\"1300.00\" \/>\n<meta property=\"product:price:currency\" content=\"EUR\" \/>\n<meta property=\"og:availability\" content=\"instock\" \/>\n<meta property=\"product:availability\" content=\"instock\" \/>\n<meta property=\"product:condition\" content=\"new\" \/>\n<!-- \/ Yoast SEO plugin. -->","yoast_head_json":{"title":"Kup Zolpidem Powder Online - Skuteczny \u015brodek nasenny","description":"Kup proszek Zolpidem online, aby skutecznie leczy\u0107 bezsenno\u015b\u0107. Ambien pomaga szybko zasn\u0105\u0107. Kup teraz od zaufanych sprzedawc\u00f3w, aby mie\u0107 spokojne noce","robots":{"index":"index","follow":"follow","max-snippet":"max-snippet:-1","max-image-preview":"max-image-preview:large","max-video-preview":"max-video-preview:-1"},"canonical":"https:\/\/frcs-research.com\/pl\/product\/kup-proszek-zolpidemu\/","og_locale":"pl_PL","og_type":"article","og_title":"Buy Zolpidem Powder Online - Effective Sleep Aid","og_description":"Purchase Zolpidem powder online for effective insomnia treatment. Ambien helps you fall asleep quickly. Buy now from trusted vendors for restful nights","og_url":"https:\/\/frcs-research.com\/pl\/product\/kup-proszek-zolpidemu\/","og_site_name":"wholesale supplier of research chemicals, 4mmc, 3mmc, MDPHP, Alpha PVP and more","article_modified_time":"2026-04-02T02:02:24+00:00","og_image":[{"width":300,"height":300,"url":"https:\/\/frcs-research.com\/wp-content\/uploads\/2024\/10\/199343154704198.jpg","type":"image\/jpeg"}],"twitter_card":"summary_large_image","twitter_misc":{"Cena":"&euro;1,300.00","Dost\u0119pno\u015b\u0107":"Dost\u0119pny"},"schema":{"@context":"https:\/\/schema.org","@graph":[{"@type":["WebPage","ItemPage"],"@id":"https:\/\/frcs-research.com\/product\/purchase-zolpidem-powder\/","url":"https:\/\/frcs-research.com\/product\/purchase-zolpidem-powder\/","name":"Kup Zolpidem Powder Online - Skuteczny \u015brodek nasenny","isPartOf":{"@id":"https:\/\/frcs-research.com\/#website"},"primaryImageOfPage":{"@id":"https:\/\/frcs-research.com\/product\/purchase-zolpidem-powder\/#primaryimage"},"image":{"@id":"https:\/\/frcs-research.com\/product\/purchase-zolpidem-powder\/#primaryimage"},"thumbnailUrl":"https:\/\/frcs-research.com\/wp-content\/uploads\/2024\/10\/199343154704198.jpg","datePublished":"2024-10-12T20:36:24+00:00","dateModified":"2026-04-02T02:02:24+00:00","description":"Kup proszek Zolpidem online, aby skutecznie leczy\u0107 bezsenno\u015b\u0107. Ambien pomaga szybko zasn\u0105\u0107. Kup teraz od zaufanych sprzedawc\u00f3w, aby mie\u0107 spokojne noce","breadcrumb":{"@id":"https:\/\/frcs-research.com\/product\/purchase-zolpidem-powder\/#breadcrumb"},"inLanguage":"pl-PL","potentialAction":[{"@type":"ReadAction","target":["https:\/\/frcs-research.com\/product\/purchase-zolpidem-powder\/"]}]},{"@type":"ImageObject","inLanguage":"pl-PL","@id":"https:\/\/frcs-research.com\/product\/purchase-zolpidem-powder\/#primaryimage","url":"https:\/\/frcs-research.com\/wp-content\/uploads\/2024\/10\/199343154704198.jpg","contentUrl":"https:\/\/frcs-research.com\/wp-content\/uploads\/2024\/10\/199343154704198.jpg","width":300,"height":300,"caption":"Purchase Zolpidem powder"},{"@type":"BreadcrumbList","@id":"https:\/\/frcs-research.com\/product\/purchase-zolpidem-powder\/#breadcrumb","itemListElement":[{"@type":"ListItem","position":1,"name":"Home","item":"https:\/\/frcs-research.com\/"},{"@type":"ListItem","position":2,"name":"Shop","item":"https:\/\/frcs-research.com\/shop\/"},{"@type":"ListItem","position":3,"name":"Zolpidem (Ambien) Powder"}]},{"@type":"WebSite","@id":"https:\/\/frcs-research.com\/#website","url":"https:\/\/frcs-research.com\/","name":"hurtowy dostawca chemikali\u00f3w badawczych, 4mmc, 3mmc, MDPHP, Alpha PVP i innych","description":"Hurtowa sprzeda\u017c chemikali\u00f3w badawczych","potentialAction":[{"@type":"SearchAction","target":{"@type":"EntryPoint","urlTemplate":"https:\/\/frcs-research.com\/?s={search_term_string}"},"query-input":{"@type":"PropertyValueSpecification","valueRequired":true,"valueName":"search_term_string"}}],"inLanguage":"pl-PL"}]},"product_price_amount":"1300.00","product_price_currency":"EUR","og_availability":"instock","product_availability":"instock","product_condition":"new"},"uagb_featured_image_src":{"full":["https:\/\/frcs-research.com\/wp-content\/uploads\/2024\/10\/199343154704198.jpg",300,300,false],"thumbnail":["https:\/\/frcs-research.com\/wp-content\/uploads\/2024\/10\/199343154704198-150x150.jpg",150,150,true],"medium":["https:\/\/frcs-research.com\/wp-content\/uploads\/2024\/10\/199343154704198.jpg",300,300,false],"medium_large":["https:\/\/frcs-research.com\/wp-content\/uploads\/2024\/10\/199343154704198.jpg",300,300,false],"large":["https:\/\/frcs-research.com\/wp-content\/uploads\/2024\/10\/199343154704198.jpg",300,300,false],"1536x1536":["https:\/\/frcs-research.com\/wp-content\/uploads\/2024\/10\/199343154704198.jpg",300,300,false],"2048x2048":["https:\/\/frcs-research.com\/wp-content\/uploads\/2024\/10\/199343154704198.jpg",300,300,false],"trp-custom-language-flag":["https:\/\/frcs-research.com\/wp-content\/uploads\/2024\/10\/199343154704198.jpg",12,12,false],"post-thumbnail":["https:\/\/frcs-research.com\/wp-content\/uploads\/2024\/10\/199343154704198.jpg",300,300,false],"elite-commerce-slider":["https:\/\/frcs-research.com\/wp-content\/uploads\/2024\/10\/199343154704198.jpg",300,300,false],"elite-commerce-hero":["https:\/\/frcs-research.com\/wp-content\/uploads\/2024\/10\/199343154704198.jpg",300,300,false],"elite-commerce-portfolio":["https:\/\/frcs-research.com\/wp-content\/uploads\/2024\/10\/199343154704198.jpg",300,300,false],"woocommerce_thumbnail":["https:\/\/frcs-research.com\/wp-content\/uploads\/2024\/10\/199343154704198.jpg",300,300,false],"woocommerce_single":["https:\/\/frcs-research.com\/wp-content\/uploads\/2024\/10\/199343154704198.jpg",300,300,false],"woocommerce_gallery_thumbnail":["https:\/\/frcs-research.com\/wp-content\/uploads\/2024\/10\/199343154704198-100x100.jpg",100,100,true]},"uagb_author_info":{"display_name":"Richard Wood","author_link":"https:\/\/frcs-research.com\/pl\/author\/"},"uagb_comment_info":724,"uagb_excerpt":"Buy Zolpidem Powder Online &#8211; Effective Sleep Aid Purchase Zolpidem powder online for effective insomnia treatment. Ambien helps you fall asleep quickly. Buy now from trusted vendors for restful nights!&#8221;&hellip;&euro;1,400.00 Oryginalna cena wynosi\u0142a: &euro;1,400.00.&euro;1,300.00Aktualna cena wynosi: &euro;1,300.00.Dodaj do koszyka","_links":{"self":[{"href":"https:\/\/frcs-research.com\/pl\/wp-json\/wp\/v2\/product\/708","targetHints":{"allow":["GET"]}}],"collection":[{"href":"https:\/\/frcs-research.com\/pl\/wp-json\/wp\/v2\/product"}],"about":[{"href":"https:\/\/frcs-research.com\/pl\/wp-json\/wp\/v2\/types\/product"}],"replies":[{"embeddable":true,"href":"https:\/\/frcs-research.com\/pl\/wp-json\/wp\/v2\/comments?post=708"}],"wp:featuredmedia":[{"embeddable":true,"href":"https:\/\/frcs-research.com\/pl\/wp-json\/wp\/v2\/media\/709"}],"wp:attachment":[{"href":"https:\/\/frcs-research.com\/pl\/wp-json\/wp\/v2\/media?parent=708"}],"wp:term":[{"taxonomy":"product_brand","embeddable":true,"href":"https:\/\/frcs-research.com\/pl\/wp-json\/wp\/v2\/product_brand?post=708"},{"taxonomy":"product_cat","embeddable":true,"href":"https:\/\/frcs-research.com\/pl\/wp-json\/wp\/v2\/product_cat?post=708"},{"taxonomy":"product_tag","embeddable":true,"href":"https:\/\/frcs-research.com\/pl\/wp-json\/wp\/v2\/product_tag?post=708"}],"curies":[{"name":"wp","href":"https:\/\/api.w.org\/{rel}","templated":true}]}}