{"id":716,"date":"2024-10-12T21:13:29","date_gmt":"2024-10-12T21:13:29","guid":{"rendered":"https:\/\/frcs-research.com\/?post_type=product&#038;p=716"},"modified":"2026-04-18T16:42:24","modified_gmt":"2026-04-18T16:42:24","slug":"kup-proszek-am-2201","status":"publish","type":"product","link":"https:\/\/frcs-research.com\/pl\/product\/kup-proszek-am-2201\/","title":{"rendered":"AM-2201 Syntetyczny kannabinoid"},"content":{"rendered":"<h1>Kup AM-2201, odczynniki badawcze AM-2201, proszek AM-2201 na sprzeda\u017c<\/h1>\n<p><strong>Opis<\/strong>: <strong>AM-2201<\/strong> jest kolejnym powszechnie stosowanym syntetycznym kannabinoidem o strukturze podobnej do <strong>JWH-018<\/strong>. Jest stosowany w badaniach nad kannabinoidami ze wzgl\u0119du na jego silne dzia\u0142anie na <strong>receptory kanabinoidowe<\/strong>, szczeg\u00f3lnie receptory CB1 i CB2. Naukowcy ceni\u0105 AM-2201 za jego zdolno\u015b\u0107 do dawania przewidywalnych i sp\u00f3jnych wynik\u00f3w w <strong>badania psychoaktywne<\/strong>. <strong>Badania FRCS<\/strong> zapewnia <strong>proszek AM-2201 o wysokiej czysto\u015bci<\/strong>, idealny do ka\u017cdego laboratorium.<\/p>","protected":false},"excerpt":{"rendered":"<p>Buy AM-2201, AM-2201 research chemicals, AM-2201 powder for sale Description: AM-2201 is another widely used synthetic cannabinoid, similar in structure to JWH-018. It is used in cannabinoid research for its&hellip;<\/p>\n<p class=\"product woocommerce add_to_cart_inline\" style=\"border:4px solid #ccc; padding: 12px;\"><del aria-hidden=\"true\"><span class=\"woocommerce-Price-amount amount\"><bdi><span class=\"woocommerce-Price-currencySymbol\">&euro;<\/span>1,700.00<\/bdi><\/span><\/del> <span class=\"screen-reader-text\" data-no-translation=\"\" data-trp-gettext=\"\">Oryginalna cena wynosi\u0142a: &euro;1,700.00.<\/span><ins aria-hidden=\"true\"><span class=\"woocommerce-Price-amount amount\"><bdi><span class=\"woocommerce-Price-currencySymbol\">&euro;<\/span>1,100.00<\/bdi><\/span><\/ins><span class=\"screen-reader-text\" data-no-translation=\"\" data-trp-gettext=\"\">Aktualna cena wynosi: &euro;1,100.00.<\/span><a href=\"\/pl\/wp-json\/wp\/v2\/product\/716?add-to-cart=716\" aria-describedby=\"woocommerce_loop_add_to_cart_link_describedby_716\" data-quantity=\"1\" class=\"button product_type_simple add_to_cart_button ajax_add_to_cart\" data-product_id=\"716\" data-product_sku=\"\" aria-label=\"Dodaj do koszyka: \u201eAM-2201 Synthetic Cannabinoid\u201d\" rel=\"nofollow\" data-success_message=\"\u201cAM-2201 Synthetic Cannabinoid\u201d zosta\u0142 dodany do twojego koszyka\" data-no-translation=\"\" data-trp-gettext=\"\" data-no-translation-aria-label=\"\" data-no-translation-data-success_message=\"\">Dodaj do koszyka<\/a>\t<span id=\"woocommerce_loop_add_to_cart_link_describedby_716\" class=\"screen-reader-text\"><br \/>\n\t\t\t<\/span><\/p>","protected":false},"featured_media":717,"comment_status":"open","ping_status":"closed","template":"","meta":{"_uag_custom_page_level_css":""},"product_brand":[],"product_cat":[25],"product_tag":[],"class_list":{"0":"post-716","1":"product","2":"type-product","3":"status-publish","4":"has-post-thumbnail","6":"product_cat-synthetic-cannabinoids","8":"first","9":"instock","10":"sale","11":"shipping-taxable","12":"purchasable","13":"product-type-simple"},"yoast_head":"<!-- This site is optimized with the Yoast SEO plugin v27.1.1 - https:\/\/yoast.com\/product\/yoast-seo-wordpress\/ -->\n<title>Buy AM-2201 powder from FRCS Research<\/title>\n<meta name=\"description\" content=\"Buy AM-2201 powder online from FRCS Research. High-purity AM-2201 powder available with discreet global shipping. Ideal for cannabinoid research.\" \/>\n<meta name=\"robots\" content=\"index, follow, max-snippet:-1, max-image-preview:large, max-video-preview:-1\" \/>\n<link rel=\"canonical\" href=\"https:\/\/frcs-research.com\/pl\/product\/kup-proszek-am-2201\/\" \/>\n<meta property=\"og:locale\" content=\"pl_PL\" \/>\n<meta property=\"og:type\" content=\"article\" \/>\n<meta property=\"og:title\" content=\"Buy AM-2201 powder from FRCS Research\" \/>\n<meta property=\"og:description\" content=\"Buy AM-2201 powder online from FRCS Research. High-purity AM-2201 powder available with discreet global shipping. Ideal for cannabinoid research.\" \/>\n<meta property=\"og:url\" content=\"https:\/\/frcs-research.com\/pl\/product\/kup-proszek-am-2201\/\" \/>\n<meta property=\"og:site_name\" content=\"wholesale supplier of research chemicals, 4mmc, 3mmc, MDPHP, Alpha PVP and more\" \/>\n<meta property=\"article:modified_time\" content=\"2026-04-18T16:42:24+00:00\" \/>\n<meta property=\"og:image\" content=\"https:\/\/frcs-research.com\/wp-content\/uploads\/2024\/10\/buy-5f-edmb-2201-online.jpg\" \/>\n\t<meta property=\"og:image:width\" content=\"768\" \/>\n\t<meta property=\"og:image:height\" content=\"768\" \/>\n\t<meta property=\"og:image:type\" content=\"image\/jpeg\" \/>\n<meta name=\"twitter:card\" content=\"summary_large_image\" \/>\n<meta name=\"twitter:label1\" content=\"Cena\" \/>\n\t<meta name=\"twitter:data1\" content=\"&euro;1,100.00\" \/>\n\t<meta name=\"twitter:label2\" content=\"Dost\u0119pno\u015b\u0107\" \/>\n\t<meta name=\"twitter:data2\" content=\"Dost\u0119pny\" \/>\n<script type=\"application\/ld+json\" class=\"yoast-schema-graph\">{\"@context\":\"https:\/\/schema.org\",\"@graph\":[{\"@type\":[\"WebPage\",\"ItemPage\"],\"@id\":\"https:\/\/frcs-research.com\/product\/buy-am-2201-powder\/\",\"url\":\"https:\/\/frcs-research.com\/product\/buy-am-2201-powder\/\",\"name\":\"Buy AM-2201 powder from FRCS Research\",\"isPartOf\":{\"@id\":\"https:\/\/frcs-research.com\/#website\"},\"primaryImageOfPage\":{\"@id\":\"https:\/\/frcs-research.com\/product\/buy-am-2201-powder\/#primaryimage\"},\"image\":{\"@id\":\"https:\/\/frcs-research.com\/product\/buy-am-2201-powder\/#primaryimage\"},\"thumbnailUrl\":\"https:\/\/frcs-research.com\/wp-content\/uploads\/2024\/10\/buy-5f-edmb-2201-online.jpg\",\"datePublished\":\"2024-10-12T21:13:29+00:00\",\"dateModified\":\"2026-04-18T16:42:24+00:00\",\"description\":\"Buy AM-2201 powder online from FRCS Research. High-purity AM-2201 powder available with discreet global shipping. Ideal for cannabinoid research.\",\"breadcrumb\":{\"@id\":\"https:\/\/frcs-research.com\/product\/buy-am-2201-powder\/#breadcrumb\"},\"inLanguage\":\"pl-PL\",\"potentialAction\":[{\"@type\":\"ReadAction\",\"target\":[\"https:\/\/frcs-research.com\/product\/buy-am-2201-powder\/\"]}]},{\"@type\":\"ImageObject\",\"inLanguage\":\"pl-PL\",\"@id\":\"https:\/\/frcs-research.com\/product\/buy-am-2201-powder\/#primaryimage\",\"url\":\"https:\/\/frcs-research.com\/wp-content\/uploads\/2024\/10\/buy-5f-edmb-2201-online.jpg\",\"contentUrl\":\"https:\/\/frcs-research.com\/wp-content\/uploads\/2024\/10\/buy-5f-edmb-2201-online.jpg\",\"width\":768,\"height\":768,\"caption\":\"Buy AM-2201 powder\"},{\"@type\":\"BreadcrumbList\",\"@id\":\"https:\/\/frcs-research.com\/product\/buy-am-2201-powder\/#breadcrumb\",\"itemListElement\":[{\"@type\":\"ListItem\",\"position\":1,\"name\":\"Home\",\"item\":\"https:\/\/frcs-research.com\/\"},{\"@type\":\"ListItem\",\"position\":2,\"name\":\"Shop\",\"item\":\"https:\/\/frcs-research.com\/shop\/\"},{\"@type\":\"ListItem\",\"position\":3,\"name\":\"AM-2201 Synthetic Cannabinoid\"}]},{\"@type\":\"WebSite\",\"@id\":\"https:\/\/frcs-research.com\/#website\",\"url\":\"https:\/\/frcs-research.com\/\",\"name\":\"wholesale supplier of research chemicals, 4mmc, 3mmc, MDPHP, Alpha PVP and more\",\"description\":\"Wholesale research chemicals\",\"potentialAction\":[{\"@type\":\"SearchAction\",\"target\":{\"@type\":\"EntryPoint\",\"urlTemplate\":\"https:\/\/frcs-research.com\/?s={search_term_string}\"},\"query-input\":{\"@type\":\"PropertyValueSpecification\",\"valueRequired\":true,\"valueName\":\"search_term_string\"}}],\"inLanguage\":\"pl-PL\"}]}<\/script>\n<meta property=\"product:price:amount\" content=\"1100.00\" \/>\n<meta property=\"product:price:currency\" content=\"EUR\" \/>\n<meta property=\"og:availability\" content=\"instock\" \/>\n<meta property=\"product:availability\" content=\"instock\" \/>\n<meta property=\"product:condition\" content=\"new\" \/>\n<!-- \/ Yoast SEO plugin. -->","yoast_head_json":{"title":"Kup proszek AM-2201 od FRCS Research","description":"Kup proszek AM-2201 online w FRCS Research. Proszek AM-2201 o wysokiej czysto\u015bci dost\u0119pny z dyskretn\u0105 wysy\u0142k\u0105 na ca\u0142y \u015bwiat. Idealny do bada\u0144 nad kannabinoidami.","robots":{"index":"index","follow":"follow","max-snippet":"max-snippet:-1","max-image-preview":"max-image-preview:large","max-video-preview":"max-video-preview:-1"},"canonical":"https:\/\/frcs-research.com\/pl\/product\/kup-proszek-am-2201\/","og_locale":"pl_PL","og_type":"article","og_title":"Buy AM-2201 powder from FRCS Research","og_description":"Buy AM-2201 powder online from FRCS Research. High-purity AM-2201 powder available with discreet global shipping. Ideal for cannabinoid research.","og_url":"https:\/\/frcs-research.com\/pl\/product\/kup-proszek-am-2201\/","og_site_name":"wholesale supplier of research chemicals, 4mmc, 3mmc, MDPHP, Alpha PVP and more","article_modified_time":"2026-04-18T16:42:24+00:00","og_image":[{"width":768,"height":768,"url":"https:\/\/frcs-research.com\/wp-content\/uploads\/2024\/10\/buy-5f-edmb-2201-online.jpg","type":"image\/jpeg"}],"twitter_card":"summary_large_image","twitter_misc":{"Cena":"&euro;1,100.00","Dost\u0119pno\u015b\u0107":"Dost\u0119pny"},"schema":{"@context":"https:\/\/schema.org","@graph":[{"@type":["WebPage","ItemPage"],"@id":"https:\/\/frcs-research.com\/product\/buy-am-2201-powder\/","url":"https:\/\/frcs-research.com\/product\/buy-am-2201-powder\/","name":"Kup proszek AM-2201 od FRCS Research","isPartOf":{"@id":"https:\/\/frcs-research.com\/#website"},"primaryImageOfPage":{"@id":"https:\/\/frcs-research.com\/product\/buy-am-2201-powder\/#primaryimage"},"image":{"@id":"https:\/\/frcs-research.com\/product\/buy-am-2201-powder\/#primaryimage"},"thumbnailUrl":"https:\/\/frcs-research.com\/wp-content\/uploads\/2024\/10\/buy-5f-edmb-2201-online.jpg","datePublished":"2024-10-12T21:13:29+00:00","dateModified":"2026-04-18T16:42:24+00:00","description":"Kup proszek AM-2201 online w FRCS Research. Proszek AM-2201 o wysokiej czysto\u015bci dost\u0119pny z dyskretn\u0105 wysy\u0142k\u0105 na ca\u0142y \u015bwiat. Idealny do bada\u0144 nad kannabinoidami.","breadcrumb":{"@id":"https:\/\/frcs-research.com\/product\/buy-am-2201-powder\/#breadcrumb"},"inLanguage":"pl-PL","potentialAction":[{"@type":"ReadAction","target":["https:\/\/frcs-research.com\/product\/buy-am-2201-powder\/"]}]},{"@type":"ImageObject","inLanguage":"pl-PL","@id":"https:\/\/frcs-research.com\/product\/buy-am-2201-powder\/#primaryimage","url":"https:\/\/frcs-research.com\/wp-content\/uploads\/2024\/10\/buy-5f-edmb-2201-online.jpg","contentUrl":"https:\/\/frcs-research.com\/wp-content\/uploads\/2024\/10\/buy-5f-edmb-2201-online.jpg","width":768,"height":768,"caption":"Buy AM-2201 powder"},{"@type":"BreadcrumbList","@id":"https:\/\/frcs-research.com\/product\/buy-am-2201-powder\/#breadcrumb","itemListElement":[{"@type":"ListItem","position":1,"name":"Home","item":"https:\/\/frcs-research.com\/"},{"@type":"ListItem","position":2,"name":"Shop","item":"https:\/\/frcs-research.com\/shop\/"},{"@type":"ListItem","position":3,"name":"AM-2201 Synthetic Cannabinoid"}]},{"@type":"WebSite","@id":"https:\/\/frcs-research.com\/#website","url":"https:\/\/frcs-research.com\/","name":"hurtowy dostawca chemikali\u00f3w badawczych, 4mmc, 3mmc, MDPHP, Alpha PVP i innych","description":"Hurtowa sprzeda\u017c chemikali\u00f3w badawczych","potentialAction":[{"@type":"SearchAction","target":{"@type":"EntryPoint","urlTemplate":"https:\/\/frcs-research.com\/?s={search_term_string}"},"query-input":{"@type":"PropertyValueSpecification","valueRequired":true,"valueName":"search_term_string"}}],"inLanguage":"pl-PL"}]},"product_price_amount":"1100.00","product_price_currency":"EUR","og_availability":"instock","product_availability":"instock","product_condition":"new"},"uagb_featured_image_src":{"full":["https:\/\/frcs-research.com\/wp-content\/uploads\/2024\/10\/buy-5f-edmb-2201-online.jpg",768,768,false],"thumbnail":["https:\/\/frcs-research.com\/wp-content\/uploads\/2024\/10\/buy-5f-edmb-2201-online-150x150.jpg",150,150,true],"medium":["https:\/\/frcs-research.com\/wp-content\/uploads\/2024\/10\/buy-5f-edmb-2201-online-300x300.jpg",300,300,true],"medium_large":["https:\/\/frcs-research.com\/wp-content\/uploads\/2024\/10\/buy-5f-edmb-2201-online.jpg",768,768,false],"large":["https:\/\/frcs-research.com\/wp-content\/uploads\/2024\/10\/buy-5f-edmb-2201-online.jpg",768,768,false],"1536x1536":["https:\/\/frcs-research.com\/wp-content\/uploads\/2024\/10\/buy-5f-edmb-2201-online.jpg",768,768,false],"2048x2048":["https:\/\/frcs-research.com\/wp-content\/uploads\/2024\/10\/buy-5f-edmb-2201-online.jpg",768,768,false],"trp-custom-language-flag":["https:\/\/frcs-research.com\/wp-content\/uploads\/2024\/10\/buy-5f-edmb-2201-online.jpg",12,12,false],"post-thumbnail":["https:\/\/frcs-research.com\/wp-content\/uploads\/2024\/10\/buy-5f-edmb-2201-online.jpg",620,620,false],"elite-commerce-slider":["https:\/\/frcs-research.com\/wp-content\/uploads\/2024\/10\/buy-5f-edmb-2201-online.jpg",768,768,false],"elite-commerce-hero":["https:\/\/frcs-research.com\/wp-content\/uploads\/2024\/10\/buy-5f-edmb-2201-online.jpg",600,600,false],"elite-commerce-portfolio":["https:\/\/frcs-research.com\/wp-content\/uploads\/2024\/10\/buy-5f-edmb-2201-online.jpg",400,400,false],"woocommerce_thumbnail":["https:\/\/frcs-research.com\/wp-content\/uploads\/2024\/10\/buy-5f-edmb-2201-online-300x300.jpg",300,300,true],"woocommerce_single":["https:\/\/frcs-research.com\/wp-content\/uploads\/2024\/10\/buy-5f-edmb-2201-online-600x600.jpg",600,600,true],"woocommerce_gallery_thumbnail":["https:\/\/frcs-research.com\/wp-content\/uploads\/2024\/10\/buy-5f-edmb-2201-online-100x100.jpg",100,100,true]},"uagb_author_info":{"display_name":"Richard Wood","author_link":"https:\/\/frcs-research.com\/pl\/author\/"},"uagb_comment_info":845,"uagb_excerpt":"Buy AM-2201, AM-2201 research chemicals, AM-2201 powder for sale Description: AM-2201 is another widely used synthetic cannabinoid, similar in structure to JWH-018. It is used in cannabinoid research for its&hellip;&euro;1,700.00 Oryginalna cena wynosi\u0142a: &euro;1,700.00.&euro;1,100.00Aktualna cena wynosi: &euro;1,100.00.Dodaj do koszyka","_links":{"self":[{"href":"https:\/\/frcs-research.com\/pl\/wp-json\/wp\/v2\/product\/716","targetHints":{"allow":["GET"]}}],"collection":[{"href":"https:\/\/frcs-research.com\/pl\/wp-json\/wp\/v2\/product"}],"about":[{"href":"https:\/\/frcs-research.com\/pl\/wp-json\/wp\/v2\/types\/product"}],"replies":[{"embeddable":true,"href":"https:\/\/frcs-research.com\/pl\/wp-json\/wp\/v2\/comments?post=716"}],"wp:featuredmedia":[{"embeddable":true,"href":"https:\/\/frcs-research.com\/pl\/wp-json\/wp\/v2\/media\/717"}],"wp:attachment":[{"href":"https:\/\/frcs-research.com\/pl\/wp-json\/wp\/v2\/media?parent=716"}],"wp:term":[{"taxonomy":"product_brand","embeddable":true,"href":"https:\/\/frcs-research.com\/pl\/wp-json\/wp\/v2\/product_brand?post=716"},{"taxonomy":"product_cat","embeddable":true,"href":"https:\/\/frcs-research.com\/pl\/wp-json\/wp\/v2\/product_cat?post=716"},{"taxonomy":"product_tag","embeddable":true,"href":"https:\/\/frcs-research.com\/pl\/wp-json\/wp\/v2\/product_tag?post=716"}],"curies":[{"name":"wp","href":"https:\/\/api.w.org\/{rel}","templated":true}]}}