{"id":720,"date":"2024-10-12T21:23:31","date_gmt":"2024-10-12T21:23:31","guid":{"rendered":"https:\/\/frcs-research.com\/?post_type=product&#038;p=720"},"modified":"2026-04-02T21:42:23","modified_gmt":"2026-04-02T21:42:23","slug":"od-fubinaca","status":"publish","type":"product","link":"https:\/\/frcs-research.com\/pl\/product\/od-fubinaca\/","title":{"rendered":"AB-FUBINACA"},"content":{"rendered":"<h1>Kup AB-FUBINACA, AB-FUBINACA research chemicals, AB-FUBINACA syntetyczne kannabinoidy<\/h1>\n<p><strong>Opis<\/strong>:Oryginalnie opracowany dla <strong>badania farmaceutyczne<\/strong>, <strong>AB-FUBINACA<\/strong> jest syntetycznym kannabinoidem znanym z silnego wi\u0105zania si\u0119 z receptorami CB1. Sta\u0142 si\u0119 kluczow\u0105 substancj\u0105 w badaniach nad kannabinoidami do badania <strong>szlaki neurochemiczne<\/strong> I <strong>efekty psychoaktywne<\/strong>. <strong>Badania FRCS<\/strong> oferty <strong>Proszek AB-FUBINACA<\/strong> w ilo\u015bciach hurtowych, idealne do projekt\u00f3w badawczych na du\u017c\u0105 skal\u0119.<\/p>","protected":false},"excerpt":{"rendered":"<p>Buy AB-FUBINACA, AB-FUBINACA research chemicals, AB-FUBINACA synthetic cannabinoids Description: Originally developed for pharmaceutical research, AB-FUBINACA is a synthetic cannabinoid known for its strong binding to CB1 receptors. It has become&hellip;<\/p>\n<p class=\"product woocommerce add_to_cart_inline\" style=\"border:4px solid #ccc; padding: 12px;\"><del aria-hidden=\"true\"><span class=\"woocommerce-Price-amount amount\"><bdi><span class=\"woocommerce-Price-currencySymbol\">&euro;<\/span>1,300.00<\/bdi><\/span><\/del> <span class=\"screen-reader-text\" data-no-translation=\"\" data-trp-gettext=\"\">Oryginalna cena wynosi\u0142a: &euro;1,300.00.<\/span><ins aria-hidden=\"true\"><span class=\"woocommerce-Price-amount amount\"><bdi><span class=\"woocommerce-Price-currencySymbol\">&euro;<\/span>900.00<\/bdi><\/span><\/ins><span class=\"screen-reader-text\" data-no-translation=\"\" data-trp-gettext=\"\">Aktualna cena wynosi: &euro;900.00.<\/span><a href=\"\/pl\/wp-json\/wp\/v2\/product\/720?add-to-cart=720\" aria-describedby=\"woocommerce_loop_add_to_cart_link_describedby_720\" data-quantity=\"1\" class=\"button product_type_simple add_to_cart_button ajax_add_to_cart\" data-product_id=\"720\" data-product_sku=\"\" aria-label=\"Dodaj do koszyka: \u201eAB-FUBINACA\u201d\" rel=\"nofollow\" data-success_message=\"\u201cAB-FUBINACA\u201d zosta\u0142 dodany do twojego koszyka\" data-no-translation=\"\" data-trp-gettext=\"\" data-no-translation-aria-label=\"\" data-no-translation-data-success_message=\"\">Dodaj do koszyka<\/a>\t<span id=\"woocommerce_loop_add_to_cart_link_describedby_720\" class=\"screen-reader-text\"><br \/>\n\t\t\t<\/span><\/p>","protected":false},"featured_media":721,"comment_status":"open","ping_status":"closed","template":"","meta":{"_uag_custom_page_level_css":""},"product_brand":[],"product_cat":[25],"product_tag":[114,111,118,113,112,119,116,117,115],"class_list":{"0":"post-720","1":"product","2":"type-product","3":"status-publish","4":"has-post-thumbnail","6":"product_cat-synthetic-cannabinoids","7":"product_tag-ab-chminaca","8":"product_tag-ab-fubinaca","9":"product_tag-fake-weed","10":"product_tag-fub-ab","11":"product_tag-fub-ab-pinaca","12":"product_tag-herbal-incense","13":"product_tag-k2","14":"product_tag-spice","15":"product_tag-synthetic-weed","17":"first","18":"instock","19":"sale","20":"shipping-taxable","21":"purchasable","22":"product-type-simple"},"yoast_head":"<!-- This site is optimized with the Yoast SEO plugin v27.1.1 - https:\/\/yoast.com\/product\/yoast-seo-wordpress\/ -->\n<title>Buy AB-FUBINACA today from FRCS Research<\/title>\n<meta name=\"description\" content=\"Buy AB-FUBINACA for cannabinoid research at FRCS Research. High-purity AB-FUBINACA powder with discreet worldwide shipping.\" \/>\n<meta name=\"robots\" content=\"index, follow, max-snippet:-1, max-image-preview:large, max-video-preview:-1\" \/>\n<link rel=\"canonical\" href=\"https:\/\/frcs-research.com\/pl\/product\/od-fubinaca\/\" \/>\n<meta property=\"og:locale\" content=\"pl_PL\" \/>\n<meta property=\"og:type\" content=\"article\" \/>\n<meta property=\"og:title\" content=\"Buy AB-FUBINACA today from FRCS Research\" \/>\n<meta property=\"og:description\" content=\"Buy AB-FUBINACA for cannabinoid research at FRCS Research. High-purity AB-FUBINACA powder with discreet worldwide shipping.\" \/>\n<meta property=\"og:url\" content=\"https:\/\/frcs-research.com\/pl\/product\/od-fubinaca\/\" \/>\n<meta property=\"og:site_name\" content=\"wholesale supplier of research chemicals, 4mmc, 3mmc, MDPHP, Alpha PVP and more\" \/>\n<meta property=\"article:modified_time\" content=\"2026-04-02T21:42:23+00:00\" \/>\n<meta property=\"og:image\" content=\"https:\/\/frcs-research.com\/wp-content\/uploads\/2024\/10\/classified-4071134.jpg\" \/>\n\t<meta property=\"og:image:width\" content=\"640\" \/>\n\t<meta property=\"og:image:height\" content=\"480\" \/>\n\t<meta property=\"og:image:type\" content=\"image\/jpeg\" \/>\n<meta name=\"twitter:card\" content=\"summary_large_image\" \/>\n<meta name=\"twitter:label1\" content=\"Cena\" \/>\n\t<meta name=\"twitter:data1\" content=\"&euro;900.00\" \/>\n\t<meta name=\"twitter:label2\" content=\"Dost\u0119pno\u015b\u0107\" \/>\n\t<meta name=\"twitter:data2\" content=\"Dost\u0119pny\" \/>\n<script type=\"application\/ld+json\" class=\"yoast-schema-graph\">{\"@context\":\"https:\/\/schema.org\",\"@graph\":[{\"@type\":[\"WebPage\",\"ItemPage\"],\"@id\":\"https:\/\/frcs-research.com\/product\/ab-fubinaca\/\",\"url\":\"https:\/\/frcs-research.com\/product\/ab-fubinaca\/\",\"name\":\"Buy AB-FUBINACA today from FRCS Research\",\"isPartOf\":{\"@id\":\"https:\/\/frcs-research.com\/#website\"},\"primaryImageOfPage\":{\"@id\":\"https:\/\/frcs-research.com\/product\/ab-fubinaca\/#primaryimage\"},\"image\":{\"@id\":\"https:\/\/frcs-research.com\/product\/ab-fubinaca\/#primaryimage\"},\"thumbnailUrl\":\"https:\/\/frcs-research.com\/wp-content\/uploads\/2024\/10\/classified-4071134.jpg\",\"datePublished\":\"2024-10-12T21:23:31+00:00\",\"dateModified\":\"2026-04-02T21:42:23+00:00\",\"description\":\"Buy AB-FUBINACA for cannabinoid research at FRCS Research. High-purity AB-FUBINACA powder with discreet worldwide shipping.\",\"breadcrumb\":{\"@id\":\"https:\/\/frcs-research.com\/product\/ab-fubinaca\/#breadcrumb\"},\"inLanguage\":\"pl-PL\",\"potentialAction\":[{\"@type\":\"ReadAction\",\"target\":[\"https:\/\/frcs-research.com\/product\/ab-fubinaca\/\"]}]},{\"@type\":\"ImageObject\",\"inLanguage\":\"pl-PL\",\"@id\":\"https:\/\/frcs-research.com\/product\/ab-fubinaca\/#primaryimage\",\"url\":\"https:\/\/frcs-research.com\/wp-content\/uploads\/2024\/10\/classified-4071134.jpg\",\"contentUrl\":\"https:\/\/frcs-research.com\/wp-content\/uploads\/2024\/10\/classified-4071134.jpg\",\"width\":640,\"height\":480,\"caption\":\"Buy AB-FUBINACA\"},{\"@type\":\"BreadcrumbList\",\"@id\":\"https:\/\/frcs-research.com\/product\/ab-fubinaca\/#breadcrumb\",\"itemListElement\":[{\"@type\":\"ListItem\",\"position\":1,\"name\":\"Home\",\"item\":\"https:\/\/frcs-research.com\/\"},{\"@type\":\"ListItem\",\"position\":2,\"name\":\"Shop\",\"item\":\"https:\/\/frcs-research.com\/shop\/\"},{\"@type\":\"ListItem\",\"position\":3,\"name\":\"AB-FUBINACA\"}]},{\"@type\":\"WebSite\",\"@id\":\"https:\/\/frcs-research.com\/#website\",\"url\":\"https:\/\/frcs-research.com\/\",\"name\":\"wholesale supplier of research chemicals, 4mmc, 3mmc, MDPHP, Alpha PVP and more\",\"description\":\"Wholesale research chemicals\",\"potentialAction\":[{\"@type\":\"SearchAction\",\"target\":{\"@type\":\"EntryPoint\",\"urlTemplate\":\"https:\/\/frcs-research.com\/?s={search_term_string}\"},\"query-input\":{\"@type\":\"PropertyValueSpecification\",\"valueRequired\":true,\"valueName\":\"search_term_string\"}}],\"inLanguage\":\"pl-PL\"}]}<\/script>\n<meta property=\"product:price:amount\" content=\"900.00\" \/>\n<meta property=\"product:price:currency\" content=\"EUR\" \/>\n<meta property=\"og:availability\" content=\"instock\" \/>\n<meta property=\"product:availability\" content=\"instock\" \/>\n<meta property=\"product:condition\" content=\"new\" \/>\n<!-- \/ Yoast SEO plugin. -->","yoast_head_json":{"title":"Kup AB-FUBINACA ju\u017c dzi\u015b w FRCS Research","description":"Kup AB-FUBINACA do bada\u0144 nad kannabinoidami w FRCS Research. Proszek AB-FUBINACA o wysokiej czysto\u015bci z dyskretn\u0105 wysy\u0142k\u0105 na ca\u0142y \u015bwiat.","robots":{"index":"index","follow":"follow","max-snippet":"max-snippet:-1","max-image-preview":"max-image-preview:large","max-video-preview":"max-video-preview:-1"},"canonical":"https:\/\/frcs-research.com\/pl\/product\/od-fubinaca\/","og_locale":"pl_PL","og_type":"article","og_title":"Buy AB-FUBINACA today from FRCS Research","og_description":"Buy AB-FUBINACA for cannabinoid research at FRCS Research. High-purity AB-FUBINACA powder with discreet worldwide shipping.","og_url":"https:\/\/frcs-research.com\/pl\/product\/od-fubinaca\/","og_site_name":"wholesale supplier of research chemicals, 4mmc, 3mmc, MDPHP, Alpha PVP and more","article_modified_time":"2026-04-02T21:42:23+00:00","og_image":[{"width":640,"height":480,"url":"https:\/\/frcs-research.com\/wp-content\/uploads\/2024\/10\/classified-4071134.jpg","type":"image\/jpeg"}],"twitter_card":"summary_large_image","twitter_misc":{"Cena":"&euro;900.00","Dost\u0119pno\u015b\u0107":"Dost\u0119pny"},"schema":{"@context":"https:\/\/schema.org","@graph":[{"@type":["WebPage","ItemPage"],"@id":"https:\/\/frcs-research.com\/product\/ab-fubinaca\/","url":"https:\/\/frcs-research.com\/product\/ab-fubinaca\/","name":"Kup AB-FUBINACA ju\u017c dzi\u015b w FRCS Research","isPartOf":{"@id":"https:\/\/frcs-research.com\/#website"},"primaryImageOfPage":{"@id":"https:\/\/frcs-research.com\/product\/ab-fubinaca\/#primaryimage"},"image":{"@id":"https:\/\/frcs-research.com\/product\/ab-fubinaca\/#primaryimage"},"thumbnailUrl":"https:\/\/frcs-research.com\/wp-content\/uploads\/2024\/10\/classified-4071134.jpg","datePublished":"2024-10-12T21:23:31+00:00","dateModified":"2026-04-02T21:42:23+00:00","description":"Kup AB-FUBINACA do bada\u0144 nad kannabinoidami w FRCS Research. Proszek AB-FUBINACA o wysokiej czysto\u015bci z dyskretn\u0105 wysy\u0142k\u0105 na ca\u0142y \u015bwiat.","breadcrumb":{"@id":"https:\/\/frcs-research.com\/product\/ab-fubinaca\/#breadcrumb"},"inLanguage":"pl-PL","potentialAction":[{"@type":"ReadAction","target":["https:\/\/frcs-research.com\/product\/ab-fubinaca\/"]}]},{"@type":"ImageObject","inLanguage":"pl-PL","@id":"https:\/\/frcs-research.com\/product\/ab-fubinaca\/#primaryimage","url":"https:\/\/frcs-research.com\/wp-content\/uploads\/2024\/10\/classified-4071134.jpg","contentUrl":"https:\/\/frcs-research.com\/wp-content\/uploads\/2024\/10\/classified-4071134.jpg","width":640,"height":480,"caption":"Buy AB-FUBINACA"},{"@type":"BreadcrumbList","@id":"https:\/\/frcs-research.com\/product\/ab-fubinaca\/#breadcrumb","itemListElement":[{"@type":"ListItem","position":1,"name":"Home","item":"https:\/\/frcs-research.com\/"},{"@type":"ListItem","position":2,"name":"Shop","item":"https:\/\/frcs-research.com\/shop\/"},{"@type":"ListItem","position":3,"name":"AB-FUBINACA"}]},{"@type":"WebSite","@id":"https:\/\/frcs-research.com\/#website","url":"https:\/\/frcs-research.com\/","name":"hurtowy dostawca chemikali\u00f3w badawczych, 4mmc, 3mmc, MDPHP, Alpha PVP i innych","description":"Hurtowa sprzeda\u017c chemikali\u00f3w badawczych","potentialAction":[{"@type":"SearchAction","target":{"@type":"EntryPoint","urlTemplate":"https:\/\/frcs-research.com\/?s={search_term_string}"},"query-input":{"@type":"PropertyValueSpecification","valueRequired":true,"valueName":"search_term_string"}}],"inLanguage":"pl-PL"}]},"product_price_amount":"900.00","product_price_currency":"EUR","og_availability":"instock","product_availability":"instock","product_condition":"new"},"uagb_featured_image_src":{"full":["https:\/\/frcs-research.com\/wp-content\/uploads\/2024\/10\/classified-4071134.jpg",640,480,false],"thumbnail":["https:\/\/frcs-research.com\/wp-content\/uploads\/2024\/10\/classified-4071134-150x150.jpg",150,150,true],"medium":["https:\/\/frcs-research.com\/wp-content\/uploads\/2024\/10\/classified-4071134-300x225.jpg",300,225,true],"medium_large":["https:\/\/frcs-research.com\/wp-content\/uploads\/2024\/10\/classified-4071134.jpg",640,480,false],"large":["https:\/\/frcs-research.com\/wp-content\/uploads\/2024\/10\/classified-4071134.jpg",640,480,false],"1536x1536":["https:\/\/frcs-research.com\/wp-content\/uploads\/2024\/10\/classified-4071134.jpg",640,480,false],"2048x2048":["https:\/\/frcs-research.com\/wp-content\/uploads\/2024\/10\/classified-4071134.jpg",640,480,false],"trp-custom-language-flag":["https:\/\/frcs-research.com\/wp-content\/uploads\/2024\/10\/classified-4071134.jpg",16,12,false],"post-thumbnail":["https:\/\/frcs-research.com\/wp-content\/uploads\/2024\/10\/classified-4071134.jpg",640,480,false],"elite-commerce-slider":["https:\/\/frcs-research.com\/wp-content\/uploads\/2024\/10\/classified-4071134.jpg",640,480,false],"elite-commerce-hero":["https:\/\/frcs-research.com\/wp-content\/uploads\/2024\/10\/classified-4071134.jpg",600,450,false],"elite-commerce-portfolio":["https:\/\/frcs-research.com\/wp-content\/uploads\/2024\/10\/classified-4071134.jpg",400,300,false],"woocommerce_thumbnail":["https:\/\/frcs-research.com\/wp-content\/uploads\/2024\/10\/classified-4071134-300x300.jpg",300,300,true],"woocommerce_single":["https:\/\/frcs-research.com\/wp-content\/uploads\/2024\/10\/classified-4071134-600x450.jpg",600,450,true],"woocommerce_gallery_thumbnail":["https:\/\/frcs-research.com\/wp-content\/uploads\/2024\/10\/classified-4071134-100x100.jpg",100,100,true]},"uagb_author_info":{"display_name":"Richard Wood","author_link":"https:\/\/frcs-research.com\/pl\/author\/"},"uagb_comment_info":751,"uagb_excerpt":"Buy AB-FUBINACA, AB-FUBINACA research chemicals, AB-FUBINACA synthetic cannabinoids Description: Originally developed for pharmaceutical research, AB-FUBINACA is a synthetic cannabinoid known for its strong binding to CB1 receptors. It has become&hellip;&euro;1,300.00 Oryginalna cena wynosi\u0142a: &euro;1,300.00.&euro;900.00Aktualna cena wynosi: &euro;900.00.Dodaj do koszyka","_links":{"self":[{"href":"https:\/\/frcs-research.com\/pl\/wp-json\/wp\/v2\/product\/720","targetHints":{"allow":["GET"]}}],"collection":[{"href":"https:\/\/frcs-research.com\/pl\/wp-json\/wp\/v2\/product"}],"about":[{"href":"https:\/\/frcs-research.com\/pl\/wp-json\/wp\/v2\/types\/product"}],"replies":[{"embeddable":true,"href":"https:\/\/frcs-research.com\/pl\/wp-json\/wp\/v2\/comments?post=720"}],"wp:featuredmedia":[{"embeddable":true,"href":"https:\/\/frcs-research.com\/pl\/wp-json\/wp\/v2\/media\/721"}],"wp:attachment":[{"href":"https:\/\/frcs-research.com\/pl\/wp-json\/wp\/v2\/media?parent=720"}],"wp:term":[{"taxonomy":"product_brand","embeddable":true,"href":"https:\/\/frcs-research.com\/pl\/wp-json\/wp\/v2\/product_brand?post=720"},{"taxonomy":"product_cat","embeddable":true,"href":"https:\/\/frcs-research.com\/pl\/wp-json\/wp\/v2\/product_cat?post=720"},{"taxonomy":"product_tag","embeddable":true,"href":"https:\/\/frcs-research.com\/pl\/wp-json\/wp\/v2\/product_tag?post=720"}],"curies":[{"name":"wp","href":"https:\/\/api.w.org\/{rel}","templated":true}]}}