{"id":726,"date":"2024-10-12T21:45:11","date_gmt":"2024-10-12T21:45:11","guid":{"rendered":"https:\/\/frcs-research.com\/?post_type=product&#038;p=726"},"modified":"2026-04-22T21:22:52","modified_gmt":"2026-04-22T21:22:52","slug":"mdpv-metylenodioksypirowaleron","status":"publish","type":"product","link":"https:\/\/frcs-research.com\/pl\/product\/mdpv-metylenodioksypirowaleron\/","title":{"rendered":"MDPV (metylenodioksypirowaleron)"},"content":{"rendered":"<h1>Kup proszek MDPV (metylenodioksypyrowaleron)<\/h1>\n<p>MDPV, bardzo silny <strong>\u015brodek pobudzaj\u0105cy<\/strong> z <strong>rodzina katynon\u00f3w<\/strong>, jest znany ze swoich silnych w\u0142a\u015bciwo\u015bci energetyzuj\u0105cych, dzia\u0142aj\u0105c jako <strong>inhibitor wychwytu zwrotnego dopaminy<\/strong>. Naukowcy ceni\u0105 MDPV za badanie jego intensywnego wp\u0142ywu na o\u015brodkowy uk\u0142ad nerwowy i zachowanie. Je\u015bli chcesz <strong>kup MDPV<\/strong> w celach badawczych, <strong>Badania FRCS<\/strong> zapewnia najwy\u017cszej jako\u015bci proszek MDPV, dost\u0119pny dla <strong>dyskretna wysy\u0142ka na ca\u0142y \u015bwiat<\/strong>.<\/p>\n<ul>\n<li><strong>S\u0142owa kluczowe<\/strong>:kup MDPV, proszek MDPV na sprzeda\u017c, kup metylenodioksypirowaleron, odczynniki chemiczne do bada\u0144 MDPV.<\/li>\n<li><strong>Wezwanie do dzia\u0142ania<\/strong>: Zakup <strong>MDPV<\/strong> proszek z <strong>Badania FRCS<\/strong> za produkty najwy\u017cszej jako\u015bci oraz szybk\u0105 i dyskretn\u0105 dostaw\u0119 na ca\u0142y \u015bwiat.<\/li>\n<\/ul>","protected":false},"excerpt":{"rendered":"<p>Buy MDPV (Methylenedioxypyrovalerone) Powder MDPV, a highly potent stimulant from the cathinone family, is renowned for its powerful energizing effects, acting as a dopamine reuptake inhibitor. Researchers value MDPV for&hellip;<\/p>\n<p class=\"product woocommerce add_to_cart_inline\" style=\"border:4px solid #ccc; padding: 12px;\"><del aria-hidden=\"true\"><span class=\"woocommerce-Price-amount amount\"><bdi><span class=\"woocommerce-Price-currencySymbol\">&euro;<\/span>2,400.00<\/bdi><\/span><\/del> <span class=\"screen-reader-text\" data-no-translation=\"\" data-trp-gettext=\"\">Oryginalna cena wynosi\u0142a: &euro;2,400.00.<\/span><ins aria-hidden=\"true\"><span class=\"woocommerce-Price-amount amount\"><bdi><span class=\"woocommerce-Price-currencySymbol\">&euro;<\/span>2,110.00<\/bdi><\/span><\/ins><span class=\"screen-reader-text\" data-no-translation=\"\" data-trp-gettext=\"\">Aktualna cena wynosi: &euro;2,110.00.<\/span><a href=\"\/pl\/wp-json\/wp\/v2\/product\/726?add-to-cart=726\" aria-describedby=\"woocommerce_loop_add_to_cart_link_describedby_726\" data-quantity=\"1\" class=\"button product_type_simple add_to_cart_button ajax_add_to_cart\" data-product_id=\"726\" data-product_sku=\"\" aria-label=\"Dodaj do koszyka: \u201eMDPV (Methylenedioxypyrovalerone)\u201d\" rel=\"nofollow\" data-success_message=\"\u201cMDPV (Methylenedioxypyrovalerone)\u201d zosta\u0142 dodany do twojego koszyka\" data-no-translation=\"\" data-trp-gettext=\"\" data-no-translation-aria-label=\"\" data-no-translation-data-success_message=\"\">Dodaj do koszyka<\/a>\t<span id=\"woocommerce_loop_add_to_cart_link_describedby_726\" class=\"screen-reader-text\"><br \/>\n\t\t\t<\/span><\/p>","protected":false},"featured_media":727,"comment_status":"open","ping_status":"closed","template":"","meta":{"_uag_custom_page_level_css":""},"product_brand":[],"product_cat":[26],"product_tag":[],"class_list":{"0":"post-726","1":"product","2":"type-product","3":"status-publish","4":"has-post-thumbnail","6":"product_cat-synthetic-cathinones","8":"first","9":"instock","10":"sale","11":"shipping-taxable","12":"purchasable","13":"product-type-simple"},"yoast_head":"<!-- This site is optimized with the Yoast SEO plugin v27.1.1 - https:\/\/yoast.com\/product\/yoast-seo-wordpress\/ -->\n<title>MDPV powder for sale from FRCS Research for top-quality<\/title>\n<meta name=\"description\" content=\"MDPV powder for sale at FRCS Research. Buy methylenedioxypyrovalerone for research with discreet shipping worldwide. Secure your order today\" \/>\n<meta name=\"robots\" content=\"index, follow, max-snippet:-1, max-image-preview:large, max-video-preview:-1\" \/>\n<link rel=\"canonical\" href=\"https:\/\/frcs-research.com\/pl\/product\/mdpv-metylenodioksypirowaleron\/\" \/>\n<meta property=\"og:locale\" content=\"pl_PL\" \/>\n<meta property=\"og:type\" content=\"article\" \/>\n<meta property=\"og:title\" content=\"MDPV powder for sale from FRCS Research for top-quality\" \/>\n<meta property=\"og:description\" content=\"MDPV powder for sale at FRCS Research. Buy methylenedioxypyrovalerone for research with discreet shipping worldwide. Secure your order today\" \/>\n<meta property=\"og:url\" content=\"https:\/\/frcs-research.com\/pl\/product\/mdpv-metylenodioksypirowaleron\/\" \/>\n<meta property=\"og:site_name\" content=\"wholesale supplier of research chemicals, 4mmc, 3mmc, MDPHP, Alpha PVP and more\" \/>\n<meta property=\"article:modified_time\" content=\"2026-04-22T21:22:52+00:00\" \/>\n<meta property=\"og:image\" content=\"https:\/\/frcs-research.com\/wp-content\/uploads\/2024\/10\/66472efb31d2820171120152316_53120.jpg\" \/>\n\t<meta property=\"og:image:width\" content=\"400\" \/>\n\t<meta property=\"og:image:height\" content=\"400\" \/>\n\t<meta property=\"og:image:type\" content=\"image\/jpeg\" \/>\n<meta name=\"twitter:card\" content=\"summary_large_image\" \/>\n<meta name=\"twitter:label1\" content=\"Cena\" \/>\n\t<meta name=\"twitter:data1\" content=\"&euro;2,110.00\" \/>\n\t<meta name=\"twitter:label2\" content=\"Dost\u0119pno\u015b\u0107\" \/>\n\t<meta name=\"twitter:data2\" content=\"Dost\u0119pny\" \/>\n<script type=\"application\/ld+json\" class=\"yoast-schema-graph\">{\"@context\":\"https:\/\/schema.org\",\"@graph\":[{\"@type\":[\"WebPage\",\"ItemPage\"],\"@id\":\"https:\/\/frcs-research.com\/product\/mdpv-methylenedioxypyrovalerone\/\",\"url\":\"https:\/\/frcs-research.com\/product\/mdpv-methylenedioxypyrovalerone\/\",\"name\":\"MDPV powder for sale from FRCS Research for top-quality\",\"isPartOf\":{\"@id\":\"https:\/\/frcs-research.com\/#website\"},\"primaryImageOfPage\":{\"@id\":\"https:\/\/frcs-research.com\/product\/mdpv-methylenedioxypyrovalerone\/#primaryimage\"},\"image\":{\"@id\":\"https:\/\/frcs-research.com\/product\/mdpv-methylenedioxypyrovalerone\/#primaryimage\"},\"thumbnailUrl\":\"https:\/\/frcs-research.com\/wp-content\/uploads\/2024\/10\/66472efb31d2820171120152316_53120.jpg\",\"datePublished\":\"2024-10-12T21:45:11+00:00\",\"dateModified\":\"2026-04-22T21:22:52+00:00\",\"description\":\"MDPV powder for sale at FRCS Research. Buy methylenedioxypyrovalerone for research with discreet shipping worldwide. Secure your order today\",\"breadcrumb\":{\"@id\":\"https:\/\/frcs-research.com\/product\/mdpv-methylenedioxypyrovalerone\/#breadcrumb\"},\"inLanguage\":\"pl-PL\",\"potentialAction\":[{\"@type\":\"ReadAction\",\"target\":[\"https:\/\/frcs-research.com\/product\/mdpv-methylenedioxypyrovalerone\/\"]}]},{\"@type\":\"ImageObject\",\"inLanguage\":\"pl-PL\",\"@id\":\"https:\/\/frcs-research.com\/product\/mdpv-methylenedioxypyrovalerone\/#primaryimage\",\"url\":\"https:\/\/frcs-research.com\/wp-content\/uploads\/2024\/10\/66472efb31d2820171120152316_53120.jpg\",\"contentUrl\":\"https:\/\/frcs-research.com\/wp-content\/uploads\/2024\/10\/66472efb31d2820171120152316_53120.jpg\",\"width\":400,\"height\":400,\"caption\":\"MDPV powder for sale\"},{\"@type\":\"BreadcrumbList\",\"@id\":\"https:\/\/frcs-research.com\/product\/mdpv-methylenedioxypyrovalerone\/#breadcrumb\",\"itemListElement\":[{\"@type\":\"ListItem\",\"position\":1,\"name\":\"Home\",\"item\":\"https:\/\/frcs-research.com\/\"},{\"@type\":\"ListItem\",\"position\":2,\"name\":\"Shop\",\"item\":\"https:\/\/frcs-research.com\/shop\/\"},{\"@type\":\"ListItem\",\"position\":3,\"name\":\"MDPV (Methylenedioxypyrovalerone)\"}]},{\"@type\":\"WebSite\",\"@id\":\"https:\/\/frcs-research.com\/#website\",\"url\":\"https:\/\/frcs-research.com\/\",\"name\":\"wholesale supplier of research chemicals, 4mmc, 3mmc, MDPHP, Alpha PVP and more\",\"description\":\"Wholesale research chemicals\",\"potentialAction\":[{\"@type\":\"SearchAction\",\"target\":{\"@type\":\"EntryPoint\",\"urlTemplate\":\"https:\/\/frcs-research.com\/?s={search_term_string}\"},\"query-input\":{\"@type\":\"PropertyValueSpecification\",\"valueRequired\":true,\"valueName\":\"search_term_string\"}}],\"inLanguage\":\"pl-PL\"}]}<\/script>\n<meta property=\"product:price:amount\" content=\"2110.00\" \/>\n<meta property=\"product:price:currency\" content=\"EUR\" \/>\n<meta property=\"og:availability\" content=\"instock\" \/>\n<meta property=\"product:availability\" content=\"instock\" \/>\n<meta property=\"product:condition\" content=\"new\" \/>\n<!-- \/ Yoast SEO plugin. -->","yoast_head_json":{"title":"Proszek MDPV na sprzeda\u017c od FRCS Research najwy\u017cszej jako\u015bci","description":"Proszek MDPV na sprzeda\u017c w FRCS Research. Kup metylenodioksypyrovalerone do bada\u0144 z dyskretn\u0105 wysy\u0142k\u0105 na ca\u0142y \u015bwiat. Zabezpiecz swoje zam\u00f3wienie ju\u017c dzi\u015b","robots":{"index":"index","follow":"follow","max-snippet":"max-snippet:-1","max-image-preview":"max-image-preview:large","max-video-preview":"max-video-preview:-1"},"canonical":"https:\/\/frcs-research.com\/pl\/product\/mdpv-metylenodioksypirowaleron\/","og_locale":"pl_PL","og_type":"article","og_title":"MDPV powder for sale from FRCS Research for top-quality","og_description":"MDPV powder for sale at FRCS Research. Buy methylenedioxypyrovalerone for research with discreet shipping worldwide. Secure your order today","og_url":"https:\/\/frcs-research.com\/pl\/product\/mdpv-metylenodioksypirowaleron\/","og_site_name":"wholesale supplier of research chemicals, 4mmc, 3mmc, MDPHP, Alpha PVP and more","article_modified_time":"2026-04-22T21:22:52+00:00","og_image":[{"width":400,"height":400,"url":"https:\/\/frcs-research.com\/wp-content\/uploads\/2024\/10\/66472efb31d2820171120152316_53120.jpg","type":"image\/jpeg"}],"twitter_card":"summary_large_image","twitter_misc":{"Cena":"&euro;2,110.00","Dost\u0119pno\u015b\u0107":"Dost\u0119pny"},"schema":{"@context":"https:\/\/schema.org","@graph":[{"@type":["WebPage","ItemPage"],"@id":"https:\/\/frcs-research.com\/product\/mdpv-methylenedioxypyrovalerone\/","url":"https:\/\/frcs-research.com\/product\/mdpv-methylenedioxypyrovalerone\/","name":"Proszek MDPV na sprzeda\u017c od FRCS Research najwy\u017cszej jako\u015bci","isPartOf":{"@id":"https:\/\/frcs-research.com\/#website"},"primaryImageOfPage":{"@id":"https:\/\/frcs-research.com\/product\/mdpv-methylenedioxypyrovalerone\/#primaryimage"},"image":{"@id":"https:\/\/frcs-research.com\/product\/mdpv-methylenedioxypyrovalerone\/#primaryimage"},"thumbnailUrl":"https:\/\/frcs-research.com\/wp-content\/uploads\/2024\/10\/66472efb31d2820171120152316_53120.jpg","datePublished":"2024-10-12T21:45:11+00:00","dateModified":"2026-04-22T21:22:52+00:00","description":"Proszek MDPV na sprzeda\u017c w FRCS Research. Kup metylenodioksypyrovalerone do bada\u0144 z dyskretn\u0105 wysy\u0142k\u0105 na ca\u0142y \u015bwiat. Zabezpiecz swoje zam\u00f3wienie ju\u017c dzi\u015b","breadcrumb":{"@id":"https:\/\/frcs-research.com\/product\/mdpv-methylenedioxypyrovalerone\/#breadcrumb"},"inLanguage":"pl-PL","potentialAction":[{"@type":"ReadAction","target":["https:\/\/frcs-research.com\/product\/mdpv-methylenedioxypyrovalerone\/"]}]},{"@type":"ImageObject","inLanguage":"pl-PL","@id":"https:\/\/frcs-research.com\/product\/mdpv-methylenedioxypyrovalerone\/#primaryimage","url":"https:\/\/frcs-research.com\/wp-content\/uploads\/2024\/10\/66472efb31d2820171120152316_53120.jpg","contentUrl":"https:\/\/frcs-research.com\/wp-content\/uploads\/2024\/10\/66472efb31d2820171120152316_53120.jpg","width":400,"height":400,"caption":"MDPV powder for sale"},{"@type":"BreadcrumbList","@id":"https:\/\/frcs-research.com\/product\/mdpv-methylenedioxypyrovalerone\/#breadcrumb","itemListElement":[{"@type":"ListItem","position":1,"name":"Home","item":"https:\/\/frcs-research.com\/"},{"@type":"ListItem","position":2,"name":"Shop","item":"https:\/\/frcs-research.com\/shop\/"},{"@type":"ListItem","position":3,"name":"MDPV (Methylenedioxypyrovalerone)"}]},{"@type":"WebSite","@id":"https:\/\/frcs-research.com\/#website","url":"https:\/\/frcs-research.com\/","name":"hurtowy dostawca chemikali\u00f3w badawczych, 4mmc, 3mmc, MDPHP, Alpha PVP i innych","description":"Hurtowa sprzeda\u017c chemikali\u00f3w badawczych","potentialAction":[{"@type":"SearchAction","target":{"@type":"EntryPoint","urlTemplate":"https:\/\/frcs-research.com\/?s={search_term_string}"},"query-input":{"@type":"PropertyValueSpecification","valueRequired":true,"valueName":"search_term_string"}}],"inLanguage":"pl-PL"}]},"product_price_amount":"2110.00","product_price_currency":"EUR","og_availability":"instock","product_availability":"instock","product_condition":"new"},"uagb_featured_image_src":{"full":["https:\/\/frcs-research.com\/wp-content\/uploads\/2024\/10\/66472efb31d2820171120152316_53120.jpg",400,400,false],"thumbnail":["https:\/\/frcs-research.com\/wp-content\/uploads\/2024\/10\/66472efb31d2820171120152316_53120-150x150.jpg",150,150,true],"medium":["https:\/\/frcs-research.com\/wp-content\/uploads\/2024\/10\/66472efb31d2820171120152316_53120-300x300.jpg",300,300,true],"medium_large":["https:\/\/frcs-research.com\/wp-content\/uploads\/2024\/10\/66472efb31d2820171120152316_53120.jpg",400,400,false],"large":["https:\/\/frcs-research.com\/wp-content\/uploads\/2024\/10\/66472efb31d2820171120152316_53120.jpg",400,400,false],"1536x1536":["https:\/\/frcs-research.com\/wp-content\/uploads\/2024\/10\/66472efb31d2820171120152316_53120.jpg",400,400,false],"2048x2048":["https:\/\/frcs-research.com\/wp-content\/uploads\/2024\/10\/66472efb31d2820171120152316_53120.jpg",400,400,false],"trp-custom-language-flag":["https:\/\/frcs-research.com\/wp-content\/uploads\/2024\/10\/66472efb31d2820171120152316_53120.jpg",12,12,false],"post-thumbnail":["https:\/\/frcs-research.com\/wp-content\/uploads\/2024\/10\/66472efb31d2820171120152316_53120.jpg",400,400,false],"elite-commerce-slider":["https:\/\/frcs-research.com\/wp-content\/uploads\/2024\/10\/66472efb31d2820171120152316_53120.jpg",400,400,false],"elite-commerce-hero":["https:\/\/frcs-research.com\/wp-content\/uploads\/2024\/10\/66472efb31d2820171120152316_53120.jpg",400,400,false],"elite-commerce-portfolio":["https:\/\/frcs-research.com\/wp-content\/uploads\/2024\/10\/66472efb31d2820171120152316_53120.jpg",400,400,false],"woocommerce_thumbnail":["https:\/\/frcs-research.com\/wp-content\/uploads\/2024\/10\/66472efb31d2820171120152316_53120-300x300.jpg",300,300,true],"woocommerce_single":["https:\/\/frcs-research.com\/wp-content\/uploads\/2024\/10\/66472efb31d2820171120152316_53120.jpg",400,400,false],"woocommerce_gallery_thumbnail":["https:\/\/frcs-research.com\/wp-content\/uploads\/2024\/10\/66472efb31d2820171120152316_53120-100x100.jpg",100,100,true]},"uagb_author_info":{"display_name":"Richard Wood","author_link":"https:\/\/frcs-research.com\/pl\/author\/"},"uagb_comment_info":773,"uagb_excerpt":"Buy MDPV (Methylenedioxypyrovalerone) Powder MDPV, a highly potent stimulant from the cathinone family, is renowned for its powerful energizing effects, acting as a dopamine reuptake inhibitor. Researchers value MDPV for&hellip;&euro;2,400.00 Oryginalna cena wynosi\u0142a: &euro;2,400.00.&euro;2,110.00Aktualna cena wynosi: &euro;2,110.00.Dodaj do koszyka","_links":{"self":[{"href":"https:\/\/frcs-research.com\/pl\/wp-json\/wp\/v2\/product\/726","targetHints":{"allow":["GET"]}}],"collection":[{"href":"https:\/\/frcs-research.com\/pl\/wp-json\/wp\/v2\/product"}],"about":[{"href":"https:\/\/frcs-research.com\/pl\/wp-json\/wp\/v2\/types\/product"}],"replies":[{"embeddable":true,"href":"https:\/\/frcs-research.com\/pl\/wp-json\/wp\/v2\/comments?post=726"}],"wp:featuredmedia":[{"embeddable":true,"href":"https:\/\/frcs-research.com\/pl\/wp-json\/wp\/v2\/media\/727"}],"wp:attachment":[{"href":"https:\/\/frcs-research.com\/pl\/wp-json\/wp\/v2\/media?parent=726"}],"wp:term":[{"taxonomy":"product_brand","embeddable":true,"href":"https:\/\/frcs-research.com\/pl\/wp-json\/wp\/v2\/product_brand?post=726"},{"taxonomy":"product_cat","embeddable":true,"href":"https:\/\/frcs-research.com\/pl\/wp-json\/wp\/v2\/product_cat?post=726"},{"taxonomy":"product_tag","embeddable":true,"href":"https:\/\/frcs-research.com\/pl\/wp-json\/wp\/v2\/product_tag?post=726"}],"curies":[{"name":"wp","href":"https:\/\/api.w.org\/{rel}","templated":true}]}}