{"id":728,"date":"2024-10-12T21:48:40","date_gmt":"2024-10-12T21:48:40","guid":{"rendered":"https:\/\/frcs-research.com\/?post_type=product&#038;p=728"},"modified":"2026-04-03T19:20:19","modified_gmt":"2026-04-03T19:20:19","slug":"kup-alfa-pvp","status":"publish","type":"product","link":"https:\/\/frcs-research.com\/pl\/product\/kup-alfa-pvp\/","title":{"rendered":"Alpha PvP 1kg"},"content":{"rendered":"<h1>Zam\u00f3w \u03b1-PVP (alfa-pirolidynopentiofenon) online<\/h1>\n<p>Powszechnie nazywany \u201eflakka\u201d, Kup <strong>\u03b1-PVP<\/strong> jest silnym syntetycznym stymulantem. Jest dobrze znany zar\u00f3wno w spo\u0142eczno\u015bciach naukowych, jak i rekreacyjnych ze wzgl\u0119du na swoj\u0105 zdolno\u015b\u0107 do dzia\u0142ania jako <strong>inhibitor wychwytu zwrotnego noradrenaliny i dopaminy<\/strong>. \u03b1-PVP jest szczeg\u00f3lnie przydatny w badaniach maj\u0105cych na celu badanie <strong>zachowania poznawcze<\/strong> I <strong>interakcje neurochemiczne<\/strong>. <strong>Badania FRCS<\/strong> zapewnia <strong>Proszek \u03b1-PVP<\/strong> w najczystszej postaci dla <strong>wykorzystanie badawcze<\/strong>.<\/p>\n<ul>\n<li><strong>S\u0142owa kluczowe<\/strong>:kup alfa-PVP, flakka na sprzeda\u017c, kup proszek alfa-PVP, kup syntetyczne katynony.<\/li>\n<li><strong>Wezwanie do dzia\u0142ania<\/strong>:Zabezpiecz swoje zam\u00f3wienie <strong>\u03b1-PVP<\/strong> z <strong>Badania FRCS<\/strong> i ciesz si\u0119 dyskretn\u0105 wysy\u0142k\u0105 i bezpieczn\u0105 p\u0142atno\u015bci\u0105 online.<\/li>\n<\/ul>","protected":false},"excerpt":{"rendered":"<p>Order \u03b1-PVP (Alpha-Pyrrolidinopentiophenone) Online Commonly referred to as &#8220;flakka,&#8221; Buy \u03b1-PVP is a powerful synthetic stimulant. It is well-known in both research and recreational communities for its ability to act&hellip;<\/p>\n<p class=\"product woocommerce add_to_cart_inline\" style=\"border:4px solid #ccc; padding: 12px;\"><del aria-hidden=\"true\"><span class=\"woocommerce-Price-amount amount\"><bdi><span class=\"woocommerce-Price-currencySymbol\">&euro;<\/span>2,800.00<\/bdi><\/span><\/del> <span class=\"screen-reader-text\" data-no-translation=\"\" data-trp-gettext=\"\">Oryginalna cena wynosi\u0142a: &euro;2,800.00.<\/span><ins aria-hidden=\"true\"><span class=\"woocommerce-Price-amount amount\"><bdi><span class=\"woocommerce-Price-currencySymbol\">&euro;<\/span>2,400.00<\/bdi><\/span><\/ins><span class=\"screen-reader-text\" data-no-translation=\"\" data-trp-gettext=\"\">Aktualna cena wynosi: &euro;2,400.00.<\/span><a href=\"\/pl\/wp-json\/wp\/v2\/product\/728?add-to-cart=728\" aria-describedby=\"woocommerce_loop_add_to_cart_link_describedby_728\" data-quantity=\"1\" class=\"button product_type_simple add_to_cart_button ajax_add_to_cart\" data-product_id=\"728\" data-product_sku=\"\" aria-label=\"Dodaj do koszyka: \u201eAlpha PvP 1kg\u201d\" rel=\"nofollow\" data-success_message=\"\u201cAlpha PvP 1kg\u201d zosta\u0142 dodany do twojego koszyka\" data-no-translation=\"\" data-trp-gettext=\"\" data-no-translation-aria-label=\"\" data-no-translation-data-success_message=\"\">Dodaj do koszyka<\/a>\t<span id=\"woocommerce_loop_add_to_cart_link_describedby_728\" class=\"screen-reader-text\"><br \/>\n\t\t\t<\/span><\/p>","protected":false},"featured_media":729,"comment_status":"open","ping_status":"closed","template":"","meta":{"_uag_custom_page_level_css":""},"product_brand":[],"product_cat":[26],"product_tag":[285,283,273,286,279,276,284,282,272,275,280,278,281,277,274],"class_list":{"0":"post-728","1":"product","2":"type-product","3":"status-publish","4":"has-post-thumbnail","6":"product_cat-synthetic-cathinones","7":"product_tag-alpha-pvp-bulk-buy","8":"product_tag-alpha-pvp-distributor","9":"product_tag-alpha-pvp-for-sale","10":"product_tag-alpha-pvp-reviews","11":"product_tag-alpha-pvp-shipping","12":"product_tag-alpha-pvp-vendor","13":"product_tag-best-place-to-buy-alpha-pvp","14":"product_tag-buy-alpha-pvp-legally","15":"product_tag-buy-alpha-pvp-online","16":"product_tag-buy-alpha-pvp-powder","17":"product_tag-buy-pure-alpha-pvp","18":"product_tag-buy-research-chemicals-alpha-pvp","19":"product_tag-cheap-alpha-pvp-for-sale","20":"product_tag-order-alpha-pvp","21":"product_tag-purchase-alpha-pvp","23":"first","24":"instock","25":"sale","26":"shipping-taxable","27":"purchasable","28":"product-type-simple"},"yoast_head":"<!-- This site is optimized with the Yoast SEO plugin v27.1.1 - https:\/\/yoast.com\/product\/yoast-seo-wordpress\/ -->\n<title>Buy \u03b1-PVP (Flakka) Powder | Top-Quality Research Chemicals<\/title>\n<meta name=\"description\" content=\"Buy alpha PVP (Flakka) powder online at FRCS Research. Get high-purity alpha-PVP for research with fast and secure worldwide shipping. Perfect for lab studies. Order today!\" \/>\n<meta name=\"robots\" content=\"index, follow, max-snippet:-1, max-image-preview:large, max-video-preview:-1\" \/>\n<link rel=\"canonical\" href=\"https:\/\/frcs-research.com\/pl\/product\/kup-alfa-pvp\/\" \/>\n<meta property=\"og:locale\" content=\"pl_PL\" \/>\n<meta property=\"og:type\" content=\"article\" \/>\n<meta property=\"og:title\" content=\"Buy \u03b1-PVP (Flakka) Powder | Top-Quality Research Chemicals\" \/>\n<meta property=\"og:description\" content=\"Buy alpha PVP (Flakka) powder online at FRCS Research. Get high-purity alpha-PVP for research with fast and secure worldwide shipping. Perfect for lab studies. Order today!\" \/>\n<meta property=\"og:url\" content=\"https:\/\/frcs-research.com\/pl\/product\/kup-alfa-pvp\/\" \/>\n<meta property=\"og:site_name\" content=\"wholesale supplier of research chemicals, 4mmc, 3mmc, MDPHP, Alpha PVP and more\" \/>\n<meta property=\"article:modified_time\" content=\"2026-04-03T19:20:19+00:00\" \/>\n<meta property=\"og:image\" content=\"https:\/\/frcs-research.com\/wp-content\/uploads\/2024\/10\/Flakka.jpg\" \/>\n\t<meta property=\"og:image:width\" content=\"374\" \/>\n\t<meta property=\"og:image:height\" content=\"374\" \/>\n\t<meta property=\"og:image:type\" content=\"image\/jpeg\" \/>\n<meta name=\"twitter:card\" content=\"summary_large_image\" \/>\n<meta name=\"twitter:label1\" content=\"Cena\" \/>\n\t<meta name=\"twitter:data1\" content=\"&euro;2,400.00\" \/>\n\t<meta name=\"twitter:label2\" content=\"Dost\u0119pno\u015b\u0107\" \/>\n\t<meta name=\"twitter:data2\" content=\"Dost\u0119pny\" \/>\n<script type=\"application\/ld+json\" class=\"yoast-schema-graph\">{\"@context\":\"https:\/\/schema.org\",\"@graph\":[{\"@type\":[\"WebPage\",\"ItemPage\"],\"@id\":\"https:\/\/frcs-research.com\/product\/buy-alpha-pvp\/\",\"url\":\"https:\/\/frcs-research.com\/product\/buy-alpha-pvp\/\",\"name\":\"Buy \u03b1-PVP (Flakka) Powder | Top-Quality Research Chemicals\",\"isPartOf\":{\"@id\":\"https:\/\/frcs-research.com\/#website\"},\"primaryImageOfPage\":{\"@id\":\"https:\/\/frcs-research.com\/product\/buy-alpha-pvp\/#primaryimage\"},\"image\":{\"@id\":\"https:\/\/frcs-research.com\/product\/buy-alpha-pvp\/#primaryimage\"},\"thumbnailUrl\":\"https:\/\/frcs-research.com\/wp-content\/uploads\/2024\/10\/Flakka.jpg\",\"datePublished\":\"2024-10-12T21:48:40+00:00\",\"dateModified\":\"2026-04-03T19:20:19+00:00\",\"description\":\"Buy alpha PVP (Flakka) powder online at FRCS Research. Get high-purity alpha-PVP for research with fast and secure worldwide shipping. Perfect for lab studies. Order today!\",\"breadcrumb\":{\"@id\":\"https:\/\/frcs-research.com\/product\/buy-alpha-pvp\/#breadcrumb\"},\"inLanguage\":\"pl-PL\",\"potentialAction\":[{\"@type\":\"ReadAction\",\"target\":[\"https:\/\/frcs-research.com\/product\/buy-alpha-pvp\/\"]}]},{\"@type\":\"ImageObject\",\"inLanguage\":\"pl-PL\",\"@id\":\"https:\/\/frcs-research.com\/product\/buy-alpha-pvp\/#primaryimage\",\"url\":\"https:\/\/frcs-research.com\/wp-content\/uploads\/2024\/10\/Flakka.jpg\",\"contentUrl\":\"https:\/\/frcs-research.com\/wp-content\/uploads\/2024\/10\/Flakka.jpg\",\"width\":374,\"height\":374,\"caption\":\"Buy alpha pvp\"},{\"@type\":\"BreadcrumbList\",\"@id\":\"https:\/\/frcs-research.com\/product\/buy-alpha-pvp\/#breadcrumb\",\"itemListElement\":[{\"@type\":\"ListItem\",\"position\":1,\"name\":\"Home\",\"item\":\"https:\/\/frcs-research.com\/\"},{\"@type\":\"ListItem\",\"position\":2,\"name\":\"Shop\",\"item\":\"https:\/\/frcs-research.com\/shop\/\"},{\"@type\":\"ListItem\",\"position\":3,\"name\":\"Alpha PvP 1kg\"}]},{\"@type\":\"WebSite\",\"@id\":\"https:\/\/frcs-research.com\/#website\",\"url\":\"https:\/\/frcs-research.com\/\",\"name\":\"wholesale supplier of research chemicals, 4mmc, 3mmc, MDPHP, Alpha PVP and more\",\"description\":\"Wholesale research chemicals\",\"potentialAction\":[{\"@type\":\"SearchAction\",\"target\":{\"@type\":\"EntryPoint\",\"urlTemplate\":\"https:\/\/frcs-research.com\/?s={search_term_string}\"},\"query-input\":{\"@type\":\"PropertyValueSpecification\",\"valueRequired\":true,\"valueName\":\"search_term_string\"}}],\"inLanguage\":\"pl-PL\"}]}<\/script>\n<meta property=\"product:price:amount\" content=\"2400.00\" \/>\n<meta property=\"product:price:currency\" content=\"EUR\" \/>\n<meta property=\"og:availability\" content=\"instock\" \/>\n<meta property=\"product:availability\" content=\"instock\" \/>\n<meta property=\"product:condition\" content=\"new\" \/>\n<!-- \/ Yoast SEO plugin. -->","yoast_head_json":{"title":"Kup proszek \u03b1-PVP (Flakka) | Najwy\u017cszej jako\u015bci \u015brodki chemiczne do bada\u0144","description":"Kup proszek alfa PVP (Flakka) online w FRCS Research. Uzyskaj wysokiej czysto\u015bci alfa-PVP do bada\u0144 z szybk\u0105 i bezpieczn\u0105 wysy\u0142k\u0105 na ca\u0142y \u015bwiat. Idealny do bada\u0144 laboratoryjnych. Zam\u00f3w ju\u017c dzi\u015b!","robots":{"index":"index","follow":"follow","max-snippet":"max-snippet:-1","max-image-preview":"max-image-preview:large","max-video-preview":"max-video-preview:-1"},"canonical":"https:\/\/frcs-research.com\/pl\/product\/kup-alfa-pvp\/","og_locale":"pl_PL","og_type":"article","og_title":"Buy \u03b1-PVP (Flakka) Powder | Top-Quality Research Chemicals","og_description":"Buy alpha PVP (Flakka) powder online at FRCS Research. Get high-purity alpha-PVP for research with fast and secure worldwide shipping. Perfect for lab studies. Order today!","og_url":"https:\/\/frcs-research.com\/pl\/product\/kup-alfa-pvp\/","og_site_name":"wholesale supplier of research chemicals, 4mmc, 3mmc, MDPHP, Alpha PVP and more","article_modified_time":"2026-04-03T19:20:19+00:00","og_image":[{"width":374,"height":374,"url":"https:\/\/frcs-research.com\/wp-content\/uploads\/2024\/10\/Flakka.jpg","type":"image\/jpeg"}],"twitter_card":"summary_large_image","twitter_misc":{"Cena":"&euro;2,400.00","Dost\u0119pno\u015b\u0107":"Dost\u0119pny"},"schema":{"@context":"https:\/\/schema.org","@graph":[{"@type":["WebPage","ItemPage"],"@id":"https:\/\/frcs-research.com\/product\/buy-alpha-pvp\/","url":"https:\/\/frcs-research.com\/product\/buy-alpha-pvp\/","name":"Kup proszek \u03b1-PVP (Flakka) | Najwy\u017cszej jako\u015bci \u015brodki chemiczne do bada\u0144","isPartOf":{"@id":"https:\/\/frcs-research.com\/#website"},"primaryImageOfPage":{"@id":"https:\/\/frcs-research.com\/product\/buy-alpha-pvp\/#primaryimage"},"image":{"@id":"https:\/\/frcs-research.com\/product\/buy-alpha-pvp\/#primaryimage"},"thumbnailUrl":"https:\/\/frcs-research.com\/wp-content\/uploads\/2024\/10\/Flakka.jpg","datePublished":"2024-10-12T21:48:40+00:00","dateModified":"2026-04-03T19:20:19+00:00","description":"Kup proszek alfa PVP (Flakka) online w FRCS Research. Uzyskaj wysokiej czysto\u015bci alfa-PVP do bada\u0144 z szybk\u0105 i bezpieczn\u0105 wysy\u0142k\u0105 na ca\u0142y \u015bwiat. Idealny do bada\u0144 laboratoryjnych. Zam\u00f3w ju\u017c dzi\u015b!","breadcrumb":{"@id":"https:\/\/frcs-research.com\/product\/buy-alpha-pvp\/#breadcrumb"},"inLanguage":"pl-PL","potentialAction":[{"@type":"ReadAction","target":["https:\/\/frcs-research.com\/product\/buy-alpha-pvp\/"]}]},{"@type":"ImageObject","inLanguage":"pl-PL","@id":"https:\/\/frcs-research.com\/product\/buy-alpha-pvp\/#primaryimage","url":"https:\/\/frcs-research.com\/wp-content\/uploads\/2024\/10\/Flakka.jpg","contentUrl":"https:\/\/frcs-research.com\/wp-content\/uploads\/2024\/10\/Flakka.jpg","width":374,"height":374,"caption":"Buy alpha pvp"},{"@type":"BreadcrumbList","@id":"https:\/\/frcs-research.com\/product\/buy-alpha-pvp\/#breadcrumb","itemListElement":[{"@type":"ListItem","position":1,"name":"Home","item":"https:\/\/frcs-research.com\/"},{"@type":"ListItem","position":2,"name":"Shop","item":"https:\/\/frcs-research.com\/shop\/"},{"@type":"ListItem","position":3,"name":"Alpha PvP 1kg"}]},{"@type":"WebSite","@id":"https:\/\/frcs-research.com\/#website","url":"https:\/\/frcs-research.com\/","name":"hurtowy dostawca chemikali\u00f3w badawczych, 4mmc, 3mmc, MDPHP, Alpha PVP i innych","description":"Hurtowa sprzeda\u017c chemikali\u00f3w badawczych","potentialAction":[{"@type":"SearchAction","target":{"@type":"EntryPoint","urlTemplate":"https:\/\/frcs-research.com\/?s={search_term_string}"},"query-input":{"@type":"PropertyValueSpecification","valueRequired":true,"valueName":"search_term_string"}}],"inLanguage":"pl-PL"}]},"product_price_amount":"2400.00","product_price_currency":"EUR","og_availability":"instock","product_availability":"instock","product_condition":"new"},"uagb_featured_image_src":{"full":["https:\/\/frcs-research.com\/wp-content\/uploads\/2024\/10\/Flakka.jpg",374,374,false],"thumbnail":["https:\/\/frcs-research.com\/wp-content\/uploads\/2024\/10\/Flakka-150x150.jpg",150,150,true],"medium":["https:\/\/frcs-research.com\/wp-content\/uploads\/2024\/10\/Flakka-300x300.jpg",300,300,true],"medium_large":["https:\/\/frcs-research.com\/wp-content\/uploads\/2024\/10\/Flakka.jpg",374,374,false],"large":["https:\/\/frcs-research.com\/wp-content\/uploads\/2024\/10\/Flakka.jpg",374,374,false],"1536x1536":["https:\/\/frcs-research.com\/wp-content\/uploads\/2024\/10\/Flakka.jpg",374,374,false],"2048x2048":["https:\/\/frcs-research.com\/wp-content\/uploads\/2024\/10\/Flakka.jpg",374,374,false],"trp-custom-language-flag":["https:\/\/frcs-research.com\/wp-content\/uploads\/2024\/10\/Flakka.jpg",12,12,false],"post-thumbnail":["https:\/\/frcs-research.com\/wp-content\/uploads\/2024\/10\/Flakka.jpg",374,374,false],"elite-commerce-slider":["https:\/\/frcs-research.com\/wp-content\/uploads\/2024\/10\/Flakka.jpg",374,374,false],"elite-commerce-hero":["https:\/\/frcs-research.com\/wp-content\/uploads\/2024\/10\/Flakka.jpg",374,374,false],"elite-commerce-portfolio":["https:\/\/frcs-research.com\/wp-content\/uploads\/2024\/10\/Flakka.jpg",374,374,false],"woocommerce_thumbnail":["https:\/\/frcs-research.com\/wp-content\/uploads\/2024\/10\/Flakka-300x300.jpg",300,300,true],"woocommerce_single":["https:\/\/frcs-research.com\/wp-content\/uploads\/2024\/10\/Flakka.jpg",374,374,false],"woocommerce_gallery_thumbnail":["https:\/\/frcs-research.com\/wp-content\/uploads\/2024\/10\/Flakka-100x100.jpg",100,100,true]},"uagb_author_info":{"display_name":"Richard Wood","author_link":"https:\/\/frcs-research.com\/pl\/author\/"},"uagb_comment_info":1211,"uagb_excerpt":"Order \u03b1-PVP (Alpha-Pyrrolidinopentiophenone) Online Commonly referred to as &#8220;flakka,&#8221; Buy \u03b1-PVP is a powerful synthetic stimulant. It is well-known in both research and recreational communities for its ability to act&hellip;&euro;2,800.00 Oryginalna cena wynosi\u0142a: &euro;2,800.00.&euro;2,400.00Aktualna cena wynosi: &euro;2,400.00.Dodaj do koszyka","_links":{"self":[{"href":"https:\/\/frcs-research.com\/pl\/wp-json\/wp\/v2\/product\/728","targetHints":{"allow":["GET"]}}],"collection":[{"href":"https:\/\/frcs-research.com\/pl\/wp-json\/wp\/v2\/product"}],"about":[{"href":"https:\/\/frcs-research.com\/pl\/wp-json\/wp\/v2\/types\/product"}],"replies":[{"embeddable":true,"href":"https:\/\/frcs-research.com\/pl\/wp-json\/wp\/v2\/comments?post=728"}],"wp:featuredmedia":[{"embeddable":true,"href":"https:\/\/frcs-research.com\/pl\/wp-json\/wp\/v2\/media\/729"}],"wp:attachment":[{"href":"https:\/\/frcs-research.com\/pl\/wp-json\/wp\/v2\/media?parent=728"}],"wp:term":[{"taxonomy":"product_brand","embeddable":true,"href":"https:\/\/frcs-research.com\/pl\/wp-json\/wp\/v2\/product_brand?post=728"},{"taxonomy":"product_cat","embeddable":true,"href":"https:\/\/frcs-research.com\/pl\/wp-json\/wp\/v2\/product_cat?post=728"},{"taxonomy":"product_tag","embeddable":true,"href":"https:\/\/frcs-research.com\/pl\/wp-json\/wp\/v2\/product_tag?post=728"}],"curies":[{"name":"wp","href":"https:\/\/api.w.org\/{rel}","templated":true}]}}