{"id":735,"date":"2024-10-12T22:10:25","date_gmt":"2024-10-12T22:10:25","guid":{"rendered":"https:\/\/frcs-research.com\/?post_type=product&#038;p=735"},"modified":"2026-04-05T01:12:35","modified_gmt":"2026-04-05T01:12:35","slug":"kup-proszek-ketaminy","status":"publish","type":"product","link":"https:\/\/frcs-research.com\/pl\/product\/kup-proszek-ketaminy\/","title":{"rendered":"Ketamine 1kg"},"content":{"rendered":"<h1>Zam\u00f3w proszek ketaminy do bada\u0144<\/h1>\n<p>Je\u015bli szukasz <strong>kup proszek ketaminy<\/strong> je\u015bli chodzi o Twoje potrzeby badawcze, jeste\u015b we w\u0142a\u015bciwym miejscu. <strong>Ketamina<\/strong> jest bardzo skuteczny <strong>\u015brodek znieczulaj\u0105cy dysocjacyjny<\/strong> szeroko stosowany zar\u00f3wno w badaniach klinicznych, jak i naukowych. Jest niezb\u0119dny do zbadania jego wp\u0142ywu na <strong>receptor NMDA<\/strong>, neuroplastyczno\u015b\u0107 i jej potencjalne zastosowania w leczeniu <strong>depresja<\/strong> I <strong>przewlek\u0142y b\u00f3l<\/strong>. <strong>Badania FRCS<\/strong> zapewnia ketamin\u0119 o wysokiej czysto\u015bci specjalnie do cel\u00f3w badawczych, dzi\u0119ki czemu masz pewno\u015b\u0107, \u017ce otrzymasz produkt spe\u0142niaj\u0105cy rygorystyczne standardy Twojego laboratorium.<\/p>\n<table>\n<thead>\n<tr>\n<th><strong>Nieruchomo\u015b\u0107<\/strong><\/th>\n<th><strong>Specyfikacja<\/strong><\/th>\n<\/tr>\n<\/thead>\n<tbody>\n<tr>\n<td><strong>Nazwa chemiczna<\/strong><\/td>\n<td>Chlorowodorek (RS)-2-(2-chlorofenylo)-2-(metyloamino)cykloheksanonu<\/td>\n<\/tr>\n<tr>\n<td><strong>Wz\u00f3r cz\u0105steczkowy<\/strong><\/td>\n<td>C\u2081\u2083H\u2081\u2086ClNO\u00b7HCl<\/td>\n<\/tr>\n<tr>\n<td><strong>Masa cz\u0105steczkowa<\/strong><\/td>\n<td>274,2 g\/mol<\/td>\n<\/tr>\n<tr>\n<td><strong>Wygl\u0105d<\/strong><\/td>\n<td>Bia\u0142y, krystaliczny proszek lub klarowny p\u0142yn do roztwor\u00f3w wstrzykiwalnych<\/td>\n<\/tr>\n<tr>\n<td><strong>Rozpuszczalno\u015b\u0107<\/strong><\/td>\n<td>Dobrze rozpuszczalny w wodzie; zwykle podawany w roztworze soli fizjologicznej lub innych roztworach wodnych<\/td>\n<\/tr>\n<tr>\n<td><strong>Temperatura topnienia<\/strong><\/td>\n<td>266-267\u00b0C (s\u00f3l chlorowodorkowa)<\/td>\n<\/tr>\n<tr>\n<td><strong>Mechanizm dzia\u0142ania<\/strong><\/td>\n<td>Przede wszystkim <strong>Antagonista receptora NMDA<\/strong>, z wt\u00f3rnym dzia\u0142aniem na receptory opioidowe i uk\u0142ady monoaminergiczne<\/td>\n<\/tr>\n<tr>\n<td><strong>Zastosowania medyczne<\/strong><\/td>\n<td>\u2013 Indukcja i podtrzymanie znieczulenia<br \/>\n\u2013 Leczenie b\u00f3lu w stanach przewlek\u0142ych i ostrych<br \/>\n\u2013 Leczenie depresji i PTSD w ma\u0142ych dawkach<\/td>\n<\/tr>\n<tr>\n<td><strong>Drogi administracyjne<\/strong><\/td>\n<td>Do\u017cylnie (IV), domi\u0119\u015bniowo (IM), doustnie, donosowo (pod nadzorem lekarza)<\/td>\n<\/tr>\n<tr>\n<td><strong>Pocz\u0105tek efekt\u00f3w<\/strong><\/td>\n<td>Szybki pocz\u0105tek, zwykle w ci\u0105gu kilku minut po podaniu do\u017cylnym lub domi\u0119\u015bniowym<\/td>\n<\/tr>\n<tr>\n<td><strong>Czas trwania efekt\u00f3w<\/strong><\/td>\n<td>R\u00f3\u017cni si\u0119 w zale\u017cno\u015bci od dawki i drogi podania: dzia\u0142anie znieczulaj\u0105ce utrzymuje si\u0119 przez 10\u201320 minut po podaniu do\u017cylnym, do 1 godziny po podaniu domi\u0119\u015bniowym; dzia\u0142anie przeciwb\u00f3lowe i przeciwdepresyjne mo\u017ce utrzymywa\u0107 si\u0119 d\u0142u\u017cej<\/td>\n<\/tr>\n<tr>\n<td><strong>Skutki uboczne<\/strong><\/td>\n<td>Nudno\u015bci, zawroty g\u0142owy, dezorientacja, halucynacje, dysocjacja, podwy\u017cszone ci\u015bnienie krwi; ryzyko niew\u0142a\u015bciwego stosowania w celach niemedycznych<\/td>\n<\/tr>\n<tr>\n<td><strong>Status prawny<\/strong><\/td>\n<td>Sklasyfikowany jako <strong>Substancja kontrolowana z Wykazu III<\/strong> w USA, legalnie stosowany wy\u0142\u0105cznie na recept\u0119 lub w warunkach medycznych; cz\u0119sto obj\u0119ty ograniczeniami na ca\u0142ym \u015bwiecie<\/td>\n<\/tr>\n<\/tbody>\n<\/table>\n<p>&nbsp;<\/p>\n<table>\n<thead>\n<tr>\n<th><strong>Typ<\/strong><\/th>\n<th><strong>Nazwy \/ Identyfikatory<\/strong><\/th>\n<\/tr>\n<\/thead>\n<tbody>\n<tr>\n<td><strong>Nazwy og\u00f3lne<\/strong><\/td>\n<td>Ketamina, chlorowodorek ketaminy<\/td>\n<\/tr>\n<tr>\n<td><strong>Nazwy marek<\/strong><\/td>\n<td>Ketalar, Ketaject, Ketavet, Vetalar<\/td>\n<\/tr>\n<tr>\n<td><strong>Nazwy ulic<\/strong><\/td>\n<td>Specjalne K, K, Kit Kat, Witamina K, Cat Valium<\/td>\n<\/tr>\n<tr>\n<td><strong>Nazwy chemiczne<\/strong><\/td>\n<td>Chlorowodorek (RS)-2-(2-chlorofenylo)-2-(metyloamino)cykloheksanonu, 2-(O-chlorofenylo)-2-(metyloamino)cykloheksanon<\/td>\n<\/tr>\n<tr>\n<td><strong>Numer CAS<\/strong><\/td>\n<td>6740-88-1<\/td>\n<\/tr>\n<tr>\n<td><strong>Synonimy w badaniach<\/strong><\/td>\n<td>CI-581, CI-581a<\/td>\n<\/tr>\n<\/tbody>\n<\/table>\n<p><strong>S\u0142owa kluczowe<\/strong>:zam\u00f3w ketamin\u0119 online, kup ketamin\u0119 jako odczynnik badawczy, ketamina do cel\u00f3w badawczych, ketamina o wysokiej czysto\u015bci na sprzeda\u017c.<\/p>\n<ul>\n<li><strong>Wezwanie do dzia\u0142ania<\/strong>:Kupuj wysokiej czysto\u015bci <strong>proszek ketaminy<\/strong> z <a href=\"https:\/\/frcs-research.com\/pl\/\"><strong>Badania FRCS<\/strong><\/a> i zbada\u0107 jego g\u0142\u0119bokie zastosowania w <strong>neuroplastyczno\u015b\u0107<\/strong> I <strong>znieczulenie<\/strong> badania. Bezpieczna, dyskretna wysy\u0142ka dost\u0119pna na ca\u0142ym \u015bwiecie.<\/li>\n<\/ul>","protected":false},"excerpt":{"rendered":"<div style=\"max-width: 300px; padding: 20px; border: 1px solid #ddd; border-radius: 5px; text-align: center;\">\n<h4>Skontaktuj si\u0119 z nami w sprawie zapytania o produkt<\/h4>\n<p><!-- WhatsApp Contact --><\/p>\n<p class=\"product woocommerce add_to_cart_inline\" style=\"border:4px solid #ccc; padding: 12px;\"><del aria-hidden=\"true\"><span class=\"woocommerce-Price-amount amount\"><bdi><span class=\"woocommerce-Price-currencySymbol\">&euro;<\/span>5,600.00<\/bdi><\/span><\/del> <span class=\"screen-reader-text\" data-no-translation=\"\" data-trp-gettext=\"\">Oryginalna cena wynosi\u0142a: &euro;5,600.00.<\/span><ins aria-hidden=\"true\"><span class=\"woocommerce-Price-amount amount\"><bdi><span class=\"woocommerce-Price-currencySymbol\">&euro;<\/span>5,300.00<\/bdi><\/span><\/ins><span class=\"screen-reader-text\" data-no-translation=\"\" data-trp-gettext=\"\">Aktualna cena wynosi: &euro;5,300.00.<\/span><a href=\"\/pl\/wp-json\/wp\/v2\/product\/735?add-to-cart=735\" aria-describedby=\"woocommerce_loop_add_to_cart_link_describedby_735\" data-quantity=\"1\" class=\"button product_type_simple add_to_cart_button ajax_add_to_cart\" data-product_id=\"735\" data-product_sku=\"\" aria-label=\"Dodaj do koszyka: \u201eKetamine 1kg\u201d\" rel=\"nofollow\" data-success_message=\"\u201cKetamine 1kg\u201d zosta\u0142 dodany do twojego koszyka\" data-no-translation=\"\" data-trp-gettext=\"\" data-no-translation-aria-label=\"\" data-no-translation-data-success_message=\"\">Dodaj do koszyka<\/a>\t<span id=\"woocommerce_loop_add_to_cart_link_describedby_735\" class=\"screen-reader-text\"><br \/>\n\t\t\t<\/span>\n<\/p>\n<p><!-- Email Contact --><\/p>\n<p class=\"product woocommerce add_to_cart_inline\" style=\"border:4px solid #ccc; padding: 12px;\"><del aria-hidden=\"true\"><span class=\"woocommerce-Price-amount amount\"><bdi><span class=\"woocommerce-Price-currencySymbol\">&euro;<\/span>5,600.00<\/bdi><\/span><\/del> <span class=\"screen-reader-text\" data-no-translation=\"\" data-trp-gettext=\"\">Oryginalna cena wynosi\u0142a: &euro;5,600.00.<\/span><ins aria-hidden=\"true\"><span class=\"woocommerce-Price-amount amount\"><bdi><span class=\"woocommerce-Price-currencySymbol\">&euro;<\/span>5,300.00<\/bdi><\/span><\/ins><span class=\"screen-reader-text\" data-no-translation=\"\" data-trp-gettext=\"\">Aktualna cena wynosi: &euro;5,300.00.<\/span><a href=\"\/pl\/wp-json\/wp\/v2\/product\/735?add-to-cart=735\" aria-describedby=\"woocommerce_loop_add_to_cart_link_describedby_735\" data-quantity=\"1\" class=\"button product_type_simple add_to_cart_button ajax_add_to_cart\" data-product_id=\"735\" data-product_sku=\"\" aria-label=\"Dodaj do koszyka: \u201eKetamine 1kg\u201d\" rel=\"nofollow\" data-success_message=\"\u201cKetamine 1kg\u201d zosta\u0142 dodany do twojego koszyka\" data-no-translation=\"\" data-trp-gettext=\"\" data-no-translation-aria-label=\"\" data-no-translation-data-success_message=\"\">Dodaj do koszyka<\/a>\t<span id=\"woocommerce_loop_add_to_cart_link_describedby_735\" class=\"screen-reader-text\"><br \/>\n\t\t\t<\/span>\n<\/p>\n<\/div>\n<p>&hellip;<\/p>\n<p class=\"product woocommerce add_to_cart_inline\" style=\"border:4px solid #ccc; padding: 12px;\"><del aria-hidden=\"true\"><span class=\"woocommerce-Price-amount amount\"><bdi><span class=\"woocommerce-Price-currencySymbol\">&euro;<\/span>5,600.00<\/bdi><\/span><\/del> <span class=\"screen-reader-text\" data-no-translation=\"\" data-trp-gettext=\"\">Oryginalna cena wynosi\u0142a: &euro;5,600.00.<\/span><ins aria-hidden=\"true\"><span class=\"woocommerce-Price-amount amount\"><bdi><span class=\"woocommerce-Price-currencySymbol\">&euro;<\/span>5,300.00<\/bdi><\/span><\/ins><span class=\"screen-reader-text\" data-no-translation=\"\" data-trp-gettext=\"\">Aktualna cena wynosi: &euro;5,300.00.<\/span><a href=\"\/pl\/wp-json\/wp\/v2\/product\/735?add-to-cart=735\" aria-describedby=\"woocommerce_loop_add_to_cart_link_describedby_735\" data-quantity=\"1\" class=\"button product_type_simple add_to_cart_button ajax_add_to_cart\" data-product_id=\"735\" data-product_sku=\"\" aria-label=\"Dodaj do koszyka: \u201eKetamine 1kg\u201d\" rel=\"nofollow\" data-success_message=\"\u201cKetamine 1kg\u201d zosta\u0142 dodany do twojego koszyka\" data-no-translation=\"\" data-trp-gettext=\"\" data-no-translation-aria-label=\"\" data-no-translation-data-success_message=\"\">Dodaj do koszyka<\/a>\t<span id=\"woocommerce_loop_add_to_cart_link_describedby_735\" class=\"screen-reader-text\"><br \/>\n\t\t\t<\/span><\/p>","protected":false},"featured_media":736,"comment_status":"open","ping_status":"closed","template":"","meta":{"_uag_custom_page_level_css":""},"product_brand":[],"product_cat":[28],"product_tag":[],"class_list":{"0":"post-735","1":"product","2":"type-product","3":"status-publish","4":"has-post-thumbnail","6":"product_cat-dissociatives","8":"first","9":"instock","10":"sale","11":"shipping-taxable","12":"purchasable","13":"product-type-simple"},"yoast_head":"<!-- This site is optimized with the Yoast SEO plugin v27.1.1 - https:\/\/yoast.com\/product\/yoast-seo-wordpress\/ -->\n<title>Buy Ketamine Powder High-Purity for Research | FRCS Research<\/title>\n<meta name=\"description\" content=\"Buy ketamine powder for research at FRCS Research. Ideal for studying neuroplasticity and chronic pain treatment. Secure online ordering and discreet shipping available.\" \/>\n<meta name=\"robots\" content=\"index, follow, max-snippet:-1, max-image-preview:large, max-video-preview:-1\" \/>\n<link rel=\"canonical\" href=\"https:\/\/frcs-research.com\/pl\/product\/kup-proszek-ketaminy\/\" \/>\n<meta property=\"og:locale\" content=\"pl_PL\" \/>\n<meta property=\"og:type\" content=\"article\" \/>\n<meta property=\"og:title\" content=\"Buy Ketamine Powder High-Purity for Research | FRCS Research\" \/>\n<meta property=\"og:description\" content=\"Buy ketamine powder for research at FRCS Research. Ideal for studying neuroplasticity and chronic pain treatment. Secure online ordering and discreet shipping available.\" \/>\n<meta property=\"og:url\" content=\"https:\/\/frcs-research.com\/pl\/product\/kup-proszek-ketaminy\/\" \/>\n<meta property=\"og:site_name\" content=\"wholesale supplier of research chemicals, 4mmc, 3mmc, MDPHP, Alpha PVP and more\" \/>\n<meta property=\"article:modified_time\" content=\"2026-04-05T01:12:35+00:00\" \/>\n<meta property=\"og:image\" content=\"https:\/\/frcs-research.com\/wp-content\/uploads\/2024\/10\/OIP.jpg\" \/>\n\t<meta property=\"og:image:width\" content=\"474\" \/>\n\t<meta property=\"og:image:height\" content=\"283\" \/>\n\t<meta property=\"og:image:type\" content=\"image\/jpeg\" \/>\n<meta name=\"twitter:card\" content=\"summary_large_image\" \/>\n<meta name=\"twitter:label1\" content=\"Cena\" \/>\n\t<meta name=\"twitter:data1\" content=\"&euro;5,300.00\" \/>\n\t<meta name=\"twitter:label2\" content=\"Dost\u0119pno\u015b\u0107\" \/>\n\t<meta name=\"twitter:data2\" content=\"Dost\u0119pny\" \/>\n<script type=\"application\/ld+json\" class=\"yoast-schema-graph\">{\"@context\":\"https:\/\/schema.org\",\"@graph\":[{\"@type\":[\"WebPage\",\"ItemPage\"],\"@id\":\"https:\/\/frcs-research.com\/product\/buy-ketamine-powder\/\",\"url\":\"https:\/\/frcs-research.com\/product\/buy-ketamine-powder\/\",\"name\":\"Buy Ketamine Powder High-Purity for Research | FRCS Research\",\"isPartOf\":{\"@id\":\"https:\/\/frcs-research.com\/#website\"},\"primaryImageOfPage\":{\"@id\":\"https:\/\/frcs-research.com\/product\/buy-ketamine-powder\/#primaryimage\"},\"image\":{\"@id\":\"https:\/\/frcs-research.com\/product\/buy-ketamine-powder\/#primaryimage\"},\"thumbnailUrl\":\"https:\/\/frcs-research.com\/wp-content\/uploads\/2024\/10\/OIP.jpg\",\"datePublished\":\"2024-10-12T22:10:25+00:00\",\"dateModified\":\"2026-04-05T01:12:35+00:00\",\"description\":\"Buy ketamine powder for research at FRCS Research. Ideal for studying neuroplasticity and chronic pain treatment. Secure online ordering and discreet shipping available.\",\"breadcrumb\":{\"@id\":\"https:\/\/frcs-research.com\/product\/buy-ketamine-powder\/#breadcrumb\"},\"inLanguage\":\"pl-PL\",\"potentialAction\":[{\"@type\":\"ReadAction\",\"target\":[\"https:\/\/frcs-research.com\/product\/buy-ketamine-powder\/\"]}]},{\"@type\":\"ImageObject\",\"inLanguage\":\"pl-PL\",\"@id\":\"https:\/\/frcs-research.com\/product\/buy-ketamine-powder\/#primaryimage\",\"url\":\"https:\/\/frcs-research.com\/wp-content\/uploads\/2024\/10\/OIP.jpg\",\"contentUrl\":\"https:\/\/frcs-research.com\/wp-content\/uploads\/2024\/10\/OIP.jpg\",\"width\":474,\"height\":283,\"caption\":\"Buy Ketamine Powder\"},{\"@type\":\"BreadcrumbList\",\"@id\":\"https:\/\/frcs-research.com\/product\/buy-ketamine-powder\/#breadcrumb\",\"itemListElement\":[{\"@type\":\"ListItem\",\"position\":1,\"name\":\"Home\",\"item\":\"https:\/\/frcs-research.com\/\"},{\"@type\":\"ListItem\",\"position\":2,\"name\":\"Shop\",\"item\":\"https:\/\/frcs-research.com\/shop\/\"},{\"@type\":\"ListItem\",\"position\":3,\"name\":\"Ketamine 1kg\"}]},{\"@type\":\"WebSite\",\"@id\":\"https:\/\/frcs-research.com\/#website\",\"url\":\"https:\/\/frcs-research.com\/\",\"name\":\"wholesale supplier of research chemicals, 4mmc, 3mmc, MDPHP, Alpha PVP and more\",\"description\":\"Wholesale research chemicals\",\"potentialAction\":[{\"@type\":\"SearchAction\",\"target\":{\"@type\":\"EntryPoint\",\"urlTemplate\":\"https:\/\/frcs-research.com\/?s={search_term_string}\"},\"query-input\":{\"@type\":\"PropertyValueSpecification\",\"valueRequired\":true,\"valueName\":\"search_term_string\"}}],\"inLanguage\":\"pl-PL\"}]}<\/script>\n<meta property=\"product:price:amount\" content=\"5300.00\" \/>\n<meta property=\"product:price:currency\" content=\"EUR\" \/>\n<meta property=\"og:availability\" content=\"instock\" \/>\n<meta property=\"product:availability\" content=\"instock\" \/>\n<meta property=\"product:condition\" content=\"new\" \/>\n<!-- \/ Yoast SEO plugin. -->","yoast_head_json":{"title":"Kup proszek ketaminy o wysokiej czysto\u015bci do bada\u0144 | Badania FRCS","description":"Kup proszek ketaminy do bada\u0144 w FRCS Research. Idealny do badania neuroplastyczno\u015bci i leczenia przewlek\u0142ego b\u00f3lu. Dost\u0119pne bezpieczne zamawianie online i dyskretna wysy\u0142ka.","robots":{"index":"index","follow":"follow","max-snippet":"max-snippet:-1","max-image-preview":"max-image-preview:large","max-video-preview":"max-video-preview:-1"},"canonical":"https:\/\/frcs-research.com\/pl\/product\/kup-proszek-ketaminy\/","og_locale":"pl_PL","og_type":"article","og_title":"Buy Ketamine Powder High-Purity for Research | FRCS Research","og_description":"Buy ketamine powder for research at FRCS Research. Ideal for studying neuroplasticity and chronic pain treatment. Secure online ordering and discreet shipping available.","og_url":"https:\/\/frcs-research.com\/pl\/product\/kup-proszek-ketaminy\/","og_site_name":"wholesale supplier of research chemicals, 4mmc, 3mmc, MDPHP, Alpha PVP and more","article_modified_time":"2026-04-05T01:12:35+00:00","og_image":[{"width":474,"height":283,"url":"https:\/\/frcs-research.com\/wp-content\/uploads\/2024\/10\/OIP.jpg","type":"image\/jpeg"}],"twitter_card":"summary_large_image","twitter_misc":{"Cena":"&euro;5,300.00","Dost\u0119pno\u015b\u0107":"Dost\u0119pny"},"schema":{"@context":"https:\/\/schema.org","@graph":[{"@type":["WebPage","ItemPage"],"@id":"https:\/\/frcs-research.com\/product\/buy-ketamine-powder\/","url":"https:\/\/frcs-research.com\/product\/buy-ketamine-powder\/","name":"Kup proszek ketaminy o wysokiej czysto\u015bci do bada\u0144 | Badania FRCS","isPartOf":{"@id":"https:\/\/frcs-research.com\/#website"},"primaryImageOfPage":{"@id":"https:\/\/frcs-research.com\/product\/buy-ketamine-powder\/#primaryimage"},"image":{"@id":"https:\/\/frcs-research.com\/product\/buy-ketamine-powder\/#primaryimage"},"thumbnailUrl":"https:\/\/frcs-research.com\/wp-content\/uploads\/2024\/10\/OIP.jpg","datePublished":"2024-10-12T22:10:25+00:00","dateModified":"2026-04-05T01:12:35+00:00","description":"Kup proszek ketaminy do bada\u0144 w FRCS Research. Idealny do badania neuroplastyczno\u015bci i leczenia przewlek\u0142ego b\u00f3lu. Dost\u0119pne bezpieczne zamawianie online i dyskretna wysy\u0142ka.","breadcrumb":{"@id":"https:\/\/frcs-research.com\/product\/buy-ketamine-powder\/#breadcrumb"},"inLanguage":"pl-PL","potentialAction":[{"@type":"ReadAction","target":["https:\/\/frcs-research.com\/product\/buy-ketamine-powder\/"]}]},{"@type":"ImageObject","inLanguage":"pl-PL","@id":"https:\/\/frcs-research.com\/product\/buy-ketamine-powder\/#primaryimage","url":"https:\/\/frcs-research.com\/wp-content\/uploads\/2024\/10\/OIP.jpg","contentUrl":"https:\/\/frcs-research.com\/wp-content\/uploads\/2024\/10\/OIP.jpg","width":474,"height":283,"caption":"Buy Ketamine Powder"},{"@type":"BreadcrumbList","@id":"https:\/\/frcs-research.com\/product\/buy-ketamine-powder\/#breadcrumb","itemListElement":[{"@type":"ListItem","position":1,"name":"Home","item":"https:\/\/frcs-research.com\/"},{"@type":"ListItem","position":2,"name":"Shop","item":"https:\/\/frcs-research.com\/shop\/"},{"@type":"ListItem","position":3,"name":"Ketamine 1kg"}]},{"@type":"WebSite","@id":"https:\/\/frcs-research.com\/#website","url":"https:\/\/frcs-research.com\/","name":"hurtowy dostawca chemikali\u00f3w badawczych, 4mmc, 3mmc, MDPHP, Alpha PVP i innych","description":"Hurtowa sprzeda\u017c chemikali\u00f3w badawczych","potentialAction":[{"@type":"SearchAction","target":{"@type":"EntryPoint","urlTemplate":"https:\/\/frcs-research.com\/?s={search_term_string}"},"query-input":{"@type":"PropertyValueSpecification","valueRequired":true,"valueName":"search_term_string"}}],"inLanguage":"pl-PL"}]},"product_price_amount":"5300.00","product_price_currency":"EUR","og_availability":"instock","product_availability":"instock","product_condition":"new"},"uagb_featured_image_src":{"full":["https:\/\/frcs-research.com\/wp-content\/uploads\/2024\/10\/OIP.jpg",474,283,false],"thumbnail":["https:\/\/frcs-research.com\/wp-content\/uploads\/2024\/10\/OIP-150x150.jpg",150,150,true],"medium":["https:\/\/frcs-research.com\/wp-content\/uploads\/2024\/10\/OIP-300x179.jpg",300,179,true],"medium_large":["https:\/\/frcs-research.com\/wp-content\/uploads\/2024\/10\/OIP.jpg",474,283,false],"large":["https:\/\/frcs-research.com\/wp-content\/uploads\/2024\/10\/OIP.jpg",474,283,false],"1536x1536":["https:\/\/frcs-research.com\/wp-content\/uploads\/2024\/10\/OIP.jpg",474,283,false],"2048x2048":["https:\/\/frcs-research.com\/wp-content\/uploads\/2024\/10\/OIP.jpg",474,283,false],"trp-custom-language-flag":["https:\/\/frcs-research.com\/wp-content\/uploads\/2024\/10\/OIP.jpg",18,12,false],"post-thumbnail":["https:\/\/frcs-research.com\/wp-content\/uploads\/2024\/10\/OIP.jpg",474,283,false],"elite-commerce-slider":["https:\/\/frcs-research.com\/wp-content\/uploads\/2024\/10\/OIP.jpg",474,283,false],"elite-commerce-hero":["https:\/\/frcs-research.com\/wp-content\/uploads\/2024\/10\/OIP.jpg",474,283,false],"elite-commerce-portfolio":["https:\/\/frcs-research.com\/wp-content\/uploads\/2024\/10\/OIP.jpg",400,239,false],"woocommerce_thumbnail":["https:\/\/frcs-research.com\/wp-content\/uploads\/2024\/10\/OIP-300x283.jpg",300,283,true],"woocommerce_single":["https:\/\/frcs-research.com\/wp-content\/uploads\/2024\/10\/OIP.jpg",474,283,false],"woocommerce_gallery_thumbnail":["https:\/\/frcs-research.com\/wp-content\/uploads\/2024\/10\/OIP-100x100.jpg",100,100,true]},"uagb_author_info":{"display_name":"Richard Wood","author_link":"https:\/\/frcs-research.com\/pl\/author\/"},"uagb_comment_info":841,"uagb_excerpt":"Contact Us for Product Inquiry &euro;5,600.00 Oryginalna cena wynosi\u0142a: &euro;5,600.00.&euro;5,300.00Aktualna cena wynosi: &euro;5,300.00.Dodaj do koszyka &euro;5,600.00 Oryginalna cena wynosi\u0142a: &euro;5,600.00.&euro;5,300.00Aktualna cena wynosi: &euro;5,300.00.Dodaj do koszyka &hellip;&euro;5,600.00 Oryginalna cena wynosi\u0142a: &euro;5,600.00.&euro;5,300.00Aktualna cena wynosi: &euro;5,300.00.Dodaj do koszyka","_links":{"self":[{"href":"https:\/\/frcs-research.com\/pl\/wp-json\/wp\/v2\/product\/735","targetHints":{"allow":["GET"]}}],"collection":[{"href":"https:\/\/frcs-research.com\/pl\/wp-json\/wp\/v2\/product"}],"about":[{"href":"https:\/\/frcs-research.com\/pl\/wp-json\/wp\/v2\/types\/product"}],"replies":[{"embeddable":true,"href":"https:\/\/frcs-research.com\/pl\/wp-json\/wp\/v2\/comments?post=735"}],"wp:featuredmedia":[{"embeddable":true,"href":"https:\/\/frcs-research.com\/pl\/wp-json\/wp\/v2\/media\/736"}],"wp:attachment":[{"href":"https:\/\/frcs-research.com\/pl\/wp-json\/wp\/v2\/media?parent=735"}],"wp:term":[{"taxonomy":"product_brand","embeddable":true,"href":"https:\/\/frcs-research.com\/pl\/wp-json\/wp\/v2\/product_brand?post=735"},{"taxonomy":"product_cat","embeddable":true,"href":"https:\/\/frcs-research.com\/pl\/wp-json\/wp\/v2\/product_cat?post=735"},{"taxonomy":"product_tag","embeddable":true,"href":"https:\/\/frcs-research.com\/pl\/wp-json\/wp\/v2\/product_tag?post=735"}],"curies":[{"name":"wp","href":"https:\/\/api.w.org\/{rel}","templated":true}]}}