{"id":737,"date":"2024-10-12T22:13:13","date_gmt":"2024-10-12T22:13:13","guid":{"rendered":"https:\/\/frcs-research.com\/?post_type=product&#038;p=737"},"modified":"2026-04-03T14:42:26","modified_gmt":"2026-04-03T14:42:26","slug":"kup-pcp","status":"publish","type":"product","link":"https:\/\/frcs-research.com\/pl\/product\/kup-pcp\/","title":{"rendered":"Fencyklidyna (PCP)"},"content":{"rendered":"<h3><strong>Zam\u00f3w Phencyclidine (PCP) do bada\u0144<\/strong><\/h3>\n<p>Czy jeste\u015b zainteresowany zakupem? <strong>fencyklidyna (PCP)<\/strong> na potrzeby bada\u0144 naukowych? <strong>PCP<\/strong> jest pot\u0119\u017cny <strong>\u015brodek znieczulaj\u0105cy dysocjacyjny<\/strong> kt\u00f3ry sta\u0142 si\u0119 istotnym elementem bada\u0144 neuropsychiatrycznych. Naukowcy wykorzystuj\u0105 PCP do badania efekt\u00f3w <strong>Antagonizm receptora NMDA<\/strong> i jego implikacje dla <strong>schizofrenia<\/strong> I <strong>zaburzenia poznawcze<\/strong>. Na <strong>Badania FRCS<\/strong>, oferujemy czyste <strong>Proszek PCP<\/strong> zaprojektowane do zastosowa\u0144 badawczych, gwarantuj\u0105c jako\u015b\u0107 i niezawodno\u015b\u0107 Twoich eksperyment\u00f3w.<\/p>\n<ul>\n<li><strong>S\u0142owa kluczowe<\/strong>: kup PCP, fencyklidyna do cel\u00f3w badawczych, kup proszek PCP, zam\u00f3w fencyklidyn\u0119 online, odczynniki chemiczne do cel\u00f3w badawczych PCP.<\/li>\n<li><strong>Wezwanie do dzia\u0142ania<\/strong>: Zakup <strong>Proszek PCP<\/strong> Do <strong>badania neurologiczne<\/strong> z <strong>Badania FRCS<\/strong> dzi\u015b. Wysokiej czysto\u015bci fencyklidyna jest dost\u0119pna z szybk\u0105 i bezpieczn\u0105 wysy\u0142k\u0105.<\/li>\n<\/ul>","protected":false},"excerpt":{"rendered":"<p>Order Phencyclidine (PCP) for Research Are you interested in purchasing phencyclidine (PCP) for your scientific research? PCP is a powerful dissociative anesthetic that has become a vital component in neuropsychiatric&hellip;<\/p>\n<p class=\"product woocommerce add_to_cart_inline\" style=\"border:4px solid #ccc; padding: 12px;\"><a href=\"https:\/\/frcs-research.com\/pl\/product\/kup-pcp\/\" aria-describedby=\"woocommerce_loop_add_to_cart_link_describedby_737\" data-quantity=\"1\" class=\"button product_type_simple\" data-product_id=\"737\" data-product_sku=\"\" aria-label=\"Przeczytaj wi\u0119cej o \u201ePhencyclidine (PCP)\u201d\" rel=\"nofollow\" data-success_message=\"\" data-no-translation=\"\" data-trp-gettext=\"\" data-no-translation-aria-label=\"\">Dowiedz si\u0119 wi\u0119cej<\/a>\t<span id=\"woocommerce_loop_add_to_cart_link_describedby_737\" class=\"screen-reader-text\"><br \/>\n\t\t\t<\/span><\/p>","protected":false},"featured_media":738,"comment_status":"open","ping_status":"closed","template":"","meta":{"_uag_custom_page_level_css":""},"product_brand":[],"product_cat":[28],"product_tag":[236,246,243,233,239,238,241,234,247,240,235,242,245,237,244],"class_list":{"0":"post-737","1":"product","2":"type-product","3":"status-publish","4":"has-post-thumbnail","6":"product_cat-dissociatives","7":"product_tag-angel-dust-buy","8":"product_tag-best-place-to-buy-pcp","9":"product_tag-buy-pcp-in-bulk","10":"product_tag-buy-pcp-online","11":"product_tag-buy-phencyclidine-legally","12":"product_tag-cheap-pcp-online","13":"product_tag-order-angel-dust-online","14":"product_tag-order-pcp-crystals","15":"product_tag-pcp-online-shop","16":"product_tag-pcp-vendor","17":"product_tag-phencyclidine-for-sale","18":"product_tag-phencyclidine-hcl-buy","19":"product_tag-phencyclidine-powder-purchase","20":"product_tag-purchase-pcp-powder","21":"product_tag-where-to-find-pcp","23":"first","24":"instock","25":"shipping-taxable","26":"product-type-simple"},"yoast_head":"<!-- This site is optimized with the Yoast SEO plugin v27.1.1 - https:\/\/yoast.com\/product\/yoast-seo-wordpress\/ -->\n<title>Buy Phencyclidine (PCP) Powder for Research | FRCS Research<\/title>\n<meta name=\"description\" content=\"Purchase pure phencyclidine (PCP) powder for research purposes at FRCS Research. Ideal for neuropsychiatric studies. Fast, discreet shipping worldwide.\" \/>\n<meta name=\"robots\" content=\"index, follow, max-snippet:-1, max-image-preview:large, max-video-preview:-1\" \/>\n<link rel=\"canonical\" href=\"https:\/\/frcs-research.com\/pl\/product\/kup-pcp\/\" \/>\n<meta property=\"og:locale\" content=\"pl_PL\" \/>\n<meta property=\"og:type\" content=\"article\" \/>\n<meta property=\"og:title\" content=\"Buy Phencyclidine (PCP) Powder for Research | FRCS Research\" \/>\n<meta property=\"og:description\" content=\"Purchase pure phencyclidine (PCP) powder for research purposes at FRCS Research. Ideal for neuropsychiatric studies. Fast, discreet shipping worldwide.\" \/>\n<meta property=\"og:url\" content=\"https:\/\/frcs-research.com\/pl\/product\/kup-pcp\/\" \/>\n<meta property=\"og:site_name\" content=\"wholesale supplier of research chemicals, 4mmc, 3mmc, MDPHP, Alpha PVP and more\" \/>\n<meta property=\"article:modified_time\" content=\"2026-04-03T14:42:26+00:00\" \/>\n<meta property=\"og:image\" content=\"https:\/\/frcs-research.com\/wp-content\/uploads\/2024\/10\/OIP-1.jpg\" \/>\n\t<meta property=\"og:image:width\" content=\"474\" \/>\n\t<meta property=\"og:image:height\" content=\"355\" \/>\n\t<meta property=\"og:image:type\" content=\"image\/jpeg\" \/>\n<meta name=\"twitter:card\" content=\"summary_large_image\" \/>\n<meta name=\"twitter:label1\" content=\"Cena\" \/>\n\t<meta name=\"twitter:data1\" content=\"\" \/>\n\t<meta name=\"twitter:label2\" content=\"Dost\u0119pno\u015b\u0107\" \/>\n\t<meta name=\"twitter:data2\" content=\"Dost\u0119pny\" \/>\n<script type=\"application\/ld+json\" class=\"yoast-schema-graph\">{\"@context\":\"https:\/\/schema.org\",\"@graph\":[{\"@type\":[\"WebPage\",\"ItemPage\"],\"@id\":\"https:\/\/frcs-research.com\/product\/buy-pcp\/\",\"url\":\"https:\/\/frcs-research.com\/product\/buy-pcp\/\",\"name\":\"Buy Phencyclidine (PCP) Powder for Research | FRCS Research\",\"isPartOf\":{\"@id\":\"https:\/\/frcs-research.com\/#website\"},\"primaryImageOfPage\":{\"@id\":\"https:\/\/frcs-research.com\/product\/buy-pcp\/#primaryimage\"},\"image\":{\"@id\":\"https:\/\/frcs-research.com\/product\/buy-pcp\/#primaryimage\"},\"thumbnailUrl\":\"https:\/\/frcs-research.com\/wp-content\/uploads\/2024\/10\/OIP-1.jpg\",\"datePublished\":\"2024-10-12T22:13:13+00:00\",\"dateModified\":\"2026-04-03T14:42:26+00:00\",\"description\":\"Purchase pure phencyclidine (PCP) powder for research purposes at FRCS Research. Ideal for neuropsychiatric studies. Fast, discreet shipping worldwide.\",\"breadcrumb\":{\"@id\":\"https:\/\/frcs-research.com\/product\/buy-pcp\/#breadcrumb\"},\"inLanguage\":\"pl-PL\",\"potentialAction\":[{\"@type\":\"ReadAction\",\"target\":[\"https:\/\/frcs-research.com\/product\/buy-pcp\/\"]}]},{\"@type\":\"ImageObject\",\"inLanguage\":\"pl-PL\",\"@id\":\"https:\/\/frcs-research.com\/product\/buy-pcp\/#primaryimage\",\"url\":\"https:\/\/frcs-research.com\/wp-content\/uploads\/2024\/10\/OIP-1.jpg\",\"contentUrl\":\"https:\/\/frcs-research.com\/wp-content\/uploads\/2024\/10\/OIP-1.jpg\",\"width\":474,\"height\":355,\"caption\":\"buy PCP\"},{\"@type\":\"BreadcrumbList\",\"@id\":\"https:\/\/frcs-research.com\/product\/buy-pcp\/#breadcrumb\",\"itemListElement\":[{\"@type\":\"ListItem\",\"position\":1,\"name\":\"Home\",\"item\":\"https:\/\/frcs-research.com\/\"},{\"@type\":\"ListItem\",\"position\":2,\"name\":\"Shop\",\"item\":\"https:\/\/frcs-research.com\/shop\/\"},{\"@type\":\"ListItem\",\"position\":3,\"name\":\"Phencyclidine (PCP)\"}]},{\"@type\":\"WebSite\",\"@id\":\"https:\/\/frcs-research.com\/#website\",\"url\":\"https:\/\/frcs-research.com\/\",\"name\":\"wholesale supplier of research chemicals, 4mmc, 3mmc, MDPHP, Alpha PVP and more\",\"description\":\"Wholesale research chemicals\",\"potentialAction\":[{\"@type\":\"SearchAction\",\"target\":{\"@type\":\"EntryPoint\",\"urlTemplate\":\"https:\/\/frcs-research.com\/?s={search_term_string}\"},\"query-input\":{\"@type\":\"PropertyValueSpecification\",\"valueRequired\":true,\"valueName\":\"search_term_string\"}}],\"inLanguage\":\"pl-PL\"}]}<\/script>\n<meta property=\"product:price:currency\" content=\"EUR\" \/>\n<meta property=\"og:availability\" content=\"instock\" \/>\n<meta property=\"product:availability\" content=\"instock\" \/>\n<meta property=\"product:condition\" content=\"new\" \/>\n<!-- \/ Yoast SEO plugin. -->","yoast_head_json":{"title":"Kup proszek Phencyclidine (PCP) do bada\u0144 | Badania FRCS","description":"Kup czysty proszek fencyklidyny (PCP) do cel\u00f3w badawczych w FRCS Research. Idealny do bada\u0144 neuropsychiatrycznych. Szybka, dyskretna wysy\u0142ka na ca\u0142y \u015bwiat.","robots":{"index":"index","follow":"follow","max-snippet":"max-snippet:-1","max-image-preview":"max-image-preview:large","max-video-preview":"max-video-preview:-1"},"canonical":"https:\/\/frcs-research.com\/pl\/product\/kup-pcp\/","og_locale":"pl_PL","og_type":"article","og_title":"Buy Phencyclidine (PCP) Powder for Research | FRCS Research","og_description":"Purchase pure phencyclidine (PCP) powder for research purposes at FRCS Research. Ideal for neuropsychiatric studies. Fast, discreet shipping worldwide.","og_url":"https:\/\/frcs-research.com\/pl\/product\/kup-pcp\/","og_site_name":"wholesale supplier of research chemicals, 4mmc, 3mmc, MDPHP, Alpha PVP and more","article_modified_time":"2026-04-03T14:42:26+00:00","og_image":[{"width":474,"height":355,"url":"https:\/\/frcs-research.com\/wp-content\/uploads\/2024\/10\/OIP-1.jpg","type":"image\/jpeg"}],"twitter_card":"summary_large_image","twitter_misc":{"Cena":"","Dost\u0119pno\u015b\u0107":"Dost\u0119pny"},"schema":{"@context":"https:\/\/schema.org","@graph":[{"@type":["WebPage","ItemPage"],"@id":"https:\/\/frcs-research.com\/product\/buy-pcp\/","url":"https:\/\/frcs-research.com\/product\/buy-pcp\/","name":"Kup proszek Phencyclidine (PCP) do bada\u0144 | Badania FRCS","isPartOf":{"@id":"https:\/\/frcs-research.com\/#website"},"primaryImageOfPage":{"@id":"https:\/\/frcs-research.com\/product\/buy-pcp\/#primaryimage"},"image":{"@id":"https:\/\/frcs-research.com\/product\/buy-pcp\/#primaryimage"},"thumbnailUrl":"https:\/\/frcs-research.com\/wp-content\/uploads\/2024\/10\/OIP-1.jpg","datePublished":"2024-10-12T22:13:13+00:00","dateModified":"2026-04-03T14:42:26+00:00","description":"Kup czysty proszek fencyklidyny (PCP) do cel\u00f3w badawczych w FRCS Research. Idealny do bada\u0144 neuropsychiatrycznych. Szybka, dyskretna wysy\u0142ka na ca\u0142y \u015bwiat.","breadcrumb":{"@id":"https:\/\/frcs-research.com\/product\/buy-pcp\/#breadcrumb"},"inLanguage":"pl-PL","potentialAction":[{"@type":"ReadAction","target":["https:\/\/frcs-research.com\/product\/buy-pcp\/"]}]},{"@type":"ImageObject","inLanguage":"pl-PL","@id":"https:\/\/frcs-research.com\/product\/buy-pcp\/#primaryimage","url":"https:\/\/frcs-research.com\/wp-content\/uploads\/2024\/10\/OIP-1.jpg","contentUrl":"https:\/\/frcs-research.com\/wp-content\/uploads\/2024\/10\/OIP-1.jpg","width":474,"height":355,"caption":"buy PCP"},{"@type":"BreadcrumbList","@id":"https:\/\/frcs-research.com\/product\/buy-pcp\/#breadcrumb","itemListElement":[{"@type":"ListItem","position":1,"name":"Home","item":"https:\/\/frcs-research.com\/"},{"@type":"ListItem","position":2,"name":"Shop","item":"https:\/\/frcs-research.com\/shop\/"},{"@type":"ListItem","position":3,"name":"Phencyclidine (PCP)"}]},{"@type":"WebSite","@id":"https:\/\/frcs-research.com\/#website","url":"https:\/\/frcs-research.com\/","name":"hurtowy dostawca chemikali\u00f3w badawczych, 4mmc, 3mmc, MDPHP, Alpha PVP i innych","description":"Hurtowa sprzeda\u017c chemikali\u00f3w badawczych","potentialAction":[{"@type":"SearchAction","target":{"@type":"EntryPoint","urlTemplate":"https:\/\/frcs-research.com\/?s={search_term_string}"},"query-input":{"@type":"PropertyValueSpecification","valueRequired":true,"valueName":"search_term_string"}}],"inLanguage":"pl-PL"}]},"product_price_currency":"EUR","og_availability":"instock","product_availability":"instock","product_condition":"new"},"uagb_featured_image_src":{"full":["https:\/\/frcs-research.com\/wp-content\/uploads\/2024\/10\/OIP-1.jpg",474,355,false],"thumbnail":["https:\/\/frcs-research.com\/wp-content\/uploads\/2024\/10\/OIP-1-150x150.jpg",150,150,true],"medium":["https:\/\/frcs-research.com\/wp-content\/uploads\/2024\/10\/OIP-1-300x225.jpg",300,225,true],"medium_large":["https:\/\/frcs-research.com\/wp-content\/uploads\/2024\/10\/OIP-1.jpg",474,355,false],"large":["https:\/\/frcs-research.com\/wp-content\/uploads\/2024\/10\/OIP-1.jpg",474,355,false],"1536x1536":["https:\/\/frcs-research.com\/wp-content\/uploads\/2024\/10\/OIP-1.jpg",474,355,false],"2048x2048":["https:\/\/frcs-research.com\/wp-content\/uploads\/2024\/10\/OIP-1.jpg",474,355,false],"trp-custom-language-flag":["https:\/\/frcs-research.com\/wp-content\/uploads\/2024\/10\/OIP-1.jpg",16,12,false],"post-thumbnail":["https:\/\/frcs-research.com\/wp-content\/uploads\/2024\/10\/OIP-1.jpg",474,355,false],"elite-commerce-slider":["https:\/\/frcs-research.com\/wp-content\/uploads\/2024\/10\/OIP-1.jpg",474,355,false],"elite-commerce-hero":["https:\/\/frcs-research.com\/wp-content\/uploads\/2024\/10\/OIP-1.jpg",474,355,false],"elite-commerce-portfolio":["https:\/\/frcs-research.com\/wp-content\/uploads\/2024\/10\/OIP-1.jpg",400,300,false],"woocommerce_thumbnail":["https:\/\/frcs-research.com\/wp-content\/uploads\/2024\/10\/OIP-1-300x300.jpg",300,300,true],"woocommerce_single":["https:\/\/frcs-research.com\/wp-content\/uploads\/2024\/10\/OIP-1.jpg",474,355,false],"woocommerce_gallery_thumbnail":["https:\/\/frcs-research.com\/wp-content\/uploads\/2024\/10\/OIP-1-100x100.jpg",100,100,true]},"uagb_author_info":{"display_name":"Richard Wood","author_link":"https:\/\/frcs-research.com\/pl\/author\/"},"uagb_comment_info":767,"uagb_excerpt":"Order Phencyclidine (PCP) for Research Are you interested in purchasing phencyclidine (PCP) for your scientific research? PCP is a powerful dissociative anesthetic that has become a vital component in neuropsychiatric&hellip;Dowiedz si\u0119 wi\u0119cej","_links":{"self":[{"href":"https:\/\/frcs-research.com\/pl\/wp-json\/wp\/v2\/product\/737","targetHints":{"allow":["GET"]}}],"collection":[{"href":"https:\/\/frcs-research.com\/pl\/wp-json\/wp\/v2\/product"}],"about":[{"href":"https:\/\/frcs-research.com\/pl\/wp-json\/wp\/v2\/types\/product"}],"replies":[{"embeddable":true,"href":"https:\/\/frcs-research.com\/pl\/wp-json\/wp\/v2\/comments?post=737"}],"wp:featuredmedia":[{"embeddable":true,"href":"https:\/\/frcs-research.com\/pl\/wp-json\/wp\/v2\/media\/738"}],"wp:attachment":[{"href":"https:\/\/frcs-research.com\/pl\/wp-json\/wp\/v2\/media?parent=737"}],"wp:term":[{"taxonomy":"product_brand","embeddable":true,"href":"https:\/\/frcs-research.com\/pl\/wp-json\/wp\/v2\/product_brand?post=737"},{"taxonomy":"product_cat","embeddable":true,"href":"https:\/\/frcs-research.com\/pl\/wp-json\/wp\/v2\/product_cat?post=737"},{"taxonomy":"product_tag","embeddable":true,"href":"https:\/\/frcs-research.com\/pl\/wp-json\/wp\/v2\/product_tag?post=737"}],"curies":[{"name":"wp","href":"https:\/\/api.w.org\/{rel}","templated":true}]}}