{"id":739,"date":"2024-10-12T22:16:14","date_gmt":"2024-10-12T22:16:14","guid":{"rendered":"https:\/\/frcs-research.com\/?post_type=product&#038;p=739"},"modified":"2026-04-03T13:02:30","modified_gmt":"2026-04-03T13:02:30","slug":"kup-metoksetamine","status":"publish","type":"product","link":"https:\/\/frcs-research.com\/pl\/product\/kup-metoksetamine\/","title":{"rendered":"Methoxetamine (MXE) 100g"},"content":{"rendered":"<h3><strong>Kup proszek metoksetaminy (MXE) online<\/strong><\/h3>\n<p>Patrz\u0105c na <strong>kup proszek metoksetaminy (MXE)<\/strong> na potrzeby swoich bada\u0144? <strong>Metoksetamina<\/strong> jest znan\u0105 dysocjacyjn\u0105 substancj\u0105 badawcz\u0105, znan\u0105 ze swojego strukturalnego podobie\u0144stwa do <strong>ketamina<\/strong>oferuj\u0105ce wyj\u0105tkowe w\u0142a\u015bciwo\u015bci do nauki <strong>receptor NMDA<\/strong> interakcje. Zyska\u0142o uwag\u0119 ze wzgl\u0119du na swoje zastosowania w badaniach poznawczych i behawioralnych. <strong>Badania FRCS<\/strong> zapewnia wysok\u0105 czysto\u015b\u0107 <strong>Proszek MXE<\/strong> specjalnie do cel\u00f3w badawczych, zapewniaj\u0105c sp\u00f3jno\u015b\u0107 i jako\u015b\u0107 eksperyment\u00f3w laboratoryjnych.<\/p>\n<ul>\n<li><strong>S\u0142owa kluczowe<\/strong>:kup MXE online, kup metoksetamin\u0119, proszek MXE na sprzeda\u017c, odczynniki badawcze MXE.<\/li>\n<li><strong>Wezwanie do dzia\u0142ania<\/strong>:Zabezpiecz swoje <strong>proszek metoksetaminy<\/strong> z <strong>Badania FRCS<\/strong> i skorzystaj z dyskretnej, globalnej wysy\u0142ki. Idealne dla <strong>badania poznawcze i behawioralne<\/strong>.<\/li>\n<\/ul>","protected":false},"excerpt":{"rendered":"<p>Purchase Methoxetamine (MXE) Powder Online Looking to buy methoxetamine (MXE) powder for your research? Methoxetamine is a notable dissociative research chemical known for its structural similarity to ketamine, offering unique&hellip;<\/p>\n<p class=\"product woocommerce add_to_cart_inline\" style=\"border:4px solid #ccc; padding: 12px;\"><del aria-hidden=\"true\"><span class=\"woocommerce-Price-amount amount\"><bdi><span class=\"woocommerce-Price-currencySymbol\">&euro;<\/span>280.00<\/bdi><\/span><\/del> <span class=\"screen-reader-text\" data-no-translation=\"\" data-trp-gettext=\"\">Oryginalna cena wynosi\u0142a: &euro;280.00.<\/span><ins aria-hidden=\"true\"><span class=\"woocommerce-Price-amount amount\"><bdi><span class=\"woocommerce-Price-currencySymbol\">&euro;<\/span>265.00<\/bdi><\/span><\/ins><span class=\"screen-reader-text\" data-no-translation=\"\" data-trp-gettext=\"\">Aktualna cena wynosi: &euro;265.00.<\/span><a href=\"\/pl\/wp-json\/wp\/v2\/product\/739?add-to-cart=739\" aria-describedby=\"woocommerce_loop_add_to_cart_link_describedby_739\" data-quantity=\"1\" class=\"button product_type_simple add_to_cart_button ajax_add_to_cart\" data-product_id=\"739\" data-product_sku=\"\" aria-label=\"Dodaj do koszyka: \u201eMethoxetamine (MXE) 100g\u201d\" rel=\"nofollow\" data-success_message=\"\u201cMethoxetamine (MXE) 100g\u201d zosta\u0142 dodany do twojego koszyka\" data-no-translation=\"\" data-trp-gettext=\"\" data-no-translation-aria-label=\"\" data-no-translation-data-success_message=\"\">Dodaj do koszyka<\/a>\t<span id=\"woocommerce_loop_add_to_cart_link_describedby_739\" class=\"screen-reader-text\"><br \/>\n\t\t\t<\/span><\/p>","protected":false},"featured_media":740,"comment_status":"open","ping_status":"closed","template":"","meta":{"_uag_custom_page_level_css":""},"product_brand":[],"product_cat":[28],"product_tag":[208,194,206,199,197,201,207,202,204,198,200,195,205,203,196],"class_list":{"0":"post-739","1":"product","2":"type-product","3":"status-publish","4":"has-post-thumbnail","6":"product_cat-dissociatives","7":"product_tag-buy-methoxetamine-in-bulk","8":"product_tag-buy-methoxetamine-online","9":"product_tag-buy-methoxetamine-safely","10":"product_tag-buy-methoxetamine-usa","11":"product_tag-buy-mxe-online-legally","12":"product_tag-buy-mxe-powder","13":"product_tag-find-methoxetamine-online","14":"product_tag-methoxetamine-for-sale","15":"product_tag-methoxetamine-online-shop","16":"product_tag-methoxetamine-vendors","17":"product_tag-order-methoxetamine-europe","18":"product_tag-order-mxe","19":"product_tag-purchase-mxe-powder","20":"product_tag-where-to-buy-mxe-online","21":"product_tag-where-to-purchase-methoxetamine","23":"first","24":"instock","25":"sale","26":"shipping-taxable","27":"purchasable","28":"product-type-simple"},"yoast_head":"<!-- This site is optimized with the Yoast SEO plugin v27.1.1 - https:\/\/yoast.com\/product\/yoast-seo-wordpress\/ -->\n<title>Buy Methoxetamine (MXE) Powder Online for Research<\/title>\n<meta name=\"description\" content=\"Buy methoxetamine (MXE) high purity powder for research at FRCS Research. Ideal for cognitive and behavioral studies. Enjoy secure shipping options.\" \/>\n<meta name=\"robots\" content=\"index, follow, max-snippet:-1, max-image-preview:large, max-video-preview:-1\" \/>\n<link rel=\"canonical\" href=\"https:\/\/frcs-research.com\/pl\/product\/kup-metoksetamine\/\" \/>\n<meta property=\"og:locale\" content=\"pl_PL\" \/>\n<meta property=\"og:type\" content=\"article\" \/>\n<meta property=\"og:title\" content=\"Buy Methoxetamine (MXE) Powder Online for Research\" \/>\n<meta property=\"og:description\" content=\"Buy methoxetamine (MXE) high purity powder for research at FRCS Research. Ideal for cognitive and behavioral studies. Enjoy secure shipping options.\" \/>\n<meta property=\"og:url\" content=\"https:\/\/frcs-research.com\/pl\/product\/kup-metoksetamine\/\" \/>\n<meta property=\"og:site_name\" content=\"wholesale supplier of research chemicals, 4mmc, 3mmc, MDPHP, Alpha PVP and more\" \/>\n<meta property=\"article:modified_time\" content=\"2026-04-03T13:02:30+00:00\" \/>\n<meta property=\"og:image\" content=\"https:\/\/frcs-research.com\/wp-content\/uploads\/2024\/10\/methoxetamine-powder-1642738.jpg\" \/>\n\t<meta property=\"og:image:width\" content=\"420\" \/>\n\t<meta property=\"og:image:height\" content=\"314\" \/>\n\t<meta property=\"og:image:type\" content=\"image\/jpeg\" \/>\n<meta name=\"twitter:card\" content=\"summary_large_image\" \/>\n<meta name=\"twitter:label1\" content=\"Cena\" \/>\n\t<meta name=\"twitter:data1\" content=\"&euro;265.00\" \/>\n\t<meta name=\"twitter:label2\" content=\"Dost\u0119pno\u015b\u0107\" \/>\n\t<meta name=\"twitter:data2\" content=\"Dost\u0119pny\" \/>\n<script type=\"application\/ld+json\" class=\"yoast-schema-graph\">{\"@context\":\"https:\/\/schema.org\",\"@graph\":[{\"@type\":[\"WebPage\",\"ItemPage\"],\"@id\":\"https:\/\/frcs-research.com\/product\/buy-methoxetamine\/\",\"url\":\"https:\/\/frcs-research.com\/product\/buy-methoxetamine\/\",\"name\":\"Buy Methoxetamine (MXE) Powder Online for Research\",\"isPartOf\":{\"@id\":\"https:\/\/frcs-research.com\/#website\"},\"primaryImageOfPage\":{\"@id\":\"https:\/\/frcs-research.com\/product\/buy-methoxetamine\/#primaryimage\"},\"image\":{\"@id\":\"https:\/\/frcs-research.com\/product\/buy-methoxetamine\/#primaryimage\"},\"thumbnailUrl\":\"https:\/\/frcs-research.com\/wp-content\/uploads\/2024\/10\/methoxetamine-powder-1642738.jpg\",\"datePublished\":\"2024-10-12T22:16:14+00:00\",\"dateModified\":\"2026-04-03T13:02:30+00:00\",\"description\":\"Buy methoxetamine (MXE) high purity powder for research at FRCS Research. Ideal for cognitive and behavioral studies. Enjoy secure shipping options.\",\"breadcrumb\":{\"@id\":\"https:\/\/frcs-research.com\/product\/buy-methoxetamine\/#breadcrumb\"},\"inLanguage\":\"pl-PL\",\"potentialAction\":[{\"@type\":\"ReadAction\",\"target\":[\"https:\/\/frcs-research.com\/product\/buy-methoxetamine\/\"]}]},{\"@type\":\"ImageObject\",\"inLanguage\":\"pl-PL\",\"@id\":\"https:\/\/frcs-research.com\/product\/buy-methoxetamine\/#primaryimage\",\"url\":\"https:\/\/frcs-research.com\/wp-content\/uploads\/2024\/10\/methoxetamine-powder-1642738.jpg\",\"contentUrl\":\"https:\/\/frcs-research.com\/wp-content\/uploads\/2024\/10\/methoxetamine-powder-1642738.jpg\",\"width\":420,\"height\":314,\"caption\":\"buy methoxetamine\"},{\"@type\":\"BreadcrumbList\",\"@id\":\"https:\/\/frcs-research.com\/product\/buy-methoxetamine\/#breadcrumb\",\"itemListElement\":[{\"@type\":\"ListItem\",\"position\":1,\"name\":\"Home\",\"item\":\"https:\/\/frcs-research.com\/\"},{\"@type\":\"ListItem\",\"position\":2,\"name\":\"Shop\",\"item\":\"https:\/\/frcs-research.com\/shop\/\"},{\"@type\":\"ListItem\",\"position\":3,\"name\":\"Methoxetamine (MXE) 100g\"}]},{\"@type\":\"WebSite\",\"@id\":\"https:\/\/frcs-research.com\/#website\",\"url\":\"https:\/\/frcs-research.com\/\",\"name\":\"wholesale supplier of research chemicals, 4mmc, 3mmc, MDPHP, Alpha PVP and more\",\"description\":\"Wholesale research chemicals\",\"potentialAction\":[{\"@type\":\"SearchAction\",\"target\":{\"@type\":\"EntryPoint\",\"urlTemplate\":\"https:\/\/frcs-research.com\/?s={search_term_string}\"},\"query-input\":{\"@type\":\"PropertyValueSpecification\",\"valueRequired\":true,\"valueName\":\"search_term_string\"}}],\"inLanguage\":\"pl-PL\"}]}<\/script>\n<meta property=\"product:price:amount\" content=\"265.00\" \/>\n<meta property=\"product:price:currency\" content=\"EUR\" \/>\n<meta property=\"og:availability\" content=\"instock\" \/>\n<meta property=\"product:availability\" content=\"instock\" \/>\n<meta property=\"product:condition\" content=\"new\" \/>\n<!-- \/ Yoast SEO plugin. -->","yoast_head_json":{"title":"Kup proszek metoksetaminy (MXE) online do cel\u00f3w badawczych","description":"Kup metoksetamin\u0119 (MXE) w proszku o wysokiej czysto\u015bci do bada\u0144 w FRCS Research. Idealny do bada\u0144 poznawczych i behawioralnych. Skorzystaj z bezpiecznych opcji wysy\u0142ki.","robots":{"index":"index","follow":"follow","max-snippet":"max-snippet:-1","max-image-preview":"max-image-preview:large","max-video-preview":"max-video-preview:-1"},"canonical":"https:\/\/frcs-research.com\/pl\/product\/kup-metoksetamine\/","og_locale":"pl_PL","og_type":"article","og_title":"Buy Methoxetamine (MXE) Powder Online for Research","og_description":"Buy methoxetamine (MXE) high purity powder for research at FRCS Research. Ideal for cognitive and behavioral studies. Enjoy secure shipping options.","og_url":"https:\/\/frcs-research.com\/pl\/product\/kup-metoksetamine\/","og_site_name":"wholesale supplier of research chemicals, 4mmc, 3mmc, MDPHP, Alpha PVP and more","article_modified_time":"2026-04-03T13:02:30+00:00","og_image":[{"width":420,"height":314,"url":"https:\/\/frcs-research.com\/wp-content\/uploads\/2024\/10\/methoxetamine-powder-1642738.jpg","type":"image\/jpeg"}],"twitter_card":"summary_large_image","twitter_misc":{"Cena":"&euro;265.00","Dost\u0119pno\u015b\u0107":"Dost\u0119pny"},"schema":{"@context":"https:\/\/schema.org","@graph":[{"@type":["WebPage","ItemPage"],"@id":"https:\/\/frcs-research.com\/product\/buy-methoxetamine\/","url":"https:\/\/frcs-research.com\/product\/buy-methoxetamine\/","name":"Kup proszek metoksetaminy (MXE) online do cel\u00f3w badawczych","isPartOf":{"@id":"https:\/\/frcs-research.com\/#website"},"primaryImageOfPage":{"@id":"https:\/\/frcs-research.com\/product\/buy-methoxetamine\/#primaryimage"},"image":{"@id":"https:\/\/frcs-research.com\/product\/buy-methoxetamine\/#primaryimage"},"thumbnailUrl":"https:\/\/frcs-research.com\/wp-content\/uploads\/2024\/10\/methoxetamine-powder-1642738.jpg","datePublished":"2024-10-12T22:16:14+00:00","dateModified":"2026-04-03T13:02:30+00:00","description":"Kup metoksetamin\u0119 (MXE) w proszku o wysokiej czysto\u015bci do bada\u0144 w FRCS Research. Idealny do bada\u0144 poznawczych i behawioralnych. Skorzystaj z bezpiecznych opcji wysy\u0142ki.","breadcrumb":{"@id":"https:\/\/frcs-research.com\/product\/buy-methoxetamine\/#breadcrumb"},"inLanguage":"pl-PL","potentialAction":[{"@type":"ReadAction","target":["https:\/\/frcs-research.com\/product\/buy-methoxetamine\/"]}]},{"@type":"ImageObject","inLanguage":"pl-PL","@id":"https:\/\/frcs-research.com\/product\/buy-methoxetamine\/#primaryimage","url":"https:\/\/frcs-research.com\/wp-content\/uploads\/2024\/10\/methoxetamine-powder-1642738.jpg","contentUrl":"https:\/\/frcs-research.com\/wp-content\/uploads\/2024\/10\/methoxetamine-powder-1642738.jpg","width":420,"height":314,"caption":"buy methoxetamine"},{"@type":"BreadcrumbList","@id":"https:\/\/frcs-research.com\/product\/buy-methoxetamine\/#breadcrumb","itemListElement":[{"@type":"ListItem","position":1,"name":"Home","item":"https:\/\/frcs-research.com\/"},{"@type":"ListItem","position":2,"name":"Shop","item":"https:\/\/frcs-research.com\/shop\/"},{"@type":"ListItem","position":3,"name":"Methoxetamine (MXE) 100g"}]},{"@type":"WebSite","@id":"https:\/\/frcs-research.com\/#website","url":"https:\/\/frcs-research.com\/","name":"hurtowy dostawca chemikali\u00f3w badawczych, 4mmc, 3mmc, MDPHP, Alpha PVP i innych","description":"Hurtowa sprzeda\u017c chemikali\u00f3w badawczych","potentialAction":[{"@type":"SearchAction","target":{"@type":"EntryPoint","urlTemplate":"https:\/\/frcs-research.com\/?s={search_term_string}"},"query-input":{"@type":"PropertyValueSpecification","valueRequired":true,"valueName":"search_term_string"}}],"inLanguage":"pl-PL"}]},"product_price_amount":"265.00","product_price_currency":"EUR","og_availability":"instock","product_availability":"instock","product_condition":"new"},"uagb_featured_image_src":{"full":["https:\/\/frcs-research.com\/wp-content\/uploads\/2024\/10\/methoxetamine-powder-1642738.jpg",420,314,false],"thumbnail":["https:\/\/frcs-research.com\/wp-content\/uploads\/2024\/10\/methoxetamine-powder-1642738-150x150.jpg",150,150,true],"medium":["https:\/\/frcs-research.com\/wp-content\/uploads\/2024\/10\/methoxetamine-powder-1642738-300x224.jpg",300,224,true],"medium_large":["https:\/\/frcs-research.com\/wp-content\/uploads\/2024\/10\/methoxetamine-powder-1642738.jpg",420,314,false],"large":["https:\/\/frcs-research.com\/wp-content\/uploads\/2024\/10\/methoxetamine-powder-1642738.jpg",420,314,false],"1536x1536":["https:\/\/frcs-research.com\/wp-content\/uploads\/2024\/10\/methoxetamine-powder-1642738.jpg",420,314,false],"2048x2048":["https:\/\/frcs-research.com\/wp-content\/uploads\/2024\/10\/methoxetamine-powder-1642738.jpg",420,314,false],"trp-custom-language-flag":["https:\/\/frcs-research.com\/wp-content\/uploads\/2024\/10\/methoxetamine-powder-1642738.jpg",16,12,false],"post-thumbnail":["https:\/\/frcs-research.com\/wp-content\/uploads\/2024\/10\/methoxetamine-powder-1642738.jpg",420,314,false],"elite-commerce-slider":["https:\/\/frcs-research.com\/wp-content\/uploads\/2024\/10\/methoxetamine-powder-1642738.jpg",420,314,false],"elite-commerce-hero":["https:\/\/frcs-research.com\/wp-content\/uploads\/2024\/10\/methoxetamine-powder-1642738.jpg",420,314,false],"elite-commerce-portfolio":["https:\/\/frcs-research.com\/wp-content\/uploads\/2024\/10\/methoxetamine-powder-1642738.jpg",400,299,false],"woocommerce_thumbnail":["https:\/\/frcs-research.com\/wp-content\/uploads\/2024\/10\/methoxetamine-powder-1642738-300x300.jpg",300,300,true],"woocommerce_single":["https:\/\/frcs-research.com\/wp-content\/uploads\/2024\/10\/methoxetamine-powder-1642738.jpg",420,314,false],"woocommerce_gallery_thumbnail":["https:\/\/frcs-research.com\/wp-content\/uploads\/2024\/10\/methoxetamine-powder-1642738-100x100.jpg",100,100,true]},"uagb_author_info":{"display_name":"Richard Wood","author_link":"https:\/\/frcs-research.com\/pl\/author\/"},"uagb_comment_info":778,"uagb_excerpt":"Purchase Methoxetamine (MXE) Powder Online Looking to buy methoxetamine (MXE) powder for your research? Methoxetamine is a notable dissociative research chemical known for its structural similarity to ketamine, offering unique&hellip;&euro;280.00 Oryginalna cena wynosi\u0142a: &euro;280.00.&euro;265.00Aktualna cena wynosi: &euro;265.00.Dodaj do koszyka","_links":{"self":[{"href":"https:\/\/frcs-research.com\/pl\/wp-json\/wp\/v2\/product\/739","targetHints":{"allow":["GET"]}}],"collection":[{"href":"https:\/\/frcs-research.com\/pl\/wp-json\/wp\/v2\/product"}],"about":[{"href":"https:\/\/frcs-research.com\/pl\/wp-json\/wp\/v2\/types\/product"}],"replies":[{"embeddable":true,"href":"https:\/\/frcs-research.com\/pl\/wp-json\/wp\/v2\/comments?post=739"}],"wp:featuredmedia":[{"embeddable":true,"href":"https:\/\/frcs-research.com\/pl\/wp-json\/wp\/v2\/media\/740"}],"wp:attachment":[{"href":"https:\/\/frcs-research.com\/pl\/wp-json\/wp\/v2\/media?parent=739"}],"wp:term":[{"taxonomy":"product_brand","embeddable":true,"href":"https:\/\/frcs-research.com\/pl\/wp-json\/wp\/v2\/product_brand?post=739"},{"taxonomy":"product_cat","embeddable":true,"href":"https:\/\/frcs-research.com\/pl\/wp-json\/wp\/v2\/product_cat?post=739"},{"taxonomy":"product_tag","embeddable":true,"href":"https:\/\/frcs-research.com\/pl\/wp-json\/wp\/v2\/product_tag?post=739"}],"curies":[{"name":"wp","href":"https:\/\/api.w.org\/{rel}","templated":true}]}}