{"id":753,"date":"2024-10-12T22:39:09","date_gmt":"2024-10-12T22:39:09","guid":{"rendered":"https:\/\/frcs-research.com\/?post_type=product&#038;p=753"},"modified":"2026-04-24T00:02:52","modified_gmt":"2026-04-24T00:02:52","slug":"kup-proszek-2c-b","status":"publish","type":"product","link":"https:\/\/frcs-research.com\/pl\/product\/kup-proszek-2c-b\/","title":{"rendered":"2C-B (4-Bromo-2,5-dimethoxyphenethylamine) 50g"},"content":{"rendered":"<h4>Kup proszek 2C-B online do bada\u0144 | Badania FRCS<\/h4>\n<h4><\/h4>\n<p>Je\u015bli jeste\u015b zainteresowany <strong>kupno 2C-B online<\/strong>, <strong>2C-B<\/strong> jest syntetycznym psychodelikiem znanym z unikalnego po\u0142\u0105czenia efekt\u00f3w halucynogennych i entaktogennych. Pierwotnie opracowany w latach 70. XX wieku, 2C-B zyska\u0142 popularno\u015b\u0107 ze wzgl\u0119du na potencjalne zastosowania terapeutyczne i jest powszechnie badany w warunkach klinicznych.<\/p>\n<table>\n<thead>\n<tr>\n<th><strong>Nieruchomo\u015b\u0107<\/strong><\/th>\n<th><strong>Specyfikacja<\/strong><\/th>\n<\/tr>\n<\/thead>\n<tbody>\n<tr>\n<td><strong>Nazwa chemiczna<\/strong><\/td>\n<td>2,5-Dimetoksy-4-bromofenetyloamina<\/td>\n<\/tr>\n<tr>\n<td><strong>Wz\u00f3r cz\u0105steczkowy<\/strong><\/td>\n<td>C\u2081\u2080H\u2081\u2084BrNO\u2082<\/td>\n<\/tr>\n<tr>\n<td><strong>Masa cz\u0105steczkowa<\/strong><\/td>\n<td>260,13 g\/mol<\/td>\n<\/tr>\n<tr>\n<td><strong>Wygl\u0105d<\/strong><\/td>\n<td>Wyst\u0119puje zazwyczaj w postaci bia\u0142ego lub bia\u0142awego krystalicznego proszku lub w postaci sprasowanych tabletek<\/td>\n<\/tr>\n<tr>\n<td><strong>Rozpuszczalno\u015b\u0107<\/strong><\/td>\n<td>Rozpuszczalny w etanolu i innych polarnych rozpuszczalnikach organicznych; ograniczona rozpuszczalno\u015b\u0107 w wodzie<\/td>\n<\/tr>\n<tr>\n<td><strong>Temperatura topnienia<\/strong><\/td>\n<td>Oko\u0142o 238-240\u00b0C<\/td>\n<\/tr>\n<tr>\n<td><strong>Struktura chemiczna<\/strong><\/td>\n<td>Szkielet fenetyloaminy z bromem przy\u0142\u0105czonym do pier\u015bcienia benzenowego w pozycji 4 i dwiema grupami metoksylowymi w pozycjach 2 i 5<\/td>\n<\/tr>\n<tr>\n<td><strong>Mechanizm dzia\u0142ania<\/strong><\/td>\n<td>Dzia\u0142a jako <strong>cz\u0119\u015bciowy agonista<\/strong> Na <strong>5-HT\u2082A<\/strong> I <strong>Receptory 5-HT\u2082C<\/strong>, z dodatkowym wp\u0142ywem na receptory dopaminy<\/td>\n<\/tr>\n<tr>\n<td><strong>Ruchomo\u015bci<\/strong><\/td>\n<td>\u0141agodne do umiarkowanych halucynacje wzrokowe, nasilenie kolor\u00f3w i d\u017awi\u0119k\u00f3w, euforia, efekty empatyczne, zmienione postrzeganie przestrzeni i czasu<\/td>\n<\/tr>\n<tr>\n<td><strong>Pocz\u0105tek efekt\u00f3w<\/strong><\/td>\n<td>Zwykle <strong>20-90 minut<\/strong> gdy jest przyjmowany doustnie<\/td>\n<\/tr>\n<tr>\n<td><strong>Czas trwania efekt\u00f3w<\/strong><\/td>\n<td>Mniej wi\u0119cej <strong>4-8 godzin<\/strong>, w zale\u017cno\u015bci od dawki i czynnik\u00f3w indywidualnych<\/td>\n<\/tr>\n<tr>\n<td><strong>Zakres dawkowania<\/strong><\/td>\n<td>Typowe dawki doustne wahaj\u0105 si\u0119 od <strong>10-25 mg<\/strong>; efekty r\u00f3\u017cni\u0105 si\u0119 znacz\u0105co w zale\u017cno\u015bci od dawki<\/td>\n<\/tr>\n<tr>\n<td><strong>Bezpiecze\u0144stwo i skutki uboczne<\/strong><\/td>\n<td>Mo\u017cliwe dzia\u0142ania niepo\u017c\u0105dane obejmuj\u0105 nudno\u015bci, niepok\u00f3j, tachykardi\u0119, pocenie si\u0119 i dezorientacj\u0119; wi\u0119ksze dawki zwi\u0119kszaj\u0105 ryzyko wyst\u0105pienia dzia\u0142a\u0144 niepo\u017c\u0105danych<\/td>\n<\/tr>\n<tr>\n<td><strong>Status prawny<\/strong><\/td>\n<td>Sklasyfikowany jako <strong>Substancja z Wykazu I<\/strong> w wielu krajach, ale legalno\u015b\u0107 jest r\u00f3\u017cna na ca\u0142ym \u015bwiecie<\/td>\n<\/tr>\n<\/tbody>\n<\/table>\n<p>Badania wskazuj\u0105, \u017ce 2C-B mo\u017ce wzmacnia\u0107 po\u0142\u0105czenia emocjonalne i zwi\u0119ksza\u0107 percepcj\u0119 sensoryczn\u0105, co czyni go interesuj\u0105cym tematem dla psycholog\u00f3w i badaczy. Jego efekty s\u0105 zazwyczaj \u0142agodniejsze ni\u017c innych psychodelik\u00f3w, co przyczynia si\u0119 do jego atrakcyjno\u015bci w \u015brodowiskach terapeutycznych.<\/p>\n<p>Na <strong>Badania FRCS<\/strong>, dostarczamy wysokiej jako\u015bci proszek 2C-B, odpowiedni do bada\u0144 naukowych i analiz. Nasze zaanga\u017cowanie w czysto\u015b\u0107 gwarantuje, \u017ce otrzymasz produkt, kt\u00f3ry idealnie nadaje si\u0119 do Twoich bada\u0144 nad efektami substancji psychodelicznych.<\/p>\n<p>&nbsp;<\/p>","protected":false},"excerpt":{"rendered":"<p>Buy 2C-B Powder Online for Research | FRCS Research If you&#8217;re interested in buying 2C-B online, 2C-B is a synthetic psychedelic known for its unique combination of hallucinogenic and entactogenic&hellip;<\/p>\n<p class=\"product woocommerce add_to_cart_inline\" style=\"border:4px solid #ccc; padding: 12px;\"><del aria-hidden=\"true\"><span class=\"woocommerce-Price-amount amount\"><bdi><span class=\"woocommerce-Price-currencySymbol\">&euro;<\/span>260.00<\/bdi><\/span><\/del> <span class=\"screen-reader-text\" data-no-translation=\"\" data-trp-gettext=\"\">Oryginalna cena wynosi\u0142a: &euro;260.00.<\/span><ins aria-hidden=\"true\"><span class=\"woocommerce-Price-amount amount\"><bdi><span class=\"woocommerce-Price-currencySymbol\">&euro;<\/span>250.00<\/bdi><\/span><\/ins><span class=\"screen-reader-text\" data-no-translation=\"\" data-trp-gettext=\"\">Aktualna cena wynosi: &euro;250.00.<\/span><a href=\"\/pl\/wp-json\/wp\/v2\/product\/753?add-to-cart=753\" aria-describedby=\"woocommerce_loop_add_to_cart_link_describedby_753\" data-quantity=\"1\" class=\"button product_type_simple add_to_cart_button ajax_add_to_cart\" data-product_id=\"753\" data-product_sku=\"\" aria-label=\"Dodaj do koszyka: \u201e2C-B (4-Bromo-2,5-dimethoxyphenethylamine) 50g\u201d\" rel=\"nofollow\" data-success_message=\"\u201c2C-B (4-Bromo-2,5-dimethoxyphenethylamine) 50g\u201d zosta\u0142 dodany do twojego koszyka\" data-no-translation=\"\" data-trp-gettext=\"\" data-no-translation-aria-label=\"\" data-no-translation-data-success_message=\"\">Dodaj do koszyka<\/a>\t<span id=\"woocommerce_loop_add_to_cart_link_describedby_753\" class=\"screen-reader-text\"><br \/>\n\t\t\t<\/span><\/p>","protected":false},"featured_media":754,"comment_status":"open","ping_status":"closed","template":"","meta":{"_uag_custom_page_level_css":""},"product_brand":[],"product_cat":[29],"product_tag":[108,103,102,101,110,106,109,107,105,104],"class_list":{"0":"post-753","1":"product","2":"type-product","3":"status-publish","4":"has-post-thumbnail","6":"product_cat-psychedelics","7":"product_tag-108","8":"product_tag-2c-b-crystal","9":"product_tag-2c-b-powder","10":"product_tag-2c-b-fly","11":"product_tag-2c-bromine","12":"product_tag-4-bromo-2","13":"product_tag-5-dimethoxy-4-bromophenethylamine","14":"product_tag-5-dimethoxyphenethylamine","15":"product_tag-pink-champagne","16":"product_tag-psychedelic-phenethylamine","18":"first","19":"instock","20":"sale","21":"shipping-taxable","22":"purchasable","23":"product-type-simple"},"yoast_head":"<!-- This site is optimized with the Yoast SEO plugin v27.1.1 - https:\/\/yoast.com\/product\/yoast-seo-wordpress\/ -->\n<title>Buy 2C-B Powder Online for Research | FRCS Research<\/title>\n<meta name=\"description\" content=\"Order 2C-B powder online from FRCS Research for your research needs. Discover its unique effects in therapeutic applications. Fast, secure shipping available\" \/>\n<meta name=\"robots\" content=\"index, follow, max-snippet:-1, max-image-preview:large, max-video-preview:-1\" \/>\n<link rel=\"canonical\" href=\"https:\/\/frcs-research.com\/pl\/product\/kup-proszek-2c-b\/\" \/>\n<meta property=\"og:locale\" content=\"pl_PL\" \/>\n<meta property=\"og:type\" content=\"article\" \/>\n<meta property=\"og:title\" content=\"Buy 2C-B Powder Online for Research | FRCS Research\" \/>\n<meta property=\"og:description\" content=\"Order 2C-B powder online from FRCS Research for your research needs. Discover its unique effects in therapeutic applications. Fast, secure shipping available\" \/>\n<meta property=\"og:url\" content=\"https:\/\/frcs-research.com\/pl\/product\/kup-proszek-2c-b\/\" \/>\n<meta property=\"og:site_name\" content=\"wholesale supplier of research chemicals, 4mmc, 3mmc, MDPHP, Alpha PVP and more\" \/>\n<meta property=\"article:modified_time\" content=\"2026-04-24T00:02:52+00:00\" \/>\n<meta property=\"og:image\" content=\"https:\/\/frcs-research.com\/wp-content\/uploads\/2024\/10\/R.jpg\" \/>\n\t<meta property=\"og:image:width\" content=\"524\" \/>\n\t<meta property=\"og:image:height\" content=\"424\" \/>\n\t<meta property=\"og:image:type\" content=\"image\/jpeg\" \/>\n<meta name=\"twitter:card\" content=\"summary_large_image\" \/>\n<meta name=\"twitter:label1\" content=\"Cena\" \/>\n\t<meta name=\"twitter:data1\" content=\"&euro;250.00\" \/>\n\t<meta name=\"twitter:label2\" content=\"Dost\u0119pno\u015b\u0107\" \/>\n\t<meta name=\"twitter:data2\" content=\"Dost\u0119pny\" \/>\n<script type=\"application\/ld+json\" class=\"yoast-schema-graph\">{\"@context\":\"https:\/\/schema.org\",\"@graph\":[{\"@type\":[\"WebPage\",\"ItemPage\"],\"@id\":\"https:\/\/frcs-research.com\/product\/buy-2c-b-powder\/\",\"url\":\"https:\/\/frcs-research.com\/product\/buy-2c-b-powder\/\",\"name\":\"Buy 2C-B Powder Online for Research | FRCS Research\",\"isPartOf\":{\"@id\":\"https:\/\/frcs-research.com\/#website\"},\"primaryImageOfPage\":{\"@id\":\"https:\/\/frcs-research.com\/product\/buy-2c-b-powder\/#primaryimage\"},\"image\":{\"@id\":\"https:\/\/frcs-research.com\/product\/buy-2c-b-powder\/#primaryimage\"},\"thumbnailUrl\":\"https:\/\/frcs-research.com\/wp-content\/uploads\/2024\/10\/R.jpg\",\"datePublished\":\"2024-10-12T22:39:09+00:00\",\"dateModified\":\"2026-04-24T00:02:52+00:00\",\"description\":\"Order 2C-B powder online from FRCS Research for your research needs. Discover its unique effects in therapeutic applications. Fast, secure shipping available\",\"breadcrumb\":{\"@id\":\"https:\/\/frcs-research.com\/product\/buy-2c-b-powder\/#breadcrumb\"},\"inLanguage\":\"pl-PL\",\"potentialAction\":[{\"@type\":\"ReadAction\",\"target\":[\"https:\/\/frcs-research.com\/product\/buy-2c-b-powder\/\"]}]},{\"@type\":\"ImageObject\",\"inLanguage\":\"pl-PL\",\"@id\":\"https:\/\/frcs-research.com\/product\/buy-2c-b-powder\/#primaryimage\",\"url\":\"https:\/\/frcs-research.com\/wp-content\/uploads\/2024\/10\/R.jpg\",\"contentUrl\":\"https:\/\/frcs-research.com\/wp-content\/uploads\/2024\/10\/R.jpg\",\"width\":524,\"height\":424,\"caption\":\"Buy 2C-B Powder\"},{\"@type\":\"BreadcrumbList\",\"@id\":\"https:\/\/frcs-research.com\/product\/buy-2c-b-powder\/#breadcrumb\",\"itemListElement\":[{\"@type\":\"ListItem\",\"position\":1,\"name\":\"Home\",\"item\":\"https:\/\/frcs-research.com\/\"},{\"@type\":\"ListItem\",\"position\":2,\"name\":\"Shop\",\"item\":\"https:\/\/frcs-research.com\/shop\/\"},{\"@type\":\"ListItem\",\"position\":3,\"name\":\"2C-B (4-Bromo-2,5-dimethoxyphenethylamine) 50g\"}]},{\"@type\":\"WebSite\",\"@id\":\"https:\/\/frcs-research.com\/#website\",\"url\":\"https:\/\/frcs-research.com\/\",\"name\":\"wholesale supplier of research chemicals, 4mmc, 3mmc, MDPHP, Alpha PVP and more\",\"description\":\"Wholesale research chemicals\",\"potentialAction\":[{\"@type\":\"SearchAction\",\"target\":{\"@type\":\"EntryPoint\",\"urlTemplate\":\"https:\/\/frcs-research.com\/?s={search_term_string}\"},\"query-input\":{\"@type\":\"PropertyValueSpecification\",\"valueRequired\":true,\"valueName\":\"search_term_string\"}}],\"inLanguage\":\"pl-PL\"}]}<\/script>\n<meta property=\"product:price:amount\" content=\"250.00\" \/>\n<meta property=\"product:price:currency\" content=\"EUR\" \/>\n<meta property=\"og:availability\" content=\"instock\" \/>\n<meta property=\"product:availability\" content=\"instock\" \/>\n<meta property=\"product:condition\" content=\"new\" \/>\n<!-- \/ Yoast SEO plugin. -->","yoast_head_json":{"title":"Kup proszek 2C-B online do bada\u0144 | Badania FRCS","description":"Zam\u00f3w proszek 2C-B online z FRCS Research na potrzeby swoich bada\u0144. Odkryj jego wyj\u0105tkowe efekty w zastosowaniach terapeutycznych. Dost\u0119pna szybka, bezpieczna wysy\u0142ka","robots":{"index":"index","follow":"follow","max-snippet":"max-snippet:-1","max-image-preview":"max-image-preview:large","max-video-preview":"max-video-preview:-1"},"canonical":"https:\/\/frcs-research.com\/pl\/product\/kup-proszek-2c-b\/","og_locale":"pl_PL","og_type":"article","og_title":"Buy 2C-B Powder Online for Research | FRCS Research","og_description":"Order 2C-B powder online from FRCS Research for your research needs. Discover its unique effects in therapeutic applications. Fast, secure shipping available","og_url":"https:\/\/frcs-research.com\/pl\/product\/kup-proszek-2c-b\/","og_site_name":"wholesale supplier of research chemicals, 4mmc, 3mmc, MDPHP, Alpha PVP and more","article_modified_time":"2026-04-24T00:02:52+00:00","og_image":[{"width":524,"height":424,"url":"https:\/\/frcs-research.com\/wp-content\/uploads\/2024\/10\/R.jpg","type":"image\/jpeg"}],"twitter_card":"summary_large_image","twitter_misc":{"Cena":"&euro;250.00","Dost\u0119pno\u015b\u0107":"Dost\u0119pny"},"schema":{"@context":"https:\/\/schema.org","@graph":[{"@type":["WebPage","ItemPage"],"@id":"https:\/\/frcs-research.com\/product\/buy-2c-b-powder\/","url":"https:\/\/frcs-research.com\/product\/buy-2c-b-powder\/","name":"Kup proszek 2C-B online do bada\u0144 | Badania FRCS","isPartOf":{"@id":"https:\/\/frcs-research.com\/#website"},"primaryImageOfPage":{"@id":"https:\/\/frcs-research.com\/product\/buy-2c-b-powder\/#primaryimage"},"image":{"@id":"https:\/\/frcs-research.com\/product\/buy-2c-b-powder\/#primaryimage"},"thumbnailUrl":"https:\/\/frcs-research.com\/wp-content\/uploads\/2024\/10\/R.jpg","datePublished":"2024-10-12T22:39:09+00:00","dateModified":"2026-04-24T00:02:52+00:00","description":"Zam\u00f3w proszek 2C-B online z FRCS Research na potrzeby swoich bada\u0144. Odkryj jego wyj\u0105tkowe efekty w zastosowaniach terapeutycznych. Dost\u0119pna szybka, bezpieczna wysy\u0142ka","breadcrumb":{"@id":"https:\/\/frcs-research.com\/product\/buy-2c-b-powder\/#breadcrumb"},"inLanguage":"pl-PL","potentialAction":[{"@type":"ReadAction","target":["https:\/\/frcs-research.com\/product\/buy-2c-b-powder\/"]}]},{"@type":"ImageObject","inLanguage":"pl-PL","@id":"https:\/\/frcs-research.com\/product\/buy-2c-b-powder\/#primaryimage","url":"https:\/\/frcs-research.com\/wp-content\/uploads\/2024\/10\/R.jpg","contentUrl":"https:\/\/frcs-research.com\/wp-content\/uploads\/2024\/10\/R.jpg","width":524,"height":424,"caption":"Buy 2C-B Powder"},{"@type":"BreadcrumbList","@id":"https:\/\/frcs-research.com\/product\/buy-2c-b-powder\/#breadcrumb","itemListElement":[{"@type":"ListItem","position":1,"name":"Home","item":"https:\/\/frcs-research.com\/"},{"@type":"ListItem","position":2,"name":"Shop","item":"https:\/\/frcs-research.com\/shop\/"},{"@type":"ListItem","position":3,"name":"2C-B (4-Bromo-2,5-dimethoxyphenethylamine) 50g"}]},{"@type":"WebSite","@id":"https:\/\/frcs-research.com\/#website","url":"https:\/\/frcs-research.com\/","name":"hurtowy dostawca chemikali\u00f3w badawczych, 4mmc, 3mmc, MDPHP, Alpha PVP i innych","description":"Hurtowa sprzeda\u017c chemikali\u00f3w badawczych","potentialAction":[{"@type":"SearchAction","target":{"@type":"EntryPoint","urlTemplate":"https:\/\/frcs-research.com\/?s={search_term_string}"},"query-input":{"@type":"PropertyValueSpecification","valueRequired":true,"valueName":"search_term_string"}}],"inLanguage":"pl-PL"}]},"product_price_amount":"250.00","product_price_currency":"EUR","og_availability":"instock","product_availability":"instock","product_condition":"new"},"uagb_featured_image_src":{"full":["https:\/\/frcs-research.com\/wp-content\/uploads\/2024\/10\/R.jpg",524,424,false],"thumbnail":["https:\/\/frcs-research.com\/wp-content\/uploads\/2024\/10\/R-150x150.jpg",150,150,true],"medium":["https:\/\/frcs-research.com\/wp-content\/uploads\/2024\/10\/R-300x243.jpg",300,243,true],"medium_large":["https:\/\/frcs-research.com\/wp-content\/uploads\/2024\/10\/R.jpg",524,424,false],"large":["https:\/\/frcs-research.com\/wp-content\/uploads\/2024\/10\/R.jpg",524,424,false],"1536x1536":["https:\/\/frcs-research.com\/wp-content\/uploads\/2024\/10\/R.jpg",524,424,false],"2048x2048":["https:\/\/frcs-research.com\/wp-content\/uploads\/2024\/10\/R.jpg",524,424,false],"trp-custom-language-flag":["https:\/\/frcs-research.com\/wp-content\/uploads\/2024\/10\/R.jpg",15,12,false],"post-thumbnail":["https:\/\/frcs-research.com\/wp-content\/uploads\/2024\/10\/R.jpg",524,424,false],"elite-commerce-slider":["https:\/\/frcs-research.com\/wp-content\/uploads\/2024\/10\/R.jpg",524,424,false],"elite-commerce-hero":["https:\/\/frcs-research.com\/wp-content\/uploads\/2024\/10\/R.jpg",524,424,false],"elite-commerce-portfolio":["https:\/\/frcs-research.com\/wp-content\/uploads\/2024\/10\/R.jpg",400,324,false],"woocommerce_thumbnail":["https:\/\/frcs-research.com\/wp-content\/uploads\/2024\/10\/R-300x300.jpg",300,300,true],"woocommerce_single":["https:\/\/frcs-research.com\/wp-content\/uploads\/2024\/10\/R.jpg",524,424,false],"woocommerce_gallery_thumbnail":["https:\/\/frcs-research.com\/wp-content\/uploads\/2024\/10\/R-100x100.jpg",100,100,true]},"uagb_author_info":{"display_name":"Richard Wood","author_link":"https:\/\/frcs-research.com\/pl\/author\/"},"uagb_comment_info":809,"uagb_excerpt":"Buy 2C-B Powder Online for Research | FRCS Research If you&#8217;re interested in buying 2C-B online, 2C-B is a synthetic psychedelic known for its unique combination of hallucinogenic and entactogenic&hellip;&euro;260.00 Oryginalna cena wynosi\u0142a: &euro;260.00.&euro;250.00Aktualna cena wynosi: &euro;250.00.Dodaj do koszyka","_links":{"self":[{"href":"https:\/\/frcs-research.com\/pl\/wp-json\/wp\/v2\/product\/753","targetHints":{"allow":["GET"]}}],"collection":[{"href":"https:\/\/frcs-research.com\/pl\/wp-json\/wp\/v2\/product"}],"about":[{"href":"https:\/\/frcs-research.com\/pl\/wp-json\/wp\/v2\/types\/product"}],"replies":[{"embeddable":true,"href":"https:\/\/frcs-research.com\/pl\/wp-json\/wp\/v2\/comments?post=753"}],"wp:featuredmedia":[{"embeddable":true,"href":"https:\/\/frcs-research.com\/pl\/wp-json\/wp\/v2\/media\/754"}],"wp:attachment":[{"href":"https:\/\/frcs-research.com\/pl\/wp-json\/wp\/v2\/media?parent=753"}],"wp:term":[{"taxonomy":"product_brand","embeddable":true,"href":"https:\/\/frcs-research.com\/pl\/wp-json\/wp\/v2\/product_brand?post=753"},{"taxonomy":"product_cat","embeddable":true,"href":"https:\/\/frcs-research.com\/pl\/wp-json\/wp\/v2\/product_cat?post=753"},{"taxonomy":"product_tag","embeddable":true,"href":"https:\/\/frcs-research.com\/pl\/wp-json\/wp\/v2\/product_tag?post=753"}],"curies":[{"name":"wp","href":"https:\/\/api.w.org\/{rel}","templated":true}]}}