{"id":757,"date":"2024-10-12T22:48:10","date_gmt":"2024-10-12T22:48:10","guid":{"rendered":"https:\/\/frcs-research.com\/?post_type=product&#038;p=757"},"modified":"2026-04-22T10:02:20","modified_gmt":"2026-04-22T10:02:20","slug":"kup-5-meo-dmt","status":"publish","type":"product","link":"https:\/\/frcs-research.com\/pl\/product\/kup-5-meo-dmt\/","title":{"rendered":"5-MeO-DMT 50g"},"content":{"rendered":"<h1>Kup 5-MeO-DMT online, wysoka czysto\u015b\u0107<\/h1>\n<p>Dla tych, kt\u00f3rzy chc\u0105 <strong>kup 5-MeO-DMT online<\/strong>, <strong>5-MeO-DMT<\/strong> jest silnym psychodelikiem znanym z intensywnych, transformuj\u0105cych do\u015bwiadcze\u0144. Cz\u0119sto nazywany \u201ecz\u0105steczk\u0105 Boga\u201d, zwi\u0105zek ten pochodzi z jadu ropuchy Bufo alvarius i wyst\u0119puje r\u00f3wnie\u017c w r\u00f3\u017cnych gatunkach ro\u015blin.<\/p>\n<p>5-MeO-DMT zyska\u0142o uwag\u0119 dzi\u0119ki szybkiemu dzia\u0142aniu i g\u0142\u0119bokim efektom na \u015bwiadomo\u015b\u0107, kt\u00f3re wielu u\u017cytkownik\u00f3w opisuje jako duchowo o\u015bwiecaj\u0105ce. Trwaj\u0105ce badania badaj\u0105 jego potencjalne zastosowania terapeutyczne, szczeg\u00f3lnie dla os\u00f3b do\u015bwiadczaj\u0105cych egzystencjalnego l\u0119ku lub depresji.<\/p>\n<p>Na <strong>Badania FRCS<\/strong>, dostarczamy wysokiej jako\u015bci proszek 5-MeO-DMT przeznaczony do cel\u00f3w badawczych. Nasze zaanga\u017cowanie w jako\u015b\u0107 gwarantuje, \u017ce otrzymasz produkt odpowiedni do bada\u0144 naukowych i eksploracji.<\/p>\n<h4>Zam\u00f3w 5-MeO-DMT, kup proszek 5-MeO-DMT, odczynniki badawcze 5-MeO-DMT, wysokiej jako\u015bci 5-MeO-DMT na sprzeda\u017c.<\/h4>\n<p>&nbsp;<\/p>","protected":false},"excerpt":{"rendered":"<p>Buy 5-MeO-DMT Online, high purity For those looking to buy 5-MeO-DMT online, 5-MeO-DMT is a potent psychedelic known for its intense, transformative experiences. Often referred to as the &#8220;God molecule,&#8221;&hellip;<\/p>\n<p class=\"product woocommerce add_to_cart_inline\" style=\"border:4px solid #ccc; padding: 12px;\"><del aria-hidden=\"true\"><span class=\"woocommerce-Price-amount amount\"><bdi><span class=\"woocommerce-Price-currencySymbol\">&euro;<\/span>200.00<\/bdi><\/span><\/del> <span class=\"screen-reader-text\" data-no-translation=\"\" data-trp-gettext=\"\">Oryginalna cena wynosi\u0142a: &euro;200.00.<\/span><ins aria-hidden=\"true\"><span class=\"woocommerce-Price-amount amount\"><bdi><span class=\"woocommerce-Price-currencySymbol\">&euro;<\/span>180.00<\/bdi><\/span><\/ins><span class=\"screen-reader-text\" data-no-translation=\"\" data-trp-gettext=\"\">Aktualna cena wynosi: &euro;180.00.<\/span><a href=\"\/pl\/wp-json\/wp\/v2\/product\/757?add-to-cart=757\" aria-describedby=\"woocommerce_loop_add_to_cart_link_describedby_757\" data-quantity=\"1\" class=\"button product_type_simple add_to_cart_button ajax_add_to_cart\" data-product_id=\"757\" data-product_sku=\"\" aria-label=\"Dodaj do koszyka: \u201e5-MeO-DMT 50g\u201d\" rel=\"nofollow\" data-success_message=\"\u201c5-MeO-DMT 50g\u201d zosta\u0142 dodany do twojego koszyka\" data-no-translation=\"\" data-trp-gettext=\"\" data-no-translation-aria-label=\"\" data-no-translation-data-success_message=\"\">Dodaj do koszyka<\/a>\t<span id=\"woocommerce_loop_add_to_cart_link_describedby_757\" class=\"screen-reader-text\"><br \/>\n\t\t\t<\/span><\/p>","protected":false},"featured_media":758,"comment_status":"open","ping_status":"closed","template":"","meta":{"_uag_custom_page_level_css":""},"product_brand":[],"product_cat":[29],"product_tag":[54,57,49,51,46,43,50,45,58,60,61,44,59,62,52,48,53,56,55,47],"class_list":{"0":"post-757","1":"product","2":"type-product","3":"status-publish","4":"has-post-thumbnail","6":"product_cat-psychedelics","7":"product_tag-5-meo","8":"product_tag-5-meo-blast","9":"product_tag-5-meo-dream","10":"product_tag-5-meo-explorer","11":"product_tag-5-meo-journey","12":"product_tag-5-meo-dmt-pure","13":"product_tag-dmt-elixir","14":"product_tag-dmt-essence","15":"product_tag-dmt-light","16":"product_tag-dmt-magic","17":"product_tag-eternal-light","18":"product_tag-mystic-dmt","19":"product_tag-mystic-mist","20":"product_tag-psyche-juice","21":"product_tag-psychedelic-bliss","22":"product_tag-quantum-dmt","23":"product_tag-the-god-molecule","24":"product_tag-the-spirit-molecule","25":"product_tag-toad-venom","26":"product_tag-visionary-dmt","28":"first","29":"instock","30":"sale","31":"shipping-taxable","32":"purchasable","33":"product-type-simple"},"yoast_head":"<!-- This site is optimized with the Yoast SEO plugin v27.1.1 - https:\/\/yoast.com\/product\/yoast-seo-wordpress\/ -->\n<title>Buy 5-MeO-DMT Online, high purity<\/title>\n<meta name=\"description\" content=\"Buy 5-MeO-DMT powder for research at FRCS Research. Discover its transformative effects and potential therapeutic benefits. Fast, discreet shipping available\" \/>\n<meta name=\"robots\" content=\"index, follow, max-snippet:-1, max-image-preview:large, max-video-preview:-1\" \/>\n<link rel=\"canonical\" href=\"https:\/\/frcs-research.com\/pl\/product\/kup-5-meo-dmt\/\" \/>\n<meta property=\"og:locale\" content=\"pl_PL\" \/>\n<meta property=\"og:type\" content=\"article\" \/>\n<meta property=\"og:title\" content=\"Buy 5-MeO-DMT Online, high purity\" \/>\n<meta property=\"og:description\" content=\"Buy 5-MeO-DMT powder for research at FRCS Research. Discover its transformative effects and potential therapeutic benefits. Fast, discreet shipping available\" \/>\n<meta property=\"og:url\" content=\"https:\/\/frcs-research.com\/pl\/product\/kup-5-meo-dmt\/\" \/>\n<meta property=\"og:site_name\" content=\"wholesale supplier of research chemicals, 4mmc, 3mmc, MDPHP, Alpha PVP and more\" \/>\n<meta property=\"article:modified_time\" content=\"2026-04-22T10:02:20+00:00\" \/>\n<meta property=\"og:image\" content=\"https:\/\/frcs-research.com\/wp-content\/uploads\/2024\/10\/angelic1.jpg\" \/>\n\t<meta property=\"og:image:width\" content=\"601\" \/>\n\t<meta property=\"og:image:height\" content=\"456\" \/>\n\t<meta property=\"og:image:type\" content=\"image\/jpeg\" \/>\n<meta name=\"twitter:card\" content=\"summary_large_image\" \/>\n<meta name=\"twitter:label1\" content=\"Cena\" \/>\n\t<meta name=\"twitter:data1\" content=\"&euro;180.00\" \/>\n\t<meta name=\"twitter:label2\" content=\"Dost\u0119pno\u015b\u0107\" \/>\n\t<meta name=\"twitter:data2\" content=\"Dost\u0119pny\" \/>\n<script type=\"application\/ld+json\" class=\"yoast-schema-graph\">{\"@context\":\"https:\/\/schema.org\",\"@graph\":[{\"@type\":[\"WebPage\",\"ItemPage\"],\"@id\":\"https:\/\/frcs-research.com\/product\/buy-5-meo-dmt\/\",\"url\":\"https:\/\/frcs-research.com\/product\/buy-5-meo-dmt\/\",\"name\":\"Buy 5-MeO-DMT Online, high purity\",\"isPartOf\":{\"@id\":\"https:\/\/frcs-research.com\/#website\"},\"primaryImageOfPage\":{\"@id\":\"https:\/\/frcs-research.com\/product\/buy-5-meo-dmt\/#primaryimage\"},\"image\":{\"@id\":\"https:\/\/frcs-research.com\/product\/buy-5-meo-dmt\/#primaryimage\"},\"thumbnailUrl\":\"https:\/\/frcs-research.com\/wp-content\/uploads\/2024\/10\/angelic1.jpg\",\"datePublished\":\"2024-10-12T22:48:10+00:00\",\"dateModified\":\"2026-04-22T10:02:20+00:00\",\"description\":\"Buy 5-MeO-DMT powder for research at FRCS Research. Discover its transformative effects and potential therapeutic benefits. Fast, discreet shipping available\",\"breadcrumb\":{\"@id\":\"https:\/\/frcs-research.com\/product\/buy-5-meo-dmt\/#breadcrumb\"},\"inLanguage\":\"pl-PL\",\"potentialAction\":[{\"@type\":\"ReadAction\",\"target\":[\"https:\/\/frcs-research.com\/product\/buy-5-meo-dmt\/\"]}]},{\"@type\":\"ImageObject\",\"inLanguage\":\"pl-PL\",\"@id\":\"https:\/\/frcs-research.com\/product\/buy-5-meo-dmt\/#primaryimage\",\"url\":\"https:\/\/frcs-research.com\/wp-content\/uploads\/2024\/10\/angelic1.jpg\",\"contentUrl\":\"https:\/\/frcs-research.com\/wp-content\/uploads\/2024\/10\/angelic1.jpg\",\"width\":601,\"height\":456,\"caption\":\"Buy 5-MeO-DMT\"},{\"@type\":\"BreadcrumbList\",\"@id\":\"https:\/\/frcs-research.com\/product\/buy-5-meo-dmt\/#breadcrumb\",\"itemListElement\":[{\"@type\":\"ListItem\",\"position\":1,\"name\":\"Home\",\"item\":\"https:\/\/frcs-research.com\/\"},{\"@type\":\"ListItem\",\"position\":2,\"name\":\"Shop\",\"item\":\"https:\/\/frcs-research.com\/shop\/\"},{\"@type\":\"ListItem\",\"position\":3,\"name\":\"5-MeO-DMT 50g\"}]},{\"@type\":\"WebSite\",\"@id\":\"https:\/\/frcs-research.com\/#website\",\"url\":\"https:\/\/frcs-research.com\/\",\"name\":\"wholesale supplier of research chemicals, 4mmc, 3mmc, MDPHP, Alpha PVP and more\",\"description\":\"Wholesale research chemicals\",\"potentialAction\":[{\"@type\":\"SearchAction\",\"target\":{\"@type\":\"EntryPoint\",\"urlTemplate\":\"https:\/\/frcs-research.com\/?s={search_term_string}\"},\"query-input\":{\"@type\":\"PropertyValueSpecification\",\"valueRequired\":true,\"valueName\":\"search_term_string\"}}],\"inLanguage\":\"pl-PL\"}]}<\/script>\n<meta property=\"product:price:amount\" content=\"180.00\" \/>\n<meta property=\"product:price:currency\" content=\"EUR\" \/>\n<meta property=\"og:availability\" content=\"instock\" \/>\n<meta property=\"product:availability\" content=\"instock\" \/>\n<meta property=\"product:condition\" content=\"new\" \/>\n<!-- \/ Yoast SEO plugin. -->","yoast_head_json":{"title":"Kup 5-MeO-DMT online, wysoka czysto\u015b\u0107","description":"Kup proszek 5-MeO-DMT do bada\u0144 w FRCS Research. Odkryj jego transformacyjne efekty i potencjalne korzy\u015bci terapeutyczne. Dost\u0119pna szybka, dyskretna wysy\u0142ka","robots":{"index":"index","follow":"follow","max-snippet":"max-snippet:-1","max-image-preview":"max-image-preview:large","max-video-preview":"max-video-preview:-1"},"canonical":"https:\/\/frcs-research.com\/pl\/product\/kup-5-meo-dmt\/","og_locale":"pl_PL","og_type":"article","og_title":"Buy 5-MeO-DMT Online, high purity","og_description":"Buy 5-MeO-DMT powder for research at FRCS Research. Discover its transformative effects and potential therapeutic benefits. Fast, discreet shipping available","og_url":"https:\/\/frcs-research.com\/pl\/product\/kup-5-meo-dmt\/","og_site_name":"wholesale supplier of research chemicals, 4mmc, 3mmc, MDPHP, Alpha PVP and more","article_modified_time":"2026-04-22T10:02:20+00:00","og_image":[{"width":601,"height":456,"url":"https:\/\/frcs-research.com\/wp-content\/uploads\/2024\/10\/angelic1.jpg","type":"image\/jpeg"}],"twitter_card":"summary_large_image","twitter_misc":{"Cena":"&euro;180.00","Dost\u0119pno\u015b\u0107":"Dost\u0119pny"},"schema":{"@context":"https:\/\/schema.org","@graph":[{"@type":["WebPage","ItemPage"],"@id":"https:\/\/frcs-research.com\/product\/buy-5-meo-dmt\/","url":"https:\/\/frcs-research.com\/product\/buy-5-meo-dmt\/","name":"Kup 5-MeO-DMT online, wysoka czysto\u015b\u0107","isPartOf":{"@id":"https:\/\/frcs-research.com\/#website"},"primaryImageOfPage":{"@id":"https:\/\/frcs-research.com\/product\/buy-5-meo-dmt\/#primaryimage"},"image":{"@id":"https:\/\/frcs-research.com\/product\/buy-5-meo-dmt\/#primaryimage"},"thumbnailUrl":"https:\/\/frcs-research.com\/wp-content\/uploads\/2024\/10\/angelic1.jpg","datePublished":"2024-10-12T22:48:10+00:00","dateModified":"2026-04-22T10:02:20+00:00","description":"Kup proszek 5-MeO-DMT do bada\u0144 w FRCS Research. Odkryj jego transformacyjne efekty i potencjalne korzy\u015bci terapeutyczne. Dost\u0119pna szybka, dyskretna wysy\u0142ka","breadcrumb":{"@id":"https:\/\/frcs-research.com\/product\/buy-5-meo-dmt\/#breadcrumb"},"inLanguage":"pl-PL","potentialAction":[{"@type":"ReadAction","target":["https:\/\/frcs-research.com\/product\/buy-5-meo-dmt\/"]}]},{"@type":"ImageObject","inLanguage":"pl-PL","@id":"https:\/\/frcs-research.com\/product\/buy-5-meo-dmt\/#primaryimage","url":"https:\/\/frcs-research.com\/wp-content\/uploads\/2024\/10\/angelic1.jpg","contentUrl":"https:\/\/frcs-research.com\/wp-content\/uploads\/2024\/10\/angelic1.jpg","width":601,"height":456,"caption":"Buy 5-MeO-DMT"},{"@type":"BreadcrumbList","@id":"https:\/\/frcs-research.com\/product\/buy-5-meo-dmt\/#breadcrumb","itemListElement":[{"@type":"ListItem","position":1,"name":"Home","item":"https:\/\/frcs-research.com\/"},{"@type":"ListItem","position":2,"name":"Shop","item":"https:\/\/frcs-research.com\/shop\/"},{"@type":"ListItem","position":3,"name":"5-MeO-DMT 50g"}]},{"@type":"WebSite","@id":"https:\/\/frcs-research.com\/#website","url":"https:\/\/frcs-research.com\/","name":"hurtowy dostawca chemikali\u00f3w badawczych, 4mmc, 3mmc, MDPHP, Alpha PVP i innych","description":"Hurtowa sprzeda\u017c chemikali\u00f3w badawczych","potentialAction":[{"@type":"SearchAction","target":{"@type":"EntryPoint","urlTemplate":"https:\/\/frcs-research.com\/?s={search_term_string}"},"query-input":{"@type":"PropertyValueSpecification","valueRequired":true,"valueName":"search_term_string"}}],"inLanguage":"pl-PL"}]},"product_price_amount":"180.00","product_price_currency":"EUR","og_availability":"instock","product_availability":"instock","product_condition":"new"},"uagb_featured_image_src":{"full":["https:\/\/frcs-research.com\/wp-content\/uploads\/2024\/10\/angelic1.jpg",601,456,false],"thumbnail":["https:\/\/frcs-research.com\/wp-content\/uploads\/2024\/10\/angelic1-150x150.jpg",150,150,true],"medium":["https:\/\/frcs-research.com\/wp-content\/uploads\/2024\/10\/angelic1-300x228.jpg",300,228,true],"medium_large":["https:\/\/frcs-research.com\/wp-content\/uploads\/2024\/10\/angelic1.jpg",601,456,false],"large":["https:\/\/frcs-research.com\/wp-content\/uploads\/2024\/10\/angelic1.jpg",601,456,false],"1536x1536":["https:\/\/frcs-research.com\/wp-content\/uploads\/2024\/10\/angelic1.jpg",601,456,false],"2048x2048":["https:\/\/frcs-research.com\/wp-content\/uploads\/2024\/10\/angelic1.jpg",601,456,false],"trp-custom-language-flag":["https:\/\/frcs-research.com\/wp-content\/uploads\/2024\/10\/angelic1.jpg",16,12,false],"post-thumbnail":["https:\/\/frcs-research.com\/wp-content\/uploads\/2024\/10\/angelic1.jpg",601,456,false],"elite-commerce-slider":["https:\/\/frcs-research.com\/wp-content\/uploads\/2024\/10\/angelic1.jpg",601,456,false],"elite-commerce-hero":["https:\/\/frcs-research.com\/wp-content\/uploads\/2024\/10\/angelic1.jpg",600,455,false],"elite-commerce-portfolio":["https:\/\/frcs-research.com\/wp-content\/uploads\/2024\/10\/angelic1.jpg",400,303,false],"woocommerce_thumbnail":["https:\/\/frcs-research.com\/wp-content\/uploads\/2024\/10\/angelic1-300x300.jpg",300,300,true],"woocommerce_single":["https:\/\/frcs-research.com\/wp-content\/uploads\/2024\/10\/angelic1.jpg",600,455,false],"woocommerce_gallery_thumbnail":["https:\/\/frcs-research.com\/wp-content\/uploads\/2024\/10\/angelic1-100x100.jpg",100,100,true]},"uagb_author_info":{"display_name":"Richard Wood","author_link":"https:\/\/frcs-research.com\/pl\/author\/"},"uagb_comment_info":797,"uagb_excerpt":"Buy 5-MeO-DMT Online, high purity For those looking to buy 5-MeO-DMT online, 5-MeO-DMT is a potent psychedelic known for its intense, transformative experiences. Often referred to as the &#8220;God molecule,&#8221;&hellip;&euro;200.00 Oryginalna cena wynosi\u0142a: &euro;200.00.&euro;180.00Aktualna cena wynosi: &euro;180.00.Dodaj do koszyka","_links":{"self":[{"href":"https:\/\/frcs-research.com\/pl\/wp-json\/wp\/v2\/product\/757","targetHints":{"allow":["GET"]}}],"collection":[{"href":"https:\/\/frcs-research.com\/pl\/wp-json\/wp\/v2\/product"}],"about":[{"href":"https:\/\/frcs-research.com\/pl\/wp-json\/wp\/v2\/types\/product"}],"replies":[{"embeddable":true,"href":"https:\/\/frcs-research.com\/pl\/wp-json\/wp\/v2\/comments?post=757"}],"wp:featuredmedia":[{"embeddable":true,"href":"https:\/\/frcs-research.com\/pl\/wp-json\/wp\/v2\/media\/758"}],"wp:attachment":[{"href":"https:\/\/frcs-research.com\/pl\/wp-json\/wp\/v2\/media?parent=757"}],"wp:term":[{"taxonomy":"product_brand","embeddable":true,"href":"https:\/\/frcs-research.com\/pl\/wp-json\/wp\/v2\/product_brand?post=757"},{"taxonomy":"product_cat","embeddable":true,"href":"https:\/\/frcs-research.com\/pl\/wp-json\/wp\/v2\/product_cat?post=757"},{"taxonomy":"product_tag","embeddable":true,"href":"https:\/\/frcs-research.com\/pl\/wp-json\/wp\/v2\/product_tag?post=757"}],"curies":[{"name":"wp","href":"https:\/\/api.w.org\/{rel}","templated":true}]}}