{"id":807,"date":"2024-10-13T09:49:18","date_gmt":"2024-10-13T09:49:18","guid":{"rendered":"https:\/\/frcs-research.com\/?post_type=product&#038;p=807"},"modified":"2026-04-10T22:42:23","modified_gmt":"2026-04-10T22:42:23","slug":"kup-diablo-k2-spray","status":"publish","type":"product","link":"https:\/\/frcs-research.com\/pl\/product\/kup-diablo-k2-spray\/","title":{"rendered":"Diablo K2 Spray"},"content":{"rendered":"<h1><strong>Kup Diablo K2 Spray Online \u2013 Najsilniejszy K2 Spray na Sprzeda\u017c w FRCSResearch<\/strong><\/h1>\n<p>Szukam <strong>najmocniejszy spray K2<\/strong> na rynku? <strong>Diablo K2 Spray<\/strong> jest Twoim ostatecznym wyborem! W <strong>FRCSRadania<\/strong>, oferujemy produkty premium <strong>Diablo K2 spray na sprzeda\u017c<\/strong>, zapewniaj\u0105c pot\u0119\u017cne i d\u0142ugotrwa\u0142e do\u015bwiadczenie, kt\u00f3re nie ma sobie r\u00f3wnych. Niezale\u017cnie od tego, czy jeste\u015b do\u015bwiadczonym u\u017cytkownikiem, czy nowicjuszem w \u015bwiecie <strong>Spraye przyprawowe K2<\/strong>, ten produkt obiecuje dostarczy\u0107 intensywno\u015b\u0107, kt\u00f3rej szukasz.<\/p>\n<hr \/>\n<h3>Dlaczego warto kupi\u0107 Diablo K2 Spray?<\/h3>\n<p><strong>Diablo K2 Spray<\/strong> jest znany jako jeden z najpot\u0119\u017cniejszych <strong>Spraye przyprawowe K2<\/strong> dost\u0119pny. Znany ze swoich szybko dzia\u0142aj\u0105cych efekt\u00f3w i pot\u0119\u017cnego haju, jest idealny dla tych, kt\u00f3rzy szukaj\u0105 mocnego, zmieniaj\u0105cego umys\u0142 do\u015bwiadczenia. Oto dlaczego powiniene\u015b <strong>kup Diablo K2 spray online<\/strong> z <strong>FRCSRadania<\/strong>:<\/p>\n<ul>\n<li><strong>Bardzo mocny<\/strong>:Jeden z <strong>najmocniejsze spraye przyprawowe K2<\/strong> na rynku, przeznaczony dla do\u015bwiadczonych u\u017cytkownik\u00f3w.<\/li>\n<li><strong>D\u0142ugotrwa\u0142e efekty<\/strong>: Ciesz si\u0119 trwa\u0142\u0105 eufori\u0105 i relaksem, <strong>Diabe\u0142 K2<\/strong> dostarcza, zapewniaj\u0105c niezr\u00f3wnane doznania.<\/li>\n<li><strong>Dyskretna i bezpieczna wysy\u0142ka<\/strong>:Wszystkie zam\u00f3wienia wysy\u0142amy z nale\u017cyt\u0105 staranno\u015bci\u0105, dbaj\u0105c o Twoj\u0105 prywatno\u015b\u0107.<\/li>\n<li><strong>Jako\u015b\u0107 sprawdzona w laboratorium<\/strong>: Nasz <a href=\"https:\/\/frcs-research.com\/pl\/product-category\/syntetyczne-kannabinoidy\/przyprawy-i-k2\/\"><strong>K2 w sprayu<\/strong><\/a> s\u0105 testowane laboratoryjnie w celu zagwarantowania najwy\u017cszych standard\u00f3w jako\u015bci i bezpiecze\u0144stwa.<\/li>\n<\/ul>\n<hr \/>\n<h3>Diablo K2 Spray \u2013 najlepsze produkty z przyprawami K2<\/h3>\n<p>Je\u015bli szukasz <strong>najlepszy spray przyprawowy K2<\/strong>, <strong>Diabe\u0142 K2<\/strong> powinien znale\u017a\u0107 si\u0119 na szczycie listy. Ten produkt o wysokiej mocy zyska\u0142 reputacj\u0119 jednego z najbardziej intensywnych syntetycznych kannabinoid\u00f3w na rynku. Przy u\u017cyciu niewielkiej ilo\u015bci mo\u017cesz do\u015bwiadczy\u0107 haju trwaj\u0105cego godzinami.<\/p>\n<p><strong>G\u0142\u00f3wne cechy sprayu Diablo K2<\/strong>:<\/p>\n<ul>\n<li>Jeden z <strong>najsilniejsze spraye K2 na sprzeda\u017c<\/strong><\/li>\n<li>Idealne dla tych, kt\u00f3rzy szukaj\u0105 <strong>legalny haj<\/strong> i intensywne efekty<\/li>\n<li>Szybko dzia\u0142aj\u0105ca formu\u0142a zapewniaj\u0105ca natychmiastowe rezultaty<\/li>\n<li>Idealny do stosowania na <strong>papier K2<\/strong> Lub <strong>kadzid\u0142o zio\u0142owe<\/strong><\/li>\n<\/ul>\n<hr \/>\n<h3>Gdzie kupi\u0107 Diablo K2 Spray online?<\/h3>\n<p>Mo\u017cesz \u0142atwo <strong>kup spray Diablo K2<\/strong> z <strong>FRCSRadania<\/strong>, Twoje zaufane \u017ar\u00f3d\u0142o najwy\u017cszej jako\u015bci produkt\u00f3w K2. Dzi\u0119ki naszemu prostemu, bezpiecznemu procesowi realizacji transakcji i dyskretnym opcjom wysy\u0142ki, kupuj\u0105c <strong>Diablo K2 w sprayu<\/strong> nigdy nie by\u0142o \u0142atwiejsze.<\/p>\n<p>Na <strong>FRCSRadania<\/strong>rozumiemy Twoj\u0105 potrzeb\u0119 posiadania wiarygodnego \u017ar\u00f3d\u0142a <strong>kup spray K2 Spice online<\/strong>. Dbamy o to, aby ka\u017cda butelka <strong>Diablo K2 w sprayu<\/strong> spe\u0142nia rygorystyczne standardy jako\u015bci, dzi\u0119ki czemu mo\u017cesz cieszy\u0107 si\u0119 najlepszymi <strong>Przyprawa K2<\/strong> dost\u0119pne do\u015bwiadczenie.<\/p>\n<hr \/>\n<h3>Kup Diablo K2 Spray w FRCSResearch<\/h3>\n<p><strong>FRCSRadania<\/strong> jest najlepszym miejscem do <strong>kup Diablo K2 spray online<\/strong>. W ofercie posiadamy wy\u0142\u0105cznie produkty najwy\u017cszej jako\u015bci <strong>Spraye przyprawowe K2<\/strong>, oferuj\u0105c Ci to, co najlepsze <strong>kadzid\u0142o zio\u0142owe<\/strong> I <a href=\"https:\/\/frcs-research.com\/pl\/product-category\/syntetyczne-kannabinoidy\/przyprawy-i-k2\/\"><strong>Produkty K2<\/strong><\/a> na rynku. Nasze konkurencyjne ceny, szybka wysy\u0142ka i zaanga\u017cowanie w jako\u015b\u0107 sprawiaj\u0105, \u017ce jeste\u015bmy najlepszym wyborem dla kupuj\u0105cych K2.<\/p>\n<hr \/>\n<h3>Dlaczego warto wybra\u0107 FRCSResearch?<\/h3>\n<ul>\n<li><strong>Najsilniejszy spray K2 na sprzeda\u017c<\/strong>:Specjalizujemy si\u0119 w produktach K2 o wysokiej mocy, takich jak <strong>Diablo K2 w sprayu<\/strong>.<\/li>\n<li><strong>Przyst\u0119pne ceny<\/strong>:Kupuj najwy\u017cszej jako\u015bci spraye przyprawowe K2 w konkurencyjnych cenach.<\/li>\n<li><strong>Dyskretna wysy\u0142ka<\/strong>:Wszystkie zam\u00f3wienia traktowane s\u0105 jako poufne i dostarczane szybko.<\/li>\n<li><strong>Wiarygodne \u017ar\u00f3d\u0142o<\/strong>:Jeste\u015bmy zaufanym dostawc\u0105 wszelkiego rodzaju <strong>Przyprawa K2<\/strong> produkty, w tym <strong>K2 w sprayu na papierze<\/strong> I <strong>Kadzid\u0142o K2<\/strong>.<\/li>\n<\/ul>\n<hr \/>\n<h3>Kup Diablo K2 Spray ju\u017c dzi\u015b!<\/h3>\n<p>Nie czekaj! <strong>Kup Diablo K2 spray online<\/strong> teraz w <strong>FRCSRadania<\/strong> i poznaj najsilniejszy, najbardziej niezawodny spray K2 Spice dost\u0119pny na rynku. Niezale\u017cnie od tego, czy jeste\u015b cz\u0119stym u\u017cytkownikiem, czy po prostu pr\u00f3bujesz <strong>K2 spray przyprawowy<\/strong> po raz pierwszy pokochasz silne, d\u0142ugotrwa\u0142e efekty <strong>Diabe\u0142 K2<\/strong>. Zam\u00f3w ju\u017c dzi\u015b i skorzystaj z szybkiej, dyskretnej wysy\u0142ki i najlepszych cen na rynku.<\/p>","protected":false},"excerpt":{"rendered":"<p>Buy Diablo K2 Spray Online \u2013 The Strongest K2 Spray for Sale at FRCSResearch Looking for the strongest K2 spray on the market? Diablo K2 Spray is your ultimate choice!&hellip;<\/p>\n<p class=\"product woocommerce add_to_cart_inline\" style=\"border:4px solid #ccc; padding: 12px;\"><del aria-hidden=\"true\"><span class=\"woocommerce-Price-amount amount\"><bdi><span class=\"woocommerce-Price-currencySymbol\">&euro;<\/span>250.00<\/bdi><\/span><\/del> <span class=\"screen-reader-text\" data-no-translation=\"\" data-trp-gettext=\"\">Oryginalna cena wynosi\u0142a: &euro;250.00.<\/span><ins aria-hidden=\"true\"><span class=\"woocommerce-Price-amount amount\"><bdi><span class=\"woocommerce-Price-currencySymbol\">&euro;<\/span>245.00<\/bdi><\/span><\/ins><span class=\"screen-reader-text\" data-no-translation=\"\" data-trp-gettext=\"\">Aktualna cena wynosi: &euro;245.00.<\/span><a href=\"\/pl\/wp-json\/wp\/v2\/product\/807?add-to-cart=807\" aria-describedby=\"woocommerce_loop_add_to_cart_link_describedby_807\" data-quantity=\"1\" class=\"button product_type_simple add_to_cart_button ajax_add_to_cart\" data-product_id=\"807\" data-product_sku=\"\" aria-label=\"Dodaj do koszyka: \u201eDiablo K2 Spray\u201d\" rel=\"nofollow\" data-success_message=\"\u201cDiablo K2 Spray\u201d zosta\u0142 dodany do twojego koszyka\" data-no-translation=\"\" data-trp-gettext=\"\" data-no-translation-aria-label=\"\" data-no-translation-data-success_message=\"\">Dodaj do koszyka<\/a>\t<span id=\"woocommerce_loop_add_to_cart_link_describedby_807\" class=\"screen-reader-text\"><br \/>\n\t\t\t<\/span><\/p>","protected":false},"featured_media":808,"comment_status":"open","ping_status":"closed","template":"","meta":{"_uag_custom_page_level_css":""},"product_brand":[],"product_cat":[124],"product_tag":[],"class_list":{"0":"post-807","1":"product","2":"type-product","3":"status-publish","4":"has-post-thumbnail","6":"product_cat-spice-and-k2","8":"first","9":"instock","10":"sale","11":"shipping-taxable","12":"purchasable","13":"product-type-simple"},"yoast_head":"<!-- This site is optimized with the Yoast SEO plugin v27.1.1 - https:\/\/yoast.com\/product\/yoast-seo-wordpress\/ -->\n<title>Buy Diablo K2 Spray Online \u2013 Strongest K2 Spice Spray for Sale<\/title>\n<meta name=\"description\" content=\"Purchase the strongest Diablo K2 spray online at FRCSResearch. Enjoy potent, long-lasting effects from the best K2 spice spray on the market. Fast, discreet shipping available.\" \/>\n<meta name=\"robots\" content=\"index, follow, max-snippet:-1, max-image-preview:large, max-video-preview:-1\" \/>\n<link rel=\"canonical\" href=\"https:\/\/frcs-research.com\/pl\/product\/kup-diablo-k2-spray\/\" \/>\n<meta property=\"og:locale\" content=\"pl_PL\" \/>\n<meta property=\"og:type\" content=\"article\" \/>\n<meta property=\"og:title\" content=\"Buy Diablo K2 Spray Online \u2013 Strongest K2 Spice Spray for Sale\" \/>\n<meta property=\"og:description\" content=\"Purchase the strongest Diablo K2 spray online at FRCSResearch. Enjoy potent, long-lasting effects from the best K2 spice spray on the market. Fast, discreet shipping available.\" \/>\n<meta property=\"og:url\" content=\"https:\/\/frcs-research.com\/pl\/product\/kup-diablo-k2-spray\/\" \/>\n<meta property=\"og:site_name\" content=\"wholesale supplier of research chemicals, 4mmc, 3mmc, MDPHP, Alpha PVP and more\" \/>\n<meta property=\"article:modified_time\" content=\"2026-04-10T22:42:23+00:00\" \/>\n<meta property=\"og:image\" content=\"https:\/\/frcs-research.com\/wp-content\/uploads\/2024\/10\/Diablo-K2-spice-spray-768x687-1.jpeg\" \/>\n\t<meta property=\"og:image:width\" content=\"768\" \/>\n\t<meta property=\"og:image:height\" content=\"687\" \/>\n\t<meta property=\"og:image:type\" content=\"image\/jpeg\" \/>\n<meta name=\"twitter:card\" content=\"summary_large_image\" \/>\n<meta name=\"twitter:label1\" content=\"Cena\" \/>\n\t<meta name=\"twitter:data1\" content=\"&euro;245.00\" \/>\n\t<meta name=\"twitter:label2\" content=\"Dost\u0119pno\u015b\u0107\" \/>\n\t<meta name=\"twitter:data2\" content=\"Dost\u0119pny\" \/>\n<script type=\"application\/ld+json\" class=\"yoast-schema-graph\">{\"@context\":\"https:\/\/schema.org\",\"@graph\":[{\"@type\":[\"WebPage\",\"ItemPage\"],\"@id\":\"https:\/\/frcs-research.com\/product\/buy-diablo-k2-spray\/\",\"url\":\"https:\/\/frcs-research.com\/product\/buy-diablo-k2-spray\/\",\"name\":\"Buy Diablo K2 Spray Online \u2013 Strongest K2 Spice Spray for Sale\",\"isPartOf\":{\"@id\":\"https:\/\/frcs-research.com\/#website\"},\"primaryImageOfPage\":{\"@id\":\"https:\/\/frcs-research.com\/product\/buy-diablo-k2-spray\/#primaryimage\"},\"image\":{\"@id\":\"https:\/\/frcs-research.com\/product\/buy-diablo-k2-spray\/#primaryimage\"},\"thumbnailUrl\":\"https:\/\/frcs-research.com\/wp-content\/uploads\/2024\/10\/Diablo-K2-spice-spray-768x687-1.jpeg\",\"datePublished\":\"2024-10-13T09:49:18+00:00\",\"dateModified\":\"2026-04-10T22:42:23+00:00\",\"description\":\"Purchase the strongest Diablo K2 spray online at FRCSResearch. Enjoy potent, long-lasting effects from the best K2 spice spray on the market. Fast, discreet shipping available.\",\"breadcrumb\":{\"@id\":\"https:\/\/frcs-research.com\/product\/buy-diablo-k2-spray\/#breadcrumb\"},\"inLanguage\":\"pl-PL\",\"potentialAction\":[{\"@type\":\"ReadAction\",\"target\":[\"https:\/\/frcs-research.com\/product\/buy-diablo-k2-spray\/\"]}]},{\"@type\":\"ImageObject\",\"inLanguage\":\"pl-PL\",\"@id\":\"https:\/\/frcs-research.com\/product\/buy-diablo-k2-spray\/#primaryimage\",\"url\":\"https:\/\/frcs-research.com\/wp-content\/uploads\/2024\/10\/Diablo-K2-spice-spray-768x687-1.jpeg\",\"contentUrl\":\"https:\/\/frcs-research.com\/wp-content\/uploads\/2024\/10\/Diablo-K2-spice-spray-768x687-1.jpeg\",\"width\":768,\"height\":687,\"caption\":\"Diablo K2 Spray\"},{\"@type\":\"BreadcrumbList\",\"@id\":\"https:\/\/frcs-research.com\/product\/buy-diablo-k2-spray\/#breadcrumb\",\"itemListElement\":[{\"@type\":\"ListItem\",\"position\":1,\"name\":\"Home\",\"item\":\"https:\/\/frcs-research.com\/\"},{\"@type\":\"ListItem\",\"position\":2,\"name\":\"Shop\",\"item\":\"https:\/\/frcs-research.com\/shop\/\"},{\"@type\":\"ListItem\",\"position\":3,\"name\":\"Diablo K2 Spray\"}]},{\"@type\":\"WebSite\",\"@id\":\"https:\/\/frcs-research.com\/#website\",\"url\":\"https:\/\/frcs-research.com\/\",\"name\":\"wholesale supplier of research chemicals, 4mmc, 3mmc, MDPHP, Alpha PVP and more\",\"description\":\"Wholesale research chemicals\",\"potentialAction\":[{\"@type\":\"SearchAction\",\"target\":{\"@type\":\"EntryPoint\",\"urlTemplate\":\"https:\/\/frcs-research.com\/?s={search_term_string}\"},\"query-input\":{\"@type\":\"PropertyValueSpecification\",\"valueRequired\":true,\"valueName\":\"search_term_string\"}}],\"inLanguage\":\"pl-PL\"}]}<\/script>\n<meta property=\"product:price:amount\" content=\"245.00\" \/>\n<meta property=\"product:price:currency\" content=\"EUR\" \/>\n<meta property=\"og:availability\" content=\"instock\" \/>\n<meta property=\"product:availability\" content=\"instock\" \/>\n<meta property=\"product:condition\" content=\"new\" \/>\n<!-- \/ Yoast SEO plugin. -->","yoast_head_json":{"title":"Kup Diablo K2 Spray Online \u2013 Najsilniejszy K2 Spice Spray na Sprzeda\u017c","description":"Kup najsilniejszy spray Diablo K2 online w FRCSResearch. Ciesz si\u0119 silnymi, d\u0142ugotrwa\u0142ymi efektami najlepszego sprayu przyprawowego K2 na rynku. Dost\u0119pna szybka, dyskretna wysy\u0142ka.","robots":{"index":"index","follow":"follow","max-snippet":"max-snippet:-1","max-image-preview":"max-image-preview:large","max-video-preview":"max-video-preview:-1"},"canonical":"https:\/\/frcs-research.com\/pl\/product\/kup-diablo-k2-spray\/","og_locale":"pl_PL","og_type":"article","og_title":"Buy Diablo K2 Spray Online \u2013 Strongest K2 Spice Spray for Sale","og_description":"Purchase the strongest Diablo K2 spray online at FRCSResearch. Enjoy potent, long-lasting effects from the best K2 spice spray on the market. Fast, discreet shipping available.","og_url":"https:\/\/frcs-research.com\/pl\/product\/kup-diablo-k2-spray\/","og_site_name":"wholesale supplier of research chemicals, 4mmc, 3mmc, MDPHP, Alpha PVP and more","article_modified_time":"2026-04-10T22:42:23+00:00","og_image":[{"width":768,"height":687,"url":"https:\/\/frcs-research.com\/wp-content\/uploads\/2024\/10\/Diablo-K2-spice-spray-768x687-1.jpeg","type":"image\/jpeg"}],"twitter_card":"summary_large_image","twitter_misc":{"Cena":"&euro;245.00","Dost\u0119pno\u015b\u0107":"Dost\u0119pny"},"schema":{"@context":"https:\/\/schema.org","@graph":[{"@type":["WebPage","ItemPage"],"@id":"https:\/\/frcs-research.com\/product\/buy-diablo-k2-spray\/","url":"https:\/\/frcs-research.com\/product\/buy-diablo-k2-spray\/","name":"Kup Diablo K2 Spray Online \u2013 Najsilniejszy K2 Spice Spray na Sprzeda\u017c","isPartOf":{"@id":"https:\/\/frcs-research.com\/#website"},"primaryImageOfPage":{"@id":"https:\/\/frcs-research.com\/product\/buy-diablo-k2-spray\/#primaryimage"},"image":{"@id":"https:\/\/frcs-research.com\/product\/buy-diablo-k2-spray\/#primaryimage"},"thumbnailUrl":"https:\/\/frcs-research.com\/wp-content\/uploads\/2024\/10\/Diablo-K2-spice-spray-768x687-1.jpeg","datePublished":"2024-10-13T09:49:18+00:00","dateModified":"2026-04-10T22:42:23+00:00","description":"Kup najsilniejszy spray Diablo K2 online w FRCSResearch. Ciesz si\u0119 silnymi, d\u0142ugotrwa\u0142ymi efektami najlepszego sprayu przyprawowego K2 na rynku. Dost\u0119pna szybka, dyskretna wysy\u0142ka.","breadcrumb":{"@id":"https:\/\/frcs-research.com\/product\/buy-diablo-k2-spray\/#breadcrumb"},"inLanguage":"pl-PL","potentialAction":[{"@type":"ReadAction","target":["https:\/\/frcs-research.com\/product\/buy-diablo-k2-spray\/"]}]},{"@type":"ImageObject","inLanguage":"pl-PL","@id":"https:\/\/frcs-research.com\/product\/buy-diablo-k2-spray\/#primaryimage","url":"https:\/\/frcs-research.com\/wp-content\/uploads\/2024\/10\/Diablo-K2-spice-spray-768x687-1.jpeg","contentUrl":"https:\/\/frcs-research.com\/wp-content\/uploads\/2024\/10\/Diablo-K2-spice-spray-768x687-1.jpeg","width":768,"height":687,"caption":"Diablo K2 Spray"},{"@type":"BreadcrumbList","@id":"https:\/\/frcs-research.com\/product\/buy-diablo-k2-spray\/#breadcrumb","itemListElement":[{"@type":"ListItem","position":1,"name":"Home","item":"https:\/\/frcs-research.com\/"},{"@type":"ListItem","position":2,"name":"Shop","item":"https:\/\/frcs-research.com\/shop\/"},{"@type":"ListItem","position":3,"name":"Diablo K2 Spray"}]},{"@type":"WebSite","@id":"https:\/\/frcs-research.com\/#website","url":"https:\/\/frcs-research.com\/","name":"hurtowy dostawca chemikali\u00f3w badawczych, 4mmc, 3mmc, MDPHP, Alpha PVP i innych","description":"Hurtowa sprzeda\u017c chemikali\u00f3w badawczych","potentialAction":[{"@type":"SearchAction","target":{"@type":"EntryPoint","urlTemplate":"https:\/\/frcs-research.com\/?s={search_term_string}"},"query-input":{"@type":"PropertyValueSpecification","valueRequired":true,"valueName":"search_term_string"}}],"inLanguage":"pl-PL"}]},"product_price_amount":"245.00","product_price_currency":"EUR","og_availability":"instock","product_availability":"instock","product_condition":"new"},"uagb_featured_image_src":{"full":["https:\/\/frcs-research.com\/wp-content\/uploads\/2024\/10\/Diablo-K2-spice-spray-768x687-1.jpeg",768,687,false],"thumbnail":["https:\/\/frcs-research.com\/wp-content\/uploads\/2024\/10\/Diablo-K2-spice-spray-768x687-1-150x150.jpeg",150,150,true],"medium":["https:\/\/frcs-research.com\/wp-content\/uploads\/2024\/10\/Diablo-K2-spice-spray-768x687-1-300x268.jpeg",300,268,true],"medium_large":["https:\/\/frcs-research.com\/wp-content\/uploads\/2024\/10\/Diablo-K2-spice-spray-768x687-1.jpeg",768,687,false],"large":["https:\/\/frcs-research.com\/wp-content\/uploads\/2024\/10\/Diablo-K2-spice-spray-768x687-1.jpeg",768,687,false],"1536x1536":["https:\/\/frcs-research.com\/wp-content\/uploads\/2024\/10\/Diablo-K2-spice-spray-768x687-1.jpeg",768,687,false],"2048x2048":["https:\/\/frcs-research.com\/wp-content\/uploads\/2024\/10\/Diablo-K2-spice-spray-768x687-1.jpeg",768,687,false],"trp-custom-language-flag":["https:\/\/frcs-research.com\/wp-content\/uploads\/2024\/10\/Diablo-K2-spice-spray-768x687-1.jpeg",13,12,false],"post-thumbnail":["https:\/\/frcs-research.com\/wp-content\/uploads\/2024\/10\/Diablo-K2-spice-spray-768x687-1.jpeg",693,620,false],"elite-commerce-slider":["https:\/\/frcs-research.com\/wp-content\/uploads\/2024\/10\/Diablo-K2-spice-spray-768x687-1.jpeg",768,687,false],"elite-commerce-hero":["https:\/\/frcs-research.com\/wp-content\/uploads\/2024\/10\/Diablo-K2-spice-spray-768x687-1.jpeg",600,537,false],"elite-commerce-portfolio":["https:\/\/frcs-research.com\/wp-content\/uploads\/2024\/10\/Diablo-K2-spice-spray-768x687-1.jpeg",400,358,false],"woocommerce_thumbnail":["https:\/\/frcs-research.com\/wp-content\/uploads\/2024\/10\/Diablo-K2-spice-spray-768x687-1-300x300.jpeg",300,300,true],"woocommerce_single":["https:\/\/frcs-research.com\/wp-content\/uploads\/2024\/10\/Diablo-K2-spice-spray-768x687-1-600x537.jpeg",600,537,true],"woocommerce_gallery_thumbnail":["https:\/\/frcs-research.com\/wp-content\/uploads\/2024\/10\/Diablo-K2-spice-spray-768x687-1-100x100.jpeg",100,100,true]},"uagb_author_info":{"display_name":"Richard Wood","author_link":"https:\/\/frcs-research.com\/pl\/author\/"},"uagb_comment_info":817,"uagb_excerpt":"Buy Diablo K2 Spray Online \u2013 The Strongest K2 Spray for Sale at FRCSResearch Looking for the strongest K2 spray on the market? Diablo K2 Spray is your ultimate choice!&hellip;&euro;250.00 Oryginalna cena wynosi\u0142a: &euro;250.00.&euro;245.00Aktualna cena wynosi: &euro;245.00.Dodaj do koszyka","_links":{"self":[{"href":"https:\/\/frcs-research.com\/pl\/wp-json\/wp\/v2\/product\/807","targetHints":{"allow":["GET"]}}],"collection":[{"href":"https:\/\/frcs-research.com\/pl\/wp-json\/wp\/v2\/product"}],"about":[{"href":"https:\/\/frcs-research.com\/pl\/wp-json\/wp\/v2\/types\/product"}],"replies":[{"embeddable":true,"href":"https:\/\/frcs-research.com\/pl\/wp-json\/wp\/v2\/comments?post=807"}],"wp:featuredmedia":[{"embeddable":true,"href":"https:\/\/frcs-research.com\/pl\/wp-json\/wp\/v2\/media\/808"}],"wp:attachment":[{"href":"https:\/\/frcs-research.com\/pl\/wp-json\/wp\/v2\/media?parent=807"}],"wp:term":[{"taxonomy":"product_brand","embeddable":true,"href":"https:\/\/frcs-research.com\/pl\/wp-json\/wp\/v2\/product_brand?post=807"},{"taxonomy":"product_cat","embeddable":true,"href":"https:\/\/frcs-research.com\/pl\/wp-json\/wp\/v2\/product_cat?post=807"},{"taxonomy":"product_tag","embeddable":true,"href":"https:\/\/frcs-research.com\/pl\/wp-json\/wp\/v2\/product_tag?post=807"}],"curies":[{"name":"wp","href":"https:\/\/api.w.org\/{rel}","templated":true}]}}