{"id":810,"date":"2024-10-13T10:00:39","date_gmt":"2024-10-13T10:00:39","guid":{"rendered":"https:\/\/frcs-research.com\/?post_type=product&#038;p=810"},"modified":"2026-04-05T09:42:21","modified_gmt":"2026-04-05T09:42:21","slug":"kup-cloud-9-liquid-k2","status":"publish","type":"product","link":"https:\/\/frcs-research.com\/pl\/product\/kup-cloud-9-liquid-k2\/","title":{"rendered":"Chmura 9 P\u0142ynny K2 Spray"},"content":{"rendered":"<h1><strong>Kup Cloud 9 Liquid K2 Spray Online \u2013 Premium K2 Spice Spray na sprzeda\u017c w FRCSResearch<\/strong><\/h1>\n<p>Szukasz p\u0142ynnego i mocnego do\u015bwiadczenia K2? <strong>Chmura 9 P\u0142ynny K2 Spray<\/strong> jest jednym z najlepszych wybor\u00f3w w\u015br\u00f3d u\u017cytkownik\u00f3w K2, oferuj\u0105cym pot\u0119\u017cny, zmieniaj\u0105cy umys\u0142 haj, kt\u00f3rego nie znajdziesz nigdzie indziej. <strong>FRCSRadania<\/strong>, mo\u017cesz <strong>kup spray Cloud 9 Liquid K2<\/strong> online z pewno\u015bci\u0105, wiedz\u0105c, \u017ce otrzymujesz najwy\u017csz\u0105 jako\u015b\u0107 <strong>K2 spray przyprawowy<\/strong> dost\u0119pne. Niezale\u017cnie od tego, czy jeste\u015b do\u015bwiadczonym u\u017cytkownikiem, czy nowicjuszem w \u015bwiecie <strong>Produkty K2<\/strong>Cloud 9 zapewnia euforyczny, d\u0142ugotrwa\u0142y efekt, kt\u00f3ry jest zar\u00f3wno przyjemny, jak i relaksuj\u0105cy.<\/p>\n<hr \/>\n<h3>Dlaczego warto kupi\u0107 Cloud 9 Liquid K2 Spray?<\/h3>\n<p><strong>Chmura 9 P\u0142ynny K2 Spray<\/strong> wyr\u00f3\u017cnia si\u0119 jako jeden z najpopularniejszych <strong>Spraye przyprawowe K2<\/strong> ze wzgl\u0119du na wysok\u0105 moc i zr\u00f3wnowa\u017cone do\u015bwiadczenie. Ten produkt oferuje unikaln\u0105 mieszank\u0119 efekt\u00f3w, co czyni go ulubionym w\u015br\u00f3d os\u00f3b, kt\u00f3re chc\u0105 osi\u0105gn\u0105\u0107 stan spokoju, ale i euforii. Kiedy <strong>kup spray Cloud 9 K2 online<\/strong>, otrzymujesz produkt, kt\u00f3ry zapewnia:<\/p>\n<ul>\n<li><strong>Zr\u00f3wnowa\u017cona moc<\/strong>:Wystarczaj\u0105co mocny, aby zapewni\u0107 g\u0142\u0119bokie, wci\u0105gaj\u0105ce doznania, ale jednocze\u015bnie wystarczaj\u0105co \u0142agodny, aby zapewni\u0107 bardziej odpr\u0119\u017caj\u0105ce doznania.<\/li>\n<li><strong>D\u0142ugotrwa\u0142e efekty<\/strong>:Skutki <strong>Spray Cloud 9 K2<\/strong> dzia\u0142aj\u0105 przez wiele godzin, zapewniaj\u0105c maksymalne wykorzystanie przy ka\u017cdym u\u017cyciu.<\/li>\n<li><strong>Wszechstronne zastosowanie<\/strong>:Doskona\u0142y do stosowania na <strong>papier K2<\/strong> lub jako dodatek do ulubionych <a href=\"https:\/\/frcs-research.com\/pl\/product-category\/syntetyczne-kannabinoidy\/przyprawy-i-k2\/\"><strong>kadzid\u0142o zio\u0142owe<\/strong><\/a>.<\/li>\n<li><strong>Najwy\u017csza jako\u015b\u0107<\/strong>:Zaopatrujemy si\u0119 wy\u0142\u0105cznie w produkty najwy\u017cszej jako\u015bci <strong>Przyprawa K2<\/strong> produkty, zapewniaj\u0105c Ci to, co najlepsze <strong>K2 w sprayu<\/strong> na rynku.<\/li>\n<\/ul>\n<hr \/>\n<h3>Cloud 9 Liquid K2 Spray na sprzeda\u017c \u2013 Zaufany produkt<\/h3>\n<p>Je\u015bli chodzi o <strong>kupno sprayu K2 online<\/strong>, <strong>Chmura 9 P\u0142ynny K2 Spray<\/strong> jest jednym z najbardziej niezawodnych produkt\u00f3w dost\u0119pnych na rynku. Znany ze swojej sta\u0142ej mocy i \u0142agodnych efekt\u00f3w, jest idealny zar\u00f3wno do relaksu, jak i podwy\u017cszonego haju. Ten wszechstronny produkt mo\u017cna rozpyla\u0107 na <strong>kadzid\u0142o zio\u0142owe<\/strong>, <strong>papier K2<\/strong>lub u\u017cywane samodzielnie dla uzyskania mocniejszych wra\u017ce\u0144.<\/p>\n<p><strong>Cechy sprayu Cloud 9 Liquid K2<\/strong>:<\/p>\n<ul>\n<li>Jeden z <strong>najpopularniejsze spraye K2<\/strong> na sprzeda\u017c<\/li>\n<li>\u0141atwy w u\u017cyciu <strong>Papier nas\u0105czony K2<\/strong> Lub <strong>kadzid\u0142o zio\u0142owe<\/strong><\/li>\n<li>Zapewnia spokojny, euforyczny haj<\/li>\n<li>Bezpiecze\u0144stwo i skuteczno\u015b\u0107 przetestowane laboratoryjnie<\/li>\n<\/ul>\n<hr \/>\n<h3>Dlaczego warto kupowa\u0107 w FRCSResearch?<\/h3>\n<p>Na <strong>FRCSRadania<\/strong>, jeste\u015bmy zobowi\u0105zani do dostarczania najwy\u017cszej jako\u015bci <strong>Spraye przyprawowe K2<\/strong> na sprzeda\u017c, w tym <strong>Chmura 9 P\u0142ynny K2 Spray<\/strong>. Kiedy ty <strong>kup spray K2 online<\/strong> od nas mo\u017cesz oczekiwa\u0107:<\/p>\n<ul>\n<li><strong>Produkty najwy\u017cszej jako\u015bci<\/strong>:Nasze produkty K2, w tym: <strong>Spray Cloud 9<\/strong>, s\u0105 testowane pod k\u0105tem czysto\u015bci i mocy, aby zapewni\u0107 Ci najlepsze mo\u017cliwe wra\u017cenia.<\/li>\n<li><strong>Dyskretna i szybka wysy\u0142ka<\/strong>: Twoja prywatno\u015b\u0107 jest naszym priorytetem. Oferujemy bezpieczn\u0105 i dyskretn\u0105 wysy\u0142k\u0119 wszystkich zam\u00f3wie\u0144.<\/li>\n<li><strong>Przyst\u0119pne ceny<\/strong>:Szukasz najlepszych ofert? Oferujemy <strong>Spray Cloud 9 K2<\/strong> w konkurencyjnych cenach, bez uszczerbku dla jako\u015bci.<\/li>\n<\/ul>\n<hr \/>\n<h3>Jak u\u017cywa\u0107 sprayu Cloud 9 Liquid K2<\/h3>\n<p>U\u017cywanie <strong>Chmura 9 P\u0142ynny K2 Spray<\/strong> jest proste i wygodne. Niezale\u017cnie od tego, czy stosujesz je do <strong>papier K2<\/strong> lub dodaj\u0105c do <strong>kadzid\u0142o zio\u0142owe<\/strong>, wystarczy niewielka ilo\u015b\u0107, aby uzyska\u0107 po\u017c\u0105dane efekty. Dzi\u0119ki temu jest to wysoce wydajna i op\u0142acalna opcja dla os\u00f3b poszukuj\u0105cych silnego, niezawodnego haju.<\/p>\n<hr \/>\n<h3>Gdzie kupi\u0107 Cloud 9 Liquid K2 Spray online?<\/h3>\n<p>Je\u015bli szukasz miejsca, <strong>kup Cloud 9 Liquid K2 Spray<\/strong>, nie szukaj dalej <strong>FRCSRadania<\/strong>U\u0142atwiamy zakup tego popularnego produktu <strong>K2 spray przyprawowy<\/strong> online, oferuj\u0105c szybk\u0105 wysy\u0142k\u0119 i bezpieczne opcje p\u0142atno\u015bci. Ponadto wszystkie nasze produkty s\u0105 testowane, aby upewni\u0107 si\u0119, \u017ce spe\u0142niaj\u0105 najwy\u017csze standardy jako\u015bci.<\/p>\n<hr \/>\n<h3>Kup Cloud 9 Liquid K2 Spray ju\u017c dzi\u015b!<\/h3>\n<p>Chcesz podnie\u015b\u0107 poziom swojego do\u015bwiadczenia na K2? <strong>Kup Cloud 9 Liquid K2 Spray<\/strong> z <strong>FRCSRadania<\/strong> ju\u017c dzi\u015b i ciesz si\u0119 jednym z najlepszych <strong>Spraye przyprawowe K2<\/strong> dost\u0119pne. Niezale\u017cnie od tego, czy jeste\u015b cz\u0119stym u\u017cytkownikiem, czy dopiero zaczynasz, pokochasz g\u0142adkie, euforyczne efekty, kt\u00f3re <strong>Chmura 9<\/strong> zapewnia. Zam\u00f3w teraz, aby uzyska\u0107 szybk\u0105, dyskretn\u0105 dostaw\u0119 i bezkonkurencyjne ceny!<\/p>\n<hr \/>\n<p><strong>S\u0142owa kluczowe Zintegrowane<\/strong>:<\/p>\n<ul>\n<li>Kup spray Cloud 9 Liquid K2 online,<\/li>\n<li>Cloud 9 K2 spray na sprzeda\u017c,<\/li>\n<li>Najmocniejszy spray przyprawowy K2,<\/li>\n<li>Gdzie kupi\u0107 spray Cloud 9 K2,<\/li>\n<li>Spray Cloud 9 Liquid K2,<\/li>\n<li>K2 spray przyprawowy online,<\/li>\n<li>K2 w sprayu na papierze,<\/li>\n<li>Kadzid\u0142o zio\u0142owe K2,<\/li>\n<\/ul>","protected":false},"excerpt":{"rendered":"<p>Buy Cloud 9 Liquid K2 Spray Online \u2013 Premium K2 Spice Spray for Sale at FRCSResearch Looking for a smooth and powerful K2 experience? Cloud 9 Liquid K2 Spray is&hellip;<\/p>\n<p class=\"product woocommerce add_to_cart_inline\" style=\"border:4px solid #ccc; padding: 12px;\"><del aria-hidden=\"true\"><span class=\"woocommerce-Price-amount amount\"><bdi><span class=\"woocommerce-Price-currencySymbol\">&euro;<\/span>270.00<\/bdi><\/span><\/del> <span class=\"screen-reader-text\" data-no-translation=\"\" data-trp-gettext=\"\">Oryginalna cena wynosi\u0142a: &euro;270.00.<\/span><ins aria-hidden=\"true\"><span class=\"woocommerce-Price-amount amount\"><bdi><span class=\"woocommerce-Price-currencySymbol\">&euro;<\/span>250.00<\/bdi><\/span><\/ins><span class=\"screen-reader-text\" data-no-translation=\"\" data-trp-gettext=\"\">Aktualna cena wynosi: &euro;250.00.<\/span><a href=\"\/pl\/wp-json\/wp\/v2\/product\/810?add-to-cart=810\" aria-describedby=\"woocommerce_loop_add_to_cart_link_describedby_810\" data-quantity=\"1\" class=\"button product_type_simple add_to_cart_button ajax_add_to_cart\" data-product_id=\"810\" data-product_sku=\"\" aria-label=\"Dodaj do koszyka: \u201eCloud 9 Liquid K2 Spray\u201d\" rel=\"nofollow\" data-success_message=\"\u201cCloud 9 Liquid K2 Spray\u201d zosta\u0142 dodany do twojego koszyka\" data-no-translation=\"\" data-trp-gettext=\"\" data-no-translation-aria-label=\"\" data-no-translation-data-success_message=\"\">Dodaj do koszyka<\/a>\t<span id=\"woocommerce_loop_add_to_cart_link_describedby_810\" class=\"screen-reader-text\"><br \/>\n\t\t\t<\/span><\/p>","protected":false},"featured_media":811,"comment_status":"open","ping_status":"closed","template":"","meta":{"_uag_custom_page_level_css":""},"product_brand":[],"product_cat":[124],"product_tag":[125,126,129,132,130,131,127,128],"class_list":{"0":"post-810","1":"product","2":"type-product","3":"status-publish","4":"has-post-thumbnail","6":"product_cat-spice-and-k2","7":"product_tag-buy-cloud-9-liquid-k2-spray-online","8":"product_tag-cloud-9-k2-spray-for-sale","9":"product_tag-cloud-9-liquid-k2-spray","10":"product_tag-k2-herbal-incense","11":"product_tag-k2-spice-spray-online","12":"product_tag-k2-spray-on-paper","13":"product_tag-strongest-k2-spice-spray","14":"product_tag-where-to-buy-cloud-9-k2-spray","16":"first","17":"instock","18":"sale","19":"shipping-taxable","20":"purchasable","21":"product-type-simple"},"yoast_head":"<!-- This site is optimized with the Yoast SEO plugin v27.1.1 - https:\/\/yoast.com\/product\/yoast-seo-wordpress\/ -->\n<title>Buy Cloud 9 Liquid K2 Spray for sale Online \u2013 Buy K2 Spice Spray<\/title>\n<meta name=\"description\" content=\"Purchase Cloud 9 Liquid K2 Spray online at FRCSResearch. Experience the smooth, potent effects of this top-rated K2 spice spray.\" \/>\n<meta name=\"robots\" content=\"index, follow, max-snippet:-1, max-image-preview:large, max-video-preview:-1\" \/>\n<link rel=\"canonical\" href=\"https:\/\/frcs-research.com\/pl\/product\/kup-cloud-9-liquid-k2\/\" \/>\n<meta property=\"og:locale\" content=\"pl_PL\" \/>\n<meta property=\"og:type\" content=\"article\" \/>\n<meta property=\"og:title\" content=\"Buy Cloud 9 Liquid K2 Spray for sale Online \u2013 Buy K2 Spice Spray\" \/>\n<meta property=\"og:description\" content=\"Purchase Cloud 9 Liquid K2 Spray online at FRCSResearch. Experience the smooth, potent effects of this top-rated K2 spice spray.\" \/>\n<meta property=\"og:url\" content=\"https:\/\/frcs-research.com\/pl\/product\/kup-cloud-9-liquid-k2\/\" \/>\n<meta property=\"og:site_name\" content=\"wholesale supplier of research chemicals, 4mmc, 3mmc, MDPHP, Alpha PVP and more\" \/>\n<meta property=\"article:modified_time\" content=\"2026-04-05T09:42:21+00:00\" \/>\n<meta property=\"og:image\" content=\"https:\/\/frcs-research.com\/wp-content\/uploads\/2024\/10\/Magical-quick-dry-200ml-potion-gallery_2_1.webp\" \/>\n\t<meta property=\"og:image:width\" content=\"900\" \/>\n\t<meta property=\"og:image:height\" content=\"1000\" \/>\n\t<meta property=\"og:image:type\" content=\"image\/webp\" \/>\n<meta name=\"twitter:card\" content=\"summary_large_image\" \/>\n<meta name=\"twitter:label1\" content=\"Cena\" \/>\n\t<meta name=\"twitter:data1\" content=\"&euro;250.00\" \/>\n\t<meta name=\"twitter:label2\" content=\"Dost\u0119pno\u015b\u0107\" \/>\n\t<meta name=\"twitter:data2\" content=\"Dost\u0119pny\" \/>\n<script type=\"application\/ld+json\" class=\"yoast-schema-graph\">{\"@context\":\"https:\/\/schema.org\",\"@graph\":[{\"@type\":[\"WebPage\",\"ItemPage\"],\"@id\":\"https:\/\/frcs-research.com\/product\/buy-cloud-9-liquid-k2\/\",\"url\":\"https:\/\/frcs-research.com\/product\/buy-cloud-9-liquid-k2\/\",\"name\":\"Buy Cloud 9 Liquid K2 Spray for sale Online \u2013 Buy K2 Spice Spray\",\"isPartOf\":{\"@id\":\"https:\/\/frcs-research.com\/#website\"},\"primaryImageOfPage\":{\"@id\":\"https:\/\/frcs-research.com\/product\/buy-cloud-9-liquid-k2\/#primaryimage\"},\"image\":{\"@id\":\"https:\/\/frcs-research.com\/product\/buy-cloud-9-liquid-k2\/#primaryimage\"},\"thumbnailUrl\":\"https:\/\/frcs-research.com\/wp-content\/uploads\/2024\/10\/Magical-quick-dry-200ml-potion-gallery_2_1.webp\",\"datePublished\":\"2024-10-13T10:00:39+00:00\",\"dateModified\":\"2026-04-05T09:42:21+00:00\",\"description\":\"Purchase Cloud 9 Liquid K2 Spray online at FRCSResearch. Experience the smooth, potent effects of this top-rated K2 spice spray.\",\"breadcrumb\":{\"@id\":\"https:\/\/frcs-research.com\/product\/buy-cloud-9-liquid-k2\/#breadcrumb\"},\"inLanguage\":\"pl-PL\",\"potentialAction\":[{\"@type\":\"ReadAction\",\"target\":[\"https:\/\/frcs-research.com\/product\/buy-cloud-9-liquid-k2\/\"]}]},{\"@type\":\"ImageObject\",\"inLanguage\":\"pl-PL\",\"@id\":\"https:\/\/frcs-research.com\/product\/buy-cloud-9-liquid-k2\/#primaryimage\",\"url\":\"https:\/\/frcs-research.com\/wp-content\/uploads\/2024\/10\/Magical-quick-dry-200ml-potion-gallery_2_1.webp\",\"contentUrl\":\"https:\/\/frcs-research.com\/wp-content\/uploads\/2024\/10\/Magical-quick-dry-200ml-potion-gallery_2_1.webp\",\"width\":900,\"height\":1000,\"caption\":\"Cloud 9 Liquid K2 Spray\"},{\"@type\":\"BreadcrumbList\",\"@id\":\"https:\/\/frcs-research.com\/product\/buy-cloud-9-liquid-k2\/#breadcrumb\",\"itemListElement\":[{\"@type\":\"ListItem\",\"position\":1,\"name\":\"Home\",\"item\":\"https:\/\/frcs-research.com\/\"},{\"@type\":\"ListItem\",\"position\":2,\"name\":\"Shop\",\"item\":\"https:\/\/frcs-research.com\/shop\/\"},{\"@type\":\"ListItem\",\"position\":3,\"name\":\"Cloud 9 Liquid K2 Spray\"}]},{\"@type\":\"WebSite\",\"@id\":\"https:\/\/frcs-research.com\/#website\",\"url\":\"https:\/\/frcs-research.com\/\",\"name\":\"wholesale supplier of research chemicals, 4mmc, 3mmc, MDPHP, Alpha PVP and more\",\"description\":\"Wholesale research chemicals\",\"potentialAction\":[{\"@type\":\"SearchAction\",\"target\":{\"@type\":\"EntryPoint\",\"urlTemplate\":\"https:\/\/frcs-research.com\/?s={search_term_string}\"},\"query-input\":{\"@type\":\"PropertyValueSpecification\",\"valueRequired\":true,\"valueName\":\"search_term_string\"}}],\"inLanguage\":\"pl-PL\"}]}<\/script>\n<meta property=\"product:price:amount\" content=\"250.00\" \/>\n<meta property=\"product:price:currency\" content=\"EUR\" \/>\n<meta property=\"og:availability\" content=\"instock\" \/>\n<meta property=\"product:availability\" content=\"instock\" \/>\n<meta property=\"product:condition\" content=\"new\" \/>\n<!-- \/ Yoast SEO plugin. -->","yoast_head_json":{"title":"Kup Cloud 9 Liquid K2 Spray na sprzeda\u017c online \u2013 Kup K2 Spice Spray","description":"Kup Cloud 9 Liquid K2 Spray online w FRCSResearch. Przekonaj si\u0119 o \u0142agodnych, silnych efektach tego wysoko ocenianego sprayu K2 Spice.","robots":{"index":"index","follow":"follow","max-snippet":"max-snippet:-1","max-image-preview":"max-image-preview:large","max-video-preview":"max-video-preview:-1"},"canonical":"https:\/\/frcs-research.com\/pl\/product\/kup-cloud-9-liquid-k2\/","og_locale":"pl_PL","og_type":"article","og_title":"Buy Cloud 9 Liquid K2 Spray for sale Online \u2013 Buy K2 Spice Spray","og_description":"Purchase Cloud 9 Liquid K2 Spray online at FRCSResearch. Experience the smooth, potent effects of this top-rated K2 spice spray.","og_url":"https:\/\/frcs-research.com\/pl\/product\/kup-cloud-9-liquid-k2\/","og_site_name":"wholesale supplier of research chemicals, 4mmc, 3mmc, MDPHP, Alpha PVP and more","article_modified_time":"2026-04-05T09:42:21+00:00","og_image":[{"width":900,"height":1000,"url":"https:\/\/frcs-research.com\/wp-content\/uploads\/2024\/10\/Magical-quick-dry-200ml-potion-gallery_2_1.webp","type":"image\/webp"}],"twitter_card":"summary_large_image","twitter_misc":{"Cena":"&euro;250.00","Dost\u0119pno\u015b\u0107":"Dost\u0119pny"},"schema":{"@context":"https:\/\/schema.org","@graph":[{"@type":["WebPage","ItemPage"],"@id":"https:\/\/frcs-research.com\/product\/buy-cloud-9-liquid-k2\/","url":"https:\/\/frcs-research.com\/product\/buy-cloud-9-liquid-k2\/","name":"Kup Cloud 9 Liquid K2 Spray na sprzeda\u017c online \u2013 Kup K2 Spice Spray","isPartOf":{"@id":"https:\/\/frcs-research.com\/#website"},"primaryImageOfPage":{"@id":"https:\/\/frcs-research.com\/product\/buy-cloud-9-liquid-k2\/#primaryimage"},"image":{"@id":"https:\/\/frcs-research.com\/product\/buy-cloud-9-liquid-k2\/#primaryimage"},"thumbnailUrl":"https:\/\/frcs-research.com\/wp-content\/uploads\/2024\/10\/Magical-quick-dry-200ml-potion-gallery_2_1.webp","datePublished":"2024-10-13T10:00:39+00:00","dateModified":"2026-04-05T09:42:21+00:00","description":"Kup Cloud 9 Liquid K2 Spray online w FRCSResearch. Przekonaj si\u0119 o \u0142agodnych, silnych efektach tego wysoko ocenianego sprayu K2 Spice.","breadcrumb":{"@id":"https:\/\/frcs-research.com\/product\/buy-cloud-9-liquid-k2\/#breadcrumb"},"inLanguage":"pl-PL","potentialAction":[{"@type":"ReadAction","target":["https:\/\/frcs-research.com\/product\/buy-cloud-9-liquid-k2\/"]}]},{"@type":"ImageObject","inLanguage":"pl-PL","@id":"https:\/\/frcs-research.com\/product\/buy-cloud-9-liquid-k2\/#primaryimage","url":"https:\/\/frcs-research.com\/wp-content\/uploads\/2024\/10\/Magical-quick-dry-200ml-potion-gallery_2_1.webp","contentUrl":"https:\/\/frcs-research.com\/wp-content\/uploads\/2024\/10\/Magical-quick-dry-200ml-potion-gallery_2_1.webp","width":900,"height":1000,"caption":"Cloud 9 Liquid K2 Spray"},{"@type":"BreadcrumbList","@id":"https:\/\/frcs-research.com\/product\/buy-cloud-9-liquid-k2\/#breadcrumb","itemListElement":[{"@type":"ListItem","position":1,"name":"Home","item":"https:\/\/frcs-research.com\/"},{"@type":"ListItem","position":2,"name":"Shop","item":"https:\/\/frcs-research.com\/shop\/"},{"@type":"ListItem","position":3,"name":"Cloud 9 Liquid K2 Spray"}]},{"@type":"WebSite","@id":"https:\/\/frcs-research.com\/#website","url":"https:\/\/frcs-research.com\/","name":"hurtowy dostawca chemikali\u00f3w badawczych, 4mmc, 3mmc, MDPHP, Alpha PVP i innych","description":"Hurtowa sprzeda\u017c chemikali\u00f3w badawczych","potentialAction":[{"@type":"SearchAction","target":{"@type":"EntryPoint","urlTemplate":"https:\/\/frcs-research.com\/?s={search_term_string}"},"query-input":{"@type":"PropertyValueSpecification","valueRequired":true,"valueName":"search_term_string"}}],"inLanguage":"pl-PL"}]},"product_price_amount":"250.00","product_price_currency":"EUR","og_availability":"instock","product_availability":"instock","product_condition":"new"},"uagb_featured_image_src":{"full":["https:\/\/frcs-research.com\/wp-content\/uploads\/2024\/10\/Magical-quick-dry-200ml-potion-gallery_2_1.webp",900,1000,false],"thumbnail":["https:\/\/frcs-research.com\/wp-content\/uploads\/2024\/10\/Magical-quick-dry-200ml-potion-gallery_2_1-150x150.webp",150,150,true],"medium":["https:\/\/frcs-research.com\/wp-content\/uploads\/2024\/10\/Magical-quick-dry-200ml-potion-gallery_2_1-270x300.webp",270,300,true],"medium_large":["https:\/\/frcs-research.com\/wp-content\/uploads\/2024\/10\/Magical-quick-dry-200ml-potion-gallery_2_1-768x853.webp",768,853,true],"large":["https:\/\/frcs-research.com\/wp-content\/uploads\/2024\/10\/Magical-quick-dry-200ml-potion-gallery_2_1.webp",900,1000,false],"1536x1536":["https:\/\/frcs-research.com\/wp-content\/uploads\/2024\/10\/Magical-quick-dry-200ml-potion-gallery_2_1.webp",900,1000,false],"2048x2048":["https:\/\/frcs-research.com\/wp-content\/uploads\/2024\/10\/Magical-quick-dry-200ml-potion-gallery_2_1.webp",900,1000,false],"trp-custom-language-flag":["https:\/\/frcs-research.com\/wp-content\/uploads\/2024\/10\/Magical-quick-dry-200ml-potion-gallery_2_1.webp",11,12,false],"post-thumbnail":["https:\/\/frcs-research.com\/wp-content\/uploads\/2024\/10\/Magical-quick-dry-200ml-potion-gallery_2_1.webp",558,620,false],"elite-commerce-slider":["https:\/\/frcs-research.com\/wp-content\/uploads\/2024\/10\/Magical-quick-dry-200ml-potion-gallery_2_1.webp",900,1000,false],"elite-commerce-hero":["https:\/\/frcs-research.com\/wp-content\/uploads\/2024\/10\/Magical-quick-dry-200ml-potion-gallery_2_1.webp",585,650,false],"elite-commerce-portfolio":["https:\/\/frcs-research.com\/wp-content\/uploads\/2024\/10\/Magical-quick-dry-200ml-potion-gallery_2_1.webp",400,444,false],"woocommerce_thumbnail":["https:\/\/frcs-research.com\/wp-content\/uploads\/2024\/10\/Magical-quick-dry-200ml-potion-gallery_2_1-300x300.webp",300,300,true],"woocommerce_single":["https:\/\/frcs-research.com\/wp-content\/uploads\/2024\/10\/Magical-quick-dry-200ml-potion-gallery_2_1-600x667.webp",600,667,true],"woocommerce_gallery_thumbnail":["https:\/\/frcs-research.com\/wp-content\/uploads\/2024\/10\/Magical-quick-dry-200ml-potion-gallery_2_1-100x100.webp",100,100,true]},"uagb_author_info":{"display_name":"Richard Wood","author_link":"https:\/\/frcs-research.com\/pl\/author\/"},"uagb_comment_info":735,"uagb_excerpt":"Buy Cloud 9 Liquid K2 Spray Online \u2013 Premium K2 Spice Spray for Sale at FRCSResearch Looking for a smooth and powerful K2 experience? Cloud 9 Liquid K2 Spray is&hellip;&euro;270.00 Oryginalna cena wynosi\u0142a: &euro;270.00.&euro;250.00Aktualna cena wynosi: &euro;250.00.Dodaj do koszyka","_links":{"self":[{"href":"https:\/\/frcs-research.com\/pl\/wp-json\/wp\/v2\/product\/810","targetHints":{"allow":["GET"]}}],"collection":[{"href":"https:\/\/frcs-research.com\/pl\/wp-json\/wp\/v2\/product"}],"about":[{"href":"https:\/\/frcs-research.com\/pl\/wp-json\/wp\/v2\/types\/product"}],"replies":[{"embeddable":true,"href":"https:\/\/frcs-research.com\/pl\/wp-json\/wp\/v2\/comments?post=810"}],"wp:featuredmedia":[{"embeddable":true,"href":"https:\/\/frcs-research.com\/pl\/wp-json\/wp\/v2\/media\/811"}],"wp:attachment":[{"href":"https:\/\/frcs-research.com\/pl\/wp-json\/wp\/v2\/media?parent=810"}],"wp:term":[{"taxonomy":"product_brand","embeddable":true,"href":"https:\/\/frcs-research.com\/pl\/wp-json\/wp\/v2\/product_brand?post=810"},{"taxonomy":"product_cat","embeddable":true,"href":"https:\/\/frcs-research.com\/pl\/wp-json\/wp\/v2\/product_cat?post=810"},{"taxonomy":"product_tag","embeddable":true,"href":"https:\/\/frcs-research.com\/pl\/wp-json\/wp\/v2\/product_tag?post=810"}],"curies":[{"name":"wp","href":"https:\/\/api.w.org\/{rel}","templated":true}]}}