{"id":814,"date":"2024-10-13T10:16:09","date_gmt":"2024-10-13T10:16:09","guid":{"rendered":"https:\/\/frcs-research.com\/?post_type=product&#038;p=814"},"modified":"2026-04-04T06:53:05","modified_gmt":"2026-04-04T06:53:05","slug":"kup-papier-k2","status":"publish","type":"product","link":"https:\/\/frcs-research.com\/pl\/product\/kup-papier-k2\/","title":{"rendered":"K2 Paper 1sheet"},"content":{"rendered":"<h1><strong>Witamy w FRCSResearch \u2013 Twoim zaufanym \u017ar\u00f3dle najsilniejszych produkt\u00f3w K2<\/strong><\/h1>\n<p>Na <strong>FRCSRadania<\/strong>, specjalizujemy si\u0119 w dostarczaniu <strong>najmocniejszy spray K2 na papierze<\/strong> i inne wysokiej jako\u015bci produkty K2. Niezale\u017cnie od tego, czy chcesz ulepszy\u0107 swoje do\u015bwiadczenie z <strong>Papier nas\u0105czony K2<\/strong> lub poszukuj\u0105c <strong>najsilniejszy spray K2 na sprzeda\u017c<\/strong>, mamy dla Ciebie wszystko. Nasz\u0105 misj\u0105 jest dostarczanie wyj\u0105tkowych produkt\u00f3w w przyst\u0119pnych cenach, przy jednoczesnym zapewnieniu najwy\u017cszych standard\u00f3w jako\u015bci i bezpiecze\u0144stwa.<\/p>\n<hr \/>\n<h3>Odkryj najsilniejszy spray K2 dost\u0119pny w sprzeda\u017cy<\/h3>\n<p>Szukam <strong>najsilniejszy spray K2 na sprzeda\u017c<\/strong>? Trafi\u0142e\u015b we w\u0142a\u015bciwe miejsce! Nasz wyb\u00f3r obejmuje r\u00f3\u017cne wysokoenergetyczne <a href=\"https:\/\/frcs-research.com\/pl\/product-category\/syntetyczne-kannabinoidy\/przyprawy-i-k2\/\">K2 w sprayu<\/a> zaprojektowane, aby zapewni\u0107 intensywne i d\u0142ugotrwa\u0142e do\u015bwiadczenie. Oto dlaczego powiniene\u015b wybra\u0107 <strong>FRCSRadania<\/strong> dla Twoich potrzeb K2:<\/p>\n<ul>\n<li><strong>Najwy\u017cszej jako\u015bci spraye K2<\/strong>: Nasze spraye s\u0105 formu\u0142ami zapewniaj\u0105cymi silne efekty, dzi\u0119ki czemu mo\u017cesz w pe\u0142ni wykorzysta\u0107 potencja\u0142 swojego zakupu.<\/li>\n<li><strong>Wszechstronne opcje<\/strong>:U\u017cywaj naszych spray\u00f3w K2 <strong>Papier nas\u0105czony K2<\/strong> dla wi\u0119kszej wygody i skuteczno\u015bci.<\/li>\n<\/ul>\n<hr \/>\n<h3>Odkryj nasz papier nasycony K2 na sprzeda\u017c<\/h3>\n<p>Oferujemy r\u00f3\u017cnorodne <strong>Papier nas\u0105czony K2 na sprzeda\u017c<\/strong>, zaprojektowane, aby zmaksymalizowa\u0107 Twoje do\u015bwiadczenie K2. Nasz papier jest idealny dla tych, kt\u00f3rzy chc\u0105 dyskretnie i \u0142atwo cieszy\u0107 si\u0119 K2. Oto, czego mo\u017cesz si\u0119 spodziewa\u0107, robi\u0105c u nas zakupy:<\/p>\n<ul>\n<li><strong>Tani papier nas\u0105czony K2<\/strong>:Jako\u015b\u0107 nie musi kosztowa\u0107 maj\u0105tku. Oferujemy konkurencyjne ceny <strong>Papier nas\u0105czony K2<\/strong>, czyni\u0105c go dost\u0119pnym dla ka\u017cdego.<\/li>\n<li><strong>Najmocniejszy dost\u0119pny papier K2<\/strong>:Nasz papier nas\u0105czony K2 zosta\u0142 zaprojektowany tak, aby zapewnia\u0107 najsilniejsze efekty, gwarantuj\u0105c Ci mocne i przyjemne doznania.<\/li>\n<\/ul>\n<hr \/>\n<h3>Gdzie kupi\u0107 papier K2<\/h3>\n<p>Je\u015bli si\u0119 zastanawiasz <strong>gdzie kupi\u0107 papier K2<\/strong>, nie szukaj dalej! <strong>FRCSRadania<\/strong> zapewnia proste zakupy z szerok\u0105 gam\u0105 produkt\u00f3w K2:<\/p>\n<ul>\n<li><strong>Papier wi\u0119zienny K2<\/strong>:Oferujemy wyj\u0105tkow\u0105 mo\u017cliwo\u015b\u0107 <strong>kup papier wi\u0119zienny K2 online<\/strong>, idealny dla tych, kt\u00f3rzy szukaj\u0105 konkretnych przypadk\u00f3w u\u017cycia. Nasz papier wi\u0119zienny jest zaprojektowany do \u0142atwego stosowania i efektywnego wykorzystania.<\/li>\n<li><strong>K2 Spice Gdzie kupi\u0107<\/strong>: Nasza strona internetowa to Tw\u00f3j kompleksowy sklep z wszystkimi rzeczami zwi\u0105zanymi z K2. Niezale\u017cnie od tego, czy potrzebujesz spray\u00f3w, nas\u0105czonych papierk\u00f3w czy innych produkt\u00f3w K2, mo\u017cesz znale\u017a\u0107 je wszystkie w jednym wygodnym miejscu.<\/li>\n<\/ul>\n<hr \/>\n<h3>Dlaczego warto wybra\u0107 FRCSResearch?<\/h3>\n<p>Na <strong>FRCSRadania<\/strong>, jeste\u015bmy oddani dostarczaniu najlepszych produkt\u00f3w K2 na rynku. Oto dlaczego powiniene\u015b robi\u0107 zakupy u nas:<\/p>\n<ul>\n<li><strong>Zapewnienie jako\u015bci<\/strong>:Wszystkie nasze produkty s\u0105 testowane pod k\u0105tem bezpiecze\u0144stwa i skuteczno\u015bci, dzi\u0119ki czemu masz pewno\u015b\u0107, \u017ce otrzymasz tylko to, co najlepsze.<\/li>\n<li><strong>Dyskretna wysy\u0142ka<\/strong>: Cenimy Twoj\u0105 prywatno\u015b\u0107. Wszystkie zam\u00f3wienia s\u0105 wysy\u0142ane dyskretnie, zapewniaj\u0105c poufno\u015b\u0107.<\/li>\n<li><strong>Satysfakcja Klienta<\/strong>: Naszym najwy\u017cszym priorytetem jest Twoja satysfakcja. Staramy si\u0119 zapewni\u0107 wyj\u0105tkowe wra\u017cenia zakupowe.<\/li>\n<\/ul>\n<hr \/>\n<h3>Kup najsilniejsze produkty z witamin\u0105 K2 ju\u017c dzi\u015b!<\/h3>\n<p>Gotowy na podniesienie poziomu swoich do\u015bwiadcze\u0144? <strong>Kup papier K2 i najsilniejsze spraye K2<\/strong> z <strong>FRCSRadania<\/strong> ju\u017c dzi\u015b! Dzi\u0119ki naszemu szerokiemu wyborowi, konkurencyjnym cenom i zaanga\u017cowaniu w jako\u015b\u0107 znajdziesz wszystko, czego potrzebujesz do najlepszego do\u015bwiadczenia K2. Nie czekaj \u2014 zam\u00f3w teraz i odkryj najlepsze produkty K2!<\/p>\n<hr \/>\n<p><strong>S\u0142owa kluczowe Zintegrowane<\/strong>:<\/p>\n<ul>\n<li>Najmocniejszy spray K2 na papierze,<\/li>\n<li>Najmocniejszy spray K2 na sprzeda\u017c,<\/li>\n<li>Sprzedam papier nas\u0105czony K2,<\/li>\n<li>Tani papier nas\u0105czony K2,<\/li>\n<li>Gdzie kupi\u0107 papier K2,<\/li>\n<li>Najmocniejszy papier K2,<\/li>\n<li>Kup papier wi\u0119zienny K2 online,<\/li>\n<\/ul>","protected":false},"excerpt":{"rendered":"<p>Welcome to FRCSResearch \u2013 Your Trusted Source for the Strongest K2 Products At FRCSResearch, we specialize in providing the strongest K2 spray on paper and other high-quality K2 products. Whether&hellip;<\/p>\n<p class=\"product woocommerce add_to_cart_inline\" style=\"border:4px solid #ccc; padding: 12px;\"><del aria-hidden=\"true\"><span class=\"woocommerce-Price-amount amount\"><bdi><span class=\"woocommerce-Price-currencySymbol\">&euro;<\/span>130.00<\/bdi><\/span><\/del> <span class=\"screen-reader-text\" data-no-translation=\"\" data-trp-gettext=\"\">Oryginalna cena wynosi\u0142a: &euro;130.00.<\/span><ins aria-hidden=\"true\"><span class=\"woocommerce-Price-amount amount\"><bdi><span class=\"woocommerce-Price-currencySymbol\">&euro;<\/span>120.00<\/bdi><\/span><\/ins><span class=\"screen-reader-text\" data-no-translation=\"\" data-trp-gettext=\"\">Aktualna cena wynosi: &euro;120.00.<\/span><a href=\"\/pl\/wp-json\/wp\/v2\/product\/814?add-to-cart=814\" aria-describedby=\"woocommerce_loop_add_to_cart_link_describedby_814\" data-quantity=\"1\" class=\"button product_type_simple add_to_cart_button ajax_add_to_cart\" data-product_id=\"814\" data-product_sku=\"\" aria-label=\"Dodaj do koszyka: \u201eK2 Paper 1sheet\u201d\" rel=\"nofollow\" data-success_message=\"\u201cK2 Paper 1sheet\u201d zosta\u0142 dodany do twojego koszyka\" data-no-translation=\"\" data-trp-gettext=\"\" data-no-translation-aria-label=\"\" data-no-translation-data-success_message=\"\">Dodaj do koszyka<\/a>\t<span id=\"woocommerce_loop_add_to_cart_link_describedby_814\" class=\"screen-reader-text\"><br \/>\n\t\t\t<\/span><\/p>","protected":false},"featured_media":816,"comment_status":"open","ping_status":"closed","template":"","meta":{"_uag_custom_page_level_css":""},"product_brand":[],"product_cat":[124],"product_tag":[139,136,135,138,134,133,137],"class_list":{"0":"post-814","1":"product","2":"type-product","3":"status-publish","4":"has-post-thumbnail","6":"product_cat-spice-and-k2","7":"product_tag-buy-k2-jail-paper-online","8":"product_tag-cheap-k2-infused-paper","9":"product_tag-k2-infused-paper-for-sale","10":"product_tag-strongest-k2-paper","11":"product_tag-strongest-k2-spray-for-sale","12":"product_tag-strongest-k2-spray-on-paper","13":"product_tag-where-to-buy-k2-paper","15":"first","16":"instock","17":"sale","18":"shipping-taxable","19":"purchasable","20":"product-type-simple"},"yoast_head":"<!-- This site is optimized with the Yoast SEO plugin v27.1.1 - https:\/\/yoast.com\/product\/yoast-seo-wordpress\/ -->\n<title>Where to buy K2 paper, Strongest K2 Spray<\/title>\n<meta name=\"description\" content=\"Buy k2 paper and K2-infused paper for sale at FRCSResearch. Enjoy affordable prices on high-quality K2 products, including cheap K2 infused paper and K2 jail paper.\" \/>\n<meta name=\"robots\" content=\"index, follow, max-snippet:-1, max-image-preview:large, max-video-preview:-1\" \/>\n<link rel=\"canonical\" href=\"https:\/\/frcs-research.com\/pl\/product\/kup-papier-k2\/\" \/>\n<meta property=\"og:locale\" content=\"pl_PL\" \/>\n<meta property=\"og:type\" content=\"article\" \/>\n<meta property=\"og:title\" content=\"Where to buy K2 paper, Strongest K2 Spray\" \/>\n<meta property=\"og:description\" content=\"Buy k2 paper and K2-infused paper for sale at FRCSResearch. Enjoy affordable prices on high-quality K2 products, including cheap K2 infused paper and K2 jail paper.\" \/>\n<meta property=\"og:url\" content=\"https:\/\/frcs-research.com\/pl\/product\/kup-papier-k2\/\" \/>\n<meta property=\"og:site_name\" content=\"wholesale supplier of research chemicals, 4mmc, 3mmc, MDPHP, Alpha PVP and more\" \/>\n<meta property=\"article:modified_time\" content=\"2026-04-04T06:53:05+00:00\" \/>\n<meta property=\"og:image\" content=\"https:\/\/frcs-research.com\/wp-content\/uploads\/2024\/10\/225407533669842a25f6c2922768036.jpg\" \/>\n\t<meta property=\"og:image:width\" content=\"614\" \/>\n\t<meta property=\"og:image:height\" content=\"768\" \/>\n\t<meta property=\"og:image:type\" content=\"image\/jpeg\" \/>\n<meta name=\"twitter:card\" content=\"summary_large_image\" \/>\n<meta name=\"twitter:label1\" content=\"Cena\" \/>\n\t<meta name=\"twitter:data1\" content=\"&euro;120.00\" \/>\n\t<meta name=\"twitter:label2\" content=\"Dost\u0119pno\u015b\u0107\" \/>\n\t<meta name=\"twitter:data2\" content=\"Dost\u0119pny\" \/>\n<script type=\"application\/ld+json\" class=\"yoast-schema-graph\">{\"@context\":\"https:\/\/schema.org\",\"@graph\":[{\"@type\":[\"WebPage\",\"ItemPage\"],\"@id\":\"https:\/\/frcs-research.com\/product\/buy-k2-paper\/\",\"url\":\"https:\/\/frcs-research.com\/product\/buy-k2-paper\/\",\"name\":\"Where to buy K2 paper, Strongest K2 Spray\",\"isPartOf\":{\"@id\":\"https:\/\/frcs-research.com\/#website\"},\"primaryImageOfPage\":{\"@id\":\"https:\/\/frcs-research.com\/product\/buy-k2-paper\/#primaryimage\"},\"image\":{\"@id\":\"https:\/\/frcs-research.com\/product\/buy-k2-paper\/#primaryimage\"},\"thumbnailUrl\":\"https:\/\/frcs-research.com\/wp-content\/uploads\/2024\/10\/225407533669842a25f6c2922768036.jpg\",\"datePublished\":\"2024-10-13T10:16:09+00:00\",\"dateModified\":\"2026-04-04T06:53:05+00:00\",\"description\":\"Buy k2 paper and K2-infused paper for sale at FRCSResearch. Enjoy affordable prices on high-quality K2 products, including cheap K2 infused paper and K2 jail paper.\",\"breadcrumb\":{\"@id\":\"https:\/\/frcs-research.com\/product\/buy-k2-paper\/#breadcrumb\"},\"inLanguage\":\"pl-PL\",\"potentialAction\":[{\"@type\":\"ReadAction\",\"target\":[\"https:\/\/frcs-research.com\/product\/buy-k2-paper\/\"]}]},{\"@type\":\"ImageObject\",\"inLanguage\":\"pl-PL\",\"@id\":\"https:\/\/frcs-research.com\/product\/buy-k2-paper\/#primaryimage\",\"url\":\"https:\/\/frcs-research.com\/wp-content\/uploads\/2024\/10\/225407533669842a25f6c2922768036.jpg\",\"contentUrl\":\"https:\/\/frcs-research.com\/wp-content\/uploads\/2024\/10\/225407533669842a25f6c2922768036.jpg\",\"width\":614,\"height\":768},{\"@type\":\"BreadcrumbList\",\"@id\":\"https:\/\/frcs-research.com\/product\/buy-k2-paper\/#breadcrumb\",\"itemListElement\":[{\"@type\":\"ListItem\",\"position\":1,\"name\":\"Home\",\"item\":\"https:\/\/frcs-research.com\/\"},{\"@type\":\"ListItem\",\"position\":2,\"name\":\"Shop\",\"item\":\"https:\/\/frcs-research.com\/shop\/\"},{\"@type\":\"ListItem\",\"position\":3,\"name\":\"K2 Paper 1sheet\"}]},{\"@type\":\"WebSite\",\"@id\":\"https:\/\/frcs-research.com\/#website\",\"url\":\"https:\/\/frcs-research.com\/\",\"name\":\"wholesale supplier of research chemicals, 4mmc, 3mmc, MDPHP, Alpha PVP and more\",\"description\":\"Wholesale research chemicals\",\"potentialAction\":[{\"@type\":\"SearchAction\",\"target\":{\"@type\":\"EntryPoint\",\"urlTemplate\":\"https:\/\/frcs-research.com\/?s={search_term_string}\"},\"query-input\":{\"@type\":\"PropertyValueSpecification\",\"valueRequired\":true,\"valueName\":\"search_term_string\"}}],\"inLanguage\":\"pl-PL\"}]}<\/script>\n<meta property=\"product:price:amount\" content=\"120.00\" \/>\n<meta property=\"product:price:currency\" content=\"EUR\" \/>\n<meta property=\"og:availability\" content=\"instock\" \/>\n<meta property=\"product:availability\" content=\"instock\" \/>\n<meta property=\"product:condition\" content=\"new\" \/>\n<!-- \/ Yoast SEO plugin. -->","yoast_head_json":{"title":"Gdzie kupi\u0107 papier K2, Najmocniejszy spray K2","description":"Kup papier K2 i papier nas\u0105czony K2 na sprzeda\u017c w FRCSResearch. Ciesz si\u0119 przyst\u0119pnymi cenami wysokiej jako\u015bci produkt\u00f3w K2, w tym taniego papieru nas\u0105czonego K2 i papieru wi\u0119ziennego K2.","robots":{"index":"index","follow":"follow","max-snippet":"max-snippet:-1","max-image-preview":"max-image-preview:large","max-video-preview":"max-video-preview:-1"},"canonical":"https:\/\/frcs-research.com\/pl\/product\/kup-papier-k2\/","og_locale":"pl_PL","og_type":"article","og_title":"Where to buy K2 paper, Strongest K2 Spray","og_description":"Buy k2 paper and K2-infused paper for sale at FRCSResearch. Enjoy affordable prices on high-quality K2 products, including cheap K2 infused paper and K2 jail paper.","og_url":"https:\/\/frcs-research.com\/pl\/product\/kup-papier-k2\/","og_site_name":"wholesale supplier of research chemicals, 4mmc, 3mmc, MDPHP, Alpha PVP and more","article_modified_time":"2026-04-04T06:53:05+00:00","og_image":[{"width":614,"height":768,"url":"https:\/\/frcs-research.com\/wp-content\/uploads\/2024\/10\/225407533669842a25f6c2922768036.jpg","type":"image\/jpeg"}],"twitter_card":"summary_large_image","twitter_misc":{"Cena":"&euro;120.00","Dost\u0119pno\u015b\u0107":"Dost\u0119pny"},"schema":{"@context":"https:\/\/schema.org","@graph":[{"@type":["WebPage","ItemPage"],"@id":"https:\/\/frcs-research.com\/product\/buy-k2-paper\/","url":"https:\/\/frcs-research.com\/product\/buy-k2-paper\/","name":"Gdzie kupi\u0107 papier K2, Najmocniejszy spray K2","isPartOf":{"@id":"https:\/\/frcs-research.com\/#website"},"primaryImageOfPage":{"@id":"https:\/\/frcs-research.com\/product\/buy-k2-paper\/#primaryimage"},"image":{"@id":"https:\/\/frcs-research.com\/product\/buy-k2-paper\/#primaryimage"},"thumbnailUrl":"https:\/\/frcs-research.com\/wp-content\/uploads\/2024\/10\/225407533669842a25f6c2922768036.jpg","datePublished":"2024-10-13T10:16:09+00:00","dateModified":"2026-04-04T06:53:05+00:00","description":"Kup papier K2 i papier nas\u0105czony K2 na sprzeda\u017c w FRCSResearch. Ciesz si\u0119 przyst\u0119pnymi cenami wysokiej jako\u015bci produkt\u00f3w K2, w tym taniego papieru nas\u0105czonego K2 i papieru wi\u0119ziennego K2.","breadcrumb":{"@id":"https:\/\/frcs-research.com\/product\/buy-k2-paper\/#breadcrumb"},"inLanguage":"pl-PL","potentialAction":[{"@type":"ReadAction","target":["https:\/\/frcs-research.com\/product\/buy-k2-paper\/"]}]},{"@type":"ImageObject","inLanguage":"pl-PL","@id":"https:\/\/frcs-research.com\/product\/buy-k2-paper\/#primaryimage","url":"https:\/\/frcs-research.com\/wp-content\/uploads\/2024\/10\/225407533669842a25f6c2922768036.jpg","contentUrl":"https:\/\/frcs-research.com\/wp-content\/uploads\/2024\/10\/225407533669842a25f6c2922768036.jpg","width":614,"height":768},{"@type":"BreadcrumbList","@id":"https:\/\/frcs-research.com\/product\/buy-k2-paper\/#breadcrumb","itemListElement":[{"@type":"ListItem","position":1,"name":"Home","item":"https:\/\/frcs-research.com\/"},{"@type":"ListItem","position":2,"name":"Shop","item":"https:\/\/frcs-research.com\/shop\/"},{"@type":"ListItem","position":3,"name":"K2 Paper 1sheet"}]},{"@type":"WebSite","@id":"https:\/\/frcs-research.com\/#website","url":"https:\/\/frcs-research.com\/","name":"hurtowy dostawca chemikali\u00f3w badawczych, 4mmc, 3mmc, MDPHP, Alpha PVP i innych","description":"Hurtowa sprzeda\u017c chemikali\u00f3w badawczych","potentialAction":[{"@type":"SearchAction","target":{"@type":"EntryPoint","urlTemplate":"https:\/\/frcs-research.com\/?s={search_term_string}"},"query-input":{"@type":"PropertyValueSpecification","valueRequired":true,"valueName":"search_term_string"}}],"inLanguage":"pl-PL"}]},"product_price_amount":"120.00","product_price_currency":"EUR","og_availability":"instock","product_availability":"instock","product_condition":"new"},"uagb_featured_image_src":{"full":["https:\/\/frcs-research.com\/wp-content\/uploads\/2024\/10\/225407533669842a25f6c2922768036.jpg",614,768,false],"thumbnail":["https:\/\/frcs-research.com\/wp-content\/uploads\/2024\/10\/225407533669842a25f6c2922768036-150x150.jpg",150,150,true],"medium":["https:\/\/frcs-research.com\/wp-content\/uploads\/2024\/10\/225407533669842a25f6c2922768036-240x300.jpg",240,300,true],"medium_large":["https:\/\/frcs-research.com\/wp-content\/uploads\/2024\/10\/225407533669842a25f6c2922768036.jpg",614,768,false],"large":["https:\/\/frcs-research.com\/wp-content\/uploads\/2024\/10\/225407533669842a25f6c2922768036.jpg",614,768,false],"1536x1536":["https:\/\/frcs-research.com\/wp-content\/uploads\/2024\/10\/225407533669842a25f6c2922768036.jpg",614,768,false],"2048x2048":["https:\/\/frcs-research.com\/wp-content\/uploads\/2024\/10\/225407533669842a25f6c2922768036.jpg",614,768,false],"trp-custom-language-flag":["https:\/\/frcs-research.com\/wp-content\/uploads\/2024\/10\/225407533669842a25f6c2922768036.jpg",10,12,false],"post-thumbnail":["https:\/\/frcs-research.com\/wp-content\/uploads\/2024\/10\/225407533669842a25f6c2922768036.jpg",496,620,false],"elite-commerce-slider":["https:\/\/frcs-research.com\/wp-content\/uploads\/2024\/10\/225407533669842a25f6c2922768036.jpg",614,768,false],"elite-commerce-hero":["https:\/\/frcs-research.com\/wp-content\/uploads\/2024\/10\/225407533669842a25f6c2922768036.jpg",520,650,false],"elite-commerce-portfolio":["https:\/\/frcs-research.com\/wp-content\/uploads\/2024\/10\/225407533669842a25f6c2922768036.jpg",360,450,false],"woocommerce_thumbnail":["https:\/\/frcs-research.com\/wp-content\/uploads\/2024\/10\/225407533669842a25f6c2922768036-300x300.jpg",300,300,true],"woocommerce_single":["https:\/\/frcs-research.com\/wp-content\/uploads\/2024\/10\/225407533669842a25f6c2922768036-600x750.jpg",600,750,true],"woocommerce_gallery_thumbnail":["https:\/\/frcs-research.com\/wp-content\/uploads\/2024\/10\/225407533669842a25f6c2922768036-100x100.jpg",100,100,true]},"uagb_author_info":{"display_name":"Richard Wood","author_link":"https:\/\/frcs-research.com\/pl\/author\/"},"uagb_comment_info":773,"uagb_excerpt":"Welcome to FRCSResearch \u2013 Your Trusted Source for the Strongest K2 Products At FRCSResearch, we specialize in providing the strongest K2 spray on paper and other high-quality K2 products. Whether&hellip;&euro;130.00 Oryginalna cena wynosi\u0142a: &euro;130.00.&euro;120.00Aktualna cena wynosi: &euro;120.00.Dodaj do koszyka","_links":{"self":[{"href":"https:\/\/frcs-research.com\/pl\/wp-json\/wp\/v2\/product\/814","targetHints":{"allow":["GET"]}}],"collection":[{"href":"https:\/\/frcs-research.com\/pl\/wp-json\/wp\/v2\/product"}],"about":[{"href":"https:\/\/frcs-research.com\/pl\/wp-json\/wp\/v2\/types\/product"}],"replies":[{"embeddable":true,"href":"https:\/\/frcs-research.com\/pl\/wp-json\/wp\/v2\/comments?post=814"}],"wp:featuredmedia":[{"embeddable":true,"href":"https:\/\/frcs-research.com\/pl\/wp-json\/wp\/v2\/media\/816"}],"wp:attachment":[{"href":"https:\/\/frcs-research.com\/pl\/wp-json\/wp\/v2\/media?parent=814"}],"wp:term":[{"taxonomy":"product_brand","embeddable":true,"href":"https:\/\/frcs-research.com\/pl\/wp-json\/wp\/v2\/product_brand?post=814"},{"taxonomy":"product_cat","embeddable":true,"href":"https:\/\/frcs-research.com\/pl\/wp-json\/wp\/v2\/product_cat?post=814"},{"taxonomy":"product_tag","embeddable":true,"href":"https:\/\/frcs-research.com\/pl\/wp-json\/wp\/v2\/product_tag?post=814"}],"curies":[{"name":"wp","href":"https:\/\/api.w.org\/{rel}","templated":true}]}}