{"id":817,"date":"2024-10-13T10:30:41","date_gmt":"2024-10-13T10:30:41","guid":{"rendered":"https:\/\/frcs-research.com\/?post_type=product&#038;p=817"},"modified":"2026-04-03T19:52:22","modified_gmt":"2026-04-03T19:52:22","slug":"kup-kadzidlo-ziolowe-k2-online","status":"publish","type":"product","link":"https:\/\/frcs-research.com\/pl\/product\/kup-kadzidlo-ziolowe-k2-online\/","title":{"rendered":"Kadzid\u0142o zio\u0142owe K2"},"content":{"rendered":"<h1><strong>Kup kadzid\u0142o zio\u0142owe K2 online \u2013 poznaj najlepsze mieszanki aromatyczne w FRCSResearch<\/strong><\/h1>\n<p>Czy jeste\u015b gotowy, aby podnie\u015b\u0107 swoje do\u015bwiadczenie relaksu? Nie szukaj dalej ni\u017c <strong>Kadzid\u0142o zio\u0142owe K2<\/strong>! Na <strong>F<a href=\"https:\/\/frcs-research.com\/pl\/\">Badania RCSResearch<\/a><\/strong>, zapewniamy najwy\u017csz\u0105 jako\u015b\u0107 <strong>Kadzid\u0142o zio\u0142owe K2<\/strong> na sprzeda\u017c, pozwalaj\u0105c Ci cieszy\u0107 si\u0119 bogat\u0105, aromatyczn\u0105 mieszank\u0105, kt\u00f3ra poprawia Tw\u00f3j nastr\u00f3j i otoczenie. Nasze produkty K2 s\u0105 tworzone tak, aby zapewni\u0107 maksymaln\u0105 satysfakcj\u0119, niezale\u017cnie od tego, czy odpoczywasz po d\u0142ugim dniu, czy te\u017c tworzysz nastr\u00f3j na specjaln\u0105 okazj\u0119.<\/p>\n<hr \/>\n<h3>Dlaczego warto kupi\u0107 kadzide\u0142ka zio\u0142owe K2?<\/h3>\n<p>Kiedy ty <strong>kup kadzid\u0142o zio\u0142owe K2<\/strong>, wybierasz wszechstronny produkt, kt\u00f3ry \u0142\u0105czy relaks i przyjemno\u015b\u0107. Oto, co wyr\u00f3\u017cnia nasze zio\u0142owe kadzid\u0142o K2:<\/p>\n<ul>\n<li><strong>Bogate mieszanki aromatyczne<\/strong>:Nasze kadzid\u0142o charakteryzuje si\u0119 wyj\u0105tkow\u0105 kombinacj\u0105 sk\u0142adnik\u00f3w zio\u0142owych, kt\u00f3re tworz\u0105 urzekaj\u0105cy aromat, idealny do ka\u017cdego otoczenia.<\/li>\n<li><strong>Pot\u0119\u017cne efekty<\/strong>U\u017cytkownicy uwielbiaj\u0105 relaksuj\u0105ce dzia\u0142anie naszego kadzid\u0142a zio\u0142owego K2, kt\u00f3re pomaga z\u0142agodzi\u0107 stres i zapewnia poczucie spokoju.<\/li>\n<li><strong>Wygodny i \u0142atwy w u\u017cyciu<\/strong>:Wystarczy zapali\u0107 kadzid\u0142o i pozwoli\u0107, aby koj\u0105cy zapach wype\u0142ni\u0142 Twoj\u0105 przestrze\u0144. Idealne miejsce do medytacji, jogi lub nieformalnych spotka\u0144.<\/li>\n<\/ul>\n<hr \/>\n<h3>Jak zam\u00f3wi\u0107 kadzid\u0142o zio\u0142owe K2 online<\/h3>\n<p>Zamawianie <strong>Kadzid\u0142o zio\u0142owe K2<\/strong> z <strong>FRCSRadania<\/strong> jest proste i wygodne. Oto jak mo\u017cesz z\u0142o\u017cy\u0107 zam\u00f3wienie i cieszy\u0107 si\u0119 aromatycznym do\u015bwiadczeniem premium:<\/p>\n<ol>\n<li><strong>Przegl\u0105daj nasz\u0105 ofert\u0119<\/strong>:Odkryj nasz\u0105 szerok\u0105 ofert\u0119 <strong>Kadzid\u0142o zio\u0142owe K2<\/strong> produkt\u00f3w, z kt\u00f3rych ka\u017cdy zosta\u0142 zaprojektowany tak, aby spe\u0142nia\u0107 r\u00f3\u017cne preferencje i potrzeby.<\/li>\n<li><strong>Wybierz sw\u00f3j ulubiony<\/strong>: Wybierz kadzid\u0142o zio\u0142owe K2, kt\u00f3re najlepiej odpowiada Twojemu gustowi i wymaganiom.<\/li>\n<li><strong>\u0141atwe zakupy<\/strong>:Nasz przyjazny u\u017cytkownikowi proces realizacji transakcji gwarantuje sprawny przebieg transakcji, dzi\u0119ki czemu mo\u017cesz szybko i bezpiecznie otrzyma\u0107 swoje kadzid\u0142o.<\/li>\n<li><strong>Szybka, dyskretna wysy\u0142ka<\/strong>: Ciesz si\u0119 szybk\u0105 dostaw\u0105 pod Twoje drzwi. Wszystkie zam\u00f3wienia s\u0105 wysy\u0142ane dyskretnie, aby chroni\u0107 Twoj\u0105 prywatno\u015b\u0107.<\/li>\n<\/ol>\n<hr \/>\n<h3>Dlaczego warto wybra\u0107 firm\u0119 FRCSResearch w zakresie kadzide\u0142 zio\u0142owych K2?<\/h3>\n<p>Na <strong>FRCSRadania<\/strong>, jeste\u015bmy dumni z tego, \u017ce jeste\u015bmy zaufanym \u017ar\u00f3d\u0142em wysokiej jako\u015bci <strong>Kadzid\u0142o zio\u0142owe K2<\/strong>Oto dlaczego nasi klienci wci\u0105\u017c do nas wracaj\u0105:<\/p>\n<ul>\n<li><strong>Zapewnienie jako\u015bci<\/strong>:Wszystkie nasze produkty K2 przechodz\u0105 rygorystyczne testy jako\u015bci i bezpiecze\u0144stwa, dzi\u0119ki czemu mo\u017cesz cieszy\u0107 si\u0119 spokojem przy ka\u017cdym zakupie.<\/li>\n<li><strong>Konkurencyjne ceny<\/strong>Oferujemy jedne z najlepszych cen na <strong>Kadzid\u0142o zio\u0142owe K2<\/strong>, co u\u0142atwia znalezienie opcji odpowiadaj\u0105cej Twojemu bud\u017cetowi.<\/li>\n<li><strong>Satysfakcja Klienta<\/strong>:Nasz oddany zesp\u00f3\u0142 obs\u0142ugi klienta jest zawsze gotowy, aby Ci pom\u00f3c, gwarantuj\u0105c, \u017ce Twoje zakupy b\u0119d\u0105 przebiega\u0107 bezproblemowo.<\/li>\n<\/ul>\n<hr \/>\n<h3>Kup kadzide\u0142ka zio\u0142owe K2 ju\u017c dzi\u015b!<\/h3>\n<p>Czy jeste\u015b gotowy na zmian\u0119 swoich nawyk\u00f3w relaksacyjnych? <strong>Kup kadzid\u0142o zio\u0142owe K2 online<\/strong> Na <strong>FRCSRadania<\/strong> i odkryj idealn\u0105 mieszank\u0119 aromatyczn\u0105, kt\u00f3ra podniesie poziom Twojej przestrzeni. Dzi\u0119ki naszemu niezr\u00f3wnanemu wyborowi i zaanga\u017cowaniu w jako\u015b\u0107 mo\u017cesz nam zaufa\u0107, \u017ce dostarczymy najlepsze dost\u0119pne produkty K2. Nie czekaj \u2014 z\u0142\u00f3\u017c zam\u00f3wienie ju\u017c dzi\u015b i zanurz si\u0119 w \u015bwiecie koj\u0105cych zapach\u00f3w i uspokajaj\u0105cych efekt\u00f3w!<\/p>\n<p>&nbsp;<\/p>","protected":false},"excerpt":{"rendered":"<p>Buy K2 Herbal Incense Online \u2013 Experience the Best in Aromatic Blends at FRCSResearch Are you ready to elevate your relaxation experience? Look no further than K2 Herbal Incense! At&hellip;<\/p>\n<p class=\"product woocommerce add_to_cart_inline\" style=\"border:4px solid #ccc; padding: 12px;\"><a href=\"https:\/\/frcs-research.com\/pl\/product\/kup-kadzidlo-ziolowe-k2-online\/\" aria-describedby=\"woocommerce_loop_add_to_cart_link_describedby_817\" data-quantity=\"1\" class=\"button product_type_simple\" data-product_id=\"817\" data-product_sku=\"\" aria-label=\"Przeczytaj wi\u0119cej o \u201eK2 Herbal Incense\u201d\" rel=\"nofollow\" data-success_message=\"\" data-no-translation=\"\" data-trp-gettext=\"\" data-no-translation-aria-label=\"\">Dowiedz si\u0119 wi\u0119cej<\/a>\t<span id=\"woocommerce_loop_add_to_cart_link_describedby_817\" class=\"screen-reader-text\"><br \/>\n\t\t\t<\/span><\/p>","protected":false},"featured_media":818,"comment_status":"open","ping_status":"closed","template":"","meta":{"_uag_custom_page_level_css":""},"product_brand":[],"product_cat":[25],"product_tag":[143,140,145,144,141,146,142],"class_list":{"0":"post-817","1":"product","2":"type-product","3":"status-publish","4":"has-post-thumbnail","6":"product_cat-synthetic-cannabinoids","7":"product_tag-best-k2-incense","8":"product_tag-buy-k2-herbal-incense","9":"product_tag-buy-k2-incense-stick-online","10":"product_tag-high-quality-k2-products","11":"product_tag-k2-herbal-incense-for-sale","12":"product_tag-k2-incense-where-to-buy","13":"product_tag-order-k2-herbal-incense-online","15":"first","16":"instock","17":"shipping-taxable","18":"product-type-simple"},"yoast_head":"<!-- This site is optimized with the Yoast SEO plugin v27.1.1 - https:\/\/yoast.com\/product\/yoast-seo-wordpress\/ -->\n<title>Buy K2 Herbal Incense Online \u2013 Premium Aromatic Blends<\/title>\n<meta name=\"description\" content=\"Discover the best K2 herbal incense for sale at FRCSResearch. Enjoy rich aromas and potent effects with fast, discreet shipping. Order now for an elevated experience!\" \/>\n<meta name=\"robots\" content=\"index, follow, max-snippet:-1, max-image-preview:large, max-video-preview:-1\" \/>\n<link rel=\"canonical\" href=\"https:\/\/frcs-research.com\/pl\/product\/kup-kadzidlo-ziolowe-k2-online\/\" \/>\n<meta property=\"og:locale\" content=\"pl_PL\" \/>\n<meta property=\"og:type\" content=\"article\" \/>\n<meta property=\"og:title\" content=\"Buy K2 Herbal Incense Online \u2013 Premium Aromatic Blends\" \/>\n<meta property=\"og:description\" content=\"Discover the best K2 herbal incense for sale at FRCSResearch. Enjoy rich aromas and potent effects with fast, discreet shipping. Order now for an elevated experience!\" \/>\n<meta property=\"og:url\" content=\"https:\/\/frcs-research.com\/pl\/product\/kup-kadzidlo-ziolowe-k2-online\/\" \/>\n<meta property=\"og:site_name\" content=\"wholesale supplier of research chemicals, 4mmc, 3mmc, MDPHP, Alpha PVP and more\" \/>\n<meta property=\"article:modified_time\" content=\"2026-04-03T19:52:22+00:00\" \/>\n<meta property=\"og:image\" content=\"https:\/\/frcs-research.com\/wp-content\/uploads\/2024\/10\/images-3.jpg\" \/>\n\t<meta property=\"og:image:width\" content=\"241\" \/>\n\t<meta property=\"og:image:height\" content=\"209\" \/>\n\t<meta property=\"og:image:type\" content=\"image\/jpeg\" \/>\n<meta name=\"twitter:card\" content=\"summary_large_image\" \/>\n<meta name=\"twitter:label1\" content=\"Cena\" \/>\n\t<meta name=\"twitter:data1\" content=\"\" \/>\n\t<meta name=\"twitter:label2\" content=\"Dost\u0119pno\u015b\u0107\" \/>\n\t<meta name=\"twitter:data2\" content=\"Dost\u0119pny\" \/>\n<script type=\"application\/ld+json\" class=\"yoast-schema-graph\">{\"@context\":\"https:\/\/schema.org\",\"@graph\":[{\"@type\":[\"WebPage\",\"ItemPage\"],\"@id\":\"https:\/\/frcs-research.com\/product\/buy-k2-herbal-incense-online\/\",\"url\":\"https:\/\/frcs-research.com\/product\/buy-k2-herbal-incense-online\/\",\"name\":\"Buy K2 Herbal Incense Online \u2013 Premium Aromatic Blends\",\"isPartOf\":{\"@id\":\"https:\/\/frcs-research.com\/#website\"},\"primaryImageOfPage\":{\"@id\":\"https:\/\/frcs-research.com\/product\/buy-k2-herbal-incense-online\/#primaryimage\"},\"image\":{\"@id\":\"https:\/\/frcs-research.com\/product\/buy-k2-herbal-incense-online\/#primaryimage\"},\"thumbnailUrl\":\"https:\/\/frcs-research.com\/wp-content\/uploads\/2024\/10\/images-3.jpg\",\"datePublished\":\"2024-10-13T10:30:41+00:00\",\"dateModified\":\"2026-04-03T19:52:22+00:00\",\"description\":\"Discover the best K2 herbal incense for sale at FRCSResearch. Enjoy rich aromas and potent effects with fast, discreet shipping. Order now for an elevated experience!\",\"breadcrumb\":{\"@id\":\"https:\/\/frcs-research.com\/product\/buy-k2-herbal-incense-online\/#breadcrumb\"},\"inLanguage\":\"pl-PL\",\"potentialAction\":[{\"@type\":\"ReadAction\",\"target\":[\"https:\/\/frcs-research.com\/product\/buy-k2-herbal-incense-online\/\"]}]},{\"@type\":\"ImageObject\",\"inLanguage\":\"pl-PL\",\"@id\":\"https:\/\/frcs-research.com\/product\/buy-k2-herbal-incense-online\/#primaryimage\",\"url\":\"https:\/\/frcs-research.com\/wp-content\/uploads\/2024\/10\/images-3.jpg\",\"contentUrl\":\"https:\/\/frcs-research.com\/wp-content\/uploads\/2024\/10\/images-3.jpg\",\"width\":241,\"height\":209,\"caption\":\"Buy K2 Herbal Incense\"},{\"@type\":\"BreadcrumbList\",\"@id\":\"https:\/\/frcs-research.com\/product\/buy-k2-herbal-incense-online\/#breadcrumb\",\"itemListElement\":[{\"@type\":\"ListItem\",\"position\":1,\"name\":\"Home\",\"item\":\"https:\/\/frcs-research.com\/\"},{\"@type\":\"ListItem\",\"position\":2,\"name\":\"Shop\",\"item\":\"https:\/\/frcs-research.com\/shop\/\"},{\"@type\":\"ListItem\",\"position\":3,\"name\":\"K2 Herbal Incense\"}]},{\"@type\":\"WebSite\",\"@id\":\"https:\/\/frcs-research.com\/#website\",\"url\":\"https:\/\/frcs-research.com\/\",\"name\":\"wholesale supplier of research chemicals, 4mmc, 3mmc, MDPHP, Alpha PVP and more\",\"description\":\"Wholesale research chemicals\",\"potentialAction\":[{\"@type\":\"SearchAction\",\"target\":{\"@type\":\"EntryPoint\",\"urlTemplate\":\"https:\/\/frcs-research.com\/?s={search_term_string}\"},\"query-input\":{\"@type\":\"PropertyValueSpecification\",\"valueRequired\":true,\"valueName\":\"search_term_string\"}}],\"inLanguage\":\"pl-PL\"}]}<\/script>\n<meta property=\"product:price:currency\" content=\"EUR\" \/>\n<meta property=\"og:availability\" content=\"instock\" \/>\n<meta property=\"product:availability\" content=\"instock\" \/>\n<meta property=\"product:condition\" content=\"new\" \/>\n<!-- \/ Yoast SEO plugin. -->","yoast_head_json":{"title":"Kup kadzid\u0142o zio\u0142owe K2 online \u2013 najwy\u017cszej jako\u015bci mieszanki aromatyczne","description":"Odkryj najlepsze zio\u0142owe kadzid\u0142o K2 na sprzeda\u017c w FRCSResearch. Ciesz si\u0119 bogatymi aromatami i silnymi efektami dzi\u0119ki szybkiej, dyskretnej wysy\u0142ce. Zam\u00f3w teraz, aby uzyska\u0107 wznios\u0142e do\u015bwiadczenie!","robots":{"index":"index","follow":"follow","max-snippet":"max-snippet:-1","max-image-preview":"max-image-preview:large","max-video-preview":"max-video-preview:-1"},"canonical":"https:\/\/frcs-research.com\/pl\/product\/kup-kadzidlo-ziolowe-k2-online\/","og_locale":"pl_PL","og_type":"article","og_title":"Buy K2 Herbal Incense Online \u2013 Premium Aromatic Blends","og_description":"Discover the best K2 herbal incense for sale at FRCSResearch. Enjoy rich aromas and potent effects with fast, discreet shipping. Order now for an elevated experience!","og_url":"https:\/\/frcs-research.com\/pl\/product\/kup-kadzidlo-ziolowe-k2-online\/","og_site_name":"wholesale supplier of research chemicals, 4mmc, 3mmc, MDPHP, Alpha PVP and more","article_modified_time":"2026-04-03T19:52:22+00:00","og_image":[{"width":241,"height":209,"url":"https:\/\/frcs-research.com\/wp-content\/uploads\/2024\/10\/images-3.jpg","type":"image\/jpeg"}],"twitter_card":"summary_large_image","twitter_misc":{"Cena":"","Dost\u0119pno\u015b\u0107":"Dost\u0119pny"},"schema":{"@context":"https:\/\/schema.org","@graph":[{"@type":["WebPage","ItemPage"],"@id":"https:\/\/frcs-research.com\/product\/buy-k2-herbal-incense-online\/","url":"https:\/\/frcs-research.com\/product\/buy-k2-herbal-incense-online\/","name":"Kup kadzid\u0142o zio\u0142owe K2 online \u2013 najwy\u017cszej jako\u015bci mieszanki aromatyczne","isPartOf":{"@id":"https:\/\/frcs-research.com\/#website"},"primaryImageOfPage":{"@id":"https:\/\/frcs-research.com\/product\/buy-k2-herbal-incense-online\/#primaryimage"},"image":{"@id":"https:\/\/frcs-research.com\/product\/buy-k2-herbal-incense-online\/#primaryimage"},"thumbnailUrl":"https:\/\/frcs-research.com\/wp-content\/uploads\/2024\/10\/images-3.jpg","datePublished":"2024-10-13T10:30:41+00:00","dateModified":"2026-04-03T19:52:22+00:00","description":"Odkryj najlepsze zio\u0142owe kadzid\u0142o K2 na sprzeda\u017c w FRCSResearch. Ciesz si\u0119 bogatymi aromatami i silnymi efektami dzi\u0119ki szybkiej, dyskretnej wysy\u0142ce. Zam\u00f3w teraz, aby uzyska\u0107 wznios\u0142e do\u015bwiadczenie!","breadcrumb":{"@id":"https:\/\/frcs-research.com\/product\/buy-k2-herbal-incense-online\/#breadcrumb"},"inLanguage":"pl-PL","potentialAction":[{"@type":"ReadAction","target":["https:\/\/frcs-research.com\/product\/buy-k2-herbal-incense-online\/"]}]},{"@type":"ImageObject","inLanguage":"pl-PL","@id":"https:\/\/frcs-research.com\/product\/buy-k2-herbal-incense-online\/#primaryimage","url":"https:\/\/frcs-research.com\/wp-content\/uploads\/2024\/10\/images-3.jpg","contentUrl":"https:\/\/frcs-research.com\/wp-content\/uploads\/2024\/10\/images-3.jpg","width":241,"height":209,"caption":"Buy K2 Herbal Incense"},{"@type":"BreadcrumbList","@id":"https:\/\/frcs-research.com\/product\/buy-k2-herbal-incense-online\/#breadcrumb","itemListElement":[{"@type":"ListItem","position":1,"name":"Home","item":"https:\/\/frcs-research.com\/"},{"@type":"ListItem","position":2,"name":"Shop","item":"https:\/\/frcs-research.com\/shop\/"},{"@type":"ListItem","position":3,"name":"K2 Herbal Incense"}]},{"@type":"WebSite","@id":"https:\/\/frcs-research.com\/#website","url":"https:\/\/frcs-research.com\/","name":"hurtowy dostawca chemikali\u00f3w badawczych, 4mmc, 3mmc, MDPHP, Alpha PVP i innych","description":"Hurtowa sprzeda\u017c chemikali\u00f3w badawczych","potentialAction":[{"@type":"SearchAction","target":{"@type":"EntryPoint","urlTemplate":"https:\/\/frcs-research.com\/?s={search_term_string}"},"query-input":{"@type":"PropertyValueSpecification","valueRequired":true,"valueName":"search_term_string"}}],"inLanguage":"pl-PL"}]},"product_price_currency":"EUR","og_availability":"instock","product_availability":"instock","product_condition":"new"},"uagb_featured_image_src":{"full":["https:\/\/frcs-research.com\/wp-content\/uploads\/2024\/10\/images-3.jpg",241,209,false],"thumbnail":["https:\/\/frcs-research.com\/wp-content\/uploads\/2024\/10\/images-3-150x150.jpg",150,150,true],"medium":["https:\/\/frcs-research.com\/wp-content\/uploads\/2024\/10\/images-3.jpg",241,209,false],"medium_large":["https:\/\/frcs-research.com\/wp-content\/uploads\/2024\/10\/images-3.jpg",241,209,false],"large":["https:\/\/frcs-research.com\/wp-content\/uploads\/2024\/10\/images-3.jpg",241,209,false],"1536x1536":["https:\/\/frcs-research.com\/wp-content\/uploads\/2024\/10\/images-3.jpg",241,209,false],"2048x2048":["https:\/\/frcs-research.com\/wp-content\/uploads\/2024\/10\/images-3.jpg",241,209,false],"trp-custom-language-flag":["https:\/\/frcs-research.com\/wp-content\/uploads\/2024\/10\/images-3.jpg",14,12,false],"post-thumbnail":["https:\/\/frcs-research.com\/wp-content\/uploads\/2024\/10\/images-3.jpg",241,209,false],"elite-commerce-slider":["https:\/\/frcs-research.com\/wp-content\/uploads\/2024\/10\/images-3.jpg",241,209,false],"elite-commerce-hero":["https:\/\/frcs-research.com\/wp-content\/uploads\/2024\/10\/images-3.jpg",241,209,false],"elite-commerce-portfolio":["https:\/\/frcs-research.com\/wp-content\/uploads\/2024\/10\/images-3.jpg",241,209,false],"woocommerce_thumbnail":["https:\/\/frcs-research.com\/wp-content\/uploads\/2024\/10\/images-3.jpg",241,209,false],"woocommerce_single":["https:\/\/frcs-research.com\/wp-content\/uploads\/2024\/10\/images-3.jpg",241,209,false],"woocommerce_gallery_thumbnail":["https:\/\/frcs-research.com\/wp-content\/uploads\/2024\/10\/images-3-100x100.jpg",100,100,true]},"uagb_author_info":{"display_name":"Richard Wood","author_link":"https:\/\/frcs-research.com\/pl\/author\/"},"uagb_comment_info":749,"uagb_excerpt":"Buy K2 Herbal Incense Online \u2013 Experience the Best in Aromatic Blends at FRCSResearch Are you ready to elevate your relaxation experience? Look no further than K2 Herbal Incense! At&hellip;Dowiedz si\u0119 wi\u0119cej","_links":{"self":[{"href":"https:\/\/frcs-research.com\/pl\/wp-json\/wp\/v2\/product\/817","targetHints":{"allow":["GET"]}}],"collection":[{"href":"https:\/\/frcs-research.com\/pl\/wp-json\/wp\/v2\/product"}],"about":[{"href":"https:\/\/frcs-research.com\/pl\/wp-json\/wp\/v2\/types\/product"}],"replies":[{"embeddable":true,"href":"https:\/\/frcs-research.com\/pl\/wp-json\/wp\/v2\/comments?post=817"}],"wp:featuredmedia":[{"embeddable":true,"href":"https:\/\/frcs-research.com\/pl\/wp-json\/wp\/v2\/media\/818"}],"wp:attachment":[{"href":"https:\/\/frcs-research.com\/pl\/wp-json\/wp\/v2\/media?parent=817"}],"wp:term":[{"taxonomy":"product_brand","embeddable":true,"href":"https:\/\/frcs-research.com\/pl\/wp-json\/wp\/v2\/product_brand?post=817"},{"taxonomy":"product_cat","embeddable":true,"href":"https:\/\/frcs-research.com\/pl\/wp-json\/wp\/v2\/product_cat?post=817"},{"taxonomy":"product_tag","embeddable":true,"href":"https:\/\/frcs-research.com\/pl\/wp-json\/wp\/v2\/product_tag?post=817"}],"curies":[{"name":"wp","href":"https:\/\/api.w.org\/{rel}","templated":true}]}}