{"id":872,"date":"2024-10-17T21:30:39","date_gmt":"2024-10-17T21:30:39","guid":{"rendered":"https:\/\/frcs-research.com\/?post_type=product&#038;p=872"},"modified":"2026-04-05T21:32:22","modified_gmt":"2026-04-05T21:32:22","slug":"kup-5-meo-dipt","status":"publish","type":"product","link":"https:\/\/frcs-research.com\/pl\/product\/kup-5-meo-dipt\/","title":{"rendered":"5-MeO-DiPT 10g"},"content":{"rendered":"<h3>Kup 5-MeO-DiPT: Tw\u00f3j kompletny przewodnik po bezpiecznych zakupach<\/h3>\n<p>Czy chcesz <strong>kup 5-MeO-DiPT<\/strong> (5-Metoksy-N,N-Diizopropylotryptamina) online? Ta wyj\u0105tkowa substancja badawcza zyska\u0142a uwag\u0119 dzi\u0119ki swoim w\u0142a\u015bciwo\u015bciom psychoaktywnym i jest cz\u0119sto stosowana w r\u00f3\u017cnych badaniach. Jednak jej bezpieczny i legalny zakup ma kluczowe znaczenie. W tym przewodniku przyjrzymy si\u0119, jak <strong>zam\u00f3w 5-MeO-DiPT<\/strong>, gdzie znale\u017a\u0107 renomowanych sprzedawc\u00f3w i najwa\u017cniejsze wskaz\u00f3wki, jak zrobi\u0107 udane zakupy.<\/p>\n<h4>Czym jest 5-MeO-DiPT?<\/h4>\n<p>5-MeO-DiPT to pochodna tryptaminy znana ze swoich halucynogennych efekt\u00f3w, cz\u0119sto poszukiwana ze wzgl\u0119du na potencjalne zastosowania w badaniach i osobistych eksploracjach. Zrozumienie jej efekt\u00f3w, dawkowania i profilu bezpiecze\u0144stwa jest niezb\u0119dne przed dokonaniem zakupu.<\/p>\n<h4>Dlaczego warto kupi\u0107 5-MeO-DiPT?<\/h4>\n<p>Kiedy zdecydujesz si\u0119 <strong>zakup 5-MeO-DiPT<\/strong>, inwestujesz w substancj\u0119, kt\u00f3ra zosta\u0142a zbadana pod k\u0105tem jej intryguj\u0105cych efekt\u00f3w na \u015bwiadomo\u015b\u0107 i percepcj\u0119. Jej unikalne w\u0142a\u015bciwo\u015bci mog\u0105 by\u0107 korzystne dla naukowc\u00f3w badaj\u0105cych wp\u0142yw substancji psychodelicznych na ludzki umys\u0142.<\/p>\n<h4>Jak bezpiecznie kupi\u0107 5-MeO-DiPT online<\/h4>\n<p>Oto kilka kluczowych punkt\u00f3w, kt\u00f3re nale\u017cy wzi\u0105\u0107 pod uwag\u0119 podczas poszukiwania najlepszych miejsc do <strong>kup 5-MeO-DiPT online<\/strong>:<\/p>\n<ol>\n<li><strong>Renomowani dostawcy<\/strong>: Szukaj dostawc\u00f3w, kt\u00f3rzy maj\u0105 pozytywne recenzje i dobr\u0105 reputacj\u0119 w spo\u0142eczno\u015bci zajmuj\u0105cej si\u0119 chemikaliami badawczymi. Czytanie opinii klient\u00f3w mo\u017ce pom\u00f3c Ci zidentyfikowa\u0107 wiarygodnych dostawc\u00f3w.<\/li>\n<li><strong>Przezroczysto\u015b\u0107<\/strong>: Wybierz dostawc\u00f3w, kt\u00f3rzy dostarczaj\u0105 szczeg\u00f3\u0142owe informacje o produkcie, w tym poziomy czysto\u015bci i analizy laboratoryjne. Przejrzysto\u015b\u0107 jest kluczowa dla zapewnienia otrzymania produktu wysokiej jako\u015bci.<\/li>\n<li><strong>Zgodno\u015b\u0107 z prawem<\/strong>: Przed zakupem upewnij si\u0119, \u017ce sprzedawca przestrzega lokalnych i mi\u0119dzynarodowych przepis\u00f3w dotycz\u0105cych substancji chemicznych do bada\u0144. Pomo\u017ce Ci to unikn\u0105\u0107 problem\u00f3w prawnych.<\/li>\n<li><strong>Bezpieczne opcje p\u0142atno\u015bci<\/strong>:Dbaj o to, aby dostawcy oferowali bezpieczne metody p\u0142atno\u015bci i chronili Twoje dane finansowe.<\/li>\n<li><strong>Szybka wysy\u0142ka<\/strong>:Szukaj dostawc\u00f3w, kt\u00f3rzy oferuj\u0105 <strong>5-MeO-DiPT szybka wysy\u0142ka<\/strong> opcji, dzi\u0119ki czemu b\u0119dziesz m\u00f3g\u0142 rozpocz\u0105\u0107 swoje badania bez zb\u0119dnych op\u00f3\u017anie\u0144.<\/li>\n<\/ol>\n<h4>Wniosek<\/h4>\n<p>Podsumowuj\u0105c, je\u015bli szukasz <strong>kup 5-MeO-DiPT<\/strong>, wa\u017cne jest, aby porusza\u0107 si\u0119 po rynku online bezpiecznie i skutecznie. Post\u0119puj\u0105c zgodnie z wytycznymi opisanymi w tym przewodniku, mo\u017cesz pewnie kupi\u0107 ten \u015brodek badawczy, zapewniaj\u0105c jednocze\u015bnie zgodno\u015b\u0107 z przepisami prawnymi. Rozpocznij swoj\u0105 podr\u00f3\u017c badawcz\u0105 ju\u017c dzi\u015b, badaj\u0105c renomowanych dostawc\u00f3w, kt\u00f3rzy oferuj\u0105 wysokiej jako\u015bci 5-MeO-DiPT.<\/p>\n<p>Je\u015bli masz dalsze pytania lub potrzebujesz dodatkowych informacji na temat 5-MeO-DiPT, zapoznaj si\u0119 z r\u00f3\u017cnymi materia\u0142ami \u017ar\u00f3d\u0142owymi dost\u0119pnymi online.<\/p>","protected":false},"excerpt":{"rendered":"<p>Buy 5-MeO-DiPT: Your Complete Guide to Safe Purchases Are you looking to buy 5-MeO-DiPT (5-Methoxy-N,N-Diisopropyltryptamine) online? This unique research chemical has gained attention for its psychoactive properties and is often&hellip;<\/p>\n<p class=\"product woocommerce add_to_cart_inline\" style=\"border:4px solid #ccc; padding: 12px;\"><del aria-hidden=\"true\"><span class=\"woocommerce-Price-amount amount\"><bdi><span class=\"woocommerce-Price-currencySymbol\">&euro;<\/span>90.00<\/bdi><\/span><\/del> <span class=\"screen-reader-text\" data-no-translation=\"\" data-trp-gettext=\"\">Oryginalna cena wynosi\u0142a: &euro;90.00.<\/span><ins aria-hidden=\"true\"><span class=\"woocommerce-Price-amount amount\"><bdi><span class=\"woocommerce-Price-currencySymbol\">&euro;<\/span>80.00<\/bdi><\/span><\/ins><span class=\"screen-reader-text\" data-no-translation=\"\" data-trp-gettext=\"\">Aktualna cena wynosi: &euro;80.00.<\/span><a href=\"\/pl\/wp-json\/wp\/v2\/product\/872?add-to-cart=872\" aria-describedby=\"woocommerce_loop_add_to_cart_link_describedby_872\" data-quantity=\"1\" class=\"button product_type_simple add_to_cart_button ajax_add_to_cart\" data-product_id=\"872\" data-product_sku=\"\" aria-label=\"Dodaj do koszyka: \u201e5-MeO-DiPT 10g\u201d\" rel=\"nofollow\" data-success_message=\"\u201c5-MeO-DiPT 10g\u201d zosta\u0142 dodany do twojego koszyka\" data-no-translation=\"\" data-trp-gettext=\"\" data-no-translation-aria-label=\"\" data-no-translation-data-success_message=\"\">Dodaj do koszyka<\/a>\t<span id=\"woocommerce_loop_add_to_cart_link_describedby_872\" class=\"screen-reader-text\"><br \/>\n\t\t\t<\/span><\/p>","protected":false},"featured_media":877,"comment_status":"open","ping_status":"closed","template":"","meta":{"_uag_custom_page_level_css":""},"product_brand":[],"product_cat":[29],"product_tag":[230,225,227,229,223,228,231,224,232,226],"class_list":{"0":"post-872","1":"product","2":"type-product","3":"status-publish","4":"has-post-thumbnail","6":"product_cat-psychedelics","7":"product_tag-5-meo-dipt-delivery-options","8":"product_tag-5-meo-dipt-for-sale","9":"product_tag-5-meo-dipt-vendor","10":"product_tag-buy-5-meo-dipt-europe","11":"product_tag-buy-5-meo-dipt-online","12":"product_tag-buy-5-meo-dipt-usa","13":"product_tag-cheap-5-meo-dipt","14":"product_tag-order-5-meo-dipt-crystals","15":"product_tag-order-5-meo-dipt-powder","16":"product_tag-purchase-5-meo-dipt-legally","18":"first","19":"instock","20":"sale","21":"shipping-taxable","22":"purchasable","23":"product-type-simple"},"yoast_head":"<!-- This site is optimized with the Yoast SEO plugin v27.1.1 - https:\/\/yoast.com\/product\/yoast-seo-wordpress\/ -->\n<title>Buy 5-MeO-DiPT Online: Your Comprehensive Guide to Safe buy<\/title>\n<meta name=\"description\" content=\"Looking to buy 5-MeO-DiPT? Discover how to purchase this unique research chemical safely online. Explore reputable vendors, secure payment options, and fast shipping for your 5-MeO-DiPT needs. Start your research journey today!\" \/>\n<meta name=\"robots\" content=\"index, follow, max-snippet:-1, max-image-preview:large, max-video-preview:-1\" \/>\n<link rel=\"canonical\" href=\"https:\/\/frcs-research.com\/pl\/product\/kup-5-meo-dipt\/\" \/>\n<meta property=\"og:locale\" content=\"pl_PL\" \/>\n<meta property=\"og:type\" content=\"article\" \/>\n<meta property=\"og:title\" content=\"Buy 5-MeO-DiPT Online: Your Comprehensive Guide to Safe buy\" \/>\n<meta property=\"og:description\" content=\"Looking to buy 5-MeO-DiPT? Discover how to purchase this unique research chemical safely online. Explore reputable vendors, secure payment options, and fast shipping for your 5-MeO-DiPT needs. Start your research journey today!\" \/>\n<meta property=\"og:url\" content=\"https:\/\/frcs-research.com\/pl\/product\/kup-5-meo-dipt\/\" \/>\n<meta property=\"og:site_name\" content=\"wholesale supplier of research chemicals, 4mmc, 3mmc, MDPHP, Alpha PVP and more\" \/>\n<meta property=\"article:modified_time\" content=\"2026-04-05T21:32:22+00:00\" \/>\n<meta property=\"og:image\" content=\"https:\/\/frcs-research.com\/wp-content\/uploads\/2024\/10\/images-2.jpg\" \/>\n\t<meta property=\"og:image:width\" content=\"225\" \/>\n\t<meta property=\"og:image:height\" content=\"225\" \/>\n\t<meta property=\"og:image:type\" content=\"image\/jpeg\" \/>\n<meta name=\"twitter:card\" content=\"summary_large_image\" \/>\n<meta name=\"twitter:label1\" content=\"Cena\" \/>\n\t<meta name=\"twitter:data1\" content=\"&euro;80.00\" \/>\n\t<meta name=\"twitter:label2\" content=\"Dost\u0119pno\u015b\u0107\" \/>\n\t<meta name=\"twitter:data2\" content=\"Dost\u0119pny\" \/>\n<script type=\"application\/ld+json\" class=\"yoast-schema-graph\">{\"@context\":\"https:\/\/schema.org\",\"@graph\":[{\"@type\":[\"WebPage\",\"ItemPage\"],\"@id\":\"https:\/\/frcs-research.com\/product\/buy-5-meo-dipt\/\",\"url\":\"https:\/\/frcs-research.com\/product\/buy-5-meo-dipt\/\",\"name\":\"Buy 5-MeO-DiPT Online: Your Comprehensive Guide to Safe buy\",\"isPartOf\":{\"@id\":\"https:\/\/frcs-research.com\/#website\"},\"primaryImageOfPage\":{\"@id\":\"https:\/\/frcs-research.com\/product\/buy-5-meo-dipt\/#primaryimage\"},\"image\":{\"@id\":\"https:\/\/frcs-research.com\/product\/buy-5-meo-dipt\/#primaryimage\"},\"thumbnailUrl\":\"https:\/\/frcs-research.com\/wp-content\/uploads\/2024\/10\/images-2.jpg\",\"datePublished\":\"2024-10-17T21:30:39+00:00\",\"dateModified\":\"2026-04-05T21:32:22+00:00\",\"description\":\"Looking to buy 5-MeO-DiPT? Discover how to purchase this unique research chemical safely online. Explore reputable vendors, secure payment options, and fast shipping for your 5-MeO-DiPT needs. Start your research journey today!\",\"breadcrumb\":{\"@id\":\"https:\/\/frcs-research.com\/product\/buy-5-meo-dipt\/#breadcrumb\"},\"inLanguage\":\"pl-PL\",\"potentialAction\":[{\"@type\":\"ReadAction\",\"target\":[\"https:\/\/frcs-research.com\/product\/buy-5-meo-dipt\/\"]}]},{\"@type\":\"ImageObject\",\"inLanguage\":\"pl-PL\",\"@id\":\"https:\/\/frcs-research.com\/product\/buy-5-meo-dipt\/#primaryimage\",\"url\":\"https:\/\/frcs-research.com\/wp-content\/uploads\/2024\/10\/images-2.jpg\",\"contentUrl\":\"https:\/\/frcs-research.com\/wp-content\/uploads\/2024\/10\/images-2.jpg\",\"width\":225,\"height\":225,\"caption\":\"Buy 5-MeO-DiPT\"},{\"@type\":\"BreadcrumbList\",\"@id\":\"https:\/\/frcs-research.com\/product\/buy-5-meo-dipt\/#breadcrumb\",\"itemListElement\":[{\"@type\":\"ListItem\",\"position\":1,\"name\":\"Home\",\"item\":\"https:\/\/frcs-research.com\/\"},{\"@type\":\"ListItem\",\"position\":2,\"name\":\"Shop\",\"item\":\"https:\/\/frcs-research.com\/shop\/\"},{\"@type\":\"ListItem\",\"position\":3,\"name\":\"5-MeO-DiPT 10g\"}]},{\"@type\":\"WebSite\",\"@id\":\"https:\/\/frcs-research.com\/#website\",\"url\":\"https:\/\/frcs-research.com\/\",\"name\":\"wholesale supplier of research chemicals, 4mmc, 3mmc, MDPHP, Alpha PVP and more\",\"description\":\"Wholesale research chemicals\",\"potentialAction\":[{\"@type\":\"SearchAction\",\"target\":{\"@type\":\"EntryPoint\",\"urlTemplate\":\"https:\/\/frcs-research.com\/?s={search_term_string}\"},\"query-input\":{\"@type\":\"PropertyValueSpecification\",\"valueRequired\":true,\"valueName\":\"search_term_string\"}}],\"inLanguage\":\"pl-PL\"}]}<\/script>\n<meta property=\"product:price:amount\" content=\"80.00\" \/>\n<meta property=\"product:price:currency\" content=\"EUR\" \/>\n<meta property=\"og:availability\" content=\"instock\" \/>\n<meta property=\"product:availability\" content=\"instock\" \/>\n<meta property=\"product:condition\" content=\"new\" \/>\n<!-- \/ Yoast SEO plugin. -->","yoast_head_json":{"title":"Kup 5-MeO-DiPT online: Tw\u00f3j kompleksowy przewodnik po bezpiecznym zakupie","description":"Chcesz kupi\u0107 5-MeO-DiPT? Dowiedz si\u0119, jak bezpiecznie kupi\u0107 ten wyj\u0105tkowy \u015brodek badawczy online. Poznaj renomowanych dostawc\u00f3w, bezpieczne opcje p\u0142atno\u015bci i szybk\u0105 wysy\u0142k\u0119 dla Twoich potrzeb 5-MeO-DiPT. Rozpocznij swoj\u0105 podr\u00f3\u017c badawcz\u0105 ju\u017c dzi\u015b!","robots":{"index":"index","follow":"follow","max-snippet":"max-snippet:-1","max-image-preview":"max-image-preview:large","max-video-preview":"max-video-preview:-1"},"canonical":"https:\/\/frcs-research.com\/pl\/product\/kup-5-meo-dipt\/","og_locale":"pl_PL","og_type":"article","og_title":"Buy 5-MeO-DiPT Online: Your Comprehensive Guide to Safe buy","og_description":"Looking to buy 5-MeO-DiPT? Discover how to purchase this unique research chemical safely online. Explore reputable vendors, secure payment options, and fast shipping for your 5-MeO-DiPT needs. Start your research journey today!","og_url":"https:\/\/frcs-research.com\/pl\/product\/kup-5-meo-dipt\/","og_site_name":"wholesale supplier of research chemicals, 4mmc, 3mmc, MDPHP, Alpha PVP and more","article_modified_time":"2026-04-05T21:32:22+00:00","og_image":[{"width":225,"height":225,"url":"https:\/\/frcs-research.com\/wp-content\/uploads\/2024\/10\/images-2.jpg","type":"image\/jpeg"}],"twitter_card":"summary_large_image","twitter_misc":{"Cena":"&euro;80.00","Dost\u0119pno\u015b\u0107":"Dost\u0119pny"},"schema":{"@context":"https:\/\/schema.org","@graph":[{"@type":["WebPage","ItemPage"],"@id":"https:\/\/frcs-research.com\/product\/buy-5-meo-dipt\/","url":"https:\/\/frcs-research.com\/product\/buy-5-meo-dipt\/","name":"Kup 5-MeO-DiPT online: Tw\u00f3j kompleksowy przewodnik po bezpiecznym zakupie","isPartOf":{"@id":"https:\/\/frcs-research.com\/#website"},"primaryImageOfPage":{"@id":"https:\/\/frcs-research.com\/product\/buy-5-meo-dipt\/#primaryimage"},"image":{"@id":"https:\/\/frcs-research.com\/product\/buy-5-meo-dipt\/#primaryimage"},"thumbnailUrl":"https:\/\/frcs-research.com\/wp-content\/uploads\/2024\/10\/images-2.jpg","datePublished":"2024-10-17T21:30:39+00:00","dateModified":"2026-04-05T21:32:22+00:00","description":"Chcesz kupi\u0107 5-MeO-DiPT? Dowiedz si\u0119, jak bezpiecznie kupi\u0107 ten wyj\u0105tkowy \u015brodek badawczy online. Poznaj renomowanych dostawc\u00f3w, bezpieczne opcje p\u0142atno\u015bci i szybk\u0105 wysy\u0142k\u0119 dla Twoich potrzeb 5-MeO-DiPT. Rozpocznij swoj\u0105 podr\u00f3\u017c badawcz\u0105 ju\u017c dzi\u015b!","breadcrumb":{"@id":"https:\/\/frcs-research.com\/product\/buy-5-meo-dipt\/#breadcrumb"},"inLanguage":"pl-PL","potentialAction":[{"@type":"ReadAction","target":["https:\/\/frcs-research.com\/product\/buy-5-meo-dipt\/"]}]},{"@type":"ImageObject","inLanguage":"pl-PL","@id":"https:\/\/frcs-research.com\/product\/buy-5-meo-dipt\/#primaryimage","url":"https:\/\/frcs-research.com\/wp-content\/uploads\/2024\/10\/images-2.jpg","contentUrl":"https:\/\/frcs-research.com\/wp-content\/uploads\/2024\/10\/images-2.jpg","width":225,"height":225,"caption":"Buy 5-MeO-DiPT"},{"@type":"BreadcrumbList","@id":"https:\/\/frcs-research.com\/product\/buy-5-meo-dipt\/#breadcrumb","itemListElement":[{"@type":"ListItem","position":1,"name":"Home","item":"https:\/\/frcs-research.com\/"},{"@type":"ListItem","position":2,"name":"Shop","item":"https:\/\/frcs-research.com\/shop\/"},{"@type":"ListItem","position":3,"name":"5-MeO-DiPT 10g"}]},{"@type":"WebSite","@id":"https:\/\/frcs-research.com\/#website","url":"https:\/\/frcs-research.com\/","name":"hurtowy dostawca chemikali\u00f3w badawczych, 4mmc, 3mmc, MDPHP, Alpha PVP i innych","description":"Hurtowa sprzeda\u017c chemikali\u00f3w badawczych","potentialAction":[{"@type":"SearchAction","target":{"@type":"EntryPoint","urlTemplate":"https:\/\/frcs-research.com\/?s={search_term_string}"},"query-input":{"@type":"PropertyValueSpecification","valueRequired":true,"valueName":"search_term_string"}}],"inLanguage":"pl-PL"}]},"product_price_amount":"80.00","product_price_currency":"EUR","og_availability":"instock","product_availability":"instock","product_condition":"new"},"uagb_featured_image_src":{"full":["https:\/\/frcs-research.com\/wp-content\/uploads\/2024\/10\/images-2.jpg",225,225,false],"thumbnail":["https:\/\/frcs-research.com\/wp-content\/uploads\/2024\/10\/images-2-150x150.jpg",150,150,true],"medium":["https:\/\/frcs-research.com\/wp-content\/uploads\/2024\/10\/images-2.jpg",225,225,false],"medium_large":["https:\/\/frcs-research.com\/wp-content\/uploads\/2024\/10\/images-2.jpg",225,225,false],"large":["https:\/\/frcs-research.com\/wp-content\/uploads\/2024\/10\/images-2.jpg",225,225,false],"1536x1536":["https:\/\/frcs-research.com\/wp-content\/uploads\/2024\/10\/images-2.jpg",225,225,false],"2048x2048":["https:\/\/frcs-research.com\/wp-content\/uploads\/2024\/10\/images-2.jpg",225,225,false],"trp-custom-language-flag":["https:\/\/frcs-research.com\/wp-content\/uploads\/2024\/10\/images-2.jpg",12,12,false],"post-thumbnail":["https:\/\/frcs-research.com\/wp-content\/uploads\/2024\/10\/images-2.jpg",225,225,false],"elite-commerce-slider":["https:\/\/frcs-research.com\/wp-content\/uploads\/2024\/10\/images-2.jpg",225,225,false],"elite-commerce-hero":["https:\/\/frcs-research.com\/wp-content\/uploads\/2024\/10\/images-2.jpg",225,225,false],"elite-commerce-portfolio":["https:\/\/frcs-research.com\/wp-content\/uploads\/2024\/10\/images-2.jpg",225,225,false],"woocommerce_thumbnail":["https:\/\/frcs-research.com\/wp-content\/uploads\/2024\/10\/images-2.jpg",225,225,false],"woocommerce_single":["https:\/\/frcs-research.com\/wp-content\/uploads\/2024\/10\/images-2.jpg",225,225,false],"woocommerce_gallery_thumbnail":["https:\/\/frcs-research.com\/wp-content\/uploads\/2024\/10\/images-2-100x100.jpg",100,100,true]},"uagb_author_info":{"display_name":"cho","author_link":"https:\/\/frcs-research.com\/pl\/author\/"},"uagb_comment_info":755,"uagb_excerpt":"Buy 5-MeO-DiPT: Your Complete Guide to Safe Purchases Are you looking to buy 5-MeO-DiPT (5-Methoxy-N,N-Diisopropyltryptamine) online? This unique research chemical has gained attention for its psychoactive properties and is often&hellip;&euro;90.00 Oryginalna cena wynosi\u0142a: &euro;90.00.&euro;80.00Aktualna cena wynosi: &euro;80.00.Dodaj do koszyka","_links":{"self":[{"href":"https:\/\/frcs-research.com\/pl\/wp-json\/wp\/v2\/product\/872","targetHints":{"allow":["GET"]}}],"collection":[{"href":"https:\/\/frcs-research.com\/pl\/wp-json\/wp\/v2\/product"}],"about":[{"href":"https:\/\/frcs-research.com\/pl\/wp-json\/wp\/v2\/types\/product"}],"replies":[{"embeddable":true,"href":"https:\/\/frcs-research.com\/pl\/wp-json\/wp\/v2\/comments?post=872"}],"wp:featuredmedia":[{"embeddable":true,"href":"https:\/\/frcs-research.com\/pl\/wp-json\/wp\/v2\/media\/877"}],"wp:attachment":[{"href":"https:\/\/frcs-research.com\/pl\/wp-json\/wp\/v2\/media?parent=872"}],"wp:term":[{"taxonomy":"product_brand","embeddable":true,"href":"https:\/\/frcs-research.com\/pl\/wp-json\/wp\/v2\/product_brand?post=872"},{"taxonomy":"product_cat","embeddable":true,"href":"https:\/\/frcs-research.com\/pl\/wp-json\/wp\/v2\/product_cat?post=872"},{"taxonomy":"product_tag","embeddable":true,"href":"https:\/\/frcs-research.com\/pl\/wp-json\/wp\/v2\/product_tag?post=872"}],"curies":[{"name":"wp","href":"https:\/\/api.w.org\/{rel}","templated":true}]}}