{"id":878,"date":"2024-10-17T22:18:05","date_gmt":"2024-10-17T22:18:05","guid":{"rendered":"https:\/\/frcs-research.com\/?post_type=product&#038;p=878"},"modified":"2026-04-03T21:02:54","modified_gmt":"2026-04-03T21:02:54","slug":"kup-mi-3-pcpy","status":"publish","type":"product","link":"https:\/\/frcs-research.com\/pl\/product\/kup-mi-3-pcpy\/","title":{"rendered":"3-ME-PCPy HCL Powder 1g"},"content":{"rendered":"<h3>Najlepszy przewodnik po zakupie proszku 3-ME-PCPy HCL online<\/h3>\n<p>Szukasz wiarygodnego \u017ar\u00f3d\u0142a informacji? <strong>kup 3-ME-PCPy online<\/strong>? Nie szukaj dalej! Ten przewodnik zawiera wszystkie niezb\u0119dne informacje, kt\u00f3rych potrzebujesz, aby dokona\u0107 bezpiecznego i \u015bwiadomego zakupu. Wraz ze wzrostem zainteresowania chemikaliami badawczymi, zrozumienie, gdzie i jak <strong>zam\u00f3w 3-ME-PCPy HCL<\/strong> ma kluczowe znaczenie zar\u00f3wno dla badaczy, jak i entuzjast\u00f3w.<\/p>\n<h4>Czym jest 3-ME-PCPy HCL?<\/h4>\n<p>3-ME-PCPy (3-metylo-PCPy) to nowy dysocjacyjny zwi\u0105zek chemiczny do bada\u0144, kt\u00f3ry nale\u017cy do klasy arylocykloheksyloamin. Zwi\u0105zek ten jest znany ze swoich potencjalnych efekt\u00f3w, kt\u00f3re mog\u0105 by\u0107 zar\u00f3wno dysocjacyjne, jak i pobudzaj\u0105ce. Poniewa\u017c ma podobie\u0144stwa do innych substancji, takich jak 3-Me-PCP, naukowcy s\u0105 coraz bardziej zainteresowani jego unikalnymi w\u0142a\u015bciwo\u015bciami do bada\u0144 naukowych.<\/p>\n<h4>Dlaczego warto rozwa\u017cy\u0107 zakup 3-ME-PCPy<\/h4>\n<p>Istnieje kilka powod\u00f3w, dla kt\u00f3rych <strong>kup proszek 3-ME-PCPy<\/strong>:<\/p>\n<ul>\n<li><strong>Zastosowania badawcze<\/strong>:3-ME-PCPy jest cz\u0119sto badany pod k\u0105tem jego dzia\u0142ania farmakologicznego, co czyni go cennym nabytkiem w badaniach naukowych.<\/li>\n<li><strong>Jako\u015b\u0107 i czysto\u015b\u0107<\/strong>:Zakupy od renomowanych dostawc\u00f3w daj\u0105 pewno\u015b\u0107, \u017ce otrzymasz produkt wysokiej jako\u015bci, spe\u0142niaj\u0105cy standardy badawcze.<\/li>\n<li><strong>Zgodno\u015b\u0107 z prawem<\/strong>:Zakupy od sprawdzonych dostawc\u00f3w mog\u0105 da\u0107 Ci pewno\u015b\u0107 co do statusu prawnego nieruchomo\u015bci na Twoim obszarze.<\/li>\n<\/ul>\n<h4>Jak bezpiecznie kupi\u0107 3-ME-PCPy online<\/h4>\n<p>Kiedy patrzysz na <strong>kup 3-ME-PCPy HCL<\/strong>, we\u017a pod uwag\u0119 nast\u0119puj\u0105ce wskaz\u00f3wki:<\/p>\n<ol>\n<li><strong>Znajd\u017a zaufanych dostawc\u00f3w<\/strong>: Szukaj stron internetowych, kt\u00f3re specjalizuj\u0105 si\u0119 w chemikaliach badawczych. Upewnij si\u0119, \u017ce dostawca ma pozytywne recenzje i solidn\u0105 reputacj\u0119 w spo\u0142eczno\u015bci. Szukaj s\u0142\u00f3w kluczowych, takich jak <strong>\u201eDostawcy 3-ME-PCPy\u201d<\/strong> aby znale\u017a\u0107 wiarygodnych dostawc\u00f3w.<\/li>\n<li><strong>Sprawd\u017a szczeg\u00f3\u0142y produktu<\/strong>: Przed dokonaniem zakupu uwa\u017cnie przeczytaj opisy produkt\u00f3w. Upewnij si\u0119, \u017ce sprzedawca podaje szczeg\u00f3\u0142owe informacje o czysto\u015bci i specyfikacjach oferowanego 3-ME-PCPy.<\/li>\n<li><strong>Bezpieczne opcje p\u0142atno\u015bci<\/strong>:Nadaj priorytet dostawcom oferuj\u0105cym bezpieczne metody p\u0142atno\u015bci, aby chroni\u0107 swoje dane finansowe. Ten krok jest kluczowy, gdy szukasz <strong>kup odczynniki badawcze 3-ME-PCPy<\/strong> w sieci.<\/li>\n<li><strong>Wysy\u0142ka i dostawa<\/strong>:Szybkie opcje wysy\u0142ki s\u0105 niezb\u0119dne. Szukaj dostawc\u00f3w, kt\u00f3rzy zapewniaj\u0105 <strong>3-ME-PCPy szybka wysy\u0142ka<\/strong> aby zminimalizowa\u0107 czas oczekiwania. Wielu dostawc\u00f3w oferuje dostaw\u0119 nast\u0119pnego dnia w Europie.<\/li>\n<li><strong>Przegl\u0105daj wiele opcji<\/strong>: Nie zadowalaj si\u0119 pierwszym sprzedawc\u0105, kt\u00f3rego znajdziesz. Por\u00f3wnaj ceny i opinie r\u00f3\u017cnych dostawc\u00f3w, aby mie\u0107 pewno\u015b\u0107, \u017ce otrzymasz najlepsz\u0105 ofert\u0119. <strong>3-ME-PCPy HCL<\/strong> zakup.<\/li>\n<\/ol>\n<h4>Powi\u0105zane s\u0142owa kluczowe dla Twoich bada\u0144<\/h4>\n<p>Aby usprawni\u0107 wyszukiwanie i odkry\u0107 wi\u0119cej opcji, uwzgl\u0119dnij w swoich zapytaniach poni\u017csze powi\u0105zane s\u0142owa kluczowe:<\/p>\n<ul>\n<li>Kup proszek 3-ME-PCPy Europa<\/li>\n<li>Gdzie kupi\u0107 3-ME-PCPy HCL<\/li>\n<li>3-ME-PCPy na sprzeda\u017c<\/li>\n<li>Dostawca 3-ME-PCPy online<\/li>\n<\/ul>\n<p>Korzystaj\u0105c z tych s\u0142\u00f3w kluczowych, znajdziesz szerszy zakres opcji i informacji dotycz\u0105cych tego, gdzie bezpiecznie kupi\u0107 ten zwi\u0105zek.<\/p>\n<h4>Wniosek<\/h4>\n<p>Zakup proszku 3-ME-PCPy HCL nie musi by\u0107 trudnym zadaniem. Post\u0119puj\u0105c zgodnie ze wskaz\u00f3wkami opisanymi w tym przewodniku i u\u017cywaj\u0105c w\u0142a\u015bciwych s\u0142\u00f3w kluczowych, mo\u017cesz pewnie porusza\u0107 si\u0119 po rynku online. Niezale\u017cnie od tego, czy jeste\u015b badaczem, czy po prostu ciekawi\u0105 Ci\u0119 jego efekty, podj\u0119cie niezb\u0119dnych \u015brodk\u00f3w ostro\u017cno\u015bci zapewni p\u0142ynne zakupy.<\/p>\n<p>Rozpocznij poszukiwania ju\u017c dzi\u015b i poznaj fascynuj\u0105cy \u015bwiat 3-ME-PCPy!<\/p>","protected":false},"excerpt":{"rendered":"<p>The Ultimate Guide to Buying 3-ME-PCPy HCL Powder Online Are you searching for a reliable source to buy 3-ME-PCPy online? Look no further! This guide provides you with all the&hellip;<\/p>\n<p class=\"product woocommerce add_to_cart_inline\" style=\"border:4px solid #ccc; padding: 12px;\"><del aria-hidden=\"true\"><span class=\"woocommerce-Price-amount amount\"><bdi><span class=\"woocommerce-Price-currencySymbol\">&euro;<\/span>30.00<\/bdi><\/span><\/del> <span class=\"screen-reader-text\" data-no-translation=\"\" data-trp-gettext=\"\">Oryginalna cena wynosi\u0142a: &euro;30.00.<\/span><ins aria-hidden=\"true\"><span class=\"woocommerce-Price-amount amount\"><bdi><span class=\"woocommerce-Price-currencySymbol\">&euro;<\/span>25.00<\/bdi><\/span><\/ins><span class=\"screen-reader-text\" data-no-translation=\"\" data-trp-gettext=\"\">Aktualna cena wynosi: &euro;25.00.<\/span><a href=\"\/pl\/wp-json\/wp\/v2\/product\/878?add-to-cart=878\" aria-describedby=\"woocommerce_loop_add_to_cart_link_describedby_878\" data-quantity=\"1\" class=\"button product_type_simple add_to_cart_button ajax_add_to_cart\" data-product_id=\"878\" data-product_sku=\"\" aria-label=\"Dodaj do koszyka: \u201e3-ME-PCPy HCL Powder 1g\u201d\" rel=\"nofollow\" data-success_message=\"\u201c3-ME-PCPy HCL Powder 1g\u201d zosta\u0142 dodany do twojego koszyka\" data-no-translation=\"\" data-trp-gettext=\"\" data-no-translation-aria-label=\"\" data-no-translation-data-success_message=\"\">Dodaj do koszyka<\/a>\t<span id=\"woocommerce_loop_add_to_cart_link_describedby_878\" class=\"screen-reader-text\"><br \/>\n\t\t\t<\/span><\/p>","protected":false},"featured_media":879,"comment_status":"open","ping_status":"closed","template":"","meta":{"_uag_custom_page_level_css":""},"product_brand":[],"product_cat":[28],"product_tag":[],"class_list":{"0":"post-878","1":"product","2":"type-product","3":"status-publish","4":"has-post-thumbnail","6":"product_cat-dissociatives","8":"first","9":"instock","10":"sale","11":"shipping-taxable","12":"purchasable","13":"product-type-simple"},"yoast_head":"<!-- This site is optimized with the Yoast SEO plugin v27.1.1 - https:\/\/yoast.com\/product\/yoast-seo-wordpress\/ -->\n<title>Buy 3-ME-PCPy HCL Powder Online<\/title>\n<meta name=\"description\" content=\"Looking to buy 3-ME-PCPy HCL powder online? Discover how to purchase this dissociative research chemical safely and legally. Explore trusted vendors, secure payment options, and fast shipping for your research needs!\" \/>\n<meta name=\"robots\" content=\"index, follow, max-snippet:-1, max-image-preview:large, max-video-preview:-1\" \/>\n<link rel=\"canonical\" href=\"https:\/\/frcs-research.com\/pl\/product\/kup-mi-3-pcpy\/\" \/>\n<meta property=\"og:locale\" content=\"pl_PL\" \/>\n<meta property=\"og:type\" content=\"article\" \/>\n<meta property=\"og:title\" content=\"Buy 3-ME-PCPy HCL Powder Online\" \/>\n<meta property=\"og:description\" content=\"Looking to buy 3-ME-PCPy HCL powder online? Discover how to purchase this dissociative research chemical safely and legally. Explore trusted vendors, secure payment options, and fast shipping for your research needs!\" \/>\n<meta property=\"og:url\" content=\"https:\/\/frcs-research.com\/pl\/product\/kup-mi-3-pcpy\/\" \/>\n<meta property=\"og:site_name\" content=\"wholesale supplier of research chemicals, 4mmc, 3mmc, MDPHP, Alpha PVP and more\" \/>\n<meta property=\"article:modified_time\" content=\"2026-04-03T21:02:54+00:00\" \/>\n<meta property=\"og:image\" content=\"https:\/\/frcs-research.com\/wp-content\/uploads\/2024\/10\/bimatoprost-500x500-1.webp\" \/>\n\t<meta property=\"og:image:width\" content=\"500\" \/>\n\t<meta property=\"og:image:height\" content=\"500\" \/>\n\t<meta property=\"og:image:type\" content=\"image\/webp\" \/>\n<meta name=\"twitter:card\" content=\"summary_large_image\" \/>\n<meta name=\"twitter:label1\" content=\"Cena\" \/>\n\t<meta name=\"twitter:data1\" content=\"&euro;25.00\" \/>\n\t<meta name=\"twitter:label2\" content=\"Dost\u0119pno\u015b\u0107\" \/>\n\t<meta name=\"twitter:data2\" content=\"Dost\u0119pny\" \/>\n<script type=\"application\/ld+json\" class=\"yoast-schema-graph\">{\"@context\":\"https:\/\/schema.org\",\"@graph\":[{\"@type\":[\"WebPage\",\"ItemPage\"],\"@id\":\"https:\/\/frcs-research.com\/product\/buy-3-me-pcpy\/\",\"url\":\"https:\/\/frcs-research.com\/product\/buy-3-me-pcpy\/\",\"name\":\"Buy 3-ME-PCPy HCL Powder Online\",\"isPartOf\":{\"@id\":\"https:\/\/frcs-research.com\/#website\"},\"primaryImageOfPage\":{\"@id\":\"https:\/\/frcs-research.com\/product\/buy-3-me-pcpy\/#primaryimage\"},\"image\":{\"@id\":\"https:\/\/frcs-research.com\/product\/buy-3-me-pcpy\/#primaryimage\"},\"thumbnailUrl\":\"https:\/\/frcs-research.com\/wp-content\/uploads\/2024\/10\/bimatoprost-500x500-1.webp\",\"datePublished\":\"2024-10-17T22:18:05+00:00\",\"dateModified\":\"2026-04-03T21:02:54+00:00\",\"description\":\"Looking to buy 3-ME-PCPy HCL powder online? Discover how to purchase this dissociative research chemical safely and legally. Explore trusted vendors, secure payment options, and fast shipping for your research needs!\",\"breadcrumb\":{\"@id\":\"https:\/\/frcs-research.com\/product\/buy-3-me-pcpy\/#breadcrumb\"},\"inLanguage\":\"pl-PL\",\"potentialAction\":[{\"@type\":\"ReadAction\",\"target\":[\"https:\/\/frcs-research.com\/product\/buy-3-me-pcpy\/\"]}]},{\"@type\":\"ImageObject\",\"inLanguage\":\"pl-PL\",\"@id\":\"https:\/\/frcs-research.com\/product\/buy-3-me-pcpy\/#primaryimage\",\"url\":\"https:\/\/frcs-research.com\/wp-content\/uploads\/2024\/10\/bimatoprost-500x500-1.webp\",\"contentUrl\":\"https:\/\/frcs-research.com\/wp-content\/uploads\/2024\/10\/bimatoprost-500x500-1.webp\",\"width\":500,\"height\":500,\"caption\":\"Buy 3-ME-PCPy HCL Powder\"},{\"@type\":\"BreadcrumbList\",\"@id\":\"https:\/\/frcs-research.com\/product\/buy-3-me-pcpy\/#breadcrumb\",\"itemListElement\":[{\"@type\":\"ListItem\",\"position\":1,\"name\":\"Home\",\"item\":\"https:\/\/frcs-research.com\/\"},{\"@type\":\"ListItem\",\"position\":2,\"name\":\"Shop\",\"item\":\"https:\/\/frcs-research.com\/shop\/\"},{\"@type\":\"ListItem\",\"position\":3,\"name\":\"3-ME-PCPy HCL Powder 1g\"}]},{\"@type\":\"WebSite\",\"@id\":\"https:\/\/frcs-research.com\/#website\",\"url\":\"https:\/\/frcs-research.com\/\",\"name\":\"wholesale supplier of research chemicals, 4mmc, 3mmc, MDPHP, Alpha PVP and more\",\"description\":\"Wholesale research chemicals\",\"potentialAction\":[{\"@type\":\"SearchAction\",\"target\":{\"@type\":\"EntryPoint\",\"urlTemplate\":\"https:\/\/frcs-research.com\/?s={search_term_string}\"},\"query-input\":{\"@type\":\"PropertyValueSpecification\",\"valueRequired\":true,\"valueName\":\"search_term_string\"}}],\"inLanguage\":\"pl-PL\"}]}<\/script>\n<meta property=\"product:price:amount\" content=\"25.00\" \/>\n<meta property=\"product:price:currency\" content=\"EUR\" \/>\n<meta property=\"og:availability\" content=\"instock\" \/>\n<meta property=\"product:availability\" content=\"instock\" \/>\n<meta property=\"product:condition\" content=\"new\" \/>\n<!-- \/ Yoast SEO plugin. -->","yoast_head_json":{"title":"Kup 3-ME-PCPy HCL Powder Online","description":"Chcesz kupi\u0107 proszek 3-ME-PCPy HCL online? Dowiedz si\u0119, jak bezpiecznie i legalnie kupi\u0107 ten dysocjacyjny \u015brodek badawczy. Przegl\u0105daj zaufanych dostawc\u00f3w, bezpieczne opcje p\u0142atno\u015bci i szybk\u0105 wysy\u0142k\u0119 dla Twoich potrzeb badawczych!","robots":{"index":"index","follow":"follow","max-snippet":"max-snippet:-1","max-image-preview":"max-image-preview:large","max-video-preview":"max-video-preview:-1"},"canonical":"https:\/\/frcs-research.com\/pl\/product\/kup-mi-3-pcpy\/","og_locale":"pl_PL","og_type":"article","og_title":"Buy 3-ME-PCPy HCL Powder Online","og_description":"Looking to buy 3-ME-PCPy HCL powder online? Discover how to purchase this dissociative research chemical safely and legally. Explore trusted vendors, secure payment options, and fast shipping for your research needs!","og_url":"https:\/\/frcs-research.com\/pl\/product\/kup-mi-3-pcpy\/","og_site_name":"wholesale supplier of research chemicals, 4mmc, 3mmc, MDPHP, Alpha PVP and more","article_modified_time":"2026-04-03T21:02:54+00:00","og_image":[{"width":500,"height":500,"url":"https:\/\/frcs-research.com\/wp-content\/uploads\/2024\/10\/bimatoprost-500x500-1.webp","type":"image\/webp"}],"twitter_card":"summary_large_image","twitter_misc":{"Cena":"&euro;25.00","Dost\u0119pno\u015b\u0107":"Dost\u0119pny"},"schema":{"@context":"https:\/\/schema.org","@graph":[{"@type":["WebPage","ItemPage"],"@id":"https:\/\/frcs-research.com\/product\/buy-3-me-pcpy\/","url":"https:\/\/frcs-research.com\/product\/buy-3-me-pcpy\/","name":"Kup 3-ME-PCPy HCL Powder Online","isPartOf":{"@id":"https:\/\/frcs-research.com\/#website"},"primaryImageOfPage":{"@id":"https:\/\/frcs-research.com\/product\/buy-3-me-pcpy\/#primaryimage"},"image":{"@id":"https:\/\/frcs-research.com\/product\/buy-3-me-pcpy\/#primaryimage"},"thumbnailUrl":"https:\/\/frcs-research.com\/wp-content\/uploads\/2024\/10\/bimatoprost-500x500-1.webp","datePublished":"2024-10-17T22:18:05+00:00","dateModified":"2026-04-03T21:02:54+00:00","description":"Chcesz kupi\u0107 proszek 3-ME-PCPy HCL online? Dowiedz si\u0119, jak bezpiecznie i legalnie kupi\u0107 ten dysocjacyjny \u015brodek badawczy. Przegl\u0105daj zaufanych dostawc\u00f3w, bezpieczne opcje p\u0142atno\u015bci i szybk\u0105 wysy\u0142k\u0119 dla Twoich potrzeb badawczych!","breadcrumb":{"@id":"https:\/\/frcs-research.com\/product\/buy-3-me-pcpy\/#breadcrumb"},"inLanguage":"pl-PL","potentialAction":[{"@type":"ReadAction","target":["https:\/\/frcs-research.com\/product\/buy-3-me-pcpy\/"]}]},{"@type":"ImageObject","inLanguage":"pl-PL","@id":"https:\/\/frcs-research.com\/product\/buy-3-me-pcpy\/#primaryimage","url":"https:\/\/frcs-research.com\/wp-content\/uploads\/2024\/10\/bimatoprost-500x500-1.webp","contentUrl":"https:\/\/frcs-research.com\/wp-content\/uploads\/2024\/10\/bimatoprost-500x500-1.webp","width":500,"height":500,"caption":"Buy 3-ME-PCPy HCL Powder"},{"@type":"BreadcrumbList","@id":"https:\/\/frcs-research.com\/product\/buy-3-me-pcpy\/#breadcrumb","itemListElement":[{"@type":"ListItem","position":1,"name":"Home","item":"https:\/\/frcs-research.com\/"},{"@type":"ListItem","position":2,"name":"Shop","item":"https:\/\/frcs-research.com\/shop\/"},{"@type":"ListItem","position":3,"name":"3-ME-PCPy HCL Powder 1g"}]},{"@type":"WebSite","@id":"https:\/\/frcs-research.com\/#website","url":"https:\/\/frcs-research.com\/","name":"hurtowy dostawca chemikali\u00f3w badawczych, 4mmc, 3mmc, MDPHP, Alpha PVP i innych","description":"Hurtowa sprzeda\u017c chemikali\u00f3w badawczych","potentialAction":[{"@type":"SearchAction","target":{"@type":"EntryPoint","urlTemplate":"https:\/\/frcs-research.com\/?s={search_term_string}"},"query-input":{"@type":"PropertyValueSpecification","valueRequired":true,"valueName":"search_term_string"}}],"inLanguage":"pl-PL"}]},"product_price_amount":"25.00","product_price_currency":"EUR","og_availability":"instock","product_availability":"instock","product_condition":"new"},"uagb_featured_image_src":{"full":["https:\/\/frcs-research.com\/wp-content\/uploads\/2024\/10\/bimatoprost-500x500-1.webp",500,500,false],"thumbnail":["https:\/\/frcs-research.com\/wp-content\/uploads\/2024\/10\/bimatoprost-500x500-1-150x150.webp",150,150,true],"medium":["https:\/\/frcs-research.com\/wp-content\/uploads\/2024\/10\/bimatoprost-500x500-1-300x300.webp",300,300,true],"medium_large":["https:\/\/frcs-research.com\/wp-content\/uploads\/2024\/10\/bimatoprost-500x500-1.webp",500,500,false],"large":["https:\/\/frcs-research.com\/wp-content\/uploads\/2024\/10\/bimatoprost-500x500-1.webp",500,500,false],"1536x1536":["https:\/\/frcs-research.com\/wp-content\/uploads\/2024\/10\/bimatoprost-500x500-1.webp",500,500,false],"2048x2048":["https:\/\/frcs-research.com\/wp-content\/uploads\/2024\/10\/bimatoprost-500x500-1.webp",500,500,false],"trp-custom-language-flag":["https:\/\/frcs-research.com\/wp-content\/uploads\/2024\/10\/bimatoprost-500x500-1.webp",12,12,false],"post-thumbnail":["https:\/\/frcs-research.com\/wp-content\/uploads\/2024\/10\/bimatoprost-500x500-1.webp",500,500,false],"elite-commerce-slider":["https:\/\/frcs-research.com\/wp-content\/uploads\/2024\/10\/bimatoprost-500x500-1.webp",500,500,false],"elite-commerce-hero":["https:\/\/frcs-research.com\/wp-content\/uploads\/2024\/10\/bimatoprost-500x500-1.webp",500,500,false],"elite-commerce-portfolio":["https:\/\/frcs-research.com\/wp-content\/uploads\/2024\/10\/bimatoprost-500x500-1.webp",400,400,false],"woocommerce_thumbnail":["https:\/\/frcs-research.com\/wp-content\/uploads\/2024\/10\/bimatoprost-500x500-1-300x300.webp",300,300,true],"woocommerce_single":["https:\/\/frcs-research.com\/wp-content\/uploads\/2024\/10\/bimatoprost-500x500-1.webp",500,500,false],"woocommerce_gallery_thumbnail":["https:\/\/frcs-research.com\/wp-content\/uploads\/2024\/10\/bimatoprost-500x500-1-100x100.webp",100,100,true]},"uagb_author_info":{"display_name":"cho","author_link":"https:\/\/frcs-research.com\/pl\/author\/"},"uagb_comment_info":784,"uagb_excerpt":"The Ultimate Guide to Buying 3-ME-PCPy HCL Powder Online Are you searching for a reliable source to buy 3-ME-PCPy online? Look no further! This guide provides you with all the&hellip;&euro;30.00 Oryginalna cena wynosi\u0142a: &euro;30.00.&euro;25.00Aktualna cena wynosi: &euro;25.00.Dodaj do koszyka","_links":{"self":[{"href":"https:\/\/frcs-research.com\/pl\/wp-json\/wp\/v2\/product\/878","targetHints":{"allow":["GET"]}}],"collection":[{"href":"https:\/\/frcs-research.com\/pl\/wp-json\/wp\/v2\/product"}],"about":[{"href":"https:\/\/frcs-research.com\/pl\/wp-json\/wp\/v2\/types\/product"}],"replies":[{"embeddable":true,"href":"https:\/\/frcs-research.com\/pl\/wp-json\/wp\/v2\/comments?post=878"}],"wp:featuredmedia":[{"embeddable":true,"href":"https:\/\/frcs-research.com\/pl\/wp-json\/wp\/v2\/media\/879"}],"wp:attachment":[{"href":"https:\/\/frcs-research.com\/pl\/wp-json\/wp\/v2\/media?parent=878"}],"wp:term":[{"taxonomy":"product_brand","embeddable":true,"href":"https:\/\/frcs-research.com\/pl\/wp-json\/wp\/v2\/product_brand?post=878"},{"taxonomy":"product_cat","embeddable":true,"href":"https:\/\/frcs-research.com\/pl\/wp-json\/wp\/v2\/product_cat?post=878"},{"taxonomy":"product_tag","embeddable":true,"href":"https:\/\/frcs-research.com\/pl\/wp-json\/wp\/v2\/product_tag?post=878"}],"curies":[{"name":"wp","href":"https:\/\/api.w.org\/{rel}","templated":true}]}}