{"id":898,"date":"2024-10-18T14:56:42","date_gmt":"2024-10-18T14:56:42","guid":{"rendered":"https:\/\/frcs-research.com\/?post_type=product&#038;p=898"},"modified":"2026-04-04T01:22:32","modified_gmt":"2026-04-04T01:22:32","slug":"mdmb-butinaca-hurtowo","status":"publish","type":"product","link":"https:\/\/frcs-research.com\/pl\/product\/mdmb-butinaca-hurtowo\/","title":{"rendered":"MDMB-Butinaca 1kg"},"content":{"rendered":"<p><strong>Najlepszy przewodnik po hurtowej sprzeda\u017cy MDMB-Butinaca: hurtowa dostawa, czysto\u015b\u0107 i standardy bran\u017cowe<\/strong><\/p>\n<p>W ostatnich latach syntetyczne kannabinoidy zyska\u0142y znaczn\u0105 uwag\u0119 w r\u00f3\u017cnych ga\u0142\u0119ziach przemys\u0142u, szczeg\u00f3lnie w badaniach i analizach chemicznych. Jednym z takich zwi\u0105zk\u00f3w, <strong>MDMB-Butinaca<\/strong>, wy\u0142oni\u0142 si\u0119 jako kluczowy gracz ze wzgl\u0119du na swoje unikalne w\u0142a\u015bciwo\u015bci. Je\u015bli jeste\u015b na rynku <strong>MDMB-Butinaca zam\u00f3wienia hurtowe<\/strong>, w tym przewodniku znajdziesz wszystko, co musisz wiedzie\u0107, od znalezienia niezawodnego <strong>MDMB-Butinaca hurtowy dostawca<\/strong> aby zapewni\u0107 Ci spe\u0142nienie wszystkich <strong>standardy zgodno\u015bci z przepisami<\/strong>.<\/p>\n<h3>Czym jest MDMB-Butinaca?<\/h3>\n<p><strong>MDMB-Butinaca<\/strong>, znany r\u00f3wnie\u017c pod nazw\u0105 <strong>Numer CAS<\/strong>, jest pot\u0119\u017cny <strong>syntetyczny kannabinoid<\/strong> stosowany g\u0142\u00f3wnie w badaniach naukowych. Naukowcy i laboratoria na ca\u0142ym \u015bwiecie poszukuj\u0105 <strong>MDMB-Butinaca na rzecz bada\u0144 naukowych<\/strong> ze wzgl\u0119du na jego zdolno\u015b\u0107 do na\u015bladowania efekt\u00f3w naturalnych kannabinoid\u00f3w. Jednak jego stosowanie jest \u015bci\u015ble regulowane, co sprawia, \u017ce kluczowe jest pozyskiwanie go z <strong>certyfikowany dostawca MDMB-Butinaca<\/strong>.<\/p>\n<h3>Dlaczego warto wybra\u0107 MDMB-Butinaca?<\/h3>\n<p>Wysoki <strong>czysto\u015b\u0107 MDMB-Butinaca<\/strong> czyni go poszukiwanym zwi\u0105zkiem chemicznym do r\u00f3\u017cnych zastosowa\u0144, szczeg\u00f3lnie w badaniu kannabinoid\u00f3w i ich wp\u0142ywu na organizm cz\u0142owieka. Gdy pochodzi z <strong><a href=\"https:\/\/www.iso.org\/certification.html\">Certyfikowany przez ISO<\/a> Dostawca MDMB-Butinaca<\/strong>, zapewnia niezawodno\u015b\u0107 i sp\u00f3jno\u015b\u0107 produktu w warunkach badawczych.<\/p>\n<h3>Jak znale\u017a\u0107 niezawodnego hurtowego dostawc\u0119 MDMB-Butinaca<\/h3>\n<p>Je\u015bli chodzi o <strong>zakup hurtowy MDMB-Butinaca<\/strong>, wyb\u00f3r w\u0142a\u015bciwego dostawcy jest kluczowy. Oto, na co powiniene\u015b zwr\u00f3ci\u0107 uwag\u0119:<\/p>\n<ol>\n<li><strong>Certyfikacja czysto\u015bci i bezpiecze\u0144stwa<\/strong>: Upewnij si\u0119, \u017ce Tw\u00f3j dostawca zapewnia <strong>Certyfikaty czysto\u015bci MDMB-Butinaca<\/strong>. Gwarantuje to, \u017ce zwi\u0105zek spe\u0142nia standardy przemys\u0142owe i jest bezpieczny do cel\u00f3w badawczych.<\/li>\n<li><strong>Zgodno\u015b\u0107 z przepisami<\/strong>:Syntetyczne kannabinoidy, takie jak MDMB-Butinaca, podlegaj\u0105 \u015bcis\u0142ym regulacjom. <strong>dostawca MDMB-Butinaca zgodny z przepisami<\/strong> b\u0119dzie przestrzega\u0107 norm prawnych, co ograniczy ryzyko zwi\u0105zane z prac\u0105 z niezatwierdzonymi lub niebezpiecznymi substancjami chemicznymi.<\/li>\n<li><strong>Wysokie standardy jako\u015bci<\/strong>:Wsp\u00f3\u0142pracuj z dostawcami oferuj\u0105cymi <strong>syntetyczne kannabinoidy sprawdzone pod k\u0105tem bezpiecze\u0144stwa<\/strong>. Dzi\u0119ki temu masz pewno\u015b\u0107, \u017ce produkt przeszed\u0142 rygorystyczne kontrole bezpiecze\u0144stwa, dzi\u0119ki czemu nadaje si\u0119 do zastosowa\u0144 badawczych lub przemys\u0142owych.<\/li>\n<li><strong>Certyfikacja ISO<\/strong>: <strong>Certyfikowany przez ISO <a href=\"https:\/\/frcs-research.com\/pl\/product-tag\/mdmb-butinaca-zaopatrzenie-przemyslowe\/\">Dostawcy MDMB-Butinaca<\/a><\/strong> przestrzega\u0107 \u015bcis\u0142ych protoko\u0142\u00f3w, aby utrzyma\u0107 jako\u015b\u0107 i bezpiecze\u0144stwo swoich produkt\u00f3w. Szukaj dostawc\u00f3w, kt\u00f3rzy mog\u0105 zaoferowa\u0107 <strong>hurtowa produkcja syntetycznych kannabinoid\u00f3w<\/strong> z norm\u0105 ISO.<\/li>\n<\/ol>\n<h3>Korzy\u015bci z hurtowych zam\u00f3wie\u0144 MDMB-Butinaca<\/h3>\n<p>Dla laboratori\u00f3w badawczych, instytucji akademickich i zastosowa\u0144 przemys\u0142owych, <a href=\"https:\/\/frcs-research.com\/pl\/product-tag\/mdmb-butinaca-zamowienie-hurtowe\/\"><strong>MDMB-Butinaca zam\u00f3wienia hurtowe<\/strong><\/a> mo\u017ce by\u0107 op\u0142acalne i pozwala zaoszcz\u0119dzi\u0107 czas. <strong>Hurtowi dostawcy MDMB-Butinaca<\/strong> cz\u0119sto oferuj\u0105 zni\u017cki na wi\u0119ksze ilo\u015bci, dzi\u0119ki czemu organizacje mog\u0105 prowadzi\u0107 bardziej przyst\u0119pne cenowo badania. Ponadto, maj\u0105c <strong>MDMB-Butinaca hurtowo<\/strong> zapewnia p\u0142ynn\u0105 realizacj\u0119 Twoich projekt\u00f3w bez ryzyka niedobor\u00f3w dostaw.<\/p>\n<h3>MDMB-Butinaca na rzecz bada\u0144 naukowych<\/h3>\n<p>Rosn\u0105ce zainteresowanie kannabinoidami doprowadzi\u0142o do wzrostu popytu na <strong>Produkty laboratoryjne MDMB-Butinaca<\/strong>. Wielu badaczy zwraca si\u0119 do <strong>MDMB-Butinaca dla standard\u00f3w analitycznych<\/strong>, co pomaga zapewni\u0107 sp\u00f3jne wyniki w badaniach. Zakup <a href=\"https:\/\/frcs-research.com\/pl\/product-tag\/wysokiej-czystosci-mdmb-butinaca\/\"><strong>wysokiej czysto\u015bci MDMB-Butinaca<\/strong><\/a> od <strong>niezawodny dostawca hurtowy<\/strong> jest kluczowa dla uzyskania dok\u0142adnych wynik\u00f3w w jakichkolwiek badaniach naukowych.<\/p>\n<h3>MDMB-Butinaca Dostawy przemys\u0142owe<\/h3>\n<p>Opr\u00f3cz roli w badaniach naukowych, <a href=\"https:\/\/frcs-research.com\/pl\/product-tag\/mdmb-butinaca-proszek-hurtowa-dostawa\/\"><strong>MDMB-Butinaca dostawa przemys\u0142owa<\/strong><\/a> jest niezb\u0119dny dla zastosowa\u0144 na du\u017c\u0105 skal\u0119. Wiele bran\u017c polega na <strong>hurtowe zwi\u0105zki kannabinoidowe<\/strong> do produkcji i rozwoju produktu. Pozyskuj\u0105c od <strong>zaufany producent MDMB-Butinaca<\/strong>, firmy mog\u0105 mie\u0107 pewno\u015b\u0107, \u017ce otrzymuj\u0105 <strong>niestandardowe formulacje MDMB-Butinaca<\/strong> dostosowane do ich konkretnych potrzeb.<\/p>\n<h3>Wyb\u00f3r w\u0142a\u015bciwego dystrybutora hurtowego MDMB-Butinaca<\/h3>\n<p>Maj\u0105c do dyspozycji tak wielu dostawc\u00f3w, niezb\u0119dna jest wsp\u00f3\u0142praca z <strong>renomowany <a href=\"https:\/\/frcs-research.com\/pl\/product-tag\/hurtowy-dystrybutor-mdmb-butinaca\/\">Dystrybutor masowy MDMB-Butinaca<\/a><\/strong> kt\u00f3ry mo\u017ce sprosta\u0107 Twoim potrzebom. Najlepszy dostawca nie tylko zaoferuje <a href=\"https:\/\/frcs-research.com\/pl\/product-tag\/mdmb-butinaca-zaopatrzenie-przemyslowe\/\"><strong>MDMB-Dostawa hurtowa proszku Butinaca<\/strong><\/a> ale tak\u017ce zapewniaj\u0105 <strong>niestandardowe formulacje MDMB-Butinaca<\/strong> je\u015bli to konieczne.<\/p>\n<h3>Wniosek<\/h3>\n<p>Poniewa\u017c popyt na <strong>syntetyczne kannabinoidy<\/strong> nadal ro\u015bnie, pozyskuj\u0105c <strong>MDMB-Butinaca hurtowo<\/strong> sta\u0142o si\u0119 kluczowe zar\u00f3wno dla badaczy, jak i przemys\u0142u. Niezale\u017cnie od tego, czy szukasz <strong>MDMB-Butinaca dystrybucja na du\u017c\u0105 skal\u0119<\/strong> lub potrzebujesz <strong>certyfikowany dostawca MDMB-Butinaca<\/strong> dla Twojego laboratorium znalezienie odpowiedniego partnera hurtowego mo\u017ce mie\u0107 kluczowe znaczenie.<\/p>\n<p>Upewnij si\u0119, \u017ce Tw\u00f3j dostawca oferuje <strong>wysokiej czysto\u015bci MDMB-Butinaca<\/strong> z niezb\u0119dnymi <strong>certyfikaty czysto\u015bci<\/strong> i przestrzega \u015bcis\u0142ych <strong>normy bezpiecze\u0144stwa i regulacyjne<\/strong>. Stosuj\u0105c si\u0119 do tych wskaz\u00f3wek, mo\u017cesz \u015bmia\u0142o kupowa\u0107 <strong>MDMB-Butinaca hurtowo<\/strong> do ka\u017cdego zastosowania.<\/p>","protected":false},"excerpt":{"rendered":"<p>The Ultimate Guide to MDMB-Butinaca Wholesale: Bulk Supply, Purity, and Industry Standards In recent years, synthetic cannabinoids have gained significant attention in various industries, particularly in research and chemical analysis.&hellip;<\/p>\n<p class=\"product woocommerce add_to_cart_inline\" style=\"border:4px solid #ccc; padding: 12px;\"><del aria-hidden=\"true\"><span class=\"woocommerce-Price-amount amount\"><bdi><span class=\"woocommerce-Price-currencySymbol\">&euro;<\/span>550.00<\/bdi><\/span><\/del> <span class=\"screen-reader-text\" data-no-translation=\"\" data-trp-gettext=\"\">Oryginalna cena wynosi\u0142a: &euro;550.00.<\/span><ins aria-hidden=\"true\"><span class=\"woocommerce-Price-amount amount\"><bdi><span class=\"woocommerce-Price-currencySymbol\">&euro;<\/span>500.00<\/bdi><\/span><\/ins><span class=\"screen-reader-text\" data-no-translation=\"\" data-trp-gettext=\"\">Aktualna cena wynosi: &euro;500.00.<\/span><a href=\"\/pl\/wp-json\/wp\/v2\/product\/898?add-to-cart=898\" aria-describedby=\"woocommerce_loop_add_to_cart_link_describedby_898\" data-quantity=\"1\" class=\"button product_type_simple add_to_cart_button ajax_add_to_cart\" data-product_id=\"898\" data-product_sku=\"\" aria-label=\"Dodaj do koszyka: \u201eMDMB-Butinaca 1kg\u201d\" rel=\"nofollow\" data-success_message=\"\u201cMDMB-Butinaca 1kg\u201d zosta\u0142 dodany do twojego koszyka\" data-no-translation=\"\" data-trp-gettext=\"\" data-no-translation-aria-label=\"\" data-no-translation-data-success_message=\"\">Dodaj do koszyka<\/a>\t<span id=\"woocommerce_loop_add_to_cart_link_describedby_898\" class=\"screen-reader-text\"><br \/>\n\t\t\t<\/span><\/p>","protected":false},"featured_media":899,"comment_status":"open","ping_status":"closed","template":"","meta":{"_uag_custom_page_level_css":""},"product_brand":[],"product_cat":[25],"product_tag":[323,326,318,324,325,320,321,328,317,322,319,327],"class_list":{"0":"post-898","1":"product","2":"type-product","3":"status-publish","4":"has-post-thumbnail","6":"product_cat-synthetic-cannabinoids","7":"product_tag-bulk-mdmb-butinaca-distributor","8":"product_tag-high-purity-mdmb-butinaca","9":"product_tag-mdmb-butinaca-bulk-order","10":"product_tag-mdmb-butinaca-cas-number","11":"product_tag-mdmb-butinaca-industrial-supply","12":"product_tag-mdmb-butinaca-large-scale-distribution","13":"product_tag-mdmb-butinaca-manufacturer","14":"product_tag-mdmb-butinaca-powder-bulk-supply","15":"product_tag-mdmb-butinaca-wholesale-supplier","16":"product_tag-research-chemicals-wholesale","17":"product_tag-synthetic-cannabinoids-bulk","18":"product_tag-wholesale-synthetic-cannabinoids","20":"first","21":"instock","22":"sale","23":"shipping-taxable","24":"purchasable","25":"product-type-simple"},"yoast_head":"<!-- This site is optimized with the Yoast SEO plugin v27.1.1 - https:\/\/yoast.com\/product\/yoast-seo-wordpress\/ -->\n<title>MDMB-Butinaca Wholesale: Bulk Supply, High Purity, and Industry<\/title>\n<meta name=\"description\" content=\"Looking for a reliable MDMB-Butinaca wholesale supplier? Learn how to buy high-purity MDMB-Butinaca in bulk with safety certifications and regulatory compliance for research or industrial applications.\" \/>\n<meta name=\"robots\" content=\"index, follow, max-snippet:-1, max-image-preview:large, max-video-preview:-1\" \/>\n<link rel=\"canonical\" href=\"https:\/\/frcs-research.com\/pl\/product\/mdmb-butinaca-hurtowo\/\" \/>\n<meta property=\"og:locale\" content=\"pl_PL\" \/>\n<meta property=\"og:type\" content=\"article\" \/>\n<meta property=\"og:title\" content=\"MDMB-Butinaca Wholesale: Bulk Supply, High Purity, and Industry\" \/>\n<meta property=\"og:description\" content=\"Looking for a reliable MDMB-Butinaca wholesale supplier? Learn how to buy high-purity MDMB-Butinaca in bulk with safety certifications and regulatory compliance for research or industrial applications.\" \/>\n<meta property=\"og:url\" content=\"https:\/\/frcs-research.com\/pl\/product\/mdmb-butinaca-hurtowo\/\" \/>\n<meta property=\"og:site_name\" content=\"wholesale supplier of research chemicals, 4mmc, 3mmc, MDPHP, Alpha PVP and more\" \/>\n<meta property=\"article:modified_time\" content=\"2026-04-04T01:22:32+00:00\" \/>\n<meta property=\"og:image\" content=\"https:\/\/frcs-research.com\/wp-content\/uploads\/2024\/10\/1711485862-2.jpg\" \/>\n\t<meta property=\"og:image:width\" content=\"768\" \/>\n\t<meta property=\"og:image:height\" content=\"1024\" \/>\n\t<meta property=\"og:image:type\" content=\"image\/jpeg\" \/>\n<meta name=\"twitter:card\" content=\"summary_large_image\" \/>\n<meta name=\"twitter:label1\" content=\"Cena\" \/>\n\t<meta name=\"twitter:data1\" content=\"&euro;500.00\" \/>\n\t<meta name=\"twitter:label2\" content=\"Dost\u0119pno\u015b\u0107\" \/>\n\t<meta name=\"twitter:data2\" content=\"Dost\u0119pny\" \/>\n<script type=\"application\/ld+json\" class=\"yoast-schema-graph\">{\"@context\":\"https:\/\/schema.org\",\"@graph\":[{\"@type\":[\"WebPage\",\"ItemPage\"],\"@id\":\"https:\/\/frcs-research.com\/product\/mdmb-butinaca-wholesale\/\",\"url\":\"https:\/\/frcs-research.com\/product\/mdmb-butinaca-wholesale\/\",\"name\":\"MDMB-Butinaca Wholesale: Bulk Supply, High Purity, and Industry\",\"isPartOf\":{\"@id\":\"https:\/\/frcs-research.com\/#website\"},\"primaryImageOfPage\":{\"@id\":\"https:\/\/frcs-research.com\/product\/mdmb-butinaca-wholesale\/#primaryimage\"},\"image\":{\"@id\":\"https:\/\/frcs-research.com\/product\/mdmb-butinaca-wholesale\/#primaryimage\"},\"thumbnailUrl\":\"https:\/\/frcs-research.com\/wp-content\/uploads\/2024\/10\/1711485862-2.jpg\",\"datePublished\":\"2024-10-18T14:56:42+00:00\",\"dateModified\":\"2026-04-04T01:22:32+00:00\",\"description\":\"Looking for a reliable MDMB-Butinaca wholesale supplier? Learn how to buy high-purity MDMB-Butinaca in bulk with safety certifications and regulatory compliance for research or industrial applications.\",\"breadcrumb\":{\"@id\":\"https:\/\/frcs-research.com\/product\/mdmb-butinaca-wholesale\/#breadcrumb\"},\"inLanguage\":\"pl-PL\",\"potentialAction\":[{\"@type\":\"ReadAction\",\"target\":[\"https:\/\/frcs-research.com\/product\/mdmb-butinaca-wholesale\/\"]}]},{\"@type\":\"ImageObject\",\"inLanguage\":\"pl-PL\",\"@id\":\"https:\/\/frcs-research.com\/product\/mdmb-butinaca-wholesale\/#primaryimage\",\"url\":\"https:\/\/frcs-research.com\/wp-content\/uploads\/2024\/10\/1711485862-2.jpg\",\"contentUrl\":\"https:\/\/frcs-research.com\/wp-content\/uploads\/2024\/10\/1711485862-2.jpg\",\"width\":768,\"height\":1024,\"caption\":\"MDMB-Butinaca Wholesale\"},{\"@type\":\"BreadcrumbList\",\"@id\":\"https:\/\/frcs-research.com\/product\/mdmb-butinaca-wholesale\/#breadcrumb\",\"itemListElement\":[{\"@type\":\"ListItem\",\"position\":1,\"name\":\"Home\",\"item\":\"https:\/\/frcs-research.com\/\"},{\"@type\":\"ListItem\",\"position\":2,\"name\":\"Shop\",\"item\":\"https:\/\/frcs-research.com\/shop\/\"},{\"@type\":\"ListItem\",\"position\":3,\"name\":\"MDMB-Butinaca 1kg\"}]},{\"@type\":\"WebSite\",\"@id\":\"https:\/\/frcs-research.com\/#website\",\"url\":\"https:\/\/frcs-research.com\/\",\"name\":\"wholesale supplier of research chemicals, 4mmc, 3mmc, MDPHP, Alpha PVP and more\",\"description\":\"Wholesale research chemicals\",\"potentialAction\":[{\"@type\":\"SearchAction\",\"target\":{\"@type\":\"EntryPoint\",\"urlTemplate\":\"https:\/\/frcs-research.com\/?s={search_term_string}\"},\"query-input\":{\"@type\":\"PropertyValueSpecification\",\"valueRequired\":true,\"valueName\":\"search_term_string\"}}],\"inLanguage\":\"pl-PL\"}]}<\/script>\n<meta property=\"product:price:amount\" content=\"500.00\" \/>\n<meta property=\"product:price:currency\" content=\"EUR\" \/>\n<meta property=\"og:availability\" content=\"instock\" \/>\n<meta property=\"product:availability\" content=\"instock\" \/>\n<meta property=\"product:condition\" content=\"new\" \/>\n<!-- \/ Yoast SEO plugin. -->","yoast_head_json":{"title":"MDMB-Butinaca hurtowo: hurtowa dostawa, wysoka czysto\u015b\u0107 i przemys\u0142","description":"Szukasz niezawodnego hurtowego dostawcy MDMB-Butinaca? Dowiedz si\u0119, jak kupowa\u0107 MDMB-Butinaca o wysokiej czysto\u015bci w hurtowych ilo\u015bciach z certyfikatami bezpiecze\u0144stwa i zgodno\u015bci\u0105 z przepisami do zastosowa\u0144 badawczych lub przemys\u0142owych.","robots":{"index":"index","follow":"follow","max-snippet":"max-snippet:-1","max-image-preview":"max-image-preview:large","max-video-preview":"max-video-preview:-1"},"canonical":"https:\/\/frcs-research.com\/pl\/product\/mdmb-butinaca-hurtowo\/","og_locale":"pl_PL","og_type":"article","og_title":"MDMB-Butinaca Wholesale: Bulk Supply, High Purity, and Industry","og_description":"Looking for a reliable MDMB-Butinaca wholesale supplier? Learn how to buy high-purity MDMB-Butinaca in bulk with safety certifications and regulatory compliance for research or industrial applications.","og_url":"https:\/\/frcs-research.com\/pl\/product\/mdmb-butinaca-hurtowo\/","og_site_name":"wholesale supplier of research chemicals, 4mmc, 3mmc, MDPHP, Alpha PVP and more","article_modified_time":"2026-04-04T01:22:32+00:00","og_image":[{"width":768,"height":1024,"url":"https:\/\/frcs-research.com\/wp-content\/uploads\/2024\/10\/1711485862-2.jpg","type":"image\/jpeg"}],"twitter_card":"summary_large_image","twitter_misc":{"Cena":"&euro;500.00","Dost\u0119pno\u015b\u0107":"Dost\u0119pny"},"schema":{"@context":"https:\/\/schema.org","@graph":[{"@type":["WebPage","ItemPage"],"@id":"https:\/\/frcs-research.com\/product\/mdmb-butinaca-wholesale\/","url":"https:\/\/frcs-research.com\/product\/mdmb-butinaca-wholesale\/","name":"MDMB-Butinaca hurtowo: hurtowa dostawa, wysoka czysto\u015b\u0107 i przemys\u0142","isPartOf":{"@id":"https:\/\/frcs-research.com\/#website"},"primaryImageOfPage":{"@id":"https:\/\/frcs-research.com\/product\/mdmb-butinaca-wholesale\/#primaryimage"},"image":{"@id":"https:\/\/frcs-research.com\/product\/mdmb-butinaca-wholesale\/#primaryimage"},"thumbnailUrl":"https:\/\/frcs-research.com\/wp-content\/uploads\/2024\/10\/1711485862-2.jpg","datePublished":"2024-10-18T14:56:42+00:00","dateModified":"2026-04-04T01:22:32+00:00","description":"Szukasz niezawodnego hurtowego dostawcy MDMB-Butinaca? Dowiedz si\u0119, jak kupowa\u0107 MDMB-Butinaca o wysokiej czysto\u015bci w hurtowych ilo\u015bciach z certyfikatami bezpiecze\u0144stwa i zgodno\u015bci\u0105 z przepisami do zastosowa\u0144 badawczych lub przemys\u0142owych.","breadcrumb":{"@id":"https:\/\/frcs-research.com\/product\/mdmb-butinaca-wholesale\/#breadcrumb"},"inLanguage":"pl-PL","potentialAction":[{"@type":"ReadAction","target":["https:\/\/frcs-research.com\/product\/mdmb-butinaca-wholesale\/"]}]},{"@type":"ImageObject","inLanguage":"pl-PL","@id":"https:\/\/frcs-research.com\/product\/mdmb-butinaca-wholesale\/#primaryimage","url":"https:\/\/frcs-research.com\/wp-content\/uploads\/2024\/10\/1711485862-2.jpg","contentUrl":"https:\/\/frcs-research.com\/wp-content\/uploads\/2024\/10\/1711485862-2.jpg","width":768,"height":1024,"caption":"MDMB-Butinaca Wholesale"},{"@type":"BreadcrumbList","@id":"https:\/\/frcs-research.com\/product\/mdmb-butinaca-wholesale\/#breadcrumb","itemListElement":[{"@type":"ListItem","position":1,"name":"Home","item":"https:\/\/frcs-research.com\/"},{"@type":"ListItem","position":2,"name":"Shop","item":"https:\/\/frcs-research.com\/shop\/"},{"@type":"ListItem","position":3,"name":"MDMB-Butinaca 1kg"}]},{"@type":"WebSite","@id":"https:\/\/frcs-research.com\/#website","url":"https:\/\/frcs-research.com\/","name":"hurtowy dostawca chemikali\u00f3w badawczych, 4mmc, 3mmc, MDPHP, Alpha PVP i innych","description":"Hurtowa sprzeda\u017c chemikali\u00f3w badawczych","potentialAction":[{"@type":"SearchAction","target":{"@type":"EntryPoint","urlTemplate":"https:\/\/frcs-research.com\/?s={search_term_string}"},"query-input":{"@type":"PropertyValueSpecification","valueRequired":true,"valueName":"search_term_string"}}],"inLanguage":"pl-PL"}]},"product_price_amount":"500.00","product_price_currency":"EUR","og_availability":"instock","product_availability":"instock","product_condition":"new"},"uagb_featured_image_src":{"full":["https:\/\/frcs-research.com\/wp-content\/uploads\/2024\/10\/1711485862-2.jpg",768,1024,false],"thumbnail":["https:\/\/frcs-research.com\/wp-content\/uploads\/2024\/10\/1711485862-2-150x150.jpg",150,150,true],"medium":["https:\/\/frcs-research.com\/wp-content\/uploads\/2024\/10\/1711485862-2-225x300.jpg",225,300,true],"medium_large":["https:\/\/frcs-research.com\/wp-content\/uploads\/2024\/10\/1711485862-2.jpg",768,1024,false],"large":["https:\/\/frcs-research.com\/wp-content\/uploads\/2024\/10\/1711485862-2.jpg",768,1024,false],"1536x1536":["https:\/\/frcs-research.com\/wp-content\/uploads\/2024\/10\/1711485862-2.jpg",768,1024,false],"2048x2048":["https:\/\/frcs-research.com\/wp-content\/uploads\/2024\/10\/1711485862-2.jpg",768,1024,false],"trp-custom-language-flag":["https:\/\/frcs-research.com\/wp-content\/uploads\/2024\/10\/1711485862-2.jpg",9,12,false],"post-thumbnail":["https:\/\/frcs-research.com\/wp-content\/uploads\/2024\/10\/1711485862-2.jpg",465,620,false],"elite-commerce-slider":["https:\/\/frcs-research.com\/wp-content\/uploads\/2024\/10\/1711485862-2.jpg",750,1000,false],"elite-commerce-hero":["https:\/\/frcs-research.com\/wp-content\/uploads\/2024\/10\/1711485862-2.jpg",488,650,false],"elite-commerce-portfolio":["https:\/\/frcs-research.com\/wp-content\/uploads\/2024\/10\/1711485862-2.jpg",338,450,false],"woocommerce_thumbnail":["https:\/\/frcs-research.com\/wp-content\/uploads\/2024\/10\/1711485862-2-300x300.jpg",300,300,true],"woocommerce_single":["https:\/\/frcs-research.com\/wp-content\/uploads\/2024\/10\/1711485862-2-600x800.jpg",600,800,true],"woocommerce_gallery_thumbnail":["https:\/\/frcs-research.com\/wp-content\/uploads\/2024\/10\/1711485862-2-100x100.jpg",100,100,true]},"uagb_author_info":{"display_name":"cho","author_link":"https:\/\/frcs-research.com\/pl\/author\/"},"uagb_comment_info":738,"uagb_excerpt":"The Ultimate Guide to MDMB-Butinaca Wholesale: Bulk Supply, Purity, and Industry Standards In recent years, synthetic cannabinoids have gained significant attention in various industries, particularly in research and chemical analysis.&hellip;&euro;550.00 Oryginalna cena wynosi\u0142a: &euro;550.00.&euro;500.00Aktualna cena wynosi: &euro;500.00.Dodaj do koszyka","_links":{"self":[{"href":"https:\/\/frcs-research.com\/pl\/wp-json\/wp\/v2\/product\/898","targetHints":{"allow":["GET"]}}],"collection":[{"href":"https:\/\/frcs-research.com\/pl\/wp-json\/wp\/v2\/product"}],"about":[{"href":"https:\/\/frcs-research.com\/pl\/wp-json\/wp\/v2\/types\/product"}],"replies":[{"embeddable":true,"href":"https:\/\/frcs-research.com\/pl\/wp-json\/wp\/v2\/comments?post=898"}],"wp:featuredmedia":[{"embeddable":true,"href":"https:\/\/frcs-research.com\/pl\/wp-json\/wp\/v2\/media\/899"}],"wp:attachment":[{"href":"https:\/\/frcs-research.com\/pl\/wp-json\/wp\/v2\/media?parent=898"}],"wp:term":[{"taxonomy":"product_brand","embeddable":true,"href":"https:\/\/frcs-research.com\/pl\/wp-json\/wp\/v2\/product_brand?post=898"},{"taxonomy":"product_cat","embeddable":true,"href":"https:\/\/frcs-research.com\/pl\/wp-json\/wp\/v2\/product_cat?post=898"},{"taxonomy":"product_tag","embeddable":true,"href":"https:\/\/frcs-research.com\/pl\/wp-json\/wp\/v2\/product_tag?post=898"}],"curies":[{"name":"wp","href":"https:\/\/api.w.org\/{rel}","templated":true}]}}